{"id":133,"date":"2017-05-10T13:41:12","date_gmt":"2017-05-10T13:41:12","guid":{"rendered":"http:\/\/www.ull.es\/departamentos\/ingenieria-informatica-sistemas\/?page_id=2"},"modified":"2019-02-13T14:22:57","modified_gmt":"2019-02-13T14:22:57","slug":"inicio","status":"publish","type":"page","link":"https:\/\/www.ull.es\/departamentos\/obsgin\/","title":{"rendered":"Inicio"},"content":{"rendered":"<p>[vc_row full_width=\u00bbstretch_row\u00bb content_placement=\u00bbmiddle\u00bb css=\u00bb.vc_custom_1507721603785{background-image: url(http:\/\/www.ull.es\/departamentos\/obsgin\/wp-content\/uploads\/sites\/40\/2017\/10\/imagen-departamento-33.jpg?id=208) !important;background-position: center !important;background-repeat: no-repeat !important;background-size: cover !important;}\u00bb][vc_column css=\u00bb.vc_custom_1494852981099{padding-top: 80px !important;padding-bottom: 120px !important;}\u00bb][vc_column_text el_class=\u00bbtitle-departamento\u00bb]\n<h1>Obstetricia y Ginecolog\u00eda, Pediatr\u00eda, Medicina Preventiva y Salud P\u00fablica, Toxicolog\u00eda, Medicina Legal y Forense y Parasitolog\u00eda<\/h1>\n\n[\/vc_column_text][\/vc_column][\/vc_row][vc_row content_placement=\u00bbmiddle\u00bb css=\u00bb.vc_custom_1507713806892{padding-bottom: 35px !important;}\u00bb][vc_column css=\u00bb.vc_custom_1493296994985{margin-top: -50px !important;background-color: #ffffff !important;}\u00bb][vc_column_text css=\u00bb.vc_custom_1507708190153{padding-right: 35px !important;padding-left: 35px !important;}\u00bb]\n<div class=\"shortcode-descripcion\">\n    <p>El Departamento de Obstetricia y ginecolog\u00eda, Pediatr\u00eda y Medicina Preventiva y Salud P\u00fablica, se fund\u00f3 en 1987 con la aplicaci\u00f3n de la Ley Org\u00e1nica de Reforma Universitaria.Posteriormente, en abril de 1996 se adscribi\u00f3 el \u00c1rea de Toxicolog\u00eda y Legislaci\u00f3n Sanitaria, en diciembre del mismo a\u00f1o se dividi\u00f3 en dos nuevas \u00c1reas, el \u00c1rea de Toxicolog\u00eda y el \u00c1rea de Medicina Legal y Forense. As\u00ed mismo, en diciembre de 2014 se adscribi\u00f3 el \u00c1rea de Parasitolog\u00eda que lidera y dirige El Instituto de Enfermedades Tropicales y Salud P\u00fablica, incorporando nuevos profesores e investigadores.<\/p><\/div>\n\n[\/vc_column_text][\/vc_column][\/vc_row][vc_row full_width=\u00bbstretch_row\u00bb css=\u00bb.vc_custom_1500894075041{padding-top: 50px !important;padding-bottom: 50px !important;background-color: #eeeeee !important;}\u00bb el_class=\u00bbvc-bloque-destacado bloque-destacado\u00bb][vc_column][vc_row_inner][vc_column_inner width=\u00bb1\/4&#8243;][vc_column_text]<a class=\"destacado\" style=\"background-color: #663366;\" href=\"https:\/\/www.ull.es\/departamentos\/obsgin\/informacion-ubicacion-y-contacto\/\" target=\"_blank\" rel=\"noopener\">Informaci\u00f3n, ubicaci\u00f3n y contacto<i class=\"fa fa-arrow-right\"><\/i><\/a>[\/vc_column_text][\/vc_column_inner][vc_column_inner width=\u00bb1\/4&#8243;][vc_column_text]<a class=\"destacado\" style=\"background-color: #006699;\" href=\"https:\/\/riull.ull.es\/xmlui\/handle\/915\/6058\" target=\"_blank\" rel=\"noopener\" target=\"_blank\" rel=\"noopener\">Normativa del departamento <i class=\"fa fa-book\"><\/i><\/a>[\/vc_column_text][\/vc_column_inner][vc_column_inner width=\u00bb1\/4&#8243;][vc_column_text]<a class=\"destacado\" style=\"background-color: #999999;\" href=\"https:\/\/www.ull.es\/departamentos\/obsgin\/personal\/\" target=\"_blank\" rel=\"noopener\">Personal asociado al departamento <i class=\"fa fa-users\"><\/i><\/a>[\/vc_column_text][\/vc_column_inner][vc_column_inner width=\u00bb1\/4&#8243;][vc_column_text]<a class=\"destacado\" style=\"background-color: #44919d;\" href=\"https:\/\/docs.google.com\/spreadsheets\/d\/e\/2PACX-1vReachRyMOWc_KzauiUhFwE5_ssGb_NuNZghD0F4Fr9UrkZYwehh0Qe4uQzNr4b8JtHyXi22EeXV-35\/pubhtml\" target=\"_blank\" rel=\"noopener\" target=\"_blank\" rel=\"noopener\">Consultar tutor\u00edas<i class=\"fa fa-calendar\"><\/i><\/a>[\/vc_column_text][\/vc_column_inner][\/vc_row_inner][\/vc_column][\/vc_row][vc_row full_width=\u00bbstretch_row\u00bb css=\u00bb.vc_custom_1493903710709{margin-bottom: 50px !important;background-color: #ffffff !important;}\u00bb][vc_column width=\u00bb1\/3&#8243;][vc_column_text]<style>\n    .news-group .bg-size {\n        background-position: center;\n        background-size: cover;\n        width: 100%;\n        height: 48px;\n    }\n    .news-group .list-group-item-text {\n        font-size: 13px;\n    }\n    .news-group .col-md-3 {\n        padding-right: 0;\n    }\n    .news-group .list-group-item-date {\n        font-size: 11px;\n        color: #A4A4A4;\n        margin-bottom: 2px;\n        text-transform: uppercase;\n    }\n\n    .mensaje.alert-warning{\n        font-size: 12px;\n        margin: 14px !important;\n        padding: 4px 8px;\n        color: #cca60b;\n    }\n<\/style>\n\n<div class=\"panel panel-default\">\n    <div class=\"panel-heading\">\n        <h3 class=\"panel-title\">Noticias<\/h3>\n    <\/div>\n\n    <div class=\"list-group news-group\">\n                    <a href=\"https:\/\/www.ull.es\/portal\/noticias\/2026\/endometriosis-enfermedad-silenciada\/\" class=\"list-group-item\">\n                <div class=\"row\">\n                    <div class=\"col-md-3\">\n                        <div class=\"bg-size\" style=\"background-image: url('https:\/\/www.ull.es\/portal\/noticias\/wp-content\/uploads\/sites\/13\/2026\/03\/Aythamy-Gonzalez-Endometriosis-300x200.jpg');\"><\/div>\n                    <\/div>\n                    <div class=\"col-md-9\">\n                        <p class=\"list-group-item-date\">\n                            17 Mar 2026 - 09:34 UTC                        <\/p>\n                        <p class=\"list-group-item-text\">Endometriosis, la enfermedad silenciada<\/p>\n                    <\/div>\n                <\/div>\n            <\/a>\n                    <a href=\"https:\/\/www.ull.es\/portal\/noticias\/2026\/estudio-advierte-bacterias-multirresistentes-antibioticos-aguas-residuales-reutilizadas-agricultura\/\" class=\"list-group-item\">\n                <div class=\"row\">\n                    <div class=\"col-md-3\">\n                        <div class=\"bg-size\" style=\"background-image: url('https:\/\/www.ull.es\/portal\/noticias\/wp-content\/uploads\/sites\/13\/2026\/03\/salidas-riego-plantas-tratamiento-aguas-residuales-canarias-300x213.jpg');\"><\/div>\n                    <\/div>\n                    <div class=\"col-md-9\">\n                        <p class=\"list-group-item-date\">\n                            16 Mar 2026 - 10:17 UTC                        <\/p>\n                        <p class=\"list-group-item-text\">Un estudio advierte sobre bacterias multirresistentes a antibi\u00f3ticos en aguas residuales reutilizadas en agricultura<\/p>\n                    <\/div>\n                <\/div>\n            <\/a>\n                    <a href=\"https:\/\/www.ull.es\/portal\/noticias\/2025\/ciencia-puntera-fondos-europeos\/\" class=\"list-group-item\">\n                <div class=\"row\">\n                    <div class=\"col-md-3\">\n                        <div class=\"bg-size\" style=\"background-image: url('https:\/\/www.ull.es\/portal\/noticias\/wp-content\/uploads\/sites\/13\/2025\/07\/Proyectos-financ-Europea-02-300x200.jpg');\"><\/div>\n                    <\/div>\n                    <div class=\"col-md-9\">\n                        <p class=\"list-group-item-date\">\n                            03 Jul 2025 - 08:51 UTC                        <\/p>\n                        <p class=\"list-group-item-text\">Ciencia puntera con fondos europeos<\/p>\n                    <\/div>\n                <\/div>\n            <\/a>\n                    <a href=\"https:\/\/www.ull.es\/portal\/noticias\/2024\/estudio-vinos-jovenes-actividad-antioxidante-crianza\/\" class=\"list-group-item\">\n                <div class=\"row\">\n                    <div class=\"col-md-3\">\n                        <div class=\"bg-size\" style=\"background-image: url('https:\/\/www.ull.es\/portal\/noticias\/wp-content\/uploads\/sites\/13\/2024\/10\/estudio-antioxidantes-vinos-300x200.jpg');\"><\/div>\n                    <\/div>\n                    <div class=\"col-md-9\">\n                        <p class=\"list-group-item-date\">\n                            08 Oct 2024 - 11:03 UTC                        <\/p>\n                        <p class=\"list-group-item-text\">Un estudio de la ULL se\u00f1ala que los vinos j\u00f3venes poseen mayor actividad antioxidante que los de crianza<\/p>\n                    <\/div>\n                <\/div>\n            <\/a>\n                    <a href=\"https:\/\/www.ull.es\/portal\/noticias\/2024\/la-doctora-de-la-ull-veronica-hernandez-premio-nacional-a-la-mejor-tesis-doctoral-en-farmacia-comunitaria-asistencial\/\" class=\"list-group-item\">\n                <div class=\"row\">\n                    <div class=\"col-md-3\">\n                        <div class=\"bg-size\" style=\"background-image: url('https:\/\/www.ull.es\/portal\/noticias\/wp-content\/uploads\/sites\/13\/2024\/05\/veronica-premio-farmacia-300x200.jpg');\"><\/div>\n                    <\/div>\n                    <div class=\"col-md-9\">\n                        <p class=\"list-group-item-date\">\n                            22 May 2024 - 07:58 UTC                        <\/p>\n                        <p class=\"list-group-item-text\">La doctora de la ULL Ver\u00f3nica Hern\u00e1ndez, premio nacional a la mejor tesis doctoral en Farmacia Comunitaria Asistencial<\/p>\n                    <\/div>\n                <\/div>\n            <\/a>\n            <\/div>\n    <div class=\"panel-footer\">\n        <a href=\"https:\/\/www.ull.es\/portal\/noticias\/?cat=3494\">M\u00c1S NOTICIAS <i class=\"fa fa-chevron-right\"><\/i><\/a>\n    <\/div>\n\n\n<\/div>[\/vc_column_text][\/vc_column][vc_column width=\u00bb1\/3&#8243;][vc_column_text]\n<style>\n    .events-group .bg-size {\n        background-position: center;\n        background-size: cover;\n        width: 100%;\n        height: 48px;\n    }\n    .events-group .list-group-item-text {\n        font-size: 13px;\n    }\n    .events-group .col-md-3 {\n        padding-right: 0;\n    }\n    .events-group .list-group-item-date {\n        font-size: 11px;\n        color: #A4A4A4;\n        margin-bottom: 2px;\n        text-transform: uppercase;\n    }\n\n    .mensaje.alert-warning{\n        font-size: 12px;\n        margin: 14px !important;\n        padding: 4px 8px;\n        color: #cca60b;\n    }\n\n<\/style>\n\n<div class=\"panel panel-default\">\n    <div class=\"panel-heading\">\n        <h3 class=\"panel-title\">Eventos<\/h3>\n    <\/div>\n\n    <div class=\"list-group events-group\">\n\n        <div class=\"mensaje alert alert-warning\">No hay eventos disponibles.<\/div>\n    <\/div>\n\n\n<\/div>\n[\/vc_column_text][\/vc_column][vc_column width=\u00bb1\/3&#8243;][vc_column_text]<style>\n    .news-group .bg-size {\n        background-position: center;\n        background-size: cover;\n        width: 100%;\n        height: 48px;\n    }\n    .news-group .list-group-item-text {\n        font-size: 13px;\n    }\n    .news-group .col-md-3 {\n        padding-right: 0;\n    }\n    .news-group .list-group-item-date {\n        font-size: 11px;\n        color: #A4A4A4;\n        margin-bottom: 2px;\n        text-transform: uppercase;\n    }\n\n    .mensaje.alert-warning{\n        font-size: 12px;\n        margin: 14px !important;\n        padding: 4px 8px;\n        color: #cca60b;\n    }\n\n<\/style>\n\n<div class=\"panel panel-default\">\n    <div class=\"panel-heading\">\n        <h3 class=\"panel-title\">Notificaciones<\/h3>\n    <\/div>\n\n    <div class=\"list-group news-group\">\n                            <a href=\"https:\/\/www.ull.es\/portal\/noticias\/2021\/convocatoria-de-contratacion-para-la-provision-de-plazas-de-personal-docente-e-investigador-contratado-temporal-en-regimen-de-derecho-laboral\/\" class=\"list-group-item\">\n                    <div class=\"row\">\n                        <div class=\"col-md-12\">\n                            <p class=\"list-group-item-date\">\n                                17 Mar 2021 - 09:00 UTC                            <\/p>\n                            <p class=\"list-group-item-text\">Convocatoria de contrataci\u00f3n para la provisi\u00f3n de plazas de personal docente e investigador contratado temporal en r\u00e9gimen de derecho laboral<\/p>\n                        <\/div>\n                    <\/div>\n                <\/a>\n                            <a href=\"https:\/\/www.ull.es\/portal\/noticias\/2020\/convocatoria-de-elecciones-a-representantes-en-el-claustro-de-la-universidad-de-la-laguna\/\" class=\"list-group-item\">\n                    <div class=\"row\">\n                        <div class=\"col-md-12\">\n                            <p class=\"list-group-item-date\">\n                                08 Oct 2020 - 13:28 UTC                            <\/p>\n                            <p class=\"list-group-item-text\">Convocatoria de elecciones a representantes en el Claustro de la Universidad de La Laguna<\/p>\n                        <\/div>\n                    <\/div>\n                <\/a>\n                            <a href=\"https:\/\/www.ull.es\/portal\/noticias\/2019\/cierre-de-la-universidad-de-la-laguna-en-verano\/\" class=\"list-group-item\">\n                    <div class=\"row\">\n                        <div class=\"col-md-12\">\n                            <p class=\"list-group-item-date\">\n                                02 Aug 2019 - 10:02 UTC                            <\/p>\n                            <p class=\"list-group-item-text\">Cierre de la Universidad de La Laguna en verano<\/p>\n                        <\/div>\n                    <\/div>\n                <\/a>\n                            <a href=\"https:\/\/www.ull.es\/portal\/noticias\/2019\/listado-definitivo-para-la-designacion-de-tutores-externos-de-practicas-para-el-departamento-de-obstetricia-y-ginecologia-pediatria-medicina-preventiva-y-salud-publica-toxicologia-medicina-legal-y\/\" class=\"list-group-item\">\n                    <div class=\"row\">\n                        <div class=\"col-md-12\">\n                            <p class=\"list-group-item-date\">\n                                22 Jul 2019 - 11:24 UTC                            <\/p>\n                            <p class=\"list-group-item-text\">Listado definitivo para la designaci\u00f3n de Tutores Externos de Pr\u00e1cticas para el Departamento de Obstetricia y Ginecolog\u00eda, Pediatr\u00eda, Medicina Preventiva y Salud P\u00fablica, Toxicolog\u00eda, Medicina Legal y Forense y Parasitolog\u00eda<\/p>\n                        <\/div>\n                    <\/div>\n                <\/a>\n                <\/div>\n    <div class=\"panel-footer\">\n        <a href=\"https:\/\/www.ull.es\/portal\/noticias\/?cat=3493\">M\u00c1S NOTIFICACIONES <i class=\"fa fa-chevron-right\"><\/i><\/a>\n    <\/div>\n\n\n<\/div>[\/vc_column_text][\/vc_column][\/vc_row]<\/p>\n","protected":false},"excerpt":{"rendered":"<p>[vc_row full_width=\u00bbstretch_row\u00bb content_placement=\u00bbmiddle\u00bb css=\u00bb.vc_custom_1507721603785{background-image: url(http:\/\/www.ull.es\/departamentos\/obsgin\/wp-content\/uploads\/sites\/40\/2017\/10\/imagen-departamento-33.jpg?id=208) !important;background-position: center !important;background-repeat: no-repeat !important;background-size: cover !important;}\u00bb][vc_column css=\u00bb.vc_custom_1494852981099{padding-top: 80px !important;padding-bottom: 120px !important;}\u00bb][vc_column_text el_class=\u00bbtitle-departamento\u00bb][\/vc_column_text][\/vc_column][\/vc_row][vc_row content_placement=\u00bbmiddle\u00bb css=\u00bb.vc_custom_1507713806892{padding-bottom: 35px !important;}\u00bb][vc_column css=\u00bb.vc_custom_1493296994985{margin-top: -50px !important;background-color: #ffffff !important;}\u00bb][vc_column_text css=\u00bb.vc_custom_1507708190153{padding-right: 35px !important;padding-left: 35px !important;}\u00bb][\/vc_column_text][\/vc_column][\/vc_row][vc_row full_width=\u00bbstretch_row\u00bb css=\u00bb.vc_custom_1500894075041{padding-top: 50px !important;padding-bottom: 50px !important;background-color: #eeeeee !important;}\u00bb el_class=\u00bbvc-bloque-destacado bloque-destacado\u00bb][vc_column][vc_row_inner][vc_column_inner width=\u00bb1\/4&#8243;][vc_column_text]Informaci\u00f3n, ubicaci\u00f3n y contacto[\/vc_column_text][\/vc_column_inner][vc_column_inner width=\u00bb1\/4&#8243;][vc_column_text]Normativa del departamento [\/vc_column_text][\/vc_column_inner][vc_column_inner width=\u00bb1\/4&#8243;][vc_column_text]Personal asociado al departamento [\/vc_column_text][\/vc_column_inner][vc_column_inner&#8230;<\/p>\n","protected":false},"author":1,"featured_media":0,"parent":0,"menu_order":0,"comment_status":"closed","ping_status":"open","template":"templates\/template-frontpage.php","meta":[],"_links":{"self":[{"href":"https:\/\/www.ull.es\/departamentos\/obsgin\/wp-json\/wp\/v2\/pages\/133"}],"collection":[{"href":"https:\/\/www.ull.es\/departamentos\/obsgin\/wp-json\/wp\/v2\/pages"}],"about":[{"href":"https:\/\/www.ull.es\/departamentos\/obsgin\/wp-json\/wp\/v2\/types\/page"}],"author":[{"embeddable":true,"href":"https:\/\/www.ull.es\/departamentos\/obsgin\/wp-json\/wp\/v2\/users\/1"}],"replies":[{"embeddable":true,"href":"https:\/\/www.ull.es\/departamentos\/obsgin\/wp-json\/wp\/v2\/comments?post=133"}],"version-history":[{"count":19,"href":"https:\/\/www.ull.es\/departamentos\/obsgin\/wp-json\/wp\/v2\/pages\/133\/revisions"}],"predecessor-version":[{"id":217,"href":"https:\/\/www.ull.es\/departamentos\/obsgin\/wp-json\/wp\/v2\/pages\/133\/revisions\/217"}],"wp:attachment":[{"href":"https:\/\/www.ull.es\/departamentos\/obsgin\/wp-json\/wp\/v2\/media?parent=133"}],"curies":[{"name":"wp","href":"https:\/\/api.w.org\/{rel}","templated":true}]}}