{"id":133,"date":"2017-05-10T13:41:12","date_gmt":"2017-05-10T13:41:12","guid":{"rendered":"http:\/\/www.ull.es\/departamentos\/ingenieria-informatica-sistemas\/?page_id=2"},"modified":"2019-04-29T07:29:20","modified_gmt":"2019-04-29T07:29:20","slug":"inicio","status":"publish","type":"page","link":"https:\/\/www.ull.es\/departamentos\/psicologia-clinica-psicobiologia-y-metodologia\/","title":{"rendered":"Inicio"},"content":{"rendered":"<p>[vc_row full_width=\u00bbstretch_row\u00bb content_placement=\u00bbmiddle\u00bb css=\u00bb.vc_custom_1556522958567{background: #d3d3d3 url(http:\/\/www.ull.es\/departamentos\/psicologia-clinica-psicobiologia-y-metodologia\/wp-content\/uploads\/sites\/23\/2019\/04\/psicobiologia.jpeg?id=203) !important;background-position: center !important;background-repeat: no-repeat !important;background-size: cover !important;}\u00bb][vc_column css=\u00bb.vc_custom_1494852981099{padding-top: 80px !important;padding-bottom: 120px !important;}\u00bb][vc_column_text el_class=\u00bbtitle-departamento\u00bb]\n<h1>Psicolog\u00eda Cl\u00ednica, Psicobiolog\u00eda y Metodolog\u00eda<\/h1>\n\n[\/vc_column_text][\/vc_column][\/vc_row][vc_row content_placement=\u00bbmiddle\u00bb css=\u00bb.vc_custom_1493298843177{padding-bottom: 35px !important;}\u00bb][vc_column css=\u00bb.vc_custom_1493296994985{margin-top: -50px !important;background-color: #ffffff !important;}\u00bb][vc_column_text css=\u00bb.vc_custom_1504776803565{padding-right: 35px !important;padding-left: 35px !important;}\u00bb]\n<div class=\"shortcode-descripcion\">\n    <p>El Departamento de Psicolog\u00eda Cl\u00ednica, Psicobiolog\u00eda y Metodolog\u00eda es el \u00f3rgano b\u00e1sico encargado de coordinar y desarrollar las ense\u00f1anzas adscritas al mismo. Adem\u00e1s promueve la investigaci\u00f3n e impulsa las actividades e iniciativas del profesorado articul\u00e1ndolas de conformidad con la programaci\u00f3n docente e investigadora de la Universidad de La Laguna, siendo sus objetivos esenciales el desarrollo de una investigaci\u00f3n de calidad que redunde en beneficio de la sociedad y una apuesta por la innovaci\u00f3n y la calidad docente. El Departamento de Psicolog\u00eda Cl\u00ednica, Psicobiolog\u00eda y metodolog\u00eda tiene como objetivo alcanzar los fines de la universidad mediante el ejercicio de los derechos y obligaciones de sus miembros en el marco establecido por la legislaci\u00f3n vigente y los Estatutos de la Universidad de La Laguna. Su m\u00e1ximo \u00f3rgano es el Consejo Departamental del que forman parte todos los miembros del Personal Docente e Investigador (PDI), personal de administraci\u00f3n y representantes del alumnado. Tiene su sede administrativa en las dependencias de la Facultad de Psciolog\u00eda y Logopedia de la Universidad de La Laguna, situada en el Campus de Guajara.<\/p><\/div>\n\n[\/vc_column_text][\/vc_column][\/vc_row][vc_row full_width=\u00bbstretch_row\u00bb css=\u00bb.vc_custom_1500894075041{padding-top: 50px !important;padding-bottom: 50px !important;background-color: #eeeeee !important;}\u00bb el_class=\u00bbvc-bloque-destacado bloque-destacado\u00bb][vc_column][vc_row_inner][vc_column_inner width=\u00bb1\/4&#8243;][vc_column_text]<a class=\"destacado\" style=\"background-color: #663366;\" href=\"https:\/\/www.ull.es\/departamentos\/psicologia-clinica-psicobiologia-y-metodologia\/informacion-ubicacion-y-contacto\/\" target=\"_blank\" rel=\"noopener\">Informaci\u00f3n, ubicaci\u00f3n y contacto<i class=\"fa fa-arrow-right\"><\/i><\/a>[\/vc_column_text][\/vc_column_inner][vc_column_inner width=\u00bb1\/4&#8243;][vc_column_text]<a class=\"destacado\" style=\"background-color: #006699;\" href=\"https:\/\/riull.ull.es\/xmlui\/handle\/915\/6060\" target=\"_blank\" rel=\"noopener noreferrer\" target=\"_blank\" rel=\"noopener\">Normativa del departamento <i class=\"fa fa-book\"><\/i><\/a>[\/vc_column_text][\/vc_column_inner][vc_column_inner width=\u00bb1\/4&#8243;][vc_column_text]<a class=\"destacado\" style=\"background-color: #999999;\" href=\"https:\/\/www.ull.es\/departamentos\/psicologia-clinica-psicobiologia-y-metodologia\/personal\/\" target=\"_blank\" rel=\"noopener\">Personal asociado al departamento <i class=\"fa fa-users\"><\/i><\/a>[\/vc_column_text][\/vc_column_inner][vc_column_inner width=\u00bb1\/4&#8243;][vc_column_text]<a class=\"destacado\" style=\"background-color: #44919d;\" href=\"https:\/\/docs.google.com\/spreadsheets\/d\/e\/2PACX-1vTzbBrEmlf6kaeTT0WMl-oWbJrhKrXmHmihdLs1MAXe1Yss3svbkmyCfX5XPHeFUK8N_OlTU6OWnNc3\/pubhtml\" target=\"_blank\" rel=\"noopener noreferrer\" target=\"_blank\" rel=\"noopener\">Consultar tutor\u00edas<i class=\"fa fa-calendar\"><\/i><\/a>[\/vc_column_text][\/vc_column_inner][\/vc_row_inner][\/vc_column][\/vc_row][vc_row full_width=\u00bbstretch_row\u00bb css=\u00bb.vc_custom_1493903710709{margin-bottom: 50px !important;background-color: #ffffff !important;}\u00bb][vc_column width=\u00bb1\/3&#8243;][vc_column_text]<style>\n    .news-group .bg-size {\n        background-position: center;\n        background-size: cover;\n        width: 100%;\n        height: 48px;\n    }\n    .news-group .list-group-item-text {\n        font-size: 13px;\n    }\n    .news-group .col-md-3 {\n        padding-right: 0;\n    }\n    .news-group .list-group-item-date {\n        font-size: 11px;\n        color: #A4A4A4;\n        margin-bottom: 2px;\n        text-transform: uppercase;\n    }\n\n    .mensaje.alert-warning{\n        font-size: 12px;\n        margin: 14px !important;\n        padding: 4px 8px;\n        color: #cca60b;\n    }\n<\/style>\n\n<div class=\"panel panel-default\">\n    <div class=\"panel-heading\">\n        <h3 class=\"panel-title\">Noticias<\/h3>\n    <\/div>\n\n    <div class=\"list-group news-group\">\n                    <a href=\"https:\/\/www.ull.es\/portal\/noticias\/2026\/la-ull-forma-a-su-profesorado-en-metodos-de-investigacion-mixta-con-un-experto-mundial-de-la-psicologia\/\" class=\"list-group-item\">\n                <div class=\"row\">\n                    <div class=\"col-md-3\">\n                        <div class=\"bg-size\" style=\"background-image: url('https:\/\/www.ull.es\/portal\/noticias\/wp-content\/uploads\/sites\/13\/2026\/01\/WhatsApp-Image-2026-01-16-at-12.31.41-300x169.jpeg');\"><\/div>\n                    <\/div>\n                    <div class=\"col-md-9\">\n                        <p class=\"list-group-item-date\">\n                            23 Jan 2026 - 09:21 UTC                        <\/p>\n                        <p class=\"list-group-item-text\">La ULL forma a su profesorado en m\u00e9todos de investigaci\u00f3n mixta con un experto mundial de la psicolog\u00eda<\/p>\n                    <\/div>\n                <\/div>\n            <\/a>\n                    <a href=\"https:\/\/www.ull.es\/portal\/noticias\/2025\/investigadores-ull-estudio-trastorno-personalidad-obsesivo-compulsiva\/\" class=\"list-group-item\">\n                <div class=\"row\">\n                    <div class=\"col-md-3\">\n                        <div class=\"bg-size\" style=\"background-image: url('https:\/\/www.ull.es\/portal\/noticias\/wp-content\/uploads\/sites\/13\/2025\/07\/alteraciones-materia-gris-blanca-TPOC-300x187.jpg');\"><\/div>\n                    <\/div>\n                    <div class=\"col-md-9\">\n                        <p class=\"list-group-item-date\">\n                            30 Jul 2025 - 09:30 UTC                        <\/p>\n                        <p class=\"list-group-item-text\">Investigadores de la ULL participan en un estudio sobre el Trastorno de la Personalidad Obsesivo-Compulsiva<\/p>\n                    <\/div>\n                <\/div>\n            <\/a>\n                    <a href=\"https:\/\/www.ull.es\/portal\/noticias\/2025\/la-ull-celebra-por-primera-vez-el-congreso-internacional-sobre-metodologia-de-las-ciencias-del-comportamiento\/\" class=\"list-group-item\">\n                <div class=\"row\">\n                    <div class=\"col-md-3\">\n                        <div class=\"bg-size\" style=\"background-image: url('https:\/\/www.ull.es\/portal\/noticias\/wp-content\/uploads\/sites\/13\/2025\/07\/Africa-Borges-02-300x200.jpg');\"><\/div>\n                    <\/div>\n                    <div class=\"col-md-9\">\n                        <p class=\"list-group-item-date\">\n                            21 Jul 2025 - 10:25 UTC                        <\/p>\n                        <p class=\"list-group-item-text\">La ULL celebra por primera vez el Congreso Internacional sobre Metodolog\u00eda de las Ciencias del Comportamiento<\/p>\n                    <\/div>\n                <\/div>\n            <\/a>\n                    <a href=\"https:\/\/www.ull.es\/portal\/noticias\/2025\/la-ull-lidera-una-investigacion-para-comprender-el-impacto-del-maltrato-infantil-en-el-neurodesarrollo\/\" class=\"list-group-item\">\n                <div class=\"row\">\n                    <div class=\"col-md-3\">\n                        <div class=\"bg-size\" style=\"background-image: url('https:\/\/www.ull.es\/portal\/noticias\/wp-content\/uploads\/sites\/13\/2024\/04\/Dia-Alzheimer-11-300x199.jpg');\"><\/div>\n                    <\/div>\n                    <div class=\"col-md-9\">\n                        <p class=\"list-group-item-date\">\n                            28 May 2025 - 10:26 UTC                        <\/p>\n                        <p class=\"list-group-item-text\">La ULL lidera una investigaci\u00f3n para comprender el impacto del maltrato infantil en el neurodesarrollo<\/p>\n                    <\/div>\n                <\/div>\n            <\/a>\n                    <a href=\"https:\/\/www.ull.es\/portal\/noticias\/2025\/la-universidad-de-la-laguna-indaga-en-las-claves-psicologicas-de-las-personas-con-alta-sensibilidad\/\" class=\"list-group-item\">\n                <div class=\"row\">\n                    <div class=\"col-md-3\">\n                        <div class=\"bg-size\" style=\"background-image: url('https:\/\/www.ull.es\/portal\/noticias\/wp-content\/uploads\/sites\/13\/2025\/01\/Premios-Alta-sensibilidad-03-300x200.jpg');\"><\/div>\n                    <\/div>\n                    <div class=\"col-md-9\">\n                        <p class=\"list-group-item-date\">\n                            31 Jan 2025 - 13:38 UTC                        <\/p>\n                        <p class=\"list-group-item-text\">La Universidad de La Laguna indaga en las claves psicol\u00f3gicas de las personas con alta sensibilidad<\/p>\n                    <\/div>\n                <\/div>\n            <\/a>\n            <\/div>\n    <div class=\"panel-footer\">\n        <a href=\"https:\/\/www.ull.es\/portal\/noticias\/?cat=3372\">M\u00c1S NOTICIAS <i class=\"fa fa-chevron-right\"><\/i><\/a>\n    <\/div>\n\n\n<\/div>[\/vc_column_text][\/vc_column][vc_column width=\u00bb1\/3&#8243;][vc_column_text]\n<style>\n    .events-group .bg-size {\n        background-position: center;\n        background-size: cover;\n        width: 100%;\n        height: 48px;\n    }\n    .events-group .list-group-item-text {\n        font-size: 13px;\n    }\n    .events-group .col-md-3 {\n        padding-right: 0;\n    }\n    .events-group .list-group-item-date {\n        font-size: 11px;\n        color: #A4A4A4;\n        margin-bottom: 2px;\n        text-transform: uppercase;\n    }\n\n    .mensaje.alert-warning{\n        font-size: 12px;\n        margin: 14px !important;\n        padding: 4px 8px;\n        color: #cca60b;\n    }\n\n<\/style>\n\n<div class=\"panel panel-default\">\n    <div class=\"panel-heading\">\n        <h3 class=\"panel-title\">Eventos<\/h3>\n    <\/div>\n\n    <div class=\"list-group events-group\">\n\n        <div class=\"mensaje alert alert-warning\">No hay eventos disponibles.<\/div>\n    <\/div>\n\n\n<\/div>\n[\/vc_column_text][\/vc_column][vc_column width=\u00bb1\/3&#8243;][vc_column_text]<style>\n    .news-group .bg-size {\n        background-position: center;\n        background-size: cover;\n        width: 100%;\n        height: 48px;\n    }\n    .news-group .list-group-item-text {\n        font-size: 13px;\n    }\n    .news-group .col-md-3 {\n        padding-right: 0;\n    }\n    .news-group .list-group-item-date {\n        font-size: 11px;\n        color: #A4A4A4;\n        margin-bottom: 2px;\n        text-transform: uppercase;\n    }\n\n    .mensaje.alert-warning{\n        font-size: 12px;\n        margin: 14px !important;\n        padding: 4px 8px;\n        color: #cca60b;\n    }\n\n<\/style>\n\n<div class=\"panel panel-default\">\n    <div class=\"panel-heading\">\n        <h3 class=\"panel-title\">Notificaciones<\/h3>\n    <\/div>\n\n    <div class=\"list-group news-group\">\n                            <a href=\"https:\/\/www.ull.es\/portal\/noticias\/2025\/elecciones-a-representantes-de-alumnos-en-el-consejo-de-departamento-de-psicologia-clinica-psicobiologia-y-metodologia-2\/\" class=\"list-group-item\">\n                    <div class=\"row\">\n                        <div class=\"col-md-12\">\n                            <p class=\"list-group-item-date\">\n                                13 Nov 2025 - 08:43 UTC                            <\/p>\n                            <p class=\"list-group-item-text\">Elecciones a representantes de alumnado en el consejo de departamento de Psicolog\u00eda Cl\u00ednica, Psicobiolog\u00eda y Metodolog\u00eda<\/p>\n                        <\/div>\n                    <\/div>\n                <\/a>\n                            <a href=\"https:\/\/www.ull.es\/portal\/noticias\/2024\/elecciones-a-representantes-de-alumnos-en-el-consejo-del-departamento-de-psicologia-clinica-psicobiologia-y-metodologia\/\" class=\"list-group-item\">\n                    <div class=\"row\">\n                        <div class=\"col-md-12\">\n                            <p class=\"list-group-item-date\">\n                                21 Oct 2024 - 08:29 UTC                            <\/p>\n                            <p class=\"list-group-item-text\">Elecciones a representantes de alumnos en el Consejo del Departamento de Psicolog\u00eda Cl\u00ednica, Psicobiolog\u00eda y Metodolog\u00eda<\/p>\n                        <\/div>\n                    <\/div>\n                <\/a>\n                            <a href=\"https:\/\/www.ull.es\/portal\/noticias\/2024\/ajedrez-mucho-mas-que-un-juego\/\" class=\"list-group-item\">\n                    <div class=\"row\">\n                        <div class=\"col-md-12\">\n                            <p class=\"list-group-item-date\">\n                                19 Jul 2024 - 11:49 UTC                            <\/p>\n                            <p class=\"list-group-item-text\">Ajedrez, mucho m\u00e1s que un juego<\/p>\n                        <\/div>\n                    <\/div>\n                <\/a>\n                            <a href=\"https:\/\/www.ull.es\/portal\/noticias\/2023\/elecciones-a-director-del-departamento-de-psicologia-clinica-psicobiologia-y-metodologia\/\" class=\"list-group-item\">\n                    <div class=\"row\">\n                        <div class=\"col-md-12\">\n                            <p class=\"list-group-item-date\">\n                                29 May 2023 - 07:40 UTC                            <\/p>\n                            <p class=\"list-group-item-text\">Elecciones a Director del Departamento de Psicolog\u00eda Cl\u00ednica, Psicobiolog\u00eda y Metodolog\u00eda<\/p>\n                        <\/div>\n                    <\/div>\n                <\/a>\n                            <a href=\"https:\/\/www.ull.es\/portal\/noticias\/2023\/convocatoria-de-elecciones-a-director-del-departamento-de-psicologia-clinica-psicobiologia-y-metodologia-de-la-universidad-de-la-laguna\/\" class=\"list-group-item\">\n                    <div class=\"row\">\n                        <div class=\"col-md-12\">\n                            <p class=\"list-group-item-date\">\n                                13 Apr 2023 - 07:27 UTC                            <\/p>\n                            <p class=\"list-group-item-text\">Convocatoria de elecciones a director del Departamento de Psicolog\u00eda Cl\u00ednica, Psicobiolog\u00eda y Metodolog\u00eda de la Universidad de La Laguna<\/p>\n                        <\/div>\n                    <\/div>\n                <\/a>\n                <\/div>\n    <div class=\"panel-footer\">\n        <a href=\"https:\/\/www.ull.es\/portal\/noticias\/?cat=3373\">M\u00c1S NOTIFICACIONES <i class=\"fa fa-chevron-right\"><\/i><\/a>\n    <\/div>\n\n\n<\/div>[\/vc_column_text][\/vc_column][\/vc_row]<\/p>\n","protected":false},"excerpt":{"rendered":"<p>[vc_row full_width=\u00bbstretch_row\u00bb content_placement=\u00bbmiddle\u00bb css=\u00bb.vc_custom_1556522958567{background: #d3d3d3 url(http:\/\/www.ull.es\/departamentos\/psicologia-clinica-psicobiologia-y-metodologia\/wp-content\/uploads\/sites\/23\/2019\/04\/psicobiologia.jpeg?id=203) !important;background-position: center !important;background-repeat: no-repeat !important;background-size: cover !important;}\u00bb][vc_column css=\u00bb.vc_custom_1494852981099{padding-top: 80px !important;padding-bottom: 120px !important;}\u00bb][vc_column_text el_class=\u00bbtitle-departamento\u00bb][\/vc_column_text][\/vc_column][\/vc_row][vc_row content_placement=\u00bbmiddle\u00bb css=\u00bb.vc_custom_1493298843177{padding-bottom: 35px !important;}\u00bb][vc_column css=\u00bb.vc_custom_1493296994985{margin-top: -50px !important;background-color: #ffffff !important;}\u00bb][vc_column_text css=\u00bb.vc_custom_1504776803565{padding-right: 35px !important;padding-left: 35px !important;}\u00bb][\/vc_column_text][\/vc_column][\/vc_row][vc_row full_width=\u00bbstretch_row\u00bb css=\u00bb.vc_custom_1500894075041{padding-top: 50px !important;padding-bottom: 50px !important;background-color: #eeeeee !important;}\u00bb el_class=\u00bbvc-bloque-destacado bloque-destacado\u00bb][vc_column][vc_row_inner][vc_column_inner width=\u00bb1\/4&#8243;][vc_column_text]Informaci\u00f3n, ubicaci\u00f3n y contacto[\/vc_column_text][\/vc_column_inner][vc_column_inner width=\u00bb1\/4&#8243;][vc_column_text]Normativa del departamento [\/vc_column_text][\/vc_column_inner][vc_column_inner width=\u00bb1\/4&#8243;][vc_column_text]Personal asociado al departamento&#8230;<\/p>\n","protected":false},"author":1,"featured_media":0,"parent":0,"menu_order":0,"comment_status":"closed","ping_status":"closed","template":"templates\/template-frontpage.php","meta":[],"_links":{"self":[{"href":"https:\/\/www.ull.es\/departamentos\/psicologia-clinica-psicobiologia-y-metodologia\/wp-json\/wp\/v2\/pages\/133"}],"collection":[{"href":"https:\/\/www.ull.es\/departamentos\/psicologia-clinica-psicobiologia-y-metodologia\/wp-json\/wp\/v2\/pages"}],"about":[{"href":"https:\/\/www.ull.es\/departamentos\/psicologia-clinica-psicobiologia-y-metodologia\/wp-json\/wp\/v2\/types\/page"}],"author":[{"embeddable":true,"href":"https:\/\/www.ull.es\/departamentos\/psicologia-clinica-psicobiologia-y-metodologia\/wp-json\/wp\/v2\/users\/1"}],"replies":[{"embeddable":true,"href":"https:\/\/www.ull.es\/departamentos\/psicologia-clinica-psicobiologia-y-metodologia\/wp-json\/wp\/v2\/comments?post=133"}],"version-history":[{"count":19,"href":"https:\/\/www.ull.es\/departamentos\/psicologia-clinica-psicobiologia-y-metodologia\/wp-json\/wp\/v2\/pages\/133\/revisions"}],"predecessor-version":[{"id":205,"href":"https:\/\/www.ull.es\/departamentos\/psicologia-clinica-psicobiologia-y-metodologia\/wp-json\/wp\/v2\/pages\/133\/revisions\/205"}],"wp:attachment":[{"href":"https:\/\/www.ull.es\/departamentos\/psicologia-clinica-psicobiologia-y-metodologia\/wp-json\/wp\/v2\/media?parent=133"}],"curies":[{"name":"wp","href":"https:\/\/api.w.org\/{rel}","templated":true}]}}