{"id":16,"date":"2017-05-11T12:57:04","date_gmt":"2017-05-11T12:57:04","guid":{"rendered":"http:\/\/www.ull.es\/departamentos\/ingenieria-informatica-sistemas\/?page_id=16"},"modified":"2017-09-20T07:38:19","modified_gmt":"2017-09-20T07:38:19","slug":"personal","status":"publish","type":"page","link":"https:\/\/www.ull.es\/departamentos\/psicologia-clinica-psicobiologia-y-metodologia\/personal\/","title":{"rendered":"Personal"},"content":{"rendered":"<p>[vc_row css=\u00bb.vc_custom_1497445297003{margin-bottom: 20px !important;}\u00bb][vc_column][vc_column_text]<\/p>\n<h1>Personal<\/h1>\n<p>[\/vc_column_text][\/vc_column][\/vc_row][vc_row][vc_column][vc_column_text]\n<link rel=\"stylesheet\" href=\"https:\/\/cdn.datatables.net\/1.10.15\/css\/dataTables.bootstrap.min.css\">\n<script src=\"https:\/\/cdn.datatables.net\/1.10.15\/js\/jquery.dataTables.min.js\"><\/script>\n<script src=\"https:\/\/cdn.datatables.net\/1.10.15\/js\/dataTables.bootstrap.min.js\"><\/script>\n<script src=\"https:\/\/cdn.datatables.net\/plug-ins\/1.10.21\/sorting\/chinese-string.js\"><\/script>\n\n<style>\n\n    #personal {\n        font-size: 13px;\n    }\n\n    .row.tabla{\n        margin-bottom: 20px !important;\n        margin-top: 20px !important;\n        font-size: 14px;\n    }\n\n    div.toolbar{\n        \/*text-align: center;*\/\n    }\n\n    .input-sm {\n        font-size: 16px;\n        \/* max-width: 200px;*\/\n    }\n\n    div.toolbar select{\n        margin: 0 10px;\n    }\n\n    table.dataTable thead .sorting:after {\n        opacity: 0.2;\n        content: \"\\f0ec\";\n        -webkit-transform: rotate(90deg);\n        -moz-transform: rotate(90deg);\n        -o-transform: rotate(90deg);\n        -ms-transform: rotate(90deg);\n        transform: rotate(90deg);\n    }\n\n    table.dataTable thead .sorting_asc:after {\n        content: \"\\f160\";\n    }\n    table.dataTable thead .sorting_desc:after {\n        content: \"\\f161 \";\n    }\n    table.dataTable thead .sorting:after, table.dataTable thead .sorting_asc:after, table.dataTable thead .sorting_desc:after, table.dataTable thead .sorting_asc_disabled:after, table.dataTable thead .sorting_desc_disabled:after {\n        font-family: 'FontAwesome';\n    }\n\n    .btn-directorio {\n        font-size: 13px;\n        text-align: center;\n        display: block;\n    }\n\n<\/style>\n\n<div class=\"table-responsive\">\n    <table id=\"personal\" class=\"table table-bordered table-condensed table-hover\" cellspacing=\"0\" width=\"100%\"  data-page-length=\"25\">\n        <thead>\n        <tr>\n            <th>Apellidos<\/th>\n            <th>Nombre<\/th>\n            <th>Email<\/th>\n            <th>\u00c1rea<\/th>\n            <th>Categor\u00eda<\/th>\n            <th>Rol<\/th>\n            <th>Info.<\/th>\n        <\/tr>\n        <\/thead>\n\n        <tbody>\n        <tr><td>Betancort Montesinos<\/td><td>Mois\u00e9s<\/td><td><a href=mailto:moibemo@ull.es>moibemo@ull.es<\/a><\/td><td>Metodolog\u00eda de las Ciencias del Comportamiento<\/td><td>Profesor Titular Universidad<\/td><td>PDI<\/td><td><a class='btn-directorio' href='https:\/\/www.ull.es\/directorio\/search\/?busqueda=Mois\u00e9s Betancort Montesinos' target='_blank'><i class='fa fa-search-plus'><\/i><\/a><\/td><\/tr><tr><td>Borges del Rosal<\/td><td>Mar\u00eda de \u00c1frica<\/td><td><a href=mailto:aborges@ull.es>aborges@ull.es<\/a><\/td><td>Metodolog\u00eda de las Ciencias del Comportamiento<\/td><td>Catedratico de Universidad<\/td><td>PDI<\/td><td><a class='btn-directorio' href='https:\/\/www.ull.es\/directorio\/search\/?busqueda=Mar\u00eda de \u00c1frica Borges del Rosal' target='_blank'><i class='fa fa-search-plus'><\/i><\/a><\/td><\/tr><tr><td>Duarte Lores<\/td><td>Isabel<\/td><td><a href=mailto:iduartel@ull.es>iduartel@ull.es<\/a><\/td><td>Metodolog\u00eda de las Ciencias del Comportamiento<\/td><td>Profesor Sustituto<\/td><td>PDI<\/td><td><a class='btn-directorio' href='https:\/\/www.ull.es\/directorio\/search\/?busqueda=Isabel Duarte Lores' target='_blank'><i class='fa fa-search-plus'><\/i><\/a><\/td><\/tr><tr><td>Garc\u00eda Bello<\/td><td>Miguel \u00c1ngel<\/td><td><a href=mailto:mgarcibe@ull.es>mgarcibe@ull.es<\/a><\/td><td>Metodolog\u00eda de las Ciencias del Comportamiento<\/td><td>Profesor Asociado<\/td><td>PDI<\/td><td><a class='btn-directorio' href='https:\/\/www.ull.es\/directorio\/search\/?busqueda=Miguel \u00c1ngel Garc\u00eda Bello' target='_blank'><i class='fa fa-search-plus'><\/i><\/a><\/td><\/tr><tr><td>Guti\u00e9rrez Rodr\u00edguez<\/td><td>Virginia<\/td><td><a href=mailto:vgutier@ull.es>vgutier@ull.es<\/a><\/td><td>Metodolog\u00eda de las Ciencias del Comportamiento<\/td><td>Profesor Contratado Doctor (1)<\/td><td>PDI<\/td><td><a class='btn-directorio' href='https:\/\/www.ull.es\/directorio\/search\/?busqueda=Virginia Guti\u00e9rrez Rodr\u00edguez' target='_blank'><i class='fa fa-search-plus'><\/i><\/a><\/td><\/tr><tr><td>Hess Medler<\/td><td>Stephany<\/td><td><a href=mailto:sthess@ull.es>sthess@ull.es<\/a><\/td><td>Metodolog\u00eda de las Ciencias del Comportamiento<\/td><td>Profesor Titular Universidad<\/td><td>PDI<\/td><td><a class='btn-directorio' href='https:\/\/www.ull.es\/directorio\/search\/?busqueda=Stephany Hess Medler' target='_blank'><i class='fa fa-search-plus'><\/i><\/a><\/td><\/tr><tr><td>Prieto Mara\u00f1\u00f3n<\/td><td>Pedro Luis<\/td><td><a href=mailto:pprieto@ull.es>pprieto@ull.es<\/a><\/td><td>Metodolog\u00eda de las Ciencias del Comportamiento<\/td><td>Profesor Titular Universidad<\/td><td>PDI<\/td><td><a class='btn-directorio' href='https:\/\/www.ull.es\/directorio\/search\/?busqueda=Pedro Luis Prieto Mara\u00f1\u00f3n' target='_blank'><i class='fa fa-search-plus'><\/i><\/a><\/td><\/tr><tr><td>Ram\u00edrez Santana<\/td><td>Gustavo Mario<\/td><td><a href=mailto:gramirez@ull.es>gramirez@ull.es<\/a><\/td><td>Metodolog\u00eda de las Ciencias del Comportamiento<\/td><td>Profesor Titular Universidad<\/td><td>PDI<\/td><td><a class='btn-directorio' href='https:\/\/www.ull.es\/directorio\/search\/?busqueda=Gustavo Mario Ram\u00edrez Santana' target='_blank'><i class='fa fa-search-plus'><\/i><\/a><\/td><\/tr><tr><td>Rodr\u00edguez Naveiras<\/td><td>Elena<\/td><td><a href=mailto:naveiras@ull.es>naveiras@ull.es<\/a><\/td><td>Metodolog\u00eda de las Ciencias del Comportamiento<\/td><td>Profesor Ayudante Doctor<\/td><td>PDI<\/td><td><a class='btn-directorio' href='https:\/\/www.ull.es\/directorio\/search\/?busqueda=Elena Rodr\u00edguez Naveiras' target='_blank'><i class='fa fa-search-plus'><\/i><\/a><\/td><\/tr><tr><td>Rodr\u00edguez Su\u00e1rez<\/td><td>Alejandra Nazareth<\/td><td><a href=mailto:arodrisu@ull.es>arodrisu@ull.es<\/a><\/td><td>Metodolog\u00eda de las Ciencias del Comportamiento<\/td><td>Investigador<\/td><td>INV<\/td><td><a class='btn-directorio' href='https:\/\/www.ull.es\/directorio\/search\/?busqueda=Alejandra Nazareth Rodr\u00edguez Su\u00e1rez' target='_blank'><i class='fa fa-search-plus'><\/i><\/a><\/td><\/tr><tr><td>S\u00e1nchez L\u00f3pez<\/td><td>Carmen Rosa<\/td><td><a href=mailto:crslopez@ull.es>crslopez@ull.es<\/a><\/td><td>Metodolog\u00eda de las Ciencias del Comportamiento<\/td><td>Profesor Titular Universidad<\/td><td>PDI<\/td><td><a class='btn-directorio' href='https:\/\/www.ull.es\/directorio\/search\/?busqueda=Carmen Rosa S\u00e1nchez L\u00f3pez' target='_blank'><i class='fa fa-search-plus'><\/i><\/a><\/td><\/tr><tr><td>Morales Sancho<\/td><td>Mar\u00eda del Carmen<\/td><td><a href=mailto:mmsancho@ull.es>mmsancho@ull.es<\/a><\/td><td>Personal De Administraci\u00f3n Y Servicios<\/td><td>Administrativo<\/td><td>PAS<\/td><td><a class='btn-directorio' href='https:\/\/www.ull.es\/directorio\/search\/?busqueda=Mar\u00eda del Carmen Morales Sancho' target='_blank'><i class='fa fa-search-plus'><\/i><\/a><\/td><\/tr><tr><td>Avero Delgado<\/td><td>Pedro Benito<\/td><td><a href=mailto:paverode@ull.es>paverode@ull.es<\/a><\/td><td>Personalidad, Evaluaci\u00f3n y Tratamientos Psicol\u00f3gicos<\/td><td>Profesor Titular Universidad<\/td><td>PDI<\/td><td><a class='btn-directorio' href='https:\/\/www.ull.es\/directorio\/search\/?busqueda=Pedro Benito Avero Delgado' target='_blank'><i class='fa fa-search-plus'><\/i><\/a><\/td><\/tr><tr><td>Bethencourt P\u00e9rez<\/td><td>Juan Manuel<\/td><td><a href=mailto:jmbethen@ull.es>jmbethen@ull.es<\/a><\/td><td>Personalidad, Evaluaci\u00f3n y Tratamientos Psicol\u00f3gicos<\/td><td>Profesor Titular Universidad<\/td><td>PDI<\/td><td><a class='btn-directorio' href='https:\/\/www.ull.es\/directorio\/search\/?busqueda=Juan Manuel Bethencourt P\u00e9rez' target='_blank'><i class='fa fa-search-plus'><\/i><\/a><\/td><\/tr><tr><td>Capafons Bonet<\/td><td>Juan Ignacio<\/td><td><a href=mailto:jcapafon@ull.es>jcapafon@ull.es<\/a><\/td><td>Personalidad, Evaluaci\u00f3n y Tratamientos Psicol\u00f3gicos<\/td><td>Catedratico de Universidad<\/td><td>PDI<\/td><td><a class='btn-directorio' href='https:\/\/www.ull.es\/directorio\/search\/?busqueda=Juan Ignacio Capafons Bonet' target='_blank'><i class='fa fa-search-plus'><\/i><\/a><\/td><\/tr><tr><td>Carballeira Abella<\/td><td>M\u00f3nica<\/td><td><a href=mailto:mabella@ull.es>mabella@ull.es<\/a><\/td><td>Personalidad, Evaluaci\u00f3n y Tratamientos Psicol\u00f3gicos<\/td><td>Profesor Titular Universidad<\/td><td>PDI<\/td><td><a class='btn-directorio' href='https:\/\/www.ull.es\/directorio\/search\/?busqueda=M\u00f3nica Carballeira Abella' target='_blank'><i class='fa fa-search-plus'><\/i><\/a><\/td><\/tr><tr><td>D\u00edaz Cruz<\/td><td>Francisco Manuel<\/td><td><a href=mailto:fmcruz@ull.es>fmcruz@ull.es<\/a><\/td><td>Personalidad, Evaluaci\u00f3n y Tratamientos Psicol\u00f3gicos<\/td><td>Profesor Titular Escuela Univ.<\/td><td>PDI<\/td><td><a class='btn-directorio' href='https:\/\/www.ull.es\/directorio\/search\/?busqueda=Francisco Manuel D\u00edaz Cruz' target='_blank'><i class='fa fa-search-plus'><\/i><\/a><\/td><\/tr><tr><td>Dorta Gonz\u00e1lez<\/td><td>Mar\u00eda Ruth<\/td><td><a href=mailto:ruthdort@ull.es>ruthdort@ull.es<\/a><\/td><td>Personalidad, Evaluaci\u00f3n y Tratamientos Psicol\u00f3gicos<\/td><td>Profesor Titular Universidad<\/td><td>PDI<\/td><td><a class='btn-directorio' href='https:\/\/www.ull.es\/directorio\/search\/?busqueda=Mar\u00eda Ruth Dorta Gonz\u00e1lez' target='_blank'><i class='fa fa-search-plus'><\/i><\/a><\/td><\/tr><tr><td>Fern\u00e1ndez Vald\u00e9s<\/td><td>Antonio Arqu\u00edmedes<\/td><td><a href=mailto:quimeva@ull.es>quimeva@ull.es<\/a><\/td><td>Personalidad, Evaluaci\u00f3n y Tratamientos Psicol\u00f3gicos<\/td><td>Profesor Titular Universidad<\/td><td>PDI<\/td><td><a class='btn-directorio' href='https:\/\/www.ull.es\/directorio\/search\/?busqueda=Antonio Arqu\u00edmedes Fern\u00e1ndez Vald\u00e9s' target='_blank'><i class='fa fa-search-plus'><\/i><\/a><\/td><\/tr><tr><td>Fumero Hern\u00e1ndez<\/td><td>Ascensi\u00f3n \u00c1ngeles<\/td><td><a href=mailto:afumero@ull.es>afumero@ull.es<\/a><\/td><td>Personalidad, Evaluaci\u00f3n y Tratamientos Psicol\u00f3gicos<\/td><td>Profesor Titular Universidad<\/td><td>PDI<\/td><td><a class='btn-directorio' href='https:\/\/www.ull.es\/directorio\/search\/?busqueda=Ascensi\u00f3n \u00c1ngeles Fumero Hern\u00e1ndez' target='_blank'><i class='fa fa-search-plus'><\/i><\/a><\/td><\/tr><tr><td>Gonz\u00e1lez Burgos<\/td><td>Lissett<\/td><td><a href=mailto:lgonzalb@ull.es>lgonzalb@ull.es<\/a><\/td><td>Personalidad, Evaluaci\u00f3n y Tratamientos Psicol\u00f3gicos<\/td><td>Profesor Sustituto<\/td><td>PDI<\/td><td><a class='btn-directorio' href='https:\/\/www.ull.es\/directorio\/search\/?busqueda=Lissett Gonz\u00e1lez Burgos' target='_blank'><i class='fa fa-search-plus'><\/i><\/a><\/td><\/tr><tr><td>Hern\u00e1ndez Zamora<\/td><td>Gloria Lastenia<\/td><td><a href=mailto:glhdez@ull.es>glhdez@ull.es<\/a><\/td><td>Personalidad, Evaluaci\u00f3n y Tratamientos Psicol\u00f3gicos<\/td><td>Profesor Titular Universidad<\/td><td>PDI<\/td><td><a class='btn-directorio' href='https:\/\/www.ull.es\/directorio\/search\/?busqueda=Gloria Lastenia Hern\u00e1ndez Zamora' target='_blank'><i class='fa fa-search-plus'><\/i><\/a><\/td><\/tr><tr><td>Ib\u00e1\u00f1ez Fern\u00e1ndez<\/td><td>Ignacio<\/td><td><a href=mailto:iibanez@ull.es>iibanez@ull.es<\/a><\/td><td>Personalidad, Evaluaci\u00f3n y Tratamientos Psicol\u00f3gicos<\/td><td>Profesor Titular Universidad<\/td><td>PDI<\/td><td><a class='btn-directorio' href='https:\/\/www.ull.es\/directorio\/search\/?busqueda=Ignacio Ib\u00e1\u00f1ez Fern\u00e1ndez' target='_blank'><i class='fa fa-search-plus'><\/i><\/a><\/td><\/tr><tr><td>Le\u00f3n M\u00e9ndez<\/td><td>Melany del Carmen<\/td><td><a href=mailto:mleonmen@ull.es>mleonmen@ull.es<\/a><\/td><td>Personalidad, Evaluaci\u00f3n y Tratamientos Psicol\u00f3gicos<\/td><td>Pers. Inv. en form. FPI\/FPU PREDOCTORAL<\/td><td>INV<\/td><td><a class='btn-directorio' href='https:\/\/www.ull.es\/directorio\/search\/?busqueda=Melany del Carmen Le\u00f3n M\u00e9ndez' target='_blank'><i class='fa fa-search-plus'><\/i><\/a><\/td><\/tr><tr><td>Marrero Quevedo<\/td><td>Rosario Josefa<\/td><td><a href=mailto:rmarrero@ull.es>rmarrero@ull.es<\/a><\/td><td>Personalidad, Evaluaci\u00f3n y Tratamientos Psicol\u00f3gicos<\/td><td>Profesor Titular Universidad<\/td><td>PDI<\/td><td><a class='btn-directorio' href='https:\/\/www.ull.es\/directorio\/search\/?busqueda=Rosario Josefa Marrero Quevedo' target='_blank'><i class='fa fa-search-plus'><\/i><\/a><\/td><\/tr><tr><td>Miguel Negredo<\/td><td>Adelia de<\/td><td><a href=mailto:admiguel@ull.es>admiguel@ull.es<\/a><\/td><td>Personalidad, Evaluaci\u00f3n y Tratamientos Psicol\u00f3gicos<\/td><td>Catedratico de Universidad<\/td><td>PDI<\/td><td><a class='btn-directorio' href='https:\/\/www.ull.es\/directorio\/search\/?busqueda=Adelia de Miguel Negredo' target='_blank'><i class='fa fa-search-plus'><\/i><\/a><\/td><\/tr><tr><td>Pe\u00f1ate Castro<\/td><td>Wenceslao<\/td><td><a href=mailto:wpenate@ull.es>wpenate@ull.es<\/a><\/td><td>Personalidad, Evaluaci\u00f3n y Tratamientos Psicol\u00f3gicos<\/td><td>Catedratico de Universidad<\/td><td>PDI<\/td><td><a class='btn-directorio' href='https:\/\/www.ull.es\/directorio\/search\/?busqueda=Wenceslao Pe\u00f1ate Castro' target='_blank'><i class='fa fa-search-plus'><\/i><\/a><\/td><\/tr><tr><td>Rodr\u00edguez Rodr\u00edguez<\/td><td>Celso Rub\u00e9n<\/td><td><a href=mailto:crodrrod@ull.es>crodrrod@ull.es<\/a><\/td><td>Personalidad, Evaluaci\u00f3n y Tratamientos Psicol\u00f3gicos<\/td><td>Profesor Sustituto<\/td><td>PDI<\/td><td><a class='btn-directorio' href='https:\/\/www.ull.es\/directorio\/search\/?busqueda=Celso Rub\u00e9n Rodr\u00edguez Rodr\u00edguez' target='_blank'><i class='fa fa-search-plus'><\/i><\/a><\/td><\/tr><tr><td>Viera Delgado<\/td><td>Beatriz<\/td><td><a href=mailto:bvierade@ull.es>bvierade@ull.es<\/a><\/td><td>Personalidad, Evaluaci\u00f3n y Tratamientos Psicol\u00f3gicos<\/td><td>Pers. Inv. en form. FPI\/FPU PREDOCTORAL<\/td><td>INV<\/td><td><a class='btn-directorio' href='https:\/\/www.ull.es\/directorio\/search\/?busqueda=Beatriz Viera Delgado' target='_blank'><i class='fa fa-search-plus'><\/i><\/a><\/td><\/tr><tr><td>Y\u00e1nez P\u00e9rez<\/td><td>Roraima<\/td><td><a href=mailto:ryanezpe@ull.es>ryanezpe@ull.es<\/a><\/td><td>Personalidad, Evaluaci\u00f3n y Tratamientos Psicol\u00f3gicos<\/td><td>Profesor Sustituto<\/td><td>PDI<\/td><td><a class='btn-directorio' href='https:\/\/www.ull.es\/directorio\/search\/?busqueda=Roraima Y\u00e1nez P\u00e9rez' target='_blank'><i class='fa fa-search-plus'><\/i><\/a><\/td><\/tr><tr><td>Berm\u00fadez Hern\u00e1ndez<\/td><td>Mois\u00e9s<\/td><td><a href=mailto:mbermudh@ull.es>mbermudh@ull.es<\/a><\/td><td>Psicobiolog\u00eda<\/td><td>Profesor Sustituto<\/td><td>PDI<\/td><td><a class='btn-directorio' href='https:\/\/www.ull.es\/directorio\/search\/?busqueda=Mois\u00e9s Berm\u00fadez Hern\u00e1ndez' target='_blank'><i class='fa fa-search-plus'><\/i><\/a><\/td><\/tr><tr><td>Castellano Gil<\/td><td>Miguel \u00c1ngel<\/td><td><a href=mailto:mcastel@ull.es>mcastel@ull.es<\/a><\/td><td>Psicobiolog\u00eda<\/td><td>Profesor Titular Universidad<\/td><td>PDI<\/td><td><a class='btn-directorio' href='https:\/\/www.ull.es\/directorio\/search\/?busqueda=Miguel \u00c1ngel Castellano Gil' target='_blank'><i class='fa fa-search-plus'><\/i><\/a><\/td><\/tr><tr><td>Correia Delgado<\/td><td>Rut Isabel<\/td><td><a href=mailto:rcorreia@ull.es>rcorreia@ull.es<\/a><\/td><td>Psicobiolog\u00eda<\/td><td>Profesor Ayudante Doctor<\/td><td>PDI<\/td><td><a class='btn-directorio' href='https:\/\/www.ull.es\/directorio\/search\/?busqueda=Rut Isabel Correia Delgado' target='_blank'><i class='fa fa-search-plus'><\/i><\/a><\/td><\/tr><tr><td>Damas Hern\u00e1ndez<\/td><td>Mar\u00eda del Carmen<\/td><td><a href=mailto:mdamas@ull.es>mdamas@ull.es<\/a><\/td><td>Psicobiolog\u00eda<\/td><td>Profesor Contratado Doctor (1)<\/td><td>PDI<\/td><td><a class='btn-directorio' href='https:\/\/www.ull.es\/directorio\/search\/?busqueda=Mar\u00eda del Carmen Damas Hern\u00e1ndez' target='_blank'><i class='fa fa-search-plus'><\/i><\/a><\/td><\/tr><tr><td>Galtier Hern\u00e1ndez<\/td><td>Iv\u00e1n<\/td><td><a href=mailto:igaltier@ull.es>igaltier@ull.es<\/a><\/td><td>Psicobiolog\u00eda<\/td><td>Profesor Titular Universidad<\/td><td>PDI<\/td><td><a class='btn-directorio' href='https:\/\/www.ull.es\/directorio\/search\/?busqueda=Iv\u00e1n Galtier Hern\u00e1ndez' target='_blank'><i class='fa fa-search-plus'><\/i><\/a><\/td><\/tr><tr><td>Hern\u00e1ndez Exp\u00f3sito<\/td><td>Sergio<\/td><td><a href=mailto:sexposit@ull.es>sexposit@ull.es<\/a><\/td><td>Psicobiolog\u00eda<\/td><td>Profesor Titular Universidad<\/td><td>PDI<\/td><td><a class='btn-directorio' href='https:\/\/www.ull.es\/directorio\/search\/?busqueda=Sergio Hern\u00e1ndez Exp\u00f3sito' target='_blank'><i class='fa fa-search-plus'><\/i><\/a><\/td><\/tr><tr><td>Herrera S\u00e1nchez<\/td><td>Vidal<\/td><td><a href=mailto:vherrera@ull.es>vherrera@ull.es<\/a><\/td><td>Psicobiolog\u00eda<\/td><td>Investigador<\/td><td>INV<\/td><td><a class='btn-directorio' href='https:\/\/www.ull.es\/directorio\/search\/?busqueda=Vidal Herrera S\u00e1nchez' target='_blank'><i class='fa fa-search-plus'><\/i><\/a><\/td><\/tr><tr><td>Nieto Barco<\/td><td>Mar\u00eda Antonia<\/td><td><a href=mailto:anieto@ull.es>anieto@ull.es<\/a><\/td><td>Psicobiolog\u00eda<\/td><td>Catedratico de Universidad<\/td><td>PDI<\/td><td><a class='btn-directorio' href='https:\/\/www.ull.es\/directorio\/search\/?busqueda=Mar\u00eda Antonia Nieto Barco' target='_blank'><i class='fa fa-search-plus'><\/i><\/a><\/td><\/tr><tr><td>Olivares P\u00e9rez<\/td><td>Teresa<\/td><td><a href=mailto:tolivarp@ull.es>tolivarp@ull.es<\/a><\/td><td>Psicobiolog\u00eda<\/td><td>Profesor Contratado Doctor (1)<\/td><td>PDI<\/td><td><a class='btn-directorio' href='https:\/\/www.ull.es\/directorio\/search\/?busqueda=Teresa Olivares P\u00e9rez' target='_blank'><i class='fa fa-search-plus'><\/i><\/a><\/td><\/tr><tr><td>P\u00e9rez Flores<\/td><td>Javier Jos\u00e9<\/td><td><a href=mailto:jperezfl@ull.es>jperezfl@ull.es<\/a><\/td><td>Psicobiolog\u00eda<\/td><td>Profesor Sustituto<\/td><td>PDI<\/td><td><a class='btn-directorio' href='https:\/\/www.ull.es\/directorio\/search\/?busqueda=Javier Jos\u00e9 P\u00e9rez Flores' target='_blank'><i class='fa fa-search-plus'><\/i><\/a><\/td><\/tr>        <\/tbody>\n    <\/table>\n<\/div>\n\n<script>\n\t\njQuery.extend( jQuery.fn.dataTableExt.oSort, {\n    \"chinese-string-asc\" : function (s1, s2) {\n        return s1.localeCompare(s2);\n    },\n \n    \"chinese-string-desc\" : function (s1, s2) {\n        return s2.localeCompare(s1);\n    }\n} );\n\t\n$(document).ready(function() {\n\n        $('#personal').DataTable( {\n            \"dom\": \"\" +\n            \"<'row'<'col-sm-9 toolbar'><'col-sm-3'f>>\" +\n            \"<'row tabla'<'col-sm-12'tr>>\" +\n            \"<'row'<'col-sm-5'i><'col-sm-7'p>>\"\n            ,\n            \"language\": {\n                \"url\": \"\/\/cdn.datatables.net\/plug-ins\/1.10.15\/i18n\/Spanish.json\"\n            },\n\n         columnDefs: [{ type: 'chinese-string', targets: 0 }],\n\n\n\t initComplete: function () {\n\n                this.api().columns([3]).every( function () {\n                    var column = this;\n                    var select = $('<select class=\"form-control input-sm\"><option value=\"\">Mostrar todas las \u00e1reas de conocimiento<\/option><\/select>')\n                        .appendTo( $('div.toolbar') )\n                        .on( 'change', function () {\n                            var val = $.fn.dataTable.util.escapeRegex(\n                                $(this).val()\n                            );\n\n                            column\n                                .search( val ? '^'+val+'$' : '', true, false )\n                                .draw();\n                        } );\n\n                    column.data().unique().sort().each( function ( d, j ) {\n                        select.append( '<option value=\"'+d+'\">'+d+'<\/option>' )\n                    } );\n\n                } );\n                this.api().columns([5]).every( function () {\n                    var column = this;\n                    var select = $('<select class=\"form-control input-sm\"><option value=\"\">Mostrar todos los roles<\/option><\/select>')\n                        .appendTo( $('div.toolbar') )\n                        .on( 'change', function () {\n                            var val = $.fn.dataTable.util.escapeRegex(\n                                $(this).val()\n                            );\n\n                            column\n                                .search( val ? '^'+val+'$' : '', true, false )\n                                .draw();\n                        } );\n\n                    column.data().unique().sort().each( function ( d, j ) {\n                        select.append( '<option value=\"'+d+'\">'+d+'<\/option>' )\n                    } );\n                } );\n            }\n        } );\n\n    } );\n<\/script>\n[\/vc_column_text][\/vc_column][\/vc_row]<\/p>\n","protected":false},"excerpt":{"rendered":"<p>[vc_row css=\u00bb.vc_custom_1497445297003{margin-bottom: 20px !important;}\u00bb][vc_column][vc_column_text] Personal [\/vc_column_text][\/vc_column][\/vc_row][vc_row][vc_column][vc_column_text][\/vc_column_text][\/vc_column][\/vc_row]<\/p>\n","protected":false},"author":1,"featured_media":0,"parent":0,"menu_order":0,"comment_status":"closed","ping_status":"closed","template":"","meta":[],"_links":{"self":[{"href":"https:\/\/www.ull.es\/departamentos\/psicologia-clinica-psicobiologia-y-metodologia\/wp-json\/wp\/v2\/pages\/16"}],"collection":[{"href":"https:\/\/www.ull.es\/departamentos\/psicologia-clinica-psicobiologia-y-metodologia\/wp-json\/wp\/v2\/pages"}],"about":[{"href":"https:\/\/www.ull.es\/departamentos\/psicologia-clinica-psicobiologia-y-metodologia\/wp-json\/wp\/v2\/types\/page"}],"author":[{"embeddable":true,"href":"https:\/\/www.ull.es\/departamentos\/psicologia-clinica-psicobiologia-y-metodologia\/wp-json\/wp\/v2\/users\/1"}],"replies":[{"embeddable":true,"href":"https:\/\/www.ull.es\/departamentos\/psicologia-clinica-psicobiologia-y-metodologia\/wp-json\/wp\/v2\/comments?post=16"}],"version-history":[{"count":5,"href":"https:\/\/www.ull.es\/departamentos\/psicologia-clinica-psicobiologia-y-metodologia\/wp-json\/wp\/v2\/pages\/16\/revisions"}],"predecessor-version":[{"id":192,"href":"https:\/\/www.ull.es\/departamentos\/psicologia-clinica-psicobiologia-y-metodologia\/wp-json\/wp\/v2\/pages\/16\/revisions\/192"}],"wp:attachment":[{"href":"https:\/\/www.ull.es\/departamentos\/psicologia-clinica-psicobiologia-y-metodologia\/wp-json\/wp\/v2\/media?parent=16"}],"curies":[{"name":"wp","href":"https:\/\/api.w.org\/{rel}","templated":true}]}}