{"id":83,"date":"2017-05-11T12:37:19","date_gmt":"2017-05-11T12:37:19","guid":{"rendered":"http:\/\/www.ull.es\/departamentos\/ingenieria-informatica-sistemas\/?page_id=9"},"modified":"2020-10-16T12:16:43","modified_gmt":"2020-10-16T12:16:43","slug":"informacion-ubicacion-y-contacto","status":"publish","type":"page","link":"https:\/\/www.ull.es\/departamentos\/psicologia-clinica-psicobiologia-y-metodologia\/informacion-ubicacion-y-contacto\/","title":{"rendered":"Informaci\u00f3n, ubicaci\u00f3n y contacto"},"content":{"rendered":"<p>[vc_row][vc_column width=\u00bb2\/3&#8243; el_class=\u00bbpadding-50-right\u00bb css=\u00bb.vc_custom_1494506721665{padding-right: 50px !important;}\u00bb][vc_column_text]<\/p>\n<h1>Presentaci\u00f3n<\/h1>\n<p>[\/vc_column_text][vc_column_text el_id=\u00bbpresentacion\u00bb]\n<div class=\"shortcode-descripcion\">\n    <p>El Departamento de Psicolog\u00eda Cl\u00ednica, Psicobiolog\u00eda y Metodolog\u00eda es el \u00f3rgano b\u00e1sico encargado de coordinar y desarrollar las ense\u00f1anzas adscritas al mismo. Adem\u00e1s promueve la investigaci\u00f3n e impulsa las actividades e iniciativas del profesorado articul\u00e1ndolas de conformidad con la programaci\u00f3n docente e investigadora de la Universidad de La Laguna, siendo sus objetivos esenciales el desarrollo de una investigaci\u00f3n de calidad que redunde en beneficio de la sociedad y una apuesta por la innovaci\u00f3n y la calidad docente. El Departamento de Psicolog\u00eda Cl\u00ednica, Psicobiolog\u00eda y metodolog\u00eda tiene como objetivo alcanzar los fines de la universidad mediante el ejercicio de los derechos y obligaciones de sus miembros en el marco establecido por la legislaci\u00f3n vigente y los Estatutos de la Universidad de La Laguna. Su m\u00e1ximo \u00f3rgano es el Consejo Departamental del que forman parte todos los miembros del Personal Docente e Investigador (PDI), personal de administraci\u00f3n y representantes del alumnado. Tiene su sede administrativa en las dependencias de la Facultad de Psciolog\u00eda y Logopedia de la Universidad de La Laguna, situada en el Campus de Guajara.<\/p><\/div>\n\n[\/vc_column_text][vc_empty_space height=\u00bb40px\u00bb][vc_column_text el_id=\u00bbareas-de-conocimiento\u00bb]\n<style>\n    .shortcode-areas h2 {\n        margin-bottom: 10px !important;\n    }\n<\/style>\n\n<div class=\"shortcode-areas\">\n    <h2>\u00c1reas de conocimiento<\/h2><ul><li>Psicobiolog\u00eda<\/li><li>Metodolog\u00eda de las Ciencias del Comportamiento<\/li><li>Personalidad, Evaluaci\u00f3n y Tratamiento Psicol\u00f3gico<\/li><\/ul><\/div>\n\n[\/vc_column_text][vc_empty_space height=\u00bb40px\u00bb][vc_column_text el_id=\u00bborganigrama\u00bb]<\/p>\n<h1>Organigrama<\/h1>\n<p>[\/vc_column_text][vc_column_text]\n<style>\n    .shortcode-equipo h2 {\n        margin-bottom: 10px !important;\n    }\n<\/style>\n\n<div class=\"shortcode-equipo\">\n    <h2>Equipo de direcci\u00f3n<\/h2><dl><dt><strong>Directora<\/strong><\/dt><dd> <a href='https:\/\/www.ull.es\/directorio\/search\/?busqueda=Stephany Hess Medler' target='_blank'>Stephany Hess Medler<\/a><\/dd><dt><strong>Subdirector<\/strong><\/dt><dd> <a href='https:\/\/www.ull.es\/directorio\/search\/?busqueda=Gustavo M. Ram\u00edrez Santana' target='_blank'>Gustavo M. Ram\u00edrez Santana<\/a><\/dd><dt><strong>Secretaria<\/strong><\/dt><dd> <a href='https:\/\/www.ull.es\/directorio\/search\/?busqueda=Arqu\u00edmedes Fern\u00e1ndez Vald\u00e9s' target='_blank'>Arqu\u00edmedes Fern\u00e1ndez Vald\u00e9s<\/a><\/dd><\/dl><h2>Personal de administraci\u00f3n<\/h2><dl><dt><strong>Administrativa<\/strong><\/dt><dd> <a href='https:\/\/www.ull.es\/directorio\/search\/?busqueda=Mar\u00eda Carmen Morales Sancho' target='_blank'>Mar\u00eda Carmen Morales Sancho<\/a><\/dd><\/dl>\n<\/div>\n[\/vc_column_text][\/vc_column][vc_column width=\u00bb1\/3&#8243;][vc_column_text]<a class=\"btn-destacado\" href=\"https:\/\/riull.ull.es\/xmlui\/handle\/915\/6060\" target=\"_blank\" rel=\"noopener noreferrer\" target=\"_blank\" rel=\"noopener\">Consultar normativa del departamento<i class=\"fa fa-arrow-right\"><\/i><\/a>[\/vc_column_text][vc_column_text]<a class=\"btn-destacado\" href=\"https:\/\/docs.google.com\/spreadsheets\/d\/e\/2PACX-1vT3iOTTOzTB4Yut_QgF1NXLigniGSTg3b99VbTKU_mGvQ0nMnvKS70hsI2zY2oD_F0dJMO47U9rzj91\/pubhtml\" target=\"_blank\" rel=\"noopener noreferrer\" target=\"_blank\" rel=\"noopener\">Consultar comisiones del departamento<i class=\"fa fa-arrow-right\"><\/i><\/a>[\/vc_column_text][vc_column_text]\n<ul class=\"widget-box\">\n<li class='contacto-header'>Informaci\u00f3n de contacto<\/li><li><i class=\"fa fa-map-marker\"><\/i> C\/ Prof. Jos\u00e9 Luis Moreno Becerra, s\/n. Facultad de Psicolog\u00eda y Logopedia. Apartado 456. C\u00f3digo postal 38200. San Crist\u00f3bal de La Laguna. S\/C de Tenerife<\/li><li><i class=\"fa fa-phone\"><\/i> (+34) 922 31 74 73<\/li><li><i class=\"fa fa-address-book-o\"><\/i> <a target=\"_blank\" href=\"https:\/\/www.ull.es\/directorio\/search\/?busqueda_uo=psicologia-clinica,-psicobiologia-y-metodologia\">Directorio<\/a><\/li><li><i class=\"fa fa-envelope\"><\/i>  <a href=mailto:pcpbyme@ull.es>pcpbyme@ull.es<\/a><\/li>\n<\/ul>\n\n[\/vc_column_text][vc_column_text el_id=\u00bbubicacion\u00bb]\n    \n<style>\n    .google-maps {\n        position: relative;\n        padding-bottom: 75%;\n        height: 0;\n        overflow: hidden;\n    }\n    .google-maps iframe {\n        position: absolute;\n        top: 0;\n        left: 0;\n        width: 100% !important;\n        height: 100% !important;\n    }\n<\/style>\n\n\n<div class=\"google-maps\">\n    <iframe src=\"https:\/\/www.openstreetmap.org\/export\/embed.html?bbox=-16.30578617411%2C28.46381704426%2C-16.29964236452%2C28.46962926654&amp;layer=mapnik&amp;marker=28.4680%2C-16.30296\" style=\"border: 1px solid black\"><\/iframe>\n<\/div>\n\n<div class=\"btn-widget\">\n    <a href=\"https:\/\/www.openstreetmap.org\/directions?engine=graphhopper_car&from=&to=28.4680%2C-16.30296#map=17\/28.4680\/-16.30296\">C\u00f3mo llegar<\/a>  \n<\/div>\n\n  <\/body>\n<\/html>\n\n[\/vc_column_text][\/vc_column][\/vc_row]<\/p>\n","protected":false},"excerpt":{"rendered":"<p>[vc_row][vc_column width=\u00bb2\/3&#8243; el_class=\u00bbpadding-50-right\u00bb css=\u00bb.vc_custom_1494506721665{padding-right: 50px !important;}\u00bb][vc_column_text] Presentaci\u00f3n [\/vc_column_text][vc_column_text el_id=\u00bbpresentacion\u00bb][\/vc_column_text][vc_empty_space height=\u00bb40px\u00bb][vc_column_text el_id=\u00bbareas-de-conocimiento\u00bb][\/vc_column_text][vc_empty_space height=\u00bb40px\u00bb][vc_column_text el_id=\u00bborganigrama\u00bb] Organigrama [\/vc_column_text][vc_column_text][\/vc_column_text][\/vc_column][vc_column width=\u00bb1\/3&#8243;][vc_column_text]Consultar normativa del departamento[\/vc_column_text][vc_column_text]Consultar comisiones del departamento[\/vc_column_text][vc_column_text][\/vc_column_text][vc_column_text el_id=\u00bbubicacion\u00bb][\/vc_column_text][\/vc_column][\/vc_row]<\/p>\n","protected":false},"author":1,"featured_media":0,"parent":0,"menu_order":0,"comment_status":"closed","ping_status":"closed","template":"","meta":[],"_links":{"self":[{"href":"https:\/\/www.ull.es\/departamentos\/psicologia-clinica-psicobiologia-y-metodologia\/wp-json\/wp\/v2\/pages\/83"}],"collection":[{"href":"https:\/\/www.ull.es\/departamentos\/psicologia-clinica-psicobiologia-y-metodologia\/wp-json\/wp\/v2\/pages"}],"about":[{"href":"https:\/\/www.ull.es\/departamentos\/psicologia-clinica-psicobiologia-y-metodologia\/wp-json\/wp\/v2\/types\/page"}],"author":[{"embeddable":true,"href":"https:\/\/www.ull.es\/departamentos\/psicologia-clinica-psicobiologia-y-metodologia\/wp-json\/wp\/v2\/users\/1"}],"replies":[{"embeddable":true,"href":"https:\/\/www.ull.es\/departamentos\/psicologia-clinica-psicobiologia-y-metodologia\/wp-json\/wp\/v2\/comments?post=83"}],"version-history":[{"count":11,"href":"https:\/\/www.ull.es\/departamentos\/psicologia-clinica-psicobiologia-y-metodologia\/wp-json\/wp\/v2\/pages\/83\/revisions"}],"predecessor-version":[{"id":207,"href":"https:\/\/www.ull.es\/departamentos\/psicologia-clinica-psicobiologia-y-metodologia\/wp-json\/wp\/v2\/pages\/83\/revisions\/207"}],"wp:attachment":[{"href":"https:\/\/www.ull.es\/departamentos\/psicologia-clinica-psicobiologia-y-metodologia\/wp-json\/wp\/v2\/media?parent=83"}],"curies":[{"name":"wp","href":"https:\/\/api.w.org\/{rel}","templated":true}]}}