{"id":133,"date":"2017-05-10T13:41:12","date_gmt":"2017-05-10T13:41:12","guid":{"rendered":"http:\/\/www.ull.es\/departamentos\/ingenieria-informatica-sistemas\/?page_id=2"},"modified":"2022-06-22T08:17:32","modified_gmt":"2022-06-22T08:17:32","slug":"inicio","status":"publish","type":"page","link":"https:\/\/www.ull.es\/departamentos\/psicologia-cognitiva-social-y-organizacional\/","title":{"rendered":"Inicio"},"content":{"rendered":"<p>[vc_row full_width=\u00bbstretch_row\u00bb content_placement=\u00bbmiddle\u00bb css=\u00bb.vc_custom_1509008001374{background: #cecece url(http:\/\/www.ull.es\/departamentos\/psicologia-cognitiva-social-y-organizacional\/wp-content\/uploads\/sites\/41\/2017\/10\/imagen-departamento-35.jpg?id=217) !important;background-position: center !important;background-repeat: no-repeat !important;background-size: cover !important;}\u00bb][vc_column css=\u00bb.vc_custom_1494852981099{padding-top: 80px !important;padding-bottom: 120px !important;}\u00bb][vc_column_text el_class=\u00bbtitle-departamento\u00bb]\n<h1>Psicolog\u00eda Cognitiva, Social y Organizacional<\/h1>\n\n[\/vc_column_text][\/vc_column][\/vc_row][vc_row content_placement=\u00bbmiddle\u00bb css=\u00bb.vc_custom_1507713806892{padding-bottom: 35px !important;}\u00bb][vc_column css=\u00bb.vc_custom_1493296994985{margin-top: -50px !important;background-color: #ffffff !important;}\u00bb][vc_column_text css=\u00bb.vc_custom_1507708190153{padding-right: 35px !important;padding-left: 35px !important;}\u00bb]\n<div class=\"shortcode-descripcion\">\n    <p>Este departamento se constituy\u00f3 el 10 de febrero de 1987. Los profesores se agrupan en dos \u00e1reas de conocimiento, el \u00e1rea de Psicolog\u00eda B\u00e1sica y el \u00e1rea de Psicolog\u00eda Social y Organizacional. La sede del departamento est\u00e1 en la Facultad de Psicolog\u00eda y Logopedia. Desde su fundaci\u00f3n, el departamento ha demostrado una destacada trayectoria en el \u00e1mbito de la investigaci\u00f3n. En el \u00e1rea de Psicolog\u00eda B\u00e1sica se desarrollan diferentes l\u00edneas de investigaci\u00f3n punteras en neurociencia, espec\u00edficamente sobre lenguaje, memoria, razonamiento, aspectos motivacionales, y ansiedad y rendimiento. Asimismo, desde esta \u00e1rea se ha impulsado la creaci\u00f3n, y se dirige actualmente, el Instituto Universitario de Neurociencia (IUNE). El \u00e1rea de Psicolog\u00eda Social tambi\u00e9n desarrolla l\u00edneas de investigaci\u00f3n prestigiosas sobre infrahumanizaci\u00f3n y prejuicio, psicolog\u00eda ambiental, psicolog\u00eda jur\u00eddica, violencia en el \u00e1mbito de la pareja, desempe\u00f1o laboral y carga mental de trabajo. Adem\u00e1s, este departamento tiene una trayectoria amplia y variada en la docencia que imparte, participando tanto en t\u00edtulos de grado como en m\u00e1ster, asociados a la Facultad de Psicolog\u00eda y Logopedia y a otros centros de la ULL.<\/p><\/div>\n\n[\/vc_column_text][\/vc_column][\/vc_row][vc_row full_width=\u00bbstretch_row\u00bb css=\u00bb.vc_custom_1500894075041{padding-top: 50px !important;padding-bottom: 50px !important;background-color: #eeeeee !important;}\u00bb el_class=\u00bbvc-bloque-destacado bloque-destacado\u00bb][vc_column][vc_row_inner][vc_column_inner width=\u00bb1\/3&#8243;][vc_column_text]<a class=\"destacado\" style=\"background-color: #663366;\" href=\"https:\/\/www.ull.es\/departamentos\/psicologia-cognitiva-social-y-organizacional\/informacion-ubicacion-y-contacto\/\" target=\"_blank\" rel=\"noopener\">Informaci\u00f3n, ubicaci\u00f3n y contacto<i class=\"fa fa-arrow-right\"><\/i><\/a>[\/vc_column_text][\/vc_column_inner][vc_column_inner width=\u00bb1\/3&#8243;][vc_column_text]<a class=\"destacado\" style=\"background-color: #006699;\" href=\"https:\/\/riull.ull.es\/xmlui\/handle\/915\/6062\" target=\"_blank\" rel=\"noopener\" target=\"_blank\" rel=\"noopener\">Normativa del departamento <i class=\"fa fa-book\"><\/i><\/a>[\/vc_column_text][\/vc_column_inner][vc_column_inner width=\u00bb1\/3&#8243;][vc_column_text]<a class=\"destacado\" style=\"background-color: #999999;\" href=\"https:\/\/www.ull.es\/departamentos\/psicologia-cognitiva-social-y-organizacional\/personal\/\" target=\"_blank\" rel=\"noopener\">Personal asociado al departamento <i class=\"fa fa-users\"><\/i><\/a>[\/vc_column_text][\/vc_column_inner][\/vc_row_inner][\/vc_column][\/vc_row][vc_row full_width=\u00bbstretch_row\u00bb css=\u00bb.vc_custom_1493903710709{margin-bottom: 50px !important;background-color: #ffffff !important;}\u00bb][vc_column width=\u00bb1\/3&#8243;][vc_column_text]<style>\n    .news-group .bg-size {\n        background-position: center;\n        background-size: cover;\n        width: 100%;\n        height: 48px;\n    }\n    .news-group .list-group-item-text {\n        font-size: 13px;\n    }\n    .news-group .col-md-3 {\n        padding-right: 0;\n    }\n    .news-group .list-group-item-date {\n        font-size: 11px;\n        color: #A4A4A4;\n        margin-bottom: 2px;\n        text-transform: uppercase;\n    }\n\n    .mensaje.alert-warning{\n        font-size: 12px;\n        margin: 14px !important;\n        padding: 4px 8px;\n        color: #cca60b;\n    }\n<\/style>\n\n<div class=\"panel panel-default\">\n    <div class=\"panel-heading\">\n        <h3 class=\"panel-title\">Noticias<\/h3>\n    <\/div>\n\n    <div class=\"list-group news-group\">\n                    <a href=\"https:\/\/www.ull.es\/portal\/noticias\/2025\/herramientas-analisis-galactico-aplicadas-neurociencia\/\" class=\"list-group-item\">\n                <div class=\"row\">\n                    <div class=\"col-md-3\">\n                        <div class=\"bg-size\" style=\"background-image: url('https:\/\/www.ull.es\/portal\/noticias\/wp-content\/uploads\/sites\/13\/2025\/10\/equipo-cosmic-brain-300x200.jpg');\"><\/div>\n                    <\/div>\n                    <div class=\"col-md-9\">\n                        <p class=\"list-group-item-date\">\n                            29 Oct 2025 - 11:41 UTC                        <\/p>\n                        <p class=\"list-group-item-text\">Herramientas de an\u00e1lisis gal\u00e1ctico aplicadas a neurociencia revelan novedades sobre el envejecimiento cerebral<\/p>\n                    <\/div>\n                <\/div>\n            <\/a>\n                    <a href=\"https:\/\/www.ull.es\/portal\/noticias\/2025\/el-velo-de-la-deshumanizacion-social\/\" class=\"list-group-item\">\n                <div class=\"row\">\n                    <div class=\"col-md-3\">\n                        <div class=\"bg-size\" style=\"background-image: url('https:\/\/www.ull.es\/portal\/noticias\/wp-content\/uploads\/sites\/13\/2025\/10\/Nayra-Delgado-04-300x200.jpg');\"><\/div>\n                    <\/div>\n                    <div class=\"col-md-9\">\n                        <p class=\"list-group-item-date\">\n                            13 Oct 2025 - 09:49 UTC                        <\/p>\n                        <p class=\"list-group-item-text\">El velo de la deshumanizaci\u00f3n social<\/p>\n                    <\/div>\n                <\/div>\n            <\/a>\n                    <a href=\"https:\/\/www.ull.es\/portal\/noticias\/2025\/ull-homenajea-hipolito-marrero\/\" class=\"list-group-item\">\n                <div class=\"row\">\n                    <div class=\"col-md-3\">\n                        <div class=\"bg-size\" style=\"background-image: url('https:\/\/www.ull.es\/portal\/noticias\/wp-content\/uploads\/sites\/13\/2025\/10\/Homenaje-Hipolito-Marrero-40-300x200.jpg');\"><\/div>\n                    <\/div>\n                    <div class=\"col-md-9\">\n                        <p class=\"list-group-item-date\">\n                            10 Oct 2025 - 14:38 UTC                        <\/p>\n                        <p class=\"list-group-item-text\">\u00a0La ULL homenajea la extensa dedicaci\u00f3n de Hip\u00f3lito Marrero a investigar la Motivaci\u00f3n y la Emoci\u00f3n<\/p>\n                    <\/div>\n                <\/div>\n            <\/a>\n                    <a href=\"https:\/\/www.ull.es\/portal\/noticias\/2025\/psicologo-ull-lidera-investigacion-internacional-deteccion-temprana-demencia\/\" class=\"list-group-item\">\n                <div class=\"row\">\n                    <div class=\"col-md-3\">\n                        <div class=\"bg-size\" style=\"background-image: url('https:\/\/www.ull.es\/portal\/noticias\/wp-content\/uploads\/sites\/13\/2025\/10\/Entrev-Niels-Janssen-18-300x200.jpg');\"><\/div>\n                    <\/div>\n                    <div class=\"col-md-9\">\n                        <p class=\"list-group-item-date\">\n                            06 Oct 2025 - 13:46 UTC                        <\/p>\n                        <p class=\"list-group-item-text\">Un psic\u00f3logo de la ULL lidera una investigaci\u00f3n internacional sobre la detecci\u00f3n temprana de la demencia<\/p>\n                    <\/div>\n                <\/div>\n            <\/a>\n                    <a href=\"https:\/\/www.ull.es\/portal\/noticias\/2025\/investigadores-de-la-ull-analizan-estrategias-de-aprendizaje-colaborativo-para-mejorar-el-rendimiento-del-alumnado\/\" class=\"list-group-item\">\n                <div class=\"row\">\n                    <div class=\"col-md-3\">\n                        <div class=\"bg-size\" style=\"background-image: url('https:\/\/www.ull.es\/portal\/noticias\/wp-content\/uploads\/sites\/13\/2025\/02\/cristian-rosales-helena-bonache-maryurena-lorezo-300x200.jpg');\"><\/div>\n                    <\/div>\n                    <div class=\"col-md-9\">\n                        <p class=\"list-group-item-date\">\n                            13 Feb 2025 - 13:47 UTC                        <\/p>\n                        <p class=\"list-group-item-text\">Investigadores de la ULL analizan estrategias de aprendizaje colaborativo para mejorar el rendimiento del alumnado<\/p>\n                    <\/div>\n                <\/div>\n            <\/a>\n            <\/div>\n    <div class=\"panel-footer\">\n        <a href=\"https:\/\/www.ull.es\/portal\/noticias\/?cat=3495\">M\u00c1S NOTICIAS <i class=\"fa fa-chevron-right\"><\/i><\/a>\n    <\/div>\n\n\n<\/div>[\/vc_column_text][\/vc_column][vc_column width=\u00bb1\/3&#8243;][vc_column_text]\n<style>\n    .events-group .bg-size {\n        background-position: center;\n        background-size: cover;\n        width: 100%;\n        height: 48px;\n    }\n    .events-group .list-group-item-text {\n        font-size: 13px;\n    }\n    .events-group .col-md-3 {\n        padding-right: 0;\n    }\n    .events-group .list-group-item-date {\n        font-size: 11px;\n        color: #A4A4A4;\n        margin-bottom: 2px;\n        text-transform: uppercase;\n    }\n\n    .mensaje.alert-warning{\n        font-size: 12px;\n        margin: 14px !important;\n        padding: 4px 8px;\n        color: #cca60b;\n    }\n\n<\/style>\n\n<div class=\"panel panel-default\">\n    <div class=\"panel-heading\">\n        <h3 class=\"panel-title\">Eventos<\/h3>\n    <\/div>\n\n    <div class=\"list-group events-group\">\n\n        <div class=\"mensaje alert alert-warning\">No hay eventos disponibles.<\/div>\n    <\/div>\n\n\n<\/div>\n[\/vc_column_text][\/vc_column][vc_column width=\u00bb1\/3&#8243;][vc_column_text]<style>\n    .news-group .bg-size {\n        background-position: center;\n        background-size: cover;\n        width: 100%;\n        height: 48px;\n    }\n    .news-group .list-group-item-text {\n        font-size: 13px;\n    }\n    .news-group .col-md-3 {\n        padding-right: 0;\n    }\n    .news-group .list-group-item-date {\n        font-size: 11px;\n        color: #A4A4A4;\n        margin-bottom: 2px;\n        text-transform: uppercase;\n    }\n\n    .mensaje.alert-warning{\n        font-size: 12px;\n        margin: 14px !important;\n        padding: 4px 8px;\n        color: #cca60b;\n    }\n\n<\/style>\n\n<div class=\"panel panel-default\">\n    <div class=\"panel-heading\">\n        <h3 class=\"panel-title\">Notificaciones<\/h3>\n    <\/div>\n\n    <div class=\"list-group news-group\">\n                            <a href=\"https:\/\/www.ull.es\/portal\/noticias\/2024\/renovacion-del-sector-del-alumnado-que-tiene-presencia-en-el-consejo-de-departamento-de-psicologia-cognitiva-social-y-organizacional\/\" class=\"list-group-item\">\n                    <div class=\"row\">\n                        <div class=\"col-md-12\">\n                            <p class=\"list-group-item-date\">\n                                10 Oct 2024 - 08:07 UTC                            <\/p>\n                            <p class=\"list-group-item-text\">Elecciones a la direcci\u00f3n del Departamento de Psicolog\u00eda Cognitiva, Social y Organizacional<\/p>\n                        <\/div>\n                    <\/div>\n                <\/a>\n                            <a href=\"https:\/\/www.ull.es\/portal\/noticias\/2023\/elecciones-de-representante-en-el-consejo-del-departamento-de-psicologia-cognitiva-social-y-organizacional-del-personal-investigador-en-formacion\/\" class=\"list-group-item\">\n                    <div class=\"row\">\n                        <div class=\"col-md-12\">\n                            <p class=\"list-group-item-date\">\n                                27 Nov 2023 - 07:44 UTC                            <\/p>\n                            <p class=\"list-group-item-text\">Elecciones a representante en el Consejo del Departamento  de Psicolog\u00eda Cognitiva, Social y Organizacional del personal investigador en formaci\u00f3n<\/p>\n                        <\/div>\n                    <\/div>\n                <\/a>\n                            <a href=\"https:\/\/www.ull.es\/portal\/noticias\/2021\/convocatoria-de-contratacion-para-la-provision-de-plazas-de-personal-docente-e-investigador-contratado-temporal-en-regimen-de-derecho-laboral\/\" class=\"list-group-item\">\n                    <div class=\"row\">\n                        <div class=\"col-md-12\">\n                            <p class=\"list-group-item-date\">\n                                17 Mar 2021 - 09:00 UTC                            <\/p>\n                            <p class=\"list-group-item-text\">Convocatoria de contrataci\u00f3n para la provisi\u00f3n de plazas de personal docente e investigador contratado temporal en r\u00e9gimen de derecho laboral<\/p>\n                        <\/div>\n                    <\/div>\n                <\/a>\n                            <a href=\"https:\/\/www.ull.es\/portal\/noticias\/2020\/convocatoria-de-elecciones-a-representantes-en-el-claustro-de-la-universidad-de-la-laguna\/\" class=\"list-group-item\">\n                    <div class=\"row\">\n                        <div class=\"col-md-12\">\n                            <p class=\"list-group-item-date\">\n                                08 Oct 2020 - 13:28 UTC                            <\/p>\n                            <p class=\"list-group-item-text\">Convocatoria de elecciones a representantes en el Claustro de la Universidad de La Laguna<\/p>\n                        <\/div>\n                    <\/div>\n                <\/a>\n                            <a href=\"https:\/\/www.ull.es\/portal\/noticias\/2019\/cierre-de-la-universidad-de-la-laguna-en-verano\/\" class=\"list-group-item\">\n                    <div class=\"row\">\n                        <div class=\"col-md-12\">\n                            <p class=\"list-group-item-date\">\n                                02 Aug 2019 - 10:02 UTC                            <\/p>\n                            <p class=\"list-group-item-text\">Cierre de la Universidad de La Laguna en verano<\/p>\n                        <\/div>\n                    <\/div>\n                <\/a>\n                <\/div>\n    <div class=\"panel-footer\">\n        <a href=\"https:\/\/www.ull.es\/portal\/noticias\/?cat=3496\">M\u00c1S NOTIFICACIONES <i class=\"fa fa-chevron-right\"><\/i><\/a>\n    <\/div>\n\n\n<\/div>[\/vc_column_text][\/vc_column][\/vc_row]<\/p>\n","protected":false},"excerpt":{"rendered":"<p>[vc_row full_width=\u00bbstretch_row\u00bb content_placement=\u00bbmiddle\u00bb css=\u00bb.vc_custom_1509008001374{background: #cecece url(http:\/\/www.ull.es\/departamentos\/psicologia-cognitiva-social-y-organizacional\/wp-content\/uploads\/sites\/41\/2017\/10\/imagen-departamento-35.jpg?id=217) !important;background-position: center !important;background-repeat: no-repeat !important;background-size: cover !important;}\u00bb][vc_column css=\u00bb.vc_custom_1494852981099{padding-top: 80px !important;padding-bottom: 120px !important;}\u00bb][vc_column_text el_class=\u00bbtitle-departamento\u00bb][\/vc_column_text][\/vc_column][\/vc_row][vc_row content_placement=\u00bbmiddle\u00bb css=\u00bb.vc_custom_1507713806892{padding-bottom: 35px !important;}\u00bb][vc_column css=\u00bb.vc_custom_1493296994985{margin-top: -50px !important;background-color: #ffffff !important;}\u00bb][vc_column_text css=\u00bb.vc_custom_1507708190153{padding-right: 35px !important;padding-left: 35px !important;}\u00bb][\/vc_column_text][\/vc_column][\/vc_row][vc_row full_width=\u00bbstretch_row\u00bb css=\u00bb.vc_custom_1500894075041{padding-top: 50px !important;padding-bottom: 50px !important;background-color: #eeeeee !important;}\u00bb el_class=\u00bbvc-bloque-destacado bloque-destacado\u00bb][vc_column][vc_row_inner][vc_column_inner width=\u00bb1\/3&#8243;][vc_column_text]Informaci\u00f3n, ubicaci\u00f3n y contacto[\/vc_column_text][\/vc_column_inner][vc_column_inner width=\u00bb1\/3&#8243;][vc_column_text]Normativa del departamento [\/vc_column_text][\/vc_column_inner][vc_column_inner width=\u00bb1\/3&#8243;][vc_column_text]Personal asociado al departamento&#8230;<\/p>\n","protected":false},"author":1,"featured_media":0,"parent":0,"menu_order":0,"comment_status":"closed","ping_status":"open","template":"templates\/template-frontpage.php","meta":[],"_links":{"self":[{"href":"https:\/\/www.ull.es\/departamentos\/psicologia-cognitiva-social-y-organizacional\/wp-json\/wp\/v2\/pages\/133"}],"collection":[{"href":"https:\/\/www.ull.es\/departamentos\/psicologia-cognitiva-social-y-organizacional\/wp-json\/wp\/v2\/pages"}],"about":[{"href":"https:\/\/www.ull.es\/departamentos\/psicologia-cognitiva-social-y-organizacional\/wp-json\/wp\/v2\/types\/page"}],"author":[{"embeddable":true,"href":"https:\/\/www.ull.es\/departamentos\/psicologia-cognitiva-social-y-organizacional\/wp-json\/wp\/v2\/users\/1"}],"replies":[{"embeddable":true,"href":"https:\/\/www.ull.es\/departamentos\/psicologia-cognitiva-social-y-organizacional\/wp-json\/wp\/v2\/comments?post=133"}],"version-history":[{"count":25,"href":"https:\/\/www.ull.es\/departamentos\/psicologia-cognitiva-social-y-organizacional\/wp-json\/wp\/v2\/pages\/133\/revisions"}],"predecessor-version":[{"id":241,"href":"https:\/\/www.ull.es\/departamentos\/psicologia-cognitiva-social-y-organizacional\/wp-json\/wp\/v2\/pages\/133\/revisions\/241"}],"wp:attachment":[{"href":"https:\/\/www.ull.es\/departamentos\/psicologia-cognitiva-social-y-organizacional\/wp-json\/wp\/v2\/media?parent=133"}],"curies":[{"name":"wp","href":"https:\/\/api.w.org\/{rel}","templated":true}]}}