{"id":16,"date":"2017-05-11T12:57:04","date_gmt":"2017-05-11T12:57:04","guid":{"rendered":"http:\/\/www.ull.es\/departamentos\/ingenieria-informatica-sistemas\/?page_id=16"},"modified":"2017-10-11T11:20:33","modified_gmt":"2017-10-11T11:20:33","slug":"personal","status":"publish","type":"page","link":"https:\/\/www.ull.es\/departamentos\/psicologia-cognitiva-social-y-organizacional\/personal\/","title":{"rendered":"Personal"},"content":{"rendered":"<p>[vc_row css=\u00bb.vc_custom_1497445297003{margin-bottom: 20px !important;}\u00bb][vc_column][vc_column_text]<\/p>\n<h1>Personal<\/h1>\n<p>[\/vc_column_text][\/vc_column][\/vc_row][vc_row][vc_column][vc_column_text]\n<link rel=\"stylesheet\" href=\"https:\/\/cdn.datatables.net\/1.10.15\/css\/dataTables.bootstrap.min.css\">\n<script src=\"https:\/\/cdn.datatables.net\/1.10.15\/js\/jquery.dataTables.min.js\"><\/script>\n<script src=\"https:\/\/cdn.datatables.net\/1.10.15\/js\/dataTables.bootstrap.min.js\"><\/script>\n<script src=\"https:\/\/cdn.datatables.net\/plug-ins\/1.10.21\/sorting\/chinese-string.js\"><\/script>\n\n<style>\n\n    #personal {\n        font-size: 13px;\n    }\n\n    .row.tabla{\n        margin-bottom: 20px !important;\n        margin-top: 20px !important;\n        font-size: 14px;\n    }\n\n    div.toolbar{\n        \/*text-align: center;*\/\n    }\n\n    .input-sm {\n        font-size: 16px;\n        \/* max-width: 200px;*\/\n    }\n\n    div.toolbar select{\n        margin: 0 10px;\n    }\n\n    table.dataTable thead .sorting:after {\n        opacity: 0.2;\n        content: \"\\f0ec\";\n        -webkit-transform: rotate(90deg);\n        -moz-transform: rotate(90deg);\n        -o-transform: rotate(90deg);\n        -ms-transform: rotate(90deg);\n        transform: rotate(90deg);\n    }\n\n    table.dataTable thead .sorting_asc:after {\n        content: \"\\f160\";\n    }\n    table.dataTable thead .sorting_desc:after {\n        content: \"\\f161 \";\n    }\n    table.dataTable thead .sorting:after, table.dataTable thead .sorting_asc:after, table.dataTable thead .sorting_desc:after, table.dataTable thead .sorting_asc_disabled:after, table.dataTable thead .sorting_desc_disabled:after {\n        font-family: 'FontAwesome';\n    }\n\n    .btn-directorio {\n        font-size: 13px;\n        text-align: center;\n        display: block;\n    }\n\n<\/style>\n\n<div class=\"table-responsive\">\n    <table id=\"personal\" class=\"table table-bordered table-condensed table-hover\" cellspacing=\"0\" width=\"100%\"  data-page-length=\"25\">\n        <thead>\n        <tr>\n            <th>Apellidos<\/th>\n            <th>Nombre<\/th>\n            <th>Email<\/th>\n            <th>\u00c1rea<\/th>\n            <th>Categor\u00eda<\/th>\n            <th>Rol<\/th>\n            <th>Info.<\/th>\n        <\/tr>\n        <\/thead>\n\n        <tbody>\n        <tr><td>Yanes Mart\u00edn<\/td><td>Isabel Candelaria<\/td><td><a href=mailto:iyanesma@ull.es>iyanesma@ull.es<\/a><\/td><td>Personal De Administraci\u00f3n Y Servicios<\/td><td>Administrativo<\/td><td>PAS<\/td><td><a class='btn-directorio' href='https:\/\/www.ull.es\/directorio\/search\/?busqueda=Isabel Candelaria Yanes Mart\u00edn' target='_blank'><i class='fa fa-search-plus'><\/i><\/a><\/td><\/tr><tr><td>Alonso Rodr\u00edguez<\/td><td>Mar\u00eda \u00c1ngeles<\/td><td><a href=mailto:maalonso@ull.es>maalonso@ull.es<\/a><\/td><td>Psicolog\u00eda B\u00e1sica<\/td><td>Catedratico de Universidad<\/td><td>PDI<\/td><td><a class='btn-directorio' href='https:\/\/www.ull.es\/directorio\/search\/?busqueda=Mar\u00eda \u00c1ngeles Alonso Rodr\u00edguez' target='_blank'><i class='fa fa-search-plus'><\/i><\/a><\/td><\/tr><tr><td>\u00c1lvarez Gonz\u00e1lez<\/td><td>Carlos Javier<\/td><td><a href=mailto:calvarez@ull.es>calvarez@ull.es<\/a><\/td><td>Psicolog\u00eda B\u00e1sica<\/td><td>Catedratico de Universidad<\/td><td>PDI<\/td><td><a class='btn-directorio' href='https:\/\/www.ull.es\/directorio\/search\/?busqueda=Carlos Javier \u00c1lvarez Gonz\u00e1lez' target='_blank'><i class='fa fa-search-plus'><\/i><\/a><\/td><\/tr><tr><td>Balade Gonz\u00e1lez<\/td><td>Jennifer<\/td><td><a href=mailto:jbaladeg@ull.es>jbaladeg@ull.es<\/a><\/td><td>Psicolog\u00eda B\u00e1sica<\/td><td>Profesor Sustituto<\/td><td>PDI<\/td><td><a class='btn-directorio' href='https:\/\/www.ull.es\/directorio\/search\/?busqueda=Jennifer Balade Gonz\u00e1lez' target='_blank'><i class='fa fa-search-plus'><\/i><\/a><\/td><\/tr><tr><td>Barber Friend<\/td><td>Horacio \u00c1ngel<\/td><td><a href=mailto:hbarber@ull.es>hbarber@ull.es<\/a><\/td><td>Psicolog\u00eda B\u00e1sica<\/td><td>Catedratico de Universidad<\/td><td>PDI<\/td><td><a class='btn-directorio' href='https:\/\/www.ull.es\/directorio\/search\/?busqueda=Horacio \u00c1ngel Barber Friend' target='_blank'><i class='fa fa-search-plus'><\/i><\/a><\/td><\/tr><tr><td>Ben\u00edtez Mart\u00ednez<\/td><td>Ver\u00f3nica<\/td><td><a href=mailto:vbenitez@ull.es>vbenitez@ull.es<\/a><\/td><td>Psicolog\u00eda B\u00e1sica<\/td><td>Profesor Sustituto<\/td><td>PDI<\/td><td><a class='btn-directorio' href='https:\/\/www.ull.es\/directorio\/search\/?busqueda=Ver\u00f3nica Ben\u00edtez Mart\u00ednez' target='_blank'><i class='fa fa-search-plus'><\/i><\/a><\/td><\/tr><tr><td>Carreiras Vali\u00f1a<\/td><td>Manuel Francisco<\/td><td><a href=mailto:mcarreir@ull.es>mcarreir@ull.es<\/a><\/td><td>Psicolog\u00eda B\u00e1sica<\/td><td>Catedratico de Universidad<\/td><td>PDI<\/td><td><a class='btn-directorio' href='https:\/\/www.ull.es\/directorio\/search\/?busqueda=Manuel Francisco Carreiras Vali\u00f1a' target='_blank'><i class='fa fa-search-plus'><\/i><\/a><\/td><\/tr><tr><td>Conrad <\/td><td>Markus<\/td><td><a href=mailto:maconrad@ull.es>maconrad@ull.es<\/a><\/td><td>Psicolog\u00eda B\u00e1sica<\/td><td>Profesor Contratado Doctor (1)<\/td><td>PDI<\/td><td><a class='btn-directorio' href='https:\/\/www.ull.es\/directorio\/search\/?busqueda=Markus Conrad ' target='_blank'><i class='fa fa-search-plus'><\/i><\/a><\/td><\/tr><tr><td>Daryanani Hassani<\/td><td>Shivani<\/td><td><a href=mailto:sdaryana@ull.es>sdaryana@ull.es<\/a><\/td><td>Psicolog\u00eda B\u00e1sica<\/td><td>Pers. Inv. en form. FPI\/FPU PREDOCTORAL<\/td><td>INV<\/td><td><a class='btn-directorio' href='https:\/\/www.ull.es\/directorio\/search\/?busqueda=Shivani Daryanani Hassani' target='_blank'><i class='fa fa-search-plus'><\/i><\/a><\/td><\/tr><tr><td>de Castro Urquiola<\/td><td>Itziar<\/td><td><a href=mailto:icastrou@ull.es>icastrou@ull.es<\/a><\/td><td>Psicolog\u00eda B\u00e1sica<\/td><td>Investigador<\/td><td>INV<\/td><td><a class='btn-directorio' href='https:\/\/www.ull.es\/directorio\/search\/?busqueda=Itziar de Castro Urquiola' target='_blank'><i class='fa fa-search-plus'><\/i><\/a><\/td><\/tr><tr><td>D\u00edaz G\u00f3mez<\/td><td>Jos\u00e9 Miguel<\/td><td><a href=mailto:jmdiaz@ull.es>jmdiaz@ull.es<\/a><\/td><td>Psicolog\u00eda B\u00e1sica<\/td><td>Profesor Titular Universidad<\/td><td>PDI<\/td><td><a class='btn-directorio' href='https:\/\/www.ull.es\/directorio\/search\/?busqueda=Jos\u00e9 Miguel D\u00edaz G\u00f3mez' target='_blank'><i class='fa fa-search-plus'><\/i><\/a><\/td><\/tr><tr><td>Dom\u00ednguez Mart\u00ednez<\/td><td>Alberto<\/td><td><a href=mailto:adomin@ull.es>adomin@ull.es<\/a><\/td><td>Psicolog\u00eda B\u00e1sica<\/td><td>Catedratico de Universidad<\/td><td>PDI<\/td><td><a class='btn-directorio' href='https:\/\/www.ull.es\/directorio\/search\/?busqueda=Alberto Dom\u00ednguez Mart\u00ednez' target='_blank'><i class='fa fa-search-plus'><\/i><\/a><\/td><\/tr><tr><td>Janssen <\/td><td>Niels<\/td><td><a href=mailto:njanssen@ull.es>njanssen@ull.es<\/a><\/td><td>Psicolog\u00eda B\u00e1sica<\/td><td>Profesor Contratado Doctor (1)<\/td><td>PDI<\/td><td><a class='btn-directorio' href='https:\/\/www.ull.es\/directorio\/search\/?busqueda=Niels Janssen ' target='_blank'><i class='fa fa-search-plus'><\/i><\/a><\/td><\/tr><tr><td>Navarrete Garc\u00eda<\/td><td>Gorka<\/td><td><a href=mailto:gnavarre@ull.es>gnavarre@ull.es<\/a><\/td><td>Psicolog\u00eda B\u00e1sica<\/td><td>Profesor Ayudante Doctor<\/td><td>PDI<\/td><td><a class='btn-directorio' href='https:\/\/www.ull.es\/directorio\/search\/?busqueda=Gorka Navarrete Garc\u00eda' target='_blank'><i class='fa fa-search-plus'><\/i><\/a><\/td><\/tr><tr><td>P\u00e9rez Fern\u00e1ndez<\/td><td>Alejandro<\/td><td><a href=mailto:aperezfe@ull.es>aperezfe@ull.es<\/a><\/td><td>Psicolog\u00eda B\u00e1sica<\/td><td>Profesor Distinguido<\/td><td>PDI<\/td><td><a class='btn-directorio' href='https:\/\/www.ull.es\/directorio\/search\/?busqueda=Alejandro P\u00e9rez Fern\u00e1ndez' target='_blank'><i class='fa fa-search-plus'><\/i><\/a><\/td><\/tr><tr><td>Ravelo Gonz\u00e1lez<\/td><td>Yennifer<\/td><td><a href=mailto:yravelog@ull.es>yravelog@ull.es<\/a><\/td><td>Psicolog\u00eda B\u00e1sica<\/td><td>Pers. Inv. en form. FPI\/FPU PREDOCTORAL<\/td><td>INV<\/td><td><a class='btn-directorio' href='https:\/\/www.ull.es\/directorio\/search\/?busqueda=Yennifer Ravelo Gonz\u00e1lez' target='_blank'><i class='fa fa-search-plus'><\/i><\/a><\/td><\/tr><tr><td>Rico Mart\u00edn<\/td><td>Emma<\/td><td><a href=mailto:ericomar@ull.es>ericomar@ull.es<\/a><\/td><td>Psicolog\u00eda B\u00e1sica<\/td><td>Pers. Inv. en form. FPI\/FPU PREDOCTORAL<\/td><td>INV<\/td><td><a class='btn-directorio' href='https:\/\/www.ull.es\/directorio\/search\/?busqueda=Emma Rico Mart\u00edn' target='_blank'><i class='fa fa-search-plus'><\/i><\/a><\/td><\/tr><tr><td>Sim\u00f3n Pulido<\/td><td>Melania<\/td><td><a href=mailto:mspulido@ull.es>mspulido@ull.es<\/a><\/td><td>Psicolog\u00eda B\u00e1sica<\/td><td>Profesor Sustituto<\/td><td>PDI<\/td><td><a class='btn-directorio' href='https:\/\/www.ull.es\/directorio\/search\/?busqueda=Melania Sim\u00f3n Pulido' target='_blank'><i class='fa fa-search-plus'><\/i><\/a><\/td><\/tr><tr><td>Vitale <\/td><td>Francesca<\/td><td><a href=mailto:frvitale@ull.es>frvitale@ull.es<\/a><\/td><td>Psicolog\u00eda B\u00e1sica<\/td><td>Investigador<\/td><td>INV<\/td><td><a class='btn-directorio' href='https:\/\/www.ull.es\/directorio\/search\/?busqueda=Francesca Vitale ' target='_blank'><i class='fa fa-search-plus'><\/i><\/a><\/td><\/tr><tr><td>Zerpa P\u00e9rez<\/td><td>Andr\u00e9s Eduardo<\/td><td><a href=mailto:azerpape@ull.es>azerpape@ull.es<\/a><\/td><td>Psicolog\u00eda B\u00e1sica<\/td><td>Profesor Sustituto<\/td><td>PDI<\/td><td><a class='btn-directorio' href='https:\/\/www.ull.es\/directorio\/search\/?busqueda=Andr\u00e9s Eduardo Zerpa P\u00e9rez' target='_blank'><i class='fa fa-search-plus'><\/i><\/a><\/td><\/tr><tr><td>\u00c1lamo Hern\u00e1ndez<\/td><td>Alba<\/td><td><a href=mailto:aalamohe@ull.es>aalamohe@ull.es<\/a><\/td><td>Psicolog\u00eda Social<\/td><td>Pers. Inv. en form. FPI\/FPU PREDOCTORAL<\/td><td>INV<\/td><td><a class='btn-directorio' href='https:\/\/www.ull.es\/directorio\/search\/?busqueda=Alba \u00c1lamo Hern\u00e1ndez' target='_blank'><i class='fa fa-search-plus'><\/i><\/a><\/td><\/tr><tr><td>Betancor Rodr\u00edguez<\/td><td>Mar\u00eda Ver\u00f3nica<\/td><td><a href=mailto:verbetan@ull.es>verbetan@ull.es<\/a><\/td><td>Psicolog\u00eda Social<\/td><td>Catedratico de Universidad<\/td><td>PDI<\/td><td><a class='btn-directorio' href='https:\/\/www.ull.es\/directorio\/search\/?busqueda=Mar\u00eda Ver\u00f3nica Betancor Rodr\u00edguez' target='_blank'><i class='fa fa-search-plus'><\/i><\/a><\/td><\/tr><tr><td>Bonache Recio<\/td><td>Helena<\/td><td><a href=mailto:hbonache@ull.es>hbonache@ull.es<\/a><\/td><td>Psicolog\u00eda Social<\/td><td>Profesor Permanente Laboral<\/td><td>PDI<\/td><td><a class='btn-directorio' href='https:\/\/www.ull.es\/directorio\/search\/?busqueda=Helena Bonache Recio' target='_blank'><i class='fa fa-search-plus'><\/i><\/a><\/td><\/tr><tr><td>Borges Castells<\/td><td>Nira<\/td><td><a href=mailto:nborgesc@ull.es>nborgesc@ull.es<\/a><\/td><td>Psicolog\u00eda Social<\/td><td>Pers. Inv. en form. FPI\/FPU PREDOCTORAL<\/td><td>INV<\/td><td><a class='btn-directorio' href='https:\/\/www.ull.es\/directorio\/search\/?busqueda=Nira Borges Castells' target='_blank'><i class='fa fa-search-plus'><\/i><\/a><\/td><\/tr><tr><td>Chas Villar<\/td><td>Mar\u00eda Alexandra<\/td><td><a href=mailto:mchasvil@ull.es>mchasvil@ull.es<\/a><\/td><td>Psicolog\u00eda Social<\/td><td>Profesor Ayudante Doctor<\/td><td>PDI<\/td><td><a class='btn-directorio' href='https:\/\/www.ull.es\/directorio\/search\/?busqueda=Mar\u00eda Alexandra Chas Villar' target='_blank'><i class='fa fa-search-plus'><\/i><\/a><\/td><\/tr><tr><td>Delgado Rodr\u00edguez<\/td><td>Naira<\/td><td><a href=mailto:ndelgado@ull.es>ndelgado@ull.es<\/a><\/td><td>Psicolog\u00eda Social<\/td><td>Catedratico de Universidad<\/td><td>PDI<\/td><td><a class='btn-directorio' href='https:\/\/www.ull.es\/directorio\/search\/?busqueda=Naira Delgado Rodr\u00edguez' target='_blank'><i class='fa fa-search-plus'><\/i><\/a><\/td><\/tr><tr><td>D\u00edaz Hern\u00e1ndez<\/td><td>Matilde Candelaria<\/td><td><a href=mailto:macadine@ull.es>macadine@ull.es<\/a><\/td><td>Psicolog\u00eda Social<\/td><td>Profesor Contratado Doctor (1)<\/td><td>PDI<\/td><td><a class='btn-directorio' href='https:\/\/www.ull.es\/directorio\/search\/?busqueda=Matilde Candelaria D\u00edaz Hern\u00e1ndez' target='_blank'><i class='fa fa-search-plus'><\/i><\/a><\/td><\/tr><tr><td>Gil Gim\u00e9nez<\/td><td>Domingo Jos\u00e9<\/td><td><a href=mailto:dgilgime@ull.es>dgilgime@ull.es<\/a><\/td><td>Psicolog\u00eda Social<\/td><td>Profesor Sustituto<\/td><td>PDI<\/td><td><a class='btn-directorio' href='https:\/\/www.ull.es\/directorio\/search\/?busqueda=Domingo Jos\u00e9 Gil Gim\u00e9nez' target='_blank'><i class='fa fa-search-plus'><\/i><\/a><\/td><\/tr><tr><td>Hern\u00e1ndez Fernaud<\/td><td>Estefan\u00eda<\/td><td><a href=mailto:efernaud@ull.es>efernaud@ull.es<\/a><\/td><td>Psicolog\u00eda Social<\/td><td>Profesor Titular Universidad<\/td><td>PDI<\/td><td><a class='btn-directorio' href='https:\/\/www.ull.es\/directorio\/search\/?busqueda=Estefan\u00eda Hern\u00e1ndez Fernaud' target='_blank'><i class='fa fa-search-plus'><\/i><\/a><\/td><\/tr><tr><td>Hern\u00e1ndez Ruiz<\/td><td>Bernardo<\/td><td><a href=mailto:bhdezr@ull.es>bhdezr@ull.es<\/a><\/td><td>Psicolog\u00eda Social<\/td><td>Catedratico de Universidad<\/td><td>PDI<\/td><td><a class='btn-directorio' href='https:\/\/www.ull.es\/directorio\/search\/?busqueda=Bernardo Hern\u00e1ndez Ruiz' target='_blank'><i class='fa fa-search-plus'><\/i><\/a><\/td><\/tr><tr><td>L\u00f3pez Pig\u00fci<\/td><td>Joana<\/td><td><a href=mailto:jlopezpi@ull.es>jlopezpi@ull.es<\/a><\/td><td>Psicolog\u00eda Social<\/td><td>Investigador<\/td><td>INV<\/td><td><a class='btn-directorio' href='https:\/\/www.ull.es\/directorio\/search\/?busqueda=Joana L\u00f3pez Pig\u00fci' target='_blank'><i class='fa fa-search-plus'><\/i><\/a><\/td><\/tr><tr><td>Lorenzo S\u00e1nchez<\/td><td>Elena<\/td><td><a href=mailto:elorenzs@ull.es>elorenzs@ull.es<\/a><\/td><td>Psicolog\u00eda Social<\/td><td>Pers. Inv. en form. FPI\/FPU PREDOCTORAL<\/td><td>INV<\/td><td><a class='btn-directorio' href='https:\/\/www.ull.es\/directorio\/search\/?busqueda=Elena Lorenzo S\u00e1nchez' target='_blank'><i class='fa fa-search-plus'><\/i><\/a><\/td><\/tr><tr><td>Marichal Garc\u00eda<\/td><td>F\u00e1tima Alicia<\/td><td><a href=mailto:famaga@ull.es>famaga@ull.es<\/a><\/td><td>Psicolog\u00eda Social<\/td><td>Profesor Contratado Doctor (1)<\/td><td>PDI<\/td><td><a class='btn-directorio' href='https:\/\/www.ull.es\/directorio\/search\/?busqueda=F\u00e1tima Alicia Marichal Garc\u00eda' target='_blank'><i class='fa fa-search-plus'><\/i><\/a><\/td><\/tr><tr><td>Mart\u00edn Rodr\u00edguez<\/td><td>Ana Mar\u00eda<\/td><td><a href=mailto:ammartin@ull.es>ammartin@ull.es<\/a><\/td><td>Psicolog\u00eda Social<\/td><td>Catedratico de Universidad<\/td><td>PDI<\/td><td><a class='btn-directorio' href='https:\/\/www.ull.es\/directorio\/search\/?busqueda=Ana Mar\u00eda Mart\u00edn Rodr\u00edguez' target='_blank'><i class='fa fa-search-plus'><\/i><\/a><\/td><\/tr><tr><td>Moreno Gata<\/td><td>Sof\u00eda<\/td><td><a href=mailto:smorenog@ull.es>smorenog@ull.es<\/a><\/td><td>Psicolog\u00eda Social<\/td><td>Profesor Sustituto<\/td><td>PDI<\/td><td><a class='btn-directorio' href='https:\/\/www.ull.es\/directorio\/search\/?busqueda=Sof\u00eda Moreno Gata' target='_blank'><i class='fa fa-search-plus'><\/i><\/a><\/td><\/tr><tr><td>Morera Bello<\/td><td>Mar\u00eda Dolores<\/td><td><a href=mailto:mdmorera@ull.es>mdmorera@ull.es<\/a><\/td><td>Psicolog\u00eda Social<\/td><td>Profesor Titular Universidad<\/td><td>PDI<\/td><td><a class='btn-directorio' href='https:\/\/www.ull.es\/directorio\/search\/?busqueda=Mar\u00eda Dolores Morera Bello' target='_blank'><i class='fa fa-search-plus'><\/i><\/a><\/td><\/tr><tr><td>Morera C\u00e1ceres<\/td><td>Yurena<\/td><td><a href=mailto:ymorera@ull.es>ymorera@ull.es<\/a><\/td><td>Psicolog\u00eda Social<\/td><td>Profesor Contratado Doctor (1)<\/td><td>PDI<\/td><td><a class='btn-directorio' href='https:\/\/www.ull.es\/directorio\/search\/?busqueda=Yurena Morera C\u00e1ceres' target='_blank'><i class='fa fa-search-plus'><\/i><\/a><\/td><\/tr><tr><td>Negr\u00edn Santos<\/td><td>F\u00e1tima Milagros<\/td><td><a href=mailto:fnegrins@ull.es>fnegrins@ull.es<\/a><\/td><td>Psicolog\u00eda Social<\/td><td>Profesor Sustituto<\/td><td>PDI<\/td><td><a class='btn-directorio' href='https:\/\/www.ull.es\/directorio\/search\/?busqueda=F\u00e1tima Milagros Negr\u00edn Santos' target='_blank'><i class='fa fa-search-plus'><\/i><\/a><\/td><\/tr><tr><td>Puy Rodr\u00edguez<\/td><td>Ana Concepci\u00f3n<\/td><td><a href=mailto:apuy@ull.es>apuy@ull.es<\/a><\/td><td>Psicolog\u00eda Social<\/td><td>Profesor Titular Universidad<\/td><td>PDI<\/td><td><a class='btn-directorio' href='https:\/\/www.ull.es\/directorio\/search\/?busqueda=Ana Concepci\u00f3n Puy Rodr\u00edguez' target='_blank'><i class='fa fa-search-plus'><\/i><\/a><\/td><\/tr><tr><td>Rodr\u00edguez P\u00e9rez<\/td><td>Armando<\/td><td><a href=mailto:arguez@ull.es>arguez@ull.es<\/a><\/td><td>Psicolog\u00eda Social<\/td><td>Profesor Em\u00e9rito<\/td><td>PDI<\/td><td><a class='btn-directorio' href='https:\/\/www.ull.es\/directorio\/search\/?busqueda=Armando Rodr\u00edguez P\u00e9rez' target='_blank'><i class='fa fa-search-plus'><\/i><\/a><\/td><\/tr><tr><td>Rodr\u00edguez Torres<\/td><td>Ram\u00f3n<\/td><td><a href=mailto:rtorres@ull.es>rtorres@ull.es<\/a><\/td><td>Psicolog\u00eda Social<\/td><td>Profesor Titular Universidad<\/td><td>PDI<\/td><td><a class='btn-directorio' href='https:\/\/www.ull.es\/directorio\/search\/?busqueda=Ram\u00f3n Rodr\u00edguez Torres' target='_blank'><i class='fa fa-search-plus'><\/i><\/a><\/td><\/tr><tr><td>Rolo Gonz\u00e1lez<\/td><td>Gladys Mar\u00eda<\/td><td><a href=mailto:grolog@ull.es>grolog@ull.es<\/a><\/td><td>Psicolog\u00eda Social<\/td><td>Profesor Titular Universidad<\/td><td>PDI<\/td><td><a class='btn-directorio' href='https:\/\/www.ull.es\/directorio\/search\/?busqueda=Gladys Mar\u00eda Rolo Gonz\u00e1lez' target='_blank'><i class='fa fa-search-plus'><\/i><\/a><\/td><\/tr><tr><td>Rosales S\u00e1nchez<\/td><td>Christian Robert<\/td><td><a href=mailto:crosales@ull.es>crosales@ull.es<\/a><\/td><td>Psicolog\u00eda Social<\/td><td>Profesor Permanente Laboral<\/td><td>PDI<\/td><td><a class='btn-directorio' href='https:\/\/www.ull.es\/directorio\/search\/?busqueda=Christian Robert Rosales S\u00e1nchez' target='_blank'><i class='fa fa-search-plus'><\/i><\/a><\/td><\/tr><tr><td>Ruiz Pacheco<\/td><td>Mar\u00eda Cristina<\/td><td><a href=mailto:cruizpa@ull.es>cruizpa@ull.es<\/a><\/td><td>Psicolog\u00eda Social<\/td><td>Profesor Titular Universidad<\/td><td>PDI<\/td><td><a class='btn-directorio' href='https:\/\/www.ull.es\/directorio\/search\/?busqueda=Mar\u00eda Cristina Ruiz Pacheco' target='_blank'><i class='fa fa-search-plus'><\/i><\/a><\/td><\/tr><tr><td>Su\u00e1rez Rodr\u00edguez<\/td><td>Ernesto Jes\u00fas<\/td><td><a href=mailto:esuarez@ull.es>esuarez@ull.es<\/a><\/td><td>Psicolog\u00eda Social<\/td><td>Profesor Titular Universidad<\/td><td>PDI<\/td><td><a class='btn-directorio' href='https:\/\/www.ull.es\/directorio\/search\/?busqueda=Ernesto Jes\u00fas Su\u00e1rez Rodr\u00edguez' target='_blank'><i class='fa fa-search-plus'><\/i><\/a><\/td><\/tr><tr><td>Vera Su\u00e1rez<\/td><td>Andrea<\/td><td><a href=mailto:averasua@ull.es>averasua@ull.es<\/a><\/td><td>Psicolog\u00eda Social<\/td><td>Pers. Inv. en form. FPI\/FPU PREDOCTORAL<\/td><td>INV<\/td><td><a class='btn-directorio' href='https:\/\/www.ull.es\/directorio\/search\/?busqueda=Andrea Vera Su\u00e1rez' target='_blank'><i class='fa fa-search-plus'><\/i><\/a><\/td><\/tr>        <\/tbody>\n    <\/table>\n<\/div>\n\n<script>\n\t\njQuery.extend( jQuery.fn.dataTableExt.oSort, {\n    \"chinese-string-asc\" : function (s1, s2) {\n        return s1.localeCompare(s2);\n    },\n \n    \"chinese-string-desc\" : function (s1, s2) {\n        return s2.localeCompare(s1);\n    }\n} );\n\t\n$(document).ready(function() {\n\n        $('#personal').DataTable( {\n            \"dom\": \"\" +\n            \"<'row'<'col-sm-9 toolbar'><'col-sm-3'f>>\" +\n            \"<'row tabla'<'col-sm-12'tr>>\" +\n            \"<'row'<'col-sm-5'i><'col-sm-7'p>>\"\n            ,\n            \"language\": {\n                \"url\": \"\/\/cdn.datatables.net\/plug-ins\/1.10.15\/i18n\/Spanish.json\"\n            },\n\n         columnDefs: [{ type: 'chinese-string', targets: 0 }],\n\n\n\t initComplete: function () {\n\n                this.api().columns([3]).every( function () {\n                    var column = this;\n                    var select = $('<select class=\"form-control input-sm\"><option value=\"\">Mostrar todas las \u00e1reas de conocimiento<\/option><\/select>')\n                        .appendTo( $('div.toolbar') )\n                        .on( 'change', function () {\n                            var val = $.fn.dataTable.util.escapeRegex(\n                                $(this).val()\n                            );\n\n                            column\n                                .search( val ? '^'+val+'$' : '', true, false )\n                                .draw();\n                        } );\n\n                    column.data().unique().sort().each( function ( d, j ) {\n                        select.append( '<option value=\"'+d+'\">'+d+'<\/option>' )\n                    } );\n\n                } );\n                this.api().columns([5]).every( function () {\n                    var column = this;\n                    var select = $('<select class=\"form-control input-sm\"><option value=\"\">Mostrar todos los roles<\/option><\/select>')\n                        .appendTo( $('div.toolbar') )\n                        .on( 'change', function () {\n                            var val = $.fn.dataTable.util.escapeRegex(\n                                $(this).val()\n                            );\n\n                            column\n                                .search( val ? '^'+val+'$' : '', true, false )\n                                .draw();\n                        } );\n\n                    column.data().unique().sort().each( function ( d, j ) {\n                        select.append( '<option value=\"'+d+'\">'+d+'<\/option>' )\n                    } );\n                } );\n            }\n        } );\n\n    } );\n<\/script>\n[\/vc_column_text][\/vc_column][\/vc_row]<\/p>\n","protected":false},"excerpt":{"rendered":"<p>[vc_row css=\u00bb.vc_custom_1497445297003{margin-bottom: 20px !important;}\u00bb][vc_column][vc_column_text] Personal [\/vc_column_text][\/vc_column][\/vc_row][vc_row][vc_column][vc_column_text][\/vc_column_text][\/vc_column][\/vc_row]<\/p>\n","protected":false},"author":1,"featured_media":0,"parent":0,"menu_order":0,"comment_status":"closed","ping_status":"closed","template":"","meta":[],"_links":{"self":[{"href":"https:\/\/www.ull.es\/departamentos\/psicologia-cognitiva-social-y-organizacional\/wp-json\/wp\/v2\/pages\/16"}],"collection":[{"href":"https:\/\/www.ull.es\/departamentos\/psicologia-cognitiva-social-y-organizacional\/wp-json\/wp\/v2\/pages"}],"about":[{"href":"https:\/\/www.ull.es\/departamentos\/psicologia-cognitiva-social-y-organizacional\/wp-json\/wp\/v2\/types\/page"}],"author":[{"embeddable":true,"href":"https:\/\/www.ull.es\/departamentos\/psicologia-cognitiva-social-y-organizacional\/wp-json\/wp\/v2\/users\/1"}],"replies":[{"embeddable":true,"href":"https:\/\/www.ull.es\/departamentos\/psicologia-cognitiva-social-y-organizacional\/wp-json\/wp\/v2\/comments?post=16"}],"version-history":[{"count":3,"href":"https:\/\/www.ull.es\/departamentos\/psicologia-cognitiva-social-y-organizacional\/wp-json\/wp\/v2\/pages\/16\/revisions"}],"predecessor-version":[{"id":209,"href":"https:\/\/www.ull.es\/departamentos\/psicologia-cognitiva-social-y-organizacional\/wp-json\/wp\/v2\/pages\/16\/revisions\/209"}],"wp:attachment":[{"href":"https:\/\/www.ull.es\/departamentos\/psicologia-cognitiva-social-y-organizacional\/wp-json\/wp\/v2\/media?parent=16"}],"curies":[{"name":"wp","href":"https:\/\/api.w.org\/{rel}","templated":true}]}}