{"id":245,"date":"2023-04-25T11:58:07","date_gmt":"2023-04-25T11:58:07","guid":{"rendered":"https:\/\/www.ull.es\/departamentos\/psicologia-cognitiva-social-y-organizacional\/?page_id=245"},"modified":"2023-11-27T11:10:45","modified_gmt":"2023-11-27T11:10:45","slug":"tablon-de-anuncios","status":"publish","type":"page","link":"https:\/\/www.ull.es\/departamentos\/psicologia-cognitiva-social-y-organizacional\/tablon-de-anuncios\/","title":{"rendered":"Tabl\u00f3n de anuncios"},"content":{"rendered":"<p>[vc_row][vc_column][vc_column_text]<\/p>\n<h1>Tabl\u00f3n de anuncios<\/h1>\n<p>[\/vc_column_text][\/vc_column][\/vc_row][vc_row][vc_column][vc_empty_space][\/vc_column][\/vc_row][vc_row][vc_column][vc_column_text]<\/p>\n<ul>\n<li><a href=\"http:\/\/www.gobiernodecanarias.org\/boc\/2023\/054\/001.html\" target=\"_blank\" rel=\"noopener\" data-saferedirecturl=\"https:\/\/www.google.com\/url?q=http:\/\/www.gobiernodecanarias.org\/boc\/2023\/054\/001.html&amp;source=gmail&amp;ust=1682514521221000&amp;usg=AOvVaw1gmwx220ThT-6rCJWga3XA\" target=\"_blank\" rel=\"noopener\">Reglamento de Contrataci\u00f3n de Personal Docente e Investigador de la Universidad de La Laguna<\/a><\/li>\n<li><a href=\"https:\/\/drive.google.com\/file\/d\/14MgJyYnuxf-BQtTC0HoDnOgzEZnr4C8I\/view?usp=share_link\" target=\"_blank\" rel=\"noopener\" target=\"_blank\" rel=\"noopener\">Baremo espec\u00edfico del Departamento de Psicolog\u00eda Cognitiva, Social y Organizacional<\/a><\/li>\n<li><a href=\"https:\/\/drive.google.com\/file\/d\/1nLsTC1R9jdJrgK6425SkGtZgmg90wDmT\/view?usp=share_link\" target=\"_blank\" rel=\"noopener\" target=\"_blank\" rel=\"noopener\">Acuerdo de aprobaci\u00f3n del baremo por el Consejo de Departamento<\/a>\n<div><\/div>\n<\/li>\n<\/ul>\n<p>[\/vc_column_text][vc_empty_space][\/vc_column][\/vc_row][vc_row][vc_column][vc_column_text]<\/p>\n<h3>Elecciones a representante en el Consejo del Departamento del personal investigador en formaci\u00f3n<\/h3>\n<p>[\/vc_column_text][vc_column_text]Elecciones a representante en el Consejo del Departamento de Psicolog\u00eda Cognitiva, Social y Organizacional del personal investigador en formaci\u00f3n:<\/p>\n<ul>\n<li><a href=\"https:\/\/drive.google.com\/file\/d\/1XtAeS7pRwhefcjzB0gEKN9wVU-b0sobE\/view?usp=sharing\" target=\"_blank\" rel=\"noopener\" target=\"_blank\" rel=\"noopener\">Calendario Electoral<\/a><\/li>\n<li><a href=\"https:\/\/drive.google.com\/file\/d\/1TLH6NamwhjydR4gnEJAM7Re8LEkAHwx-\/view?usp=sharing\" target=\"_blank\" rel=\"noopener\" target=\"_blank\" rel=\"noopener\">Censo electoral provisional<\/a><\/li>\n<li><a href=\"https:\/\/drive.google.com\/file\/d\/15A_2NZa5WZQLiycarCr84_96PcU_ZBzS\/view?usp=sharing\" target=\"_blank\" rel=\"noopener\" target=\"_blank\" rel=\"noopener\">Censo definitivo del personal investigador en formaci\u00f3n 2023 2024<\/a><\/li>\n<li><a href=\"https:\/\/drive.google.com\/file\/d\/1ncK8FWMi_zdiFClFYzILU42JXso4btNn\/view?usp=sharing\" target=\"_blank\" rel=\"noopener\" target=\"_blank\" rel=\"noopener\">Nota aclaratoria para la presentaci\u00f3n de candidaturas en la sede electr\u00f3nica<\/a><\/li>\n<li><a href=\"https:\/\/drive.google.com\/file\/d\/1mKIO8hgFGszjS9QorYVyO4q0vCIK6EzC\/view?usp=sharing\" target=\"_blank\" rel=\"noopener\" target=\"_blank\" rel=\"noopener\">Relaci\u00f3n provisional de candidaturas presentadas para la elecci\u00f3n de representante del personal investigador en formaci\u00f3n curso 2023 2024.<\/a><\/li>\n<li><a href=\"https:\/\/drive.google.com\/file\/d\/1qAz8Je0AkyOGsjqQJHfjmzecuqwpii9G\/view?usp=sharing\" target=\"_blank\" rel=\"noopener\" target=\"_blank\" rel=\"noopener\">Proclamaci\u00f3n definitiva de candidaturas<\/a><\/li>\n<li><a href=\"https:\/\/drive.google.com\/file\/d\/1D6U2DeliA4sc_2lpSbpeTZ_CplKEubA4\/view?usp=sharing\" target=\"_blank\" rel=\"noopener\" target=\"_blank\" rel=\"noopener\">Nota aclaratoria del proceso de votaci\u00f3n<\/a><\/li>\n<li><a href=\"https:\/\/drive.google.com\/file\/d\/1IR0bQAAd5hN6Ck3GMuWdynWUayTiO_YJ\/view?usp=sharing\" target=\"_blank\" rel=\"noopener\" target=\"_blank\" rel=\"noopener\">Proclamaci\u00f3n provisional de candidatos\/as electos\/as<\/a><\/li>\n<li><a href=\"https:\/\/drive.google.com\/file\/d\/1dBTLtkwUD1Tirzo1RcIY93Ra_eiJXsKM\/view?usp=sharing\" target=\"_blank\" rel=\"noopener\" target=\"_blank\" rel=\"noopener\">Proclamaci\u00f3n definitiva de candidatos\/as electos\/as<\/a><\/li>\n<\/ul>\n<p>[\/vc_column_text][vc_empty_space][\/vc_column][\/vc_row][vc_row][vc_column][vc_tta_accordion c_icon=\u00bbchevron\u00bb c_position=\u00bbright\u00bb active_section=\u00bb0&#8243; no_fill=\u00bbtrue\u00bb collapsible_all=\u00bbtrue\u00bb title=\u00bbNuevas plazas\u00bb][vc_tta_section title=\u00bbPlaza DL1894 de Profesor Contratado Doctor Tipo 1 del \u00c1rea de Psicolog\u00eda Social\u00bb tab_id=\u00bb1894&#8243;][vc_column_text]<\/p>\n<ul>\n<li><a href=\"https:\/\/drive.google.com\/file\/d\/1rPbJJIHRiQ0XQo13drvo1--sTpnSTP9O\/view?usp=sharing\" target=\"_blank\" rel=\"noopener\" target=\"_blank\" rel=\"noopener\">Convocatoria de constituci\u00f3n de la comisi\u00f3n de evaluaci\u00f3n de la Plaza DL1894 de Profesor Contratado Doctor Tipo 1 del \u00c1rea de Psicolog\u00eda Social<\/a><\/li>\n<li><a href=\"https:\/\/drive.google.com\/file\/d\/1g8zsrLeE0G8_COB8KtftmbwooW75dri9\/view?usp=sharing\" target=\"_blank\" rel=\"noopener\" target=\"_blank\" rel=\"noopener\">Acta sobre criterios de valoraci\u00f3n<\/a><\/li>\n<li><a href=\"https:\/\/drive.google.com\/file\/d\/1E-cUwgj3o17PoytNnRCgHuou95yn_Ykz\/view?usp=sharing\" target=\"_blank\" rel=\"noopener\" target=\"_blank\" rel=\"noopener\">Acta sobre baremaci\u00f3n de m\u00e9ritos plaza DL1894<\/a><\/li>\n<li>\n<div><a href=\"https:\/\/drive.google.com\/file\/d\/1gJLezZssmCt48lFGSA_4JdVBI93S05Ne\/view?usp=drive_link\" target=\"_blank\" rel=\"noopener\" target=\"_blank\" rel=\"noopener\">Baremaci\u00f3n pormenorizada plaza Dl1894<\/a><\/div>\n<\/li>\n<li><a href=\"https:\/\/drive.google.com\/file\/d\/1O3pa_WIqJLNgEPttb24a1MM-yWQtYynE\/view?usp=drive_link\" target=\"_blank\" rel=\"noopener\">Acto de presentaci\u00f3n de las pruebas<\/a><\/li>\n<li><a href=\"https:\/\/drive.google.com\/file\/d\/13CMv4L94u0HYhDLc9QQjwn4o_p7erYgE\/view?usp=sharing\" target=\"_blank\" rel=\"noopener\" target=\"_blank\" rel=\"noopener\">Acta de votaci\u00f3n de la primera prueba DL 1894<\/a><\/li>\n<li><a href=\"https:\/\/drive.google.com\/file\/d\/1AgBS4ymuP-aGJH_e5FSZgPW6rUW4DMp3\/view?usp=sharing\" target=\"_blank\" rel=\"noopener\" target=\"_blank\" rel=\"noopener\">Acta de votaci\u00f3n de la segunda prueba DL1894<\/a><\/li>\n<\/ul>\n<p>[\/vc_column_text][\/vc_tta_section][\/vc_tta_accordion][\/vc_column][\/vc_row]<\/p>\n","protected":false},"excerpt":{"rendered":"<p>[vc_row][vc_column][vc_column_text] Tabl\u00f3n de anuncios [\/vc_column_text][\/vc_column][\/vc_row][vc_row][vc_column][vc_empty_space][\/vc_column][\/vc_row][vc_row][vc_column][vc_column_text] Reglamento de Contrataci\u00f3n de Personal Docente e Investigador de la Universidad de La Laguna Baremo espec\u00edfico del Departamento de Psicolog\u00eda Cognitiva, Social y Organizacional Acuerdo de aprobaci\u00f3n del baremo por el Consejo de Departamento [\/vc_column_text][vc_empty_space][\/vc_column][\/vc_row][vc_row][vc_column][vc_column_text] Elecciones a representante en el Consejo del Departamento del personal investigador en formaci\u00f3n [\/vc_column_text][vc_column_text]Elecciones a&#8230;<\/p>\n","protected":false},"author":4,"featured_media":0,"parent":0,"menu_order":0,"comment_status":"closed","ping_status":"closed","template":"","meta":[],"_links":{"self":[{"href":"https:\/\/www.ull.es\/departamentos\/psicologia-cognitiva-social-y-organizacional\/wp-json\/wp\/v2\/pages\/245"}],"collection":[{"href":"https:\/\/www.ull.es\/departamentos\/psicologia-cognitiva-social-y-organizacional\/wp-json\/wp\/v2\/pages"}],"about":[{"href":"https:\/\/www.ull.es\/departamentos\/psicologia-cognitiva-social-y-organizacional\/wp-json\/wp\/v2\/types\/page"}],"author":[{"embeddable":true,"href":"https:\/\/www.ull.es\/departamentos\/psicologia-cognitiva-social-y-organizacional\/wp-json\/wp\/v2\/users\/4"}],"replies":[{"embeddable":true,"href":"https:\/\/www.ull.es\/departamentos\/psicologia-cognitiva-social-y-organizacional\/wp-json\/wp\/v2\/comments?post=245"}],"version-history":[{"count":22,"href":"https:\/\/www.ull.es\/departamentos\/psicologia-cognitiva-social-y-organizacional\/wp-json\/wp\/v2\/pages\/245\/revisions"}],"predecessor-version":[{"id":270,"href":"https:\/\/www.ull.es\/departamentos\/psicologia-cognitiva-social-y-organizacional\/wp-json\/wp\/v2\/pages\/245\/revisions\/270"}],"wp:attachment":[{"href":"https:\/\/www.ull.es\/departamentos\/psicologia-cognitiva-social-y-organizacional\/wp-json\/wp\/v2\/media?parent=245"}],"curies":[{"name":"wp","href":"https:\/\/api.w.org\/{rel}","templated":true}]}}