{"id":80,"date":"2017-05-11T12:37:19","date_gmt":"2017-05-11T12:37:19","guid":{"rendered":"http:\/\/www.ull.es\/departamentos\/ingenieria-informatica-sistemas\/?page_id=9"},"modified":"2023-03-24T12:33:52","modified_gmt":"2023-03-24T12:33:52","slug":"informacion-ubicacion-y-contacto","status":"publish","type":"page","link":"https:\/\/www.ull.es\/departamentos\/psicologia-cognitiva-social-y-organizacional\/informacion-ubicacion-y-contacto\/","title":{"rendered":"Informaci\u00f3n, ubicaci\u00f3n y contacto"},"content":{"rendered":"<p>[vc_row][vc_column width=\u00bb2\/3&#8243; el_class=\u00bbpadding-50-right\u00bb css=\u00bb.vc_custom_1494506721665{padding-right: 50px !important;}\u00bb][vc_column_text]<\/p>\n<h1>Presentaci\u00f3n<\/h1>\n<p>[\/vc_column_text][vc_column_text el_id=\u00bbpresentacion\u00bb]\n<div class=\"shortcode-descripcion\">\n    <p>Este departamento se constituy\u00f3 el 10 de febrero de 1987. Los profesores se agrupan en dos \u00e1reas de conocimiento, el \u00e1rea de Psicolog\u00eda B\u00e1sica y el \u00e1rea de Psicolog\u00eda Social y Organizacional. La sede del departamento est\u00e1 en la Facultad de Psicolog\u00eda y Logopedia. Desde su fundaci\u00f3n, el departamento ha demostrado una destacada trayectoria en el \u00e1mbito de la investigaci\u00f3n. En el \u00e1rea de Psicolog\u00eda B\u00e1sica se desarrollan diferentes l\u00edneas de investigaci\u00f3n punteras en neurociencia, espec\u00edficamente sobre lenguaje, memoria, razonamiento, aspectos motivacionales, y ansiedad y rendimiento. Asimismo, desde esta \u00e1rea se ha impulsado la creaci\u00f3n, y se dirige actualmente, el Instituto Universitario de Neurociencia (IUNE). El \u00e1rea de Psicolog\u00eda Social tambi\u00e9n desarrolla l\u00edneas de investigaci\u00f3n prestigiosas sobre infrahumanizaci\u00f3n y prejuicio, psicolog\u00eda ambiental, psicolog\u00eda jur\u00eddica, violencia en el \u00e1mbito de la pareja, desempe\u00f1o laboral y carga mental de trabajo. Adem\u00e1s, este departamento tiene una trayectoria amplia y variada en la docencia que imparte, participando tanto en t\u00edtulos de grado como en m\u00e1ster, asociados a la Facultad de Psicolog\u00eda y Logopedia y a otros centros de la ULL.<\/p><\/div>\n\n[\/vc_column_text][vc_empty_space height=\u00bb40px\u00bb][vc_column_text el_id=\u00bbareas-de-conocimiento\u00bb]\n<style>\n    .shortcode-areas h2 {\n        margin-bottom: 10px !important;\n    }\n<\/style>\n\n<div class=\"shortcode-areas\">\n    <h2>\u00c1reas de conocimiento<\/h2><ul><li>Psicolog\u00eda Social<\/li><li>Psicolog\u00eda B\u00e1sica<\/li><\/ul><\/div>\n\n[\/vc_column_text][vc_empty_space height=\u00bb40px\u00bb][vc_column_text el_id=\u00bborganigrama\u00bb]<\/p>\n<h1>Organigrama<\/h1>\n<p>[\/vc_column_text][vc_column_text]\n<style>\n    .shortcode-equipo h2 {\n        margin-bottom: 10px !important;\n    }\n<\/style>\n\n<div class=\"shortcode-equipo\">\n    <h2>Equipo de direcci\u00f3n<\/h2><dl><dt><strong>Director<\/strong><\/dt><dd> <a href='https:\/\/www.ull.es\/directorio\/search\/?busqueda=Horacio \u00c1ngel Barber Friend' target='_blank'>Horacio \u00c1ngel Barber Friend<\/a><\/dd><dt><strong>Secretaria<\/strong><\/dt><dd> <a href='https:\/\/www.ull.es\/directorio\/search\/?busqueda=Mar\u00eda Dolores Morera Bello' target='_blank'>Mar\u00eda Dolores Morera Bello<\/a><\/dd><\/dl><h2>Personal de administraci\u00f3n<\/h2><dl><dt><strong>Administrativa<\/strong><\/dt><dd> <a href='https:\/\/www.ull.es\/directorio\/search\/?busqueda=Isabel Candelaria Yanes Mart\u00edn' target='_blank'>Isabel Candelaria Yanes Mart\u00edn<\/a><\/dd><\/dl>\n<\/div>\n[\/vc_column_text][\/vc_column][vc_column width=\u00bb1\/3&#8243;][vc_column_text]<a class=\"btn-destacado\" href=\"https:\/\/riull.ull.es\/xmlui\/handle\/915\/6062\" target=\"_blank\" rel=\"noopener\" target=\"_blank\" rel=\"noopener\">Consultar normativa del departamento<i class=\"fa fa-arrow-right\"><\/i><\/a>[\/vc_column_text][vc_column_text]<a class=\"btn-destacado\" href=\"https:\/\/docs.google.com\/spreadsheets\/d\/e\/2PACX-1vRna52xrfVVW6KU6KHJuUg53T6WU8kzGQIhtxs-BHcj8ZzF3i4g7X_lV_1FXtnHtkMijB_bDNjwd3E7\/pubhtml\" target=\"_blank\" rel=\"noopener\" target=\"_blank\" rel=\"noopener\">Consultar comisiones del departamento<i class=\"fa fa-arrow-right\"><\/i><\/a>[\/vc_column_text][vc_column_text]\n<ul class=\"widget-box\">\n<li class='contacto-header'>Informaci\u00f3n de contacto<\/li><li><i class=\"fa fa-map-marker\"><\/i> C\/ Prof. Jos\u00e9 Luis Moreno Becerra, s\/n. Facultad de Psicolog\u00eda y Logopedia. Apartado 456. C\u00f3digo postal 38200. San Crist\u00f3bal de La Laguna. S\/C de Tenerife<\/li><li><i class=\"fa fa-phone\"><\/i> (+34) 922 31 75 00<\/li><li><i class=\"fa fa-address-book-o\"><\/i> <a target=\"_blank\" href=\"https:\/\/www.ull.es\/directorio\/search\/?busqueda_uo=psicologia-cognitiva-social-y-organizacional\">Directorio<\/a><\/li><li><i class=\"fa fa-envelope\"><\/i>  <a href=mailto:psicog@ull.es>psicog@ull.es<\/a><\/li>\n<\/ul>\n\n[\/vc_column_text][vc_column_text el_id=\u00bbubicacion\u00bb]\n    \n<style>\n    .google-maps {\n        position: relative;\n        padding-bottom: 75%;\n        height: 0;\n        overflow: hidden;\n    }\n    .google-maps iframe {\n        position: absolute;\n        top: 0;\n        left: 0;\n        width: 100% !important;\n        height: 100% !important;\n    }\n<\/style>\n\n\n<div class=\"google-maps\">\n    <iframe src=\"https:\/\/www.openstreetmap.org\/export\/embed.html?bbox=-16.30578617411%2C28.46381704426%2C-16.29964236452%2C28.46962926654&amp;layer=mapnik&amp;marker=28.4680%2C-16.30296\" style=\"border: 1px solid black\"><\/iframe>\n<\/div>\n\n<div class=\"btn-widget\">\n    <a href=\"https:\/\/www.openstreetmap.org\/directions?engine=graphhopper_car&from=&to=28.4680%2C-16.30296#map=17\/28.4680\/-16.30296\">C\u00f3mo llegar<\/a>  \n<\/div>\n\n  <\/body>\n<\/html>\n\n[\/vc_column_text][\/vc_column][\/vc_row]<\/p>\n","protected":false},"excerpt":{"rendered":"<p>[vc_row][vc_column width=\u00bb2\/3&#8243; el_class=\u00bbpadding-50-right\u00bb css=\u00bb.vc_custom_1494506721665{padding-right: 50px !important;}\u00bb][vc_column_text] Presentaci\u00f3n [\/vc_column_text][vc_column_text el_id=\u00bbpresentacion\u00bb][\/vc_column_text][vc_empty_space height=\u00bb40px\u00bb][vc_column_text el_id=\u00bbareas-de-conocimiento\u00bb][\/vc_column_text][vc_empty_space height=\u00bb40px\u00bb][vc_column_text el_id=\u00bborganigrama\u00bb] Organigrama [\/vc_column_text][vc_column_text][\/vc_column_text][\/vc_column][vc_column width=\u00bb1\/3&#8243;][vc_column_text]Consultar normativa del departamento[\/vc_column_text][vc_column_text]Consultar comisiones del departamento[\/vc_column_text][vc_column_text][\/vc_column_text][vc_column_text el_id=\u00bbubicacion\u00bb][\/vc_column_text][\/vc_column][\/vc_row]<\/p>\n","protected":false},"author":1,"featured_media":0,"parent":0,"menu_order":0,"comment_status":"closed","ping_status":"closed","template":"","meta":[],"_links":{"self":[{"href":"https:\/\/www.ull.es\/departamentos\/psicologia-cognitiva-social-y-organizacional\/wp-json\/wp\/v2\/pages\/80"}],"collection":[{"href":"https:\/\/www.ull.es\/departamentos\/psicologia-cognitiva-social-y-organizacional\/wp-json\/wp\/v2\/pages"}],"about":[{"href":"https:\/\/www.ull.es\/departamentos\/psicologia-cognitiva-social-y-organizacional\/wp-json\/wp\/v2\/types\/page"}],"author":[{"embeddable":true,"href":"https:\/\/www.ull.es\/departamentos\/psicologia-cognitiva-social-y-organizacional\/wp-json\/wp\/v2\/users\/1"}],"replies":[{"embeddable":true,"href":"https:\/\/www.ull.es\/departamentos\/psicologia-cognitiva-social-y-organizacional\/wp-json\/wp\/v2\/comments?post=80"}],"version-history":[{"count":20,"href":"https:\/\/www.ull.es\/departamentos\/psicologia-cognitiva-social-y-organizacional\/wp-json\/wp\/v2\/pages\/80\/revisions"}],"predecessor-version":[{"id":242,"href":"https:\/\/www.ull.es\/departamentos\/psicologia-cognitiva-social-y-organizacional\/wp-json\/wp\/v2\/pages\/80\/revisions\/242"}],"wp:attachment":[{"href":"https:\/\/www.ull.es\/departamentos\/psicologia-cognitiva-social-y-organizacional\/wp-json\/wp\/v2\/media?parent=80"}],"curies":[{"name":"wp","href":"https:\/\/api.w.org\/{rel}","templated":true}]}}