{"id":16,"date":"2017-05-11T12:57:04","date_gmt":"2017-05-11T12:57:04","guid":{"rendered":"http:\/\/www.ull.es\/departamentos\/ingenieria-informatica-sistemas\/?page_id=16"},"modified":"2023-01-17T10:56:34","modified_gmt":"2023-01-17T10:56:34","slug":"personal","status":"publish","type":"page","link":"https:\/\/www.ull.es\/departamentos\/psicologia-evolutiva-y-de-la-educacion\/personal\/","title":{"rendered":"Personal"},"content":{"rendered":"<p>[vc_row css=\u00bb.vc_custom_1497445297003{margin-bottom: 20px !important;}\u00bb][vc_column][vc_column_text]<\/p>\n<h1>Personal<\/h1>\n<p>[\/vc_column_text][\/vc_column][\/vc_row][vc_row][vc_column][vc_column_text]\n<link rel=\"stylesheet\" href=\"https:\/\/cdn.datatables.net\/1.10.15\/css\/dataTables.bootstrap.min.css\">\n<script src=\"https:\/\/cdn.datatables.net\/1.10.15\/js\/jquery.dataTables.min.js\"><\/script>\n<script src=\"https:\/\/cdn.datatables.net\/1.10.15\/js\/dataTables.bootstrap.min.js\"><\/script>\n<script src=\"https:\/\/cdn.datatables.net\/plug-ins\/1.10.21\/sorting\/chinese-string.js\"><\/script>\n\n<style>\n\n    #personal {\n        font-size: 13px;\n    }\n\n    .row.tabla{\n        margin-bottom: 20px !important;\n        margin-top: 20px !important;\n        font-size: 14px;\n    }\n\n    div.toolbar{\n        \/*text-align: center;*\/\n    }\n\n    .input-sm {\n        font-size: 16px;\n        \/* max-width: 200px;*\/\n    }\n\n    div.toolbar select{\n        margin: 0 10px;\n    }\n\n    table.dataTable thead .sorting:after {\n        opacity: 0.2;\n        content: \"\\f0ec\";\n        -webkit-transform: rotate(90deg);\n        -moz-transform: rotate(90deg);\n        -o-transform: rotate(90deg);\n        -ms-transform: rotate(90deg);\n        transform: rotate(90deg);\n    }\n\n    table.dataTable thead .sorting_asc:after {\n        content: \"\\f160\";\n    }\n    table.dataTable thead .sorting_desc:after {\n        content: \"\\f161 \";\n    }\n    table.dataTable thead .sorting:after, table.dataTable thead .sorting_asc:after, table.dataTable thead .sorting_desc:after, table.dataTable thead .sorting_asc_disabled:after, table.dataTable thead .sorting_desc_disabled:after {\n        font-family: 'FontAwesome';\n    }\n\n    .btn-directorio {\n        font-size: 13px;\n        text-align: center;\n        display: block;\n    }\n\n<\/style>\n\n<div class=\"table-responsive\">\n    <table id=\"personal\" class=\"table table-bordered table-condensed table-hover\" cellspacing=\"0\" width=\"100%\"  data-page-length=\"25\">\n        <thead>\n        <tr>\n            <th>Apellidos<\/th>\n            <th>Nombre<\/th>\n            <th>Email<\/th>\n            <th>\u00c1rea<\/th>\n            <th>Categor\u00eda<\/th>\n            <th>Rol<\/th>\n            <th>Info.<\/th>\n        <\/tr>\n        <\/thead>\n\n        <tbody>\n        <tr><td>Hern\u00e1ndez \u00c9vora<\/td><td>Blanca Rosa<\/td><td><a href=mailto:bhevora@ull.es>bhevora@ull.es<\/a><\/td><td>Personal De Administraci\u00f3n Y Servicios<\/td><td>Administrativo<\/td><td>PAS<\/td><td><a class='btn-directorio' href='https:\/\/www.ull.es\/directorio\/search\/?busqueda=Blanca Rosa Hern\u00e1ndez \u00c9vora' target='_blank'><i class='fa fa-search-plus'><\/i><\/a><\/td><\/tr><tr><td>Alonso Esteban<\/td><td>Yurena<\/td><td><a href=mailto:yalonsoe@ull.es>yalonsoe@ull.es<\/a><\/td><td>Psicolog\u00eda Evolutiva y de la Educaci\u00f3n<\/td><td>Profesor Ayudante Doctor<\/td><td>PDI<\/td><td><a class='btn-directorio' href='https:\/\/www.ull.es\/directorio\/search\/?busqueda=Yurena Alonso Esteban' target='_blank'><i class='fa fa-search-plus'><\/i><\/a><\/td><\/tr><tr><td>Batista Espinosa<\/td><td>Francisco Javier<\/td><td><a href=mailto:fbatista@ull.es>fbatista@ull.es<\/a><\/td><td>Psicolog\u00eda Evolutiva y de la Educaci\u00f3n<\/td><td>Profesor Ayudante Doctor<\/td><td>PDI<\/td><td><a class='btn-directorio' href='https:\/\/www.ull.es\/directorio\/search\/?busqueda=Francisco Javier Batista Espinosa' target='_blank'><i class='fa fa-search-plus'><\/i><\/a><\/td><\/tr><tr><td>Byrne <\/td><td>Sonia<\/td><td><a href=mailto:sbyrne@ull.es>sbyrne@ull.es<\/a><\/td><td>Psicolog\u00eda Evolutiva y de la Educaci\u00f3n<\/td><td>Profesor Contratado Doctor (1)<\/td><td>PDI<\/td><td><a class='btn-directorio' href='https:\/\/www.ull.es\/directorio\/search\/?busqueda=Sonia Byrne ' target='_blank'><i class='fa fa-search-plus'><\/i><\/a><\/td><\/tr><tr><td>Capote Morales<\/td><td>Mar\u00eda del Carmen<\/td><td><a href=mailto:mcapote@ull.es>mcapote@ull.es<\/a><\/td><td>Psicolog\u00eda Evolutiva y de la Educaci\u00f3n<\/td><td>Profesor Titular Universidad<\/td><td>PDI<\/td><td><a class='btn-directorio' href='https:\/\/www.ull.es\/directorio\/search\/?busqueda=Mar\u00eda del Carmen Capote Morales' target='_blank'><i class='fa fa-search-plus'><\/i><\/a><\/td><\/tr><tr><td>Conde Miranda<\/td><td>Mar\u00eda Elena<\/td><td><a href=mailto:elconde@ull.es>elconde@ull.es<\/a><\/td><td>Psicolog\u00eda Evolutiva y de la Educaci\u00f3n<\/td><td>Profesor Titular Universidad<\/td><td>PDI<\/td><td><a class='btn-directorio' href='https:\/\/www.ull.es\/directorio\/search\/?busqueda=Mar\u00eda Elena Conde Miranda' target='_blank'><i class='fa fa-search-plus'><\/i><\/a><\/td><\/tr><tr><td>Crespo Alberto<\/td><td>Patricia<\/td><td><a href=mailto:pcrespo@ull.es>pcrespo@ull.es<\/a><\/td><td>Psicolog\u00eda Evolutiva y de la Educaci\u00f3n<\/td><td>Profesor Ayudante Doctor<\/td><td>PDI<\/td><td><a class='btn-directorio' href='https:\/\/www.ull.es\/directorio\/search\/?busqueda=Patricia Crespo Alberto' target='_blank'><i class='fa fa-search-plus'><\/i><\/a><\/td><\/tr><tr><td>Delgado Hern\u00e1ndez<\/td><td>Jonathan<\/td><td><a href=mailto:extjdelgado@ull.es>extjdelgado@ull.es<\/a><\/td><td>Psicolog\u00eda Evolutiva y de la Educaci\u00f3n<\/td><td>Profesor Sustituto<\/td><td>PDI<\/td><td><a class='btn-directorio' href='https:\/\/www.ull.es\/directorio\/search\/?busqueda=Jonathan Delgado Hern\u00e1ndez' target='_blank'><i class='fa fa-search-plus'><\/i><\/a><\/td><\/tr><tr><td>D\u00edaz Garc\u00eda<\/td><td>Mar\u00eda Eulalia<\/td><td><a href=mailto:extmdiazgar@ull.es>extmdiazgar@ull.es<\/a><\/td><td>Psicolog\u00eda Evolutiva y de la Educaci\u00f3n<\/td><td>Contratado Laboral de Interinidad<\/td><td>PDI<\/td><td><a class='btn-directorio' href='https:\/\/www.ull.es\/directorio\/search\/?busqueda=Mar\u00eda Eulalia D\u00edaz Garc\u00eda' target='_blank'><i class='fa fa-search-plus'><\/i><\/a><\/td><\/tr><tr><td>Dom\u00ednguez Medina<\/td><td>Raquel<\/td><td><a href=mailto:radomm@ull.es>radomm@ull.es<\/a><\/td><td>Psicolog\u00eda Evolutiva y de la Educaci\u00f3n<\/td><td>Profesor Titular Universidad<\/td><td>PDI<\/td><td><a class='btn-directorio' href='https:\/\/www.ull.es\/directorio\/search\/?busqueda=Raquel Dom\u00ednguez Medina' target='_blank'><i class='fa fa-search-plus'><\/i><\/a><\/td><\/tr><tr><td>Garc\u00eda Garc\u00eda<\/td><td>Luis Alberto<\/td><td><a href=mailto:lagarcia@ull.es>lagarcia@ull.es<\/a><\/td><td>Psicolog\u00eda Evolutiva y de la Educaci\u00f3n<\/td><td>Catedratico de Universidad<\/td><td>PDI<\/td><td><a class='btn-directorio' href='https:\/\/www.ull.es\/directorio\/search\/?busqueda=Luis Alberto Garc\u00eda Garc\u00eda' target='_blank'><i class='fa fa-search-plus'><\/i><\/a><\/td><\/tr><tr><td>Garc\u00eda Hern\u00e1ndez<\/td><td>Mar\u00eda Dolores<\/td><td><a href=mailto:mgarciah@ull.es>mgarciah@ull.es<\/a><\/td><td>Psicolog\u00eda Evolutiva y de la Educaci\u00f3n<\/td><td>Profesor Titular Universidad<\/td><td>PDI<\/td><td><a class='btn-directorio' href='https:\/\/www.ull.es\/directorio\/search\/?busqueda=Mar\u00eda Dolores Garc\u00eda Hern\u00e1ndez' target='_blank'><i class='fa fa-search-plus'><\/i><\/a><\/td><\/tr><tr><td>Garc\u00eda Miranda<\/td><td>Eduardo<\/td><td><a href=mailto:egarciam@ull.es>egarciam@ull.es<\/a><\/td><td>Psicolog\u00eda Evolutiva y de la Educaci\u00f3n<\/td><td>Profesor Contratado Doctor (1)<\/td><td>PDI<\/td><td><a class='btn-directorio' href='https:\/\/www.ull.es\/directorio\/search\/?busqueda=Eduardo Garc\u00eda Miranda' target='_blank'><i class='fa fa-search-plus'><\/i><\/a><\/td><\/tr><tr><td>Hern\u00e1ndez Jorge<\/td><td>Carmen Mercedes<\/td><td><a href=mailto:cherjo@ull.es>cherjo@ull.es<\/a><\/td><td>Psicolog\u00eda Evolutiva y de la Educaci\u00f3n<\/td><td>Profesor Titular Universidad<\/td><td>PDI<\/td><td><a class='btn-directorio' href='https:\/\/www.ull.es\/directorio\/search\/?busqueda=Carmen Mercedes Hern\u00e1ndez Jorge' target='_blank'><i class='fa fa-search-plus'><\/i><\/a><\/td><\/tr><tr><td>Hern\u00e1ndez Valle<\/td><td>Mar\u00eda Isabel<\/td><td><a href=mailto:ihvalle@ull.es>ihvalle@ull.es<\/a><\/td><td>Psicolog\u00eda Evolutiva y de la Educaci\u00f3n<\/td><td>Profesor Contratado Doctor (1)<\/td><td>PDI<\/td><td><a class='btn-directorio' href='https:\/\/www.ull.es\/directorio\/search\/?busqueda=Mar\u00eda Isabel Hern\u00e1ndez Valle' target='_blank'><i class='fa fa-search-plus'><\/i><\/a><\/td><\/tr><tr><td>Jim\u00e9nez Betancort<\/td><td>Heriberto Carmelo<\/td><td><a href=mailto:hjimenez@ull.es>hjimenez@ull.es<\/a><\/td><td>Psicolog\u00eda Evolutiva y de la Educaci\u00f3n<\/td><td>Profesor Titular Universidad<\/td><td>PDI<\/td><td><a class='btn-directorio' href='https:\/\/www.ull.es\/directorio\/search\/?busqueda=Heriberto Carmelo Jim\u00e9nez Betancort' target='_blank'><i class='fa fa-search-plus'><\/i><\/a><\/td><\/tr><tr><td>Jim\u00e9nez Gonz\u00e1lez<\/td><td>Juan Eugenio<\/td><td><a href=mailto:ejimenez@ull.es>ejimenez@ull.es<\/a><\/td><td>Psicolog\u00eda Evolutiva y de la Educaci\u00f3n<\/td><td>Catedratico de Universidad<\/td><td>PDI<\/td><td><a class='btn-directorio' href='https:\/\/www.ull.es\/directorio\/search\/?busqueda=Juan Eugenio Jim\u00e9nez Gonz\u00e1lez' target='_blank'><i class='fa fa-search-plus'><\/i><\/a><\/td><\/tr><tr><td>Kostiv <\/td><td>Olena<\/td><td><a href=mailto:olkostiv@ull.es>olkostiv@ull.es<\/a><\/td><td>Psicolog\u00eda Evolutiva y de la Educaci\u00f3n<\/td><td>Profesor Sustituto<\/td><td>PDI<\/td><td><a class='btn-directorio' href='https:\/\/www.ull.es\/directorio\/search\/?busqueda=Olena Kostiv ' target='_blank'><i class='fa fa-search-plus'><\/i><\/a><\/td><\/tr><tr><td>Mart\u00edn Cabrera<\/td><td>Eduardo<\/td><td><a href=mailto:edmartin@ull.es>edmartin@ull.es<\/a><\/td><td>Psicolog\u00eda Evolutiva y de la Educaci\u00f3n<\/td><td>Profesor Titular Universidad<\/td><td>PDI<\/td><td><a class='btn-directorio' href='https:\/\/www.ull.es\/directorio\/search\/?busqueda=Eduardo Mart\u00edn Cabrera' target='_blank'><i class='fa fa-search-plus'><\/i><\/a><\/td><\/tr><tr><td>Mu\u00f1oz de Bustillo D\u00edaz<\/td><td>Mar\u00eda Carmen<\/td><td><a href=mailto:cmunoz@ull.es>cmunoz@ull.es<\/a><\/td><td>Psicolog\u00eda Evolutiva y de la Educaci\u00f3n<\/td><td>Profesor Titular Universidad<\/td><td>PDI<\/td><td><a class='btn-directorio' href='https:\/\/www.ull.es\/directorio\/search\/?busqueda=Mar\u00eda Carmen Mu\u00f1oz de Bustillo D\u00edaz' target='_blank'><i class='fa fa-search-plus'><\/i><\/a><\/td><\/tr><tr><td>Ortiz Gonz\u00e1lez<\/td><td>Mar\u00eda del Rosario<\/td><td><a href=mailto:mrortiz@ull.es>mrortiz@ull.es<\/a><\/td><td>Psicolog\u00eda Evolutiva y de la Educaci\u00f3n<\/td><td>Profesor Titular Universidad<\/td><td>PDI<\/td><td><a class='btn-directorio' href='https:\/\/www.ull.es\/directorio\/search\/?busqueda=Mar\u00eda del Rosario Ortiz Gonz\u00e1lez' target='_blank'><i class='fa fa-search-plus'><\/i><\/a><\/td><\/tr><tr><td>Padr\u00f3n Gonz\u00e1lez<\/td><td>Iv\u00e1n<\/td><td><a href=mailto:ivpadron@ull.es>ivpadron@ull.es<\/a><\/td><td>Psicolog\u00eda Evolutiva y de la Educaci\u00f3n<\/td><td>Profesor Ayudante Doctor<\/td><td>PDI<\/td><td><a class='btn-directorio' href='https:\/\/www.ull.es\/directorio\/search\/?busqueda=Iv\u00e1n Padr\u00f3n Gonz\u00e1lez' target='_blank'><i class='fa fa-search-plus'><\/i><\/a><\/td><\/tr><tr><td>Plasencia Carrillo<\/td><td>Sonia<\/td><td><a href=mailto:spcarril@ull.es>spcarril@ull.es<\/a><\/td><td>Psicolog\u00eda Evolutiva y de la Educaci\u00f3n<\/td><td>Profesor Ayudante Doctor<\/td><td>PDI<\/td><td><a class='btn-directorio' href='https:\/\/www.ull.es\/directorio\/search\/?busqueda=Sonia Plasencia Carrillo' target='_blank'><i class='fa fa-search-plus'><\/i><\/a><\/td><\/tr><tr><td>Rodr\u00edguez Blanco<\/td><td>Mar\u00eda Teresa<\/td><td><a href=mailto:tblanco@ull.es>tblanco@ull.es<\/a><\/td><td>Psicolog\u00eda Evolutiva y de la Educaci\u00f3n<\/td><td>Profesor Contratado Doctor (1)<\/td><td>PDI<\/td><td><a class='btn-directorio' href='https:\/\/www.ull.es\/directorio\/search\/?busqueda=Mar\u00eda Teresa Rodr\u00edguez Blanco' target='_blank'><i class='fa fa-search-plus'><\/i><\/a><\/td><\/tr><tr><td>Rodr\u00edguez Hern\u00e1ndez<\/td><td>Antonio F<\/td><td><a href=mailto:antrodri@ull.es>antrodri@ull.es<\/a><\/td><td>Psicolog\u00eda Evolutiva y de la Educaci\u00f3n<\/td><td>Profesor Titular Universidad<\/td><td>PDI<\/td><td><a class='btn-directorio' href='https:\/\/www.ull.es\/directorio\/search\/?busqueda=Antonio F Rodr\u00edguez Hern\u00e1ndez' target='_blank'><i class='fa fa-search-plus'><\/i><\/a><\/td><\/tr><tr><td>Romero Arias<\/td><td>Tatiana<\/td><td><a href=mailto:tromeroa@ull.es>tromeroa@ull.es<\/a><\/td><td>Psicolog\u00eda Evolutiva y de la Educaci\u00f3n<\/td><td>Profesor Sustituto<\/td><td>PDI<\/td><td><a class='btn-directorio' href='https:\/\/www.ull.es\/directorio\/search\/?busqueda=Tatiana Romero Arias' target='_blank'><i class='fa fa-search-plus'><\/i><\/a><\/td><\/tr><tr><td>Rosales \u00c1lamo<\/td><td>Manuel Jos\u00e9<\/td><td><a href=mailto:mrosales@ull.es>mrosales@ull.es<\/a><\/td><td>Psicolog\u00eda Evolutiva y de la Educaci\u00f3n<\/td><td>Profesor Contratado Doctor (1)<\/td><td>PDI<\/td><td><a class='btn-directorio' href='https:\/\/www.ull.es\/directorio\/search\/?busqueda=Manuel Jos\u00e9 Rosales \u00c1lamo' target='_blank'><i class='fa fa-search-plus'><\/i><\/a><\/td><\/tr><tr><td>Sim\u00f3n Gonz\u00e1lez<\/td><td>Mar\u00eda Isabel<\/td><td><a href=mailto:msimon@ull.es>msimon@ull.es<\/a><\/td><td>Psicolog\u00eda Evolutiva y de la Educaci\u00f3n<\/td><td>Profesor Contratado Doctor (1)<\/td><td>PDI<\/td><td><a class='btn-directorio' href='https:\/\/www.ull.es\/directorio\/search\/?busqueda=Mar\u00eda Isabel Sim\u00f3n Gonz\u00e1lez' target='_blank'><i class='fa fa-search-plus'><\/i><\/a><\/td><\/tr><tr><td>Sirumal Rodr\u00edguez<\/td><td>Elena<\/td><td><a href=mailto:esirumal@ull.es>esirumal@ull.es<\/a><\/td><td>Psicolog\u00eda Evolutiva y de la Educaci\u00f3n<\/td><td>Profesor Sustituto<\/td><td>PDI<\/td><td><a class='btn-directorio' href='https:\/\/www.ull.es\/directorio\/search\/?busqueda=Elena Sirumal Rodr\u00edguez' target='_blank'><i class='fa fa-search-plus'><\/i><\/a><\/td><\/tr><tr><td>Su\u00e1rez Rodr\u00edguez<\/td><td>Mar\u00eda Jes\u00fas<\/td><td><a href=mailto:masuarez@ull.es>masuarez@ull.es<\/a><\/td><td>Psicolog\u00eda Evolutiva y de la Educaci\u00f3n<\/td><td>Profesor Titular Universidad<\/td><td>PDI<\/td><td><a class='btn-directorio' href='https:\/\/www.ull.es\/directorio\/search\/?busqueda=Mar\u00eda Jes\u00fas Su\u00e1rez Rodr\u00edguez' target='_blank'><i class='fa fa-search-plus'><\/i><\/a><\/td><\/tr><tr><td>Torbay Betancor<\/td><td>\u00c1ngela Esther<\/td><td><a href=mailto:atorbay@ull.es>atorbay@ull.es<\/a><\/td><td>Psicolog\u00eda Evolutiva y de la Educaci\u00f3n<\/td><td>Profesor Titular Universidad<\/td><td>PDI<\/td><td><a class='btn-directorio' href='https:\/\/www.ull.es\/directorio\/search\/?busqueda=\u00c1ngela Esther Torbay Betancor' target='_blank'><i class='fa fa-search-plus'><\/i><\/a><\/td><\/tr><tr><td>Villarroel Ram\u00edrez<\/td><td>Rebeca Jos\u00e9<\/td><td><a href=mailto:rvillarr@ull.es>rvillarr@ull.es<\/a><\/td><td>Psicolog\u00eda Evolutiva y de la Educaci\u00f3n<\/td><td>Profesor Ayudante Doctor<\/td><td>PDI<\/td><td><a class='btn-directorio' href='https:\/\/www.ull.es\/directorio\/search\/?busqueda=Rebeca Jos\u00e9 Villarroel Ram\u00edrez' target='_blank'><i class='fa fa-search-plus'><\/i><\/a><\/td><\/tr>        <\/tbody>\n    <\/table>\n<\/div>\n\n<script>\n\t\njQuery.extend( jQuery.fn.dataTableExt.oSort, {\n    \"chinese-string-asc\" : function (s1, s2) {\n        return s1.localeCompare(s2);\n    },\n \n    \"chinese-string-desc\" : function (s1, s2) {\n        return s2.localeCompare(s1);\n    }\n} );\n\t\n$(document).ready(function() {\n\n        $('#personal').DataTable( {\n            \"dom\": \"\" +\n            \"<'row'<'col-sm-9 toolbar'><'col-sm-3'f>>\" +\n            \"<'row tabla'<'col-sm-12'tr>>\" +\n            \"<'row'<'col-sm-5'i><'col-sm-7'p>>\"\n            ,\n            \"language\": {\n                \"url\": \"\/\/cdn.datatables.net\/plug-ins\/1.10.15\/i18n\/Spanish.json\"\n            },\n\n         columnDefs: [{ type: 'chinese-string', targets: 0 }],\n\n\n\t initComplete: function () {\n\n                this.api().columns([3]).every( function () {\n                    var column = this;\n                    var select = $('<select class=\"form-control input-sm\"><option value=\"\">Mostrar todas las \u00e1reas de conocimiento<\/option><\/select>')\n                        .appendTo( $('div.toolbar') )\n                        .on( 'change', function () {\n                            var val = $.fn.dataTable.util.escapeRegex(\n                                $(this).val()\n                            );\n\n                            column\n                                .search( val ? '^'+val+'$' : '', true, false )\n                                .draw();\n                        } );\n\n                    column.data().unique().sort().each( function ( d, j ) {\n                        select.append( '<option value=\"'+d+'\">'+d+'<\/option>' )\n                    } );\n\n                } );\n                this.api().columns([5]).every( function () {\n                    var column = this;\n                    var select = $('<select class=\"form-control input-sm\"><option value=\"\">Mostrar todos los roles<\/option><\/select>')\n                        .appendTo( $('div.toolbar') )\n                        .on( 'change', function () {\n                            var val = $.fn.dataTable.util.escapeRegex(\n                                $(this).val()\n                            );\n\n                            column\n                                .search( val ? '^'+val+'$' : '', true, false )\n                                .draw();\n                        } );\n\n                    column.data().unique().sort().each( function ( d, j ) {\n                        select.append( '<option value=\"'+d+'\">'+d+'<\/option>' )\n                    } );\n                } );\n            }\n        } );\n\n    } );\n<\/script>\n[\/vc_column_text][\/vc_column][\/vc_row]<\/p>\n","protected":false},"excerpt":{"rendered":"<p>[vc_row css=\u00bb.vc_custom_1497445297003{margin-bottom: 20px !important;}\u00bb][vc_column][vc_column_text] Personal [\/vc_column_text][\/vc_column][\/vc_row][vc_row][vc_column][vc_column_text][\/vc_column_text][\/vc_column][\/vc_row]<\/p>\n","protected":false},"author":1,"featured_media":0,"parent":0,"menu_order":0,"comment_status":"closed","ping_status":"closed","template":"","meta":[],"_links":{"self":[{"href":"https:\/\/www.ull.es\/departamentos\/psicologia-evolutiva-y-de-la-educacion\/wp-json\/wp\/v2\/pages\/16"}],"collection":[{"href":"https:\/\/www.ull.es\/departamentos\/psicologia-evolutiva-y-de-la-educacion\/wp-json\/wp\/v2\/pages"}],"about":[{"href":"https:\/\/www.ull.es\/departamentos\/psicologia-evolutiva-y-de-la-educacion\/wp-json\/wp\/v2\/types\/page"}],"author":[{"embeddable":true,"href":"https:\/\/www.ull.es\/departamentos\/psicologia-evolutiva-y-de-la-educacion\/wp-json\/wp\/v2\/users\/1"}],"replies":[{"embeddable":true,"href":"https:\/\/www.ull.es\/departamentos\/psicologia-evolutiva-y-de-la-educacion\/wp-json\/wp\/v2\/comments?post=16"}],"version-history":[{"count":5,"href":"https:\/\/www.ull.es\/departamentos\/psicologia-evolutiva-y-de-la-educacion\/wp-json\/wp\/v2\/pages\/16\/revisions"}],"predecessor-version":[{"id":211,"href":"https:\/\/www.ull.es\/departamentos\/psicologia-evolutiva-y-de-la-educacion\/wp-json\/wp\/v2\/pages\/16\/revisions\/211"}],"wp:attachment":[{"href":"https:\/\/www.ull.es\/departamentos\/psicologia-evolutiva-y-de-la-educacion\/wp-json\/wp\/v2\/media?parent=16"}],"curies":[{"name":"wp","href":"https:\/\/api.w.org\/{rel}","templated":true}]}}