{"id":16,"date":"2017-05-11T12:57:04","date_gmt":"2017-05-11T12:57:04","guid":{"rendered":"http:\/\/www.ull.es\/departamentos\/ingenieria-informatica-sistemas\/?page_id=16"},"modified":"2017-10-09T10:19:11","modified_gmt":"2017-10-09T10:19:11","slug":"personal","status":"publish","type":"page","link":"https:\/\/www.ull.es\/departamentos\/quimica-organica\/personal\/","title":{"rendered":"Personal"},"content":{"rendered":"<p>[vc_row css=\u00bb.vc_custom_1497445297003{margin-bottom: 20px !important;}\u00bb][vc_column][vc_column_text]<\/p>\n<h1>Personal<\/h1>\n<p>[\/vc_column_text][\/vc_column][\/vc_row][vc_row][vc_column][vc_column_text]\n<link rel=\"stylesheet\" href=\"https:\/\/cdn.datatables.net\/1.10.15\/css\/dataTables.bootstrap.min.css\">\n<script src=\"https:\/\/cdn.datatables.net\/1.10.15\/js\/jquery.dataTables.min.js\"><\/script>\n<script src=\"https:\/\/cdn.datatables.net\/1.10.15\/js\/dataTables.bootstrap.min.js\"><\/script>\n<script src=\"https:\/\/cdn.datatables.net\/plug-ins\/1.10.21\/sorting\/chinese-string.js\"><\/script>\n\n<style>\n\n    #personal {\n        font-size: 13px;\n    }\n\n    .row.tabla{\n        margin-bottom: 20px !important;\n        margin-top: 20px !important;\n        font-size: 14px;\n    }\n\n    div.toolbar{\n        \/*text-align: center;*\/\n    }\n\n    .input-sm {\n        font-size: 16px;\n        \/* max-width: 200px;*\/\n    }\n\n    div.toolbar select{\n        margin: 0 10px;\n    }\n\n    table.dataTable thead .sorting:after {\n        opacity: 0.2;\n        content: \"\\f0ec\";\n        -webkit-transform: rotate(90deg);\n        -moz-transform: rotate(90deg);\n        -o-transform: rotate(90deg);\n        -ms-transform: rotate(90deg);\n        transform: rotate(90deg);\n    }\n\n    table.dataTable thead .sorting_asc:after {\n        content: \"\\f160\";\n    }\n    table.dataTable thead .sorting_desc:after {\n        content: \"\\f161 \";\n    }\n    table.dataTable thead .sorting:after, table.dataTable thead .sorting_asc:after, table.dataTable thead .sorting_desc:after, table.dataTable thead .sorting_asc_disabled:after, table.dataTable thead .sorting_desc_disabled:after {\n        font-family: 'FontAwesome';\n    }\n\n    .btn-directorio {\n        font-size: 13px;\n        text-align: center;\n        display: block;\n    }\n\n<\/style>\n\n<div class=\"table-responsive\">\n    <table id=\"personal\" class=\"table table-bordered table-condensed table-hover\" cellspacing=\"0\" width=\"100%\"  data-page-length=\"25\">\n        <thead>\n        <tr>\n            <th>Apellidos<\/th>\n            <th>Nombre<\/th>\n            <th>Email<\/th>\n            <th>\u00c1rea<\/th>\n            <th>Categor\u00eda<\/th>\n            <th>Rol<\/th>\n            <th>Info.<\/th>\n        <\/tr>\n        <\/thead>\n\n        <tbody>\n        <tr><td>Stoica <\/td><td>Otilia Violeta<\/td><td><a href=mailto:otstoica@ull.es>otstoica@ull.es<\/a><\/td><td>Qu\u00edmica Org\u00e1nica<\/td><td>Investigador<\/td><td>INV<\/td><td><a class='btn-directorio' href='https:\/\/www.ull.es\/directorio\/search\/?busqueda=Otilia Violeta Stoica ' target='_blank'><i class='fa fa-search-plus'><\/i><\/a><\/td><\/tr><tr><td>\u00c1lvarez Regalado<\/td><td>Nuria Esther<\/td><td><a href=mailto:nalvarer@ull.es>nalvarer@ull.es<\/a><\/td><td>Personal De Administraci\u00f3n Y Servicios<\/td><td>Oficial<\/td><td>PAS<\/td><td><a class='btn-directorio' href='https:\/\/www.ull.es\/directorio\/search\/?busqueda=Nuria Esther \u00c1lvarez Regalado' target='_blank'><i class='fa fa-search-plus'><\/i><\/a><\/td><\/tr><tr><td>Casanova Rodr\u00edguez<\/td><td>Mar\u00eda Alejandra<\/td><td><a href=mailto:macasano@ull.es>macasano@ull.es<\/a><\/td><td>Personal De Administraci\u00f3n Y Servicios<\/td><td>Tecnico Especialista<\/td><td>PAS<\/td><td><a class='btn-directorio' href='https:\/\/www.ull.es\/directorio\/search\/?busqueda=Mar\u00eda Alejandra Casanova Rodr\u00edguez' target='_blank'><i class='fa fa-search-plus'><\/i><\/a><\/td><\/tr><tr><td>Falc\u00f3n Mac\u00edas<\/td><td>Antonio<\/td><td><a href=mailto:afalcon@ull.es>afalcon@ull.es<\/a><\/td><td>Personal De Administraci\u00f3n Y Servicios<\/td><td>Tecnico de Laboratorio<\/td><td>PAS<\/td><td><a class='btn-directorio' href='https:\/\/www.ull.es\/directorio\/search\/?busqueda=Antonio Falc\u00f3n Mac\u00edas' target='_blank'><i class='fa fa-search-plus'><\/i><\/a><\/td><\/tr><tr><td>Gonz\u00e1lez Vera<\/td><td>Mar\u00eda Inmaculada<\/td><td><a href=mailto:ingonzal@ull.es>ingonzal@ull.es<\/a><\/td><td>Personal De Administraci\u00f3n Y Servicios<\/td><td>Tecnico de Laboratorio<\/td><td>PAS<\/td><td><a class='btn-directorio' href='https:\/\/www.ull.es\/directorio\/search\/?busqueda=Mar\u00eda Inmaculada Gonz\u00e1lez Vera' target='_blank'><i class='fa fa-search-plus'><\/i><\/a><\/td><\/tr><tr><td>Negr\u00edn Coello<\/td><td>Silvia<\/td><td><a href=mailto:snegrinc@ull.es>snegrinc@ull.es<\/a><\/td><td>Personal De Administraci\u00f3n Y Servicios<\/td><td>Administrativo<\/td><td>PAS<\/td><td><a class='btn-directorio' href='https:\/\/www.ull.es\/directorio\/search\/?busqueda=Silvia Negr\u00edn Coello' target='_blank'><i class='fa fa-search-plus'><\/i><\/a><\/td><\/tr><tr><td>Toledo Siverio<\/td><td>Cristina<\/td><td><a href=mailto:ctoledos@ull.es>ctoledos@ull.es<\/a><\/td><td>Personal De Administraci\u00f3n Y Servicios<\/td><td>Tecnico de Laboratorio<\/td><td>PAS<\/td><td><a class='btn-directorio' href='https:\/\/www.ull.es\/directorio\/search\/?busqueda=Cristina Toledo Siverio' target='_blank'><i class='fa fa-search-plus'><\/i><\/a><\/td><\/tr><tr><td>Abad Grillo<\/td><td>Teresa de Jes\u00fas<\/td><td><a href=mailto:tereabad@ull.es>tereabad@ull.es<\/a><\/td><td>Qu\u00edmica Org\u00e1nica<\/td><td>Profesor Titular Universidad<\/td><td>PDI<\/td><td><a class='btn-directorio' href='https:\/\/www.ull.es\/directorio\/search\/?busqueda=Teresa de Jes\u00fas Abad Grillo' target='_blank'><i class='fa fa-search-plus'><\/i><\/a><\/td><\/tr><tr><td>Afonso Rodr\u00edguez<\/td><td>Mar\u00eda del Mar<\/td><td><a href=mailto:mmafonso@ull.es>mmafonso@ull.es<\/a><\/td><td>Qu\u00edmica Org\u00e1nica<\/td><td>Profesor Titular Universidad<\/td><td>PDI<\/td><td><a class='btn-directorio' href='https:\/\/www.ull.es\/directorio\/search\/?busqueda=Mar\u00eda del Mar Afonso Rodr\u00edguez' target='_blank'><i class='fa fa-search-plus'><\/i><\/a><\/td><\/tr><tr><td>\u00c1lvarez M\u00e9ndez<\/td><td>Sergio Joaqu\u00edn<\/td><td><a href=mailto:salvmen@ull.es>salvmen@ull.es<\/a><\/td><td>Qu\u00edmica Org\u00e1nica<\/td><td>Profesor Ayudante Doctor<\/td><td>PDI<\/td><td><a class='btn-directorio' href='https:\/\/www.ull.es\/directorio\/search\/?busqueda=Sergio Joaqu\u00edn \u00c1lvarez M\u00e9ndez' target='_blank'><i class='fa fa-search-plus'><\/i><\/a><\/td><\/tr><tr><td>Amesty Arrieta<\/td><td>\u00c1ngel Ernesto<\/td><td><a href=mailto:aarnesty@ull.es>aarnesty@ull.es<\/a><\/td><td>Qu\u00edmica Org\u00e1nica<\/td><td>Investigador<\/td><td>INV<\/td><td><a class='btn-directorio' href='https:\/\/www.ull.es\/directorio\/search\/?busqueda=\u00c1ngel Ernesto Amesty Arrieta' target='_blank'><i class='fa fa-search-plus'><\/i><\/a><\/td><\/tr><tr><td>Bonardd Salvador<\/td><td>Sebasti\u00e1n Ignacio<\/td><td><a href=mailto:sbonardd@ull.es>sbonardd@ull.es<\/a><\/td><td>Qu\u00edmica Org\u00e1nica<\/td><td>Investigador<\/td><td>INV<\/td><td><a class='btn-directorio' href='https:\/\/www.ull.es\/directorio\/search\/?busqueda=Sebasti\u00e1n Ignacio Bonardd Salvador' target='_blank'><i class='fa fa-search-plus'><\/i><\/a><\/td><\/tr><tr><td>Cabrera Trujillo<\/td><td>Jorge Juan<\/td><td><a href=mailto:jcabrert@ull.es>jcabrert@ull.es<\/a><\/td><td>Qu\u00edmica Org\u00e1nica<\/td><td>Profesor Ayudante Doctor<\/td><td>PDI<\/td><td><a class='btn-directorio' href='https:\/\/www.ull.es\/directorio\/search\/?busqueda=Jorge Juan Cabrera Trujillo' target='_blank'><i class='fa fa-search-plus'><\/i><\/a><\/td><\/tr><tr><td>Diana Rivero<\/td><td>Raquel<\/td><td><a href=mailto:rdianari@ull.es>rdianari@ull.es<\/a><\/td><td>Qu\u00edmica Org\u00e1nica<\/td><td>Investigador<\/td><td>INV<\/td><td><a class='btn-directorio' href='https:\/\/www.ull.es\/directorio\/search\/?busqueda=Raquel Diana Rivero' target='_blank'><i class='fa fa-search-plus'><\/i><\/a><\/td><\/tr><tr><td>D\u00edaz D\u00edaz<\/td><td>David<\/td><td><a href=mailto:ddiazdiaz@ull.es>ddiazdiaz@ull.es<\/a><\/td><td>Qu\u00edmica Org\u00e1nica<\/td><td>Catedratico de Universidad<\/td><td>PDI<\/td><td><a class='btn-directorio' href='https:\/\/www.ull.es\/directorio\/search\/?busqueda=David D\u00edaz D\u00edaz' target='_blank'><i class='fa fa-search-plus'><\/i><\/a><\/td><\/tr><tr><td>Dorta D\u00edaz<\/td><td>Rosa Lelia<\/td><td><a href=mailto:rdorta@ull.es>rdorta@ull.es<\/a><\/td><td>Qu\u00edmica Org\u00e1nica<\/td><td>Profesor Titular Universidad<\/td><td>PDI<\/td><td><a class='btn-directorio' href='https:\/\/www.ull.es\/directorio\/search\/?busqueda=Rosa Lelia Dorta D\u00edaz' target='_blank'><i class='fa fa-search-plus'><\/i><\/a><\/td><\/tr><tr><td>Est\u00e9vez Braun<\/td><td>Ana Mar\u00eda<\/td><td><a href=mailto:aestebra@ull.es>aestebra@ull.es<\/a><\/td><td>Qu\u00edmica Org\u00e1nica<\/td><td>Catedratico de Universidad<\/td><td>PDI<\/td><td><a class='btn-directorio' href='https:\/\/www.ull.es\/directorio\/search\/?busqueda=Ana Mar\u00eda Est\u00e9vez Braun' target='_blank'><i class='fa fa-search-plus'><\/i><\/a><\/td><\/tr><tr><td>Fern\u00e1ndez Castro<\/td><td>Jos\u00e9 Javier<\/td><td><a href=mailto:jjfercas@ull.es>jjfercas@ull.es<\/a><\/td><td>Qu\u00edmica Org\u00e1nica<\/td><td>Catedratico de Universidad<\/td><td>PDI<\/td><td><a class='btn-directorio' href='https:\/\/www.ull.es\/directorio\/search\/?busqueda=Jos\u00e9 Javier Fern\u00e1ndez Castro' target='_blank'><i class='fa fa-search-plus'><\/i><\/a><\/td><\/tr><tr><td>Garc\u00eda Mart\u00edn<\/td><td>Cristina del Mar<\/td><td><a href=mailto:cgarciam@ull.es>cgarciam@ull.es<\/a><\/td><td>Qu\u00edmica Org\u00e1nica<\/td><td>Investigador<\/td><td>INV<\/td><td><a class='btn-directorio' href='https:\/\/www.ull.es\/directorio\/search\/?busqueda=Cristina del Mar Garc\u00eda Mart\u00edn' target='_blank'><i class='fa fa-search-plus'><\/i><\/a><\/td><\/tr><tr><td>Gonz\u00e1lez Bakker<\/td><td>Aday<\/td><td><a href=mailto:agonzaba@ull.es>agonzaba@ull.es<\/a><\/td><td>Qu\u00edmica Org\u00e1nica<\/td><td>Pers. Inv. en form. FPI\/FPU PREDOCTORAL<\/td><td>INV<\/td><td><a class='btn-directorio' href='https:\/\/www.ull.es\/directorio\/search\/?busqueda=Aday Gonz\u00e1lez Bakker' target='_blank'><i class='fa fa-search-plus'><\/i><\/a><\/td><\/tr><tr><td>Gonz\u00e1lez Brito<\/td><td>Rosal\u00eda<\/td><td><a href=mailto:rgonzalb@ull.es>rgonzalb@ull.es<\/a><\/td><td>Qu\u00edmica Org\u00e1nica<\/td><td>Profesor Sustituto<\/td><td>PDI<\/td><td><a class='btn-directorio' href='https:\/\/www.ull.es\/directorio\/search\/?busqueda=Rosal\u00eda Gonz\u00e1lez Brito' target='_blank'><i class='fa fa-search-plus'><\/i><\/a><\/td><\/tr><tr><td>Gonz\u00e1lez Cabrera<\/td><td>Agoney<\/td><td><a href=mailto:agonzaca@ull.es>agonzaca@ull.es<\/a><\/td><td>Qu\u00edmica Org\u00e1nica<\/td><td>Investigador<\/td><td>INV<\/td><td><a class='btn-directorio' href='https:\/\/www.ull.es\/directorio\/search\/?busqueda=Agoney Gonz\u00e1lez Cabrera' target='_blank'><i class='fa fa-search-plus'><\/i><\/a><\/td><\/tr><tr><td>Guillermo \u00c1lvarez<\/td><td>Ricardo<\/td><td><a href=mailto:riguial@ull.es>riguial@ull.es<\/a><\/td><td>Qu\u00edmica Org\u00e1nica<\/td><td>Profesor Titular Universidad<\/td><td>PDI<\/td><td><a class='btn-directorio' href='https:\/\/www.ull.es\/directorio\/search\/?busqueda=Ricardo Guillermo \u00c1lvarez' target='_blank'><i class='fa fa-search-plus'><\/i><\/a><\/td><\/tr><tr><td>Hern\u00e1ndez Garc\u00e9s<\/td><td>Judith<\/td><td><a href=mailto:jherngar@ull.es>jherngar@ull.es<\/a><\/td><td>Qu\u00edmica Org\u00e1nica<\/td><td>Profesor Sustituto<\/td><td>PDI<\/td><td><a class='btn-directorio' href='https:\/\/www.ull.es\/directorio\/search\/?busqueda=Judith Hern\u00e1ndez Garc\u00e9s' target='_blank'><i class='fa fa-search-plus'><\/i><\/a><\/td><\/tr><tr><td>Jim\u00e9nez D\u00edaz<\/td><td>Ignacio Antonio<\/td><td><a href=mailto:ignadiaz@ull.es>ignadiaz@ull.es<\/a><\/td><td>Qu\u00edmica Org\u00e1nica<\/td><td>Profesor Titular Universidad<\/td><td>PDI<\/td><td><a class='btn-directorio' href='https:\/\/www.ull.es\/directorio\/search\/?busqueda=Ignacio Antonio Jim\u00e9nez D\u00edaz' target='_blank'><i class='fa fa-search-plus'><\/i><\/a><\/td><\/tr><tr><td>L\u00f3pez Bazzocchi<\/td><td>Isabel<\/td><td><a href=mailto:ilopez@ull.es>ilopez@ull.es<\/a><\/td><td>Qu\u00edmica Org\u00e1nica<\/td><td>Catedratico de Universidad<\/td><td>PDI<\/td><td><a class='btn-directorio' href='https:\/\/www.ull.es\/directorio\/search\/?busqueda=Isabel L\u00f3pez Bazzocchi' target='_blank'><i class='fa fa-search-plus'><\/i><\/a><\/td><\/tr><tr><td>Marrero Tellado<\/td><td>Jos\u00e9 Juan<\/td><td><a href=mailto:jtellado@ull.es>jtellado@ull.es<\/a><\/td><td>Qu\u00edmica Org\u00e1nica<\/td><td>Profesor Titular Universidad<\/td><td>PDI<\/td><td><a class='btn-directorio' href='https:\/\/www.ull.es\/directorio\/search\/?busqueda=Jos\u00e9 Juan Marrero Tellado' target='_blank'><i class='fa fa-search-plus'><\/i><\/a><\/td><\/tr><tr><td>Oramas Royo<\/td><td>Sandra Mar\u00eda<\/td><td><a href=mailto:soramas@ull.es>soramas@ull.es<\/a><\/td><td>Qu\u00edmica Org\u00e1nica<\/td><td>Profesor Sustituto<\/td><td>PDI<\/td><td><a class='btn-directorio' href='https:\/\/www.ull.es\/directorio\/search\/?busqueda=Sandra Mar\u00eda Oramas Royo' target='_blank'><i class='fa fa-search-plus'><\/i><\/a><\/td><\/tr><tr><td>Padr\u00f3n Carrillo<\/td><td>Jos\u00e9 Manuel<\/td><td><a href=mailto:jmpadron@ull.es>jmpadron@ull.es<\/a><\/td><td>Qu\u00edmica Org\u00e1nica<\/td><td>Catedratico de Universidad<\/td><td>PDI<\/td><td><a class='btn-directorio' href='https:\/\/www.ull.es\/directorio\/search\/?busqueda=Jos\u00e9 Manuel Padr\u00f3n Carrillo' target='_blank'><i class='fa fa-search-plus'><\/i><\/a><\/td><\/tr><tr><td>Palaz\u00f3n L\u00f3pez<\/td><td>Jos\u00e9 Mar\u00eda<\/td><td><a href=mailto:jpalazon@ull.es>jpalazon@ull.es<\/a><\/td><td>Qu\u00edmica Org\u00e1nica<\/td><td>Profesor Titular Universidad<\/td><td>PDI<\/td><td><a class='btn-directorio' href='https:\/\/www.ull.es\/directorio\/search\/?busqueda=Jos\u00e9 Mar\u00eda Palaz\u00f3n L\u00f3pez' target='_blank'><i class='fa fa-search-plus'><\/i><\/a><\/td><\/tr><tr><td>Palenzuela L\u00f3pez<\/td><td>Jos\u00e9 Antonio<\/td><td><a href=mailto:jpalenz@ull.es>jpalenz@ull.es<\/a><\/td><td>Qu\u00edmica Org\u00e1nica<\/td><td>Catedratico de Universidad<\/td><td>PDI<\/td><td><a class='btn-directorio' href='https:\/\/www.ull.es\/directorio\/search\/?busqueda=Jos\u00e9 Antonio Palenzuela L\u00f3pez' target='_blank'><i class='fa fa-search-plus'><\/i><\/a><\/td><\/tr><tr><td>Ravelo Socas<\/td><td>Jos\u00e9 Luis<\/td><td><a href=mailto:jravelo@ull.es>jravelo@ull.es<\/a><\/td><td>Qu\u00edmica Org\u00e1nica<\/td><td>Profesor Titular Universidad<\/td><td>PDI<\/td><td><a class='btn-directorio' href='https:\/\/www.ull.es\/directorio\/search\/?busqueda=Jos\u00e9 Luis Ravelo Socas' target='_blank'><i class='fa fa-search-plus'><\/i><\/a><\/td><\/tr><tr><td>Rodr\u00edguez \u00c1lvarez<\/td><td>Sandra<\/td><td><a href=mailto:srodriga@ull.es>srodriga@ull.es<\/a><\/td><td>Qu\u00edmica Org\u00e1nica<\/td><td>Profesor Sustituto<\/td><td>PDI<\/td><td><a class='btn-directorio' href='https:\/\/www.ull.es\/directorio\/search\/?busqueda=Sandra Rodr\u00edguez \u00c1lvarez' target='_blank'><i class='fa fa-search-plus'><\/i><\/a><\/td><\/tr><tr><td>Rodr\u00edguez Caro<\/td><td>Juan Francisco<\/td><td><a href=mailto:jrodrcar@ull.es>jrodrcar@ull.es<\/a><\/td><td>Qu\u00edmica Org\u00e1nica<\/td><td>Pers. Inv. en form. FPI\/FPU PREDOCTORAL<\/td><td>INV<\/td><td><a class='btn-directorio' href='https:\/\/www.ull.es\/directorio\/search\/?busqueda=Juan Francisco Rodr\u00edguez Caro' target='_blank'><i class='fa fa-search-plus'><\/i><\/a><\/td><\/tr><tr><td>Rodr\u00edguez P\u00e9rez<\/td><td>Carmen Mar\u00eda<\/td><td><a href=mailto:cmrodri@ull.es>cmrodri@ull.es<\/a><\/td><td>Qu\u00edmica Org\u00e1nica<\/td><td>Profesor Titular Universidad<\/td><td>PDI<\/td><td><a class='btn-directorio' href='https:\/\/www.ull.es\/directorio\/search\/?busqueda=Carmen Mar\u00eda Rodr\u00edguez P\u00e9rez' target='_blank'><i class='fa fa-search-plus'><\/i><\/a><\/td><\/tr><tr><td>Saavedra Fern\u00e1ndez<\/td><td>Carlos Javier<\/td><td><a href=mailto:csaavedr@ull.es>csaavedr@ull.es<\/a><\/td><td>Qu\u00edmica Org\u00e1nica<\/td><td>Profesor Permanente Laboral<\/td><td>PDI<\/td><td><a class='btn-directorio' href='https:\/\/www.ull.es\/directorio\/search\/?busqueda=Carlos Javier Saavedra Fern\u00e1ndez' target='_blank'><i class='fa fa-search-plus'><\/i><\/a><\/td><\/tr><tr><td>San Andr\u00e9s Tejera<\/td><td>Luc\u00eda<\/td><td><a href=mailto:landrest@ull.es>landrest@ull.es<\/a><\/td><td>Qu\u00edmica Org\u00e1nica<\/td><td>Profesor Titular Universidad<\/td><td>PDI<\/td><td><a class='btn-directorio' href='https:\/\/www.ull.es\/directorio\/search\/?busqueda=Luc\u00eda San Andr\u00e9s Tejera' target='_blank'><i class='fa fa-search-plus'><\/i><\/a><\/td><\/tr><tr><td>Souto Su\u00e1rez<\/td><td>M\u00aa Luisa<\/td><td><a href=mailto:msouto@ull.es>msouto@ull.es<\/a><\/td><td>Qu\u00edmica Org\u00e1nica<\/td><td>Profesor Titular Universidad<\/td><td>PDI<\/td><td><a class='btn-directorio' href='https:\/\/www.ull.es\/directorio\/search\/?busqueda=M\u00aa Luisa Souto Su\u00e1rez' target='_blank'><i class='fa fa-search-plus'><\/i><\/a><\/td><\/tr>        <\/tbody>\n    <\/table>\n<\/div>\n\n<script>\n\t\njQuery.extend( jQuery.fn.dataTableExt.oSort, {\n    \"chinese-string-asc\" : function (s1, s2) {\n        return s1.localeCompare(s2);\n    },\n \n    \"chinese-string-desc\" : function (s1, s2) {\n        return s2.localeCompare(s1);\n    }\n} );\n\t\n$(document).ready(function() {\n\n        $('#personal').DataTable( {\n            \"dom\": \"\" +\n            \"<'row'<'col-sm-9 toolbar'><'col-sm-3'f>>\" +\n            \"<'row tabla'<'col-sm-12'tr>>\" +\n            \"<'row'<'col-sm-5'i><'col-sm-7'p>>\"\n            ,\n            \"language\": {\n                \"url\": \"\/\/cdn.datatables.net\/plug-ins\/1.10.15\/i18n\/Spanish.json\"\n            },\n\n         columnDefs: [{ type: 'chinese-string', targets: 0 }],\n\n\n\t initComplete: function () {\n\n                this.api().columns([3]).every( function () {\n                    var column = this;\n                    var select = $('<select class=\"form-control input-sm\"><option value=\"\">Mostrar todas las \u00e1reas de conocimiento<\/option><\/select>')\n                        .appendTo( $('div.toolbar') )\n                        .on( 'change', function () {\n                            var val = $.fn.dataTable.util.escapeRegex(\n                                $(this).val()\n                            );\n\n                            column\n                                .search( val ? '^'+val+'$' : '', true, false )\n                                .draw();\n                        } );\n\n                    column.data().unique().sort().each( function ( d, j ) {\n                        select.append( '<option value=\"'+d+'\">'+d+'<\/option>' )\n                    } );\n\n                } );\n                this.api().columns([5]).every( function () {\n                    var column = this;\n                    var select = $('<select class=\"form-control input-sm\"><option value=\"\">Mostrar todos los roles<\/option><\/select>')\n                        .appendTo( $('div.toolbar') )\n                        .on( 'change', function () {\n                            var val = $.fn.dataTable.util.escapeRegex(\n                                $(this).val()\n                            );\n\n                            column\n                                .search( val ? '^'+val+'$' : '', true, false )\n                                .draw();\n                        } );\n\n                    column.data().unique().sort().each( function ( d, j ) {\n                        select.append( '<option value=\"'+d+'\">'+d+'<\/option>' )\n                    } );\n                } );\n            }\n        } );\n\n    } );\n<\/script>\n[\/vc_column_text][\/vc_column][\/vc_row]<\/p>\n","protected":false},"excerpt":{"rendered":"<p>[vc_row css=\u00bb.vc_custom_1497445297003{margin-bottom: 20px !important;}\u00bb][vc_column][vc_column_text] Personal [\/vc_column_text][\/vc_column][\/vc_row][vc_row][vc_column][vc_column_text][\/vc_column_text][\/vc_column][\/vc_row]<\/p>\n","protected":false},"author":1,"featured_media":0,"parent":0,"menu_order":0,"comment_status":"closed","ping_status":"closed","template":"","meta":[],"_links":{"self":[{"href":"https:\/\/www.ull.es\/departamentos\/quimica-organica\/wp-json\/wp\/v2\/pages\/16"}],"collection":[{"href":"https:\/\/www.ull.es\/departamentos\/quimica-organica\/wp-json\/wp\/v2\/pages"}],"about":[{"href":"https:\/\/www.ull.es\/departamentos\/quimica-organica\/wp-json\/wp\/v2\/types\/page"}],"author":[{"embeddable":true,"href":"https:\/\/www.ull.es\/departamentos\/quimica-organica\/wp-json\/wp\/v2\/users\/1"}],"replies":[{"embeddable":true,"href":"https:\/\/www.ull.es\/departamentos\/quimica-organica\/wp-json\/wp\/v2\/comments?post=16"}],"version-history":[{"count":16,"href":"https:\/\/www.ull.es\/departamentos\/quimica-organica\/wp-json\/wp\/v2\/pages\/16\/revisions"}],"predecessor-version":[{"id":291,"href":"https:\/\/www.ull.es\/departamentos\/quimica-organica\/wp-json\/wp\/v2\/pages\/16\/revisions\/291"}],"wp:attachment":[{"href":"https:\/\/www.ull.es\/departamentos\/quimica-organica\/wp-json\/wp\/v2\/media?parent=16"}],"curies":[{"name":"wp","href":"https:\/\/api.w.org\/{rel}","templated":true}]}}