{"id":83,"date":"2017-05-11T12:37:19","date_gmt":"2017-05-11T12:37:19","guid":{"rendered":"http:\/\/www.ull.es\/departamentos\/ingenieria-informatica-sistemas\/?page_id=9"},"modified":"2018-06-13T10:35:19","modified_gmt":"2018-06-13T10:35:19","slug":"informacion-ubicacion-y-contacto","status":"publish","type":"page","link":"https:\/\/www.ull.es\/departamentos\/quimica-organica\/informacion-ubicacion-y-contacto\/","title":{"rendered":"Informaci\u00f3n, ubicaci\u00f3n y contacto"},"content":{"rendered":"<p>[vc_row][vc_column width=\u00bb2\/3&#8243; el_class=\u00bbpadding-50-right\u00bb css=\u00bb.vc_custom_1494506721665{padding-right: 50px !important;}\u00bb][vc_column_text]<\/p>\n<h1>Presentaci\u00f3n<\/h1>\n<p>[\/vc_column_text][vc_column_text el_id=\u00bbpresentacion\u00bb]\n<div class=\"shortcode-descripcion\">\n    <p>El Departamento de Qu\u00edmica Org\u00e1nica es el \u00f3rgano encargado de organizar, desarrollar y coordinar las ense\u00f1anzas propias del \u00e1rea de conocimiento adscrita al mismo. Imparte docencia en las Secciones de Qu\u00edmica y Biolog\u00eda, en la Facultad de Farmacia, en la Escuela Polit\u00e9cnica Superior de Ingenier\u00eda y en la Escuela Superior de Ingenier\u00eda y Tecnolog\u00eda. Tambi\u00e9n imparte docencia de posgrado en los M\u00e1steres Universitarios en Qu\u00edmica, en Biomedicina, en Gesti\u00f3n e Innovaci\u00f3n Tecnol\u00f3gica en la Construcci\u00f3n y en el de Biolog\u00eda Marina: Biodiversidad y Conservaci\u00f3n, as\u00ed como en el M\u00e1ster Interuniversitario en Formaci\u00f3n del Profesorado de Educaci\u00f3n Secundaria Obligatoria y Bachillerato, Formaci\u00f3n Profesional y Ense\u00f1anzas de Idiomas. Adem\u00e1s, participa en el Programa de Doctorado de Qu\u00edmica e Ingenier\u00eda Qu\u00edmica. El Departamento de Qu\u00edmica Org\u00e1nica tambi\u00e9n es el \u00f3rgano encargado de apoyar la actividad investigadora de sus miembros. Esta labor se lleva a cabo principalmente en el Instituto Universitario de Bio-org\u00e1nica Antonio Gonz\u00e1lez y en el Instituto de productos Naturales y Agrobiolog\u00eda del CSIC.<\/p><\/div>\n\n[\/vc_column_text][vc_empty_space height=\u00bb40px\u00bb][vc_column_text el_id=\u00bbareas-de-conocimiento\u00bb]\n<style>\n    .shortcode-areas h2 {\n        margin-bottom: 10px !important;\n    }\n<\/style>\n\n<div class=\"shortcode-areas\">\n    <h2>\u00c1reas de conocimiento<\/h2><ul><li>Qu\u00edmica Org\u00e1nica<\/li><\/ul><\/div>\n\n[\/vc_column_text][vc_empty_space height=\u00bb40px\u00bb][vc_column_text el_id=\u00bborganigrama\u00bb]<\/p>\n<h1>Organigrama<\/h1>\n<p>[\/vc_column_text][vc_column_text]\n<style>\n    .shortcode-equipo h2 {\n        margin-bottom: 10px !important;\n    }\n<\/style>\n\n<div class=\"shortcode-equipo\">\n    <h2>Equipo de direcci\u00f3n<\/h2><dl><dt><strong>Director<\/strong><\/dt><dd> <a href='https:\/\/www.ull.es\/directorio\/search\/?busqueda=Jos\u00e9 Mar\u00eda Palaz\u00f3n L\u00f3pez' target='_blank'>Jos\u00e9 Mar\u00eda Palaz\u00f3n L\u00f3pez<\/a><\/dd><dt><strong>Secretaria<\/strong><\/dt><dd> <a href='https:\/\/www.ull.es\/directorio\/search\/?busqueda=Luc\u00eda San Andr\u00e9s Tejera' target='_blank'>Luc\u00eda San Andr\u00e9s Tejera<\/a><\/dd><\/dl><h2>Personal de administraci\u00f3n<\/h2><dl><dt><strong>Administrativa<\/strong><\/dt><dd> <a href='https:\/\/www.ull.es\/directorio\/search\/?busqueda=Silvia Negr\u00edn Coello' target='_blank'>Silvia Negr\u00edn Coello<\/a><\/dd><dt><strong>T\u00e9cnicos de laboratorio<\/strong><\/dt><dd> <a href='https:\/\/www.ull.es\/directorio\/search\/?busqueda=Antonio Falcon Mac\u00edas' target='_blank'>Antonio Falcon Mac\u00edas<\/a><\/dd><dd> <a href='https:\/\/www.ull.es\/directorio\/search\/?busqueda=Inmaculada Gonz\u00e1lez Vera' target='_blank'>Inmaculada Gonz\u00e1lez Vera<\/a><\/dd><dt><strong>Oficiales de laboratorio<\/strong><\/dt><dd> <a href='https:\/\/www.ull.es\/directorio\/search\/?busqueda=Alejandra Casanova Rodr\u00edguez' target='_blank'>Alejandra Casanova Rodr\u00edguez<\/a><\/dd><dd> <a href='https:\/\/www.ull.es\/directorio\/search\/?busqueda=Manuel Hern\u00e1ndez Padr\u00f3n' target='_blank'>Manuel Hern\u00e1ndez Padr\u00f3n<\/a><\/dd><\/dl>\n<\/div>\n[\/vc_column_text][\/vc_column][vc_column width=\u00bb1\/3&#8243;][vc_column_text]<a class=\"btn-destacado\" href=\"https:\/\/riull.ull.es\/xmlui\/handle\/915\/6068\" target=\"_blank\" rel=\"noopener\" target=\"_blank\" rel=\"noopener\">Consultar normativa del departamento<i class=\"fa fa-arrow-right\"><\/i><\/a>[\/vc_column_text][vc_column_text]<a class=\"btn-destacado\" href=\"https:\/\/docs.google.com\/spreadsheets\/d\/e\/2PACX-1vSdt0WTSJJaVlvbBIc9_Tn1rHr14DiRS8x6oLUlJWRCGa314ghF66jPtTe52XQGli71jsjKj_fAhpDU\/pubhtml\" target=\"_blank\" rel=\"noopener\" target=\"_blank\" rel=\"noopener\">Consultar comisiones del departamento<i class=\"fa fa-arrow-right\"><\/i><\/a>[\/vc_column_text][vc_column_text]\n<ul class=\"widget-box\">\n<li class='contacto-header'>Informaci\u00f3n de contacto<\/li><li><i class=\"fa fa-map-marker\"><\/i> Avenida Astrof\u00edsico Francisco S\u00e1nchez, s\/n. Facultad de Farmacia. Apartado 456. C\u00f3digo postal 38200. San Crist\u00f3bal de La Laguna. S\/C de Tenerife<\/li><li><i class=\"fa fa-phone\"><\/i> (+34) 922 31 84 46<\/li><li><i class=\"fa fa-address-book-o\"><\/i> <a target=\"_blank\" href=\"https:\/\/www.ull.es\/directorio\/search\/?busqueda_uo=quimica-organica\">Directorio<\/a><\/li><li><i class=\"fa fa-envelope\"><\/i>  <a href=mailto:quiorg@ull.es>quiorg@ull.es<\/a><\/li>\n<\/ul>\n\n[\/vc_column_text][vc_column_text el_id=\u00bbubicacion\u00bb]\n    \n<style>\n    .google-maps {\n        position: relative;\n        padding-bottom: 75%;\n        height: 0;\n        overflow: hidden;\n    }\n    .google-maps iframe {\n        position: absolute;\n        top: 0;\n        left: 0;\n        width: 100% !important;\n        height: 100% !important;\n    }\n<\/style>\n\n\n<div class=\"google-maps\">\n    <iframe src=\"https:\/\/www.openstreetmap.org\/export\/embed.html?bbox=-16.32470317411%2C28.47465304426%2C-16.31855936452%2C28.48046526654&amp;layer=mapnik&amp;marker=28.478836%2C-16.321877\" style=\"border: 1px solid black\"><\/iframe>\n<\/div>\n\n<div class=\"btn-widget\">\n    <a href=\"https:\/\/www.openstreetmap.org\/directions?engine=graphhopper_car&from=&to=28.478836%2C-16.321877#map=17\/28.478836\/-16.321877\">C\u00f3mo llegar<\/a>  \n<\/div>\n\n  <\/body>\n<\/html>\n\n[\/vc_column_text][\/vc_column][\/vc_row]<\/p>\n","protected":false},"excerpt":{"rendered":"<p>[vc_row][vc_column width=\u00bb2\/3&#8243; el_class=\u00bbpadding-50-right\u00bb css=\u00bb.vc_custom_1494506721665{padding-right: 50px !important;}\u00bb][vc_column_text] Presentaci\u00f3n [\/vc_column_text][vc_column_text el_id=\u00bbpresentacion\u00bb][\/vc_column_text][vc_empty_space height=\u00bb40px\u00bb][vc_column_text el_id=\u00bbareas-de-conocimiento\u00bb][\/vc_column_text][vc_empty_space height=\u00bb40px\u00bb][vc_column_text el_id=\u00bborganigrama\u00bb] Organigrama [\/vc_column_text][vc_column_text][\/vc_column_text][\/vc_column][vc_column width=\u00bb1\/3&#8243;][vc_column_text]Consultar normativa del departamento[\/vc_column_text][vc_column_text]Consultar comisiones del departamento[\/vc_column_text][vc_column_text][\/vc_column_text][vc_column_text el_id=\u00bbubicacion\u00bb][\/vc_column_text][\/vc_column][\/vc_row]<\/p>\n","protected":false},"author":1,"featured_media":0,"parent":0,"menu_order":0,"comment_status":"closed","ping_status":"closed","template":"","meta":[],"_links":{"self":[{"href":"https:\/\/www.ull.es\/departamentos\/quimica-organica\/wp-json\/wp\/v2\/pages\/83"}],"collection":[{"href":"https:\/\/www.ull.es\/departamentos\/quimica-organica\/wp-json\/wp\/v2\/pages"}],"about":[{"href":"https:\/\/www.ull.es\/departamentos\/quimica-organica\/wp-json\/wp\/v2\/types\/page"}],"author":[{"embeddable":true,"href":"https:\/\/www.ull.es\/departamentos\/quimica-organica\/wp-json\/wp\/v2\/users\/1"}],"replies":[{"embeddable":true,"href":"https:\/\/www.ull.es\/departamentos\/quimica-organica\/wp-json\/wp\/v2\/comments?post=83"}],"version-history":[{"count":25,"href":"https:\/\/www.ull.es\/departamentos\/quimica-organica\/wp-json\/wp\/v2\/pages\/83\/revisions"}],"predecessor-version":[{"id":303,"href":"https:\/\/www.ull.es\/departamentos\/quimica-organica\/wp-json\/wp\/v2\/pages\/83\/revisions\/303"}],"wp:attachment":[{"href":"https:\/\/www.ull.es\/departamentos\/quimica-organica\/wp-json\/wp\/v2\/media?parent=83"}],"curies":[{"name":"wp","href":"https:\/\/api.w.org\/{rel}","templated":true}]}}