{"id":318,"date":"2019-02-28T08:06:35","date_gmt":"2019-02-28T08:06:35","guid":{"rendered":"http:\/\/www.ull.es\/departamentos\/quimica\/?page_id=318"},"modified":"2026-03-04T13:45:11","modified_gmt":"2026-03-04T13:45:11","slug":"oferta-de-plazas","status":"publish","type":"page","link":"https:\/\/www.ull.es\/departamentos\/quimica\/oferta-de-plazas\/","title":{"rendered":"Oferta de plazas"},"content":{"rendered":"<p>[vc_row][vc_column][vc_column_text]<\/p>\n<h1>Oferta de plazas<\/h1>\n<p>[\/vc_column_text][\/vc_column][\/vc_row][vc_row][vc_column][vc_tta_accordion c_icon=\u00bbchevron\u00bb c_position=\u00bbright\u00bb active_section=\u00bb0&#8243; no_fill=\u00bbtrue\u00bb collapsible_all=\u00bbtrue\u00bb][vc_tta_section title=\u00bb\u00c1rea de Qu\u00edmica Anal\u00edtica: Profesor\/a Ayudante Doctor DL2631&#8243; tab_id=\u00bbDL2631&#8243;][vc_column_text]<a href=\"https:\/\/www.ull.es\/portal\/convocatorias\/convocatoria\/resolucion-de-12-de-febrero-de-2026-por-la-que-se-aprueba-la-convocatoria-de-contratacion-para-la-provision-de-plazas-de-personal-docente-e-investigador-contratado-temporal-en-regimen-de-derecho-lab\/\" target=\"_blank\" rel=\"noopener\">Convocatoria<\/a>[\/vc_column_text][\/vc_tta_section][vc_tta_section title=\u00bbBolsa de Profesorado Sustituto. \u00c1rea Qu\u00edmica Anal\u00edtica\u00bb tab_id=\u00bbquimica-analitica\u00bb][vc_column_text]<\/p>\n<ul>\n<li><a href=\"https:\/\/sede.ull.es\/ecivilis-site\/bulletinBoard\/showBulletin\/58461:1\" target=\"_blank\" rel=\"noopener\" target=\"_blank\" rel=\"noopener\">Adjudicaci\u00f3n definitiva bolsa de sustituci\u00f3n Qu\u00edmica Anal\u00edtica<\/a><\/li>\n<\/ul>\n<p>[\/vc_column_text][\/vc_tta_section][vc_tta_section title=\u00bbBolsa de Profesorado Sustituto. \u00c1rea Qu\u00edmica F\u00edsica\u00bb tab_id=\u00bbquimica-fisica\u00bb][vc_column_text]<\/p>\n<ul>\n<li><a href=\"https:\/\/sede.ull.es\/ecivilis-site\/bulletinBoard\/showBulletin\/58747:1\" target=\"_blank\" rel=\"noopener\">Adjudicaci\u00f3n de bolsa de sustituci\u00f3n 1<\/a><\/li>\n<li><a href=\"https:\/\/www.ull.es\/portal\/convocatorias\/convocatoria\/resolucion-del-vicerrector-de-personal-docente-e-investigador-de-la-ull-por-la-que-se-aprueba-la-convocatoria-para-la-provision-de-bolsas-de-sustitucion\/#1770717786535-9862c810-5898\" target=\"_blank\" rel=\"noopener\">Nueva convocatoria de bolsa de sustituci\u00f3n<\/a><\/li>\n<\/ul>\n<p>[\/vc_column_text][\/vc_tta_section][vc_tta_section title=\u00bbBolsa de Profesorado Sustituto. \u00c1rea Qu\u00edmica Inorg\u00e1nica\u00bb tab_id=\u00bbquimica-inorganica\u00bb][vc_column_text]<a href=\"https:\/\/sede.ull.es\/ecivilis-site\/bulletinBoard\/showBulletin\/58748:1\" target=\"_blank\" rel=\"noopener\">Adjudicaci\u00f3n definitiva de bolsa de sustituci\u00f3n<\/a>[\/vc_column_text][\/vc_tta_section][\/vc_tta_accordion][\/vc_column][\/vc_row]<\/p>\n","protected":false},"excerpt":{"rendered":"<p>[vc_row][vc_column][vc_column_text] Oferta de plazas [\/vc_column_text][\/vc_column][\/vc_row][vc_row][vc_column][vc_tta_accordion c_icon=\u00bbchevron\u00bb c_position=\u00bbright\u00bb active_section=\u00bb0&#8243; no_fill=\u00bbtrue\u00bb collapsible_all=\u00bbtrue\u00bb][vc_tta_section title=\u00bb\u00c1rea de Qu\u00edmica Anal\u00edtica: Profesor\/a Ayudante Doctor DL2631&#8243; tab_id=\u00bbDL2631&#8243;][vc_column_text]Convocatoria[\/vc_column_text][\/vc_tta_section][vc_tta_section title=\u00bbBolsa de Profesorado Sustituto. \u00c1rea Qu\u00edmica Anal\u00edtica\u00bb tab_id=\u00bbquimica-analitica\u00bb][vc_column_text] Adjudicaci\u00f3n definitiva bolsa de sustituci\u00f3n Qu\u00edmica Anal\u00edtica [\/vc_column_text][\/vc_tta_section][vc_tta_section title=\u00bbBolsa de Profesorado Sustituto. \u00c1rea Qu\u00edmica F\u00edsica\u00bb tab_id=\u00bbquimica-fisica\u00bb][vc_column_text] Adjudicaci\u00f3n de bolsa de sustituci\u00f3n 1 Nueva convocatoria de bolsa de sustituci\u00f3n&#8230;<\/p>\n","protected":false},"author":3,"featured_media":0,"parent":0,"menu_order":0,"comment_status":"closed","ping_status":"closed","template":"","meta":[],"_links":{"self":[{"href":"https:\/\/www.ull.es\/departamentos\/quimica\/wp-json\/wp\/v2\/pages\/318"}],"collection":[{"href":"https:\/\/www.ull.es\/departamentos\/quimica\/wp-json\/wp\/v2\/pages"}],"about":[{"href":"https:\/\/www.ull.es\/departamentos\/quimica\/wp-json\/wp\/v2\/types\/page"}],"author":[{"embeddable":true,"href":"https:\/\/www.ull.es\/departamentos\/quimica\/wp-json\/wp\/v2\/users\/3"}],"replies":[{"embeddable":true,"href":"https:\/\/www.ull.es\/departamentos\/quimica\/wp-json\/wp\/v2\/comments?post=318"}],"version-history":[{"count":118,"href":"https:\/\/www.ull.es\/departamentos\/quimica\/wp-json\/wp\/v2\/pages\/318\/revisions"}],"predecessor-version":[{"id":456,"href":"https:\/\/www.ull.es\/departamentos\/quimica\/wp-json\/wp\/v2\/pages\/318\/revisions\/456"}],"wp:attachment":[{"href":"https:\/\/www.ull.es\/departamentos\/quimica\/wp-json\/wp\/v2\/media?parent=318"}],"curies":[{"name":"wp","href":"https:\/\/api.w.org\/{rel}","templated":true}]}}