{"id":16,"date":"2017-05-11T12:57:04","date_gmt":"2017-05-11T12:57:04","guid":{"rendered":"http:\/\/www.ull.es\/departamentos\/ingenieria-informatica-sistemas\/?page_id=16"},"modified":"2017-10-09T12:56:57","modified_gmt":"2017-10-09T12:56:57","slug":"personal","status":"publish","type":"page","link":"https:\/\/www.ull.es\/departamentos\/tecnicas-y-proyectos-en-ingenieria-y-arquitectura\/personal\/","title":{"rendered":"Personal"},"content":{"rendered":"<p>[vc_row css=\u00bb.vc_custom_1497445297003{margin-bottom: 20px !important;}\u00bb][vc_column][vc_column_text]<\/p>\n<h1>Personal<\/h1>\n<p>[\/vc_column_text][\/vc_column][\/vc_row][vc_row][vc_column][vc_column_text]\n<link rel=\"stylesheet\" href=\"https:\/\/cdn.datatables.net\/1.10.15\/css\/dataTables.bootstrap.min.css\">\n<script src=\"https:\/\/cdn.datatables.net\/1.10.15\/js\/jquery.dataTables.min.js\"><\/script>\n<script src=\"https:\/\/cdn.datatables.net\/1.10.15\/js\/dataTables.bootstrap.min.js\"><\/script>\n<script src=\"https:\/\/cdn.datatables.net\/plug-ins\/1.10.21\/sorting\/chinese-string.js\"><\/script>\n\n<style>\n\n    #personal {\n        font-size: 13px;\n    }\n\n    .row.tabla{\n        margin-bottom: 20px !important;\n        margin-top: 20px !important;\n        font-size: 14px;\n    }\n\n    div.toolbar{\n        \/*text-align: center;*\/\n    }\n\n    .input-sm {\n        font-size: 16px;\n        \/* max-width: 200px;*\/\n    }\n\n    div.toolbar select{\n        margin: 0 10px;\n    }\n\n    table.dataTable thead .sorting:after {\n        opacity: 0.2;\n        content: \"\\f0ec\";\n        -webkit-transform: rotate(90deg);\n        -moz-transform: rotate(90deg);\n        -o-transform: rotate(90deg);\n        -ms-transform: rotate(90deg);\n        transform: rotate(90deg);\n    }\n\n    table.dataTable thead .sorting_asc:after {\n        content: \"\\f160\";\n    }\n    table.dataTable thead .sorting_desc:after {\n        content: \"\\f161 \";\n    }\n    table.dataTable thead .sorting:after, table.dataTable thead .sorting_asc:after, table.dataTable thead .sorting_desc:after, table.dataTable thead .sorting_asc_disabled:after, table.dataTable thead .sorting_desc_disabled:after {\n        font-family: 'FontAwesome';\n    }\n\n    .btn-directorio {\n        font-size: 13px;\n        text-align: center;\n        display: block;\n    }\n\n<\/style>\n\n<div class=\"table-responsive\">\n    <table id=\"personal\" class=\"table table-bordered table-condensed table-hover\" cellspacing=\"0\" width=\"100%\"  data-page-length=\"25\">\n        <thead>\n        <tr>\n            <th>Apellidos<\/th>\n            <th>Nombre<\/th>\n            <th>Email<\/th>\n            <th>\u00c1rea<\/th>\n            <th>Categor\u00eda<\/th>\n            <th>Rol<\/th>\n            <th>Info.<\/th>\n        <\/tr>\n        <\/thead>\n\n        <tbody>\n        <tr><td>Gonz\u00e1lez G\u00f3mez<\/td><td>Javier<\/td><td><a href=mailto:jgonzgom@ull.es>jgonzgom@ull.es<\/a><\/td><td>Ingenier\u00eda de la Construcci\u00f3n<\/td><td>Profesor Sustituto<\/td><td>PDI<\/td><td><a class='btn-directorio' href='https:\/\/www.ull.es\/directorio\/search\/?busqueda=Javier Gonz\u00e1lez G\u00f3mez' target='_blank'><i class='fa fa-search-plus'><\/i><\/a><\/td><\/tr><tr><td>Guti\u00e9rrez Garc\u00eda<\/td><td>Francisco Javier<\/td><td><a href=mailto:fjguti@ull.es>fjguti@ull.es<\/a><\/td><td>Ingenier\u00eda de la Construcci\u00f3n<\/td><td>Profesor Contratado Doctor (1)<\/td><td>PDI<\/td><td><a class='btn-directorio' href='https:\/\/www.ull.es\/directorio\/search\/?busqueda=Francisco Javier Guti\u00e9rrez Garc\u00eda' target='_blank'><i class='fa fa-search-plus'><\/i><\/a><\/td><\/tr><tr><td>L\u00f3pez de Armas<\/td><td>Iris<\/td><td><a href=mailto:ilopezar@ull.es>ilopezar@ull.es<\/a><\/td><td>Ingenier\u00eda de la Construcci\u00f3n<\/td><td>Profesor Sustituto<\/td><td>PDI<\/td><td><a class='btn-directorio' href='https:\/\/www.ull.es\/directorio\/search\/?busqueda=Iris L\u00f3pez de Armas' target='_blank'><i class='fa fa-search-plus'><\/i><\/a><\/td><\/tr><tr><td>P\u00e9rez D\u00edaz<\/td><td>Pedro Antonio<\/td><td><a href=mailto:pperdiaz@ull.es>pperdiaz@ull.es<\/a><\/td><td>Ingenier\u00eda de la Construcci\u00f3n<\/td><td>Profesor Asociado<\/td><td>PDI<\/td><td><a class='btn-directorio' href='https:\/\/www.ull.es\/directorio\/search\/?busqueda=Pedro Antonio P\u00e9rez D\u00edaz' target='_blank'><i class='fa fa-search-plus'><\/i><\/a><\/td><\/tr><tr><td>Pilo de Amuedo<\/td><td>Rafael<\/td><td><a href=mailto:rapilo@ull.es>rapilo@ull.es<\/a><\/td><td>Ingenier\u00eda de la Construcci\u00f3n<\/td><td>Profesor Titular Escuela Univ.<\/td><td>PDI<\/td><td><a class='btn-directorio' href='https:\/\/www.ull.es\/directorio\/search\/?busqueda=Rafael Pilo de Amuedo' target='_blank'><i class='fa fa-search-plus'><\/i><\/a><\/td><\/tr><tr><td>Rodr\u00edguez D\u00edaz<\/td><td>Nuria In\u00e9s<\/td><td><a href=mailto:nuinrodi@ull.es>nuinrodi@ull.es<\/a><\/td><td>Ingenier\u00eda de la Construcci\u00f3n<\/td><td>Profesor Titular Escuela Univ.<\/td><td>PDI<\/td><td><a class='btn-directorio' href='https:\/\/www.ull.es\/directorio\/search\/?busqueda=Nuria In\u00e9s Rodr\u00edguez D\u00edaz' target='_blank'><i class='fa fa-search-plus'><\/i><\/a><\/td><\/tr><tr><td>Sabina Gonz\u00e1lez<\/td><td>Jos\u00e9 Antonio<\/td><td><a href=mailto:jsabinag@ull.es>jsabinag@ull.es<\/a><\/td><td>Ingenier\u00eda de la Construcci\u00f3n<\/td><td>Contratado Laboral de Interinidad<\/td><td>PDI<\/td><td><a class='btn-directorio' href='https:\/\/www.ull.es\/directorio\/search\/?busqueda=Jos\u00e9 Antonio Sabina Gonz\u00e1lez' target='_blank'><i class='fa fa-search-plus'><\/i><\/a><\/td><\/tr><tr><td>Valbuena Alonso<\/td><td>Jos\u00e9 Antonio<\/td><td><a href=mailto:javalbue@ull.es>javalbue@ull.es<\/a><\/td><td>Ingenier\u00eda de la Construcci\u00f3n<\/td><td>Profesor Titular Escuela Univ.<\/td><td>PDI<\/td><td><a class='btn-directorio' href='https:\/\/www.ull.es\/directorio\/search\/?busqueda=Jos\u00e9 Antonio Valbuena Alonso' target='_blank'><i class='fa fa-search-plus'><\/i><\/a><\/td><\/tr><tr><td>Alcover Brito<\/td><td>Felipe Santiago<\/td><td><a href=mailto:falcover@ull.es>falcover@ull.es<\/a><\/td><td>Mec\u00e1nica de Medios Cont\u00ednuos y Teor\u00eda de las Estructuras<\/td><td>Profesor Titular Escuela Univ.<\/td><td>PDI<\/td><td><a class='btn-directorio' href='https:\/\/www.ull.es\/directorio\/search\/?busqueda=Felipe Santiago Alcover Brito' target='_blank'><i class='fa fa-search-plus'><\/i><\/a><\/td><\/tr><tr><td>Jim\u00e9nez Llanos<\/td><td>Juan Jos\u00e9<\/td><td><a href=mailto:jjimenez@ull.es>jjimenez@ull.es<\/a><\/td><td>Mec\u00e1nica de Medios Cont\u00ednuos y Teor\u00eda de las Estructuras<\/td><td>Profesor Titular Escuela Univ.<\/td><td>PDI<\/td><td><a class='btn-directorio' href='https:\/\/www.ull.es\/directorio\/search\/?busqueda=Juan Jos\u00e9 Jim\u00e9nez Llanos' target='_blank'><i class='fa fa-search-plus'><\/i><\/a><\/td><\/tr><tr><td>Rodr\u00edguez Mart\u00edn<\/td><td>Jesica<\/td><td><a href=mailto:jrodrima@ull.es>jrodrima@ull.es<\/a><\/td><td>Mec\u00e1nica de Medios Cont\u00ednuos y Teor\u00eda de las Estructuras<\/td><td>Profesor Titular Universidad<\/td><td>PDI<\/td><td><a class='btn-directorio' href='https:\/\/www.ull.es\/directorio\/search\/?busqueda=Jesica Rodr\u00edguez Mart\u00edn' target='_blank'><i class='fa fa-search-plus'><\/i><\/a><\/td><\/tr><tr><td>Delgado Plasencia<\/td><td>Mar\u00eda Sonia<\/td><td><a href=mailto:sdelpla@ull.es>sdelpla@ull.es<\/a><\/td><td>Personal De Administraci\u00f3n Y Servicios<\/td><td>Administrativo<\/td><td>PAS<\/td><td><a class='btn-directorio' href='https:\/\/www.ull.es\/directorio\/search\/?busqueda=Mar\u00eda Sonia Delgado Plasencia' target='_blank'><i class='fa fa-search-plus'><\/i><\/a><\/td><\/tr><tr><td>Hern\u00e1ndez Fern\u00e1ndez<\/td><td>Miguel \u00c1ngel<\/td><td><a href=mailto:maherfer@ull.es>maherfer@ull.es<\/a><\/td><td>Personal De Administraci\u00f3n Y Servicios<\/td><td>Oficial<\/td><td>PAS<\/td><td><a class='btn-directorio' href='https:\/\/www.ull.es\/directorio\/search\/?busqueda=Miguel \u00c1ngel Hern\u00e1ndez Fern\u00e1ndez' target='_blank'><i class='fa fa-search-plus'><\/i><\/a><\/td><\/tr><tr><td>Hern\u00e1ndez Gonz\u00e1lez<\/td><td>Jos\u00e9 Mar\u00eda<\/td><td><a href=mailto:jherngon@ull.es>jherngon@ull.es<\/a><\/td><td>Personal De Administraci\u00f3n Y Servicios<\/td><td>Oficial<\/td><td>PAS<\/td><td><a class='btn-directorio' href='https:\/\/www.ull.es\/directorio\/search\/?busqueda=Jos\u00e9 Mar\u00eda Hern\u00e1ndez Gonz\u00e1lez' target='_blank'><i class='fa fa-search-plus'><\/i><\/a><\/td><\/tr><tr><td>Mart\u00edn Fumero<\/td><td>Sebasti\u00e1n Manuel<\/td><td><a href=mailto:smfume@ull.es>smfume@ull.es<\/a><\/td><td>Personal De Administraci\u00f3n Y Servicios<\/td><td>Oficial<\/td><td>PAS<\/td><td><a class='btn-directorio' href='https:\/\/www.ull.es\/directorio\/search\/?busqueda=Sebasti\u00e1n Manuel Mart\u00edn Fumero' target='_blank'><i class='fa fa-search-plus'><\/i><\/a><\/td><\/tr><tr><td>Mesa Quintero<\/td><td>Enrique Javier<\/td><td><a href=mailto:emesaqui@ull.es>emesaqui@ull.es<\/a><\/td><td>Personal De Administraci\u00f3n Y Servicios<\/td><td>Oficial<\/td><td>PAS<\/td><td><a class='btn-directorio' href='https:\/\/www.ull.es\/directorio\/search\/?busqueda=Enrique Javier Mesa Quintero' target='_blank'><i class='fa fa-search-plus'><\/i><\/a><\/td><\/tr><tr><td>Gonz\u00e1lez D\u00edaz<\/td><td>Eduardo<\/td><td><a href=mailto:egonza@ull.es>egonza@ull.es<\/a><\/td><td>Construcciones Arquitect\u00f3nicas<\/td><td>Profesor Titular Universidad<\/td><td>PDI<\/td><td><a class='btn-directorio' href='https:\/\/www.ull.es\/directorio\/search\/?busqueda=Eduardo Gonz\u00e1lez D\u00edaz' target='_blank'><i class='fa fa-search-plus'><\/i><\/a><\/td><\/tr><tr><td>Rodr\u00edguez Rodr\u00edguez<\/td><td>Efr\u00e9n<\/td><td><a href=mailto:erodriro@ull.es>erodriro@ull.es<\/a><\/td><td>Construcciones Arquitect\u00f3nicas<\/td><td>Profesor Sustituto<\/td><td>PDI<\/td><td><a class='btn-directorio' href='https:\/\/www.ull.es\/directorio\/search\/?busqueda=Efr\u00e9n Rodr\u00edguez Rodr\u00edguez' target='_blank'><i class='fa fa-search-plus'><\/i><\/a><\/td><\/tr><tr><td>Alonso Guti\u00e9rrez<\/td><td>Rosaura Lilibeth<\/td><td><a href=mailto:ralonsog@ull.es>ralonsog@ull.es<\/a><\/td><td>Expresi\u00f3n Gr\u00e1fica Arquitect\u00f3nica<\/td><td>Profesor Sustituto<\/td><td>PDI<\/td><td><a class='btn-directorio' href='https:\/\/www.ull.es\/directorio\/search\/?busqueda=Rosaura Lilibeth Alonso Guti\u00e9rrez' target='_blank'><i class='fa fa-search-plus'><\/i><\/a><\/td><\/tr><tr><td>Alonso L\u00f3pez<\/td><td>Jos\u00e9 Manuel<\/td><td><a href=mailto:jmalopez@ull.es>jmalopez@ull.es<\/a><\/td><td>Expresi\u00f3n Gr\u00e1fica Arquitect\u00f3nica<\/td><td>Profesor Titular Universidad<\/td><td>PDI<\/td><td><a class='btn-directorio' href='https:\/\/www.ull.es\/directorio\/search\/?busqueda=Jos\u00e9 Manuel Alonso L\u00f3pez' target='_blank'><i class='fa fa-search-plus'><\/i><\/a><\/td><\/tr><tr><td>Bethencourt Gallardo<\/td><td>Jos\u00e9 Domingo<\/td><td><a href=mailto:jbethenc@ull.es>jbethenc@ull.es<\/a><\/td><td>Expresi\u00f3n Gr\u00e1fica Arquitect\u00f3nica<\/td><td>Profesor Asociado<\/td><td>PDI<\/td><td><a class='btn-directorio' href='https:\/\/www.ull.es\/directorio\/search\/?busqueda=Jos\u00e9 Domingo Bethencourt Gallardo' target='_blank'><i class='fa fa-search-plus'><\/i><\/a><\/td><\/tr><tr><td>de Miguel Garc\u00eda<\/td><td>Silvia<\/td><td><a href=mailto:smiguelg@ull.es>smiguelg@ull.es<\/a><\/td><td>Expresi\u00f3n Gr\u00e1fica Arquitect\u00f3nica<\/td><td>Profesor Sustituto<\/td><td>PDI<\/td><td><a class='btn-directorio' href='https:\/\/www.ull.es\/directorio\/search\/?busqueda=Silvia de Miguel Garc\u00eda' target='_blank'><i class='fa fa-search-plus'><\/i><\/a><\/td><\/tr><tr><td>D\u00edaz Gonz\u00e1lez<\/td><td>Elena Mar\u00eda<\/td><td><a href=mailto:elediaz@ull.es>elediaz@ull.es<\/a><\/td><td>Expresi\u00f3n Gr\u00e1fica Arquitect\u00f3nica<\/td><td>Profesor Asociado<\/td><td>PDI<\/td><td><a class='btn-directorio' href='https:\/\/www.ull.es\/directorio\/search\/?busqueda=Elena Mar\u00eda D\u00edaz Gonz\u00e1lez' target='_blank'><i class='fa fa-search-plus'><\/i><\/a><\/td><\/tr><tr><td>D\u00f3lera Mart\u00ednez<\/td><td> Jos\u00e9 Luis<\/td><td><a href=mailto:jdoleram@ull.es>jdoleram@ull.es<\/a><\/td><td>Expresi\u00f3n Gr\u00e1fica Arquitect\u00f3nica<\/td><td>Profesor Asociado<\/td><td>PDI<\/td><td><a class='btn-directorio' href='https:\/\/www.ull.es\/directorio\/search\/?busqueda= Jos\u00e9 Luis D\u00f3lera Mart\u00ednez' target='_blank'><i class='fa fa-search-plus'><\/i><\/a><\/td><\/tr><tr><td>Lara Brice\u00f1o<\/td><td>Luisana Bella<\/td><td><a href=mailto:llarabri@ull.es>llarabri@ull.es<\/a><\/td><td>Expresi\u00f3n Gr\u00e1fica Arquitect\u00f3nica<\/td><td>Contratado Laboral de Interinidad<\/td><td>PDI<\/td><td><a class='btn-directorio' href='https:\/\/www.ull.es\/directorio\/search\/?busqueda=Luisana Bella Lara Brice\u00f1o' target='_blank'><i class='fa fa-search-plus'><\/i><\/a><\/td><\/tr><tr><td>Lorenzo P\u00e9rez<\/td><td>Ana Mar\u00eda<\/td><td><a href=mailto:amlorenz@ull.es>amlorenz@ull.es<\/a><\/td><td>Expresi\u00f3n Gr\u00e1fica Arquitect\u00f3nica<\/td><td>Profesor Titular Escuela Univ.<\/td><td>PDI<\/td><td><a class='btn-directorio' href='https:\/\/www.ull.es\/directorio\/search\/?busqueda=Ana Mar\u00eda Lorenzo P\u00e9rez' target='_blank'><i class='fa fa-search-plus'><\/i><\/a><\/td><\/tr><tr><td>Meli\u00e1n Meli\u00e1n<\/td><td>Juan Alejandro<\/td><td><a href=mailto:jamelian@ull.es>jamelian@ull.es<\/a><\/td><td>Expresi\u00f3n Gr\u00e1fica Arquitect\u00f3nica<\/td><td>Profesor Titular Universidad<\/td><td>PDI<\/td><td><a class='btn-directorio' href='https:\/\/www.ull.es\/directorio\/search\/?busqueda=Juan Alejandro Meli\u00e1n Meli\u00e1n' target='_blank'><i class='fa fa-search-plus'><\/i><\/a><\/td><\/tr><tr><td>Monz\u00f3n Pe\u00f1ate<\/td><td>Felipe Agust\u00edn<\/td><td><a href=mailto:fmonzon@ull.es>fmonzon@ull.es<\/a><\/td><td>Expresi\u00f3n Gr\u00e1fica Arquitect\u00f3nica<\/td><td>Profesor Titular Universidad<\/td><td>PDI<\/td><td><a class='btn-directorio' href='https:\/\/www.ull.es\/directorio\/search\/?busqueda=Felipe Agust\u00edn Monz\u00f3n Pe\u00f1ate' target='_blank'><i class='fa fa-search-plus'><\/i><\/a><\/td><\/tr><tr><td>Pino Su\u00e1rez<\/td><td>Ruth<\/td><td><a href=mailto:rpsuarez@ull.es>rpsuarez@ull.es<\/a><\/td><td>Expresi\u00f3n Gr\u00e1fica Arquitect\u00f3nica<\/td><td>Profesor Titular Universidad<\/td><td>PDI<\/td><td><a class='btn-directorio' href='https:\/\/www.ull.es\/directorio\/search\/?busqueda=Ruth Pino Su\u00e1rez' target='_blank'><i class='fa fa-search-plus'><\/i><\/a><\/td><\/tr><tr><td>Acosta Gonz\u00e1lez<\/td><td>Mar\u00eda Montserrat<\/td><td><a href=mailto:mmacosta@ull.es>mmacosta@ull.es<\/a><\/td><td>Expresi\u00f3n Gr\u00e1fica en la Ingenier\u00eda<\/td><td>Profesor Contratado Doctor (1)<\/td><td>PDI<\/td><td><a class='btn-directorio' href='https:\/\/www.ull.es\/directorio\/search\/?busqueda=Mar\u00eda Montserrat Acosta Gonz\u00e1lez' target='_blank'><i class='fa fa-search-plus'><\/i><\/a><\/td><\/tr><tr><td>Fari\u00f1a Rodr\u00edguez<\/td><td>F\u00e9lix Miguel<\/td><td><a href=mailto:ffarrod@ull.es>ffarrod@ull.es<\/a><\/td><td>Expresi\u00f3n Gr\u00e1fica en la Ingenier\u00eda<\/td><td>Profesor Asociado<\/td><td>PDI<\/td><td><a class='btn-directorio' href='https:\/\/www.ull.es\/directorio\/search\/?busqueda=F\u00e9lix Miguel Fari\u00f1a Rodr\u00edguez' target='_blank'><i class='fa fa-search-plus'><\/i><\/a><\/td><\/tr><tr><td>L\u00f3pez Ramos<\/td><td>\u00c1ngel<\/td><td><a href=mailto:alopezra@ull.es>alopezra@ull.es<\/a><\/td><td>Expresi\u00f3n Gr\u00e1fica en la Ingenier\u00eda<\/td><td>Pers. Inv. en form. FPI\/FPU PREDOCTORAL<\/td><td>INV<\/td><td><a class='btn-directorio' href='https:\/\/www.ull.es\/directorio\/search\/?busqueda=\u00c1ngel L\u00f3pez Ramos' target='_blank'><i class='fa fa-search-plus'><\/i><\/a><\/td><\/tr><tr><td>Mart\u00edn Dorta<\/td><td>Norena Natalia<\/td><td><a href=mailto:nmartin@ull.es>nmartin@ull.es<\/a><\/td><td>Expresi\u00f3n Gr\u00e1fica en la Ingenier\u00eda<\/td><td>Profesor Titular Universidad<\/td><td>PDI<\/td><td><a class='btn-directorio' href='https:\/\/www.ull.es\/directorio\/search\/?busqueda=Norena Natalia Mart\u00edn Dorta' target='_blank'><i class='fa fa-search-plus'><\/i><\/a><\/td><\/tr><tr><td>Mart\u00edn Guti\u00e9rrez<\/td><td>Jorge<\/td><td><a href=mailto:jmargu@ull.es>jmargu@ull.es<\/a><\/td><td>Expresi\u00f3n Gr\u00e1fica en la Ingenier\u00eda<\/td><td>Catedratico de Universidad<\/td><td>PDI<\/td><td><a class='btn-directorio' href='https:\/\/www.ull.es\/directorio\/search\/?busqueda=Jorge Mart\u00edn Guti\u00e9rrez' target='_blank'><i class='fa fa-search-plus'><\/i><\/a><\/td><\/tr><tr><td>Meli\u00e1n D\u00edaz<\/td><td>D\u00e1mari<\/td><td><a href=mailto:dmeliand@ull.es>dmeliand@ull.es<\/a><\/td><td>Expresi\u00f3n Gr\u00e1fica en la Ingenier\u00eda<\/td><td>Profesor Permanente Laboral<\/td><td>PDI<\/td><td><a class='btn-directorio' href='https:\/\/www.ull.es\/directorio\/search\/?busqueda=D\u00e1mari Meli\u00e1n D\u00edaz' target='_blank'><i class='fa fa-search-plus'><\/i><\/a><\/td><\/tr><tr><td>Navarro Trujillo<\/td><td>Rosa Elena<\/td><td><a href=mailto:rnautru@ull.es>rnautru@ull.es<\/a><\/td><td>Expresi\u00f3n Gr\u00e1fica en la Ingenier\u00eda<\/td><td>Profesor Titular Universidad<\/td><td>PDI<\/td><td><a class='btn-directorio' href='https:\/\/www.ull.es\/directorio\/search\/?busqueda=Rosa Elena Navarro Trujillo' target='_blank'><i class='fa fa-search-plus'><\/i><\/a><\/td><\/tr><tr><td>S\u00e1nchez Rodr\u00edguez<\/td><td>Ferm\u00edn Celso<\/td><td><a href=mailto:fsanchez@ull.es>fsanchez@ull.es<\/a><\/td><td>Expresi\u00f3n Gr\u00e1fica en la Ingenier\u00eda<\/td><td>Profesor Titular Escuela Univ.<\/td><td>PDI<\/td><td><a class='btn-directorio' href='https:\/\/www.ull.es\/directorio\/search\/?busqueda=Ferm\u00edn Celso S\u00e1nchez Rodr\u00edguez' target='_blank'><i class='fa fa-search-plus'><\/i><\/a><\/td><\/tr><tr><td>Saorin P\u00e9rez<\/td><td>Jos\u00e9 Luis<\/td><td><a href=mailto:jlsaorin@ull.es>jlsaorin@ull.es<\/a><\/td><td>Expresi\u00f3n Gr\u00e1fica en la Ingenier\u00eda<\/td><td>Catedratico de Universidad<\/td><td>PDI<\/td><td><a class='btn-directorio' href='https:\/\/www.ull.es\/directorio\/search\/?busqueda=Jos\u00e9 Luis Saorin P\u00e9rez' target='_blank'><i class='fa fa-search-plus'><\/i><\/a><\/td><\/tr><tr><td>Torre Cantero<\/td><td>Jorge Luis de la<\/td><td><a href=mailto:jcantero@ull.es>jcantero@ull.es<\/a><\/td><td>Expresi\u00f3n Gr\u00e1fica en la Ingenier\u00eda<\/td><td>Profesor Titular Universidad<\/td><td>PDI<\/td><td><a class='btn-directorio' href='https:\/\/www.ull.es\/directorio\/search\/?busqueda=Jorge Luis de la Torre Cantero' target='_blank'><i class='fa fa-search-plus'><\/i><\/a><\/td><\/tr><tr><td>Zarza Rodr\u00edguez<\/td><td>Carmen Dolores<\/td><td><a href=mailto:czarzrod@ull.es>czarzrod@ull.es<\/a><\/td><td>Expresi\u00f3n Gr\u00e1fica en la Ingenier\u00eda<\/td><td>Profesor Sustituto<\/td><td>PDI<\/td><td><a class='btn-directorio' href='https:\/\/www.ull.es\/directorio\/search\/?busqueda=Carmen Dolores Zarza Rodr\u00edguez' target='_blank'><i class='fa fa-search-plus'><\/i><\/a><\/td><\/tr><tr><td>Carbonell Carrera<\/td><td>Carlos<\/td><td><a href=mailto:ccarbone@ull.es>ccarbone@ull.es<\/a><\/td><td>Ingenier\u00eda Cartogr\u00e1fica, Geod\u00e9sica y Fotogametr\u00eda<\/td><td>Profesor Titular Universidad<\/td><td>PDI<\/td><td><a class='btn-directorio' href='https:\/\/www.ull.es\/directorio\/search\/?busqueda=Carlos Carbonell Carrera' target='_blank'><i class='fa fa-search-plus'><\/i><\/a><\/td><\/tr><tr><td>Darias Mart\u00edn<\/td><td>Luis<\/td><td><a href=mailto:ldarias@ull.es>ldarias@ull.es<\/a><\/td><td>Ingenier\u00eda de la Construcci\u00f3n<\/td><td>Profesor Titular Escuela Univ.<\/td><td>PDI<\/td><td><a class='btn-directorio' href='https:\/\/www.ull.es\/directorio\/search\/?busqueda=Luis Darias Mart\u00edn' target='_blank'><i class='fa fa-search-plus'><\/i><\/a><\/td><\/tr><tr><td>Dom\u00ednguez Herrera<\/td><td>Marta Mar\u00eda<\/td><td><a href=mailto:mdguez@ull.es>mdguez@ull.es<\/a><\/td><td>Ingenier\u00eda de la Construcci\u00f3n<\/td><td>Profesor Titular Universidad<\/td><td>PDI<\/td><td><a class='btn-directorio' href='https:\/\/www.ull.es\/directorio\/search\/?busqueda=Marta Mar\u00eda Dom\u00ednguez Herrera' target='_blank'><i class='fa fa-search-plus'><\/i><\/a><\/td><\/tr><tr><td>Exp\u00f3sito Mart\u00edn<\/td><td>Mar\u00eda del Cristo<\/td><td><a href=mailto:mexposit@ull.es>mexposit@ull.es<\/a><\/td><td>Ingenier\u00eda de la Construcci\u00f3n<\/td><td>Profesor Titular Universidad<\/td><td>PDI<\/td><td><a class='btn-directorio' href='https:\/\/www.ull.es\/directorio\/search\/?busqueda=Mar\u00eda del Cristo Exp\u00f3sito Mart\u00edn' target='_blank'><i class='fa fa-search-plus'><\/i><\/a><\/td><\/tr><tr><td>Feo Gonzalez<\/td><td>Gustavo<\/td><td><a href=mailto:gfeogonz@ull.es>gfeogonz@ull.es<\/a><\/td><td>Ingenier\u00eda de la Construcci\u00f3n<\/td><td>Profesor Asociado<\/td><td>PDI<\/td><td><a class='btn-directorio' href='https:\/\/www.ull.es\/directorio\/search\/?busqueda=Gustavo Feo Gonzalez' target='_blank'><i class='fa fa-search-plus'><\/i><\/a><\/td><\/tr><tr><td>Garc\u00eda D\u00edaz<\/td><td>Gerardo Iv\u00e1n<\/td><td><a href=mailto:ggarciad@ull.es>ggarciad@ull.es<\/a><\/td><td>Ingenier\u00eda de la Construcci\u00f3n<\/td><td>Profesor Asociado<\/td><td>PDI<\/td><td><a class='btn-directorio' href='https:\/\/www.ull.es\/directorio\/search\/?busqueda=Gerardo Iv\u00e1n Garc\u00eda D\u00edaz' target='_blank'><i class='fa fa-search-plus'><\/i><\/a><\/td><\/tr><tr><td>G\u00f3mez Pescoso<\/td><td>Basilio<\/td><td><a href=mailto:bgomez@ull.es>bgomez@ull.es<\/a><\/td><td>Ingenier\u00eda de la Construcci\u00f3n<\/td><td>Profesor Titular Escuela Univ.<\/td><td>PDI<\/td><td><a class='btn-directorio' href='https:\/\/www.ull.es\/directorio\/search\/?busqueda=Basilio G\u00f3mez Pescoso' target='_blank'><i class='fa fa-search-plus'><\/i><\/a><\/td><\/tr>        <\/tbody>\n    <\/table>\n<\/div>\n\n<script>\n\t\njQuery.extend( jQuery.fn.dataTableExt.oSort, {\n    \"chinese-string-asc\" : function (s1, s2) {\n        return s1.localeCompare(s2);\n    },\n \n    \"chinese-string-desc\" : function (s1, s2) {\n        return s2.localeCompare(s1);\n    }\n} );\n\t\n$(document).ready(function() {\n\n        $('#personal').DataTable( {\n            \"dom\": \"\" +\n            \"<'row'<'col-sm-9 toolbar'><'col-sm-3'f>>\" +\n            \"<'row tabla'<'col-sm-12'tr>>\" +\n            \"<'row'<'col-sm-5'i><'col-sm-7'p>>\"\n            ,\n            \"language\": {\n                \"url\": \"\/\/cdn.datatables.net\/plug-ins\/1.10.15\/i18n\/Spanish.json\"\n            },\n\n         columnDefs: [{ type: 'chinese-string', targets: 0 }],\n\n\n\t initComplete: function () {\n\n                this.api().columns([3]).every( function () {\n                    var column = this;\n                    var select = $('<select class=\"form-control input-sm\"><option value=\"\">Mostrar todas las \u00e1reas de conocimiento<\/option><\/select>')\n                        .appendTo( $('div.toolbar') )\n                        .on( 'change', function () {\n                            var val = $.fn.dataTable.util.escapeRegex(\n                                $(this).val()\n                            );\n\n                            column\n                                .search( val ? '^'+val+'$' : '', true, false )\n                                .draw();\n                        } );\n\n                    column.data().unique().sort().each( function ( d, j ) {\n                        select.append( '<option value=\"'+d+'\">'+d+'<\/option>' )\n                    } );\n\n                } );\n                this.api().columns([5]).every( function () {\n                    var column = this;\n                    var select = $('<select class=\"form-control input-sm\"><option value=\"\">Mostrar todos los roles<\/option><\/select>')\n                        .appendTo( $('div.toolbar') )\n                        .on( 'change', function () {\n                            var val = $.fn.dataTable.util.escapeRegex(\n                                $(this).val()\n                            );\n\n                            column\n                                .search( val ? '^'+val+'$' : '', true, false )\n                                .draw();\n                        } );\n\n                    column.data().unique().sort().each( function ( d, j ) {\n                        select.append( '<option value=\"'+d+'\">'+d+'<\/option>' )\n                    } );\n                } );\n            }\n        } );\n\n    } );\n<\/script>\n[\/vc_column_text][\/vc_column][\/vc_row]<\/p>\n","protected":false},"excerpt":{"rendered":"<p>[vc_row css=\u00bb.vc_custom_1497445297003{margin-bottom: 20px !important;}\u00bb][vc_column][vc_column_text] Personal [\/vc_column_text][\/vc_column][\/vc_row][vc_row][vc_column][vc_column_text][\/vc_column_text][\/vc_column][\/vc_row]<\/p>\n","protected":false},"author":1,"featured_media":0,"parent":0,"menu_order":0,"comment_status":"closed","ping_status":"closed","template":"","meta":[],"_links":{"self":[{"href":"https:\/\/www.ull.es\/departamentos\/tecnicas-y-proyectos-en-ingenieria-y-arquitectura\/wp-json\/wp\/v2\/pages\/16"}],"collection":[{"href":"https:\/\/www.ull.es\/departamentos\/tecnicas-y-proyectos-en-ingenieria-y-arquitectura\/wp-json\/wp\/v2\/pages"}],"about":[{"href":"https:\/\/www.ull.es\/departamentos\/tecnicas-y-proyectos-en-ingenieria-y-arquitectura\/wp-json\/wp\/v2\/types\/page"}],"author":[{"embeddable":true,"href":"https:\/\/www.ull.es\/departamentos\/tecnicas-y-proyectos-en-ingenieria-y-arquitectura\/wp-json\/wp\/v2\/users\/1"}],"replies":[{"embeddable":true,"href":"https:\/\/www.ull.es\/departamentos\/tecnicas-y-proyectos-en-ingenieria-y-arquitectura\/wp-json\/wp\/v2\/comments?post=16"}],"version-history":[{"count":17,"href":"https:\/\/www.ull.es\/departamentos\/tecnicas-y-proyectos-en-ingenieria-y-arquitectura\/wp-json\/wp\/v2\/pages\/16\/revisions"}],"predecessor-version":[{"id":298,"href":"https:\/\/www.ull.es\/departamentos\/tecnicas-y-proyectos-en-ingenieria-y-arquitectura\/wp-json\/wp\/v2\/pages\/16\/revisions\/298"}],"wp:attachment":[{"href":"https:\/\/www.ull.es\/departamentos\/tecnicas-y-proyectos-en-ingenieria-y-arquitectura\/wp-json\/wp\/v2\/media?parent=16"}],"curies":[{"name":"wp","href":"https:\/\/api.w.org\/{rel}","templated":true}]}}