{"id":83,"date":"2017-05-11T12:37:19","date_gmt":"2017-05-11T12:37:19","guid":{"rendered":"http:\/\/www.ull.es\/departamentos\/ingenieria-informatica-sistemas\/?page_id=9"},"modified":"2018-06-13T10:39:03","modified_gmt":"2018-06-13T10:39:03","slug":"informacion-ubicacion-y-contacto","status":"publish","type":"page","link":"https:\/\/www.ull.es\/departamentos\/tecnicas-y-proyectos-en-ingenieria-y-arquitectura\/informacion-ubicacion-y-contacto\/","title":{"rendered":"Informaci\u00f3n, ubicaci\u00f3n y contacto"},"content":{"rendered":"<p>[vc_row][vc_column width=\u00bb2\/3&#8243; el_class=\u00bbpadding-50-right\u00bb css=\u00bb.vc_custom_1494506721665{padding-right: 50px !important;}\u00bb][vc_column_text]<\/p>\n<h1>Presentaci\u00f3n<\/h1>\n<p>[\/vc_column_text][vc_column_text el_id=\u00bbpresentacion\u00bb]\n<div class=\"shortcode-descripcion\">\n    <p>El departamento de T\u00e9cnicas y Proyectos en Ingenier\u00eda y Arquitectura surge en el a\u00f1o 2014 por la fusi\u00f3n del departamento de Ingenier\u00eda de la Construcci\u00f3n y del departamento de Expresi\u00f3n Gr\u00e1fica en Arquitectura e Ingenier\u00eda. Como unidad b\u00e1sica de ense\u00f1anza e investigaci\u00f3n, desarrolla sus funciones docentes e investigadoras en la Escuela Polit\u00e9cnica Superior de Ingenier\u00eda, Escuela Superior de Ingenier\u00eda y Tecnolog\u00eda, Facultad de Educaci\u00f3n, Facultad de Humanidades, y Facultad de Ciencias. En dichos centros se imparten titulaciones cuyos planes de estudio contemplan materias y asignaturas adscritas a las \u00e1reas de conocimiento que integran el departamento.<\/p><\/div>\n\n[\/vc_column_text][vc_empty_space height=\u00bb40px\u00bb][vc_column_text el_id=\u00bbareas-de-conocimiento\u00bb]\n<style>\n    .shortcode-areas h2 {\n        margin-bottom: 10px !important;\n    }\n<\/style>\n\n<div class=\"shortcode-areas\">\n    <h2>\u00c1reas de conocimiento<\/h2><ul><li>Mec\u00e1nica de los Medios Continuos y Teor\u00eda de las Estructuras<\/li><li>Urban\u00edstica y Ordenaci\u00f3n del Territorio<\/li><li>Ingenier\u00eda de la Construcci\u00f3n<\/li><li>Construcciones Arquitect\u00f3nicas<\/li><li>Ingenier\u00eda Cartogr\u00e1fica, Geod\u00e9sica y Fotogametr\u00eda<\/li><li>Expresi\u00f3n Gr\u00e1fica y Arquitect\u00f3nica<\/li><li>Expresi\u00f3n Gr\u00e1fica en la Ingenier\u00eda<\/li><\/ul><\/div>\n\n[\/vc_column_text][vc_empty_space height=\u00bb40px\u00bb][vc_column_text el_id=\u00bborganigrama\u00bb]<\/p>\n<h1>Organigrama<\/h1>\n<p>[\/vc_column_text][vc_column_text]\n<style>\n    .shortcode-equipo h2 {\n        margin-bottom: 10px !important;\n    }\n<\/style>\n\n<div class=\"shortcode-equipo\">\n    <h2>Equipo de direcci\u00f3n<\/h2><dl><dt><strong>Directora<\/strong><\/dt><dd> <a href='https:\/\/www.ull.es\/directorio\/search\/?busqueda=Norena Mart\u00edn Dorta' target='_blank'>Norena Mart\u00edn Dorta<\/a><\/dd><dt><strong>Secretario<\/strong><\/dt><dd> <a href='https:\/\/www.ull.es\/directorio\/search\/?busqueda=Eduardo Gonz\u00e1lez D\u00edaz' target='_blank'>Eduardo Gonz\u00e1lez D\u00edaz<\/a><\/dd><\/dl><h2>Personal de administraci\u00f3n<\/h2><dl><dt><strong>Administrativa<\/strong><\/dt><dd> <a href='https:\/\/www.ull.es\/directorio\/search\/?busqueda=Sonia Delgado Plasencia' target='_blank'>Sonia Delgado Plasencia<\/a><\/dd><dt><strong>Oficial de laboratorio<\/strong><\/dt><dd> <a href='https:\/\/www.ull.es\/directorio\/search\/?busqueda=Francisco Valladares Alonso' target='_blank'>Francisco Valladares Alonso<\/a><\/dd><dt><strong>Oficiales de oficios<\/strong><\/dt><dd> <a href='https:\/\/www.ull.es\/directorio\/search\/?busqueda=Enrique Javier Mesa Quintero' target='_blank'>Enrique Javier Mesa Quintero<\/a><\/dd><dd> <a href='https:\/\/www.ull.es\/directorio\/search\/?busqueda=Sebasti\u00e1n Manuel Mart\u00edn Fumero' target='_blank'>Sebasti\u00e1n Manuel Mart\u00edn Fumero<\/a><\/dd><dd> <a href='https:\/\/www.ull.es\/directorio\/search\/?busqueda=Miguel Angel Hern\u00e1ndez Fern\u00e1ndez' target='_blank'>Miguel Angel Hern\u00e1ndez Fern\u00e1ndez<\/a><\/dd><\/dl>\n<\/div>\n[\/vc_column_text][\/vc_column][vc_column width=\u00bb1\/3&#8243;][vc_column_text]<a class=\"btn-destacado\" href=\"https:\/\/riull.ull.es\/xmlui\/handle\/915\/6072\" target=\"_blank\" rel=\"noopener\" target=\"_blank\" rel=\"noopener\">Consultar normativa del departamento<i class=\"fa fa-arrow-right\"><\/i><\/a>[\/vc_column_text][vc_column_text]<a class=\"btn-destacado\" href=\"https:\/\/docs.google.com\/spreadsheets\/d\/e\/2PACX-1vTXdPoYlDvCL3MA65OwTJRon5BG84uhvynwk50u6v7EWBGlGVczxHRFf1pak9MqlkDUyQyIAEWhGVjs\/pubhtml\" target=\"_blank\" rel=\"noopener\" target=\"_blank\" rel=\"noopener\">Consultar comisiones del departamento<i class=\"fa fa-arrow-right\"><\/i><\/a>[\/vc_column_text][vc_column_text]\n<ul class=\"widget-box\">\n<li class='contacto-header'>Informaci\u00f3n de contacto<\/li><li><i class=\"fa fa-map-marker\"><\/i> Avenida \u00c1ngel Guimer\u00e1 Jorge, s\/n. Escuela Polit\u00e9cnica Superior de Ingenier\u00eda. Secci\u00f3n de Arquitectura T\u00e9cnica. Apartado 456. C\u00f3digo postal 38200. San Crist\u00f3bal de La Laguna. S\/C de Tenerife<\/li><li><i class=\"fa fa-phone\"><\/i> (+34) 922 31 98 67<\/li><li><i class=\"fa fa-address-book-o\"><\/i> <a target=\"_blank\" href=\"https:\/\/www.ull.es\/directorio\/search\/?busqueda_uo=tecnicas-y-proyectos-en-ingenieria-y-arquitectura\">Directorio<\/a><\/li><li><i class=\"fa fa-envelope\"><\/i>  <a href=mailto:dptotpai@ull.es>dptotpai@ull.es<\/a><\/li>\n<\/ul>\n\n[\/vc_column_text][vc_column_text el_id=\u00bbubicacion\u00bb]\n    \n<style>\n    .google-maps {\n        position: relative;\n        padding-bottom: 75%;\n        height: 0;\n        overflow: hidden;\n    }\n    .google-maps iframe {\n        position: absolute;\n        top: 0;\n        left: 0;\n        width: 100% !important;\n        height: 100% !important;\n    }\n<\/style>\n\n\n<div class=\"google-maps\">\n    <iframe src=\"https:\/\/www.openstreetmap.org\/export\/embed.html?bbox=-16.316514929145%2C28.475679339921%2C-16.310371119555%2C28.481491562201&amp;layer=mapnik&amp;marker=28.479862295661487%2C-16.3136887550354\" style=\"border: 1px solid black\"><\/iframe>\n<\/div>\n\n<div class=\"btn-widget\">\n    <a href=\"https:\/\/www.openstreetmap.org\/directions?engine=graphhopper_car&from=&to=28.479862295661487%2C-16.3136887550354#map=17\/28.479862295661487\/-16.3136887550354\">C\u00f3mo llegar<\/a>  \n<\/div>\n\n  <\/body>\n<\/html>\n\n[\/vc_column_text][\/vc_column][\/vc_row]<\/p>\n","protected":false},"excerpt":{"rendered":"<p>[vc_row][vc_column width=\u00bb2\/3&#8243; el_class=\u00bbpadding-50-right\u00bb css=\u00bb.vc_custom_1494506721665{padding-right: 50px !important;}\u00bb][vc_column_text] Presentaci\u00f3n [\/vc_column_text][vc_column_text el_id=\u00bbpresentacion\u00bb][\/vc_column_text][vc_empty_space height=\u00bb40px\u00bb][vc_column_text el_id=\u00bbareas-de-conocimiento\u00bb][\/vc_column_text][vc_empty_space height=\u00bb40px\u00bb][vc_column_text el_id=\u00bborganigrama\u00bb] Organigrama [\/vc_column_text][vc_column_text][\/vc_column_text][\/vc_column][vc_column width=\u00bb1\/3&#8243;][vc_column_text]Consultar normativa del departamento[\/vc_column_text][vc_column_text]Consultar comisiones del departamento[\/vc_column_text][vc_column_text][\/vc_column_text][vc_column_text el_id=\u00bbubicacion\u00bb][\/vc_column_text][\/vc_column][\/vc_row]<\/p>\n","protected":false},"author":1,"featured_media":0,"parent":0,"menu_order":0,"comment_status":"closed","ping_status":"closed","template":"","meta":[],"_links":{"self":[{"href":"https:\/\/www.ull.es\/departamentos\/tecnicas-y-proyectos-en-ingenieria-y-arquitectura\/wp-json\/wp\/v2\/pages\/83"}],"collection":[{"href":"https:\/\/www.ull.es\/departamentos\/tecnicas-y-proyectos-en-ingenieria-y-arquitectura\/wp-json\/wp\/v2\/pages"}],"about":[{"href":"https:\/\/www.ull.es\/departamentos\/tecnicas-y-proyectos-en-ingenieria-y-arquitectura\/wp-json\/wp\/v2\/types\/page"}],"author":[{"embeddable":true,"href":"https:\/\/www.ull.es\/departamentos\/tecnicas-y-proyectos-en-ingenieria-y-arquitectura\/wp-json\/wp\/v2\/users\/1"}],"replies":[{"embeddable":true,"href":"https:\/\/www.ull.es\/departamentos\/tecnicas-y-proyectos-en-ingenieria-y-arquitectura\/wp-json\/wp\/v2\/comments?post=83"}],"version-history":[{"count":26,"href":"https:\/\/www.ull.es\/departamentos\/tecnicas-y-proyectos-en-ingenieria-y-arquitectura\/wp-json\/wp\/v2\/pages\/83\/revisions"}],"predecessor-version":[{"id":304,"href":"https:\/\/www.ull.es\/departamentos\/tecnicas-y-proyectos-en-ingenieria-y-arquitectura\/wp-json\/wp\/v2\/pages\/83\/revisions\/304"}],"wp:attachment":[{"href":"https:\/\/www.ull.es\/departamentos\/tecnicas-y-proyectos-en-ingenieria-y-arquitectura\/wp-json\/wp\/v2\/media?parent=83"}],"curies":[{"name":"wp","href":"https:\/\/api.w.org\/{rel}","templated":true}]}}