{"id":72,"date":"2018-02-22T13:28:20","date_gmt":"2018-02-22T13:28:20","guid":{"rendered":"http:\/\/www.ull.es\/doctorados\/arte-humanidades\/?page_id=72"},"modified":"2025-08-20T09:51:20","modified_gmt":"2025-08-20T09:51:20","slug":"seguimiento-doctorando","status":"publish","type":"page","link":"https:\/\/www.ull.es\/doctorados\/arte-humanidades\/en\/organizacion-del-programa\/seguimiento-doctorando\/","title":{"rendered":"Monitoring of the PhD student"},"content":{"rendered":"\n<div class=\"wp-block-stackable-columns alignfull stk-block-columns stk-block stk-2314a6b\" data-block-id=\"2314a6b\"><style>.stk-2314a6b {padding-bottom:0px !important;margin-top:-100px !important;margin-bottom:0px !important;}<\/style><div class=\"stk-row stk-inner-blocks stk-block-content stk-content-align stk-2314a6b-column alignfull\">\n<div class=\"wp-block-stackable-column stk-block-column stk-column stk-block stk-1d1764d\" data-v=\"4\" data-block-id=\"1d1764d\"><div class=\"stk-column-wrapper stk-block-column__content stk-container stk-1d1764d-container stk--no-background stk--no-padding\"><div class=\"stk-block-content stk-inner-blocks stk-1d1764d-inner-blocks\"><style id=\"depicter-6-inline-pre-css\">\n\n.depicter-6:not(.depicter-ready){\n\theight:450px;\n}\n\n\/***** Tablet *****\/\n@media screen and (max-width: 1024px){\n\n.depicter-6:not(.depicter-ready){\n\theight:700px;\n}\n\n}\n\/***** Mobile *****\/\n@media screen and (max-width: 767px){\n\n.depicter-6:not(.depicter-ready){\n\theight:360px;\n}\n\n}\n<\/style>\n<div id=\"depicter-6\" class=\"depicter depicter-document depicter-revert depicter-6 depicter-layout-fullwidth\">\n\n<div class=\"depicter-loading-container depicter-loading dotFlashing-dark\"><div class=\"depicter-loading-dark depicter-dot-flashing\">\n   <span><\/span>\n   <span><\/span>\n   <span><\/span>\n<\/div>\n<\/div>\n<div id=\"depicter-6-section-1\" class=\"depicter-section depicter-6-section-1\" data-name=\"Section 1\" data-type=\"section\" data-local-id=\"section-1\">\n<picture class=\"depicter-bg\">\n<source data-depicter-srcset=\"https:\/\/www.ull.es\/doctorados\/arte-humanidades\/wp-content\/uploads\/sites\/9\/2025\/05\/Headers-Doctorados_Doctorado-Arte-y-Humanidades-2-768x248.jpg, https:\/\/www.ull.es\/doctorados\/arte-humanidades\/wp-content\/uploads\/sites\/9\/2025\/05\/Headers-Doctorados_Doctorado-Arte-y-Humanidades-2.jpg 2x\" srcset=\"data:image\/gif;base64,R0lGODlhAQABAIAAAAAAAP\/\/\/yH5BAEAAAAALAAAAAABAAEAAAIBRAA7\" media=\"(max-width: 1024px)\" \/>\n\n<source data-depicter-srcset=\"https:\/\/www.ull.es\/doctorados\/arte-humanidades\/wp-content\/uploads\/sites\/9\/2025\/05\/Headers-Doctorados_Doctorado-Arte-y-Humanidades-2.jpg, https:\/\/www.ull.es\/doctorados\/arte-humanidades\/wp-content\/uploads\/sites\/9\/2025\/05\/Headers-Doctorados_Doctorado-Arte-y-Humanidades-2-1900x613.jpg 2x\" srcset=\"data:image\/gif;base64,R0lGODlhAQABAIAAAAAAAP\/\/\/yH5BAEAAAAALAAAAAABAAEAAAIBRAA7\" media=\"(min-width: 1025px)\" \/>\n<img decoding=\"async\" src=\"data:image\/gif;base64,R0lGODlhAQABAIAAAAAAAP\/\/\/yH5BAEAAAAALAAAAAABAAEAAAIBRAA7\" data-ken-burns=\"false\" data-tablet-ken-burns=\"false\" data-mobile-ken-burns=\"false\" alt=\"\" data-depicter-src=\"https:\/\/www.ull.es\/doctorados\/arte-humanidades\/wp-content\/uploads\/sites\/9\/2025\/05\/Headers-Doctorados_Doctorado-Arte-y-Humanidades-2.jpg\" data-object-fit=\"custom,custom,\" data-object-position=\"center top,,\" data-crop=\"{'focalPoint':{'x':0.5,'y':0.34999999999999997779553950749686919152736663818359375},'mediaSize':{'width':1792,'height':578}}\" data-tablet-crop=\"{'focalPoint':{'x':0.36999999999999999555910790149937383830547332763671875,'y':0.5},'mediaSize':{'width':2169,'height':700}}\" data-mobile-crop=\"{'focalPoint':{'x':0.340000000000000024424906541753443889319896697998046875,'y':0.2399999999999999911182158029987476766109466552734375},'mediaSize':{'width':2293,'height':740}}\" \/>\n<\/picture>\n\n\n<h1 id=\"depicter-6-element-5\" class=\"depicter-element depicter-layer depicter-6-element-5\" data-type=\"text\" data-wrap=\"true\" data-name=\"Text 2\" data-local-id=\"element-5\" data-offset=\"x:0px;y:117px;origin:tl\" data-tablet-offset=\"x:215px;y:194px;origin:tl\" data-mobile-offset=\"x:0px;y:125px;origin:tl\" data-width=\"1200px,auto,348px\" data-height=\"auto,auto,auto\" data-responsive-scale=\"true,,\">Doctorado en Artes y Humanidades<\/h1>\n\n<div id=\"depicter-6-element-10\" class=\"depicter-element depicter-layer depicter-6-element-10\" data-type=\"shape\" data-wrap=\"true\" data-name=\"Shape 1\" data-local-id=\"element-10\" data-offset=\"x:0px;y:314px;origin:tl\" data-tablet-offset=\"x:215px;y:361px;origin:tl\" data-mobile-offset=\"x:6px;y:286px;origin:tl\" data-width=\"895px,647px,282px\" data-height=\"8px,8px,8px\" data-responsive-scale=\"true,,\"><\/div>\n<\/div>\n<\/div>\n<script>\n(window.depicterSetups = window.depicterSetups || []).push(function(){\n\tDepicter.basePath = 'https:\/\/www.ull.es\/doctorados\/arte-humanidades\/wp-content\/plugins\/depicter\/resources\/scripts\/player\/';\n\tconst dpPlayer = Depicter.setup('.depicter-6',\n\t\t{\"width\":[\"1200\",\"1024\",\"360\"],\"height\":[\"450\",\"700\",\"360\"],\"view\":\"basic\",\"keepAspectRatio\":true,\"preload\":0,\"layout\":\"fullwidth\",\"rtl\":false,\"initAfterAppear\":false,\"ajaxApiUrl\":\"https:\\\/\\\/www.ull.es\\\/doctorados\\\/arte-humanidades\\\/wp-admin\\\/admin-ajax.php\",\"mouseSwipe\":true,\"touchSwipe\":true,\"useWatermark\":false}\n\t);\n});\n<\/script><\/div><\/div><\/div>\n<\/div><\/div>\n\n\n\n<div class=\"wp-block-stackable-columns alignfull stk-block-columns stk--hide-mobile stk-block stk-6394276 stk-block-background\" data-block-id=\"6394276\"><style>.stk-6394276 {background-color:#f33f4e !important;padding-top:10px !important;margin-bottom:0px !important;}.stk-6394276:before{background-color:#f33f4e !important;}<\/style><div class=\"stk-row stk-inner-blocks stk-block-content stk-content-align stk-6394276-column alignfull\">\n<div class=\"wp-block-stackable-column stk-block-column stk-column stk-block stk-8a66885\" data-v=\"4\" data-block-id=\"8a66885\"><div class=\"stk-column-wrapper stk-block-column__content stk-container stk-8a66885-container stk--no-background stk--no-padding\"><div class=\"stk-block-content stk-inner-blocks stk-8a66885-inner-blocks\">\n<div class=\"wp-block-stackable-spacer stk-block-spacer stk--no-padding stk-block stk-bc89b3e\" data-block-id=\"bc89b3e\"><style>.stk-bc89b3e {height:0px !important;}<\/style><\/div>\n<\/div><\/div><\/div>\n<\/div><\/div>\n\n\n\n<div class=\"wp-block-stackable-columns stk-block-columns stk-block stk-8b59b96\" data-block-id=\"8b59b96\"><style>.stk-8b59b96 .stk--block-align-8b59b96{align-items:flex-start !important;}.stk-8b59b96 {margin-top:50px !important;}.stk-8b59b96-column{--stk-columns-spacing:0px !important;--stk-column-gap:50px !important;}<\/style><div class=\"stk-row stk-inner-blocks stk--block-align-8b59b96 stk-block-content stk-content-align stk-8b59b96-column\">\n<div class=\"wp-block-stackable-column stk-block-column stk-column stk-block stk-dbb7e15\" data-v=\"4\" data-block-id=\"dbb7e15\"><style>@media screen and (min-width: 768px){.stk-dbb7e15 {flex:var(--stk-flex-grow, 1) 1 66.7% !important;}}<\/style><div class=\"stk-column-wrapper stk-block-column__content stk-container stk-dbb7e15-container stk--no-background stk--no-padding\"><div class=\"stk-block-content stk-inner-blocks stk-dbb7e15-inner-blocks\">\n<div class=\"wp-block-stackable-heading stk-block-heading stk-block-heading--v2 stk-block stk-cc0239e\" id=\"complementos-de-formacion\" data-block-id=\"cc0239e\"><style>.stk-cc0239e .stk-block-heading__text{color:#000000 !important;font-weight:500 !important;}<\/style><h1 class=\"stk-block-heading__text has-text-color\">Seguimiento del doctorando<\/h1><\/div>\n\n\n\n<p><strong>Procedimiento para la asignaci\u00f3n de tutor y director<\/strong><\/p>\n\n\n\n<p>Tal y como regula el art\u00edculo 9 del REODULL una vez admitido, a cada alumno se le asignar\u00e1 un tutor por la Comisi\u00f3n Acad\u00e9mica. El tutor debe ser&nbsp;doctor y cumplir los requisitos para dirigir tesis doctorales que se mencionan en el art\u00edculo 10 del mencionado Reglamento. La Comisi\u00f3n Acad\u00e9mica, o\u00ed&nbsp;do el doctorando, podr\u00e1 modificar el nombramiento del tutor asignado en cualquier momento del periodo de realizaci\u00f3n del doctorado, siempre que concurran&nbsp;razones justificadas. Si lo estima procedente podr\u00e1 solicitar informes del tutor y el director de la tesis.<\/p>\n\n\n\n<p><strong>Funciones del tutor<\/strong><\/p>\n\n\n\n<p>Las funciones del tutor son: a) revisar regularmente, junto con el director de la tesis, el documento de actividades del doctorando, b) avalar, junto con el director de la tesis y antes de la finalizaci\u00f3n del primer a\u00f1o el plan de investigaci\u00f3n elaborado por el doctorando, c) firmar el compromiso docente, junto con el doctorando, el director de la tesis y vicerrector competente en representaci\u00f3n de la ULL, d) emitir el informe anual sobre la actividad del doctorando a la comisi\u00f3n acad\u00e9mica, e) asegurar la visibilidad de la ULL en todas las publicaciones y actividades de diseminaci\u00f3n de resultados de la investigaci\u00f3n desarrollada por el doctorando.<\/p>\n\n\n\n<p><strong>Asignaci\u00f3n de director<\/strong><\/p>\n\n\n\n<p>En el plazo de un mes tras la matriculaci\u00f3n, la Comisi\u00f3n Acad\u00e9mica asignar\u00e1 un director de tesis, que podr\u00e1 coincidir o no con el tutor.<\/p>\n\n\n\n<p><strong>Los directores de tesis<\/strong><\/p>\n\n\n\n<p>Deber\u00e1n cumplir los requisitos mencionados en el apartado 5.1.<br>En cualquier momento de la realizaci\u00f3n del doctorado, la Comisi\u00f3n Acad\u00e9mica, por razones justificadas y o\u00eddos al doctorando, tutor y director podr\u00e1&nbsp;modificar los nombramientos y autorizar la inclusi\u00f3n de un codirector.<\/p>\n\n\n\n<p><strong>Documento de Compromiso de Supervisi\u00f3n<\/strong><\/p>\n\n\n\n<p>Las funciones de supervisi\u00f3n de los doctorandos se establecer\u00e1n mediante un compromiso documental, firmado por el vicerrector competente en materia&nbsp;de posgrado, el doctorando, su tutor y su director o codirectores. El compromiso debe ser firmado en los tres primeros meses desde la asignaci\u00f3n&nbsp;de tutor y de director. El documento ha de incluir la aceptaci\u00f3n no condicionada del doctorando y del director acerca del r\u00e9gimen de derechos y deberes&nbsp;respectivos previstos en el REODULL y en el apartado 5.1 de la presente memoria. Incluir\u00e1, asimismo, un procedimiento de resoluci\u00f3n de conflictos,&nbsp;y contemplar\u00e1 los aspectos relativos a los derechos de propiedad intelectual o industrial que puedan generarse en el \u00e1mbito del programa de doctorado.<\/p>\n\n\n\n<p>El documento de compromiso, una vez suscrito por los intervinientes, ser\u00e1 incorporado al Documento de Actividades del Doctorando y archivado&nbsp;en su expediente. El documento de compromiso se habr\u00e1 de ajustar al modelo que se establezca.<\/p>\n\n\n\n<p><strong>Procedimiento de resoluci\u00f3n de conflictos<\/strong><\/p>\n\n\n\n<p>En caso de eventual incumplimiento de alguno de los extremos incluidos en el documento de compromiso o de la concurrencia de otro desacuerdo relacionado con el desarrollo del programa de doctorado, cualquiera de las partes podr\u00e1 ponerlo en conocimiento de la Comisi\u00f3n Acad\u00e9mica, que actuar\u00e1 como mediador con vistas a alcanzar un acuerdo que ponga t\u00e9rmino a la controversia. Si la mediaci\u00f3n no permite resolver el conflicto una vez transcurridos dos meses desde la puesta en conocimiento del coordinador del programa de doctorado, se dar\u00e1 traslado a la Comisi\u00f3n de Doctorado (o Escuela de Doctorado cuando entre en funcionamiento), que habr\u00e1 de dictar resoluci\u00f3n en el plazo de tres meses, previa audiencia de las partes y del coordinador del programa de doctorado. Contra el acuerdo de la Comisi\u00f3n de Doctorado (Escuela de Doctorado) se puede interponer recurso de alzada ante el rector\/a, en los t\u00e9rminos previstos en la Ley 30\/1992, de 26 de noviembre, de R\u00e9gimen Jur\u00eddico de las Administraciones P\u00fablicas y del Procedimiento Administrativo Com\u00fan.<\/p>\n\n\n\n<p><strong>Control de Registro de Actividades y Certificaci\u00f3n de Datos<\/strong><\/p>\n\n\n\n<p>Una vez firmado el Documento de Compromiso de Supervisi\u00f3n, la Comisi\u00f3n Acad\u00e9mica del programa habilitar\u00e1 el Documento de Actividades Personalizado&nbsp;(DAP) a efectos del registro individualizado de las actividades desarrolladas por el doctorando. En \u00e9l se inscribir\u00e1n tanto las actividades formativas&nbsp;a las que se refiere el apartado 4 de la presente memoria, como los complementos formativos establecidos por la Comisi\u00f3n Acad\u00e9mica en funci\u00f3n&nbsp;del perfil de acceso y las recomendaciones del tutor. Cada actividad debe incluir los datos de identificaci\u00f3n (tipo, t\u00edtulo, lugar de realizaci\u00f3n), fuente de&nbsp;financiaci\u00f3n si procede, autorizaci\u00f3n del tutor\/director, finalidad de la actividad, su relaci\u00f3n con el tema y plan de investigaci\u00f3n, y una vez realizada, un&nbsp;resumen de su contenido, duraci\u00f3n en horas y fecha de realizaci\u00f3n, justificante de su realizaci\u00f3n, incidencias si las hubiera, y verificaci\u00f3n\/certificaci\u00f3n&nbsp;del tutor de su realizaci\u00f3n, seg\u00fan regule la propia CA del programa y la Comisi\u00f3n de estudios de posgrado o Escuela de Doctorado de la ULL cuando&nbsp;est\u00e9 en funcionamiento. Anualmente, el tutor y el director de tesis y la CA incorporar\u00e1n a este documento sus informes sobre el cumplimiento de las actividades &nbsp;programadas.<\/p>\n\n\n\n<p>El DAP ser\u00e1 regularmente revisado por el tutor y el director de tesis.<\/p>\n\n\n\n<p>Valoraci\u00f3n anual del Plan de Investigaci\u00f3n y el Documento de actividades.&nbsp;Antes de la finalizaci\u00f3n del primer a\u00f1o, el doctorando elaborar\u00e1 un Plan de investigaci\u00f3n que incluir\u00e1 al menos:<\/p>\n\n\n\n<p>a) justificaci\u00f3n del estudio,<br>b) metodolog\u00eda a utilizar y objetivos a alcanzar,<br>c) recursos disponibles y<br>d) planificaci\u00f3n temporal.<\/p>\n\n\n\n<p>Dicho plan se podr\u00e1 mejorar y detallar a lo largo de su estancia en el programa y debe estar avalado por el tutor y el director.<\/p>\n\n\n\n<p>Anualmente la comisi\u00f3n acad\u00e9mica del programa evaluar\u00e1 el desarrollo del Plan de investigaci\u00f3n y el documento de actividades desarrolladas por el&nbsp;doctorando junto con los informes que, a tal efecto, deber\u00e1n emitir el tutor y el director. El informe del tutor y director podr\u00e1 ser conjunto o independiente.<\/p>\n\n\n\n<p>Debe incluir una valoraci\u00f3n del grado de cumplimiento y aprovechamiento de las actividades programadas, una valoraci\u00f3n general del rendimiento&nbsp;del doctorando, los progresos realizados en el plan de investigaci\u00f3n previsto, las dificultades encontradas y las soluciones propuestas, y un resumen de&nbsp;resultados obtenidos, incluyendo publicaciones y comunicaciones a congresos si las hubiera.<\/p>\n\n\n\n<p>A partir del 2\u00ba a\u00f1o (4\u00ba a\u00f1o en dedicaci\u00f3n a tiempo parcial), se incluir\u00e1 una previsi\u00f3n razonada del tiempo necesario para la terminaci\u00f3n de la tesis y la&nbsp;posibilidad solicitar una pr\u00f3rroga al finalizar el 3\u00ba a\u00f1o (5\u00ba a\u00f1o en dedicaci\u00f3n a tiempo parcial). En el caso de que el director considerara inviable la finalizaci\u00f3n&nbsp;del trabajo debe argumentarlo adecuadamente. La evaluaci\u00f3n positiva ser\u00e1 requisito indispensable para continuar en el programa. En caso de&nbsp;evaluaci\u00f3n negativa, la comisi\u00f3n acad\u00e9mica emitir\u00e1 un informe motivando la misma, en el que se propondr\u00e1n las medidas correctoras oportunas de cara&nbsp;a la siguiente evaluaci\u00f3n. En el caso de evaluaci\u00f3n negativa, el doctorando deber\u00e1 ser de nuevo evaluado en el plazo de seis meses, a cuyo efecto&nbsp;elaborar\u00e1 un nuevo Plan de investigaci\u00f3n. En el supuesto de producirse una nueva evaluaci\u00f3n negativa, el doctorando causar\u00e1 baja definitiva en el programa.<\/p>\n\n\n\n<p><strong>Previsi\u00f3n de estancias de los doctorandos en otros centros<\/strong><\/p>\n\n\n\n<p>Uno de los retos prioritarios de la ULL en los \u00faltimos a\u00f1os ha sido el impulso de colaboraciones con otros centros nacionales e internacionales de investigaci\u00f3n&nbsp;y formaci\u00f3n de posgrado. La situaci\u00f3n geogr\u00e1fica de la Universidad de La Laguna condiciona estas relaciones en un doble sentido. Por un&nbsp;lado, la lejan\u00eda hace m\u00e1s dif\u00edcil mantener una interacci\u00f3n directa y fluida con centros de referencia nacional y europeo, y por otro, convierte a los centros&nbsp;de la ULL en un punto estrat\u00e9gico para la interacci\u00f3n con pa\u00edses africanos y latinos.<\/p>\n\n\n\n<p>Los esfuerzos realizados en los \u00faltimos a\u00f1os para fortalecer estas relaciones se reflejan en:<\/p>\n\n\n\n<ol style=\"list-style-type:lower-alpha\" class=\"wp-block-list\">\n<li>la concesi\u00f3n de \u00abCampus de Excelencia Internacional\u00bb en 2010 por el MINECO,<\/li>\n\n\n\n<li>la firma de convenios de formaci\u00f3n de doctorado con diferentes universidades europeas:<\/li>\n\n\n\n<li>la ejecuci\u00f3n de dos proyectos europeos que contemplan la movilidad de investigadores pre- y posdoctorales:<\/li>\n\n\n\n<li>convenios con diferentes universidades y centros de investigaci\u00f3n de pa\u00edses latinoamericanos y africanos y<\/li>\n\n\n\n<li>Numerosas colaboraciones no conveniadas entre investigadores que participan en el programa e investigadores de Centros de referencia nacionales&nbsp;e internacionales.<\/li>\n<\/ol>\n\n\n\n<p>Estas interacciones permiten prever un incremento en la movilidad de los estudiantes de doctorado en los pr\u00f3ximos a\u00f1os.<\/p>\n<\/div><\/div><\/div>\n\n\n\n<div class=\"wp-block-stackable-column stk-block-column stk-column stk-block stk-53ec762\" data-v=\"4\" data-block-id=\"53ec762\"><style>.stk-53ec762-inner-blocks{row-gap:0px !important;}.stk-53ec762 {padding-top:0px !important;padding-right:0px !important;padding-bottom:0px !important;padding-left:0px !important;}@media screen and (min-width: 768px){.stk-53ec762 {flex:var(--stk-flex-grow, 1) 1 33.3% !important;}}<\/style><div class=\"stk-column-wrapper stk-block-column__content stk-container stk-53ec762-container stk--no-background stk--no-padding\"><div class=\"stk-block-content stk-inner-blocks stk-53ec762-inner-blocks\">\n\n<ul class=\"widget-box\">\n<li class='contacto-header'>Informaci\u00f3n de contacto<\/li><li><i class=\"fa fa-map-marker\"><\/i> Avda. Astrof\u00edsico Francisco S\u00e1nchez, SN. Edificio Calabaza \u2013 AN.2D Apdo. 456 38200 San Crist\u00f3bal de La Laguna<\/li><li><i class=\"fa fa-envelope\"><\/i>  <a href=mailto:doctorado.artehumanidades@ull.es>doctorado.artehumanidades@ull.es<\/a><\/li><li><i class=\"fa fa-calendar\"><\/i><a href=\"http:\/\/citaprevia.ull.es\/index.php?s=edpo\"> Cita previa<\/a><\/li>\n<\/ul>\n\n\n<\/div><\/div><\/div>\n<\/div><\/div>\n","protected":false},"excerpt":{"rendered":"<p>Doctoral Student Monitoring Procedure for Assigning a Tutor and Supervisor As regulated by Article 9 of the REODULL (ReoDULL) Regulation, once admitted, each student will be assigned a tutor by the Academic Committee. The tutor must be a doctor and meet the requirements for supervising doctoral theses mentioned in Article 10 of the\u2026<\/p>","protected":false},"author":1,"featured_media":0,"parent":27,"menu_order":0,"comment_status":"closed","ping_status":"closed","template":"templates\/template-frontpage.php","meta":{"_acf_changed":false,"footnotes":""},"class_list":["post-72","page","type-page","status-publish","hentry"],"acf":[],"publishpress_future_action":{"enabled":false,"date":"2026-04-19 04:59:55","action":"change-status","newStatus":"draft","terms":[],"taxonomy":"","extraData":[]},"publishpress_future_workflow_manual_trigger":{"enabledWorkflows":[]},"_links":{"self":[{"href":"https:\/\/www.ull.es\/doctorados\/arte-humanidades\/en\/wp-json\/wp\/v2\/pages\/72","targetHints":{"allow":["GET"]}}],"collection":[{"href":"https:\/\/www.ull.es\/doctorados\/arte-humanidades\/en\/wp-json\/wp\/v2\/pages"}],"about":[{"href":"https:\/\/www.ull.es\/doctorados\/arte-humanidades\/en\/wp-json\/wp\/v2\/types\/page"}],"author":[{"embeddable":true,"href":"https:\/\/www.ull.es\/doctorados\/arte-humanidades\/en\/wp-json\/wp\/v2\/users\/1"}],"replies":[{"embeddable":true,"href":"https:\/\/www.ull.es\/doctorados\/arte-humanidades\/en\/wp-json\/wp\/v2\/comments?post=72"}],"version-history":[{"count":9,"href":"https:\/\/www.ull.es\/doctorados\/arte-humanidades\/en\/wp-json\/wp\/v2\/pages\/72\/revisions"}],"predecessor-version":[{"id":545,"href":"https:\/\/www.ull.es\/doctorados\/arte-humanidades\/en\/wp-json\/wp\/v2\/pages\/72\/revisions\/545"}],"up":[{"embeddable":true,"href":"https:\/\/www.ull.es\/doctorados\/arte-humanidades\/en\/wp-json\/wp\/v2\/pages\/27"}],"wp:attachment":[{"href":"https:\/\/www.ull.es\/doctorados\/arte-humanidades\/en\/wp-json\/wp\/v2\/media?parent=72"}],"curies":[{"name":"wp","href":"https:\/\/api.w.org\/{rel}","templated":true}]}}