{"id":21,"date":"2018-02-22T11:07:35","date_gmt":"2018-02-22T11:07:35","guid":{"rendered":"http:\/\/localhost\/ull\/doctorados\/?page_id=21"},"modified":"2026-03-19T11:58:24","modified_gmt":"2026-03-19T11:58:24","slug":"entidades-participantes","status":"publish","type":"page","link":"https:\/\/www.ull.es\/doctorados\/arte-humanidades\/fr\/entidades-participantes\/","title":{"rendered":"Entit\u00e9s participantes"},"content":{"rendered":"<h1>Entit\u00e9s participantes<\/h1>\n<h3><strong>Autres collaborations<\/strong><\/h3>\n<p>En ce qui concerne la mobilit\u00e9, les accords suivants relatifs au doctorat peuvent \u00eatre document\u00e9s.<\/p>\n<p>Universit\u00e9 Code Dates Ville<\/p>\n<p>A WIEN01 Universit\u00e9 de Vienne 2014\/2021 Vienne<\/p>\n<p>BG VELIKO01 \u00abSt. Cyrille et saint M\u00e9thode\u00bb 2014\/2020 Veliko-Turnovo<\/p>\n<p>Universit\u00e9 de Veliko Tarnovo<\/p>\n<p>CZ BRNO05 Universit\u00e9 Masaryk 2014\/2021 Bmo<\/p>\n<p>D HEIDELB01 Universit\u00e9 de Heidelberg 2014\/2020 Heidelberg<\/p>\n<p>D KIEL01 Christian-Albrechts 2014\/2020 Kiel<\/p>\n<p>(Universit\u00e9 de Kiel)<\/p>\n<p>D HAMBURG01 Universit\u00e9 de Hambourg 2014\/2020 Hambourg<\/p>\n<p>DK KOBENHA01 Universit\u00e9 de Copenhague 2010\/2014 Copenhague<\/p>\n<p>F CERGY07 Universit\u00e9 de Cergy Pontoise 2007\/2016 Cergy<\/p>\n<p>F PARIS010 Universit\u00e9 Paris X-Nanterre 2014\/2020 Paris<\/p>\n<p>G THESSAL01 Universit\u00e9 Aristote de Thessalonique 2014\/2020 Thessalonique<\/p>\n<p>G PATRA05 Rapport annuel Panepistmio 2014\/2020 Patras<\/p>\n<p>I CHIETI01 Universit\u00e9 de G. \u00c9tudes 2014\/2021 Chieti<\/p>\n<p>Dannunzio Chieti<\/p>\n<p>I SALERNO01 Universit\u00e9 de Salerne 2014\/2020 Salerne<\/p>\n<p>I SIENA01 Universit\u00e9 de Sienne \u00c9tudes 2007\/2014 Sienne<\/p>\n<div><\/div>\n<h3><b>Erasmus+ et collaborations en mati\u00e8re de mobilit\u00e9\/\u00e9changes hors UE<\/b><\/h3>\n<div>Universit\u00e9 Gaston Berger (S\u00e9n\u00e9gal)<br \/>\nUniversit\u00e9 d&#039;\u00c9tat de Santa Cruz (Br\u00e9sil)<br \/>\nUniversit\u00e9 Saint-Cyrille et Saint-M\u00e9thode de Veliko, Tarnovo (Bulgarie)<br \/>\nUniversit\u00e9 de Leipzig (Allemagne)<br \/>\nPolitecnico di Milano (Italie)<br \/>\nUniversit\u00e9 Humboldt de Berlin (Allemagne)<br \/>\nFacult\u00e9 de Belas Artes-Universidade do Porto (Portugal)<\/p>\n<h3><b>accords de collaboration acad\u00e9mique, scientifique et culturelle<\/b><\/h3>\n<p>Universit\u00e9 d&#039;\u00c9tat de Santa Cruz (Br\u00e9sil)<br \/>\nUniversit\u00e9 autonome du Chili (Santiago, Chili)<br \/>\nUniversit\u00e9 la\u00efque Eloy Alfaro de Manab\u00ed (Manta, \u00c9quateur)<br \/>\nUniversit\u00e9 d&#039;\u00c9tat de la p\u00e9ninsule de Santa Elena (La Libertad, \u00c9quateur)<br \/>\nUniversit\u00e9 d&#039;Antioquia (Colombie)<\/p>\n<\/div>\n<p><b>accords de tutelle conjointe et de codirection internationale<br \/>\n<\/b>Universit\u00e9 de la Sorbonne (Paris)<br \/>\nUniversit\u00e9 Masaryk (R\u00e9publique tch\u00e8que)<\/p>","protected":false},"excerpt":{"rendered":"<p>Entit\u00e9s participantes Autres collaborations Concernant la Mobilit\u00e9, les accords list\u00e9s ci-dessous, relatifs au Doctorat, peuvent \u00eatre document\u00e9s. Dates des codes universitaires\u2026<\/p>","protected":false},"author":1,"featured_media":0,"parent":0,"menu_order":0,"comment_status":"closed","ping_status":"closed","template":"templates\/template-frontpage.php","meta":{"_acf_changed":false,"footnotes":""},"class_list":["post-21","page","type-page","status-publish","hentry"],"acf":[],"publishpress_future_action":{"enabled":false,"date":"2026-04-20 08:02:52","action":"change-status","newStatus":"draft","terms":[],"taxonomy":"","extraData":[]},"publishpress_future_workflow_manual_trigger":{"enabledWorkflows":[]},"_links":{"self":[{"href":"https:\/\/www.ull.es\/doctorados\/arte-humanidades\/fr\/wp-json\/wp\/v2\/pages\/21","targetHints":{"allow":["GET"]}}],"collection":[{"href":"https:\/\/www.ull.es\/doctorados\/arte-humanidades\/fr\/wp-json\/wp\/v2\/pages"}],"about":[{"href":"https:\/\/www.ull.es\/doctorados\/arte-humanidades\/fr\/wp-json\/wp\/v2\/types\/page"}],"author":[{"embeddable":true,"href":"https:\/\/www.ull.es\/doctorados\/arte-humanidades\/fr\/wp-json\/wp\/v2\/users\/1"}],"replies":[{"embeddable":true,"href":"https:\/\/www.ull.es\/doctorados\/arte-humanidades\/fr\/wp-json\/wp\/v2\/comments?post=21"}],"version-history":[{"count":4,"href":"https:\/\/www.ull.es\/doctorados\/arte-humanidades\/fr\/wp-json\/wp\/v2\/pages\/21\/revisions"}],"predecessor-version":[{"id":568,"href":"https:\/\/www.ull.es\/doctorados\/arte-humanidades\/fr\/wp-json\/wp\/v2\/pages\/21\/revisions\/568"}],"wp:attachment":[{"href":"https:\/\/www.ull.es\/doctorados\/arte-humanidades\/fr\/wp-json\/wp\/v2\/media?parent=21"}],"curies":[{"name":"wp","href":"https:\/\/api.w.org\/{rel}","templated":true}]}}