{"id":23,"date":"2018-02-22T11:09:29","date_gmt":"2018-02-22T11:09:29","guid":{"rendered":"http:\/\/localhost\/ull\/doctorados\/?page_id=23"},"modified":"2018-03-02T19:19:45","modified_gmt":"2018-03-02T19:19:45","slug":"justificacion-del-titulo","status":"publish","type":"page","link":"https:\/\/www.ull.es\/doctorados\/arte-humanidades\/fr\/justificacion-del-titulo\/","title":{"rendered":"Justification du titre"},"content":{"rendered":"<h1>Justification du titre<\/h1>\n<p><strong>Objectifs<\/strong><\/p>\n<p>Le Doctorat en Arts et Humanit\u00e9s de l&#039;ULL est une proposition de formation de qualit\u00e9, \u00e0 port\u00e9e interd\u00e9partementale et interfacultaire, \u00e0 orientation professionnelle et de recherche, destin\u00e9e aux dipl\u00f4m\u00e9s en Arts et Humanit\u00e9s, avec les objectifs g\u00e9n\u00e9raux suivants :<\/p>\n<ul>\n<li>Former des professionnels experts, titulaires d\u2019un doctorat, dans les principes fondamentaux de la production humaniste et artistique et dans la recherche de nouveaux outils d\u2019analyse et d\u2019interpr\u00e9tation.<\/li>\n<li>Former \u00e0 l&#039;utilisation de ces techniques dans les diff\u00e9rents domaines et champs de connaissances connexes, en int\u00e9grant des t\u00e2ches de recherche et d\u00e9veloppement dans des entit\u00e9s publiques ou priv\u00e9es d&#039;universit\u00e9s ou de centres de recherche appliqu\u00e9e aux arts et aux sciences humaines.<\/li>\n<li>Assurer une formation ad\u00e9quate \u00e0 l&#039;obtention d&#039;informations scientifiques au travers de publications p\u00e9riodiques et de bases de donn\u00e9es, ainsi qu&#039;\u00e0 la communication scientifique orale et \u00e9crite, \u00e0 la pr\u00e9paration aux activit\u00e9s d&#039;enseignement et \u00e0 la diffusion scientifique.<\/li>\n<li>Former au d\u00e9veloppement d&#039;une carri\u00e8re scientifique par l&#039;apprentissage de la m\u00e9thode scientifique, la planification et l&#039;ex\u00e9cution de projets et d&#039;exp\u00e9riences, l&#039;interpr\u00e9tation des r\u00e9sultats et l&#039;\u00e9laboration de conclusions qui permettent d&#039;\u00e9largir les connaissances appliqu\u00e9es dans les arts et les sciences humaines, contribuant \u00e0 la r\u00e9solution des probl\u00e8mes de l&#039;environnement social dans cette branche de la connaissance.<\/li>\n<\/ul>\n<p><strong>Demande et int\u00e9r\u00eat social. Int\u00e9gration de la proposition dans la strat\u00e9gie R&amp;D&amp;I de l&#039;Universit\u00e9.<\/strong><\/p>\n<p>L&#039;un des principaux d\u00e9fis sociaux reconnus par la Strat\u00e9gie espagnole pour la science, la technologie et l&#039;innovation et par le programme Horizon 2020 de l&#039;UE est l&#039;Initiative de programmation conjointe \u00ab Patrimoine culturel et changement global : un nouveau d\u00e9fi pour l&#039;Europe \u00bb.<\/p>\n<p>Sous l&#039;acronyme JPI sur le patrimoine culturel (JPICH). L&#039;Initiative de programmation conjointe sur le patrimoine culturel et le changement global : un nouveau d\u00e9fi pour l&#039;Europe (JPICH) est une initiative intergouvernementale visant \u00e0 promouvoir la recherche innovante et collaborative afin de rationaliser et de coordonner les programmes de recherche nationaux.<br \/>\nla recherche, en faisant un usage plus efficace et plus efficient des ressources financi\u00e8res limit\u00e9es allou\u00e9es \u00e0 la protection du patrimoine culturel et \u00e0 sa contribution \u00e0 la croissance \u00e9conomique europ\u00e9enne.<\/p>\n<p>Le patrimoine culturel de l\u2019Europe est riche et diversifi\u00e9 et constitue un \u00e9l\u00e9ment fondamental de notre identit\u00e9 individuelle et collective. Sous ses formes mat\u00e9rielles, immat\u00e9rielles ou num\u00e9riques, le patrimoine culturel contribue \u00e0 la coh\u00e9sion de l\u2019Union europ\u00e9enne et joue un r\u00f4le fondamental dans son d\u00e9veloppement en cr\u00e9ant des liens entre les citoyens.<\/p>\n<p>L\u2019Initiative de programmation conjointe sur le patrimoine culturel fournit un cadre dans lequel les \u00c9tats membres travaillent ensemble pour maximiser et optimiser les efforts de recherche consacr\u00e9s \u00e0 la conservation de ce patrimoine culturel.<\/p>\n<p>Dans ce contexte, le JPICH a lanc\u00e9 le document de vision en 2010, \u00e9tablissant un ensemble d\u2019objectifs align\u00e9s sur la vision de la strat\u00e9gie Europe 2020 et sur le lancement de l\u2019Espace europ\u00e9en de la recherche.<\/p>\n<p>L&#039;agenda strat\u00e9gique du JPIHC \u00e9tablit quatre domaines de recherche prioritaires :<\/p>\n<ul>\n<li>Promouvoir la recherche qui permet la cr\u00e9ation d\u2019une soci\u00e9t\u00e9 r\u00e9fl\u00e9chie dans un monde en mutation.<\/li>\n<li>Connecter les gens au patrimoine et d\u00e9velopper des plans pour permettre sa gestion et sa conservation durables.<\/li>\n<li>Cr\u00e9er des connaissances pour permettre une meilleure compr\u00e9hension du contexte dans lequel le patrimoine culturel s\u2019est form\u00e9 et dans lequel il se situe. Il s\u2019agit de promouvoir un d\u00e9veloppement innovant et d\u2019aborder de nouvelles approches, applications et outils qui, bas\u00e9s sur le patrimoine culturel, g\u00e9n\u00e8rent une valeur ajout\u00e9e pour la soci\u00e9t\u00e9.<\/li>\n<li>Sauvegarder notre patrimoine culturel. D\u00e9couvrez comment nous pouvons le prot\u00e9ger et encouragez la recherche pour soutenir cette protection.<\/li>\n<\/ul>\n<p>Il s\u2019ensuit que l\u2019ensemble des ressources pr\u00e9vues pour la recherche dans les ann\u00e9es \u00e0 venir vise \u00e0 soutenir la recherche sur le patrimoine culturel, tant dans sa dimension th\u00e9orique que dans ses applications li\u00e9es \u00e0 la conservation du patrimoine.<\/p>\n<p>En outre, des aspects sp\u00e9cifiques des \u00eeles Canaries, tels que leur situation g\u00e9ographique et leur insularit\u00e9, contribuent \u00e0 d\u00e9finir un profil culturel particulier en tant que noyau d\u2019\u00e9changes depuis ses premi\u00e8res \u00e9tapes historiques. D\u2019une part, les \u00eeles Canaries sont une plaque tournante sur les routes migratoires et, dans le monde contemporain, elles ont assum\u00e9 le r\u00f4le de r\u00e9f\u00e9rence dans divers \u00e9pisodes comp\u00e9titifs de la culture internationale. Ces particularit\u00e9s favorisent le d\u00e9veloppement d\u2019un programme doctoral en arts et en sciences humaines soutenu par des axes de recherche qui int\u00e8grent toutes les facettes d\u2019int\u00e9r\u00eat des \u00e9tudes culturelles. Le programme offre une large couverture de formation doctorale aux dipl\u00f4m\u00e9s dans le domaine des Arts et des Humanit\u00e9s qui contribueront \u00e0 : 1) la promotion de l&#039;employabilit\u00e9 du personnel hautement qualifi\u00e9 dans un domaine de grande demande sociale et d&#039;innovation technologique, 2) le d\u00e9veloppement professionnel de chercheurs postdoctoraux dans les domaines des Arts et des Humanit\u00e9s, 3) la formation du personnel enseignant et de recherche universitaire, et 4) la formation de chercheurs orient\u00e9s vers l&#039;industrie culturelle.<\/p>\n<p><strong>Exp\u00e9rience dans l&#039;enseignement de programmes dans le domaine de la connaissance<\/strong><\/p>\n<p>Le programme de doctorat en arts et sciences humaines est partiellement d\u00e9riv\u00e9 des doctorats en beaux-arts, en histoire de l&#039;art, en philologie, en litt\u00e9rature hispanique et en linguistique hispanique qui fusionneront dans le titre actuel :<\/p>\n<ul>\n<li>Beaux-Arts : Concept, processus et techniques de l&#039;image (du biennium 99\/01 au biennium 01\/03), Th\u00e9orie des arts (du biennium 99\/01 au biennium 03\/05), Mat\u00e9riaux, techniques et proc\u00e9d\u00e9s en arts plastiques et design (du biennium 02\/04 au biennium 03\/05), Cr\u00e9ation plastique et design (du biennium 04\/06 au biennium 08\/10) et Pens\u00e9e artistique et perspective culturelle (du biennium 04\/ 05 \u00e0 08\/10). \/06 \u00e0 08\/10).<\/li>\n<li>Histoire de l&#039;art : Sc\u00e9narios ouverts : le multiculturalisme dans l&#039;art et la musique (de 2005 \u00e0 08\/10).<\/li>\n<li>Philologie : Programme dans lequel les quatre programmes pr\u00e9c\u00e9dents de Linguistique hispanique, Litt\u00e9rature hispanique, Philologie classique et arabe et Philologie moderne ont \u00e9t\u00e9 r\u00e9unis (depuis l&#039;exercice biennal 1999-2001, jusqu&#039;en 2011), lorsque l&#039;actuel Programme officiel de doctorat en \u00e9tudes hispaniques a \u00e9t\u00e9 approuv\u00e9. .<\/li>\n<\/ul>\n<p>La justification du programme doctoral propos\u00e9 se fonde sur la longue tradition de ces \u00e9tudes dans le district, qui est soutenue par un bon nombre de th\u00e8ses de doctorat et de publications d\u00e9riv\u00e9es, ainsi que par le nombre de dipl\u00f4m\u00e9s pr\u00e9sents dans le personnel technique du monde du travail. .<\/p>\n<p>L&#039;int\u00e9r\u00eat scientifique du programme de doctorat repose sur le niveau scientifique des professeurs\/chercheurs qui le composent.<\/p>\n<p>Le programme de doctorat en Arts et Humanit\u00e9s condense l&#039;activit\u00e9 de recherche dans les domaines de connaissances pr\u00e9sents dans le District depuis sa cr\u00e9ation. Pour cette raison, et en vertu de sa sp\u00e9cialisation dans des \u00e9tudes intrins\u00e8quement impliqu\u00e9es dans la mobilit\u00e9 et l&#039;internationalisation, les programmes propos\u00e9s \u00e0 ce jour ont eu un plan de mobilit\u00e9 garanti par un bon nombre d&#039;accords avec des universit\u00e9s europ\u00e9ennes, ainsi qu&#039;une offre sp\u00e9cialement con\u00e7ue. les \u00c9tats-Unis et le Canada. De plus, le caract\u00e8re transversal et interdisciplinaire du travail dans les sciences humaines cr\u00e9e un profil dans lequel la longue tradition d\u2019\u00e9tudes repr\u00e9sente un atout fondamental pour garantir des r\u00e9sultats comp\u00e9titifs.<\/p>\n<p>Les types de travaux produits par les groupes de recherche du Programme sont li\u00e9s au secteur des industries culturelles. Ils sont projet\u00e9s de pr\u00e9f\u00e9rence dans le secteur de l&#039;\u00e9dition, conseillant sur les t\u00e2ches institutionnelles dans le secteur culturel, y compris les questions de patrimoine culturel et sp\u00e9cifiquement dans le domaine de la mus\u00e9ologie, des archives<br \/>\net la documentation. Elle est \u00e9galement associ\u00e9e \u00e0 la production artistique, au secteur audiovisuel et \u00e0 la cr\u00e9ation litt\u00e9raire.<\/p>\n<p>Compte tenu de cette particularit\u00e9, l&#039;activit\u00e9 de recherche accr\u00e9dit\u00e9e par les chercheurs du programme, le programme doctoral a pr\u00e9sent\u00e9 :<\/p>\n<p>1. Elle fournit des services aux SGAI (Services G\u00e9n\u00e9raux de Soutien \u00e0 la Recherche), qui se sont r\u00e9v\u00e9l\u00e9s \u00eatre un excellent outil de cr\u00e9ation d&#039;emplois et de transfert de r\u00e9sultats \u00e0 la soci\u00e9t\u00e9, en plus de soutenir la recherche de la communaut\u00e9 scientifique.<\/p>\n<p>2. Elle fournit des brevets, elle b\u00e9n\u00e9ficie ainsi de l\u2019am\u00e9lioration de la gestion de l\u2019innovation et peut contribuer \u00e0 sa consolidation.<\/p>\n<p>3. Il apporte un nombre significatif de chercheurs au tissu de la soci\u00e9t\u00e9 canarienne.<\/p>\n<p>4. Il propose une large gamme de cours de troisi\u00e8me cycle. Parmi les programmes de ma\u00eetrise offerts par l&#039;ULL dans le domaine des arts et des sciences humaines, on compte plusieurs programmes interuniversitaires. Il existe \u00e9galement de nombreuses connexions internationales dans les recherches que nous d\u00e9veloppons.<\/p>\n<p>5. La multidisciplinarit\u00e9 est sans aucun doute la caract\u00e9ristique de nombreuses lignes de recherche qui connaissent un succ\u00e8s significatif au sein du secteur des arts et des sciences humaines.<\/p>\n<p>6. Le flux de recherche du programme montre une richesse caract\u00e9ristique du profil des domaines des sciences sociales, des arts et des sciences humaines, dans lesquels existent de nombreux petits groupes de recherche avec des particularit\u00e9s sp\u00e9cifiques qui obtiennent des r\u00e9sultats importants.<\/p>\n<p>Pour soutenir cette trajectoire, la strat\u00e9gie de R&amp;D&amp;I de l&#039;Universit\u00e9 de La Laguna incluse dans le Plan Strat\u00e9gique 2014-2020, encourage la mobilit\u00e9 et l&#039;internationalisation, en mettant \u00e9galement l&#039;accent sur la promotion d&#039;actions visant \u00e0 am\u00e9liorer les activit\u00e9s en Sciences Humaines et Sociales.<\/p>\n<p>L&#039;Universit\u00e9 de La Laguna a r\u00e9alis\u00e9 une \u00e9tude dont les r\u00e9sultats ont \u00e9t\u00e9 rendus publics dans le cadre de la r\u00e9organisation de la Recherche dans ses diff\u00e9rentes dimensions. Il a \u00e9t\u00e9 pr\u00e9sent\u00e9 au S\u00e9nat de l&#039;Universit\u00e9 de La Laguna pour approbation lors de sa r\u00e9union du 25 juin 2014 sous le nom de Plan Strat\u00e9gique de Recherche 2014\/2020. Il fait une mention sp\u00e9ciale au Doctorat et aux am\u00e9liorations pr\u00e9vues pour le district dans ses diff\u00e9rentes dimensions, y compris la cr\u00e9ation d&#039;une \u00e9cole doctorale qui est actuellement en phase de mise en \u0153uvre.<\/p>\n<p>Ce plan comprend diverses actions visant au transfert des r\u00e9sultats de la recherche et \u00e0 la cr\u00e9ation d&#039;emplois (il faut rappeler qu&#039;aux Canaries le taux de ch\u00f4mage est sup\u00e9rieur \u00e0 50% chez les jeunes). Nous pensons que la recherche qui na\u00eetra de ce programme de doctorat b\u00e9n\u00e9ficiera de nombreuses mesures envisag\u00e9es dans le plan, car elle renforcera des aspects qui existent d\u00e9j\u00e0 d\u00e8s le d\u00e9part.<\/p>\n<ul>\n<li>L\u2019action 6 de la ligne EE1.3 vise \u00e0 d\u00e9velopper des am\u00e9liorations dans la gestion de l\u2019innovation et peut contribuer \u00e0 sa consolidation.<\/li>\n<li>L\u2019am\u00e9lioration des possibilit\u00e9s offertes aux chercheurs dans les programmes doctoraux est particuli\u00e8rement pr\u00e9vue dans l\u2019action 17 de la ligne EE2.4. qui d\u00e9finit comme objectif d&#039;augmenter la qualit\u00e9 et le nombre de programmes de doctorat qui obtiennent la mention d&#039;excellence, et des programmes de master de qualit\u00e9.<\/li>\n<li>De nombreuses relations internationales sont impliqu\u00e9es dans les recherches que nous d\u00e9veloppons. Cette d\u00e9marche sera renforc\u00e9e par l\u2019Action 18, qui vise \u00e0 promouvoir des programmes d\u2019\u00e9tudes multidisciplinaires et interuniversitaires \u00e0 orientation internationale.<\/li>\n<li>La multidisciplinarit\u00e9 est l\u2019objectif de l\u2019Action 19, car elle constitue sans aucun doute le trait caract\u00e9ristique de nombreuses lignes de recherche qui connaissent un succ\u00e8s significatif au sein de la branche des Arts et des Humanit\u00e9s. Il est d\u00e9fini dans le but de promouvoir parmi les chercheurs une vision int\u00e9gr\u00e9e et globale de la carri\u00e8re de chercheur, dans le but de leur permettre d&#039;aborder des projets multidisciplinaires qui r\u00e9solvent les grands d\u00e9fis de la soci\u00e9t\u00e9.<\/li>\n<li>L&#039;augmentation de la qualit\u00e9 de nos r\u00e9sultats gr\u00e2ce \u00e0 l&#039;Action 20, favorise l&#039;\u00e9tude de processus incitatifs pour garantir la mention internationale des th\u00e8ses soutenues \u00e0 l&#039;ULL et qu&#039;elles soient pr\u00e9sent\u00e9es suivant les tendances internationales en mati\u00e8re de validation des th\u00e8ses de doctorat, en fonction de chaque zone.<\/li>\n<li>Et plus sp\u00e9cifiquement, l\u2019Action 46 aborde les particularit\u00e9s de la branche des Sciences humaines en reconnaissant que la particularit\u00e9 des \u00e9quipes compos\u00e9es d\u2019une seule personne ou de petites tailles dans les domaines de connaissances de nos disciplines m\u00e9rite d\u2019\u00eatre reconnue par des mesures concr\u00e8tes qui r\u00e9pondent \u00e0 leurs exigences sp\u00e9cifiques. Nous sommes convaincus que cette tendance ne fera que s\u2019accentuer dans les ann\u00e9es \u00e0 venir gr\u00e2ce \u00e0 la possibilit\u00e9 de se regrouper pour int\u00e9grer des \u00e9quipes multidisciplinaires plus larges.<\/li>\n<\/ul>\n<p>Veuillez consulter les \u00e9l\u00e9ments suivants\u00a0<a href=\"https:\/\/drive.google.com\/open?id=1ovjp5X-13K5QzAL4jCm9CMRFc2MRvGo0\" target=\"_blank\" rel=\"noopener\">tableaux<\/a><\/p>\n<p><strong>Gestion administrative : Ecole Doctorale et Post-Universitaire de l&#039;ULL<\/strong><\/p>\n<p>Le programme sera int\u00e9gr\u00e9 \u00e0 l&#039;\u00c9cole Doctorale, dont la cr\u00e9ation a \u00e9t\u00e9 approuv\u00e9e par le Conseil d&#039;Administration de l&#039;ULL le 26 septembre 2013. Jusqu&#039;\u00e0 son entr\u00e9e en vigueur, le programme sera rattach\u00e9 acad\u00e9miquement \u00e0 la Facult\u00e9 de Philologie et sa gestion administrative sera assur\u00e9e par comp\u00e9tence de la Commission des \u00e9tudes sup\u00e9rieures.<\/p>\n<p>Le Comit\u00e9 Acad\u00e9mique du Programme Doctoral en Arts et Humanit\u00e9s de l&#039;Universit\u00e9 de La Laguna se chargera d&#039;orienter les \u00e9tudiants quant \u00e0 la ligne de recherche \u00e0 laquelle leur projet de th\u00e8se de doctorat devra \u00eatre assign\u00e9 et proposera, le cas \u00e9ch\u00e9ant, des adaptations curriculaires. .<\/p>\n<p><strong>\u00c9tudiants \u00e0 temps plein et \u00e0 temps partiel<\/strong><\/p>\n<p>Conform\u00e9ment aux dispositions du r\u00e8glement sur la formation continue, il est pr\u00e9vu que les \u00e9tudiants \u00e0 temps partiel puissent repr\u00e9senter jusqu&#039;\u00e0 40% des \u00e9tudiants inscrits.<\/p>\n<p>\u00c9tudiants \u00e0 temps plein : 24<\/p>\n<p>\u00c9tudiants \u00e0 temps partiel : jusqu&#039;\u00e0 16 ans<\/p>","protected":false},"excerpt":{"rendered":"<p>Titre Justification Objectifs Le doctorat en Arts et Sciences Humaines de l&#039;ULL constitue une proposition de formation de qualit\u00e9, de port\u00e9e interd\u00e9partementale et interfacultaire, \u00e0 orientation professionnelle et recherche, destin\u00e9e aux dipl\u00f4m\u00e9s en Arts et Sciences Humaines, avec les objectifs g\u00e9n\u00e9raux suivants : Former des professionnels experts, titulaires d&#039;un doctorat, aux principes fondamentaux de la production humaniste et\u2026<\/p>","protected":false},"author":1,"featured_media":0,"parent":0,"menu_order":0,"comment_status":"closed","ping_status":"closed","template":"","meta":{"_acf_changed":false,"footnotes":""},"class_list":["post-23","page","type-page","status-publish","hentry"],"acf":[],"publishpress_future_action":{"enabled":false,"date":"2026-04-20 01:13:46","action":"change-status","newStatus":"draft","terms":[],"taxonomy":"","extraData":[]},"publishpress_future_workflow_manual_trigger":{"enabledWorkflows":[]},"_links":{"self":[{"href":"https:\/\/www.ull.es\/doctorados\/arte-humanidades\/fr\/wp-json\/wp\/v2\/pages\/23","targetHints":{"allow":["GET"]}}],"collection":[{"href":"https:\/\/www.ull.es\/doctorados\/arte-humanidades\/fr\/wp-json\/wp\/v2\/pages"}],"about":[{"href":"https:\/\/www.ull.es\/doctorados\/arte-humanidades\/fr\/wp-json\/wp\/v2\/types\/page"}],"author":[{"embeddable":true,"href":"https:\/\/www.ull.es\/doctorados\/arte-humanidades\/fr\/wp-json\/wp\/v2\/users\/1"}],"replies":[{"embeddable":true,"href":"https:\/\/www.ull.es\/doctorados\/arte-humanidades\/fr\/wp-json\/wp\/v2\/comments?post=23"}],"version-history":[{"count":2,"href":"https:\/\/www.ull.es\/doctorados\/arte-humanidades\/fr\/wp-json\/wp\/v2\/pages\/23\/revisions"}],"predecessor-version":[{"id":133,"href":"https:\/\/www.ull.es\/doctorados\/arte-humanidades\/fr\/wp-json\/wp\/v2\/pages\/23\/revisions\/133"}],"wp:attachment":[{"href":"https:\/\/www.ull.es\/doctorados\/arte-humanidades\/fr\/wp-json\/wp\/v2\/media?parent=23"}],"curies":[{"name":"wp","href":"https:\/\/api.w.org\/{rel}","templated":true}]}}