{"id":82,"date":"2018-02-22T14:14:43","date_gmt":"2018-02-22T14:14:43","guid":{"rendered":"http:\/\/www.ull.es\/doctorados\/arte-humanidades\/?page_id=82"},"modified":"2025-08-20T09:46:00","modified_gmt":"2025-08-20T09:46:00","slug":"movilidad","status":"publish","type":"page","link":"https:\/\/www.ull.es\/doctorados\/arte-humanidades\/fr\/informacion-academica\/movilidad\/","title":{"rendered":"Mobilit\u00e9"},"content":{"rendered":"\n<div class=\"wp-block-stackable-columns alignfull stk-block-columns stk-block stk-2314a6b\" data-block-id=\"2314a6b\"><style>.stk-2314a6b {padding-bottom:0px !important;margin-top:-100px !important;margin-bottom:0px !important;}<\/style><div class=\"stk-row stk-inner-blocks stk-block-content stk-content-align stk-2314a6b-column alignfull\">\n<div class=\"wp-block-stackable-column stk-block-column stk-column stk-block stk-1d1764d\" data-v=\"4\" data-block-id=\"1d1764d\"><div class=\"stk-column-wrapper stk-block-column__content stk-container stk-1d1764d-container stk--no-background stk--no-padding\"><div class=\"stk-block-content stk-inner-blocks stk-1d1764d-inner-blocks\"><style id=\"depicter-6-inline-pre-css\">\n\n.depicter-6:not(.depicter-ready){\n\theight:450px;\n}\n\n\/***** Tablet *****\/\n@media screen and (max-width: 1024px){\n\n.depicter-6:not(.depicter-ready){\n\theight:700px;\n}\n\n}\n\/***** Mobile *****\/\n@media screen and (max-width: 767px){\n\n.depicter-6:not(.depicter-ready){\n\theight:360px;\n}\n\n}\n<\/style>\n<div id=\"depicter-6\" class=\"depicter depicter-document depicter-revert depicter-6 depicter-layout-fullwidth\">\n\n<div class=\"depicter-loading-container depicter-loading dotFlashing-dark\"><div class=\"depicter-loading-dark depicter-dot-flashing\">\n   <span><\/span>\n   <span><\/span>\n   <span><\/span>\n<\/div>\n<\/div>\n<div id=\"depicter-6-section-1\" class=\"depicter-section depicter-6-section-1\" data-name=\"Section 1\" data-type=\"section\" data-local-id=\"section-1\">\n<picture class=\"depicter-bg\">\n<source data-depicter-srcset=\"https:\/\/www.ull.es\/doctorados\/arte-humanidades\/wp-content\/uploads\/sites\/9\/2025\/05\/Headers-Doctorados_Doctorado-Arte-y-Humanidades-2-768x248.jpg, https:\/\/www.ull.es\/doctorados\/arte-humanidades\/wp-content\/uploads\/sites\/9\/2025\/05\/Headers-Doctorados_Doctorado-Arte-y-Humanidades-2.jpg 2x\" srcset=\"data:image\/gif;base64,R0lGODlhAQABAIAAAAAAAP\/\/\/yH5BAEAAAAALAAAAAABAAEAAAIBRAA7\" media=\"(max-width: 1024px)\" \/>\n\n<source data-depicter-srcset=\"https:\/\/www.ull.es\/doctorados\/arte-humanidades\/wp-content\/uploads\/sites\/9\/2025\/05\/Headers-Doctorados_Doctorado-Arte-y-Humanidades-2.jpg, https:\/\/www.ull.es\/doctorados\/arte-humanidades\/wp-content\/uploads\/sites\/9\/2025\/05\/Headers-Doctorados_Doctorado-Arte-y-Humanidades-2-1900x613.jpg 2x\" srcset=\"data:image\/gif;base64,R0lGODlhAQABAIAAAAAAAP\/\/\/yH5BAEAAAAALAAAAAABAAEAAAIBRAA7\" media=\"(min-width: 1025px)\" \/>\n<img decoding=\"async\" src=\"data:image\/gif;base64,R0lGODlhAQABAIAAAAAAAP\/\/\/yH5BAEAAAAALAAAAAABAAEAAAIBRAA7\" data-ken-burns=\"false\" data-tablet-ken-burns=\"false\" data-mobile-ken-burns=\"false\" alt=\"\" data-depicter-src=\"https:\/\/www.ull.es\/doctorados\/arte-humanidades\/wp-content\/uploads\/sites\/9\/2025\/05\/Headers-Doctorados_Doctorado-Arte-y-Humanidades-2.jpg\" data-object-fit=\"custom,custom,\" data-object-position=\"center top,,\" data-crop=\"{'focalPoint':{'x':0.5,'y':0.34999999999999997779553950749686919152736663818359375},'mediaSize':{'width':1792,'height':578}}\" data-tablet-crop=\"{'focalPoint':{'x':0.36999999999999999555910790149937383830547332763671875,'y':0.5},'mediaSize':{'width':2169,'height':700}}\" data-mobile-crop=\"{'focalPoint':{'x':0.340000000000000024424906541753443889319896697998046875,'y':0.2399999999999999911182158029987476766109466552734375},'mediaSize':{'width':2293,'height':740}}\" \/>\n<\/picture>\n\n\n<h1 id=\"depicter-6-element-5\" class=\"depicter-element depicter-layer depicter-6-element-5\" data-type=\"text\" data-wrap=\"true\" data-name=\"Text 2\" data-local-id=\"element-5\" data-offset=\"x:0px;y:117px;origin:tl\" data-tablet-offset=\"x:215px;y:194px;origin:tl\" data-mobile-offset=\"x:0px;y:125px;origin:tl\" data-width=\"1200px,auto,348px\" data-height=\"auto,auto,auto\" data-responsive-scale=\"true,,\">Doctorado en Artes y Humanidades<\/h1>\n\n<div id=\"depicter-6-element-10\" class=\"depicter-element depicter-layer depicter-6-element-10\" data-type=\"shape\" data-wrap=\"true\" data-name=\"Shape 1\" data-local-id=\"element-10\" data-offset=\"x:0px;y:314px;origin:tl\" data-tablet-offset=\"x:215px;y:361px;origin:tl\" data-mobile-offset=\"x:6px;y:286px;origin:tl\" data-width=\"895px,647px,282px\" data-height=\"8px,8px,8px\" data-responsive-scale=\"true,,\"><\/div>\n<\/div>\n<\/div>\n<script>\n(window.depicterSetups = window.depicterSetups || []).push(function(){\n\tDepicter.basePath = 'https:\/\/www.ull.es\/doctorados\/arte-humanidades\/wp-content\/plugins\/depicter\/resources\/scripts\/player\/';\n\tconst dpPlayer = Depicter.setup('.depicter-6',\n\t\t{\"width\":[\"1200\",\"1024\",\"360\"],\"height\":[\"450\",\"700\",\"360\"],\"view\":\"basic\",\"keepAspectRatio\":true,\"preload\":0,\"layout\":\"fullwidth\",\"rtl\":false,\"initAfterAppear\":false,\"ajaxApiUrl\":\"https:\\\/\\\/www.ull.es\\\/doctorados\\\/arte-humanidades\\\/wp-admin\\\/admin-ajax.php\",\"mouseSwipe\":true,\"touchSwipe\":true,\"useWatermark\":false}\n\t);\n});\n<\/script><\/div><\/div><\/div>\n<\/div><\/div>\n\n\n\n<div class=\"wp-block-stackable-columns alignfull stk-block-columns stk--hide-mobile stk-block stk-6394276 stk-block-background\" data-block-id=\"6394276\"><style>.stk-6394276 {background-color:#f33f4e !important;padding-top:10px !important;margin-bottom:0px !important;}.stk-6394276:before{background-color:#f33f4e !important;}<\/style><div class=\"stk-row stk-inner-blocks stk-block-content stk-content-align stk-6394276-column alignfull\">\n<div class=\"wp-block-stackable-column stk-block-column stk-column stk-block stk-8a66885\" data-v=\"4\" data-block-id=\"8a66885\"><div class=\"stk-column-wrapper stk-block-column__content stk-container stk-8a66885-container stk--no-background stk--no-padding\"><div class=\"stk-block-content stk-inner-blocks stk-8a66885-inner-blocks\">\n<div class=\"wp-block-stackable-spacer stk-block-spacer stk--no-padding stk-block stk-bc89b3e\" data-block-id=\"bc89b3e\"><style>.stk-bc89b3e {height:0px !important;}<\/style><\/div>\n<\/div><\/div><\/div>\n<\/div><\/div>\n\n\n\n<div class=\"wp-block-stackable-columns stk-block-columns stk-block stk-8b59b96\" data-block-id=\"8b59b96\"><style>.stk-8b59b96 .stk--block-align-8b59b96{align-items:flex-start !important;}.stk-8b59b96 {margin-top:50px !important;}.stk-8b59b96-column{--stk-columns-spacing:0px !important;--stk-column-gap:50px !important;}<\/style><div class=\"stk-row stk-inner-blocks stk--block-align-8b59b96 stk-block-content stk-content-align stk-8b59b96-column\">\n<div class=\"wp-block-stackable-column stk-block-column stk-column stk-block stk-dbb7e15\" data-v=\"4\" data-block-id=\"dbb7e15\"><style>@media screen and (min-width: 768px){.stk-dbb7e15 {flex:var(--stk-flex-grow, 1) 1 66.7% !important;}}<\/style><div class=\"stk-column-wrapper stk-block-column__content stk-container stk-dbb7e15-container stk--no-background stk--no-padding\"><div class=\"stk-block-content stk-inner-blocks stk-dbb7e15-inner-blocks\">\n<div class=\"wp-block-stackable-heading stk-block-heading stk-block-heading--v2 stk-block stk-cc0239e\" id=\"complementos-de-formacion\" data-block-id=\"cc0239e\"><style>.stk-cc0239e .stk-block-heading__text{color:#000000 !important;font-weight:500 !important;}<\/style><h1 class=\"stk-block-heading__text has-text-color\">Movilidad<\/h1><\/div>\n\n\n\n<div class=\"wp-block-stackable-text stk-block-text stk-block stk-01c02f0\" data-block-id=\"01c02f0\"><p class=\"stk-block-text__text\"><strong>Estancias en otros centros de investigaci\u00f3n (movilidad)<\/strong><\/p><\/div>\n\n\n\n<p><strong>N\u00famero de horas:<\/strong> 360 horas<\/p>\n\n\n\n<p><strong>Descripci\u00f3n:<\/strong>&nbsp;Estancia de al menos tres meses, a completar en una o dos visitas, en otro centro nacional o extranjero de reconocido prestigio. La selecci\u00f3n del centro de destino y el periodo de la estancia m\u00e1s adecuado deben ser acordados con el director de la tesis.<\/p>\n\n\n\n<p><strong>Planificaci\u00f3n temporal:<\/strong>&nbsp;Estudiantes con dedicaci\u00f3n a tiempo completo: durante el segundo o tercer a\u00f1o Estudiantes con dedicaci\u00f3n a tiempo parcial: durante el tercero o cuarto a\u00f1o.<\/p>\n\n\n\n<p><strong>Justificaci\u00f3n:<\/strong>&nbsp;Potenciaci\u00f3n de las competencias espec\u00edficas b\u00e1sicas CB13, CB15, y capacidades CA04 y CA05.<\/p>\n\n\n\n<p><strong>Resultados del aprendizaje:<\/strong>&nbsp;Ser capaz de integrarse en un grupo de investigaci\u00f3n extranjero y colaborar en sus l\u00edneas de investigaci\u00f3n. Resolver cuestiones concretas planteadas en su investigaci\u00f3n. Aprender nuevas t\u00e9cnicas y ser capaz de aplicarlas al desarrollo de su tesis doctoral. Iniciar contactos para colaboraciones futuras.<\/p>\n\n\n\n<p><strong>Idioma:<\/strong> Espa\u00f1ol\/ingl\u00e9s<\/p>\n\n\n\n<p><strong>Car\u00e1cter:<\/strong>&nbsp;Optativo, en funci\u00f3n de la disponibilidad de recursos para esta acci\u00f3n.<\/p>\n\n\n\n<p><strong>Procedimiento de control:<\/strong>&nbsp;Memoria previa a la estancia que incluya: 1. Justificaci\u00f3n de la oportunidad de la estancia en el contexto del trabajo de tesis, 2. experiencia del grupo receptor en el tema, 3. Exposici\u00f3n de las cuestiones concretas que se quieren resolver. 4. plan de trabajo, 5. Fuente de financiaci\u00f3n para la realizaci\u00f3n de la estancia. Una vez realizada la estancia: 1. Informe del responsable del grupo receptor en que se ha realizado la estancia sobre el aprovechamiento, 2. Informe personal razonado de los objetivos alcanzados y no alcanzados con respecto al plan propuesto. 3. Presentaci\u00f3n de los progresos que la estancia ha supuesto para la tesis en un seminario del grupo de investigaci\u00f3n. La memoria debe ser incluida en el registro personalizado de actividades.<\/p>\n<\/div><\/div><\/div>\n\n\n\n<div class=\"wp-block-stackable-column stk-block-column stk-column stk-block stk-53ec762\" data-v=\"4\" data-block-id=\"53ec762\"><style>.stk-53ec762-inner-blocks{row-gap:0px !important;}.stk-53ec762 {padding-top:0px !important;padding-right:0px !important;padding-bottom:0px !important;padding-left:0px !important;}@media screen and (min-width: 768px){.stk-53ec762 {flex:var(--stk-flex-grow, 1) 1 33.3% !important;}}<\/style><div class=\"stk-column-wrapper stk-block-column__content stk-container stk-53ec762-container stk--no-background stk--no-padding\"><div class=\"stk-block-content stk-inner-blocks stk-53ec762-inner-blocks\">\n\n<ul class=\"widget-box\">\n<li class='contacto-header'>Informaci\u00f3n de contacto<\/li><li><i class=\"fa fa-map-marker\"><\/i> Avda. Astrof\u00edsico Francisco S\u00e1nchez, SN. Edificio Calabaza \u2013 AN.2D Apdo. 456 38200 San Crist\u00f3bal de La Laguna<\/li><li><i class=\"fa fa-envelope\"><\/i>  <a href=mailto:doctorado.artehumanidades@ull.es>doctorado.artehumanidades@ull.es<\/a><\/li><li><i class=\"fa fa-calendar\"><\/i><a href=\"http:\/\/citaprevia.ull.es\/index.php?s=edpo\"> Cita previa<\/a><\/li>\n<\/ul>\n\n\n<\/div><\/div><\/div>\n<\/div><\/div>\n","protected":false},"excerpt":{"rendered":"<p>Mobilit\u00e9 : S\u00e9jours dans d&#039;autres centres de recherche (mobilit\u00e9) Nombre d&#039;heures : 360 heures Description : S\u00e9jour d&#039;au moins trois mois, \u00e0 effectuer en un ou deux s\u00e9jours, dans un autre centre national ou \u00e9tranger prestigieux. Le choix du centre de destination et la dur\u00e9e du s\u00e9jour la plus appropri\u00e9e doivent \u00eatre convenus avec le directeur\u2026<\/p>","protected":false},"author":1,"featured_media":0,"parent":17,"menu_order":0,"comment_status":"closed","ping_status":"closed","template":"templates\/template-frontpage.php","meta":{"_acf_changed":false,"footnotes":""},"class_list":["post-82","page","type-page","status-publish","hentry"],"acf":[],"publishpress_future_action":{"enabled":false,"date":"2026-04-19 07:32:25","action":"change-status","newStatus":"draft","terms":[],"taxonomy":"","extraData":[]},"publishpress_future_workflow_manual_trigger":{"enabledWorkflows":[]},"_links":{"self":[{"href":"https:\/\/www.ull.es\/doctorados\/arte-humanidades\/fr\/wp-json\/wp\/v2\/pages\/82","targetHints":{"allow":["GET"]}}],"collection":[{"href":"https:\/\/www.ull.es\/doctorados\/arte-humanidades\/fr\/wp-json\/wp\/v2\/pages"}],"about":[{"href":"https:\/\/www.ull.es\/doctorados\/arte-humanidades\/fr\/wp-json\/wp\/v2\/types\/page"}],"author":[{"embeddable":true,"href":"https:\/\/www.ull.es\/doctorados\/arte-humanidades\/fr\/wp-json\/wp\/v2\/users\/1"}],"replies":[{"embeddable":true,"href":"https:\/\/www.ull.es\/doctorados\/arte-humanidades\/fr\/wp-json\/wp\/v2\/comments?post=82"}],"version-history":[{"count":10,"href":"https:\/\/www.ull.es\/doctorados\/arte-humanidades\/fr\/wp-json\/wp\/v2\/pages\/82\/revisions"}],"predecessor-version":[{"id":540,"href":"https:\/\/www.ull.es\/doctorados\/arte-humanidades\/fr\/wp-json\/wp\/v2\/pages\/82\/revisions\/540"}],"up":[{"embeddable":true,"href":"https:\/\/www.ull.es\/doctorados\/arte-humanidades\/fr\/wp-json\/wp\/v2\/pages\/17"}],"wp:attachment":[{"href":"https:\/\/www.ull.es\/doctorados\/arte-humanidades\/fr\/wp-json\/wp\/v2\/media?parent=82"}],"curies":[{"name":"wp","href":"https:\/\/api.w.org\/{rel}","templated":true}]}}