{"id":23,"date":"2018-02-22T11:09:29","date_gmt":"2018-02-22T11:09:29","guid":{"rendered":"http:\/\/localhost\/ull\/doctorados\/?page_id=23"},"modified":"2018-03-02T19:19:45","modified_gmt":"2018-03-02T19:19:45","slug":"justificacion-del-titulo","status":"publish","type":"page","link":"https:\/\/www.ull.es\/doctorados\/arte-humanidades\/justificacion-del-titulo\/","title":{"rendered":"Justificaci\u00f3n del t\u00edtulo"},"content":{"rendered":"<h1>Justificaci\u00f3n del t\u00edtulo<\/h1>\n<p><strong>Objetivos<\/strong><\/p>\n<p>El Doctorado en Arte y Humanidades por la ULL constituye una propuesta formativa de calidad, de \u00e1mbito interdepartamental\u00a0e interfacultativo, con orientaci\u00f3n profesional e investigadora, dirigido a titulados en Artes y Humanidades,\u00a0con los siguientes objetivos generales:<\/p>\n<ul>\n<li>Formar profesionales expertos, con grado de doctor, en los principios b\u00e1sicos de la producci\u00f3n human\u00edstica y\u00a0de las artes y en la b\u00fasqueda de nuevas herramientas de an\u00e1lisis e interpretaci\u00f3n.<\/li>\n<li>Capacitar para el uso de estas t\u00e9cnicas en las diversas \u00e1reas y campos del conocimiento relacionados, incorpor\u00e1ndose\u00a0a tareas de investigaci\u00f3n y desarrollo en entidades p\u00fablicas o privadas de universidades, o centros\u00a0de investigaci\u00f3n aplicada a las artes y humanidades.<\/li>\n<li>Proporcionar formaci\u00f3n adecuada en la obtenci\u00f3n de informaci\u00f3n cient\u00edfica a trav\u00e9s de publicaciones peri\u00f3dicas\u00a0y bases de datos, as\u00ed como en la comunicaci\u00f3n cient\u00edfica oral y escrita, preparando para la actividad docente\u00a0y la divulgaci\u00f3n cient\u00edfica.<\/li>\n<li>Capacitar para el desarrollo de una carrera cient\u00edfica a trav\u00e9s del aprendizaje del m\u00e9todo cient\u00edfico, la planificaci\u00f3n y ejecuci\u00f3n de proyectos y experimentos, la interpretaci\u00f3n de resultados, y la elaboraci\u00f3n de conclusiones que permitan ampliar el conocimiento aplicado en artes y humanidades, contribuyendo a la resoluci\u00f3n de problemas del entorno social en esta rama de conocimiento.<\/li>\n<\/ul>\n<p><strong>Demanda e inter\u00e9s social. Integraci\u00f3n de la propuesta en la estrategia I+D+i de la Universidad.<\/strong><\/p>\n<p>Uno de los grandes retos sociales reconocido por la Estrategia Espa\u00f1ola de Ciencia, Tecnolog\u00eda e Innovaci\u00f3n, y el\u00a0Horizonte 2020 de la UE es la Iniciativa de Programaci\u00f3n Conjunta Patrimonio Cultural y Cambio Global: un nuevo reto\u00a0para Europa.<\/p>\n<p>Bajo las siglas JPI on Cultural Heritage (JPICH). La Iniciativa de Programaci\u00f3n Conjunta \u00abPatrimonio Cultural y Cambio\u00a0Global: un nuevo reto para Europa\u00bb (JPICH por sus siglas en ingl\u00e9s) es una iniciativa intergubernamental para\u00a0promover una investigaci\u00f3n innovadora y colaborativa que permita agilizar y coordinar los programas nacionales de<br \/>\ninvestigaci\u00f3n, haciendo un uso m\u00e1s eficiente y eficaz de los escasos recursos financieros destinados a proteger el\u00a0patrimonio cultural y a su contribuci\u00f3n al crecimiento econ\u00f3mico europeo.<\/p>\n<p>El patrimonio cultural de Europa es rico y diverso, y es un componente fundamental de nuestra identidad individual y\u00a0colectiva. En sus formas tangible, intangible o digital, el patrimonio cultural contribuye a la cohesi\u00f3n de la Uni\u00f3n Europea\u00a0y desempe\u00f1a un papel fundamental en su desarrollo creando v\u00ednculos entre los ciudadanos.<\/p>\n<p>La iniciativa de programaci\u00f3n conjunta en patrimonio cultural proporciona un marco dentro del cual los Estados miembros\u00a0trabajan conjuntamente para maximizar y aprovechar los esfuerzos en investigaci\u00f3n dedicados a la conservaci\u00f3n\u00a0de este patrimonio cultural.<\/p>\n<p>En ese marco, la JPICH lanz\u00f3 en 2010 el Documento de Visi\u00f3n estableciendo un conjunto de objetivos alineados\u00a0con la visi\u00f3n de la Estrategia Europa 2020 y con la puesta en marcha del Espacio Europeo de Investigaci\u00f3n.<\/p>\n<p>La Agenda Estrat\u00e9gica de la JPIHC establece cuatro \u00e1reas prioritarias de investigaci\u00f3n:<\/p>\n<ul>\n<li>Promover una investigaci\u00f3n que permita crear una sociedad reflexiva en un mundo cambiante.<\/li>\n<li>Conectar a las personas con el patrimonio y desarrollar planes para permitir su gesti\u00f3n y conservaci\u00f3n sostenible.<\/li>\n<li>Crear conocimiento para permitir una mejor comprensi\u00f3n del contexto en el que se form\u00f3 y en el que se encuentra\u00a0el patrimonio cultural. Se trata de fomentar el desarrollo innovador y abordar nuevos enfoques, aplicaciones\u00a0y herramientas que, a partir de la herencia cultural, generen valor a\u00f1adido para la sociedad.<\/li>\n<li>Salvaguardar nuestro patrimonio cultural. Explorar c\u00f3mo podemos protegerlo y favorecer la investigaci\u00f3n que\u00a0se desarrolle para apoyar esa protecci\u00f3n.<\/li>\n<\/ul>\n<p>De ello se desprende que el conjunto de recursos programados para la investigaci\u00f3n en los pr\u00f3ximos a\u00f1os se orienta\u00a0a apoyar la investigaci\u00f3n en patrimonio cultural, tanto en su dimensi\u00f3n te\u00f3rica como en sus aplicaciones ligadas a la\u00a0conservaci\u00f3n patrimonial.<\/p>\n<p>Adem\u00e1s, aspectos espec\u00edficos de Canarias, como su situaci\u00f3n geogr\u00e1fica e insularidad, contribuyen a definir un perfil\u00a0cultural peculiar como n\u00facleo de intercambios desde sus primeras etapas hist\u00f3ricas. Por un lado, Canarias es un\u00a0nudo en las rutas migratorias y en el mundo contempor\u00e1neo ha asumido el papel de referente en diversos episodios\u00a0competitivos de la cultura internacional. Estas peculiaridades avalan el desarrollo de un Programa de Doctorado en\u00a0Arte y Humanidades apoyado en l\u00edneas de investigaci\u00f3n que integran todas las facetas de inter\u00e9s en Estudios Culturales.\u00a0El programa ofrece una cobertura amplia de formaci\u00f3n doctoral a graduados en la rama de Arte y Humanidades\u00a0que contribuir\u00e1 a: 1) el fomento de la empleabilidad de personal altamente cualificado en un \u00e1rea de gran demanda\u00a0social y de innovaci\u00f3n tecnol\u00f3gica, 2) el desarrollo profesional de investigadores postdoctorales en en \u00e1reas de Arte\u00a0y Humanidades, 3) la formaci\u00f3n de personal docente-investigador universitario, y 4) la formaci\u00f3n de investigadores\u00a0dirigidos a la industria cultural.<\/p>\n<p><strong>Experiencia en impartici\u00f3n de programas del \u00e1rea de conocimiento<\/strong><\/p>\n<p>El Programa de Doctorado en Arte y Humanidades deriva parcialmente de los Doctorados en Bellas Artes, Historia\u00a0del Arte, Filolog\u00eda, Literatura Hisp\u00e1nica y Ling\u00fc\u00edstica Hisp\u00e1nica que confluir\u00e1n en el t\u00edtulo actual:<\/p>\n<ul>\n<li>Bellas Artes: Concepto, proceso y t\u00e9cnicas de la imagen (desde el bienio 99\/01 hasta el bienio 01\/03), Teor\u00eda de las\u00a0artes (desde el bienio 99\/01 hasta el bienio 03\/05), Materiales, t\u00e9cnicas y procedimientos en la pl\u00e1stica y el dise\u00f1o\u00a0(desde el bienio 02\/04 hasta el bienio 03\/05), Creaci\u00f3n pl\u00e1stica y dise\u00f1o (desde el bienio 04\/06 hasta el bienio 08\/10)\u00a0y Pensamiento art\u00edstico y prospectiva cultural (desde el bienio 04\/06 hasta el bienio 08\/10).<\/li>\n<li>Historia del Arte: Escenarios abiertos: lo multicultural en el arte y en la m\u00fasica (desde 2005-hasta el bienio 08\/10).<\/li>\n<li>Filolog\u00eda: Programa en el que confluyeron los cuatro anteriores de Ling\u00fc\u00edstica Hisp\u00e1nica, Literatura Hisp\u00e1nica, Filolog\u00eda\u00a0Cl\u00e1sica y \u00c1rabe y Filolog\u00eda Moderna (A partir del bienio 1999-2001, hasta el a\u00f1o 2011), cuando se aprob\u00f3 el actual\u00a0Programa Oficial de Doctorado en Estudios Filol\u00f3gicos.<\/li>\n<\/ul>\n<p>La justificaci\u00f3n del Programa de Doctorado que se propone descansa en la larga tradici\u00f3n de estos estudios en el\u00a0distrito, que viene avalada por un buen n\u00famero de tesis doctorales y publicaciones derivadas, as\u00ed como las cifras de\u00a0egresados presentes en cuadros t\u00e9cnicos del mundo laboral.<\/p>\n<p>El inter\u00e9s cient\u00edfico del programa de Doctorado se apoya en el nivel cient\u00edfico de los profesores\/investigadores que lo\u00a0integran.<\/p>\n<p>El programa de Doctorado en Arte y Humanidades condensa la actividad investigadora en las \u00e1reas de conocimiento\u00a0presentes en el Distrito desde su creaci\u00f3n. Por ese motivo, y en virtud de su especializaci\u00f3n en estudios intr\u00ednsecamente\u00a0involucrados en la movilidad e internacionalizaci\u00f3n, los programas ofertados hasta la fecha han contado con\u00a0un plan de movilidad garantizado por un buen n\u00famero de convenios con universidades europeas, as\u00ed como con una\u00a0oferta especialmente dirigida a los Estados Unidos y Canad\u00e1. Por otra parte, la condici\u00f3n transversal e interdisciplinar\u00a0de los trabajos en humanidades configuran un perfil en el que la larga tradici\u00f3n de los estudios representa un activo\u00a0fundamental para garantizar unos resultados competitivos.<\/p>\n<p>La modalidad de trabajos producidos por los grupos de investigaci\u00f3n del Programa se relacionan con el sector de las\u00a0industrias culturales. Preferentemente se proyectan en el sector editorial, el asesoramiento en tareas institucionales\u00a0del sector cultural incluyendo materias de patrimonio cultural y espec\u00edficamente en materia de museolog\u00eda, archiv\u00edstica<br \/>\ny documentaci\u00f3n. Tambi\u00e9n se asocia a la producci\u00f3n art\u00edstica, del sector audiovisual y la creaci\u00f3n literaria.<\/p>\n<p>Con respecto a esta peculiaridad, la actividad investigadora que acreditan los investigadores del programa, el Programa\u00a0de Doctorado que se presenta:<\/p>\n<p>1. Aporta servicios a los SGAI (Servicios Generales de Apoyo a la Investigaci\u00f3n), que se han demostrado como una excelente\u00a0herramienta para la creaci\u00f3n de empleo y transferencia de resultados a la sociedad adem\u00e1s de apoyar la investigaci\u00f3n de la comunidad\u00a0cient\u00edfica.<\/p>\n<p>2. Aporta patentes, por lo que se beneficia de la mejora en la gesti\u00f3n de la Innovaci\u00f3n y puede contribuir a su consolidaci\u00f3n.<\/p>\n<p>3. Aporta un n\u00famero importante de investigadores al tejido de la sociedad canaria.<\/p>\n<p>4. Aporta una variada oferta de posgrado. Entre los programas de m\u00e1ster que oferta la ULL en la rama de arte y humanidades se\u00a0encuentran varios interuniversitarios. Asimismo, en la investigaci\u00f3n que estamos desarrollando existen numerosas conexiones\u00a0internacionales.<\/p>\n<p>5. La multidisciplinariedad es sin duda el rasgo caracter\u00edstico de gran parte de las l\u00edneas de investigaci\u00f3n que est\u00e1n alcanzando\u00a0importantes \u00e9xitos dentro de la Rama de Arte y Humanidades.<\/p>\n<p>6. El caudal investigador del programa muestra una riqueza caracter\u00edstica del perfil de las \u00e1reas de ciencias sociales, artes y humanidades,\u00a0en las que existen muchos grupos de investigaci\u00f3n de peque\u00f1o tama\u00f1o y peculiaridades concretas que est\u00e1n obteniendo\u00a0importantes resultados.<\/p>\n<p>En apoyo de esta trayectoria, la estrategia de I+D+i de la Universidad de La Laguna incluida en el Plan estrat\u00e9gico\u00a02014-2020, incentiva la movilidad e internacionalizaci\u00f3n, incidiendo adem\u00e1s en fomentar acciones orientadas a mejorar\u00a0las actividades en Humanidades y Ciencias Sociales.<\/p>\n<p>La Universidad de La Laguna ha realizado un estudio cuyos resultados han sido dados a conocer como parte de la\u00a0reorganizaci\u00f3n de la Investigaci\u00f3n en sus diferentes dimensiones. Ha sido presentado al Claustro de la Universidad\u00a0de La Laguna para su aprobaci\u00f3n en su sesi\u00f3n de 25 de junio de 2014 con la denominaci\u00f3n de\u00a0Plan Estrat\u00e9gico de\u00a0Investigaci\u00f3n 2014\/2020. En\u00a0\u00e9l se hace especial menci\u00f3n al Doctorado y a las mejoras previstas en el distrito en sus diferentes dimensiones, incluyendo\u00a0la creaci\u00f3n de una escuela de doctorado que actualmente est\u00e1 en fase de implantaci\u00f3n.<\/p>\n<p>Este plan contempla diversas acciones orientadas a la transferencia de resultados de investigaci\u00f3n y a la creaci\u00f3n de\u00a0empleo (es preciso recordar que en Canarias la tasa de paro es superior al 50% entre los j\u00f3venes). Creemos que la\u00a0investigaci\u00f3n que surgir\u00e1 como resultado de este programa de doctorado se beneficiar\u00e1 de muchas de las medidas\u00a0contempladas en el plan, ya que impulsar\u00e1 aspectos que existen desde el punto de partida.<\/p>\n<ul>\n<li>La acci\u00f3n 6 en la L\u00ednea EE1.3 prev\u00e9 desarrollar mejoras en la gesti\u00f3n de la Innovaci\u00f3n y puede contribuir a su consolidaci\u00f3n.<\/li>\n<li>La mejora en las posibilidades de los investigadores de los programas de doctorado est\u00e1 prevista particularmente\u00a0en la Acci\u00f3n 17 de la L\u00ednea EE2.4. que define como objetivo Aumentar la calidad y el n\u00famero de programas de doctorado\u00a0que consigan la menci\u00f3n hacia la excelencia, y master de calidad.<\/li>\n<li>Numerosas conexiones internacionales est\u00e1n involucradas en la investigaci\u00f3n que estamos desarrollando. Esto se\u00a0ver\u00e1 potenciado por la Acci\u00f3n 18, orientada afomentar programas acad\u00e9micos multidisciplinares e interuniversitarios,\u00a0con orientaci\u00f3n internacional.<\/li>\n<li>La multidisciplinariedad es el objetivo de la Acci\u00f3n 19, ya que es sin duda el rasgo caracter\u00edstico de gran parte de\u00a0las l\u00edneas de investigaci\u00f3n que est\u00e1n alcanzando importantes \u00e9xitos dentro de la Rama de Arte y Humanidades. Se\u00a0define con el objetivo de potenciar en el personal investigador una visi\u00f3n integrada y global de la carrera investigadora,\u00a0con el objetivo de que pueda abordar proyectos multidisciplinares que resuelvan grandes retos de la sociedad.<\/li>\n<li>El incremento en la calidad de nuestros resultados gracias a la Acci\u00f3n 20, promueve el estudio de los procesos de\u00a0incentivos para garantizar la menci\u00f3n internacional de las tesis defendidas en la ULL y que se presenten siguiendo\u00a0las tendencias internacionales de validaci\u00f3n de tesis doctorales, dependiendo de cada \u00e1rea.<\/li>\n<li>Y de manera espec\u00edfica, la Acci\u00f3n 46 atiende a las peculiaridades de la Rama de Humanidades al reconocer que la\u00a0peculiaridad de los equipos unipersonales o de reducidas dimensiones en las \u00e1reas de conocimiento de nuestras disciplinas\u00a0merecen ser reconocidas mediante medidas concretas que atiendan a sus requerimientos espec\u00edficos. Estamos\u00a0convencidos de que precisamente gracias a la posibilidad de unirse para integrar equipos multidisciplinares de\u00a0mayor tama\u00f1o, esta tendencia se incrementar\u00e1 en los pr\u00f3ximos a\u00f1os.<\/li>\n<\/ul>\n<p>Consultar las siguientes\u00a0<a href=\"https:\/\/drive.google.com\/open?id=1ovjp5X-13K5QzAL4jCm9CMRFc2MRvGo0\" target=\"_blank\" rel=\"noopener\" target=\"_blank\" rel=\"noopener\">tablas<\/a><\/p>\n<p><strong>Gesti\u00f3n Administrativa: Escuela de Doctorado y Posgrado de la ULL<\/strong><\/p>\n<p>El programa se integrar\u00e1 en la Escuela de Doctorado, cuya creaci\u00f3n fue aprobada en el Consejo de Gobierno de la\u00a0ULL del 26 de septiembre de 2013. Hasta su entrada en funcionamiento, el programa se adscribir\u00e1 acad\u00e9micamente\u00a0a la Facultad de Filolog\u00eda y su gesti\u00f3n administrativa ser\u00e1 competencia de la Comisi\u00f3n de Posgrado.<\/p>\n<p>La Comisi\u00f3n Acad\u00e9mica del Programa de Doctorado en Artes y Humanidades por la Universidad de La Laguna asumir\u00e1\u00a0las tareas de orientaci\u00f3n del alumnado en cuanto a la l\u00ednea de investigaci\u00f3n a la que adscribir su proyecto de\u00a0Tesis Doctoral y propondr\u00e1, en su caso, las adaptaciones curriculares necesarias.<\/p>\n<p><strong>Estudiantes con dedicaci\u00f3n a tiempo completo y a tiempo parcial<\/strong><\/p>\n<p>En concordancia con las previsiones de la normativa de permanencia del nivel educativo se prev\u00e9 que el alumnado\u00a0con dedicaci\u00f3n a tiempo parcial pueda representar hasta un 40 % de los alumnos matriculados.<\/p>\n<p>Estudiantes con dedicaci\u00f3n a tiempo completo : 24<\/p>\n<p>Estudiantes con dedicaci\u00f3n a tiempo parcial : hasta 16<\/p>\n","protected":false},"excerpt":{"rendered":"<p>Justificaci\u00f3n del t\u00edtulo Objetivos El Doctorado en Arte y Humanidades por la ULL constituye una propuesta formativa de calidad, de \u00e1mbito interdepartamental\u00a0e interfacultativo, con orientaci\u00f3n profesional e investigadora, dirigido a titulados en Artes y Humanidades,\u00a0con los siguientes objetivos generales: Formar profesionales expertos, con grado de doctor, en los principios b\u00e1sicos de la producci\u00f3n human\u00edstica y\u00a0de&#8230;<\/p>\n","protected":false},"author":1,"featured_media":0,"parent":0,"menu_order":0,"comment_status":"closed","ping_status":"closed","template":"","meta":{"_acf_changed":false,"footnotes":""},"class_list":["post-23","page","type-page","status-publish","hentry"],"acf":[],"publishpress_future_action":{"enabled":false,"date":"2026-04-20 13:11:08","action":"change-status","newStatus":"draft","terms":[],"taxonomy":"","extraData":[]},"publishpress_future_workflow_manual_trigger":{"enabledWorkflows":[]},"_links":{"self":[{"href":"https:\/\/www.ull.es\/doctorados\/arte-humanidades\/wp-json\/wp\/v2\/pages\/23","targetHints":{"allow":["GET"]}}],"collection":[{"href":"https:\/\/www.ull.es\/doctorados\/arte-humanidades\/wp-json\/wp\/v2\/pages"}],"about":[{"href":"https:\/\/www.ull.es\/doctorados\/arte-humanidades\/wp-json\/wp\/v2\/types\/page"}],"author":[{"embeddable":true,"href":"https:\/\/www.ull.es\/doctorados\/arte-humanidades\/wp-json\/wp\/v2\/users\/1"}],"replies":[{"embeddable":true,"href":"https:\/\/www.ull.es\/doctorados\/arte-humanidades\/wp-json\/wp\/v2\/comments?post=23"}],"version-history":[{"count":2,"href":"https:\/\/www.ull.es\/doctorados\/arte-humanidades\/wp-json\/wp\/v2\/pages\/23\/revisions"}],"predecessor-version":[{"id":133,"href":"https:\/\/www.ull.es\/doctorados\/arte-humanidades\/wp-json\/wp\/v2\/pages\/23\/revisions\/133"}],"wp:attachment":[{"href":"https:\/\/www.ull.es\/doctorados\/arte-humanidades\/wp-json\/wp\/v2\/media?parent=23"}],"curies":[{"name":"wp","href":"https:\/\/api.w.org\/{rel}","templated":true}]}}