{"id":21,"date":"2018-02-22T11:07:35","date_gmt":"2018-02-22T11:07:35","guid":{"rendered":"http:\/\/localhost\/ull\/doctorados\/?page_id=21"},"modified":"2018-03-02T16:56:48","modified_gmt":"2018-03-02T16:56:48","slug":"entidades-participantes","status":"publish","type":"page","link":"https:\/\/www.ull.es\/doctorados\/astrofisica\/fr\/entidades-participantes\/","title":{"rendered":"Entit\u00e9s participantes"},"content":{"rendered":"<h1>Entit\u00e9s participantes<\/h1>\n<p><strong>Collaborations avec accord<\/strong><\/p>\n<ul>\n<li>Collaboration avec le gouvernement fran\u00e7ais<\/li>\n<li>\u00c9tudes \u00e0 l&#039;Universit\u00e9 de Padoue<\/li>\n<li>l&#039;Observatoire de Paris et les Universit\u00e9s de Paris VI, VII et XI<\/li>\n<li>Collaboration avec les gouvernements des pays nordiques<\/li>\n<li>Collaboration avec le gouvernement italien<\/li>\n<li>R\u00e9seau RoPACS - avec 5 institutions europ\u00e9ennes<\/li>\n<li>Institut d&#039;Astrophysique des Canaries<\/li>\n<li>Collaboration avec le gouvernement britannique<\/li>\n<li>Collaboration avec le gouvernement allemand<\/li>\n<li>Collaboration avec l&#039;Universit\u00e9 de Floride<\/li>\n<\/ul>","protected":false},"excerpt":{"rendered":"<p>Entit\u00e9s participantes Collaborations avec accord Collaboration avec le gouvernement fran\u00e7ais Universit\u00e1 degli Studi di Padova l&#039;Observatoire de Paris et les universit\u00e9s de Paris VI, VII et XI Collaboration avec les gouvernements des pays nordiques Collaboration avec le gouvernement italien R\u00e9seau RoPACS - avec 5 institutions europ\u00e9ennes Instituto de Astrof\u00edsica de Canarias Collaboration avec le gouvernement de\u2026<\/p>","protected":false},"author":1,"featured_media":0,"parent":0,"menu_order":0,"comment_status":"closed","ping_status":"closed","template":"","meta":{"_acf_changed":false,"footnotes":""},"class_list":["post-21","page","type-page","status-publish","hentry"],"acf":[],"publishpress_future_action":{"enabled":false,"date":"2026-05-05 06:59:54","action":"change-status","newStatus":"draft","terms":[],"taxonomy":"","extraData":[]},"publishpress_future_workflow_manual_trigger":{"enabledWorkflows":[]},"_links":{"self":[{"href":"https:\/\/www.ull.es\/doctorados\/astrofisica\/fr\/wp-json\/wp\/v2\/pages\/21","targetHints":{"allow":["GET"]}}],"collection":[{"href":"https:\/\/www.ull.es\/doctorados\/astrofisica\/fr\/wp-json\/wp\/v2\/pages"}],"about":[{"href":"https:\/\/www.ull.es\/doctorados\/astrofisica\/fr\/wp-json\/wp\/v2\/types\/page"}],"author":[{"embeddable":true,"href":"https:\/\/www.ull.es\/doctorados\/astrofisica\/fr\/wp-json\/wp\/v2\/users\/1"}],"replies":[{"embeddable":true,"href":"https:\/\/www.ull.es\/doctorados\/astrofisica\/fr\/wp-json\/wp\/v2\/comments?post=21"}],"version-history":[{"count":1,"href":"https:\/\/www.ull.es\/doctorados\/astrofisica\/fr\/wp-json\/wp\/v2\/pages\/21\/revisions"}],"predecessor-version":[{"id":133,"href":"https:\/\/www.ull.es\/doctorados\/astrofisica\/fr\/wp-json\/wp\/v2\/pages\/21\/revisions\/133"}],"wp:attachment":[{"href":"https:\/\/www.ull.es\/doctorados\/astrofisica\/fr\/wp-json\/wp\/v2\/media?parent=21"}],"curies":[{"name":"wp","href":"https:\/\/api.w.org\/{rel}","templated":true}]}}