{"id":23,"date":"2018-02-22T11:09:29","date_gmt":"2018-02-22T11:09:29","guid":{"rendered":"http:\/\/localhost\/ull\/doctorados\/?page_id=23"},"modified":"2019-06-26T12:26:26","modified_gmt":"2019-06-26T12:26:26","slug":"justificacion-del-titulo","status":"publish","type":"page","link":"https:\/\/www.ull.es\/doctorados\/astrofisica\/fr\/justificacion-del-titulo\/","title":{"rendered":"Justification du titre"},"content":{"rendered":"<h1>Justification du titre<\/h1>\n<p><strong>Contexte scientifique, acad\u00e9mique et social justifiant la proposition du titre<br \/>\n<\/strong><\/p>\n<p>Le programme de doctorat en astrophysique que nous pr\u00e9sentons est le r\u00e9sultat de la fusion du pr\u00e9c\u00e9dent programme de doctorat en astrophysique et du programme de doctorat en physique et structure de la mati\u00e8re. Les deux programmes de doctorat ont re\u00e7u la Mention d\u2019Excellence du Minist\u00e8re de l\u2019\u00c9ducation et des Sciences.<\/p>\n<p>L&#039;\u00e9norme \u00e9lan international de la recherche en astrophysique men\u00e9e \u00e0 l&#039;Institut d&#039;Astrophysique des Canaries est en grande partie d\u00fb aux chercheurs qui ont \u00e9t\u00e9 form\u00e9s dans ce centre. Cela a \u00e9t\u00e9 possible gr\u00e2ce \u00e0 la mise en \u0153uvre d\u2019un programme de doctorat r\u00e9ussi qui a form\u00e9, ces derni\u00e8res ann\u00e9es, une grande partie des astrophysiciens espagnols.<\/p>\n<p>L&#039;astrophysique est une science exp\u00e9rimentale multidisciplinaire qui int\u00e8gre des domaines tr\u00e8s divers de la physique avec de multiples connexions avec les math\u00e9matiques, la g\u00e9ologie, la chimie, la biologie, la technologie et l&#039;informatique. Actuellement, l\u2019astrophysique est devenue une discipline scientifique de grand int\u00e9r\u00eat pour la soci\u00e9t\u00e9, qui la soutient comme domaine de recherche prioritaire. Cet int\u00e9r\u00eat se refl\u00e8te \u00e9galement dans la presse quotidienne, dans les conf\u00e9rences et expositions destin\u00e9es au grand public, ainsi que dans une demande importante de formation acad\u00e9mique de la part des \u00e9tudiants universitaires.<\/p>\n<p>L&#039;astronomie est probablement la plus ancienne science connue et pratiqu\u00e9e. L&#039;astrophysique, n\u00e9e de l&#039;application de la physique \u00e0 l&#039;\u00e9tude de la structure, de la composition et de l&#039;\u00e9volution des \u00e9toiles, s&#039;est d\u00e9velopp\u00e9e vers la fin du XIXe si\u00e8cle et, principalement, tout au long du XXe si\u00e8cle. Les mati\u00e8res directement li\u00e9es \u00e0 l&#039;astrophysique ont fait leur entr\u00e9e dans les universit\u00e9s au cours des 40 derni\u00e8res ann\u00e9es, s&#039;\u00e9tablissant fermement dans les programmes d&#039;\u00e9tudes et b\u00e9n\u00e9ficiant d&#039;une acceptation extraordinaire parmi les \u00e9tudiants en sciences exp\u00e9rimentales, fondamentalement.<\/p>\n<p>D&#039;autre part, il suffit de lire la presse quotidienne pour se rendre compte que l&#039;astrophysique est actuellement l&#039;une des sciences exp\u00e9rimentales qui suscite le plus d&#039;int\u00e9r\u00eat dans notre soci\u00e9t\u00e9. Cela est d\u00fb, entre autres, aux causes suivantes :<\/p>\n<ul>\n<li>De nombreuses questions que l\u2019homme se pose sur la nature et ses origines rel\u00e8vent du champ d\u2019\u00e9tude de cette science (comme celles se r\u00e9f\u00e9rant \u00e0 la cosmologie, \u00e0 l\u2019exobiologie, \u00e0 l\u2019\u00e9tude des climats plan\u00e9taires, des trous noirs, de la mati\u00e8re noire, des astroparticules, etc.),<\/li>\n<li>Les d\u00e9veloppements technologiques et exp\u00e9rimentaux r\u00e9cents (t\u00e9lescopes spatiaux et g\u00e9ants, satellites d&#039;observation infrarouge et rayons X, nouveaux d\u00e9tecteurs, interf\u00e9rom\u00e9trie radio et visible, d\u00e9tecteurs d&#039;ondes gravitationnelles, supercalculateurs, etc.) permettent ou permettront dans un avenir proche des progr\u00e8s effectifs dans la r\u00e9solution des probl\u00e8mes \u00e9nigmes susmentionn\u00e9es et, en plus,<\/li>\n<li>C&#039;est une science r\u00e9solument interdisciplinaire, ayant des relations fondamentalement avec la physique et les math\u00e9matiques, mais aussi avec la chimie, la biologie, la g\u00e9ologie, l&#039;ing\u00e9nierie, l&#039;informatique, entre autres.<\/li>\n<\/ul>\n<p>Cet int\u00e9r\u00eat de la soci\u00e9t\u00e9 fait qu&#039;\u00e0 l&#039;heure actuelle une formation acad\u00e9mique en astrophysique est demand\u00e9e par un nombre important d&#039;\u00e9tudiants (malgr\u00e9 la diminution g\u00e9n\u00e9rale des \u00e9tudiants en sciences exp\u00e9rimentales) et, en outre, en fait une offre attractive, tant pour l&#039;enseignement secondaire que lyc\u00e9e et pour la diffusion de la science aupr\u00e8s du grand public.<\/p>\n<p>D\u2019autre part, l\u2019astrophysique est un sujet prioritaire de recherche non seulement dans notre pays mais aussi dans les pays de l\u2019Union europ\u00e9enne (UE) et d\u2019autres pays avanc\u00e9s du monde. M\u00eame les organisations nationales et supranationales telles que la NASA (National Aeronautics and Space Administration), l\u2019ESA (Agence spatiale europ\u00e9enne), l\u2019ESO (Observatoire europ\u00e9en austral) et bien d\u2019autres maintiennent des programmes scientifiques d\u00e9di\u00e9s \u00e0 la recherche dans ce domaine.<\/p>\n<p><strong>Tradition<\/strong><\/p>\n<p>Le programme de doctorat en astrophysique vise \u00e9galement \u00e0 profiter de la vaste exp\u00e9rience de notre universit\u00e9 en mati\u00e8re d&#039;enseignement et de recherche de premier et deuxi\u00e8me cycles, de l&#039;excellente infrastructure existante aux \u00eeles Canaries et de l&#039;atmosph\u00e8re acad\u00e9mique tr\u00e8s favorable d\u00e9j\u00e0 cr\u00e9\u00e9e. Actuellement, le Master en Astrophysique et le Master en Physique : Structure de la Mati\u00e8re sont enseign\u00e9s \u00e0 la Facult\u00e9 de Physique de l&#039;ULL (tous deux avec une Mention de Qualit\u00e9 : Astrophysique MCD2006-00365, Physique : Structure de la Mati\u00e8re : MCD2007-00040) et les programmes de doctorat en astrophysique et en physique : structure de la mati\u00e8re (tous deux avec une mention d&#039;excellence du minist\u00e8re de l&#039;\u00c9ducation et des Sciences). Les deux programmes doctoraux, gr\u00e2ce \u00e0 leur offre excellente et \u00e9tendue, sont devenus une r\u00e9f\u00e9rence nationale et internationale.<\/p>\n<p>Le D\u00e9partement d&#039;Astrophysique (DA) de l&#039;ULL enseigne des \u00e9tudes d&#039;Astrophysique depuis 1975 jusqu&#039;\u00e0 aujourd&#039;hui, d&#039;abord \u00e0 la Facult\u00e9 de Chimie, puis \u00e0 la Facult\u00e9 de Physique, dont la cr\u00e9ation \u00e0 l&#039;ULL en 1987 a \u00e9t\u00e9 l&#039;amorce. Tout au long de ce temps, nous avons essay\u00e9 d&#039;enrichir l&#039;enseignement avec de multiples collaborations, d&#039;une part avec l&#039;Institut d&#039;Astrophysique des \u00celes Canaries (IAC) et d&#039;autre part avec une multitude d&#039;institutions nationales et \u00e9trang\u00e8res. L&#039;\u00e9troite relation entre la DA et l&#039;IAC a permis d\u00e8s le d\u00e9but une collaboration efficace d&#039;enseignement et de recherche, avec une s\u00e9rie de ressources humaines et mat\u00e9rielles uniques dans notre pays, mises au service de l&#039;enseignement.<\/p>\n<p>En plus du d\u00e9vouement continu du personnel de recherche de l&#039;IAC aux t\u00e2ches d&#039;enseignement, le DA articule l&#039;organisation p\u00e9dagogique de la sp\u00e9cialit\u00e9 Astrophysique avec des ressources p\u00e9dagogiques modernes, par exemple : un Centre de Calcul \u00c9tudiant (depuis 1980) en acc\u00e8s libre n&#039;importe quel jour de la semaine. semaine, exclusive au D\u00e9partement d&#039;Astrophysique et qui compte d\u00e9sormais 40 postes de travail sur des ordinateurs modernes avec syst\u00e8me d&#039;exploitation Linux ; un Laboratoire d&#039;instrumentation et de techniques astrophysiques ou un t\u00e9lescope d&#039;exercice automatis\u00e9 install\u00e9 dans un d\u00f4me \u00e0 la Facult\u00e9, ainsi que d&#039;autres t\u00e9lescopes d&#039;appui portables. \u00c9galement les d\u00e9partements de physique fondamentale et exp\u00e9rimentale, d&#039;\u00e9lectronique et de syst\u00e8mes (FE), de physique fondamentale II (FF2) et la Physique Fondamentale (FB) enseignent la Physique Fondamentale depuis 1987, d\u00e9veloppant en permanence leur travail d&#039;enseignement de premier et de deuxi\u00e8me cycle et articulant l&#039;enseignement en Physique Fondamentale de la Facult\u00e9 de Physique et d\u00e9finissant, avec la DA, les deux dipl\u00f4mes aujourd&#039;hui disparus , comme le dipl\u00f4me actuel de Physique \u00e0 l&#039;ULL. S&#039;appuyant sur la recherche en Physique Fondamentale, on y trouve plusieurs laboratoires tr\u00e8s bien \u00e9quip\u00e9s qui permettent une offre d&#039;enseignement de tr\u00e8s haute qualit\u00e9 pour le doctorat.<\/p>\n<p><strong>Int\u00e9gration dans la strat\u00e9gie R&amp;D&amp;I de l&#039;Ecole Doctorale<\/strong><\/p>\n<p>L&#039;Universit\u00e9 de La Laguna (ULL), \u00e0 travers l&#039;accord de coop\u00e9ration sign\u00e9 avec l&#039;Institut d&#039;Astrophysique des \u00celes Canaries (IAC) en 1993, transf\u00e8re \u00e0 l&#039;IAC les responsabilit\u00e9s de recherche dans le domaine de l&#039;Astrophysique.<\/p>\n<p>Compte tenu de la relation \u00e9troite entre la formation postuniversitaire et la recherche, la gestion du programme de doctorat en astrophysique de l&#039;ULL est partag\u00e9e par les deux centres. Le programme de doctorat en astrophysique de l&#039;ULL-IAC compte environ quatre-vingts chercheurs sp\u00e9cialis\u00e9s dans diff\u00e9rents domaines de l&#039;astrophysique qui sont disponibles pour encadrer des th\u00e8ses.<\/p>\n<p>D&#039;autre part, l&#039;IAC appelle chaque ann\u00e9e \u00e0 des contrats d&#039;astrophysicien r\u00e9sident pour r\u00e9aliser des th\u00e8ses de doctorat dans ce programme doctoral, ainsi qu&#039;\u00e0 un nombre variable de bourses pour faire la th\u00e8se dans les pays europ\u00e9ens (bourses internationales) et aux \u00c9tats-Unis (bourses \u00e0 l&#039;Universit\u00e9 de Floride).<\/p>\n<p>Actuellement, une quarantaine de th\u00e8ses de doctorat sont en cours d\u2019\u00e9laboration simultan\u00e9ment ; en moyenne dix th\u00e8ses sont lues par an (les th\u00e8ses lues depuis 2008 sont consultables dans les Archives des th\u00e8ses).<\/p>\n<p>Le Conseil d&#039;administration du 26 septembre 2013 a approuv\u00e9 la cr\u00e9ation de l&#039;\u00c9cole doctorale et postuniversitaire de l&#039;ULL. L&#039;\u00e9cole doctorale est entendue comme l&#039;unit\u00e9 cr\u00e9\u00e9e par une ou plusieurs universit\u00e9s et en collaboration \u00e9ventuelle avec d&#039;autres organismes, centres, institutions et entit\u00e9s ayant des activit\u00e9s de R&amp;D&amp;I, nationales ou \u00e9trang\u00e8res, dont l&#039;objectif fondamental est l&#039;organisation dans son domaine de gestion doctorale, dans un ou plusieurs domaines. plusieurs branches de connaissances ou \u00e0 caract\u00e8re interdisciplinaire. Dans le cas de notre programme doctoral, nous entretenons une \u00e9troite collaboration avec plusieurs organismes de recherche nationaux et internationaux (voir section 1.4) et principalement avec l&#039;Institut d&#039;Astrophysique des \u00celes Canaries.<\/p>\n<p>Dans le R\u00e8glement des \u00c9tudes Doctorales Officielles publi\u00e9 au Journal Officiel des \u00celes Canaries num\u00e9ro 17 du 25 janvier 2013, au Chapitre I, articles 38 et 39, sont pr\u00e9sent\u00e9s les r\u00e8glements des \u00c9coles Doctorales.<\/p>\n<p>Article 38.- \u00c9coles Doctorales.<\/p>\n<p>1. L&#039;Universit\u00e9 de La Laguna structurera sa formation doctorale dans une \u00c9cole Doctorale, conform\u00e9ment aux dispositions du D\u00e9cret Royal 99\/2011, dans le but d&#039;organiser, dans son domaine de gestion, les enseignements et activit\u00e9s sp\u00e9cifiques au doctorat.<\/p>\n<p>2. L&#039;\u00c9cole Doctorale doit veiller \u00e0 d\u00e9velopper sa propre strat\u00e9gie en lien avec la strat\u00e9gie de recherche de l&#039;universit\u00e9 ou des universit\u00e9s et, le cas \u00e9ch\u00e9ant, des Organismes Publics de Recherche et des autres entit\u00e9s et institutions concern\u00e9es. Elle doit \u00e9galement d\u00e9montrer une capacit\u00e9 de gestion ad\u00e9quate \u00e0 ses fins, assur\u00e9e par les universit\u00e9s et institutions promotrices.<\/p>\n<p>3. L&#039;\u00c9cole planifiera l&#039;\u00e9ventail n\u00e9cessaire d&#039;activit\u00e9s inh\u00e9rentes \u00e0 la formation et au d\u00e9veloppement des doctorants, r\u00e9alis\u00e9es soit par des collaborateurs des universit\u00e9s et des entit\u00e9s promotrices, soit avec l&#039;aide de professionnels externes, professeurs ou chercheurs invit\u00e9s. Dans tous les cas, les \u00e9coles doctorales doivent garantir un leadership dans leur domaine et une masse critique suffisante de professeurs de troisi\u00e8me cycle et de doctorants dans leur domaine de connaissance.<\/p>\n<p>4. L\u2019\u00c9cole doctorale sera organis\u00e9e en concentrant ses activit\u00e9s sur un ou plusieurs domaines sp\u00e9cialis\u00e9s ou interdisciplinaires. De m\u00eame, si cela est jug\u00e9 appropri\u00e9, il peut inclure des cours officiels de Master avec un contenu fondamental<br \/>\nactivit\u00e9s scientifiques, ainsi que d\u2019autres activit\u00e9s de formation \u00e0 la recherche ouverte.<\/p>\n<p>5. L&#039;\u00c9cole Doctorale disposera d&#039;un Comit\u00e9 de Pilotage, qui exercera les fonctions li\u00e9es \u00e0 son organisation et \u00e0 sa gestion et qui sera compos\u00e9, au moins, du directeur de l&#039;\u00c9cole, des coordinateurs de ses programmes doctoraux et de repr\u00e9sentants de l&#039; entit\u00e9s collaboratrices. Le directeur de l&#039;\u00c9cole sera nomm\u00e9 par le Recteur, ou par consensus des recteurs, lorsqu&#039;une \u00c9cole Doctorale est constitu\u00e9e par regroupement de plusieurs universit\u00e9s. Il\/elle doit \u00eatre un chercheur de prestige reconnu appartenant \u00e0 l&#039;une des universit\u00e9s ou<br \/>\npromouvoir les institutions. Cette condition doit \u00eatre appuy\u00e9e par la preuve de la possession d&#039;au moins trois p\u00e9riodes d&#039;activit\u00e9 de recherche reconnues conform\u00e9ment aux dispositions du d\u00e9cret royal 1086\/1989, du 28 ao\u00fbt. Dans le cas o\u00f9 le chercheur occupe un poste dans lequel les crit\u00e8res d\u2019\u00e9valuation susmentionn\u00e9s ne s\u2019appliquent pas, il devra d\u00e9montrer des m\u00e9rites comparables \u00e0 ceux indiqu\u00e9s.<\/p>\n<p>6. L&#039;\u00c9cole Doctorale disposera d&#039;un r\u00e8glement int\u00e9rieur qui \u00e9tablira, entre autres aspects, les droits et devoirs des doctorants, conform\u00e9ment aux dispositions du D\u00e9cret Royal 1791\/2010, du 30 d\u00e9cembre, qui \u00e9tablit et approuve le Statut de l&#039;\u00c9tudiant Universitaire , et des tuteurs et directeurs de th\u00e8se, ainsi que la composition et les fonctions des comit\u00e9s acad\u00e9miques de ses programmes, dans le respect des dispositions du pr\u00e9sent r\u00e8glement.<\/p>\n<p>7. Tous les membres d\u2019une \u00c9cole Doctorale doivent signer leur engagement \u00e0 respecter le code de bonnes pratiques adopt\u00e9 par ladite \u00c9cole.<\/p>\n<p>8. Si cela est jug\u00e9 opportun, d&#039;autres \u00e9coles doctorales peuvent \u00eatre cr\u00e9\u00e9es, en r\u00e9ponse \u00e0 des collaborations avec d&#039;autres universit\u00e9s, d&#039;autres organisations, centres, institutions et entit\u00e9s ayant des activit\u00e9s de R&amp;D&amp;I, publiques ou priv\u00e9es, nationales ou \u00e9trang\u00e8res, ainsi que, si cela est jug\u00e9 opportun, dans le cadre de programmes de recherche et d\u00e9veloppement. afin de favoriser la gestion conjointe des programmes doctoraux de l&#039;universit\u00e9 ayant obtenu des mentions du minist\u00e8re comp\u00e9tent.<\/p>\n<p>Article 39.- Nonobstant les dispositions de l&#039;article pr\u00e9c\u00e9dent, l&#039;Universit\u00e9 de La Laguna peut maintenir d&#039;autres structures organisationnelles pour ses \u00e9tudes doctorales, dans le cadre de celles pr\u00e9vues dans la r\u00e9glementation applicable, en fonction de sa strat\u00e9gie de formation dans ce domaine. Dans tous les cas, chaque programme doctoral pr\u00e9cisera de quel organisme il d\u00e9pend.<\/p>","protected":false},"excerpt":{"rendered":"<p>Justification du titre Contexte scientifique, acad\u00e9mique et social qui justifie le titre propos\u00e9 Le programme de doctorat en astrophysique que nous pr\u00e9sentons est le r\u00e9sultat de la fusion du pr\u00e9c\u00e9dent programme de doctorat en astrophysique et du programme de doctorat en structure physique de la mati\u00e8re. Les deux programmes de doctorat ont re\u00e7u la mention d\u2019excellence de\u2026<\/p>","protected":false},"author":1,"featured_media":0,"parent":0,"menu_order":0,"comment_status":"closed","ping_status":"closed","template":"","meta":{"_acf_changed":false,"footnotes":""},"class_list":["post-23","page","type-page","status-publish","hentry"],"acf":[],"publishpress_future_action":{"enabled":false,"date":"2026-05-05 06:59:54","action":"change-status","newStatus":"draft","terms":[],"taxonomy":"","extraData":[]},"publishpress_future_workflow_manual_trigger":{"enabledWorkflows":[]},"_links":{"self":[{"href":"https:\/\/www.ull.es\/doctorados\/astrofisica\/fr\/wp-json\/wp\/v2\/pages\/23","targetHints":{"allow":["GET"]}}],"collection":[{"href":"https:\/\/www.ull.es\/doctorados\/astrofisica\/fr\/wp-json\/wp\/v2\/pages"}],"about":[{"href":"https:\/\/www.ull.es\/doctorados\/astrofisica\/fr\/wp-json\/wp\/v2\/types\/page"}],"author":[{"embeddable":true,"href":"https:\/\/www.ull.es\/doctorados\/astrofisica\/fr\/wp-json\/wp\/v2\/users\/1"}],"replies":[{"embeddable":true,"href":"https:\/\/www.ull.es\/doctorados\/astrofisica\/fr\/wp-json\/wp\/v2\/comments?post=23"}],"version-history":[{"count":4,"href":"https:\/\/www.ull.es\/doctorados\/astrofisica\/fr\/wp-json\/wp\/v2\/pages\/23\/revisions"}],"predecessor-version":[{"id":232,"href":"https:\/\/www.ull.es\/doctorados\/astrofisica\/fr\/wp-json\/wp\/v2\/pages\/23\/revisions\/232"}],"wp:attachment":[{"href":"https:\/\/www.ull.es\/doctorados\/astrofisica\/fr\/wp-json\/wp\/v2\/media?parent=23"}],"curies":[{"name":"wp","href":"https:\/\/api.w.org\/{rel}","templated":true}]}}