{"id":82,"date":"2018-02-22T14:14:43","date_gmt":"2018-02-22T14:14:43","guid":{"rendered":"http:\/\/www.ull.es\/doctorados\/astrofisica\/?page_id=82"},"modified":"2025-08-20T09:32:54","modified_gmt":"2025-08-20T09:32:54","slug":"movilidad","status":"publish","type":"page","link":"https:\/\/www.ull.es\/doctorados\/astrofisica\/fr\/informacion-academica\/movilidad\/","title":{"rendered":"Mobilit\u00e9"},"content":{"rendered":"\n<div class=\"wp-block-stackable-columns alignfull stk-block-columns stk-block stk-2314a6b\" data-block-id=\"2314a6b\"><style>.stk-2314a6b {padding-bottom:0px !important;margin-top:-100px !important;margin-bottom:0px !important;}<\/style><div class=\"stk-row stk-inner-blocks stk-block-content stk-content-align stk-2314a6b-column alignfull\">\n<div class=\"wp-block-stackable-column stk-block-column stk-column stk-block stk-1d1764d\" data-v=\"4\" data-block-id=\"1d1764d\"><div class=\"stk-column-wrapper stk-block-column__content stk-container stk-1d1764d-container stk--no-background stk--no-padding\"><div class=\"stk-block-content stk-inner-blocks stk-1d1764d-inner-blocks\"><style id=\"depicter-1-inline-pre-css\">\n\n.depicter-1:not(.depicter-ready){\n\theight:450px;\n}\n\n\/***** Tablet *****\/\n@media screen and (max-width: 1024px){\n\n.depicter-1:not(.depicter-ready){\n\theight:700px;\n}\n\n}\n\/***** Mobile *****\/\n@media screen and (max-width: 767px){\n\n.depicter-1:not(.depicter-ready){\n\theight:360px;\n}\n\n}\n<\/style>\n<div id=\"depicter-1\" class=\"depicter depicter-document depicter-revert depicter-1 depicter-layout-fullwidth\">\n\n<div class=\"depicter-loading-container depicter-loading dotFlashing-dark\"><div class=\"depicter-loading-dark depicter-dot-flashing\">\n   <span><\/span>\n   <span><\/span>\n   <span><\/span>\n<\/div>\n<\/div>\n<div id=\"depicter-1-section-1\" class=\"depicter-section depicter-1-section-1\" data-name=\"Section 1\" data-type=\"section\" data-local-id=\"section-1\">\n<picture class=\"depicter-bg\">\n<source data-depicter-srcset=\"https:\/\/www.ull.es\/doctorados\/astrofisica\/wp-content\/uploads\/sites\/8\/2025\/05\/Headers-Doctorados_Doctorado-Astrofisica-768x248.jpg, https:\/\/www.ull.es\/doctorados\/astrofisica\/wp-content\/uploads\/sites\/8\/2025\/05\/Headers-Doctorados_Doctorado-Astrofisica.jpg 2x\" srcset=\"data:image\/gif;base64,R0lGODlhAQABAIAAAAAAAP\/\/\/yH5BAEAAAAALAAAAAABAAEAAAIBRAA7\" media=\"(max-width: 1024px)\" \/>\n\n<source data-depicter-srcset=\"https:\/\/www.ull.es\/doctorados\/astrofisica\/wp-content\/uploads\/sites\/8\/2025\/05\/Headers-Doctorados_Doctorado-Astrofisica.jpg, https:\/\/www.ull.es\/doctorados\/astrofisica\/wp-content\/uploads\/sites\/8\/2025\/05\/Headers-Doctorados_Doctorado-Astrofisica-2000x645.jpg 2x\" srcset=\"data:image\/gif;base64,R0lGODlhAQABAIAAAAAAAP\/\/\/yH5BAEAAAAALAAAAAABAAEAAAIBRAA7\" media=\"(min-width: 1025px)\" \/>\n<img decoding=\"async\" src=\"data:image\/gif;base64,R0lGODlhAQABAIAAAAAAAP\/\/\/yH5BAEAAAAALAAAAAABAAEAAAIBRAA7\" data-ken-burns=\"false\" data-tablet-ken-burns=\"false\" data-mobile-ken-burns=\"false\" alt=\"\" data-depicter-src=\"https:\/\/www.ull.es\/doctorados\/astrofisica\/wp-content\/uploads\/sites\/8\/2025\/05\/Headers-Doctorados_Doctorado-Astrofisica.jpg\" data-object-fit=\"custom,custom,\" data-object-position=\"center top,,\" data-crop=\"{'focalPoint':{'x':0.5,'y':0.5},'mediaSize':{'width':1395.3488372093024736386723816394805908203125,'height':450}}\" data-tablet-crop=\"{'focalPoint':{'x':0.5,'y':0.5},'mediaSize':{'width':2170.54263565891460530110634863376617431640625,'height':700}}\" data-mobile-crop=\"{'focalPoint':{'x':0.5,'y':0.5},'mediaSize':{'width':2294.57364341085258274688385426998138427734375,'height':740}}\" \/>\n<\/picture>\n\n\n<h1 id=\"depicter-1-element-5\" class=\"depicter-element depicter-layer depicter-1-element-5\" data-type=\"text\" data-wrap=\"true\" data-name=\"Text 2\" data-local-id=\"element-5\" data-offset=\"x:0px;y:140px;origin:tl\" data-tablet-offset=\"x:215px;y:194px;origin:tl\" data-mobile-offset=\"x:6px;y:122px;origin:tl\" data-width=\"1200px,auto,348px\" data-height=\"auto,auto,auto\" data-responsive-scale=\"true,,\">Programa de Doctorado en Astrof\u00edsica<\/h1>\n\n<div id=\"depicter-1-element-10\" class=\"depicter-element depicter-layer depicter-1-element-10\" data-type=\"shape\" data-wrap=\"true\" data-name=\"Shape 1\" data-local-id=\"element-10\" data-offset=\"x:0px;y:311px;origin:tl\" data-tablet-offset=\"x:215px;y:361px;origin:tl\" data-mobile-offset=\"x:6px;y:280px;origin:tl\" data-width=\"976px,647px,282px\" data-height=\"8px,8px,8px\" data-responsive-scale=\"true,,\"><\/div>\n<\/div>\n<\/div>\n<script>\n(window.depicterSetups = window.depicterSetups || []).push(function(){\n\tDepicter.basePath = 'https:\/\/www.ull.es\/doctorados\/astrofisica\/wp-content\/plugins\/depicter\/resources\/scripts\/player\/';\n\tconst dpPlayer = Depicter.setup('.depicter-1',\n\t\t{\"width\":[\"1200\",\"1024\",\"360\"],\"height\":[\"450\",\"700\",\"360\"],\"view\":\"basic\",\"keepAspectRatio\":true,\"preload\":0,\"layout\":\"fullwidth\",\"rtl\":false,\"initAfterAppear\":false,\"ajaxApiUrl\":\"https:\\\/\\\/www.ull.es\\\/doctorados\\\/astrofisica\\\/wp-admin\\\/admin-ajax.php\",\"mouseSwipe\":true,\"touchSwipe\":true,\"useWatermark\":false}\n\t);\n});\n<\/script><\/div><\/div><\/div>\n<\/div><\/div>\n\n\n\n<div class=\"wp-block-stackable-columns alignfull stk-block-columns stk--hide-mobile stk-block stk-6394276 stk-block-background\" data-block-id=\"6394276\"><style>.stk-6394276 {background-color:#f33f4e !important;padding-top:10px !important;margin-bottom:0px !important;}.stk-6394276:before{background-color:#f33f4e !important;}<\/style><div class=\"stk-row stk-inner-blocks stk-block-content stk-content-align stk-6394276-column alignfull\">\n<div class=\"wp-block-stackable-column stk-block-column stk-column stk-block stk-8a66885\" data-v=\"4\" data-block-id=\"8a66885\"><div class=\"stk-column-wrapper stk-block-column__content stk-container stk-8a66885-container stk--no-background stk--no-padding\"><div class=\"stk-block-content stk-inner-blocks stk-8a66885-inner-blocks\">\n<div class=\"wp-block-stackable-spacer stk-block-spacer stk--no-padding stk-block stk-bc89b3e\" data-block-id=\"bc89b3e\"><style>.stk-bc89b3e {height:0px !important;}<\/style><\/div>\n<\/div><\/div><\/div>\n<\/div><\/div>\n\n\n\n<div class=\"wp-block-stackable-columns stk-block-columns stk-block stk-8b59b96\" data-block-id=\"8b59b96\"><style>.stk-8b59b96 .stk--block-align-8b59b96{align-items:flex-start !important;}.stk-8b59b96 {margin-top:50px !important;}.stk-8b59b96-column{--stk-columns-spacing:0px !important;--stk-column-gap:50px !important;}<\/style><div class=\"stk-row stk-inner-blocks stk--block-align-8b59b96 stk-block-content stk-content-align stk-8b59b96-column\">\n<div class=\"wp-block-stackable-column stk-block-column stk-column stk-block stk-dbb7e15\" data-v=\"4\" data-block-id=\"dbb7e15\"><style>@media screen and (min-width: 768px){.stk-dbb7e15 {flex:var(--stk-flex-grow, 1) 1 66.7% !important;}}<\/style><div class=\"stk-column-wrapper stk-block-column__content stk-container stk-dbb7e15-container stk--no-background stk--no-padding\"><div class=\"stk-block-content stk-inner-blocks stk-dbb7e15-inner-blocks\">\n<div class=\"wp-block-stackable-heading stk-block-heading stk-block-heading--v2 stk-block stk-cc0239e\" id=\"complementos-de-formacion\" data-block-id=\"cc0239e\"><style>.stk-cc0239e .stk-block-heading__text{color:#000000 !important;font-weight:500 !important;}<\/style><h1 class=\"stk-block-heading__text has-text-color\">Movilidad<\/h1><\/div>\n\n\n\n<div class=\"wp-block-stackable-text stk-block-text stk-block stk-01c02f0\" data-block-id=\"01c02f0\"><p class=\"stk-block-text__text\">En esta Actividad Formativa se recogen los desplazamientos que los estudiantes deber\u00e1n realizar por uno de los tres motivos siguientes:<\/p><\/div>\n\n\n\n<p>a) Realizaci\u00f3n de las observaciones necesarias para obtener los datos que ser\u00e1n analizados durante la tesis. Una faceta fundamental en la formaci\u00f3n de un astrof\u00edsico es la obtenci\u00f3n de observaciones, su reducci\u00f3n y an\u00e1lisis. Es altamente recomendable que el estudiante realice sus propias observaciones, apoyado evidentemente en todo momento por su director de tesis y por el grupo de trabajo que contribuye a esa l\u00ednea de investigaci\u00f3n. El IAC dispone de dos observatorios en Canarias, uno en Tenerife y otro en La Palma. Por otra parte, debido a la pertenencia de Espa\u00f1a a la ESO (European Southern Observatory), los estudiantes de nuestro programa de doctorado tienen acceso a los observatorios de Chile. La subvenci\u00f3n para estos desplazamientos y estancias corre a cargo del proyecto de investigaci\u00f3n del que depende el estudiante de doctorado.<\/p>\n\n\n\n<p>b) Asistencia del doctorando a Congresos nacionales e internacionales. La asistencia a congresos del estudiante es altamente recomendable por varios motivos: por una parte es en los congresos donde se exponen las investigaciones m\u00e1s recientes, incluidas aquellas que est\u00e1n comenzando; es un foro adecuado para que el estudiante, en la fase final de su tesis, exponga en p\u00fablico y someta al juicio y cr\u00edtica de otros investigadores el resultado y las herramientas usadas en su investigaci\u00f3n; es una oportunidad magn\u00edfica para que el estudiante conozca otros investigadores y establezca contactos y posibles futuras colaboraciones; y finalmente, es la principal herramienta de la que disponemos para huir del localismo y de la tendencia natural a suponer que la investigaci\u00f3n que se hace en casa es de menor calidad o profundidad que la que se hace fuera. La subvenci\u00f3n para estos desplazamientos y estancias corre a cargo del proyecto de investigaci\u00f3n del que depende el estudiante de doctorado.<\/p>\n\n\n\n<p>c) La estancia del doctorando en alguna instituci\u00f3n nacional o extranjera. En casos puntuales, fundamentalmente cuando el director de la tesis mantiene un estrecho contacto y\/o colaboraci\u00f3n con investigadores que trabajan en centros extranjeros, puede ser interesante el desplazamiento, durante un breve periodo, en general inferior al mes, a otro centro de investigaci\u00f3n. Como en el caso de los congresos, estos desplazamientos pueden ser una herramienta adecuada para que el estudiante conozca otros investigadores y establezca contactos y posibles futuras colaboraciones; para huir del localismo y de la tendencia natural a suponer que la investigaci\u00f3n que se hace en casa es de menor calidad o profundidad que la que se hace fuera; para conocer otras formas de trabajar o abordar problemas. La subvenci\u00f3n para estos desplazamientos y estancias corre a cargo del proyecto de investigaci\u00f3n del que depende el estudiante de doctorado.<\/p>\n\n\n\n<p>No todos los estudiantes tienen que realizar estos desplazamientos, pero en la pr\u00e1ctica, la mayor\u00eda de los estudiantes de doctorado hacen uno o dos de los desplazamientos anteriores durante la elaboraci\u00f3n de su tesis.<\/p>\n\n\n\n<p>Evidentemente el n\u00famero de horas empleada en una actividad de movilidad depende mucho del tipo de desplazamiento y no se puede establecer de forma general; no obstante, para que la actividad de movilidad sea contabilizada se requerir\u00e1 que como m\u00ednimo se cumpla alguno de los siguientes requisitos:<\/p>\n\n\n\n<p>1. En el caso de observaciones o toma de datos en grandes instalaciones cient\u00edficas, que el estudiante participe en la toma de datos durante al menos 1 d\u00eda\/noche de observaci\u00f3n.<\/p>\n\n\n\n<p>2. En el caso de asistencias a Congresos: que el estudiante presente una comunicaci\u00f3n oral o p\u00f3ster en dicho congreso.<\/p>\n\n\n\n<p>3. En el caso de estancias en otros centros se establece una duraci\u00f3n m\u00ednima de 1 semana.<\/p>\n\n\n\n<p>Dado que la realizaci\u00f3n de estas actividades de movilidad est\u00e1 sujeta a la posibilidad de financiaci\u00f3n, dichas actividades tendr\u00e1n siempre un car\u00e1cter optativo.<\/p>\n\n\n\n<p>Los procedimientos de control para estimar el grado de aprovechamiento de esta actividad son muy variados, dependiendo del tipo de desplazamiento.<\/p>\n\n\n\n<p>a) Desplazamiento por observaciones. La propia obtenci\u00f3n de los datos observacionales supone el mejor control de la realizaci\u00f3n y aprovechamiento de esta actividad<\/p>\n\n\n\n<p>b) Desplazamiento por asistencia a congresos. En general el estudiante que asiste a un congreso,presenta bien en forma de p\u00f3ster, bien de forma oral, los resultados de su investigaci\u00f3n. En ese caso no es necesario establecer procedimientos de control adicionales. El propio estudiante ha tenido que defender en p\u00fablico su trabajo y responder a las cr\u00edticas , preguntas y sugerencias de otros investigadores, en general mas avezados. S\u00f3lo en el caso podo frecuente de que el estudiante no presente su trabajo en el congreso, se le pedir\u00e1 que exponga a su regreso al IAC, en forma de charla o conferencia p\u00fablica, un resumen de aquellos investigaciones m\u00e1s relevantes e impactantes que ha conocido por su asistencia al congreso.<\/p>\n\n\n\n<p>C) Desplazamiento por estancia en otros centros de investigaci\u00f3n. De nuevo aqu\u00ed es innecesario establecer mecanismos de control del aprovechamiento.<\/p>\n\n\n\n<p>Por lo general, es estudiante realiza un trabajo en el centro extranjero que suele traducirse en la publicaci\u00f3n de un art\u00edculo cient\u00edfico o en la realizaci\u00f3n de una parte m\u00e1s o menos importante, dependiendo de la duraci\u00f3n de la estancia, del trabajo de investigaci\u00f3n de la tesis. El trabajo realizado, que ser\u00e1 expuesto y discutido a su vuelta al director de la tesis es testigo suficiente del aprovechamiento de la estancia.<\/p>\n\n\n\n<p>La financiaci\u00f3n de los tres tipos de estancia previstas corre a cargo del proyecto de investigaci\u00f3n del director de la tesis. La organizaci\u00f3n y gesti\u00f3n del viaje, incluyendo alejamiento, desplazamientos y documentaci\u00f3n es realizada por la Secci\u00f3n de Viajes del IAC<\/p>\n<\/div><\/div><\/div>\n\n\n\n<div class=\"wp-block-stackable-column stk-block-column stk-column stk-block stk-53ec762\" data-v=\"4\" data-block-id=\"53ec762\"><style>.stk-53ec762-inner-blocks{row-gap:0px !important;}.stk-53ec762 {padding-top:0px !important;padding-right:0px !important;padding-bottom:0px !important;padding-left:0px !important;}@media screen and (min-width: 768px){.stk-53ec762 {flex:var(--stk-flex-grow, 1) 1 33.3% !important;}}<\/style><div class=\"stk-column-wrapper stk-block-column__content stk-container stk-53ec762-container stk--no-background stk--no-padding\"><div class=\"stk-block-content stk-inner-blocks stk-53ec762-inner-blocks\">\n\n<ul class=\"widget-box\">\n<li class='contacto-header'>Informaci\u00f3n de contacto<\/li><li><i class=\"fa fa-map-marker\"><\/i> Avda. Astrof\u00edsico Francisco S\u00e1nchez, SN. Edificio Calabaza \u2013 AN.2D Apdo. 456 38200 San Crist\u00f3bal de La Laguna<\/li><li><i class=\"fa fa-envelope\"><\/i>  <a href=mailto:doctorado.astrofisica@ull.es>doctorado.astrofisica@ull.es<\/a><\/li><li><i class=\"fa fa-calendar\"><\/i><a href=\"http:\/\/citaprevia.ull.es\/index.php?s=edpo\"> Cita previa<\/a><\/li>\n<\/ul>\n\n\n<\/div><\/div><\/div>\n<\/div><\/div>\n","protected":false},"excerpt":{"rendered":"<p>Mobilit\u00e9 Cette activit\u00e9 de formation comprend les mouvements que les \u00e9tudiants doivent effectuer pour l&#039;une des trois raisons suivantes : a) R\u00e9aliser les observations n\u00e9cessaires pour obtenir les donn\u00e9es qui seront analys\u00e9es lors de la th\u00e8se. Un aspect fondamental de la formation d\u2019astrophysicien est l\u2019obtention d\u2019observations, leur r\u00e9duction et leur analyse\u2026.<\/p>","protected":false},"author":1,"featured_media":0,"parent":17,"menu_order":0,"comment_status":"closed","ping_status":"closed","template":"templates\/template-frontpage.php","meta":{"_acf_changed":false,"footnotes":""},"class_list":["post-82","page","type-page","status-publish","hentry"],"acf":[],"publishpress_future_action":{"enabled":false,"date":"2026-05-05 05:44:27","action":"change-status","newStatus":"draft","terms":[],"taxonomy":"","extraData":[]},"publishpress_future_workflow_manual_trigger":{"enabledWorkflows":[]},"_links":{"self":[{"href":"https:\/\/www.ull.es\/doctorados\/astrofisica\/fr\/wp-json\/wp\/v2\/pages\/82","targetHints":{"allow":["GET"]}}],"collection":[{"href":"https:\/\/www.ull.es\/doctorados\/astrofisica\/fr\/wp-json\/wp\/v2\/pages"}],"about":[{"href":"https:\/\/www.ull.es\/doctorados\/astrofisica\/fr\/wp-json\/wp\/v2\/types\/page"}],"author":[{"embeddable":true,"href":"https:\/\/www.ull.es\/doctorados\/astrofisica\/fr\/wp-json\/wp\/v2\/users\/1"}],"replies":[{"embeddable":true,"href":"https:\/\/www.ull.es\/doctorados\/astrofisica\/fr\/wp-json\/wp\/v2\/comments?post=82"}],"version-history":[{"count":10,"href":"https:\/\/www.ull.es\/doctorados\/astrofisica\/fr\/wp-json\/wp\/v2\/pages\/82\/revisions"}],"predecessor-version":[{"id":382,"href":"https:\/\/www.ull.es\/doctorados\/astrofisica\/fr\/wp-json\/wp\/v2\/pages\/82\/revisions\/382"}],"up":[{"embeddable":true,"href":"https:\/\/www.ull.es\/doctorados\/astrofisica\/fr\/wp-json\/wp\/v2\/pages\/17"}],"wp:attachment":[{"href":"https:\/\/www.ull.es\/doctorados\/astrofisica\/fr\/wp-json\/wp\/v2\/media?parent=82"}],"curies":[{"name":"wp","href":"https:\/\/api.w.org\/{rel}","templated":true}]}}