{"id":15,"date":"2018-02-22T10:54:38","date_gmt":"2018-02-22T10:54:38","guid":{"rendered":"http:\/\/localhost\/ull\/doctorados\/?page_id=13"},"modified":"2025-10-20T08:46:03","modified_gmt":"2025-10-20T08:46:03","slug":"inicio","status":"publish","type":"page","link":"https:\/\/www.ull.es\/doctorados\/astrofisica\/","title":{"rendered":"Inicio"},"content":{"rendered":"\n<div class=\"wp-block-stackable-columns alignfull stk-block-columns stk-block stk-2314a6b\" data-block-id=\"2314a6b\"><style>.stk-2314a6b {padding-bottom:0px !important;margin-top:-30px !important;margin-bottom:0px !important;}<\/style><div class=\"stk-row stk-inner-blocks stk-block-content stk-content-align stk-2314a6b-column alignfull\">\n<div class=\"wp-block-stackable-column stk-block-column stk-column stk-block stk-1d1764d\" data-v=\"4\" data-block-id=\"1d1764d\"><div class=\"stk-column-wrapper stk-block-column__content stk-container stk-1d1764d-container stk--no-background stk--no-padding\"><div class=\"stk-block-content stk-inner-blocks stk-1d1764d-inner-blocks\"><style id=\"depicter-1-inline-pre-css\">\n\n.depicter-1:not(.depicter-ready){\n\theight:450px;\n}\n\n\/***** Tablet *****\/\n@media screen and (max-width: 1024px){\n\n.depicter-1:not(.depicter-ready){\n\theight:700px;\n}\n\n}\n\/***** Mobile *****\/\n@media screen and (max-width: 767px){\n\n.depicter-1:not(.depicter-ready){\n\theight:360px;\n}\n\n}\n<\/style>\n<div id=\"depicter-1\" class=\"depicter depicter-document depicter-revert depicter-1 depicter-layout-fullwidth\">\n\n<div class=\"depicter-loading-container depicter-loading dotFlashing-dark\"><div class=\"depicter-loading-dark depicter-dot-flashing\">\n   <span><\/span>\n   <span><\/span>\n   <span><\/span>\n<\/div>\n<\/div>\n<div id=\"depicter-1-section-1\" class=\"depicter-section depicter-1-section-1\" data-name=\"Section 1\" data-type=\"section\" data-local-id=\"section-1\">\n<picture class=\"depicter-bg\">\n<source data-depicter-srcset=\"https:\/\/www.ull.es\/doctorados\/astrofisica\/wp-content\/uploads\/sites\/8\/2025\/05\/Headers-Doctorados_Doctorado-Astrofisica-768x248.jpg, https:\/\/www.ull.es\/doctorados\/astrofisica\/wp-content\/uploads\/sites\/8\/2025\/05\/Headers-Doctorados_Doctorado-Astrofisica.jpg 2x\" srcset=\"data:image\/gif;base64,R0lGODlhAQABAIAAAAAAAP\/\/\/yH5BAEAAAAALAAAAAABAAEAAAIBRAA7\" media=\"(max-width: 1024px)\" \/>\n\n<source data-depicter-srcset=\"https:\/\/www.ull.es\/doctorados\/astrofisica\/wp-content\/uploads\/sites\/8\/2025\/05\/Headers-Doctorados_Doctorado-Astrofisica.jpg, https:\/\/www.ull.es\/doctorados\/astrofisica\/wp-content\/uploads\/sites\/8\/2025\/05\/Headers-Doctorados_Doctorado-Astrofisica-2000x645.jpg 2x\" srcset=\"data:image\/gif;base64,R0lGODlhAQABAIAAAAAAAP\/\/\/yH5BAEAAAAALAAAAAABAAEAAAIBRAA7\" media=\"(min-width: 1025px)\" \/>\n<img decoding=\"async\" src=\"data:image\/gif;base64,R0lGODlhAQABAIAAAAAAAP\/\/\/yH5BAEAAAAALAAAAAABAAEAAAIBRAA7\" data-ken-burns=\"false\" data-tablet-ken-burns=\"false\" data-mobile-ken-burns=\"false\" alt=\"\" data-depicter-src=\"https:\/\/www.ull.es\/doctorados\/astrofisica\/wp-content\/uploads\/sites\/8\/2025\/05\/Headers-Doctorados_Doctorado-Astrofisica.jpg\" data-object-fit=\"custom,custom,\" data-object-position=\"center top,,\" data-crop=\"{'focalPoint':{'x':0.5,'y':0.5},'mediaSize':{'width':1395.3488372093024736386723816394805908203125,'height':450}}\" data-tablet-crop=\"{'focalPoint':{'x':0.5,'y':0.5},'mediaSize':{'width':2170.54263565891460530110634863376617431640625,'height':700}}\" data-mobile-crop=\"{'focalPoint':{'x':0.5,'y':0.5},'mediaSize':{'width':2294.57364341085258274688385426998138427734375,'height':740}}\" \/>\n<\/picture>\n\n\n<h1 id=\"depicter-1-element-5\" class=\"depicter-element depicter-layer depicter-1-element-5\" data-type=\"text\" data-wrap=\"true\" data-name=\"Text 2\" data-local-id=\"element-5\" data-offset=\"x:0px;y:140px;origin:tl\" data-tablet-offset=\"x:215px;y:194px;origin:tl\" data-mobile-offset=\"x:6px;y:122px;origin:tl\" data-width=\"1200px,auto,348px\" data-height=\"auto,auto,auto\" data-responsive-scale=\"true,,\">Programa de Doctorado en Astrof\u00edsica<\/h1>\n\n<div id=\"depicter-1-element-10\" class=\"depicter-element depicter-layer depicter-1-element-10\" data-type=\"shape\" data-wrap=\"true\" data-name=\"Shape 1\" data-local-id=\"element-10\" data-offset=\"x:0px;y:311px;origin:tl\" data-tablet-offset=\"x:215px;y:361px;origin:tl\" data-mobile-offset=\"x:6px;y:280px;origin:tl\" data-width=\"976px,647px,282px\" data-height=\"8px,8px,8px\" data-responsive-scale=\"true,,\"><\/div>\n<\/div>\n<\/div>\n<script>\n(window.depicterSetups = window.depicterSetups || []).push(function(){\n\tDepicter.basePath = 'https:\/\/www.ull.es\/doctorados\/astrofisica\/wp-content\/plugins\/depicter\/resources\/scripts\/player\/';\n\tconst dpPlayer = Depicter.setup('.depicter-1',\n\t\t{\"width\":[\"1200\",\"1024\",\"360\"],\"height\":[\"450\",\"700\",\"360\"],\"view\":\"basic\",\"keepAspectRatio\":true,\"preload\":0,\"layout\":\"fullwidth\",\"rtl\":false,\"initAfterAppear\":false,\"ajaxApiUrl\":\"https:\\\/\\\/www.ull.es\\\/doctorados\\\/astrofisica\\\/wp-admin\\\/admin-ajax.php\",\"mouseSwipe\":true,\"touchSwipe\":true,\"useWatermark\":false}\n\t);\n});\n<\/script><\/div><\/div><\/div>\n<\/div><\/div>\n\n\n\n<div class=\"wp-block-stackable-columns alignfull stk-block-columns stk--hide-mobile stk-block stk-6394276 stk-block-background\" data-block-id=\"6394276\"><style>.stk-6394276 {background-color:#f33f4e !important;margin-bottom:0px !important;}.stk-6394276:before{background-color:#f33f4e !important;}<\/style><div class=\"stk-row stk-inner-blocks stk-block-content stk-content-align stk-6394276-column alignfull\">\n<div class=\"wp-block-stackable-column stk-block-column stk-column stk-block stk-8a66885\" data-v=\"4\" data-block-id=\"8a66885\"><div class=\"stk-column-wrapper stk-block-column__content stk-container stk-8a66885-container stk--no-background stk--no-padding\"><div class=\"stk-block-content stk-inner-blocks stk-8a66885-inner-blocks\">\n<div class=\"wp-block-stackable-spacer stk-block-spacer stk--no-padding stk-block stk-bc89b3e\" data-block-id=\"bc89b3e\"><style>.stk-bc89b3e {height:10px !important;}<\/style><\/div>\n<\/div><\/div><\/div>\n<\/div><\/div>\n\n\n\n<div class=\"wp-block-stackable-columns stk-block-columns stk-block stk-d73d9a8 stk-block-background\" data-block-id=\"d73d9a8\"><style>.stk-d73d9a8 {background-color:#ffffff !important;margin-top:15px !important;}.stk-d73d9a8:before{background-color:#ffffff !important;}@media screen and (max-width: 767px){.stk-d73d9a8 {padding-right:0px !important;padding-left:0px !important;}}<\/style><div class=\"stk-row stk-inner-blocks stk-block-content stk-content-align stk-d73d9a8-column\">\n<div class=\"wp-block-stackable-column stk-block-column stk-column stk-block stk-b3b8294\" data-v=\"4\" data-block-id=\"b3b8294\"><div class=\"stk-column-wrapper stk-block-column__content stk-container stk-b3b8294-container stk--no-background stk--no-padding\"><div class=\"stk-block-content stk-inner-blocks stk-b3b8294-inner-blocks\">\n<div class=\"shortcode-descripcion\">\n    <p>El Programa de Doctorado en Astrof\u00edsica es el resultado de la fusi\u00f3n del precedente Programa de Doctorado en Astrof\u00edsica y del Programa de Doctorado en F\u00edsica: Estructura de la Materia. Ambos Programas de Doctorado cuentan con la menci\u00f3n de excelencia del Ministerio de Educaci\u00f3n y Ciencia.<\/p><\/div>\n\n\n<\/div><\/div><\/div>\n<\/div><\/div>\n\n\n\n<div class=\"wp-block-stackable-columns alignfull stk-block-columns stk-block stk-3627255 stk-block-background\" data-block-id=\"3627255\"><style>.stk-3627255 {margin-bottom:50px !important;}@media screen and (max-width: 767px){.stk-3627255 {align-items:center !important;padding-right:0px !important;padding-left:0px !important;display:flex !important;}}<\/style><div class=\"stk-row stk-inner-blocks stk-block-content stk-content-align stk-3627255-column alignfull\">\n<div class=\"wp-block-stackable-column stk-block-column stk-column stk-block stk-81e665a\" data-v=\"4\" data-block-id=\"81e665a\"><style>@media screen and (max-width: 767px){.stk-81e665a-inner-blocks{row-gap:25px !important;}}<\/style><div class=\"stk-column-wrapper stk-block-column__content stk-container stk-81e665a-container stk--no-background stk--no-padding\"><div class=\"stk-block-content stk-inner-blocks stk-81e665a-inner-blocks\">\n<div class=\"wp-block-stackable-columns alignwide stk-block-columns stk-block stk-235020b\" data-block-id=\"235020b\"><style>.stk-235020b {padding-right:10% !important;padding-left:10% !important;margin-bottom:1% !important;}.stk-235020b-column{--stk-column-gap:25px !important;}@media screen and (max-width: 767px){.stk-235020b {padding-right:10px !important;padding-left:10px !important;}.stk-235020b-column{row-gap:25px !important;}}<\/style><div class=\"stk-row stk-inner-blocks has-text-align-left stk-block-content stk-content-align stk-235020b-column alignwide\">\n<div class=\"wp-block-stackable-column stk-block-column stk-column stk-block stk-332643c stk-block-background\" data-v=\"4\" data-block-id=\"332643c\"><style>.stk-332643c {background-color:#f33f4e !important;padding-top:5px !important;padding-bottom:50px !important;padding-left:5px !important;}.stk-332643c:before{background-color:#f33f4e !important;}@media screen and (max-width: 767px){.stk-332643c {padding-bottom:40px !important;}}<\/style><div class=\"stk-column-wrapper stk-block-column__content stk-container stk-332643c-container stk--no-background stk--no-padding\"><div class=\"stk-block-content stk-inner-blocks stk-332643c-inner-blocks\">\n<div class=\"wp-block-stackable-text stk-block-text stk-block stk-2f7ec9f\" data-block-id=\"2f7ec9f\"><style>.stk-2f7ec9f {padding-bottom:30px !important;}.stk-2f7ec9f .stk-block-text__text{font-size:20px !important;color:#ffffff !important;}@media screen and (max-width: 1023px){.stk-2f7ec9f .stk-block-text__text{font-size:20px !important;}}<\/style><p class=\"stk-block-text__text has-text-color\">Acceso y admisi\u00f3n<\/p><\/div>\n<\/div><a class=\"stk-link stk-block-link stk--transparent-overlay\" href=\"https:\/\/www.ull.es\/doctorados\/astrofisica\/informacion-academica\/acceso-admision\/\" aria-hidden=\"true\" tabindex=\"-1\" target=\"_blank\" rel=\"noopener\"><\/a><\/div><\/div>\n\n\n\n<div class=\"wp-block-stackable-column stk-block-column stk-column stk-block stk-3e8bacf stk-block-background\" data-v=\"4\" data-block-id=\"3e8bacf\"><style>.stk-3e8bacf {background-color:#f33f4e !important;padding-top:5px !important;padding-left:5px !important;}.stk-3e8bacf:before{background-color:#f33f4e !important;}@media screen and (max-width: 767px){.stk-3e8bacf {padding-bottom:60px !important;}}<\/style><div class=\"stk-column-wrapper stk-block-column__content stk-container stk-3e8bacf-container stk--no-background stk--no-padding\"><div class=\"stk-block-content stk-inner-blocks stk-3e8bacf-inner-blocks\">\n<div class=\"wp-block-stackable-text stk-block-text stk-block stk-1dc0fd9\" data-block-id=\"1dc0fd9\"><style>.stk-1dc0fd9 .stk-block-text__text{font-size:20px !important;color:#ffffff !important;}@media screen and (max-width: 1023px){.stk-1dc0fd9 .stk-block-text__text{font-size:20px !important;}}<\/style><p class=\"stk-block-text__text has-text-color\">Actividades formativas<\/p><\/div>\n<\/div><a class=\"stk-link stk-block-link stk--transparent-overlay\" href=\"https:\/\/www.ull.es\/doctorados\/astrofisica\/organizacion-del-programa\/actividades-formativas\/\" aria-hidden=\"true\" tabindex=\"-1\" target=\"_blank\" rel=\"noopener\"><\/a><\/div><\/div>\n\n\n\n<div class=\"wp-block-stackable-column stk-block-column stk-column stk-block stk-4dd0507 stk-block-background\" data-v=\"4\" data-block-id=\"4dd0507\"><style>.stk-4dd0507 {background-color:#f33f4e !important;padding-top:5px !important;padding-left:5px !important;}.stk-4dd0507:before{background-color:#f33f4e !important;}@media screen and (max-width: 767px){.stk-4dd0507 {padding-bottom:60px !important;}}<\/style><div class=\"stk-column-wrapper stk-block-column__content stk-container stk-4dd0507-container stk--no-background stk--no-padding\"><div class=\"stk-block-content stk-inner-blocks stk-4dd0507-inner-blocks\">\n<div class=\"wp-block-stackable-text stk-block-text stk-block stk-beb6de7\" data-block-id=\"beb6de7\"><style>.stk-beb6de7 .stk-block-text__text{font-size:20px !important;color:#ffffff !important;}@media screen and (max-width: 1023px){.stk-beb6de7 .stk-block-text__text{font-size:20px !important;}}<\/style><p class=\"stk-block-text__text has-text-color\">Portal del Estudiante<\/p><\/div>\n<\/div><a class=\"stk-link stk-block-link stk--transparent-overlay\" href=\"https:\/\/www.ull.es\/estudiantes\" aria-hidden=\"true\" tabindex=\"-1\" target=\"_blank\" rel=\"noopener\"><\/a><\/div><\/div>\n<\/div><\/div>\n\n\n\n<div class=\"wp-block-stackable-columns alignwide stk-block-columns stk-block stk-83cae4f\" data-block-id=\"83cae4f\"><style>.stk-83cae4f {padding-right:10% !important;padding-bottom:0% !important;padding-left:10% !important;}.stk-83cae4f-column{--stk-column-gap:25px !important;}@media screen and (max-width: 767px){.stk-83cae4f {padding-right:10px !important;padding-left:10px !important;}.stk-83cae4f-column{row-gap:25px !important;}}<\/style><div class=\"stk-row stk-inner-blocks stk-block-content stk-content-align stk-83cae4f-column alignwide\">\n<div class=\"wp-block-stackable-column stk-block-column stk-column stk-block stk-4197904 stk-block-background\" data-v=\"4\" data-block-id=\"4197904\"><style>.stk-4197904 {background-color:#333333 !important;padding-top:5px !important;padding-bottom:0px !important;padding-left:5px !important;}.stk-4197904:before{background-color:#333333 !important;}@media screen and (max-width: 767px){.stk-4197904 {padding-bottom:40px !important;}}<\/style><div class=\"stk-column-wrapper stk-block-column__content stk-container stk-4197904-container stk--no-background stk--no-padding\"><div class=\"stk-block-content stk-inner-blocks stk-4197904-inner-blocks\">\n<div class=\"wp-block-stackable-text stk-block-text stk-block stk-2bce2de\" data-block-id=\"2bce2de\"><style>.stk-2bce2de {padding-bottom:30px !important;}.stk-2bce2de .stk-block-text__text{font-size:20px !important;color:#ffffff !important;}@media screen and (max-width: 1023px){.stk-2bce2de .stk-block-text__text{font-size:20px !important;}}<\/style><p class=\"stk-block-text__text has-text-color\">Descripci\u00f3n del t\u00edtulo<\/p><\/div>\n<\/div><a class=\"stk-link stk-block-link stk--transparent-overlay\" href=\"https:\/\/www.ull.es\/doctorados\/astrofisica\/informacion-academica\/descripcion-del-titulo\/\" aria-hidden=\"true\" tabindex=\"-1\" target=\"_blank\" rel=\"noopener\"><\/a><\/div><\/div>\n\n\n\n<div class=\"wp-block-stackable-column stk-block-column stk-column stk-block stk-c7cdf8b stk-block-background\" data-v=\"4\" data-block-id=\"c7cdf8b\"><style>.stk-c7cdf8b {background-color:#333333 !important;padding-top:5px !important;padding-right:1px !important;padding-bottom:10px !important;padding-left:5px !important;}.stk-c7cdf8b:before{background-color:#333333 !important;}.stk-c7cdf8b-container{padding-top:0px !important;padding-right:0px !important;padding-bottom:0px !important;padding-left:0px !important;}@media screen and (max-width: 767px){.stk-c7cdf8b {padding-bottom:10px !important;}}<\/style><div class=\"stk-column-wrapper stk-block-column__content stk-container stk-c7cdf8b-container stk--no-background stk--no-padding\"><div class=\"stk-block-content stk-inner-blocks stk-c7cdf8b-inner-blocks\">\n<div class=\"wp-block-stackable-text stk-block-text stk-block stk-89e36f6\" data-block-id=\"89e36f6\"><style>.stk-89e36f6 {margin-bottom:80px !important;}.stk-89e36f6 .stk-block-text__text{font-size:20px !important;color:#ffffff !important;}@media screen and (max-width: 1023px){.stk-89e36f6 .stk-block-text__text{font-size:20px !important;}}<\/style><p class=\"stk-block-text__text has-text-color\">Memorias de verificaci\u00f3n<\/p><\/div>\n<\/div><a class=\"stk-link stk-block-link stk--transparent-overlay\" href=\"https:\/\/drive.google.com\/file\/d\/0Bxi8Rp1_THQzcVNLYWdVcjctVlE\/view\" aria-hidden=\"true\" tabindex=\"-1\" target=\"_blank\" rel=\"noopener\"><\/a><\/div><\/div>\n\n\n\n<div class=\"wp-block-stackable-column stk-block-column stk-column stk-block stk-1da3656 stk-block-background\" data-v=\"4\" data-block-id=\"1da3656\"><style>.stk-1da3656 {background-color:#333333 !important;padding-top:5px !important;padding-bottom:10px !important;padding-left:5px !important;}.stk-1da3656:before{background-color:#333333 !important;}.stk-1da3656-container{padding-top:0px !important;padding-right:0px !important;padding-bottom:0px !important;padding-left:0px !important;}<\/style><div class=\"stk-column-wrapper stk-block-column__content stk-container stk-1da3656-container stk--no-background stk--no-padding\"><div class=\"stk-block-content stk-inner-blocks stk-1da3656-inner-blocks\">\n<div class=\"wp-block-stackable-text stk-block-text stk-block stk-95e91ff\" data-block-id=\"95e91ff\"><style>.stk-95e91ff {padding-right:0px !important;margin-bottom:80px !important;}.stk-95e91ff .stk-block-text__text{font-size:20px !important;color:#ffffff !important;}@media screen and (max-width: 1023px){.stk-95e91ff .stk-block-text__text{font-size:20px !important;}}<\/style><p class=\"stk-block-text__text has-text-color\">L\u00edneas de investigaci\u00f3n<\/p><\/div>\n<\/div><a class=\"stk-link stk-block-link stk--transparent-overlay\" href=\"https:\/\/www.ull.es\/doctorados\/astrofisica\/organizacion-del-programa\/lineas-de-investigacion\/\" aria-hidden=\"true\" tabindex=\"-1\" target=\"_blank\" rel=\"noopener\"><\/a><\/div><\/div>\n<\/div><\/div>\n<\/div><\/div><\/div>\n<\/div><\/div>\n\n\n\n<div class=\"wp-block-stackable-columns alignwide stk-block-columns stk-block stk-926ebf0\" data-block-id=\"926ebf0\"><style>.stk-926ebf0 {padding-right:15% !important;padding-left:15% !important;}@media screen and (max-width: 767px){.stk-926ebf0 {padding-right:0px !important;padding-left:0px !important;}.stk-926ebf0-column{row-gap:25px !important;}}<\/style><div class=\"stk-row stk-inner-blocks stk-block-content stk-content-align stk-926ebf0-column alignwide\">\n<div class=\"wp-block-stackable-column stk-block-column stk-column stk-block stk-2cb2308\" data-v=\"4\" data-block-id=\"2cb2308\"><div class=\"stk-column-wrapper stk-block-column__content stk-container stk-2cb2308-container stk--no-background stk--no-padding\"><div class=\"stk-block-content stk-inner-blocks stk-2cb2308-inner-blocks\"><style>\n    .news-group .bg-size {\n        background-position: center;\n        background-size: cover;\n        width: 100%;\n        height: 48px;\n    }\n    .news-group .list-group-item-text {\n        font-size: 13px;\n    }\n    .news-group .col-md-3 {\n        padding-right: 0;\n    }\n    .news-group .list-group-item-date {\n        font-size: 11px;\n        color: #A4A4A4;\n        margin-bottom: 2px;\n        text-transform: uppercase;\n    }\n\n    .mensaje.alert-warning{\n        font-size: 12px;\n        margin: 14px !important;\n        padding: 4px 8px;\n        color: #cca60b;\n    }\n\n<\/style>\n\n<div class=\"panel panel-default\">\n    <div class=\"panel-heading\">\n        <h3 class=\"panel-title\">Notificaciones<\/h3>\n    <\/div>\n\n    <div class=\"list-group news-group\">\n                            <a href=\"https:\/\/www.ull.es\/portal\/noticias\/2026\/la-investigadora-de-la-ull-melanie-calero-premiada-por-el-uso-de-ia-en-la-deteccion-del-riesgo-de-suicidio-en-adolescentes\/\" class=\"list-group-item\">\n                    <div class=\"row\">\n                        <div class=\"col-md-12\">\n                            <p class=\"list-group-item-date\">\n                                25 Feb 2026 - 12:30 UTC                            <\/p>\n                            <p class=\"list-group-item-text\">La investigadora de la ULL Melanie Calero, premiada por el uso de IA en la detecci\u00f3n del riesgo de suicidio en adolescentes<\/p>\n                        <\/div>\n                    <\/div>\n                <\/a>\n                            <a href=\"https:\/\/www.ull.es\/portal\/noticias\/2026\/tesis-ull-nuevos-biomarcadores-lupus-eritematoso-sistemico\/\" class=\"list-group-item\">\n                    <div class=\"row\">\n                        <div class=\"col-md-12\">\n                            <p class=\"list-group-item-date\">\n                                10 Feb 2026 - 13:30 UTC                            <\/p>\n                            <p class=\"list-group-item-text\">Una tesis de la ULL analiza nuevos biomarcadores para mejorar el seguimiento del lupus eritematoso sist\u00e9mico<\/p>\n                        <\/div>\n                    <\/div>\n                <\/a>\n                            <a href=\"https:\/\/www.ull.es\/portal\/noticias\/2024\/publicacion-de-la-convocatoria-de-premios-extraordinarios-de-doctorado-de-la-universidad-de-la-laguna-a-las-tesis-defendidas-en-el-curso-academico-2021-2022\/\" class=\"list-group-item\">\n                    <div class=\"row\">\n                        <div class=\"col-md-12\">\n                            <p class=\"list-group-item-date\">\n                                27 Feb 2024 - 08:50 UTC                            <\/p>\n                            <p class=\"list-group-item-text\">Publicaci\u00f3n de la convocatoria de Premios Extraordinarios de Doctorado de la Universidad de La Laguna a las Tesis defendidas en el curso acad\u00e9mico 2021\/2022<\/p>\n                        <\/div>\n                    <\/div>\n                <\/a>\n                            <a href=\"https:\/\/www.ull.es\/portal\/noticias\/2021\/doctorado-ciencias-salud-red-internacional\/\" class=\"list-group-item\">\n                    <div class=\"row\">\n                        <div class=\"col-md-12\">\n                            <p class=\"list-group-item-date\">\n                                25 Aug 2021 - 12:24 UTC                            <\/p>\n                            <p class=\"list-group-item-text\">El Programa de Doctorado en Ciencias de la Salud de la ULL se incorpora a una prestigiosa red internacional<\/p>\n                        <\/div>\n                    <\/div>\n                <\/a>\n                            <a href=\"https:\/\/www.ull.es\/portal\/noticias\/2020\/la-escuela-de-doctorado-y-estudios-de-posgrado-de-la-ull-invita-a-su-alumnado-a-la-jornada-informativa-de-doctorado\/\" class=\"list-group-item\">\n                    <div class=\"row\">\n                        <div class=\"col-md-12\">\n                            <p class=\"list-group-item-date\">\n                                16 Apr 2020 - 14:11 UTC                            <\/p>\n                            <p class=\"list-group-item-text\">La Escuela de Doctorado y Estudios de Posgrado de la ULL invita a su alumnado a la Jornada Informativa de Doctorado<\/p>\n                        <\/div>\n                    <\/div>\n                <\/a>\n                <\/div>\n    <div class=\"panel-footer\">\n        <a href=\"https:\/\/www.ull.es\/portal\/noticias\/?cat=4019\">M\u00c1S NOTIFICACIONES <i class=\"fa fa-chevron-right\"><\/i><\/a>\n    <\/div>\n\n\n<\/div>\n<\/div><\/div><\/div>\n\n\n\n<div class=\"wp-block-stackable-column stk-block-column stk-column stk-block stk-7627f19\" data-v=\"4\" data-block-id=\"7627f19\"><div class=\"stk-column-wrapper stk-block-column__content stk-container stk-7627f19-container stk--no-background stk--no-padding\"><div class=\"stk-block-content stk-inner-blocks stk-7627f19-inner-blocks\"><style>\r\n    .tesis-group .bg-size {\r\n        background-position: center;\r\n        background-size: cover;\r\n        width: 100%;\r\n        height: 48px;\r\n    }\r\n    .tesis-group .list-group-item-text .list-group-item-date{\r\n        text-align:center;\r\n        font-size: 13px;\r\n    }\r\n    .col-md-12{\r\n        text-align:left;\r\n    }\r\n    .tesis-group .col-md-3 {\r\n        padding-right: 0;\r\n    }\r\n    .mensaje.alert-warning{\r\n        font-size: 12px;\r\n        margin: 14px !important;\r\n        padding: 4px 8px;\r\n        color: #cca60b;\r\n    }\r\n    .tesis-group > .list-group-item > .row > .col-md-12 > .list-group-item-text > b, .tesis-group > .list-group-item > .row > .col-md-12 > .list-group-item-text >i, .tesis-group > .list-group-item > .row > .col-md-12 > .list-group-item-text >p{\r\n\tfont-size:12px !important;\r\n    }\r\n\r\n    .tesis-group > .list-group-item > .row > .col-md-12 > p{\r\n\tfont-size:12px\r\n    }\r\n<\/style>\r\n\r\n<div class=\"panel panel-default\">\r\n    <div class=\"panel-heading\">\r\n        <h3 class=\"panel-title\">Pr\u00f3ximas lecturas de tesis<\/h3>\r\n    <\/div>\r\n\r\n    <div class=\"list-group tesis-group\">\r\n                        <div class=\"mensaje alert alert-warning\">No hay tesis disponibles.<\/div>\r\n                    <\/div>\r\n<\/div>\r\n\n<\/div><\/div><\/div>\n\n\n\n<div class=\"wp-block-stackable-column stk-block-column stk-column stk-block stk-4b38e24\" data-v=\"4\" data-block-id=\"4b38e24\"><div class=\"stk-column-wrapper stk-block-column__content stk-container stk-4b38e24-container stk--no-background stk--no-padding\"><div class=\"stk-block-content stk-inner-blocks stk-4b38e24-inner-blocks\">\n<ul class=\"widget-box\">\n<li class='contacto-header'>Informaci\u00f3n de contacto<\/li><li><i class=\"fa fa-map-marker\"><\/i> Avda. Astrof\u00edsico Francisco S\u00e1nchez, SN. Edificio Calabaza \u2013 AN.2D Apdo. 456 38200 San Crist\u00f3bal de La Laguna<\/li><li><i class=\"fa fa-envelope\"><\/i>  <a href=mailto:doctorado.astrofisica@ull.es>doctorado.astrofisica@ull.es<\/a><\/li><li><i class=\"fa fa-calendar\"><\/i><a href=\"http:\/\/citaprevia.ull.es\/index.php?s=edpo\"> Cita previa<\/a><\/li>\n<\/ul>\n\n\n<\/div><\/div><\/div>\n<\/div><\/div>\n","protected":false},"excerpt":{"rendered":"<p>Acceso y admisi\u00f3n Actividades formativas Portal del Estudiante Descripci\u00f3n del t\u00edtulo Memorias de verificaci\u00f3n L\u00edneas de investigaci\u00f3n<\/p>\n","protected":false},"author":1,"featured_media":0,"parent":0,"menu_order":0,"comment_status":"closed","ping_status":"closed","template":"templates\/template-frontpage.php","meta":{"_acf_changed":false,"footnotes":""},"class_list":["post-15","page","type-page","status-publish","hentry"],"acf":[],"publishpress_future_action":{"enabled":false,"date":"2026-04-14 07:20:24","action":"change-status","newStatus":"draft","terms":[],"taxonomy":"","extraData":[]},"publishpress_future_workflow_manual_trigger":{"enabledWorkflows":[]},"_links":{"self":[{"href":"https:\/\/www.ull.es\/doctorados\/astrofisica\/wp-json\/wp\/v2\/pages\/15","targetHints":{"allow":["GET"]}}],"collection":[{"href":"https:\/\/www.ull.es\/doctorados\/astrofisica\/wp-json\/wp\/v2\/pages"}],"about":[{"href":"https:\/\/www.ull.es\/doctorados\/astrofisica\/wp-json\/wp\/v2\/types\/page"}],"author":[{"embeddable":true,"href":"https:\/\/www.ull.es\/doctorados\/astrofisica\/wp-json\/wp\/v2\/users\/1"}],"replies":[{"embeddable":true,"href":"https:\/\/www.ull.es\/doctorados\/astrofisica\/wp-json\/wp\/v2\/comments?post=15"}],"version-history":[{"count":23,"href":"https:\/\/www.ull.es\/doctorados\/astrofisica\/wp-json\/wp\/v2\/pages\/15\/revisions"}],"predecessor-version":[{"id":398,"href":"https:\/\/www.ull.es\/doctorados\/astrofisica\/wp-json\/wp\/v2\/pages\/15\/revisions\/398"}],"wp:attachment":[{"href":"https:\/\/www.ull.es\/doctorados\/astrofisica\/wp-json\/wp\/v2\/media?parent=15"}],"curies":[{"name":"wp","href":"https:\/\/api.w.org\/{rel}","templated":true}]}}