{"id":21,"date":"2018-02-22T11:07:35","date_gmt":"2018-02-22T11:07:35","guid":{"rendered":"http:\/\/localhost\/ull\/doctorados\/?page_id=21"},"modified":"2018-03-02T16:56:48","modified_gmt":"2018-03-02T16:56:48","slug":"entidades-participantes","status":"publish","type":"page","link":"https:\/\/www.ull.es\/doctorados\/astrofisica\/entidades-participantes\/","title":{"rendered":"Entidades participantes"},"content":{"rendered":"<h1>Entidades participantes<\/h1>\n<p><strong>Colaboraciones con convenio<\/strong><\/p>\n<ul>\n<li>Colaboraci\u00f3n con el Gobierno de Francia<\/li>\n<li>Universit\u00e1 degli Studi di Padova<\/li>\n<li>el Observatorio de Paris y las\u00a0Universidades de Paris VI, VII y XI<\/li>\n<li>Colaboraci\u00f3n con los Gobiernos de los\u00a0pa\u00edses n\u00f3rdicos<\/li>\n<li>Colaboraci\u00f3n con el Gobierno de Italia<\/li>\n<li>Red RoPACS-con 5 instituciones\u00a0europeas<\/li>\n<li>Instituto de Astrof\u00edsica de Canarias<\/li>\n<li>Colaboraci\u00f3n con el Gobierno del Reino\u00a0Unido<\/li>\n<li>Colaboraci\u00f3n con el Gobierno de\u00a0Alemania<\/li>\n<li>Colaboraci\u00f3n con la Universidad de\u00a0Florida<\/li>\n<\/ul>\n","protected":false},"excerpt":{"rendered":"<p>Entidades participantes Colaboraciones con convenio Colaboraci\u00f3n con el Gobierno de Francia Universit\u00e1 degli Studi di Padova el Observatorio de Paris y las\u00a0Universidades de Paris VI, VII y XI Colaboraci\u00f3n con los Gobiernos de los\u00a0pa\u00edses n\u00f3rdicos Colaboraci\u00f3n con el Gobierno de Italia Red RoPACS-con 5 instituciones\u00a0europeas Instituto de Astrof\u00edsica de Canarias Colaboraci\u00f3n con el Gobierno del&#8230;<\/p>\n","protected":false},"author":1,"featured_media":0,"parent":0,"menu_order":0,"comment_status":"closed","ping_status":"closed","template":"","meta":{"_acf_changed":false,"footnotes":""},"class_list":["post-21","page","type-page","status-publish","hentry"],"acf":[],"publishpress_future_action":{"enabled":false,"date":"2026-05-05 05:44:28","action":"change-status","newStatus":"draft","terms":[],"taxonomy":"","extraData":[]},"publishpress_future_workflow_manual_trigger":{"enabledWorkflows":[]},"_links":{"self":[{"href":"https:\/\/www.ull.es\/doctorados\/astrofisica\/wp-json\/wp\/v2\/pages\/21","targetHints":{"allow":["GET"]}}],"collection":[{"href":"https:\/\/www.ull.es\/doctorados\/astrofisica\/wp-json\/wp\/v2\/pages"}],"about":[{"href":"https:\/\/www.ull.es\/doctorados\/astrofisica\/wp-json\/wp\/v2\/types\/page"}],"author":[{"embeddable":true,"href":"https:\/\/www.ull.es\/doctorados\/astrofisica\/wp-json\/wp\/v2\/users\/1"}],"replies":[{"embeddable":true,"href":"https:\/\/www.ull.es\/doctorados\/astrofisica\/wp-json\/wp\/v2\/comments?post=21"}],"version-history":[{"count":1,"href":"https:\/\/www.ull.es\/doctorados\/astrofisica\/wp-json\/wp\/v2\/pages\/21\/revisions"}],"predecessor-version":[{"id":133,"href":"https:\/\/www.ull.es\/doctorados\/astrofisica\/wp-json\/wp\/v2\/pages\/21\/revisions\/133"}],"wp:attachment":[{"href":"https:\/\/www.ull.es\/doctorados\/astrofisica\/wp-json\/wp\/v2\/media?parent=21"}],"curies":[{"name":"wp","href":"https:\/\/api.w.org\/{rel}","templated":true}]}}