{"id":70,"date":"2018-02-22T13:26:52","date_gmt":"2018-02-22T13:26:52","guid":{"rendered":"http:\/\/www.ull.es\/doctorados\/astrofisica\/?page_id=70"},"modified":"2025-08-20T09:36:00","modified_gmt":"2025-08-20T09:36:00","slug":"supervision-tesis","status":"publish","type":"page","link":"https:\/\/www.ull.es\/doctorados\/astrofisica\/organizacion-del-programa\/supervision-tesis\/","title":{"rendered":"Supervisi\u00f3n de tesis"},"content":{"rendered":"\n<div class=\"wp-block-stackable-columns alignfull stk-block-columns stk-block stk-2314a6b\" data-block-id=\"2314a6b\"><style>.stk-2314a6b {padding-bottom:0px !important;margin-top:-100px !important;margin-bottom:0px !important;}<\/style><div class=\"stk-row stk-inner-blocks stk-block-content stk-content-align stk-2314a6b-column alignfull\">\n<div class=\"wp-block-stackable-column stk-block-column stk-column stk-block stk-1d1764d\" data-v=\"4\" data-block-id=\"1d1764d\"><div class=\"stk-column-wrapper stk-block-column__content stk-container stk-1d1764d-container stk--no-background stk--no-padding\"><div class=\"stk-block-content stk-inner-blocks stk-1d1764d-inner-blocks\"><style id=\"depicter-1-inline-pre-css\">\n\n.depicter-1:not(.depicter-ready){\n\theight:450px;\n}\n\n\/***** Tablet *****\/\n@media screen and (max-width: 1024px){\n\n.depicter-1:not(.depicter-ready){\n\theight:700px;\n}\n\n}\n\/***** Mobile *****\/\n@media screen and (max-width: 767px){\n\n.depicter-1:not(.depicter-ready){\n\theight:360px;\n}\n\n}\n<\/style>\n<div id=\"depicter-1\" class=\"depicter depicter-document depicter-revert depicter-1 depicter-layout-fullwidth\">\n\n<div class=\"depicter-loading-container depicter-loading dotFlashing-dark\"><div class=\"depicter-loading-dark depicter-dot-flashing\">\n   <span><\/span>\n   <span><\/span>\n   <span><\/span>\n<\/div>\n<\/div>\n<div id=\"depicter-1-section-1\" class=\"depicter-section depicter-1-section-1\" data-name=\"Section 1\" data-type=\"section\" data-local-id=\"section-1\">\n<picture class=\"depicter-bg\">\n<source data-depicter-srcset=\"https:\/\/www.ull.es\/doctorados\/astrofisica\/wp-content\/uploads\/sites\/8\/2025\/05\/Headers-Doctorados_Doctorado-Astrofisica-768x248.jpg, https:\/\/www.ull.es\/doctorados\/astrofisica\/wp-content\/uploads\/sites\/8\/2025\/05\/Headers-Doctorados_Doctorado-Astrofisica.jpg 2x\" srcset=\"data:image\/gif;base64,R0lGODlhAQABAIAAAAAAAP\/\/\/yH5BAEAAAAALAAAAAABAAEAAAIBRAA7\" media=\"(max-width: 1024px)\" \/>\n\n<source data-depicter-srcset=\"https:\/\/www.ull.es\/doctorados\/astrofisica\/wp-content\/uploads\/sites\/8\/2025\/05\/Headers-Doctorados_Doctorado-Astrofisica.jpg, https:\/\/www.ull.es\/doctorados\/astrofisica\/wp-content\/uploads\/sites\/8\/2025\/05\/Headers-Doctorados_Doctorado-Astrofisica-2000x645.jpg 2x\" srcset=\"data:image\/gif;base64,R0lGODlhAQABAIAAAAAAAP\/\/\/yH5BAEAAAAALAAAAAABAAEAAAIBRAA7\" media=\"(min-width: 1025px)\" \/>\n<img decoding=\"async\" src=\"data:image\/gif;base64,R0lGODlhAQABAIAAAAAAAP\/\/\/yH5BAEAAAAALAAAAAABAAEAAAIBRAA7\" data-ken-burns=\"false\" data-tablet-ken-burns=\"false\" data-mobile-ken-burns=\"false\" alt=\"\" data-depicter-src=\"https:\/\/www.ull.es\/doctorados\/astrofisica\/wp-content\/uploads\/sites\/8\/2025\/05\/Headers-Doctorados_Doctorado-Astrofisica.jpg\" data-object-fit=\"custom,custom,\" data-object-position=\"center top,,\" data-crop=\"{'focalPoint':{'x':0.5,'y':0.5},'mediaSize':{'width':1395.3488372093024736386723816394805908203125,'height':450}}\" data-tablet-crop=\"{'focalPoint':{'x':0.5,'y':0.5},'mediaSize':{'width':2170.54263565891460530110634863376617431640625,'height':700}}\" data-mobile-crop=\"{'focalPoint':{'x':0.5,'y':0.5},'mediaSize':{'width':2294.57364341085258274688385426998138427734375,'height':740}}\" \/>\n<\/picture>\n\n\n<h1 id=\"depicter-1-element-5\" class=\"depicter-element depicter-layer depicter-1-element-5\" data-type=\"text\" data-wrap=\"true\" data-name=\"Text 2\" data-local-id=\"element-5\" data-offset=\"x:0px;y:140px;origin:tl\" data-tablet-offset=\"x:215px;y:194px;origin:tl\" data-mobile-offset=\"x:6px;y:122px;origin:tl\" data-width=\"1200px,auto,348px\" data-height=\"auto,auto,auto\" data-responsive-scale=\"true,,\">Programa de Doctorado en Astrof\u00edsica<\/h1>\n\n<div id=\"depicter-1-element-10\" class=\"depicter-element depicter-layer depicter-1-element-10\" data-type=\"shape\" data-wrap=\"true\" data-name=\"Shape 1\" data-local-id=\"element-10\" data-offset=\"x:0px;y:311px;origin:tl\" data-tablet-offset=\"x:215px;y:361px;origin:tl\" data-mobile-offset=\"x:6px;y:280px;origin:tl\" data-width=\"976px,647px,282px\" data-height=\"8px,8px,8px\" data-responsive-scale=\"true,,\"><\/div>\n<\/div>\n<\/div>\n<script>\n(window.depicterSetups = window.depicterSetups || []).push(function(){\n\tDepicter.basePath = 'https:\/\/www.ull.es\/doctorados\/astrofisica\/wp-content\/plugins\/depicter\/resources\/scripts\/player\/';\n\tconst dpPlayer = Depicter.setup('.depicter-1',\n\t\t{\"width\":[\"1200\",\"1024\",\"360\"],\"height\":[\"450\",\"700\",\"360\"],\"view\":\"basic\",\"keepAspectRatio\":true,\"preload\":0,\"layout\":\"fullwidth\",\"rtl\":false,\"initAfterAppear\":false,\"ajaxApiUrl\":\"https:\\\/\\\/www.ull.es\\\/doctorados\\\/astrofisica\\\/wp-admin\\\/admin-ajax.php\",\"mouseSwipe\":true,\"touchSwipe\":true,\"useWatermark\":false}\n\t);\n});\n<\/script><\/div><\/div><\/div>\n<\/div><\/div>\n\n\n\n<div class=\"wp-block-stackable-columns alignfull stk-block-columns stk--hide-mobile stk-block stk-6394276 stk-block-background\" data-block-id=\"6394276\"><style>.stk-6394276 {background-color:#f33f4e !important;padding-top:10px !important;margin-bottom:0px !important;}.stk-6394276:before{background-color:#f33f4e !important;}<\/style><div class=\"stk-row stk-inner-blocks stk-block-content stk-content-align stk-6394276-column alignfull\">\n<div class=\"wp-block-stackable-column stk-block-column stk-column stk-block stk-8a66885\" data-v=\"4\" data-block-id=\"8a66885\"><div class=\"stk-column-wrapper stk-block-column__content stk-container stk-8a66885-container stk--no-background stk--no-padding\"><div class=\"stk-block-content stk-inner-blocks stk-8a66885-inner-blocks\">\n<div class=\"wp-block-stackable-spacer stk-block-spacer stk--no-padding stk-block stk-bc89b3e\" data-block-id=\"bc89b3e\"><style>.stk-bc89b3e {height:0px !important;}<\/style><\/div>\n<\/div><\/div><\/div>\n<\/div><\/div>\n\n\n\n<div class=\"wp-block-stackable-columns stk-block-columns stk-block stk-8b59b96\" data-block-id=\"8b59b96\"><style>.stk-8b59b96 .stk--block-align-8b59b96{align-items:flex-start !important;}.stk-8b59b96 {margin-top:50px !important;}.stk-8b59b96-column{--stk-columns-spacing:0px !important;--stk-column-gap:50px !important;}<\/style><div class=\"stk-row stk-inner-blocks stk--block-align-8b59b96 stk-block-content stk-content-align stk-8b59b96-column\">\n<div class=\"wp-block-stackable-column stk-block-column stk-column stk-block stk-dbb7e15\" data-v=\"4\" data-block-id=\"dbb7e15\"><style>@media screen and (min-width: 768px){.stk-dbb7e15 {flex:var(--stk-flex-grow, 1) 1 66.7% !important;}}<\/style><div class=\"stk-column-wrapper stk-block-column__content stk-container stk-dbb7e15-container stk--no-background stk--no-padding\"><div class=\"stk-block-content stk-inner-blocks stk-dbb7e15-inner-blocks\">\n<div class=\"wp-block-stackable-heading stk-block-heading stk-block-heading--v2 stk-block stk-cc0239e\" id=\"complementos-de-formacion\" data-block-id=\"cc0239e\"><style>.stk-cc0239e .stk-block-heading__text{color:#000000 !important;font-weight:500 !important;}<\/style><h1 class=\"stk-block-heading__text has-text-color\">Supervisi\u00f3n de tesis<\/h1><\/div>\n\n\n\n<div class=\"wp-block-stackable-text stk-block-text stk-block stk-022d17b\" data-block-id=\"022d17b\"><p class=\"stk-block-text__text\"><strong>Tutor.<\/strong><\/p><\/div>\n\n\n\n<p>1. Una vez admitido al programa de doctorado y verificada la matr\u00edcula, a cada doctorando le ser\u00e1 asignado por parte de la correspondiente comisi\u00f3n&nbsp;acad\u00e9mica un tutor, que deber\u00e1 ser doctor y profesor del programa de doctorado habilitado para dirigir tesis doctorales seg\u00fan los requisitos establecidos&nbsp;en el presente reglamento, a quien corresponder\u00e1 velar por la interacci\u00f3n del doctorando con la comisi\u00f3n acad\u00e9mica y su director, en su caso.<\/p>\n\n\n\n<p>2. La comisi\u00f3n acad\u00e9mica, o\u00eddo el doctorando, podr\u00e1 modificar el nombramiento del tutor asignado en cualquier momento del periodo de realizaci\u00f3n del&nbsp;doctorado, siempre que concurran razones justificadas. Si lo estima procedente podr\u00e1 solicitar informes del tutor y el director de la tesis.<\/p>\n\n\n\n<p>3. Ser\u00e1n funciones del tutor:<\/p>\n\n\n\n<p>a) Revisar regularmente junto con el director de la tesis el documento de actividades del doctorando definido en el art\u00edculo 2.5 del presente reglamento.<\/p>\n\n\n\n<p>b) Avalar junto con el director de la tesis y antes de la finalizaci\u00f3n del primer a\u00f1o el plan de investigaci\u00f3n elaborado por el doctorando.<\/p>\n\n\n\n<p>c) Firmar el compromiso documental junto con la Universidad, el doctorando y el director.<\/p>\n\n\n\n<p>d) Emitir y elevar anualmente a la comisi\u00f3n acad\u00e9mica el informe previsto en el art\u00edculo 23.3 del presente reglamento.<\/p>\n\n\n\n<p>e) Asegurar la inclusi\u00f3n de la Universidad de La Laguna en todas las comunicaciones, presentaciones y publicaciones en las que se difundan resultados&nbsp;de la investigaci\u00f3n desarrollada por el alumnado que tutela.<\/p>\n\n\n\n<p>La labor de tutela del doctorando ser\u00e1 reconocida como parte de la dedicaci\u00f3n docente e investigadora del profesorado en los t\u00e9rminos que establezca&nbsp;la normativa correspondiente de la Universidad de La Laguna<\/p>\n\n\n\n<p><strong>Director de tesis.<\/strong><\/p>\n\n\n\n<p>1. En un plazo no superior a un mes desde la matriculaci\u00f3n del doctorando, la comisi\u00f3n acad\u00e9mica responsable del programa le asignar\u00e1 un director&nbsp;de tesis doctoral, que podr\u00e1 ser coincidente o no con el tutor a que se refiere el art\u00edculo anterior. Dicha asignaci\u00f3n podr\u00e1 recaer sobre cualquier doctor&nbsp;espa\u00f1ol o extranjero, que re\u00fana alguno de los siguientes requisitos:<\/p>\n\n\n\n<p>a) Estar en posesi\u00f3n, al menos, de un tramo de m\u00e9ritos de investigaci\u00f3n, de acuerdo a lo establecido en el Real Decreto 1086\/1989, de 28 de agosto,&nbsp;sobre retribuciones del profesorado universitario (BOE n\u00ba 216, de 9 de septiembre), modificado por los Reales Decretos 1949\/1995, de 1 de diciembre&nbsp;(BOE n\u00ba 16, de 18 de enero de 1996); 74\/2000, de 21 de enero (BOE n\u00ba 19, de 22 de enero), y 1325\/2002, de 13 de diciembre (BOE n\u00ba 305, de 21 de&nbsp;diciembre), o m\u00e9ritos equivalentes para aquellos que no tengan acceso a la valoraci\u00f3n de estos tramos por no pertenecer a los cuerpos docentes universitarios.<\/p>\n\n\n\n<p>b) Estar en posesi\u00f3n de tres tramos de m\u00e9ritos investigadores, de acuerdo a la establecido en el Decreto 140\/2002, de 7 de octubre (BOC n\u00ba 139, de&nbsp;18 de octubre) y haber dirigido una tesis doctoral, o haber codirigido dos.<\/p>\n\n\n\n<p>En ambos casos, con independencia de la universidad, centro o instituci\u00f3n en la que preste sus servicios, deber\u00e1 estar encuadrado en alguna de las&nbsp;l\u00edneas de investigaci\u00f3n que se integren en el correspondiente programa de doctorado.<\/p>\n\n\n\n<p>2. La comisi\u00f3n acad\u00e9mica, o\u00eddo el doctorando y, en su caso, el tutor del mismo, podr\u00e1 modificar el nombramiento de director de tesis doctoral en cualquier&nbsp;momento del periodo de realizaci\u00f3n del doctorado, siempre que concurran razones justificadas. Se solicitar\u00e1 el oportuno informe del director.<\/p>\n\n\n\n<p>3. La tesis podr\u00e1 contar con otro director, que deber\u00e1 cumplir los mismos requisitos establecidos para ser director de tesis en ese programa de doctorado,&nbsp;cuando concurran razones de \u00edndole acad\u00e9mica, como puede ser el caso de la interdisciplinariedad tem\u00e1tica o los programas desarrollados en colaboraci\u00f3n nacional o internacional, previa autorizaci\u00f3n de la comisi\u00f3n acad\u00e9mica. Dicha autorizaci\u00f3n podr\u00e1 ser revocada con posterioridad si a juicio de la comisi\u00f3n acad\u00e9mica la codirecci\u00f3n no beneficia el desarrollo de la tesis.<\/p>\n\n\n\n<p>4. Sin perjuicio de lo se\u00f1alado en el apartado anterior, podr\u00e1 asumir las funciones de codirector un investigador novel o un profesor o investigador con un m\u00ednimo de experiencia investigadora que no re\u00fana los requisitos establecidos para ser director de tesis. En todo caso, deber\u00e1 tener relaci\u00f3n funcionarial o contractual con la universidad u organismo que colabore en el desarrollo del programa. No podr\u00e1 existir m\u00e1s de un codirector de este perfil.<\/p>\n\n\n\n<p>5. La comisi\u00f3n acad\u00e9mica del programa de doctorado procurar\u00e1 una distribuci\u00f3n adecuada y proporcionada de los estudiantes de doctorado entre las l\u00edneas de investigaci\u00f3n que componen el programa de doctorado y los directores. A estos efectos, se establecen las siguientes limitaciones:<\/p>\n\n\n\n<p>a) En un mismo curso acad\u00e9mico no se podr\u00e1 designar un mismo director de tesis a m\u00e1s de tres estudiantes de nuevo acceso con dedicaci\u00f3n a tiempo completo, o equivalente.<\/p>\n\n\n\n<p>b) Se establece que un director no podr\u00e1 dirigir simult\u00e1neamente m\u00e1s de cuatro tesis doctorales que se est\u00e9n realizando en r\u00e9gimen de dedicaci\u00f3n a tiempo completo, o su equivalencia a tiempo parcial. Asimismo, el mismo equipo de director y codirector no podr\u00e1 dirigir m\u00e1s de cuatro tesis simult\u00e1neamente.<\/p>\n\n\n\n<p>c) El l\u00edmite se\u00f1alado en el apartado precedente podr\u00e1 elevarse a ocho en el caso de directores cuyas tesis dirigidas con anterioridad hubiesen originado cada una de ellas, al menos, dos publicaciones en revistas cient\u00edficas con censores internacionales. En todo caso, a partir de la quinta tesis doctoral deber\u00e1 contarse obligatoriamente con codirector, sin perjuicio de lo se\u00f1alado en cuanto a limitaciones en el apartado precedente.<\/p>\n\n\n\n<p>d) Las tesis realizadas bajo la modalidad de cotutela no computar\u00e1n a los efectos se\u00f1alados en este apartado.<\/p>\n\n\n\n<p>e) Por cada tesis que no conste acreditada la recepci\u00f3n de una publicaci\u00f3n, al menos, por parte de la correspondiente entidad editora en un plazo no superior a un a\u00f1o tras su defensa, los l\u00edmites se\u00f1alados para la direcci\u00f3n de tesis en el presente apartado se reducir\u00e1n en uno.<\/p>\n\n\n\n<p>6. La labor de tutela del doctorando y de direcci\u00f3n de tesis ser\u00e1 reconocida como parte de la dedicaci\u00f3n docente e investigadora del profesorado en los t\u00e9rminos que establezca la normativa correspondiente de la Universidad de La Laguna.<\/p>\n\n\n\n<p>7. Aquel director cuyos estudiantes de doctorado defiendan sus tesis en un plazo superior a cuatro a\u00f1os ver\u00e1n minorado el l\u00edmite establecido en el art\u00edculo 10.5.b del presente reglamento a raz\u00f3n de uno por cada tesis defendida en un plazo superior al se\u00f1alado. Lo mismo ser\u00e1 de aplicaci\u00f3n, en t\u00e9rminos temporales equivalentes, a las tesis que se encuentren realiz\u00e1ndose en r\u00e9gimen de dedicaci\u00f3n a tiempo parcial. A estos efectos no se tendr\u00e1n en cuenta los abandonos voluntarios de los doctorandos ni las desvinculaciones de estos, producto de evaluaciones negativas de sus planes de investigaci\u00f3n.<\/p>\n\n\n\n<p>8. El director de tesis viene obligado a incluir a la Universidad de La Laguna en todas las presentaciones, comunicaciones y publicaciones en las que se difundan resultados procedentes de la investigaci\u00f3n realizada por sus estudiantes de doctorado. Asimismo, deber\u00e1 constar en las mismas el departamento al que se encuentre adscrito en el caso de ser profesor de la Universidad de La Laguna, salvo que las normas editoriales correspondientes lo imposibiliten, sin perjuicio de mencionar su adscripci\u00f3n a otras entidades de investigaci\u00f3n. El incumplimiento de esta obligaci\u00f3n supondr\u00e1 que no podr\u00e1 ser designado como director de nuevos estudiantes de doctorado. El director podr\u00e1 justificar el origen del incumplimiento ante la comisi\u00f3n acad\u00e9mica del programa de doctorado, que resolver\u00e1 sobre la aplicaci\u00f3n de lo expuesto en el presente apartado.<\/p>\n\n\n\n<p><strong>Supervisi\u00f3n de la Tesis<\/strong><\/p>\n\n\n\n<p>Una vez matriculado el doctorando, el tutor junto con el director establecer\u00e1n su documento de actividades personalizado a efectos del registro individualizado&nbsp;de control a que se refiere el art\u00edculo 2.5 de este reglamento. En el se inscribir\u00e1n todas las actividades de inter\u00e9s para el desarrollo del doctorando,&nbsp;seg\u00fan regule la universidad, la Escuela de Doctorado, el \u00f3rgano responsable del programa de doctorado o la propia comisi\u00f3n acad\u00e9mica y ser\u00e1&nbsp;regularmente revisado por el tutor y el director de tesis y evaluado por la comisi\u00f3n acad\u00e9mica responsable del programa de doctorado a que se refiere&nbsp;el art\u00edculo 14 del Reglamento de Ense\u00f1anzas de Doctorado (Bolet\u00edn Oficial de Canarias n\u00fam. 17, de 25 de enero de 2013)<\/p>\n\n\n\n<p><strong>Fomento por parte de la ULL de las tareas de direcci\u00f3n de tesis doctorales<\/strong><\/p>\n\n\n\n<p>De cara a fomentar las tareas de direcci\u00f3n o codirecci\u00f3n de tesis la ULL ha previsto una reducci\u00f3n de las tareas docentes. En esta l\u00ednea el Consejo&nbsp;de Gobierno de la Universidad de La Laguna, en su sesi\u00f3n de 14 de mayo de 2010, aprob\u00f3 un Modelo para la Estimaci\u00f3n del Encargo Docente de las&nbsp;\u00e1reas en las nuevas titulaciones de grado y posgrado.<\/p>\n\n\n\n<p>En concreto la reducci\u00f3n por direcci\u00f3n\/codirecci\u00f3n de tesis es la siguiente: Podr\u00e1n computarse hasta un m\u00e1ximo de 3 cr\u00e9ditos por profesor, por Tesis&nbsp;Doctorales aprobadas en el \u00faltimo curso acad\u00e9mico. Dicha compensaci\u00f3n se repartir\u00e1 de acuerdo con el n\u00famero de directores de la tesis.<\/p>\n\n\n\n<p>En el caso de Tesis con premio extraordinario la reducci\u00f3n se efectuar\u00e1 en el curso siguiente al de la concesi\u00f3n y ser\u00e1 de 1 cr\u00e9dito. Los codirectores&nbsp;compartir\u00e1n la reducci\u00f3n y no podr\u00e1n exceder de 3 cr\u00e9ditos por profesor en este concepto.<\/p>\n\n\n\n<p>a) Defensa sin Menci\u00f3n Internacional: 1,5 cr\u00e9ditos por tesis.<\/p>\n\n\n\n<p>b) Defensa con Menci\u00f3n Internacional: 2 cr\u00e9ditos por tesis.<\/p>\n\n\n\n<p>Premio extraordinario: 1 cr\u00e9dito por tesis.<\/p>\n\n\n\n<p><strong>Previsi\u00f3n de estancias en otros centros<\/strong><\/p>\n\n\n\n<p>De forma general no se ha establecido ning\u00fan plan de estancias en otros centros del estudiante de Doctorado.<\/p>\n\n\n\n<p>En casos particulares, cuando la tesis lo requiera se prev\u00e9 la estancia del doctorando en alguna instituci\u00f3n nacional o extranjera. Pero no existe un plan&nbsp;de movilidad com\u00fan y general para todos los estudiantes.<\/p>\n\n\n\n<p>La movilidad del estudiante es una actividad propia del programa que podr\u00e1 ser optativa pendiente de la financiaci\u00f3n, siempre que no se trate&nbsp;de una tesis con menci\u00f3n internacional, en cuyo caso esta actividad ser\u00eda obligatoria.<\/p>\n\n\n\n<p><strong>Gu\u00eda de Buenas Pr\u00e1cticas de la ULL para la direcci\u00f3n de tesis doctorales<\/strong><\/p>\n\n\n\n<p>Est\u00e1 en proceso de elaboraci\u00f3n una Gu\u00eda de Buenas Pr\u00e1cticas para la direcci\u00f3n de tesis doctorales en la Universidad de La Laguna, pero el departamento&nbsp;de Astrof\u00edsica en su colaboraci\u00f3n con el Instituto de Astrof\u00edsica de Canarias tiene una larga y fruct\u00edfera experiencia en la direcci\u00f3n de tesis doctorales. Puede obtenerse informaci\u00f3n al respecto en el&nbsp;<a href=\"http:\/\/www.iac.es\/estudiantes.php?op1=115\" target=\"_blank\" rel=\"noreferrer noopener\" target=\"_blank\" rel=\"noopener\">enlace<\/a>.<\/p>\n<\/div><\/div><\/div>\n\n\n\n<div class=\"wp-block-stackable-column stk-block-column stk-column stk-block stk-53ec762\" data-v=\"4\" data-block-id=\"53ec762\"><style>.stk-53ec762-inner-blocks{row-gap:0px !important;}.stk-53ec762 {padding-top:0px !important;padding-right:0px !important;padding-bottom:0px !important;padding-left:0px !important;}@media screen and (min-width: 768px){.stk-53ec762 {flex:var(--stk-flex-grow, 1) 1 33.3% !important;}}<\/style><div class=\"stk-column-wrapper stk-block-column__content stk-container stk-53ec762-container stk--no-background stk--no-padding\"><div class=\"stk-block-content stk-inner-blocks stk-53ec762-inner-blocks\">\n\n<ul class=\"widget-box\">\n<li class='contacto-header'>Informaci\u00f3n de contacto<\/li><li><i class=\"fa fa-map-marker\"><\/i> Avda. Astrof\u00edsico Francisco S\u00e1nchez, SN. Edificio Calabaza \u2013 AN.2D Apdo. 456 38200 San Crist\u00f3bal de La Laguna<\/li><li><i class=\"fa fa-envelope\"><\/i>  <a href=mailto:doctorado.astrofisica@ull.es>doctorado.astrofisica@ull.es<\/a><\/li><li><i class=\"fa fa-calendar\"><\/i><a href=\"http:\/\/citaprevia.ull.es\/index.php?s=edpo\"> Cita previa<\/a><\/li>\n<\/ul>\n\n\n<\/div><\/div><\/div>\n<\/div><\/div>\n","protected":false},"excerpt":{"rendered":"<p>Supervisi\u00f3n de tesis Tutor. 1. Una vez admitido al programa de doctorado y verificada la matr\u00edcula, a cada doctorando le ser\u00e1 asignado por parte de la correspondiente comisi\u00f3n&nbsp;acad\u00e9mica un tutor, que deber\u00e1 ser doctor y profesor del programa de doctorado habilitado para dirigir tesis doctorales seg\u00fan los requisitos establecidos&nbsp;en el presente reglamento, a quien corresponder\u00e1&#8230;<\/p>\n","protected":false},"author":1,"featured_media":0,"parent":27,"menu_order":0,"comment_status":"closed","ping_status":"closed","template":"templates\/template-frontpage.php","meta":{"_acf_changed":false,"footnotes":""},"class_list":["post-70","page","type-page","status-publish","hentry"],"acf":[],"publishpress_future_action":{"enabled":false,"date":"2026-04-14 10:22:07","action":"change-status","newStatus":"draft","terms":[],"taxonomy":"","extraData":[]},"publishpress_future_workflow_manual_trigger":{"enabledWorkflows":[]},"_links":{"self":[{"href":"https:\/\/www.ull.es\/doctorados\/astrofisica\/wp-json\/wp\/v2\/pages\/70","targetHints":{"allow":["GET"]}}],"collection":[{"href":"https:\/\/www.ull.es\/doctorados\/astrofisica\/wp-json\/wp\/v2\/pages"}],"about":[{"href":"https:\/\/www.ull.es\/doctorados\/astrofisica\/wp-json\/wp\/v2\/types\/page"}],"author":[{"embeddable":true,"href":"https:\/\/www.ull.es\/doctorados\/astrofisica\/wp-json\/wp\/v2\/users\/1"}],"replies":[{"embeddable":true,"href":"https:\/\/www.ull.es\/doctorados\/astrofisica\/wp-json\/wp\/v2\/comments?post=70"}],"version-history":[{"count":5,"href":"https:\/\/www.ull.es\/doctorados\/astrofisica\/wp-json\/wp\/v2\/pages\/70\/revisions"}],"predecessor-version":[{"id":388,"href":"https:\/\/www.ull.es\/doctorados\/astrofisica\/wp-json\/wp\/v2\/pages\/70\/revisions\/388"}],"up":[{"embeddable":true,"href":"https:\/\/www.ull.es\/doctorados\/astrofisica\/wp-json\/wp\/v2\/pages\/27"}],"wp:attachment":[{"href":"https:\/\/www.ull.es\/doctorados\/astrofisica\/wp-json\/wp\/v2\/media?parent=70"}],"curies":[{"name":"wp","href":"https:\/\/api.w.org\/{rel}","templated":true}]}}