{"id":70,"date":"2018-02-22T13:26:52","date_gmt":"2018-02-22T13:26:52","guid":{"rendered":"http:\/\/www.ull.es\/doctorados\/biodiversidad-conservacion\/?page_id=70"},"modified":"2025-08-20T10:03:37","modified_gmt":"2025-08-20T10:03:37","slug":"supervision-tesis","status":"publish","type":"page","link":"https:\/\/www.ull.es\/doctorados\/biodiversidad-conservacion\/en\/organizacion-del-programa\/supervision-tesis\/","title":{"rendered":"Thesis supervision"},"content":{"rendered":"\n<div class=\"wp-block-stackable-columns alignfull stk-block-columns stk-block stk-2314a6b\" data-block-id=\"2314a6b\"><style>.stk-2314a6b {padding-bottom:0px !important;margin-top:-100px !important;margin-bottom:0px !important;}<\/style><div class=\"stk-row stk-inner-blocks stk-block-content stk-content-align stk-2314a6b-column alignfull\">\n<div class=\"wp-block-stackable-column stk-block-column stk-column stk-block stk-1d1764d\" data-v=\"4\" data-block-id=\"1d1764d\"><div class=\"stk-column-wrapper stk-block-column__content stk-container stk-1d1764d-container stk--no-background stk--no-padding\"><div class=\"stk-block-content stk-inner-blocks stk-1d1764d-inner-blocks\"><style id=\"depicter-1-inline-pre-css\">\n\n.depicter-1:not(.depicter-ready){\n\theight:450px;\n}\n\n\/***** Tablet *****\/\n@media screen and (max-width: 1024px){\n\n.depicter-1:not(.depicter-ready){\n\theight:700px;\n}\n\n}\n\/***** Mobile *****\/\n@media screen and (max-width: 767px){\n\n.depicter-1:not(.depicter-ready){\n\theight:360px;\n}\n\n}\n<\/style>\n<div id=\"depicter-1\" class=\"depicter depicter-document depicter-revert depicter-1 depicter-layout-fullwidth\">\n\n<div class=\"depicter-loading-container depicter-loading dotFlashing-dark\"><div class=\"depicter-loading-dark depicter-dot-flashing\">\n   <span><\/span>\n   <span><\/span>\n   <span><\/span>\n<\/div>\n<\/div>\n<div id=\"depicter-1-section-1\" class=\"depicter-section depicter-1-section-1\" data-name=\"Section 1\" data-type=\"section\" data-local-id=\"section-1\">\n<picture class=\"depicter-bg\">\n<source data-depicter-srcset=\"https:\/\/www.ull.es\/doctorados\/biodiversidad-conservacion\/wp-content\/uploads\/sites\/10\/2025\/05\/Headers-Doctorados_Doctorado-Biodiversidad-768x248.jpg, https:\/\/www.ull.es\/doctorados\/biodiversidad-conservacion\/wp-content\/uploads\/sites\/10\/2025\/05\/Headers-Doctorados_Doctorado-Biodiversidad.jpg 2x\" srcset=\"data:image\/gif;base64,R0lGODlhAQABAIAAAAAAAP\/\/\/yH5BAEAAAAALAAAAAABAAEAAAIBRAA7\" media=\"(max-width: 1024px)\" \/>\n\n<source data-depicter-srcset=\"https:\/\/www.ull.es\/doctorados\/biodiversidad-conservacion\/wp-content\/uploads\/sites\/10\/2025\/05\/Headers-Doctorados_Doctorado-Biodiversidad.jpg, https:\/\/www.ull.es\/doctorados\/biodiversidad-conservacion\/wp-content\/uploads\/sites\/10\/2025\/05\/Headers-Doctorados_Doctorado-Biodiversidad-2000x645.jpg 2x\" srcset=\"data:image\/gif;base64,R0lGODlhAQABAIAAAAAAAP\/\/\/yH5BAEAAAAALAAAAAABAAEAAAIBRAA7\" media=\"(min-width: 1025px)\" \/>\n<img decoding=\"async\" src=\"data:image\/gif;base64,R0lGODlhAQABAIAAAAAAAP\/\/\/yH5BAEAAAAALAAAAAABAAEAAAIBRAA7\" data-ken-burns=\"false\" data-tablet-ken-burns=\"false\" data-mobile-ken-burns=\"false\" alt=\"\" data-depicter-src=\"https:\/\/www.ull.es\/doctorados\/biodiversidad-conservacion\/wp-content\/uploads\/sites\/10\/2025\/05\/Headers-Doctorados_Doctorado-Biodiversidad.jpg\" data-object-fit=\"custom,custom,\" data-object-position=\"center top,,\" data-crop=\"{'focalPoint':{'x':0.5,'y':0.5},'mediaSize':{'width':1395.3488372093024736386723816394805908203125,'height':450}}\" data-tablet-crop=\"{'focalPoint':{'x':0.5,'y':0.5},'mediaSize':{'width':2170.54263565891460530110634863376617431640625,'height':700}}\" data-mobile-crop=\"{'focalPoint':{'x':0.5,'y':0.5},'mediaSize':{'width':2294.57364341085258274688385426998138427734375,'height':740}}\" \/>\n<\/picture>\n\n\n<h1 id=\"depicter-1-element-5\" class=\"depicter-element depicter-layer depicter-1-element-5\" data-type=\"text\" data-wrap=\"true\" data-name=\"Text 2\" data-local-id=\"element-5\" data-offset=\"x:0px;y:140px;origin:tl\" data-tablet-offset=\"x:156px;y:191px;origin:tl\" data-mobile-offset=\"x:6px;y:84px;origin:tl\" data-width=\"1200px,758px,348px\" data-height=\"auto,auto,auto\" data-responsive-scale=\"true,,\">Programa de Doctorado <br>en Biodiversidad y Conservaci\u00f3n<\/h1>\n\n<div id=\"depicter-1-element-10\" class=\"depicter-element depicter-layer depicter-1-element-10\" data-type=\"shape\" data-wrap=\"true\" data-name=\"Shape 1\" data-local-id=\"element-10\" data-offset=\"x:0px;y:323px;origin:tl\" data-tablet-offset=\"x:156px;y:423px;origin:tl\" data-mobile-offset=\"x:6px;y:289px;origin:tl\" data-width=\"1148px,713px,320px\" data-height=\"8px,8px,8px\" data-responsive-scale=\"true,,\"><\/div>\n<\/div>\n<\/div>\n<script>\n(window.depicterSetups = window.depicterSetups || []).push(function(){\n\tDepicter.basePath = 'https:\/\/www.ull.es\/doctorados\/biodiversidad-conservacion\/wp-content\/plugins\/depicter\/resources\/scripts\/player\/';\n\tconst dpPlayer = Depicter.setup('.depicter-1',\n\t\t{\"width\":[\"1200\",\"1024\",\"360\"],\"height\":[\"450\",\"700\",\"360\"],\"view\":\"basic\",\"keepAspectRatio\":true,\"preload\":0,\"layout\":\"fullwidth\",\"rtl\":false,\"initAfterAppear\":false,\"ajaxApiUrl\":\"https:\\\/\\\/www.ull.es\\\/doctorados\\\/biodiversidad-conservacion\\\/wp-admin\\\/admin-ajax.php\",\"mouseSwipe\":true,\"touchSwipe\":true,\"useWatermark\":false}\n\t);\n});\n<\/script><\/div><\/div><\/div>\n<\/div><\/div>\n\n\n\n<div class=\"wp-block-stackable-columns alignfull stk-block-columns stk--hide-mobile stk-block stk-6394276 stk-block-background\" data-block-id=\"6394276\"><style>.stk-6394276 {background-color:#f33f4e !important;padding-top:10px !important;margin-bottom:0px !important;}.stk-6394276:before{background-color:#f33f4e !important;}<\/style><div class=\"stk-row stk-inner-blocks stk-block-content stk-content-align stk-6394276-column alignfull\">\n<div class=\"wp-block-stackable-column stk-block-column stk-column stk-block stk-8a66885\" data-v=\"4\" data-block-id=\"8a66885\"><div class=\"stk-column-wrapper stk-block-column__content stk-container stk-8a66885-container stk--no-background stk--no-padding\"><div class=\"stk-block-content stk-inner-blocks stk-8a66885-inner-blocks\">\n<div class=\"wp-block-stackable-spacer stk-block-spacer stk--no-padding stk-block stk-bc89b3e\" data-block-id=\"bc89b3e\"><style>.stk-bc89b3e {height:0px !important;}<\/style><\/div>\n<\/div><\/div><\/div>\n<\/div><\/div>\n\n\n\n<div class=\"wp-block-stackable-columns stk-block-columns stk-block stk-8b59b96\" data-block-id=\"8b59b96\"><style>.stk-8b59b96 .stk--block-align-8b59b96{align-items:flex-start !important;}.stk-8b59b96 {margin-top:50px !important;}.stk-8b59b96-column{--stk-columns-spacing:0px !important;--stk-column-gap:50px !important;}<\/style><div class=\"stk-row stk-inner-blocks stk--block-align-8b59b96 stk-block-content stk-content-align stk-8b59b96-column\">\n<div class=\"wp-block-stackable-column stk-block-column stk-column stk-block stk-dbb7e15\" data-v=\"4\" data-block-id=\"dbb7e15\"><style>@media screen and (min-width: 768px){.stk-dbb7e15 {flex:var(--stk-flex-grow, 1) 1 66.7% !important;}}<\/style><div class=\"stk-column-wrapper stk-block-column__content stk-container stk-dbb7e15-container stk--no-background stk--no-padding\"><div class=\"stk-block-content stk-inner-blocks stk-dbb7e15-inner-blocks\">\n<div class=\"wp-block-stackable-heading stk-block-heading stk-block-heading--v2 stk-block stk-cc0239e\" id=\"complementos-de-formacion\" data-block-id=\"cc0239e\"><style>.stk-cc0239e .stk-block-heading__text{color:#000000 !important;font-weight:500 !important;}<\/style><h1 class=\"stk-block-heading__text has-text-color\">Supervisi\u00f3n de tesis<\/h1><\/div>\n\n\n\n<div class=\"wp-block-stackable-text stk-block-text stk-block stk-022d17b\" data-block-id=\"022d17b\"><p class=\"stk-block-text__text\">El Doctorado en Biodiversidad y Conservaci\u00f3n ha tenido en cuenta que los procedimientos de seguimiento del doctorando y de supervisi\u00f3n de la tesis doctoral sean adecuados para asegurar que el estudiante adquiere las competencias definidas en el programa. Dichos procedimientos emanan y est\u00e1n acordes con el Real Decreto 99\/2011, de 28 de enero, por el que se regulan las ense\u00f1anzas oficiales de doctorado y la Resoluci\u00f3n de 17 de enero de 2013, por la que se dispone la publicaci\u00f3n del Reglamento de Ense\u00f1anzas Oficiales de Doctorado de la Universidad de La Laguna.<\/p><\/div>\n\n\n\n<p>El Reglamento de Ense\u00f1anzas Oficiales de Doctorado de la Universidad de La Laguna describe en su art\u00edculo 10, puntos 3 y 4, las actividades previstas&nbsp;para fomentar la direcci\u00f3n o codirecci\u00f3n, en aquellos casos justificados acad\u00e9micamente, para el desarrollo del programa. As\u00ed, la tesis podr\u00e1 contar&nbsp;con otro director, que deber\u00e1 cumplir los mismos requisitos establecidos para ser director de tesis en ese programa de doctorado, cuando concurran razones&nbsp;de \u00edndole acad\u00e9mica, como puede ser el caso de la interdisciplinariedad tem\u00e1tica o los programas desarrollados en colaboraci\u00f3n nacional o internacional,&nbsp;previa autorizaci\u00f3n de la Comisi\u00f3n Acad\u00e9mica. Asimismo, podr\u00e1 asumir las funciones de codirector un investigador novel o un profesor o&nbsp;investigador con un m\u00ednimo de experiencia investigadora que no re\u00fana los requisitos establecidos para ser director de tesis. En todo caso, deber\u00e1 tener&nbsp;relaci\u00f3n funcionarial o contractual con la universidad u organismo que colabore en el desarrollo del programa.<\/p>\n\n\n\n<p>En las \u00e1reas en las que se investigan tem\u00e1ticas relacionadas con la Biodiversidad y Conservaci\u00f3n en la Universidad de La Laguna, la implicaci\u00f3n del profesorado e investigadores en la direcci\u00f3n de tesis&nbsp;doctorales ha sido alta. Una gran mayor\u00eda del profesorado de dichas \u00e1reas se ha comprometido con el programa y ha mostrado inter\u00e9s por&nbsp;dirigir tesis doctorales, existiendo mayor oferta por parte de los directores que demanda por parte de posibles doctorandos, a pesar de que el n\u00famero&nbsp;de doctorando se ha mantenido durante la implantaci\u00f3n de la titulaci\u00f3n.<\/p>\n\n\n\n<p>En este doctorado tambi\u00e9n es de mencionar la participaci\u00f3n de expertos internacionales en comisiones de seguimiento, en la elaboraci\u00f3n de informes previos o en los tribunales de tesis doctorales. Para aquellos doctorandos que opten por incluir la Menci\u00f3n Internacional a su t\u00edtulo de Doctor, expertos internacionales ser\u00e1n los responsables de las estancias que el doctorando tendr\u00e1 que realizar fuera de Espa\u00f1a bajo su tutela, en una instituci\u00f3n de ense\u00f1anza superior o centro de investigaci\u00f3n de prestigio, donde realizar\u00e1 complementos a su formaci\u00f3n o trabajos de investigaci\u00f3n. Adem\u00e1s, estas tesis doctorales tendr\u00e1n que ser informadas por un m\u00ednimo de dos expertos doctores pertenecientes a alguna instituci\u00f3n de educaci\u00f3n superior o instituto de investigaci\u00f3n extranjeros. Por \u00faltimo, al menos un experto extranjero, con el t\u00edtulo de doctor, y diferente del responsable de la estancia formar\u00e1 parte del tribunal evaluador de la tesis.<\/p>\n<\/div><\/div><\/div>\n\n\n\n<div class=\"wp-block-stackable-column stk-block-column stk-column stk-block stk-53ec762\" data-v=\"4\" data-block-id=\"53ec762\"><style>.stk-53ec762-inner-blocks{row-gap:0px !important;}.stk-53ec762 {padding-top:0px !important;padding-right:0px !important;padding-bottom:0px !important;padding-left:0px !important;}@media screen and (min-width: 768px){.stk-53ec762 {flex:var(--stk-flex-grow, 1) 1 33.3% !important;}}<\/style><div class=\"stk-column-wrapper stk-block-column__content stk-container stk-53ec762-container stk--no-background stk--no-padding\"><div class=\"stk-block-content stk-inner-blocks stk-53ec762-inner-blocks\">\n\n<ul class=\"widget-box\">\n<li class='contacto-header'>Informaci\u00f3n de contacto<\/li><li><i class=\"fa fa-map-marker\"><\/i> Avda. Astrof\u00edsico Francisco S\u00e1nchez, SN. Edificio Calabaza \u2013 AN.2D Apdo. 456 38200 San Crist\u00f3bal de La Laguna<\/li><li><i class=\"fa fa-envelope\"><\/i>  <a href=mailto:doctorado.biodiversidadconservacion@ull.es>doctorado.biodiversidadconservacion@ull.es<\/a><\/li><li><i class=\"fa fa-calendar\"><\/i><a href=\"http:\/\/citaprevia.ull.es\/index.php?s=edpo\"> Cita previa<\/a><\/li>\n<\/ul>\n\n\n<\/div><\/div><\/div>\n<\/div><\/div>\n","protected":false},"excerpt":{"rendered":"<p>Thesis Supervision The PhD in Biodiversity and Conservation has taken into account that the procedures for monitoring doctoral candidates and supervising the doctoral thesis are adequate to ensure that students acquire the competencies defined in the program. These procedures arise from and are in accordance with Royal Decree 99\/2011, of 28\u2026<\/p>","protected":false},"author":1,"featured_media":0,"parent":27,"menu_order":0,"comment_status":"closed","ping_status":"closed","template":"templates\/template-frontpage.php","meta":{"_acf_changed":false,"footnotes":""},"class_list":["post-70","page","type-page","status-publish","hentry"],"acf":[],"publishpress_future_action":{"enabled":false,"date":"2026-04-21 17:10:28","action":"change-status","newStatus":"draft","terms":[],"taxonomy":"","extraData":[]},"publishpress_future_workflow_manual_trigger":{"enabledWorkflows":[]},"_links":{"self":[{"href":"https:\/\/www.ull.es\/doctorados\/biodiversidad-conservacion\/en\/wp-json\/wp\/v2\/pages\/70","targetHints":{"allow":["GET"]}}],"collection":[{"href":"https:\/\/www.ull.es\/doctorados\/biodiversidad-conservacion\/en\/wp-json\/wp\/v2\/pages"}],"about":[{"href":"https:\/\/www.ull.es\/doctorados\/biodiversidad-conservacion\/en\/wp-json\/wp\/v2\/types\/page"}],"author":[{"embeddable":true,"href":"https:\/\/www.ull.es\/doctorados\/biodiversidad-conservacion\/en\/wp-json\/wp\/v2\/users\/1"}],"replies":[{"embeddable":true,"href":"https:\/\/www.ull.es\/doctorados\/biodiversidad-conservacion\/en\/wp-json\/wp\/v2\/comments?post=70"}],"version-history":[{"count":8,"href":"https:\/\/www.ull.es\/doctorados\/biodiversidad-conservacion\/en\/wp-json\/wp\/v2\/pages\/70\/revisions"}],"predecessor-version":[{"id":374,"href":"https:\/\/www.ull.es\/doctorados\/biodiversidad-conservacion\/en\/wp-json\/wp\/v2\/pages\/70\/revisions\/374"}],"up":[{"embeddable":true,"href":"https:\/\/www.ull.es\/doctorados\/biodiversidad-conservacion\/en\/wp-json\/wp\/v2\/pages\/27"}],"wp:attachment":[{"href":"https:\/\/www.ull.es\/doctorados\/biodiversidad-conservacion\/en\/wp-json\/wp\/v2\/media?parent=70"}],"curies":[{"name":"wp","href":"https:\/\/api.w.org\/{rel}","templated":true}]}}