{"id":72,"date":"2018-02-22T13:28:20","date_gmt":"2018-02-22T13:28:20","guid":{"rendered":"http:\/\/www.ull.es\/doctorados\/biodiversidad-conservacion\/?page_id=72"},"modified":"2025-08-20T10:01:17","modified_gmt":"2025-08-20T10:01:17","slug":"seguimiento-doctorando","status":"publish","type":"page","link":"https:\/\/www.ull.es\/doctorados\/biodiversidad-conservacion\/en\/organizacion-del-programa\/seguimiento-doctorando\/","title":{"rendered":"Monitoring of the PhD student"},"content":{"rendered":"\n<div class=\"wp-block-stackable-columns alignfull stk-block-columns stk-block stk-2314a6b\" data-block-id=\"2314a6b\"><style>.stk-2314a6b {padding-bottom:0px !important;margin-top:-100px !important;margin-bottom:0px !important;}<\/style><div class=\"stk-row stk-inner-blocks stk-block-content stk-content-align stk-2314a6b-column alignfull\">\n<div class=\"wp-block-stackable-column stk-block-column stk-column stk-block stk-1d1764d\" data-v=\"4\" data-block-id=\"1d1764d\"><div class=\"stk-column-wrapper stk-block-column__content stk-container stk-1d1764d-container stk--no-background stk--no-padding\"><div class=\"stk-block-content stk-inner-blocks stk-1d1764d-inner-blocks\"><style id=\"depicter-1-inline-pre-css\">\n\n.depicter-1:not(.depicter-ready){\n\theight:450px;\n}\n\n\/***** Tablet *****\/\n@media screen and (max-width: 1024px){\n\n.depicter-1:not(.depicter-ready){\n\theight:700px;\n}\n\n}\n\/***** Mobile *****\/\n@media screen and (max-width: 767px){\n\n.depicter-1:not(.depicter-ready){\n\theight:360px;\n}\n\n}\n<\/style>\n<div id=\"depicter-1\" class=\"depicter depicter-document depicter-revert depicter-1 depicter-layout-fullwidth\">\n\n<div class=\"depicter-loading-container depicter-loading dotFlashing-dark\"><div class=\"depicter-loading-dark depicter-dot-flashing\">\n   <span><\/span>\n   <span><\/span>\n   <span><\/span>\n<\/div>\n<\/div>\n<div id=\"depicter-1-section-1\" class=\"depicter-section depicter-1-section-1\" data-name=\"Section 1\" data-type=\"section\" data-local-id=\"section-1\">\n<picture class=\"depicter-bg\">\n<source data-depicter-srcset=\"https:\/\/www.ull.es\/doctorados\/biodiversidad-conservacion\/wp-content\/uploads\/sites\/10\/2025\/05\/Headers-Doctorados_Doctorado-Biodiversidad-768x248.jpg, https:\/\/www.ull.es\/doctorados\/biodiversidad-conservacion\/wp-content\/uploads\/sites\/10\/2025\/05\/Headers-Doctorados_Doctorado-Biodiversidad.jpg 2x\" srcset=\"data:image\/gif;base64,R0lGODlhAQABAIAAAAAAAP\/\/\/yH5BAEAAAAALAAAAAABAAEAAAIBRAA7\" media=\"(max-width: 1024px)\" \/>\n\n<source data-depicter-srcset=\"https:\/\/www.ull.es\/doctorados\/biodiversidad-conservacion\/wp-content\/uploads\/sites\/10\/2025\/05\/Headers-Doctorados_Doctorado-Biodiversidad.jpg, https:\/\/www.ull.es\/doctorados\/biodiversidad-conservacion\/wp-content\/uploads\/sites\/10\/2025\/05\/Headers-Doctorados_Doctorado-Biodiversidad-2000x645.jpg 2x\" srcset=\"data:image\/gif;base64,R0lGODlhAQABAIAAAAAAAP\/\/\/yH5BAEAAAAALAAAAAABAAEAAAIBRAA7\" media=\"(min-width: 1025px)\" \/>\n<img decoding=\"async\" src=\"data:image\/gif;base64,R0lGODlhAQABAIAAAAAAAP\/\/\/yH5BAEAAAAALAAAAAABAAEAAAIBRAA7\" data-ken-burns=\"false\" data-tablet-ken-burns=\"false\" data-mobile-ken-burns=\"false\" alt=\"\" data-depicter-src=\"https:\/\/www.ull.es\/doctorados\/biodiversidad-conservacion\/wp-content\/uploads\/sites\/10\/2025\/05\/Headers-Doctorados_Doctorado-Biodiversidad.jpg\" data-object-fit=\"custom,custom,\" data-object-position=\"center top,,\" data-crop=\"{'focalPoint':{'x':0.5,'y':0.5},'mediaSize':{'width':1395.3488372093024736386723816394805908203125,'height':450}}\" data-tablet-crop=\"{'focalPoint':{'x':0.5,'y':0.5},'mediaSize':{'width':2170.54263565891460530110634863376617431640625,'height':700}}\" data-mobile-crop=\"{'focalPoint':{'x':0.5,'y':0.5},'mediaSize':{'width':2294.57364341085258274688385426998138427734375,'height':740}}\" \/>\n<\/picture>\n\n\n<h1 id=\"depicter-1-element-5\" class=\"depicter-element depicter-layer depicter-1-element-5\" data-type=\"text\" data-wrap=\"true\" data-name=\"Text 2\" data-local-id=\"element-5\" data-offset=\"x:0px;y:140px;origin:tl\" data-tablet-offset=\"x:156px;y:191px;origin:tl\" data-mobile-offset=\"x:6px;y:84px;origin:tl\" data-width=\"1200px,758px,348px\" data-height=\"auto,auto,auto\" data-responsive-scale=\"true,,\">Programa de Doctorado <br>en Biodiversidad y Conservaci\u00f3n<\/h1>\n\n<div id=\"depicter-1-element-10\" class=\"depicter-element depicter-layer depicter-1-element-10\" data-type=\"shape\" data-wrap=\"true\" data-name=\"Shape 1\" data-local-id=\"element-10\" data-offset=\"x:0px;y:323px;origin:tl\" data-tablet-offset=\"x:156px;y:423px;origin:tl\" data-mobile-offset=\"x:6px;y:289px;origin:tl\" data-width=\"1148px,713px,320px\" data-height=\"8px,8px,8px\" data-responsive-scale=\"true,,\"><\/div>\n<\/div>\n<\/div>\n<script>\n(window.depicterSetups = window.depicterSetups || []).push(function(){\n\tDepicter.basePath = 'https:\/\/www.ull.es\/doctorados\/biodiversidad-conservacion\/wp-content\/plugins\/depicter\/resources\/scripts\/player\/';\n\tconst dpPlayer = Depicter.setup('.depicter-1',\n\t\t{\"width\":[\"1200\",\"1024\",\"360\"],\"height\":[\"450\",\"700\",\"360\"],\"view\":\"basic\",\"keepAspectRatio\":true,\"preload\":0,\"layout\":\"fullwidth\",\"rtl\":false,\"initAfterAppear\":false,\"ajaxApiUrl\":\"https:\\\/\\\/www.ull.es\\\/doctorados\\\/biodiversidad-conservacion\\\/wp-admin\\\/admin-ajax.php\",\"mouseSwipe\":true,\"touchSwipe\":true,\"useWatermark\":false}\n\t);\n});\n<\/script><\/div><\/div><\/div>\n<\/div><\/div>\n\n\n\n<div class=\"wp-block-stackable-columns alignfull stk-block-columns stk--hide-mobile stk-block stk-6394276 stk-block-background\" data-block-id=\"6394276\"><style>.stk-6394276 {background-color:#f33f4e !important;padding-top:10px !important;margin-bottom:0px !important;}.stk-6394276:before{background-color:#f33f4e !important;}<\/style><div class=\"stk-row stk-inner-blocks stk-block-content stk-content-align stk-6394276-column alignfull\">\n<div class=\"wp-block-stackable-column stk-block-column stk-column stk-block stk-8a66885\" data-v=\"4\" data-block-id=\"8a66885\"><div class=\"stk-column-wrapper stk-block-column__content stk-container stk-8a66885-container stk--no-background stk--no-padding\"><div class=\"stk-block-content stk-inner-blocks stk-8a66885-inner-blocks\">\n<div class=\"wp-block-stackable-spacer stk-block-spacer stk--no-padding stk-block stk-bc89b3e\" data-block-id=\"bc89b3e\"><style>.stk-bc89b3e {height:0px !important;}<\/style><\/div>\n<\/div><\/div><\/div>\n<\/div><\/div>\n\n\n\n<div class=\"wp-block-stackable-columns stk-block-columns stk-block stk-8b59b96\" data-block-id=\"8b59b96\"><style>.stk-8b59b96 .stk--block-align-8b59b96{align-items:flex-start !important;}.stk-8b59b96 {margin-top:50px !important;}.stk-8b59b96-column{--stk-columns-spacing:0px !important;--stk-column-gap:50px !important;}<\/style><div class=\"stk-row stk-inner-blocks stk--block-align-8b59b96 stk-block-content stk-content-align stk-8b59b96-column\">\n<div class=\"wp-block-stackable-column stk-block-column stk-column stk-block stk-dbb7e15\" data-v=\"4\" data-block-id=\"dbb7e15\"><style>@media screen and (min-width: 768px){.stk-dbb7e15 {flex:var(--stk-flex-grow, 1) 1 66.7% !important;}}<\/style><div class=\"stk-column-wrapper stk-block-column__content stk-container stk-dbb7e15-container stk--no-background stk--no-padding\"><div class=\"stk-block-content stk-inner-blocks stk-dbb7e15-inner-blocks\">\n<div class=\"wp-block-stackable-heading stk-block-heading stk-block-heading--v2 stk-block stk-cc0239e\" id=\"complementos-de-formacion\" data-block-id=\"cc0239e\"><style>.stk-cc0239e .stk-block-heading__text{color:#000000 !important;font-weight:500 !important;}<\/style><h1 class=\"stk-block-heading__text has-text-color\">Seguimiento del doctorando<\/h1><\/div>\n\n\n\n<p>El programa de doctorado en Biodiversidad y Conservaci\u00f3n sigue las directrices del art\u00edculo 11, Supervisi\u00f3n y seguimiento del doctorando del Real Decreto&nbsp;99\/2011 y del Reglamento de Ense\u00f1anzas Oficiales de Doctorado de la ULL que en sus art\u00edculos 14, 15 y 16 describe la composici\u00f3n de la Comisi\u00f3n&nbsp;Acad\u00e9mica del programa de doctorado y sus funciones, entre las que se cuenta la supervisi\u00f3n y seguimiento del doctorando durante su formaci\u00f3n&nbsp;doctoral. La Comisi\u00f3n Acad\u00e9mica del programa oficial de doctorado estar\u00e1 compuesta por un m\u00e1ximo de siete profesores y\/o investigadores del programa, incluyendo al coordinador&nbsp;acad\u00e9mico, que ejercer\u00e1 como presidente de esta y que cumple los requisitos requeridos tanto&nbsp;en el Real Decreto como en el Reglamento de la ULL.<\/p>\n\n\n\n<p>Asimismo, dicho Reglamento en su art\u00edculo 23, describe los procedimientos previstos por el programa de doctorado para la supervisi\u00f3n y el seguimiento&nbsp;del doctorando durante su formaci\u00f3n doctoral. Adem\u00e1s de la asignaci\u00f3n del tutor, los plazos establecidos para dicha asignaci\u00f3n, as\u00ed como el procedimiento&nbsp;establecido para la modificaci\u00f3n de esta asignaci\u00f3n, seg\u00fan el Art\u00edculo 10 del Reglamento de la ULL, puntos 5, 6 y 7, la Comisi\u00f3n Acad\u00e9mica&nbsp;del programa de doctorado procurar\u00e1 una distribuci\u00f3n adecuada y proporcionada de los estudiantes de doctorado entre las l\u00edneas de investigaci\u00f3n que&nbsp;componen el programa de doctorado y los directores, estableciendo una serie de limitaciones a la hora de evitar la acumulaci\u00f3n de trabajos bajo una&nbsp;misma l\u00ednea y direcci\u00f3n, el excesivo alargamiento en la realizaci\u00f3n de la tesis doctoral por causas ajenas al alumnado, o la falta de publicaciones basadas&nbsp;en los resultados de la tesis.<\/p>\n\n\n\n<p>Respecto al procedimiento utilizado para el control del registro de actividades de cada doctorando y la certificaci\u00f3n de sus datos, el Tutor o el Director o en su caso ambos, recogen esta informaci\u00f3n y la hacen llegar a&nbsp;la Comisi\u00f3n Acad\u00e9mica del programa a trav\u00e9s de la aplicaci\u00f3n RAPI para que sea informada y certificada, ya que seg\u00fan el art\u00edculo 15 del Reglamento de la ULL es dicha comisi\u00f3n la que tiene la&nbsp;funci\u00f3n de evaluar anualmente el Plan de investigaci\u00f3n y el Plan de Formaci\u00f3n (Actividades Formativas) que contiene el documento de actividades de cada estudiante del programa&nbsp;en los plazos establecidos para ello. Asimismo, dicha comisi\u00f3n debe aprobar la previsi\u00f3n de estancias de los doctorandos en otros centros, nacionales&nbsp;e internacionales, co-tutelas y menciones internacionales, seg\u00fan el Procedimiento para solicitar la Menci\u00f3n Internacional en una tesis doctoral de la&nbsp;ULL.<\/p>\n<\/div><\/div><\/div>\n\n\n\n<div class=\"wp-block-stackable-column stk-block-column stk-column stk-block stk-53ec762\" data-v=\"4\" data-block-id=\"53ec762\"><style>.stk-53ec762-inner-blocks{row-gap:0px !important;}.stk-53ec762 {padding-top:0px !important;padding-right:0px !important;padding-bottom:0px !important;padding-left:0px !important;}@media screen and (min-width: 768px){.stk-53ec762 {flex:var(--stk-flex-grow, 1) 1 33.3% !important;}}<\/style><div class=\"stk-column-wrapper stk-block-column__content stk-container stk-53ec762-container stk--no-background stk--no-padding\"><div class=\"stk-block-content stk-inner-blocks stk-53ec762-inner-blocks\">\n\n<ul class=\"widget-box\">\n<li class='contacto-header'>Informaci\u00f3n de contacto<\/li><li><i class=\"fa fa-map-marker\"><\/i> Avda. Astrof\u00edsico Francisco S\u00e1nchez, SN. Edificio Calabaza \u2013 AN.2D Apdo. 456 38200 San Crist\u00f3bal de La Laguna<\/li><li><i class=\"fa fa-envelope\"><\/i>  <a href=mailto:doctorado.biodiversidadconservacion@ull.es>doctorado.biodiversidadconservacion@ull.es<\/a><\/li><li><i class=\"fa fa-calendar\"><\/i><a href=\"http:\/\/citaprevia.ull.es\/index.php?s=edpo\"> Cita previa<\/a><\/li>\n<\/ul>\n\n\n<\/div><\/div><\/div>\n<\/div><\/div>\n","protected":false},"excerpt":{"rendered":"<p>Doctoral Student Monitoring The doctoral program in Biodiversity and Conservation follows the guidelines of Article 11, Supervision and Monitoring of Doctoral Students, of Royal Decree 99\/2011 and the Regulations for Official Doctoral Studies at the ULL, which in its Articles 14, 15, and 16 describe the composition of the Academic Committee of the doctoral program and\u2026<\/p>","protected":false},"author":1,"featured_media":0,"parent":27,"menu_order":0,"comment_status":"closed","ping_status":"closed","template":"templates\/template-frontpage.php","meta":{"_acf_changed":false,"footnotes":""},"class_list":["post-72","page","type-page","status-publish","hentry"],"acf":[],"publishpress_future_action":{"enabled":false,"date":"2026-04-15 05:43:07","action":"change-status","newStatus":"draft","terms":[],"taxonomy":"","extraData":[]},"publishpress_future_workflow_manual_trigger":{"enabledWorkflows":[]},"_links":{"self":[{"href":"https:\/\/www.ull.es\/doctorados\/biodiversidad-conservacion\/en\/wp-json\/wp\/v2\/pages\/72","targetHints":{"allow":["GET"]}}],"collection":[{"href":"https:\/\/www.ull.es\/doctorados\/biodiversidad-conservacion\/en\/wp-json\/wp\/v2\/pages"}],"about":[{"href":"https:\/\/www.ull.es\/doctorados\/biodiversidad-conservacion\/en\/wp-json\/wp\/v2\/types\/page"}],"author":[{"embeddable":true,"href":"https:\/\/www.ull.es\/doctorados\/biodiversidad-conservacion\/en\/wp-json\/wp\/v2\/users\/1"}],"replies":[{"embeddable":true,"href":"https:\/\/www.ull.es\/doctorados\/biodiversidad-conservacion\/en\/wp-json\/wp\/v2\/comments?post=72"}],"version-history":[{"count":9,"href":"https:\/\/www.ull.es\/doctorados\/biodiversidad-conservacion\/en\/wp-json\/wp\/v2\/pages\/72\/revisions"}],"predecessor-version":[{"id":373,"href":"https:\/\/www.ull.es\/doctorados\/biodiversidad-conservacion\/en\/wp-json\/wp\/v2\/pages\/72\/revisions\/373"}],"up":[{"embeddable":true,"href":"https:\/\/www.ull.es\/doctorados\/biodiversidad-conservacion\/en\/wp-json\/wp\/v2\/pages\/27"}],"wp:attachment":[{"href":"https:\/\/www.ull.es\/doctorados\/biodiversidad-conservacion\/en\/wp-json\/wp\/v2\/media?parent=72"}],"curies":[{"name":"wp","href":"https:\/\/api.w.org\/{rel}","templated":true}]}}