{"id":21,"date":"2018-02-22T11:07:35","date_gmt":"2018-02-22T11:07:35","guid":{"rendered":"http:\/\/localhost\/ull\/doctorados\/?page_id=21"},"modified":"2021-12-16T11:33:46","modified_gmt":"2021-12-16T11:33:46","slug":"entidades-participantes","status":"publish","type":"page","link":"https:\/\/www.ull.es\/doctorados\/biodiversidad-conservacion\/fr\/entidades-participantes\/","title":{"rendered":"Entit\u00e9s participantes"},"content":{"rendered":"<p>[vc_row][vc_column][vc_column_text]<\/p>\n<h1>Entidades participantes<\/h1>\n<p>Durante las \u00faltimas d\u00e9cadas, los grupos de investigaci\u00f3n que conforman el programa han mantenido estrechas colaboraciones con centros nacionales e internacionales en el \u00e1mbito de la Biodiversidad y Conservaci\u00f3n, que han repercutido directa y positivamente en los estudios de posgrado, especialmente en los m\u00e1steres actualmente vigentes impartidos en la Secci\u00f3n de Biolog\u00eda, Facultad de Ciencias, de la ULL: <em>Biodiversidad Terrestre y Conservaci\u00f3n en Islas<\/em> y <em>Biolog\u00eda Marina: Biodiversidad y Conservaci\u00f3n<\/em>. La posici\u00f3n estrat\u00e9gica de Canarias como puente entre continentes, as\u00ed como la interacci\u00f3n y colaboraci\u00f3n de los profesores\/investigadores del programa con centros de investigaci\u00f3n externos ha favorecido estos lazos profesionales, lo que se refleja en el inter\u00e9s del programa en alumnos procedentes de otras universidades espa\u00f1olas y extranjeras, principalmente europeas y americanas, y en el aumento del n\u00famero de estancias internacionales de los doctorandos as\u00ed como en el n\u00famero de tesis con Menci\u00f3n Internacional defendidas en los \u00faltimos a\u00f1os.<\/p>\n<p>Adem\u00e1s, la participaci\u00f3n de profesores externos nacionales y extranjeros invitados para la impartici\u00f3n de seminarios y talleres o para la colaboraci\u00f3n en proyectos de investigaci\u00f3n se ha incrementado. Estas colaboraciones est\u00e1n relacionadas directamente con las l\u00edneas y equipos de investigaci\u00f3n del doctorado propiciando la movilidad de doctorandos e investigadores.<\/p>\n<p>Actualmente, el Doctorado en Biodiversidad y Conservaci\u00f3n tiene convenios vigentes de colaboraci\u00f3n cient\u00edfico-t\u00e9cnica y de estudios de posgrado y doctorado en los campos de investigaci\u00f3n del programa, con el Instituto de Productos Naturales y Agrobiolog\u00eda (IPNA \u2013 CSIC), con el Instituto Canario de Investigaciones Agrarias (ICIA), as\u00ed como con el Instituto Espa\u00f1ol de Oceanograf\u00eda (IEO). Adem\u00e1s de estas colaboraciones conveniadas, los grupos de investigaci\u00f3n participantes en el programa mantienen colaboraciones activas no conveniadas con otros centros nacionales e internacionales de referencia. Algunas de estas colaboraciones son:<\/p>\n<p>CENTROS P\u00daBLICOS<\/p>\n<p>EXTRANJEROS:<\/p>\n<p>Universidad de Uppsala (Suecia). Investigaci\u00f3n.<\/p>\n<p>University of Gothenburg. The Sven Lov\u00e9n Center for Marine Science (Suecia). Proyecto.<\/p>\n<p>University of Saint Andrews (Escocia). Investigaci\u00f3n.<\/p>\n<p>University of Oxford (Reino Unido). Investigaci\u00f3n.<\/p>\n<p>University of Stirling (Reino Unido). Investigaci\u00f3n.<\/p>\n<p>University of Swansea (Reino Unido). Investigaci\u00f3n y docencia en grado y posgrado. Movilidad de alumnos de doctorado dentro y fuera del programa Erasmus.<\/p>\n<p>Universidad de Aberystwyth (Gales, Reino Unido). Investigaci\u00f3n y docencia en Grado y posggrado. Movilidad de alumnos de doctorado dentro y fuera del programa Erasmus.<\/p>\n<p>Universit\u00e9 de Toulouse (Francia). Proyecto europeo.<\/p>\n<p>Universit\u00e9 de La R\u00e9union (Francia). Proyecto europeo.<\/p>\n<p>Universidad de Aarhus (Dinamarca). Proyectos.<\/p>\n<p>Universitdad de Amsterdam (Pa\u00edses Bajos). Investigaci\u00f3n.<\/p>\n<p>Leiden University (Pa\u00edses Bajos). Investigaci\u00f3n.<\/p>\n<p>Ghent University-Research Group Phycology (B\u00e9lgica). Investigaci\u00f3n.<\/p>\n<p>Universit\u00e9 de Li\u00e8ge (B\u00e9lgica). Investigaci\u00f3n y docencia de posgrado y doctorado.<\/p>\n<p>Universidade dos A\u00e7ores (Portugal). Proyecto europeo.<\/p>\n<p>Universidade de Aveiro (Portugal). Proyecto.<\/p>\n<p>Universidad de Algarve (Portugal). Investigaci\u00f3n.<\/p>\n<p>Universidade de Coimbra (Portugal). Proyectos.<\/p>\n<p>Universidade de Lisboa (Portugal). Investigaci\u00f3n.<\/p>\n<p>Swiss Federal Institute of Technology in Zurich (ETHZ) (Suiza). Investigaci\u00f3n.<\/p>\n<p>Universidad de Viena: University of Natural Resources and Life Sciences (BOKU, Austria). Investigaci\u00f3n.<\/p>\n<p>Universidad T\u00e9cnica de M\u00fanich (Alemania). Investigaci\u00f3n.<\/p>\n<p>Universidad de Bayreuth (Alemania). Investigaci\u00f3n.<\/p>\n<p>Universidad de Marburg (Alemania). Investigaci\u00f3n.<\/p>\n<p>Universidad de Siena (Italia). Investigaci\u00f3n.<\/p>\n<p>Universidad de Mendel (Brno, Rep\u00fablica Checa). Investigaci\u00f3n.<\/p>\n<p>Clemson University, South Carolina (USA). Investigaci\u00f3n.<\/p>\n<p>University of Alabama (USA), Department Biological Sciences. Investigaci\u00f3n.<\/p>\n<p>University of California, Davis (USA). Investigaci\u00f3n.<\/p>\n<p>Universidad De El Bosque, Instituto de Gen\u00e9tica Bacteriana (Colombia). Investigaci\u00f3n.<\/p>\n<p>Universidad de Chile. Investigaci\u00f3n.<\/p>\n<p>University of Cape Town, Department of Biological Sciences &amp; Department of Botany (South Africa). Proyecto.<\/p>\n<p>Swedish Museum of Natural History. Department of Cryptogamic Botany (Suecia). Investigaci\u00f3n.<\/p>\n<p>Netherlands Centre for Biodiversity Naturalis, section NHN (Pa\u00edses Bajos). Investigaci\u00f3n.<\/p>\n<p>Natuurmuseum Nijmegen (Pa\u00edses Bajos). Proyecto.<\/p>\n<p>BFW Federal Research and Training Center for Forest, natural hazard and landscape (Innsbruck, Austria). Investigaci\u00f3n.<\/p>\n<p>Hellenic Center for Marine Researc HCMR (Grecia). Investigaci\u00f3n.<\/p>\n<p>Smithsonian Tropical Research Institute (Panam\u00e1). Investigaci\u00f3n.<\/p>\n<p>Fundaci\u00f3n Charles Darwin (AISBL, B\u00e9lgica). Proyecto.<\/p>\n<p>ESPA\u00d1OLES:<\/p>\n<p>Universidad da Coru\u00f1a, Departamento de Biolog\u00eda Animal, Biolog\u00eda Vegetal y Ecolog\u00eda. Investigaci\u00f3n.<\/p>\n<p>Universidad del Pa\u00eds Vasco. Investigaci\u00f3n.<\/p>\n<p>Universitat de Girona Departamento de Ciencias Ambientales. Investigaci\u00f3n.<\/p>\n<p>Universitat Aut\u00f3noma de Barcelona. Departamento de Biologia Animal, Biologia Vegetal i Ecologia. Investigaci\u00f3n.<\/p>\n<p>Universitat de Barcelona. Proyecto.<\/p>\n<p>Universitat de les Illes Balears. Proyecto.<\/p>\n<p>Universidad de Valencia. Proyectos.<\/p>\n<p>Universidad de Murcia. Departamento de Biolog\u00eda Vegetal. Investigaci\u00f3n.<\/p>\n<p>Universidad de Salamanca. Departamento de Microbiolog\u00eda y Gen\u00e9tica, Proyecto.<\/p>\n<p>Universidad Aut\u00f3noma de Madrid. Departamento de Biolog\u00eda. Investigaci\u00f3n.<\/p>\n<p>Universidad de M\u00e1laga. Departamento de Biolog\u00eda Vegetal. Investigaci\u00f3n.<\/p>\n<p>Universidad Pablo Olavide (Sevilla). Investigaci\u00f3n y docencia de posgrado y doctorado.<\/p>\n<p>Universidad de Granada. Proyecto.<\/p>\n<p>Universidad de Las Palmas de Gran Canaria. Investigaci\u00f3n y docencia de posgrado y doctorado.<\/p>\n<p>Institut d&#8217;Estudis Avancats de Blanes, CEAB-CSIC (Girona). Departamento de Ecolog\u00eda Marina. Investigaci\u00f3n.<\/p>\n<p>Instituto de Ciencias del Mar, CSIC (Barcelona). Investigaci\u00f3n.<\/p>\n<p>Centro de Investigaciones sobre Desertificaci\u00f3n CIDE (Valencia). Investigaci\u00f3n.<\/p>\n<p>Estaci\u00f3n Experimental del Zaid\u00edn, CSIC (Granada). Departamento de Microbiolog\u00eda del suelo y Sistemas simbi\u00f3ticos.<\/p>\n<p>Investigaci\u00f3n.<\/p>\n<p>Instituto de Recursos Naturales y Agrobiolog\u00eda de Sevilla. CSIC, IRNAS (Sevilla). Investigaci\u00f3n.<\/p>\n<p>Real Jard\u00edn Bot\u00e1nico de Madrid. CSIC. Investigaci\u00f3n.<\/p>\n<p>Instituto de Acuicultura de Torre La Sal del CSIC. Proyecto.<\/p>\n<p>Instituto de Investigaci\u00f3n y Tecnolog\u00eda Agroalimentaria (Generalitat de Catalu\u00f1a). Proyecto.<\/p>\n<p>CIFPA Agua del Pino. Junta de Andaluc\u00eda. Proyecto.<\/p>\n<p>ICIA Grupo de Suelos y Riegos. Investigaci\u00f3n y docencia de posgrado y doctorado.<\/p>\n<p>Instituto Tecnol\u00f3gico de Canarias. Investigaci\u00f3n.<\/p>\n<p>Parque Nacional de la Caldera de Taburiente. Proyecto.<\/p>\n<p>Parque Nacional de Garajonay. Investigaci\u00f3n.<\/p>\n<p>Jard\u00edn Bot\u00e1nico Canario Viera y Clavijo-Cabildo Gran Canaria. Proyecto europeo.<\/p>\n<p>Consejo Insular de Aguas de Tenerife. Investigaci\u00f3n.<\/p>\n<p>Cabildos Insulares. Investigaci\u00f3n y Asesoramiento en investigaci\u00f3n.<\/p>\n<p>CENTROS PRIVADOS<\/p>\n<p>College of the Holy Cross (Worcester, Massachussets, USA). Universidad privada. Investigaci\u00f3n.<\/p>\n<p>CIMA, S.L. Centro de Investigaciones Medioambientales del Atl\u00e1ntico. Investigaci\u00f3n y transferencia de conocimientos y asesoramiento cient\u00edfico en ecosistemas marinos.<\/p>\n<p>TAXON. Investigaci\u00f3n, transferencia de conocimientos y asesoramiento cient\u00edfico.<\/p>\n<p>EMS Environmental measuring systems (Brno, Rep\u00fablica Checa). Empresa de Transferencia Tecnol\u00f3gica.<\/p>\n<p>DISA RENOVABLES, S.L. Investigaci\u00f3n y Asesoramiento.[\/vc_column_text][\/vc_column][\/vc_row]<\/p>\n","protected":false},"excerpt":{"rendered":"<p>[vc_row][vc_column][vc_column_text] Entidades participantes Durante las \u00faltimas d\u00e9cadas, los grupos de investigaci\u00f3n que conforman el programa han mantenido estrechas colaboraciones con centros nacionales e internacionales en el \u00e1mbito de la Biodiversidad y Conservaci\u00f3n, que han repercutido directa y positivamente en los estudios de posgrado, especialmente en los m\u00e1steres actualmente vigentes impartidos en la Secci\u00f3n de Biolog\u00eda,&#8230;<\/p>\n","protected":false},"author":1,"featured_media":0,"parent":0,"menu_order":0,"comment_status":"closed","ping_status":"closed","template":"","meta":{"_acf_changed":false,"footnotes":""},"class_list":["post-21","page","type-page","status-publish","hentry"],"acf":[],"publishpress_future_action":{"enabled":false,"date":"2026-04-15 05:43:22","action":"change-status","newStatus":"draft","terms":[],"taxonomy":"","extraData":[]},"publishpress_future_workflow_manual_trigger":{"enabledWorkflows":[]},"_links":{"self":[{"href":"https:\/\/www.ull.es\/doctorados\/biodiversidad-conservacion\/fr\/wp-json\/wp\/v2\/pages\/21","targetHints":{"allow":["GET"]}}],"collection":[{"href":"https:\/\/www.ull.es\/doctorados\/biodiversidad-conservacion\/fr\/wp-json\/wp\/v2\/pages"}],"about":[{"href":"https:\/\/www.ull.es\/doctorados\/biodiversidad-conservacion\/fr\/wp-json\/wp\/v2\/types\/page"}],"author":[{"embeddable":true,"href":"https:\/\/www.ull.es\/doctorados\/biodiversidad-conservacion\/fr\/wp-json\/wp\/v2\/users\/1"}],"replies":[{"embeddable":true,"href":"https:\/\/www.ull.es\/doctorados\/biodiversidad-conservacion\/fr\/wp-json\/wp\/v2\/comments?post=21"}],"version-history":[{"count":3,"href":"https:\/\/www.ull.es\/doctorados\/biodiversidad-conservacion\/fr\/wp-json\/wp\/v2\/pages\/21\/revisions"}],"predecessor-version":[{"id":228,"href":"https:\/\/www.ull.es\/doctorados\/biodiversidad-conservacion\/fr\/wp-json\/wp\/v2\/pages\/21\/revisions\/228"}],"wp:attachment":[{"href":"https:\/\/www.ull.es\/doctorados\/biodiversidad-conservacion\/fr\/wp-json\/wp\/v2\/media?parent=21"}],"curies":[{"name":"wp","href":"https:\/\/api.w.org\/{rel}","templated":true}]}}