{"id":23,"date":"2018-02-22T11:09:29","date_gmt":"2018-02-22T11:09:29","guid":{"rendered":"http:\/\/localhost\/ull\/doctorados\/?page_id=23"},"modified":"2021-12-16T11:34:12","modified_gmt":"2021-12-16T11:34:12","slug":"justificacion-del-titulo","status":"publish","type":"page","link":"https:\/\/www.ull.es\/doctorados\/biodiversidad-conservacion\/fr\/justificacion-del-titulo\/","title":{"rendered":"Justification du titre"},"content":{"rendered":"<p>[vc_row][vc_column][vc_column_text]<\/p>\n<h1>Justificaci\u00f3n del t\u00edtulo<\/h1>\n<p>El Programa de Doctorado en Biodiversidad y Conservaci\u00f3n que presentamos es el resultado de la necesidad de especializaci\u00f3n en esta materia en un \u00e1mbito geogr\u00e1fico como las islas Canarias. Este programa deriva en parte de programas de doctorado precedentes, con objetivos mucho m\u00e1s amplios y diversos, como los extintos Doctorado en Ciencias de la Vida y del Medio Ambiente (RD 778\/1998, de 30 de abril) y Doctorado en Biolog\u00eda (RD 1393\/2007, de 29 de octubre), demandados tambi\u00e9n por estudiantes actualmente m\u00e1s afines a otros programas.<\/p>\n<p>Las titulaciones que principalmente nutren el programa de doctorado son los M\u00e1steres actualmente vigentes en <em>Biodiversidad\u00a0Terrestre y Conservaci\u00f3n en Islas<\/em> y <em>Biolog\u00eda Marina: Biodiversidad y Conservaci\u00f3n<\/em>, adscritos a la Secci\u00f3n\u00a0de Biolog\u00eda, Facultad de Ciencias, de la ULL. No obstante, el perfil de acceso es m\u00e1s amplio teniendo en cuenta que\u00a0las disciplinas impartidas en otros m\u00e1steres de la ULL o externos, nacionales o extranjero, engloban t\u00f3picos\u00a0de las l\u00edneas de investigaci\u00f3n que conforman este programa. Son de resaltar las continuas solicitudes\u00a0recibidas por potenciales doctorandos, egresados de diferentes titulaciones adscritas a otras universidades espa\u00f1olas\u00a0o de pa\u00edses europeos o americanos, demandando informaci\u00f3n acerca del programa.<\/p>\n<p>El Doctorado en Biodiversidad y Conservaci\u00f3n est\u00e1 apoyado en l\u00edneas y equipos de investigaci\u00f3n consolidados, tanto\u00a0en el \u00e1mbito terrestre como marino. Constituye una propuesta formativa de calidad, de \u00e1mbito interdepartamental e interfacultativo. El programa ofrece una amplia cobertura de formaci\u00f3n doctoral en\u00a0las diferentes ramas de la Biolog\u00eda y del Medio Ambiente. Pretende contribuir al fomento de la empleabilidad de personal altamente\u00a0cualificado en un \u00e1rea de inter\u00e9s social, a trav\u00e9s del desarrollo profesional de investigadores postdoctorales en\u00a0las \u00e1reas de Biodiversidad y Conservaci\u00f3n, de formaci\u00f3n de personal docente-investigador universitario, y de formaci\u00f3n\u00a0de investigadores dirigidos a las administraciones en temas relacionados con la conservaci\u00f3n y gesti\u00f3n.<\/p>\n<p>El estudio de la Biodiversidad y Conservaci\u00f3n ha sido un \u00e1rea estrat\u00e9gica de la ULL. En los temas\u00a0relacionados con los ecosistemas marinos, ha formado parte del Campus de Excelencia Internacional\u00a0(Campus Atl\u00e1ntico Intercontinental) concedido\u00a0por el MINECO en 2010, incluyendo proyectos de mejora docente y cient\u00edfica y de adaptaci\u00f3n al\u00a0EEES. Adem\u00e1s de los recursos propios de la ULL,\u00a0este programa cuenta para su desarrollo con recursos de los otros centros participantes o de aquellos que colaboran\u00a0asiduamente con los investigadores de este programa.<\/p>\n<p>Las investigaciones en temas de conservaci\u00f3n y gesti\u00f3n de la biodiversidad significan actualmente una cuesti\u00f3n de\u00a0supervivencia, especialmente en un territorio como Canarias donde la presi\u00f3n demogr\u00e1fica es muy elevada. Los ambientes\u00a0insulares, y en especial los de islas oce\u00e1nicas, presentan unas caracter\u00edsticas peculiares (aislamiento, comunidades\u00a0ecol\u00f3gicas sencillas, elevado n\u00famero de endemismos, escasez o ausencia de depredadores, etc.) que los hacen m\u00e1s susceptibles a los diversos factores de amenaza.<\/p>\n<p>La biodiversidad tanto terrestre como marina de Canarias es de extraordinario inter\u00e9s a nivel nacional e internacional.\u00a0Las islas Canarias, junto a Madeira y al resto de los archipi\u00e9lagos de Macaronesia, constituyen un punto caliente\u00a0de inter\u00e9s para investigadores de muchos pa\u00edses, y especialmente europeos. Sobre todo, en las \u00faltimas d\u00e9cadas, el volumen\u00a0de trabajos de investigaci\u00f3n referidos a estas islas se ha triplicado con colaboraci\u00f3n de especialistas de todo el\u00a0mundo. La conservaci\u00f3n del medio\u00a0terrestre y marino necesita un abordaje integral que requiere tanto de las disciplinas cl\u00e1sicas como de enfoques\u00a0moleculares y paleobiol\u00f3gicos que ayuden a catalogar los diferentes seres vivos y sus relaciones, y conocer su distribuci\u00f3n espacial y temporal. Adem\u00e1s, los seres vivos ofrecen numerosos servicios ecosist\u00e9micos y tambi\u00e9n son fuentes de riqueza a\u00fan por explorar.<\/p>\n<p>Actualmente, desde los organismos p\u00fablicos y privados, se demanda la existencia de t\u00e9cnicos muy cualificados tanto\u00a0en lo que ata\u00f1e al conocimiento del medio natural como a su conservaci\u00f3n: evaluaci\u00f3n, seguimiento y recuperaci\u00f3n\u00a0de especies amenazadas, restauraci\u00f3n de espacios naturales degradados, evaluaci\u00f3n de impacto ambiental, erradicaci\u00f3n\u00a0de especies ex\u00f3ticas, planificaci\u00f3n de uso p\u00fablico en espacios protegidos, seguimiento ecol\u00f3gico de ecosistemas\u00a0protegidos, entre otros. La relaci\u00f3n de evidencias descritas respalda la necesidad y justificaci\u00f3n de este programa de doctorado.[\/vc_column_text][\/vc_column][\/vc_row]<\/p>\n","protected":false},"excerpt":{"rendered":"<p>[vc_row][vc_column][vc_column_text] Justificaci\u00f3n del t\u00edtulo El Programa de Doctorado en Biodiversidad y Conservaci\u00f3n que presentamos es el resultado de la necesidad de especializaci\u00f3n en esta materia en un \u00e1mbito geogr\u00e1fico como las islas Canarias. Este programa deriva en parte de programas de doctorado precedentes, con objetivos mucho m\u00e1s amplios y diversos, como los extintos Doctorado en&#8230;<\/p>\n","protected":false},"author":1,"featured_media":0,"parent":0,"menu_order":0,"comment_status":"closed","ping_status":"closed","template":"","meta":{"_acf_changed":false,"footnotes":""},"class_list":["post-23","page","type-page","status-publish","hentry"],"acf":[],"publishpress_future_action":{"enabled":false,"date":"2026-04-15 05:43:19","action":"change-status","newStatus":"draft","terms":[],"taxonomy":"","extraData":[]},"publishpress_future_workflow_manual_trigger":{"enabledWorkflows":[]},"_links":{"self":[{"href":"https:\/\/www.ull.es\/doctorados\/biodiversidad-conservacion\/fr\/wp-json\/wp\/v2\/pages\/23","targetHints":{"allow":["GET"]}}],"collection":[{"href":"https:\/\/www.ull.es\/doctorados\/biodiversidad-conservacion\/fr\/wp-json\/wp\/v2\/pages"}],"about":[{"href":"https:\/\/www.ull.es\/doctorados\/biodiversidad-conservacion\/fr\/wp-json\/wp\/v2\/types\/page"}],"author":[{"embeddable":true,"href":"https:\/\/www.ull.es\/doctorados\/biodiversidad-conservacion\/fr\/wp-json\/wp\/v2\/users\/1"}],"replies":[{"embeddable":true,"href":"https:\/\/www.ull.es\/doctorados\/biodiversidad-conservacion\/fr\/wp-json\/wp\/v2\/comments?post=23"}],"version-history":[{"count":4,"href":"https:\/\/www.ull.es\/doctorados\/biodiversidad-conservacion\/fr\/wp-json\/wp\/v2\/pages\/23\/revisions"}],"predecessor-version":[{"id":229,"href":"https:\/\/www.ull.es\/doctorados\/biodiversidad-conservacion\/fr\/wp-json\/wp\/v2\/pages\/23\/revisions\/229"}],"wp:attachment":[{"href":"https:\/\/www.ull.es\/doctorados\/biodiversidad-conservacion\/fr\/wp-json\/wp\/v2\/media?parent=23"}],"curies":[{"name":"wp","href":"https:\/\/api.w.org\/{rel}","templated":true}]}}