{"id":82,"date":"2018-02-22T14:14:43","date_gmt":"2018-02-22T14:14:43","guid":{"rendered":"http:\/\/www.ull.es\/doctorados\/biodiversidad-conservacion\/?page_id=82"},"modified":"2025-08-20T09:58:40","modified_gmt":"2025-08-20T09:58:40","slug":"movilidad","status":"publish","type":"page","link":"https:\/\/www.ull.es\/doctorados\/biodiversidad-conservacion\/informacion-academica\/movilidad\/","title":{"rendered":"Movilidad"},"content":{"rendered":"\n<div class=\"wp-block-stackable-columns alignfull stk-block-columns stk-block stk-2314a6b\" data-block-id=\"2314a6b\"><style>.stk-2314a6b {padding-bottom:0px !important;margin-top:-100px !important;margin-bottom:0px !important;}<\/style><div class=\"stk-row stk-inner-blocks stk-block-content stk-content-align stk-2314a6b-column alignfull\">\n<div class=\"wp-block-stackable-column stk-block-column stk-column stk-block stk-1d1764d\" data-v=\"4\" data-block-id=\"1d1764d\"><div class=\"stk-column-wrapper stk-block-column__content stk-container stk-1d1764d-container stk--no-background stk--no-padding\"><div class=\"stk-block-content stk-inner-blocks stk-1d1764d-inner-blocks\"><style id=\"depicter-1-inline-pre-css\">\n\n.depicter-1:not(.depicter-ready){\n\theight:450px;\n}\n\n\/***** Tablet *****\/\n@media screen and (max-width: 1024px){\n\n.depicter-1:not(.depicter-ready){\n\theight:700px;\n}\n\n}\n\/***** Mobile *****\/\n@media screen and (max-width: 767px){\n\n.depicter-1:not(.depicter-ready){\n\theight:360px;\n}\n\n}\n<\/style>\n<div id=\"depicter-1\" class=\"depicter depicter-document depicter-revert depicter-1 depicter-layout-fullwidth\">\n\n<div class=\"depicter-loading-container depicter-loading dotFlashing-dark\"><div class=\"depicter-loading-dark depicter-dot-flashing\">\n   <span><\/span>\n   <span><\/span>\n   <span><\/span>\n<\/div>\n<\/div>\n<div id=\"depicter-1-section-1\" class=\"depicter-section depicter-1-section-1\" data-name=\"Section 1\" data-type=\"section\" data-local-id=\"section-1\">\n<picture class=\"depicter-bg\">\n<source data-depicter-srcset=\"https:\/\/www.ull.es\/doctorados\/biodiversidad-conservacion\/wp-content\/uploads\/sites\/10\/2025\/05\/Headers-Doctorados_Doctorado-Biodiversidad-768x248.jpg, https:\/\/www.ull.es\/doctorados\/biodiversidad-conservacion\/wp-content\/uploads\/sites\/10\/2025\/05\/Headers-Doctorados_Doctorado-Biodiversidad.jpg 2x\" srcset=\"data:image\/gif;base64,R0lGODlhAQABAIAAAAAAAP\/\/\/yH5BAEAAAAALAAAAAABAAEAAAIBRAA7\" media=\"(max-width: 1024px)\" \/>\n\n<source data-depicter-srcset=\"https:\/\/www.ull.es\/doctorados\/biodiversidad-conservacion\/wp-content\/uploads\/sites\/10\/2025\/05\/Headers-Doctorados_Doctorado-Biodiversidad.jpg, https:\/\/www.ull.es\/doctorados\/biodiversidad-conservacion\/wp-content\/uploads\/sites\/10\/2025\/05\/Headers-Doctorados_Doctorado-Biodiversidad-2000x645.jpg 2x\" srcset=\"data:image\/gif;base64,R0lGODlhAQABAIAAAAAAAP\/\/\/yH5BAEAAAAALAAAAAABAAEAAAIBRAA7\" media=\"(min-width: 1025px)\" \/>\n<img decoding=\"async\" src=\"data:image\/gif;base64,R0lGODlhAQABAIAAAAAAAP\/\/\/yH5BAEAAAAALAAAAAABAAEAAAIBRAA7\" data-ken-burns=\"false\" data-tablet-ken-burns=\"false\" data-mobile-ken-burns=\"false\" alt=\"\" data-depicter-src=\"https:\/\/www.ull.es\/doctorados\/biodiversidad-conservacion\/wp-content\/uploads\/sites\/10\/2025\/05\/Headers-Doctorados_Doctorado-Biodiversidad.jpg\" data-object-fit=\"custom,custom,\" data-object-position=\"center top,,\" data-crop=\"{'focalPoint':{'x':0.5,'y':0.5},'mediaSize':{'width':1395.3488372093024736386723816394805908203125,'height':450}}\" data-tablet-crop=\"{'focalPoint':{'x':0.5,'y':0.5},'mediaSize':{'width':2170.54263565891460530110634863376617431640625,'height':700}}\" data-mobile-crop=\"{'focalPoint':{'x':0.5,'y':0.5},'mediaSize':{'width':2294.57364341085258274688385426998138427734375,'height':740}}\" \/>\n<\/picture>\n\n\n<h1 id=\"depicter-1-element-5\" class=\"depicter-element depicter-layer depicter-1-element-5\" data-type=\"text\" data-wrap=\"true\" data-name=\"Text 2\" data-local-id=\"element-5\" data-offset=\"x:0px;y:140px;origin:tl\" data-tablet-offset=\"x:156px;y:191px;origin:tl\" data-mobile-offset=\"x:6px;y:84px;origin:tl\" data-width=\"1200px,758px,348px\" data-height=\"auto,auto,auto\" data-responsive-scale=\"true,,\">Programa de Doctorado <br>en Biodiversidad y Conservaci\u00f3n<\/h1>\n\n<div id=\"depicter-1-element-10\" class=\"depicter-element depicter-layer depicter-1-element-10\" data-type=\"shape\" data-wrap=\"true\" data-name=\"Shape 1\" data-local-id=\"element-10\" data-offset=\"x:0px;y:323px;origin:tl\" data-tablet-offset=\"x:156px;y:423px;origin:tl\" data-mobile-offset=\"x:6px;y:289px;origin:tl\" data-width=\"1148px,713px,320px\" data-height=\"8px,8px,8px\" data-responsive-scale=\"true,,\"><\/div>\n<\/div>\n<\/div>\n<script>\n(window.depicterSetups = window.depicterSetups || []).push(function(){\n\tDepicter.basePath = 'https:\/\/www.ull.es\/doctorados\/biodiversidad-conservacion\/wp-content\/plugins\/depicter\/resources\/scripts\/player\/';\n\tconst dpPlayer = Depicter.setup('.depicter-1',\n\t\t{\"width\":[\"1200\",\"1024\",\"360\"],\"height\":[\"450\",\"700\",\"360\"],\"view\":\"basic\",\"keepAspectRatio\":true,\"preload\":0,\"layout\":\"fullwidth\",\"rtl\":false,\"initAfterAppear\":false,\"ajaxApiUrl\":\"https:\\\/\\\/www.ull.es\\\/doctorados\\\/biodiversidad-conservacion\\\/wp-admin\\\/admin-ajax.php\",\"mouseSwipe\":true,\"touchSwipe\":true,\"useWatermark\":false}\n\t);\n});\n<\/script><\/div><\/div><\/div>\n<\/div><\/div>\n\n\n\n<div class=\"wp-block-stackable-columns alignfull stk-block-columns stk--hide-mobile stk-block stk-6394276 stk-block-background\" data-block-id=\"6394276\"><style>.stk-6394276 {background-color:#f33f4e !important;padding-top:10px !important;margin-bottom:0px !important;}.stk-6394276:before{background-color:#f33f4e !important;}<\/style><div class=\"stk-row stk-inner-blocks stk-block-content stk-content-align stk-6394276-column alignfull\">\n<div class=\"wp-block-stackable-column stk-block-column stk-column stk-block stk-8a66885\" data-v=\"4\" data-block-id=\"8a66885\"><div class=\"stk-column-wrapper stk-block-column__content stk-container stk-8a66885-container stk--no-background stk--no-padding\"><div class=\"stk-block-content stk-inner-blocks stk-8a66885-inner-blocks\">\n<div class=\"wp-block-stackable-spacer stk-block-spacer stk--no-padding stk-block stk-bc89b3e\" data-block-id=\"bc89b3e\"><style>.stk-bc89b3e {height:0px !important;}<\/style><\/div>\n<\/div><\/div><\/div>\n<\/div><\/div>\n\n\n\n<div class=\"wp-block-stackable-columns stk-block-columns stk-block stk-8b59b96\" data-block-id=\"8b59b96\"><style>.stk-8b59b96 .stk--block-align-8b59b96{align-items:flex-start !important;}.stk-8b59b96 {margin-top:50px !important;}.stk-8b59b96-column{--stk-columns-spacing:0px !important;--stk-column-gap:50px !important;}<\/style><div class=\"stk-row stk-inner-blocks stk--block-align-8b59b96 stk-block-content stk-content-align stk-8b59b96-column\">\n<div class=\"wp-block-stackable-column stk-block-column stk-column stk-block stk-dbb7e15\" data-v=\"4\" data-block-id=\"dbb7e15\"><style>@media screen and (min-width: 768px){.stk-dbb7e15 {flex:var(--stk-flex-grow, 1) 1 66.7% !important;}}<\/style><div class=\"stk-column-wrapper stk-block-column__content stk-container stk-dbb7e15-container stk--no-background stk--no-padding\"><div class=\"stk-block-content stk-inner-blocks stk-dbb7e15-inner-blocks\">\n<div class=\"wp-block-stackable-heading stk-block-heading stk-block-heading--v2 stk-block stk-cc0239e\" id=\"complementos-de-formacion\" data-block-id=\"cc0239e\"><style>.stk-cc0239e .stk-block-heading__text{color:#000000 !important;font-weight:500 !important;}<\/style><h1 class=\"stk-block-heading__text has-text-color\">Movilidad<\/h1><\/div>\n\n\n\n<div class=\"wp-block-stackable-text stk-block-text stk-block stk-01c02f0\" data-block-id=\"01c02f0\"><p class=\"stk-block-text__text\">Todas las partes implicadas en la formaci\u00f3n de los doctorandos coinciden en los beneficios de la realizaci\u00f3n de estancias en otros centros&nbsp;que adem\u00e1s pueden permitir obtener la Menci\u00f3n Internacional de la tesis doctoral y del t\u00edtulo de Doctor. Por este motivo la ULL&nbsp;contempla y establece un programa de ayudas para la realizaci\u00f3n de estancias en otros centros asociados al desarrollo de la tesis doctoral y la Escuela&nbsp;de Doctorado anima a los estudiantes a realizarlas.&nbsp;Se trata de una convocatoria anual cuyas bases reguladoras se encuentran en la siguiente direcci\u00f3n&nbsp;web.<\/p><\/div>\n\n\n\n<p>El objetivo de la estancia es variable, pero en general se pretende que los alumnos obtengan formaci\u00f3n complementaria a&nbsp;sus estudios, aprenda nuevas t\u00e9cnicas relacionadas con el tema de su investigaci\u00f3n, establezca referencias y\/o se integre en grupos de investigaci\u00f3n de&nbsp;prestigio colaborando en proyectos afines al tema de investigaci\u00f3n.<\/p>\n\n\n\n<p>El procedimiento que regula c\u00f3mo hacer los tr\u00e1mites relativos a la solicitud de Menci\u00f3n Internacional de la ULL se puede encontrar&nbsp;<a href=\"https:\/\/www.ull.es\/portal\/normativa\/normativa\/reglamento-de-ensenanzas-oficiales-de-doctorado-de-la-universidad-de-la-laguna-30-de-abril-de-2019\/\" target=\"_blank\" rel=\"noreferrer noopener\" target=\"_blank\" rel=\"noopener\">aqu\u00ed<\/a>. Se establece una estancia m\u00ednima de tres meses en un centro de investigaci\u00f3n extranjero, ya que las ayudas para las estancias se conceden generalmente por esa duraci\u00f3n por a\u00f1o de tesis. Este tiempo&nbsp;es suficiente para alcanzar los objetivos de una menci\u00f3n internacional al t\u00edtulo. Tanto los estudiantes a tiempo completo como a tiempo parcial pueden&nbsp;optar a dichas ayudas.<\/p>\n\n\n\n<p>El car\u00e1cter de estas estancias es optativo, durante el segundo o tercer a\u00f1o del periodo de realizaci\u00f3n del doctorado, ya que depende de la concesi\u00f3n de la ayuda que es de car\u00e1cter competitivo. Se debe realizar una memoria en la que se recoja la actividad a realizar y al concluirla se debe aportar una memoria firmada por un investigador responsable del centro receptor que a su vez es revisada por una comisi\u00f3n cient\u00edfica en el centro original, garantizando el control de la actividad.<\/p>\n\n\n\n<p>Las relaciones acad\u00e9micas y de investigaci\u00f3n que este Doctorado tiene con&nbsp;instituciones extranjeras se incluyen en la&nbsp;<a href=\"https:\/\/www.ull.es\/doctorados\/biodiversidad-conservacion\/entidades-participantes\/\" target=\"_blank\" rel=\"noreferrer noopener\" target=\"_blank\" rel=\"noopener\">Descripci\u00f3n del t\u00edtulo (Entidades participantes)<\/a>&nbsp;en esta web, que podr\u00e1n considerarse como posibles centros&nbsp;de acogida de doctorandos para estas estancias.<\/p>\n<\/div><\/div><\/div>\n\n\n\n<div class=\"wp-block-stackable-column stk-block-column stk-column stk-block stk-53ec762\" data-v=\"4\" data-block-id=\"53ec762\"><style>.stk-53ec762-inner-blocks{row-gap:0px !important;}.stk-53ec762 {padding-top:0px !important;padding-right:0px !important;padding-bottom:0px !important;padding-left:0px !important;}@media screen and (min-width: 768px){.stk-53ec762 {flex:var(--stk-flex-grow, 1) 1 33.3% !important;}}<\/style><div class=\"stk-column-wrapper stk-block-column__content stk-container stk-53ec762-container stk--no-background stk--no-padding\"><div class=\"stk-block-content stk-inner-blocks stk-53ec762-inner-blocks\">\n\n<ul class=\"widget-box\">\n<li class='contacto-header'>Informaci\u00f3n de contacto<\/li><li><i class=\"fa fa-map-marker\"><\/i> Avda. Astrof\u00edsico Francisco S\u00e1nchez, SN. Edificio Calabaza \u2013 AN.2D Apdo. 456 38200 San Crist\u00f3bal de La Laguna<\/li><li><i class=\"fa fa-envelope\"><\/i>  <a href=mailto:doctorado.biodiversidadconservacion@ull.es>doctorado.biodiversidadconservacion@ull.es<\/a><\/li><li><i class=\"fa fa-calendar\"><\/i><a href=\"http:\/\/citaprevia.ull.es\/index.php?s=edpo\"> Cita previa<\/a><\/li>\n<\/ul>\n\n\n<\/div><\/div><\/div>\n<\/div><\/div>\n","protected":false},"excerpt":{"rendered":"<p>Movilidad Todas las partes implicadas en la formaci\u00f3n de los doctorandos coinciden en los beneficios de la realizaci\u00f3n de estancias en otros centros&nbsp;que adem\u00e1s pueden permitir obtener la Menci\u00f3n Internacional de la tesis doctoral y del t\u00edtulo de Doctor. Por este motivo la ULL&nbsp;contempla y establece un programa de ayudas para la realizaci\u00f3n de estancias&#8230;<\/p>\n","protected":false},"author":1,"featured_media":0,"parent":17,"menu_order":0,"comment_status":"closed","ping_status":"closed","template":"templates\/template-frontpage.php","meta":{"_acf_changed":false,"footnotes":""},"class_list":["post-82","page","type-page","status-publish","hentry"],"acf":[],"publishpress_future_action":{"enabled":false,"date":"2026-04-15 01:05:23","action":"change-status","newStatus":"draft","terms":[],"taxonomy":"","extraData":[]},"publishpress_future_workflow_manual_trigger":{"enabledWorkflows":[]},"_links":{"self":[{"href":"https:\/\/www.ull.es\/doctorados\/biodiversidad-conservacion\/wp-json\/wp\/v2\/pages\/82","targetHints":{"allow":["GET"]}}],"collection":[{"href":"https:\/\/www.ull.es\/doctorados\/biodiversidad-conservacion\/wp-json\/wp\/v2\/pages"}],"about":[{"href":"https:\/\/www.ull.es\/doctorados\/biodiversidad-conservacion\/wp-json\/wp\/v2\/types\/page"}],"author":[{"embeddable":true,"href":"https:\/\/www.ull.es\/doctorados\/biodiversidad-conservacion\/wp-json\/wp\/v2\/users\/1"}],"replies":[{"embeddable":true,"href":"https:\/\/www.ull.es\/doctorados\/biodiversidad-conservacion\/wp-json\/wp\/v2\/comments?post=82"}],"version-history":[{"count":8,"href":"https:\/\/www.ull.es\/doctorados\/biodiversidad-conservacion\/wp-json\/wp\/v2\/pages\/82\/revisions"}],"predecessor-version":[{"id":368,"href":"https:\/\/www.ull.es\/doctorados\/biodiversidad-conservacion\/wp-json\/wp\/v2\/pages\/82\/revisions\/368"}],"up":[{"embeddable":true,"href":"https:\/\/www.ull.es\/doctorados\/biodiversidad-conservacion\/wp-json\/wp\/v2\/pages\/17"}],"wp:attachment":[{"href":"https:\/\/www.ull.es\/doctorados\/biodiversidad-conservacion\/wp-json\/wp\/v2\/media?parent=82"}],"curies":[{"name":"wp","href":"https:\/\/api.w.org\/{rel}","templated":true}]}}