{"id":70,"date":"2018-02-22T13:26:52","date_gmt":"2018-02-22T13:26:52","guid":{"rendered":"http:\/\/www.ull.es\/doctorados\/ciencia-salud\/?page_id=70"},"modified":"2025-08-20T07:47:36","modified_gmt":"2025-08-20T07:47:36","slug":"supervision-tesis","status":"publish","type":"page","link":"https:\/\/www.ull.es\/doctorados\/ciencias-salud\/fr\/organizacion-del-programa\/supervision-tesis\/","title":{"rendered":"Encadrement de th\u00e8se"},"content":{"rendered":"\n<div class=\"wp-block-stackable-columns alignfull stk-block-columns stk-block stk-2314a6b\" data-block-id=\"2314a6b\"><style>.stk-2314a6b {padding-bottom:0px !important;margin-top:-100px !important;margin-bottom:0px !important;}<\/style><div class=\"stk-row stk-inner-blocks stk-block-content stk-content-align stk-2314a6b-column alignfull\">\n<div class=\"wp-block-stackable-column stk-block-column stk-column stk-block stk-1d1764d\" data-v=\"4\" data-block-id=\"1d1764d\"><div class=\"stk-column-wrapper stk-block-column__content stk-container stk-1d1764d-container stk--no-background stk--no-padding\"><div class=\"stk-block-content stk-inner-blocks stk-1d1764d-inner-blocks\"><style id=\"depicter-1-inline-pre-css\">\n\n.depicter-1:not(.depicter-ready){\n\theight:450px;\n}\n\n\/***** Tablet *****\/\n@media screen and (max-width: 1024px){\n\n.depicter-1:not(.depicter-ready){\n\theight:700px;\n}\n\n}\n\/***** Mobile *****\/\n@media screen and (max-width: 767px){\n\n.depicter-1:not(.depicter-ready){\n\theight:360px;\n}\n\n}\n<\/style>\n<div id=\"depicter-1\" class=\"depicter depicter-document depicter-revert depicter-1 depicter-layout-fullwidth\">\n\n<div class=\"depicter-loading-container depicter-loading dotFlashing-dark\"><div class=\"depicter-loading-dark depicter-dot-flashing\">\n   <span><\/span>\n   <span><\/span>\n   <span><\/span>\n<\/div>\n<\/div>\n<div id=\"depicter-1-section-1\" class=\"depicter-section depicter-1-section-1\" data-name=\"Section 1\" data-type=\"section\" data-local-id=\"section-1\">\n<picture class=\"depicter-bg\">\n<source data-depicter-srcset=\"https:\/\/www.ull.es\/doctorados\/ciencias-salud\/wp-content\/uploads\/sites\/2\/2025\/05\/Headers-Doctorados_Doctorado-Ciencias-de-la-Salud-768x248.jpg, https:\/\/www.ull.es\/doctorados\/ciencias-salud\/wp-content\/uploads\/sites\/2\/2025\/05\/Headers-Doctorados_Doctorado-Ciencias-de-la-Salud.jpg 2x\" srcset=\"data:image\/gif;base64,R0lGODlhAQABAIAAAAAAAP\/\/\/yH5BAEAAAAALAAAAAABAAEAAAIBRAA7\" media=\"(max-width: 1024px)\" \/>\n\n<source data-depicter-srcset=\"https:\/\/www.ull.es\/doctorados\/ciencias-salud\/wp-content\/uploads\/sites\/2\/2025\/05\/Headers-Doctorados_Doctorado-Ciencias-de-la-Salud.jpg, https:\/\/www.ull.es\/doctorados\/ciencias-salud\/wp-content\/uploads\/sites\/2\/2025\/05\/Headers-Doctorados_Doctorado-Ciencias-de-la-Salud-2000x645.jpg 2x\" srcset=\"data:image\/gif;base64,R0lGODlhAQABAIAAAAAAAP\/\/\/yH5BAEAAAAALAAAAAABAAEAAAIBRAA7\" media=\"(min-width: 1025px)\" \/>\n<img decoding=\"async\" src=\"data:image\/gif;base64,R0lGODlhAQABAIAAAAAAAP\/\/\/yH5BAEAAAAALAAAAAABAAEAAAIBRAA7\" data-ken-burns=\"false\" data-tablet-ken-burns=\"false\" data-mobile-ken-burns=\"false\" alt=\"\" data-depicter-src=\"https:\/\/www.ull.es\/doctorados\/ciencias-salud\/wp-content\/uploads\/sites\/2\/2025\/05\/Headers-Doctorados_Doctorado-Ciencias-de-la-Salud.jpg\" data-object-fit=\"custom,custom,\" data-object-position=\"center top,,\" data-crop=\"{'focalPoint':{'x':0.5,'y':0.5},'mediaSize':{'width':1395.3488372093024736386723816394805908203125,'height':450}}\" data-tablet-crop=\"{'focalPoint':{'x':0.5,'y':0.5},'mediaSize':{'width':2170.54263565891460530110634863376617431640625,'height':700}}\" data-mobile-crop=\"{'focalPoint':{'x':0.5,'y':0.5},'mediaSize':{'width':2294.57364341085258274688385426998138427734375,'height':740}}\" \/>\n<\/picture>\n\n\n<h1 id=\"depicter-1-element-5\" class=\"depicter-element depicter-layer depicter-1-element-5\" data-type=\"text\" data-wrap=\"true\" data-name=\"Text 2\" data-local-id=\"element-5\" data-offset=\"x:0px;y:138px;origin:tl\" data-tablet-offset=\"x:189px;y:208px;origin:tl\" data-mobile-offset=\"x:20px;y:84px;origin:tl\" data-width=\"1200px,642px,354px\" data-height=\"auto,auto,auto\" data-responsive-scale=\"true,,\">Programa de Doctorado en Ciencias de la Salud<\/h1>\n\n<div id=\"depicter-1-element-10\" class=\"depicter-element depicter-layer depicter-1-element-10\" data-type=\"shape\" data-wrap=\"true\" data-name=\"Shape 1\" data-local-id=\"element-10\" data-offset=\"x:0px;y:318px;origin:tl\" data-tablet-offset=\"x:189px;y:432px;origin:tl\" data-mobile-offset=\"x:20px;y:292px;origin:tl\" data-width=\"985px,647px,320px\" data-height=\"8px,8px,8px\" data-responsive-scale=\"true,,\"><\/div>\n<\/div>\n<\/div>\n<script>\n(window.depicterSetups = window.depicterSetups || []).push(function(){\n\tDepicter.basePath = 'https:\/\/www.ull.es\/doctorados\/ciencias-salud\/wp-content\/plugins\/depicter\/resources\/scripts\/player\/';\n\tconst dpPlayer = Depicter.setup('.depicter-1',\n\t\t{\"width\":[\"1200\",\"1024\",\"360\"],\"height\":[\"450\",\"700\",\"360\"],\"view\":\"basic\",\"keepAspectRatio\":true,\"preload\":0,\"layout\":\"fullwidth\",\"rtl\":false,\"initAfterAppear\":false,\"ajaxApiUrl\":\"https:\\\/\\\/www.ull.es\\\/doctorados\\\/ciencias-salud\\\/wp-admin\\\/admin-ajax.php\",\"mouseSwipe\":true,\"touchSwipe\":true,\"useWatermark\":false}\n\t);\n});\n<\/script><\/div><\/div><\/div>\n<\/div><\/div>\n\n\n\n<div class=\"wp-block-stackable-columns alignfull stk-block-columns stk--hide-mobile stk-block stk-6394276 stk-block-background\" data-block-id=\"6394276\"><style>.stk-6394276 {background-color:#f33f4e !important;padding-top:10px !important;margin-bottom:0px !important;}.stk-6394276:before{background-color:#f33f4e !important;}<\/style><div class=\"stk-row stk-inner-blocks stk-block-content stk-content-align stk-6394276-column alignfull\">\n<div class=\"wp-block-stackable-column stk-block-column stk-column stk-block stk-8a66885\" data-v=\"4\" data-block-id=\"8a66885\"><div class=\"stk-column-wrapper stk-block-column__content stk-container stk-8a66885-container stk--no-background stk--no-padding\"><div class=\"stk-block-content stk-inner-blocks stk-8a66885-inner-blocks\">\n<div class=\"wp-block-stackable-spacer stk-block-spacer stk--no-padding stk-block stk-bc89b3e\" data-block-id=\"bc89b3e\"><style>.stk-bc89b3e {height:0px !important;}<\/style><\/div>\n<\/div><\/div><\/div>\n<\/div><\/div>\n\n\n\n<div class=\"wp-block-stackable-columns stk-block-columns stk-block stk-27e44d4\" data-block-id=\"27e44d4\"><style>.stk-27e44d4 .stk--block-align-27e44d4{align-items:flex-start !important;}.stk-27e44d4 {margin-top:50px !important;}.stk-27e44d4-column{--stk-columns-spacing:0px !important;--stk-column-gap:50px !important;}<\/style><div class=\"stk-row stk-inner-blocks stk--block-align-27e44d4 stk-block-content stk-content-align stk-27e44d4-column\">\n<div class=\"wp-block-stackable-column stk-block-column stk-column stk-block stk-54f86fb\" data-v=\"4\" data-block-id=\"54f86fb\"><style>@media screen and (min-width: 768px){.stk-54f86fb {flex:var(--stk-flex-grow, 1) 1 66.7% !important;}}<\/style><div class=\"stk-column-wrapper stk-block-column__content stk-container stk-54f86fb-container stk--no-background stk--no-padding\"><div class=\"stk-block-content stk-inner-blocks stk-54f86fb-inner-blocks\">\n<div class=\"wp-block-stackable-heading stk-block-heading stk-block-heading--v2 stk-block stk-771b9f4\" id=\"complementos-de-formacion\" data-block-id=\"771b9f4\"><style>.stk-771b9f4 .stk-block-heading__text{color:#000000 !important;font-weight:500 !important;}<\/style><h1 class=\"stk-block-heading__text has-text-color\">Supervisi\u00f3n de tesis<\/h1><\/div>\n\n\n\n<div class=\"wp-block-stackable-text stk-block-text stk-block stk-022d17b\" data-block-id=\"022d17b\"><p class=\"stk-block-text__text\">La ULL desarrolla acciones para el fomento de la direcci\u00f3n y codirecci\u00f3n de tesis, y la coordinaci\u00f3n acad\u00e9mica de programas de doctorado. Una de&nbsp;ellas establece el reconocimiento de la labor de direcci\u00f3n y coordinaci\u00f3n en el c\u00f3mputo de la carga docente recogido en la normativa espec\u00edfica sobre&nbsp;\u00abEstimaci\u00f3n del encargo docente en las titulaciones de grado y posgrado\u00bb y en el \u00abPlan de Apoyo a la Gesti\u00f3n\u00bb que se detallan en el apartado 6.2 de la&nbsp;memoria.<\/p><\/div>\n\n\n\n<p>Al margen de los mecanismos de reconocimiento\/c\u00f3mputo de las labores de tutorizaci\u00f3n\/direcci\u00f3n a los que se ha aludido anteriormente, la Universidad&nbsp;de La Laguna ha contemplado sistemas para fomentar la incorporaci\u00f3n de investigadores noveles o profesorado con resultados de investigaci\u00f3n&nbsp;que no les permiten actuar como directores de tesis, ya que no han sido validados por reconocimientos de evaluaciones de m\u00e9ritos investigadores. En&nbsp;este sentido el propio Reglamento de Ense\u00f1anzas Oficiales de Doctorado en su art\u00edculo 10, apartado 4 establece que:&nbsp;<em>\u00abSin perjuicio de lo se\u00f1alado en&nbsp;el apartado anterior, podr\u00e1 asumir las funciones de codirector un investigador novel o un profesor o investigador con un m\u00ednimo de experiencia investigadora&nbsp;que no re\u00fana los requisitos establecidos para ser director de tesis. En todo caso, deber\u00e1 tener relaci\u00f3n funcionarial o contractual con la universidad&nbsp;u organismo que colabore en el desarrollo del programa. No podr\u00e1 existir m\u00e1s de un codirector de este perfil\u00bb.<\/em><\/p>\n\n\n\n<p>Se pretende que estos investigadores\/profesores adquieran el nivel adecuado para poderse incorporar al programa como directores cuando re\u00fanan las&nbsp;condiciones que establece la ULL en su Reglamento para poderlo ser.<\/p>\n\n\n\n<p>Asimismo, en la \u00faltima modificaci\u00f3n del&nbsp;<a href=\"https:\/\/www.gobiernodecanarias.org\/boc\/2023\/054\/001.html\" target=\"_blank\" rel=\"noreferrer noopener\" target=\"_blank\" rel=\"noopener\">Reglamento de Contrataci\u00f3n de Personal Docente e Investigador laboral<\/a>&nbsp;de la Universidad de La Laguna&nbsp;se recoge en los baremos correspondientes, dentro del bloque de actividad investigadora, como criterio de valoraci\u00f3n el haber&nbsp;dirigido tesis doctorales.<\/p>\n\n\n\n<p>Los requisitos que establece el Reglamento de Ense\u00f1anzas Oficiales de Doctorado de la La Laguna para poder actuar como director de tesis doctorales&nbsp;se establecen en su art\u00edculo 10:<\/p>\n\n\n\n<ul class=\"wp-block-list\">\n<li>Los directores de tesis deber\u00e1n ser doctores y tener reconocido, al menos, un tramo de m\u00e9ritos de investigaci\u00f3n de acuerdo con el RD 1086\/1989. En caso de no tener acceso a la valoraci\u00f3n de estos tramos (profesores asociados, ayudantes doctores e investigadores contratados) deber\u00e1n contar con m\u00e9ritos equivalentes (acreditaci\u00f3n de 5 contribuciones relevantes seg\u00fan criterios CNEAI). Alternativamente, tambi\u00e9n podr\u00e1n ser directores de tesis doctorales, los profesores con reconocimiento de tres m\u00e9ritos investigadores de acuerdo a lo establecido en el Decreto140\/2002, de 7 de octubre (BOC n\u00ba139, de 18 de octubre) y haber dirigido una tesis o codirigido dos. En cualquier caso, tanto tutores como directores deben estar encuadrados en una de las l\u00edneas que integran este programa.<\/li>\n<\/ul>\n\n\n\n<p>La direcci\u00f3n de una tesis doctoral podr\u00e1 ser compartida por dos investigadores. La inclusi\u00f3n de un codirector debe ser autorizada por la Comisi\u00f3n Acad\u00e9mica&nbsp;del programa y estar\u00e1 sujeta a razones acad\u00e9micas como la interdisciplinariedad en el tema de investigaci\u00f3n o la cotutela con investigadores&nbsp;de otros centros nacionales o internacionales. Sin perjuicio de lo anterior, podr\u00e1 ejercer de codirector un investigador novel, con un m\u00ednimo de experiencia&nbsp;investigadora, que no re\u00fana los requisitos para ser director. En cualquier caso, deber\u00e1 tener relaci\u00f3n contractual con la ULL o centro que colabore&nbsp;en el desarrollo del programa.<\/p>\n\n\n\n<p>Un profesor no podr\u00e1 dirigir o codirigir m\u00e1s de cuatro tesis doctorales simult\u00e1neamente. Este l\u00edmite podr\u00e1 elevarse si las tesis dirigidas dan lugar a m\u00e1s&nbsp;de dos publicaciones en revistas incluidas en los dos primeros cuartiles de \u00edndice de impacto de la especialidad seg\u00fan el \u00abJournal Citation Reports\u00bb, o&nbsp;en el caso de que alguna de las tesis dirigidas sea de la modalidad de cotutela con investigadores de otros centros nacionales o internacionales. Por el&nbsp;contrario, en caso de que una de las tesis dirigidas se defienda en un plazo superior a cuatro a\u00f1os, o no haya dado lugar a publicaciones en un plazo&nbsp;de un a\u00f1o despu\u00e9s de su defensa, el l\u00edmite se ver\u00e1 reducido.<\/p>\n\n\n\n<p>Uno de los objetivos prioritarios a corto y medio plazo de este programa es fomentar la interacci\u00f3n de nuestros doctorandos con investigadores de centros&nbsp;de referencia. En el apartado 1.4 relacionamos las acciones conveniadas y no conveniadas que mantenemos actualmente con centros e investigadores&nbsp;en diferentes l\u00edneas. Estas colaboraciones han dado lugar a varias tesis doctorales con menci\u00f3n europea e internacional en los \u00faltimos a\u00f1os&nbsp;y prevemos que aumenten en el futuro. La normativa del t\u00edtulo de doctor con menci\u00f3n internacional (Art. 15 del RD 99\/2011 y Art. 28 del REODULL) requiere&nbsp;la participaci\u00f3n de expertos internacionales en el seguimiento, elaboraci\u00f3n de informes y tribunales de evaluaci\u00f3n.<\/p>\n\n\n\n<p>As\u00ed mismo, la ULL garantizar\u00e1 los principios y derechos respectos al pluralismo, libertad ideol\u00f3gica y religiosa, la no discriminaci\u00f3n por razones de etnia,&nbsp;nacionalidad o sexo, y la igualdad de oportunidades con especial atenci\u00f3n a las personas discapacitadas (apartado 3.2.6 de la presente memoria),&nbsp;as\u00ed como la confidencialidad en la custodia y tratamiento de datos personales de los doctorandos que obren en su poder.<\/p>\n\n\n\n<p>El REODULL (art. 20) reconoce los siguientes derechos y deberes de los doctorandos: derechos y deberes comunes de los estudiantes universitarios&nbsp;y espec\u00edficos de estudiantes de doctorado establecidos en el Estatuto del Estudiante Universitario aprobado por RD 1791\/2010, de 30 de diciembre;&nbsp;derechos y deberes que, en su calidad de estudiantes de la ULL, sean reconocidos y resulten de los estatutos de la ULL en cuanto fueran de aplicaci\u00f3n&nbsp;a estudiantes de tercer ciclo. En particular, se hallan sujetos a los siguientes deberes: cumplir las actividades formativas establecidas en el programa&nbsp;de doctorado, presentar al director el trabajo realizado en el formato y plazo que haya sido previamente acordado, consultar con el director antes&nbsp;de realizar cualquier actividad adicional a su formaci\u00f3n, cumplir las normas de seguridad en el trabajo, incluir a la ULL en todas las comunicaciones y&nbsp;publicaciones en las que se difundan los resultados de la investigaci\u00f3n desarrollada, y cumplir las normas \u00e9ticas establecidas en la universidad. El Documento&nbsp;de Compromiso, incluir\u00e1 la aceptaci\u00f3n no condicionada del doctorando y director del r\u00e9gimen de derechos y deberes respectivos previstos en&nbsp;el REODULL, y contemplar\u00e1 los aspectos relativos a los derechos de propiedad intelectual y el procedimiento de resoluci\u00f3n de conflictos, acorde a lo&nbsp;previsto en su art\u00edculo 22.<\/p>\n\n\n\n<p>En el contexto de Escuela de Doctorado que se est\u00e1 poniendo en marcha en la ULL, se est\u00e1 elaborando una gu\u00eda de buenas pr\u00e1cticas para la direcci\u00f3n&nbsp;de tesis doctorales. Hasta su edici\u00f3n definitiva, este programa de doctorado se adhiere a la \u00abEuropean Charter for Research and Code of&nbsp;Conducte for Recruitment of Research\u00bb, asumiendo los principios de libertad intelectual, praxis \u00e9tica, responsabilidad profesional, gesti\u00f3n financiera&nbsp;transparente y eficaz de los fondos, corresponsabilidad de las instituciones en la adecuada divulgaci\u00f3n de los resultados y el esfuerzo en la formaci\u00f3n&nbsp;continua y el papel de los investigadores consolidados en la dinamizaci\u00f3n de los investigadores m\u00e1s j\u00f3venes. Adem\u00e1s, se asume la responsabilidad&nbsp;de garantizar que los proyectos de investigaci\u00f3n se ajusten a las exigencias metodol\u00f3gicas, \u00e9ticas y jur\u00eddicas aplicables a la investigaci\u00f3n animal,&nbsp;utilizaci\u00f3n de agentes u organismos modificados gen\u00e9ticamente e investigaci\u00f3n en humanos, de acuerdo con la Ley 14\/2007, de 3 de julio, y el RD 1716\/2011, de 18 de noviembre, respecto&nbsp;a la investigaci\u00f3n biom\u00e9dica y el tratamiento de muestras biol\u00f3gicas de origen humano.<\/p>\n<\/div><\/div><\/div>\n\n\n\n<div class=\"wp-block-stackable-column stk-block-column stk-column stk-block stk-b3ac9c2\" data-v=\"4\" data-block-id=\"b3ac9c2\"><style>.stk-b3ac9c2-inner-blocks{row-gap:0px !important;}.stk-b3ac9c2 {padding-top:0px !important;padding-right:0px !important;padding-bottom:0px !important;padding-left:0px !important;}@media screen and (min-width: 768px){.stk-b3ac9c2 {flex:var(--stk-flex-grow, 1) 1 33.3% !important;}}<\/style><div class=\"stk-column-wrapper stk-block-column__content stk-container stk-b3ac9c2-container stk--no-background stk--no-padding\"><div class=\"stk-block-content stk-inner-blocks stk-b3ac9c2-inner-blocks\">\n\n<ul class=\"widget-box\">\n<li class='contacto-header'>Informaci\u00f3n de contacto<\/li><li><i class=\"fa fa-map-marker\"><\/i> Avda. Astrof\u00edsico Francisco S\u00e1nchez, SN. Edificio Calabaza \u2013 AN.2D Apdo. 456 38200 San Crist\u00f3bal de La Laguna<\/li><li><i class=\"fa fa-envelope\"><\/i>  <a href=mailto:doctorado.cienciasalud@ull.es>doctorado.cienciasalud@ull.es<\/a><\/li><li><i class=\"fa fa-calendar\"><\/i><a href=\"http:\/\/citaprevia.ull.es\/index.php?s=edpo\"> Cita previa<\/a><\/li>\n<\/ul>\n\n\n<\/div><\/div><\/div>\n<\/div><\/div>\n","protected":false},"excerpt":{"rendered":"<p>Encadrement de th\u00e8se\u00a0: L\u2019ULL d\u00e9veloppe des initiatives visant \u00e0 promouvoir l\u2019encadrement et la co-encadrement de th\u00e8ses, ainsi que la coordination acad\u00e9mique des programmes doctoraux. L\u2019une de ces initiatives pr\u00e9voit la prise en compte du travail d\u2019encadrement et de coordination dans le calcul de la charge d\u2019enseignement, conform\u00e9ment au r\u00e8glement sp\u00e9cifique relatif \u00e0 l\u2019estimation de la charge d\u2019enseignement\u2026<\/p>","protected":false},"author":1,"featured_media":0,"parent":27,"menu_order":0,"comment_status":"closed","ping_status":"closed","template":"templates\/template-frontpage.php","meta":{"_acf_changed":false,"footnotes":""},"class_list":["post-70","page","type-page","status-publish","hentry"],"acf":[],"publishpress_future_action":{"enabled":false,"date":"2026-04-17 13:45:32","action":"change-status","newStatus":"draft","terms":[],"taxonomy":"","extraData":[]},"publishpress_future_workflow_manual_trigger":{"enabledWorkflows":[]},"_links":{"self":[{"href":"https:\/\/www.ull.es\/doctorados\/ciencias-salud\/fr\/wp-json\/wp\/v2\/pages\/70","targetHints":{"allow":["GET"]}}],"collection":[{"href":"https:\/\/www.ull.es\/doctorados\/ciencias-salud\/fr\/wp-json\/wp\/v2\/pages"}],"about":[{"href":"https:\/\/www.ull.es\/doctorados\/ciencias-salud\/fr\/wp-json\/wp\/v2\/types\/page"}],"author":[{"embeddable":true,"href":"https:\/\/www.ull.es\/doctorados\/ciencias-salud\/fr\/wp-json\/wp\/v2\/users\/1"}],"replies":[{"embeddable":true,"href":"https:\/\/www.ull.es\/doctorados\/ciencias-salud\/fr\/wp-json\/wp\/v2\/comments?post=70"}],"version-history":[{"count":7,"href":"https:\/\/www.ull.es\/doctorados\/ciencias-salud\/fr\/wp-json\/wp\/v2\/pages\/70\/revisions"}],"predecessor-version":[{"id":573,"href":"https:\/\/www.ull.es\/doctorados\/ciencias-salud\/fr\/wp-json\/wp\/v2\/pages\/70\/revisions\/573"}],"up":[{"embeddable":true,"href":"https:\/\/www.ull.es\/doctorados\/ciencias-salud\/fr\/wp-json\/wp\/v2\/pages\/27"}],"wp:attachment":[{"href":"https:\/\/www.ull.es\/doctorados\/ciencias-salud\/fr\/wp-json\/wp\/v2\/media?parent=70"}],"curies":[{"name":"wp","href":"https:\/\/api.w.org\/{rel}","templated":true}]}}