{"id":72,"date":"2018-02-22T13:28:20","date_gmt":"2018-02-22T13:28:20","guid":{"rendered":"http:\/\/www.ull.es\/doctorados\/ciencia-salud\/?page_id=72"},"modified":"2025-08-20T07:46:24","modified_gmt":"2025-08-20T07:46:24","slug":"seguimiento-doctorando","status":"publish","type":"page","link":"https:\/\/www.ull.es\/doctorados\/ciencias-salud\/organizacion-del-programa\/seguimiento-doctorando\/","title":{"rendered":"Seguimiento del doctorando"},"content":{"rendered":"\n<div class=\"wp-block-stackable-columns alignfull stk-block-columns stk-block stk-2314a6b\" data-block-id=\"2314a6b\"><style>.stk-2314a6b {padding-bottom:0px !important;margin-top:-100px !important;margin-bottom:0px !important;}<\/style><div class=\"stk-row stk-inner-blocks stk-block-content stk-content-align stk-2314a6b-column alignfull\">\n<div class=\"wp-block-stackable-column stk-block-column stk-column stk-block stk-1d1764d\" data-v=\"4\" data-block-id=\"1d1764d\"><div class=\"stk-column-wrapper stk-block-column__content stk-container stk-1d1764d-container stk--no-background stk--no-padding\"><div class=\"stk-block-content stk-inner-blocks stk-1d1764d-inner-blocks\"><style id=\"depicter-1-inline-pre-css\">\n\n.depicter-1:not(.depicter-ready){\n\theight:450px;\n}\n\n\/***** Tablet *****\/\n@media screen and (max-width: 1024px){\n\n.depicter-1:not(.depicter-ready){\n\theight:700px;\n}\n\n}\n\/***** Mobile *****\/\n@media screen and (max-width: 767px){\n\n.depicter-1:not(.depicter-ready){\n\theight:360px;\n}\n\n}\n<\/style>\n<div id=\"depicter-1\" class=\"depicter depicter-document depicter-revert depicter-1 depicter-layout-fullwidth\">\n\n<div class=\"depicter-loading-container depicter-loading dotFlashing-dark\"><div class=\"depicter-loading-dark depicter-dot-flashing\">\n   <span><\/span>\n   <span><\/span>\n   <span><\/span>\n<\/div>\n<\/div>\n<div id=\"depicter-1-section-1\" class=\"depicter-section depicter-1-section-1\" data-name=\"Section 1\" data-type=\"section\" data-local-id=\"section-1\">\n<picture class=\"depicter-bg\">\n<source data-depicter-srcset=\"https:\/\/www.ull.es\/doctorados\/ciencias-salud\/wp-content\/uploads\/sites\/2\/2025\/05\/Headers-Doctorados_Doctorado-Ciencias-de-la-Salud-768x248.jpg, https:\/\/www.ull.es\/doctorados\/ciencias-salud\/wp-content\/uploads\/sites\/2\/2025\/05\/Headers-Doctorados_Doctorado-Ciencias-de-la-Salud.jpg 2x\" srcset=\"data:image\/gif;base64,R0lGODlhAQABAIAAAAAAAP\/\/\/yH5BAEAAAAALAAAAAABAAEAAAIBRAA7\" media=\"(max-width: 1024px)\" \/>\n\n<source data-depicter-srcset=\"https:\/\/www.ull.es\/doctorados\/ciencias-salud\/wp-content\/uploads\/sites\/2\/2025\/05\/Headers-Doctorados_Doctorado-Ciencias-de-la-Salud.jpg, https:\/\/www.ull.es\/doctorados\/ciencias-salud\/wp-content\/uploads\/sites\/2\/2025\/05\/Headers-Doctorados_Doctorado-Ciencias-de-la-Salud-2000x645.jpg 2x\" srcset=\"data:image\/gif;base64,R0lGODlhAQABAIAAAAAAAP\/\/\/yH5BAEAAAAALAAAAAABAAEAAAIBRAA7\" media=\"(min-width: 1025px)\" \/>\n<img decoding=\"async\" src=\"data:image\/gif;base64,R0lGODlhAQABAIAAAAAAAP\/\/\/yH5BAEAAAAALAAAAAABAAEAAAIBRAA7\" data-ken-burns=\"false\" data-tablet-ken-burns=\"false\" data-mobile-ken-burns=\"false\" alt=\"\" data-depicter-src=\"https:\/\/www.ull.es\/doctorados\/ciencias-salud\/wp-content\/uploads\/sites\/2\/2025\/05\/Headers-Doctorados_Doctorado-Ciencias-de-la-Salud.jpg\" data-object-fit=\"custom,custom,\" data-object-position=\"center top,,\" data-crop=\"{'focalPoint':{'x':0.5,'y':0.5},'mediaSize':{'width':1395.3488372093024736386723816394805908203125,'height':450}}\" data-tablet-crop=\"{'focalPoint':{'x':0.5,'y':0.5},'mediaSize':{'width':2170.54263565891460530110634863376617431640625,'height':700}}\" data-mobile-crop=\"{'focalPoint':{'x':0.5,'y':0.5},'mediaSize':{'width':2294.57364341085258274688385426998138427734375,'height':740}}\" \/>\n<\/picture>\n\n\n<h1 id=\"depicter-1-element-5\" class=\"depicter-element depicter-layer depicter-1-element-5\" data-type=\"text\" data-wrap=\"true\" data-name=\"Text 2\" data-local-id=\"element-5\" data-offset=\"x:0px;y:138px;origin:tl\" data-tablet-offset=\"x:189px;y:208px;origin:tl\" data-mobile-offset=\"x:20px;y:84px;origin:tl\" data-width=\"1200px,642px,354px\" data-height=\"auto,auto,auto\" data-responsive-scale=\"true,,\">Programa de Doctorado en Ciencias de la Salud<\/h1>\n\n<div id=\"depicter-1-element-10\" class=\"depicter-element depicter-layer depicter-1-element-10\" data-type=\"shape\" data-wrap=\"true\" data-name=\"Shape 1\" data-local-id=\"element-10\" data-offset=\"x:0px;y:318px;origin:tl\" data-tablet-offset=\"x:189px;y:432px;origin:tl\" data-mobile-offset=\"x:20px;y:292px;origin:tl\" data-width=\"985px,647px,320px\" data-height=\"8px,8px,8px\" data-responsive-scale=\"true,,\"><\/div>\n<\/div>\n<\/div>\n<script>\n(window.depicterSetups = window.depicterSetups || []).push(function(){\n\tDepicter.basePath = 'https:\/\/www.ull.es\/doctorados\/ciencias-salud\/wp-content\/plugins\/depicter\/resources\/scripts\/player\/';\n\tconst dpPlayer = Depicter.setup('.depicter-1',\n\t\t{\"width\":[\"1200\",\"1024\",\"360\"],\"height\":[\"450\",\"700\",\"360\"],\"view\":\"basic\",\"keepAspectRatio\":true,\"preload\":0,\"layout\":\"fullwidth\",\"rtl\":false,\"initAfterAppear\":false,\"ajaxApiUrl\":\"https:\\\/\\\/www.ull.es\\\/doctorados\\\/ciencias-salud\\\/wp-admin\\\/admin-ajax.php\",\"mouseSwipe\":true,\"touchSwipe\":true,\"useWatermark\":false}\n\t);\n});\n<\/script><\/div><\/div><\/div>\n<\/div><\/div>\n\n\n\n<div class=\"wp-block-stackable-columns alignfull stk-block-columns stk--hide-mobile stk-block stk-6394276 stk-block-background\" data-block-id=\"6394276\"><style>.stk-6394276 {background-color:#f33f4e !important;padding-top:10px !important;margin-bottom:0px !important;}.stk-6394276:before{background-color:#f33f4e !important;}<\/style><div class=\"stk-row stk-inner-blocks stk-block-content stk-content-align stk-6394276-column alignfull\">\n<div class=\"wp-block-stackable-column stk-block-column stk-column stk-block stk-8a66885\" data-v=\"4\" data-block-id=\"8a66885\"><div class=\"stk-column-wrapper stk-block-column__content stk-container stk-8a66885-container stk--no-background stk--no-padding\"><div class=\"stk-block-content stk-inner-blocks stk-8a66885-inner-blocks\">\n<div class=\"wp-block-stackable-spacer stk-block-spacer stk--no-padding stk-block stk-bc89b3e\" data-block-id=\"bc89b3e\"><style>.stk-bc89b3e {height:0px !important;}<\/style><\/div>\n<\/div><\/div><\/div>\n<\/div><\/div>\n\n\n\n<div class=\"wp-block-stackable-columns stk-block-columns stk-block stk-8b59b96\" data-block-id=\"8b59b96\"><style>.stk-8b59b96 .stk--block-align-8b59b96{align-items:flex-start !important;}.stk-8b59b96 {margin-top:50px !important;}.stk-8b59b96-column{--stk-columns-spacing:0px !important;--stk-column-gap:50px !important;}<\/style><div class=\"stk-row stk-inner-blocks stk--block-align-8b59b96 stk-block-content stk-content-align stk-8b59b96-column\">\n<div class=\"wp-block-stackable-column stk-block-column stk-column stk-block stk-dbb7e15\" data-v=\"4\" data-block-id=\"dbb7e15\"><style>@media screen and (min-width: 768px){.stk-dbb7e15 {flex:var(--stk-flex-grow, 1) 1 66.7% !important;}}<\/style><div class=\"stk-column-wrapper stk-block-column__content stk-container stk-dbb7e15-container stk--no-background stk--no-padding\"><div class=\"stk-block-content stk-inner-blocks stk-dbb7e15-inner-blocks\">\n<div class=\"wp-block-stackable-heading stk-block-heading stk-block-heading--v2 stk-block stk-cc0239e\" id=\"complementos-de-formacion\" data-block-id=\"cc0239e\"><style>.stk-cc0239e .stk-block-heading__text{color:#000000 !important;font-weight:500 !important;}<\/style><h1 class=\"stk-block-heading__text has-text-color\">Seguimiento del doctorando<\/h1><\/div>\n\n\n\n<p>La supervisi\u00f3n, seguimiento y evaluaci\u00f3n de los programas de doctorado son responsabilidad de la Escuela de Doctorado, a trav\u00e9s de la Comisi\u00f3n de&nbsp;Estudios de Posgrado, y de la Comisi\u00f3n Acad\u00e9mica del Programa. De acuerdo a los arts. 14-16 del REODULL, de la Comisi\u00f3n Acad\u00e9mica del programa&nbsp;estar\u00e1 compuesta por un m\u00e1ximo de siete profesores y\/o investigadores participantes en el mismo, incluyendo al coordinador acad\u00e9mico, que ejercer\u00e1&nbsp;como presidente de la misma. Dicha condici\u00f3n deber\u00e1 recaer sobre un investigador relevante y estar avalada por la posesi\u00f3n de, al menos, dos&nbsp;per\u00edodos de actividad investigadora reconocidos de acuerdo con las previsiones del Real Decreto 1086\/1989, de 28 de agosto, de retribuciones del profesorado. En ella se integrar\u00e1, al menos, un miembro de cada l\u00ednea de investigaci\u00f3n que conforme el programa de doctorado, respetando el l\u00edmite anterior. En el caso que existan m\u00e1s de siete l\u00edneas de investigaci\u00f3n, a la finalizaci\u00f3n de cada mandato se producir\u00e1 una renovaci\u00f3n de la comisi\u00f3n acad\u00e9mica, integr\u00e1ndose como miembros de la misma, profesores y\/o investigadores de aquellas l\u00edneas que no hubiesen contado con representantes en el anterior mandato. Adem\u00e1s, podr\u00e1n integrarse como miembros de la comisi\u00f3n acad\u00e9mica representantes de las entidades externas al programa de doctorado que colaboren en su desarrollo, en un n\u00famero no superior a tres. En cualquier caso deber\u00e1n reunir los requisitos establecidos para ser director de tesis que se describen en el apartado 5.1 de esta memoria. En caso necesario se establecer\u00e1 un sistema rotatorio de designaci\u00f3n de representantes por parte de las entidades externas.<\/p>\n\n\n\n<p>La condici\u00f3n de miembro de la comisi\u00f3n acad\u00e9mica tendr\u00e1 una duraci\u00f3n de tres cursos acad\u00e9micos desde su nombramiento, siempre que se mantengan&nbsp;las condiciones para ser miembro de la misma. Los integrantes de las l\u00edneas de investigaci\u00f3n podr\u00e1n sustituir a los miembros designados por ellos&nbsp;cuando se presente alguna de las razones contempladas en las normativas que regulan la pertenencia a \u00f3rganos colegiados. La condici\u00f3n de miembro&nbsp;de la comisi\u00f3n acad\u00e9mica puede ser prorrogada por una vez si as\u00ed lo estiman los integrantes de la l\u00ednea de investigaci\u00f3n a la que est\u00e9 adscrito.<\/p>\n\n\n\n<p>Ser\u00e1n funciones de la comisi\u00f3n acad\u00e9mica las siguientes: a) Proponer la admisi\u00f3n del alumnado, b) Establecer los complementos formativos que deba&nbsp;cursar, en su caso, el alumnado admitido en funci\u00f3n de su perfil de acceso, c) Asignar tutor y director a cada estudiante de nuevo acceso, d) Evaluar el&nbsp;plan de investigaci\u00f3n y el documento de actividades de cada estudiante del programa en los plazos establecidos, e) Elegir los doctores que deben emitir&nbsp;los informes en las tesis doctorales que aspiren al t\u00edtulo de Doctor con \u00bfMenci\u00f3n internacional\u00bf, f) Analizar las tesis doctorales que se presenten para&nbsp;iniciar su tr\u00e1mite de defensa y emitir el informe correspondiente, g) Formular la propuesta para el nombramiento de los doctores que habr\u00e1n de formar&nbsp;parte del tribunal de tesis, h) Comprobar cada curso acad\u00e9mico que los integrantes del programa de doctorado cumplen los requisitos establecidos&nbsp;para ser asignados como directores de tesis.<\/p>\n\n\n\n<p><strong>Procedimiento para la asignaci\u00f3n de tutor y director<\/strong><\/p>\n\n\n\n<p>Tal y como regula el art\u00edculo 9 del REODULL una vez admitido, a cada alumno se le asignar\u00e1 un tutor por la Comisi\u00f3n Acad\u00e9mica. El tutor debe ser&nbsp;doctor y cumplir los requisitos para dirigir tesis doctorales que se mencionan en el art\u00edculo 10 del mencionado Reglamento. La Comisi\u00f3n Acad\u00e9mica, o\u00eddo&nbsp;el doctorando, podr\u00e1 modificar el nombramiento del tutor asignado en cualquier momento del periodo de realizaci\u00f3n del doctorado, siempre que concurran&nbsp;razones justificadas. Si lo estima procedente podr\u00e1 solicitar informes del tutor y el director de la tesis.<\/p>\n\n\n\n<ul class=\"wp-block-list\">\n<li>Las funciones del tutor son: a) revisar regularmente, junto con el director de la tesis, el documento de actividades del doctorando, b) avalar, junto con&nbsp;el director de la tesis y antes de la finalizaci\u00f3n del primer a\u00f1o el plan de investigaci\u00f3n elaborado por el doctorando, c) firmar el compromiso docente,&nbsp;junto con el doctorando, el director de la tesis y vicerrector competente en representaci\u00f3n de la ULL, d) emitir el informe anual sobre la actividad del&nbsp;doctorando a la comisi\u00f3n acad\u00e9mica, e) asegurar la visibilidad de la ULL en todas las publicaciones y actividades de diseminaci\u00f3n de resultados de la&nbsp;investigaci\u00f3n desarrollada por el doctorando.<\/li>\n\n\n\n<li>Asignaci\u00f3n de director:&nbsp;En el plazo de un mes tras la matriculaci\u00f3n, la Comisi\u00f3n Acad\u00e9mica asignar\u00e1 un director de tesis, que podr\u00e1 coincidir o no con el tutor.<\/li>\n\n\n\n<li>Los directores de tesis deber\u00e1n cumplir los requisitos mencionados en el apartado 5.1.<\/li>\n\n\n\n<li>En cualquier momento de la realizaci\u00f3n del doctorado, la Comisi\u00f3n Acad\u00e9mica, por razones justificadas y o\u00eddos al doctorando, tutor y director podr\u00e1&nbsp;modificar los nombramientos y autorizar la inclusi\u00f3n de un codirector.<\/li>\n\n\n\n<li>Documento de Compromiso de Supervisi\u00f3n: Las funciones de supervisi\u00f3n de los doctorandos se establecer\u00e1n mediante un compromiso documental,&nbsp;firmado por el vicerrector competente en materia de posgrado, el doctorando, su tutor y su director o codirectores. El compromiso debe ser firmado en&nbsp;los tres primeros meses desde la asignaci\u00f3n de tutor y de director. El documento ha de incluir la aceptaci\u00f3n no condicionada del doctorando y del director&nbsp;acerca del r\u00e9gimen de derechos y deberes respectivos previstos en el REODULL y en el apartado 5.1 de la presente memoria. Incluir\u00e1, asimismo,&nbsp;un procedimiento de resoluci\u00f3n de conflictos, y contemplar\u00e1 los aspectos relativos a los derechos de propiedad intelectual o industrial que puedan generarse&nbsp;en el \u00e1mbito del programa de doctorado. El documento de compromiso, una vez suscrito por los intervinientes, ser\u00e1 incorporado al Documento&nbsp;de Actividades del Doctorando y archivado en su expediente. El documento de compromiso se habr\u00e1 de ajustar al modelo que se establezca.<\/li>\n\n\n\n<li>Procedimiento de resoluci\u00f3n de conflictos: En caso de eventual incumplimiento de alguno de los extremos incluidos en el documento de compromiso o de la concurrencia de otro desacuerdo relacionado con el desarrollo del programa de doctorado, cualquiera de las partes podr\u00e1 ponerlo en conocimiento de la Comisi\u00f3n Acad\u00e9mica, que actuar\u00e1 como mediador con vistas a alcanzar un acuerdo que ponga t\u00e9rmino a la controversia. Si la mediaci\u00f3n no permite resolver el conflicto una vez transcurridos dos meses desde la puesta en conocimiento del coordinador del programa de doctorado, se dar\u00e1 traslado a la Comisi\u00f3n de Doctorado (o Escuela de Doctorado cuando entre en funcionamiento), que habr\u00e1 de dictar resoluci\u00f3n en el plazo de tres meses, previa audiencia de las partes y del coordinador del programa de doctorado. Contra el acuerdo de la Comisi\u00f3n de Doctorado (Escuela de Doctorado) se puede interponer recurso de alzada ante el rectora, en los t\u00e9rminos previstos en la Ley 30\/1992, de 26 de noviembre, de R\u00e9gimen Jur\u00eddico de las Administraciones P\u00fablicas y del Procedimiento Administrativo Com\u00fan.<\/li>\n<\/ul>\n\n\n\n<p><strong>Control de Registro de Actividades y Certificaci\u00f3n de Datos<\/strong><\/p>\n\n\n\n<p>Una vez firmado el Documento de Compromiso de Supervisi\u00f3n, la Comisi\u00f3n Acad\u00e9mica del programa habilitar\u00e1 el Documento de Actividades Personalizado&nbsp;(DAP) a efectos del registro individualizado de las actividades desarrolladas por el doctorando. En \u00e9l se inscribir\u00e1n tanto las actividades formativas&nbsp;a las que se refiere el apartado 4 de la presente memoria, como los complementos formativos establecidos por la Comisi\u00f3n Acad\u00e9mica en funci\u00f3n&nbsp;del perfil de acceso y las recomendaciones del tutor (punto 3.3.1 de la memoria). Cada actividad debe incluir los datos de identificaci\u00f3n (tipo, t\u00edtulo, lugar&nbsp;de realizaci\u00f3n), fuente de financiaci\u00f3n si procede, autorizaci\u00f3n del tutor\/director, finalidad de la actividad, su relaci\u00f3n con el tema y plan de investigaci\u00f3n,&nbsp;y una vez realizada, un resumen de su contenido, duraci\u00f3n en horas y fecha de realizaci\u00f3n, justificante de su realizaci\u00f3n, incidencias si las hubiera,&nbsp;y verificaci\u00f3n\/certificaci\u00f3n del tutor de su realizaci\u00f3n, seg\u00fan regule la propia CA del programa y la Comisi\u00f3n de estudios de posgrado o Escuela&nbsp;de Doctorado de la ULL cuando est\u00e9 en funcionamiento. Anualmente, el tutor y el director de tesis y la CA incorporar\u00e1n a este documento sus informes&nbsp;sobre el cumplimiento de las actividades programadas.<\/p>\n\n\n\n<p><strong>Valoraci\u00f3n anual del Plan de Investigaci\u00f3n y el Documento de actividades<\/strong><\/p>\n\n\n\n<p>Antes de la finalizaci\u00f3n del primer a\u00f1o, el doctorando elaborar\u00e1 un Plan de investigaci\u00f3n que incluir\u00e1 al menos: a) justificaci\u00f3n del estudio, b) metodolog\u00eda&nbsp;a utilizar y objetivos a alcanzar, c) recursos disponibles y d) planificaci\u00f3n temporal. Dicho plan se podr\u00e1 mejorar y detallar a lo largo de su estancia&nbsp;en el programa y debe estar avalado por el tutor y el director. Anualmente la comisi\u00f3n acad\u00e9mica del programa evaluar\u00e1 el desarrollo del Plan de investigaci\u00f3n&nbsp;y el documento de actividades desarrolladas por el doctorando junto con los informes que, a tal efecto, deber\u00e1n emitir el tutor y el director. El informe del tutor y director podr\u00e1 ser conjunto o independiente. Debe incluir una valoraci\u00f3n del grado de cumplimiento y aprovechamiento de las actividades&nbsp;programadas, una valoraci\u00f3n general del rendimiento del doctorando, los progresos realizados en el plan de investigaci\u00f3n previsto, las dificultades&nbsp;encontradas y las soluciones propuestas, y un resumen de resultados obtenidos, incluyendo publicaciones y comunicaciones a congresos si las&nbsp;hubiera. A partir del 2\u00ba a\u00f1o (4\u00ba a\u00f1o en dedicaci\u00f3n a tiempo parcial), se incluir\u00e1 una previsi\u00f3n razonada del tiempo necesario para la terminaci\u00f3n de la&nbsp;tesis y la posibilidad solicitar una pr\u00f3rroga al finalizar el 3\u00ba a\u00f1o (5\u00ba a\u00f1o en dedicaci\u00f3n a tiempo parcial). En el caso de que el director considerara inviable&nbsp;la finalizaci\u00f3n del trabajo debe argumentarlo adecuadamente. La evaluaci\u00f3n positiva ser\u00e1 requisito indispensable para continuar en el programa. En&nbsp;caso de evaluaci\u00f3n negativa, la comisi\u00f3n acad\u00e9mica emitir\u00e1 un informe motivando la misma, en el que se propondr\u00e1n las medidas correctoras oportunas&nbsp;de cara a la siguiente evaluaci\u00f3n. En el caso de evaluaci\u00f3n negativa, el doctorando deber\u00e1 ser de nuevo evaluado en el plazo de seis meses, a cuyo&nbsp;efecto elaborar\u00e1 un nuevo Plan de investigaci\u00f3n. En el supuesto de producirse una nueva evaluaci\u00f3n negativa, el doctorando causar\u00e1 baja definitiva en el programa.<\/p>\n\n\n\n<p><strong>Previsi\u00f3n de estancias de los doctorandos en otros centros.<\/strong><\/p>\n\n\n\n<p>Uno de los retos prioritarios de la ULL en los \u00faltimos a\u00f1os ha sido el impulso de colaboraciones con otros centros nacionales e internacionales de investigaci\u00f3n&nbsp;y formaci\u00f3n de posgrado. Nuestra situaci\u00f3n geogr\u00e1fica condiciona estas relaciones en un doble sentido. Por un lado, la lejan\u00eda hace m\u00e1s dif\u00edcil&nbsp;mantener una interacci\u00f3n directa y fluida con centros de referencia nacional y europeo, y por otro, nos convierte en un punto estrat\u00e9gico para la interacci\u00f3n&nbsp;con pa\u00edses africanos y latinos. Los esfuerzos realizados en los \u00faltimos a\u00f1os para fortalecer estas relaciones se reflejan en: a) la concesi\u00f3n de&nbsp;\u00abCampus de Excelencia Internacional\u00bb en 2010 por el MINECO, b) la firma de convenios de formaci\u00f3n de doctorado en el \u00e1rea de Ciencias de la Salud con diferentes universidades europeas: Universit\u00e4t Ulm, Alemania; Univerit\u00e1 degli studi di Verona, Italia; Universit\u00e1 degli studi di Udine, Italia; Universit\u00e1 degli studi di Bari, Italia; c) la ejecuci\u00f3n de dos proyectos europeos que contemplan la movilidad de investigadores pre- y posdoctorales: \u00abExploring Marine Resources for Bioactive Compounds: From Discovery to Sustainable Production and Industrial Applications\u00bb (MAREX, FP7-KBBE-2009-3), e \u00abImproving Biomedical Research and Innovation in the Canary Islands\u00bb (IMBRAIN, FP7-REGPOT-2012-CT2012-316137), d) convenios con diferentes universidades y centros de investigaci\u00f3n de pa\u00edses latinoamericanos y africanos en el campo de Ciencias de la Salud y Salud P\u00fablica que incluyen formaci\u00f3n doctoral: Universidad de West Indies (Jamaica) y el Instituto Tecnol\u00f3gico de Sonora (M\u00e9jico), Universidad de Santiago de Chile (2011), la Universidad de la Rep\u00fablica Oriental de Uruguay (2012) y la Universidad Michoacana de M\u00e9xico (2013), la Plataforma Atl\u00e1ntica para el control e investigaci\u00f3n de las enfermedades tropicales (PACIET) con la participaci\u00f3n de otras universidades y centros e investigaci\u00f3n espa\u00f1oles y de Portugal, Cabo Verde, Sud\u00e1frica, Camer\u00fan, Senegal, Chile y Venezuela, (ver documento de compendio de convenios y colaboraciones anexo al punto 1.4 de la presente memoria) y e) Numerosas colaboraciones no conveniadas entre investigadores que participan en el programa e investigadores de Centros de referencia nacionales e internacionales (ver apartado 1.4.1) . Estas interacciones nos permiten prever un incremento en la movilidad de los estudiantes de doctorado en los pr\u00f3ximos a\u00f1os.<\/p>\n<\/div><\/div><\/div>\n\n\n\n<div class=\"wp-block-stackable-column stk-block-column stk-column stk-block stk-53ec762\" data-v=\"4\" data-block-id=\"53ec762\"><style>.stk-53ec762-inner-blocks{row-gap:0px !important;}.stk-53ec762 {padding-top:0px !important;padding-right:0px !important;padding-bottom:0px !important;padding-left:0px !important;}@media screen and (min-width: 768px){.stk-53ec762 {flex:var(--stk-flex-grow, 1) 1 33.3% !important;}}<\/style><div class=\"stk-column-wrapper stk-block-column__content stk-container stk-53ec762-container stk--no-background stk--no-padding\"><div class=\"stk-block-content stk-inner-blocks stk-53ec762-inner-blocks\">\n\n<ul class=\"widget-box\">\n<li class='contacto-header'>Informaci\u00f3n de contacto<\/li><li><i class=\"fa fa-map-marker\"><\/i> Avda. Astrof\u00edsico Francisco S\u00e1nchez, SN. Edificio Calabaza \u2013 AN.2D Apdo. 456 38200 San Crist\u00f3bal de La Laguna<\/li><li><i class=\"fa fa-envelope\"><\/i>  <a href=mailto:doctorado.cienciasalud@ull.es>doctorado.cienciasalud@ull.es<\/a><\/li><li><i class=\"fa fa-calendar\"><\/i><a href=\"http:\/\/citaprevia.ull.es\/index.php?s=edpo\"> Cita previa<\/a><\/li>\n<\/ul>\n\n\n<\/div><\/div><\/div>\n<\/div><\/div>\n","protected":false},"excerpt":{"rendered":"<p>Seguimiento del doctorando La supervisi\u00f3n, seguimiento y evaluaci\u00f3n de los programas de doctorado son responsabilidad de la Escuela de Doctorado, a trav\u00e9s de la Comisi\u00f3n de&nbsp;Estudios de Posgrado, y de la Comisi\u00f3n Acad\u00e9mica del Programa. De acuerdo a los arts. 14-16 del REODULL, de la Comisi\u00f3n Acad\u00e9mica del programa&nbsp;estar\u00e1 compuesta por un m\u00e1ximo de siete&#8230;<\/p>\n","protected":false},"author":1,"featured_media":0,"parent":27,"menu_order":0,"comment_status":"closed","ping_status":"closed","template":"templates\/template-frontpage.php","meta":{"_acf_changed":false,"footnotes":""},"class_list":["post-72","page","type-page","status-publish","hentry"],"acf":[],"publishpress_future_action":{"enabled":false,"date":"2026-04-17 09:41:58","action":"change-status","newStatus":"draft","terms":[],"taxonomy":"","extraData":[]},"publishpress_future_workflow_manual_trigger":{"enabledWorkflows":[]},"_links":{"self":[{"href":"https:\/\/www.ull.es\/doctorados\/ciencias-salud\/wp-json\/wp\/v2\/pages\/72","targetHints":{"allow":["GET"]}}],"collection":[{"href":"https:\/\/www.ull.es\/doctorados\/ciencias-salud\/wp-json\/wp\/v2\/pages"}],"about":[{"href":"https:\/\/www.ull.es\/doctorados\/ciencias-salud\/wp-json\/wp\/v2\/types\/page"}],"author":[{"embeddable":true,"href":"https:\/\/www.ull.es\/doctorados\/ciencias-salud\/wp-json\/wp\/v2\/users\/1"}],"replies":[{"embeddable":true,"href":"https:\/\/www.ull.es\/doctorados\/ciencias-salud\/wp-json\/wp\/v2\/comments?post=72"}],"version-history":[{"count":6,"href":"https:\/\/www.ull.es\/doctorados\/ciencias-salud\/wp-json\/wp\/v2\/pages\/72\/revisions"}],"predecessor-version":[{"id":572,"href":"https:\/\/www.ull.es\/doctorados\/ciencias-salud\/wp-json\/wp\/v2\/pages\/72\/revisions\/572"}],"up":[{"embeddable":true,"href":"https:\/\/www.ull.es\/doctorados\/ciencias-salud\/wp-json\/wp\/v2\/pages\/27"}],"wp:attachment":[{"href":"https:\/\/www.ull.es\/doctorados\/ciencias-salud\/wp-json\/wp\/v2\/media?parent=72"}],"curies":[{"name":"wp","href":"https:\/\/api.w.org\/{rel}","templated":true}]}}