{"id":82,"date":"2018-02-22T14:14:43","date_gmt":"2018-02-22T14:14:43","guid":{"rendered":"http:\/\/www.ull.es\/doctorados\/ciencia-salud\/?page_id=82"},"modified":"2025-08-20T07:42:38","modified_gmt":"2025-08-20T07:42:38","slug":"movilidad","status":"publish","type":"page","link":"https:\/\/www.ull.es\/doctorados\/ciencias-salud\/informacion-academica\/movilidad\/","title":{"rendered":"Movilidad"},"content":{"rendered":"\n<div class=\"wp-block-stackable-columns alignfull stk-block-columns stk-block stk-2314a6b\" data-block-id=\"2314a6b\"><style>.stk-2314a6b {padding-bottom:0px !important;margin-top:-100px !important;margin-bottom:0px !important;}<\/style><div class=\"stk-row stk-inner-blocks stk-block-content stk-content-align stk-2314a6b-column alignfull\">\n<div class=\"wp-block-stackable-column stk-block-column stk-column stk-block stk-1d1764d\" data-v=\"4\" data-block-id=\"1d1764d\"><div class=\"stk-column-wrapper stk-block-column__content stk-container stk-1d1764d-container stk--no-background stk--no-padding\"><div class=\"stk-block-content stk-inner-blocks stk-1d1764d-inner-blocks\"><style id=\"depicter-1-inline-pre-css\">\n\n.depicter-1:not(.depicter-ready){\n\theight:450px;\n}\n\n\/***** Tablet *****\/\n@media screen and (max-width: 1024px){\n\n.depicter-1:not(.depicter-ready){\n\theight:700px;\n}\n\n}\n\/***** Mobile *****\/\n@media screen and (max-width: 767px){\n\n.depicter-1:not(.depicter-ready){\n\theight:360px;\n}\n\n}\n<\/style>\n<div id=\"depicter-1\" class=\"depicter depicter-document depicter-revert depicter-1 depicter-layout-fullwidth\">\n\n<div class=\"depicter-loading-container depicter-loading dotFlashing-dark\"><div class=\"depicter-loading-dark depicter-dot-flashing\">\n   <span><\/span>\n   <span><\/span>\n   <span><\/span>\n<\/div>\n<\/div>\n<div id=\"depicter-1-section-1\" class=\"depicter-section depicter-1-section-1\" data-name=\"Section 1\" data-type=\"section\" data-local-id=\"section-1\">\n<picture class=\"depicter-bg\">\n<source data-depicter-srcset=\"https:\/\/www.ull.es\/doctorados\/ciencias-salud\/wp-content\/uploads\/sites\/2\/2025\/05\/Headers-Doctorados_Doctorado-Ciencias-de-la-Salud-768x248.jpg, https:\/\/www.ull.es\/doctorados\/ciencias-salud\/wp-content\/uploads\/sites\/2\/2025\/05\/Headers-Doctorados_Doctorado-Ciencias-de-la-Salud.jpg 2x\" srcset=\"data:image\/gif;base64,R0lGODlhAQABAIAAAAAAAP\/\/\/yH5BAEAAAAALAAAAAABAAEAAAIBRAA7\" media=\"(max-width: 1024px)\" \/>\n\n<source data-depicter-srcset=\"https:\/\/www.ull.es\/doctorados\/ciencias-salud\/wp-content\/uploads\/sites\/2\/2025\/05\/Headers-Doctorados_Doctorado-Ciencias-de-la-Salud.jpg, https:\/\/www.ull.es\/doctorados\/ciencias-salud\/wp-content\/uploads\/sites\/2\/2025\/05\/Headers-Doctorados_Doctorado-Ciencias-de-la-Salud-2000x645.jpg 2x\" srcset=\"data:image\/gif;base64,R0lGODlhAQABAIAAAAAAAP\/\/\/yH5BAEAAAAALAAAAAABAAEAAAIBRAA7\" media=\"(min-width: 1025px)\" \/>\n<img decoding=\"async\" src=\"data:image\/gif;base64,R0lGODlhAQABAIAAAAAAAP\/\/\/yH5BAEAAAAALAAAAAABAAEAAAIBRAA7\" data-ken-burns=\"false\" data-tablet-ken-burns=\"false\" data-mobile-ken-burns=\"false\" alt=\"\" data-depicter-src=\"https:\/\/www.ull.es\/doctorados\/ciencias-salud\/wp-content\/uploads\/sites\/2\/2025\/05\/Headers-Doctorados_Doctorado-Ciencias-de-la-Salud.jpg\" data-object-fit=\"custom,custom,\" data-object-position=\"center top,,\" data-crop=\"{'focalPoint':{'x':0.5,'y':0.5},'mediaSize':{'width':1395.3488372093024736386723816394805908203125,'height':450}}\" data-tablet-crop=\"{'focalPoint':{'x':0.5,'y':0.5},'mediaSize':{'width':2170.54263565891460530110634863376617431640625,'height':700}}\" data-mobile-crop=\"{'focalPoint':{'x':0.5,'y':0.5},'mediaSize':{'width':2294.57364341085258274688385426998138427734375,'height':740}}\" \/>\n<\/picture>\n\n\n<h1 id=\"depicter-1-element-5\" class=\"depicter-element depicter-layer depicter-1-element-5\" data-type=\"text\" data-wrap=\"true\" data-name=\"Text 2\" data-local-id=\"element-5\" data-offset=\"x:0px;y:138px;origin:tl\" data-tablet-offset=\"x:189px;y:208px;origin:tl\" data-mobile-offset=\"x:20px;y:84px;origin:tl\" data-width=\"1200px,642px,354px\" data-height=\"auto,auto,auto\" data-responsive-scale=\"true,,\">Programa de Doctorado en Ciencias de la Salud<\/h1>\n\n<div id=\"depicter-1-element-10\" class=\"depicter-element depicter-layer depicter-1-element-10\" data-type=\"shape\" data-wrap=\"true\" data-name=\"Shape 1\" data-local-id=\"element-10\" data-offset=\"x:0px;y:318px;origin:tl\" data-tablet-offset=\"x:189px;y:432px;origin:tl\" data-mobile-offset=\"x:20px;y:292px;origin:tl\" data-width=\"985px,647px,320px\" data-height=\"8px,8px,8px\" data-responsive-scale=\"true,,\"><\/div>\n<\/div>\n<\/div>\n<script>\n(window.depicterSetups = window.depicterSetups || []).push(function(){\n\tDepicter.basePath = 'https:\/\/www.ull.es\/doctorados\/ciencias-salud\/wp-content\/plugins\/depicter\/resources\/scripts\/player\/';\n\tconst dpPlayer = Depicter.setup('.depicter-1',\n\t\t{\"width\":[\"1200\",\"1024\",\"360\"],\"height\":[\"450\",\"700\",\"360\"],\"view\":\"basic\",\"keepAspectRatio\":true,\"preload\":0,\"layout\":\"fullwidth\",\"rtl\":false,\"initAfterAppear\":false,\"ajaxApiUrl\":\"https:\\\/\\\/www.ull.es\\\/doctorados\\\/ciencias-salud\\\/wp-admin\\\/admin-ajax.php\",\"mouseSwipe\":true,\"touchSwipe\":true,\"useWatermark\":false}\n\t);\n});\n<\/script><\/div><\/div><\/div>\n<\/div><\/div>\n\n\n\n<div class=\"wp-block-stackable-columns alignfull stk-block-columns stk--hide-mobile stk-block stk-6394276 stk-block-background\" data-block-id=\"6394276\"><style>.stk-6394276 {background-color:#f33f4e !important;padding-top:10px !important;margin-bottom:0px !important;}.stk-6394276:before{background-color:#f33f4e !important;}<\/style><div class=\"stk-row stk-inner-blocks stk-block-content stk-content-align stk-6394276-column alignfull\">\n<div class=\"wp-block-stackable-column stk-block-column stk-column stk-block stk-8a66885\" data-v=\"4\" data-block-id=\"8a66885\"><div class=\"stk-column-wrapper stk-block-column__content stk-container stk-8a66885-container stk--no-background stk--no-padding\"><div class=\"stk-block-content stk-inner-blocks stk-8a66885-inner-blocks\">\n<div class=\"wp-block-stackable-spacer stk-block-spacer stk--no-padding stk-block stk-bc89b3e\" data-block-id=\"bc89b3e\"><style>.stk-bc89b3e {height:0px !important;}<\/style><\/div>\n<\/div><\/div><\/div>\n<\/div><\/div>\n\n\n\n<div class=\"wp-block-stackable-columns stk-block-columns stk-block stk-8b59b96\" data-block-id=\"8b59b96\"><style>.stk-8b59b96 .stk--block-align-8b59b96{align-items:flex-start !important;}.stk-8b59b96 {margin-top:50px !important;}.stk-8b59b96-column{--stk-columns-spacing:0px !important;--stk-column-gap:50px !important;}<\/style><div class=\"stk-row stk-inner-blocks stk--block-align-8b59b96 stk-block-content stk-content-align stk-8b59b96-column\">\n<div class=\"wp-block-stackable-column stk-block-column stk-column stk-block stk-dbb7e15\" data-v=\"4\" data-block-id=\"dbb7e15\"><style>@media screen and (min-width: 768px){.stk-dbb7e15 {flex:var(--stk-flex-grow, 1) 1 66.7% !important;}}<\/style><div class=\"stk-column-wrapper stk-block-column__content stk-container stk-dbb7e15-container stk--no-background stk--no-padding\"><div class=\"stk-block-content stk-inner-blocks stk-dbb7e15-inner-blocks\">\n<div class=\"wp-block-stackable-heading stk-block-heading stk-block-heading--v2 stk-block stk-cc0239e\" id=\"complementos-de-formacion\" data-block-id=\"cc0239e\"><style>.stk-cc0239e .stk-block-heading__text{color:#000000 !important;font-weight:500 !important;}<\/style><h1 class=\"stk-block-heading__text has-text-color\">Movilidad<\/h1><\/div>\n\n\n\n<div class=\"wp-block-stackable-text stk-block-text stk-block stk-01c02f0\" data-block-id=\"01c02f0\"><p class=\"stk-block-text__text\"><strong>Estancias en otros centros de investigaci\u00f3n (movilidad)<\/strong><\/p><\/div>\n\n\n\n<ul class=\"wp-block-list\">\n<li>N\u00famero de horas: 400<\/li>\n\n\n\n<li>Actuaciones de movilidad:&nbsp;Las acciones de movilidad ser\u00e1n reguladas por la&nbsp;<a href=\"https:\/\/www.ull.es\/portal\/normativa\/\" target=\"_blank\" rel=\"noreferrer noopener\" target=\"_blank\" rel=\"noopener\">normativa de movilidad de la ULL<\/a>. Ver tambi\u00e9n los&nbsp;<a href=\"https:\/\/drive.google.com\/open?id=1GlcrKiyOcgyx9EH_Txy-pGWhasMvOEZT\" target=\"_blank\" rel=\"noreferrer noopener\" target=\"_blank\" rel=\"noopener\">puntos 5.2.4<\/a>&nbsp;(Previsi\u00f3n de estancias doctorales en otros centros) y&nbsp;<a href=\"https:\/\/drive.google.com\/open?id=1GlcrKiyOcgyx9EH_Txy-pGWhasMvOEZT\" target=\"_blank\" rel=\"noreferrer noopener\" target=\"_blank\" rel=\"noopener\">8.1.3<\/a>&nbsp;(Procedimientos que regulan el correcto desarrollo de los programas&nbsp;de movilidad) de la presente memoria.<\/li>\n\n\n\n<li>Estancia de al menos tres meses, a completar en una o dos visitas, en otro centro nacional o extranjero de reconocido prestigio. La selecci\u00f3n del centro&nbsp;de destino y el periodo de la estancia m\u00e1s adecuado deben ser acordados con el director de la tesis.<\/li>\n\n\n\n<li>Justificaci\u00f3n: Potenciaci\u00f3n de las competencias espec\u00edficas b\u00e1sicas CB13, CB15, y capacidades CA04 y CA05.<\/li>\n\n\n\n<li>Planificaci\u00f3n temporal:<\/li>\n\n\n\n<li>Estudiantes con dedicaci\u00f3n a tiempo completo: durante el segundo o tercer a\u00f1o<\/li>\n\n\n\n<li>Estudiantes con dedicaci\u00f3n a tiempo parcial: durante el tercero o cuarto a\u00f1o.<\/li>\n\n\n\n<li>Resultados del aprendizaje: Ser capaz de integrarse en un grupo de investigaci\u00f3n extranjero y colaborar en sus l\u00edneas de investigaci\u00f3n. Resolver cuestiones&nbsp;concretas planteadas en su investigaci\u00f3n. Aprender nuevas t\u00e9cnicas y ser capaz de aplicarlas al desarrollo de su tesis doctoral. Iniciar contactos&nbsp;para colaboraciones futuras<\/li>\n\n\n\n<li>Idioma: Espa\u00f1ol\/ingl\u00e9s.<\/li>\n\n\n\n<li>Actividad voluntaria condicionada a la disponibilidad presupuestaria. La financiaci\u00f3n prevista para esta actividad proviene de fondos de movilidad de la<br>propia universidad, de partidas espec\u00edficas de convenios y proyectos y de convocatorias externas de \u00e1mbito local, nacional e internacional (ver&nbsp;<a href=\"https:\/\/drive.google.com\/open?id=1GlcrKiyOcgyx9EH_Txy-pGWhasMvOEZT\" target=\"_blank\" rel=\"noreferrer noopener\" target=\"_blank\" rel=\"noopener\">apartado&nbsp;7.2<\/a>: Previsi\u00f3n de recursos externos y bolsas de viaje para ayudas a congresos y estancias en otros centros). Se estima que el 25-50% de los alumnos&nbsp;con dedicaci\u00f3n a tiempo completo, y el 15-35% de los alumnos con dedicaci\u00f3n a tiempo parcial, puedan beneficiarse de esta actividad.<\/li>\n\n\n\n<li>Sin perjuicio del establecimiento de nuevas colaboraciones en funci\u00f3n de objetivos, en el&nbsp;<a href=\"http:\/\/www.ull.es\/Private\/folder\/masters\/cienciasalud\/MemoriaCCSalud.pdf\" target=\"_blank\" rel=\"noreferrer noopener\" target=\"_blank\" rel=\"noopener\">apartado 1.4<\/a>&nbsp;se mencionan algunos grupos con los que actualmente&nbsp;existen colaboraciones y centros con los que existen convenios (anexos) que incluyen movilidad de doctorandos (ver tambi\u00e9n&nbsp;<a href=\"https:\/\/drive.google.com\/open?id=1GlcrKiyOcgyx9EH_Txy-pGWhasMvOEZT\" target=\"_blank\" rel=\"noreferrer noopener\" target=\"_blank\" rel=\"noopener\">apartados&nbsp;5.2.4<\/a>: Organizaci\u00f3n del Programa. Previsi\u00f3n de estancias de doctorandos en otros centros).<\/li>\n\n\n\n<li>El Sistema de Garant\u00eda Interna de Calidad ser\u00e1 responsable de los procedimientos para el correcto desarrollo de la movilidad (ver&nbsp;<a href=\"https:\/\/drive.google.com\/open?id=1GlcrKiyOcgyx9EH_Txy-pGWhasMvOEZT\" target=\"_blank\" rel=\"noreferrer noopener\" target=\"_blank\" rel=\"noopener\">apartado 8.1.3<\/a>).<\/li>\n\n\n\n<li>Procedimiento de control:&nbsp;Memoria previa a la estancia que incluya: 1. Justificaci\u00f3n de la oportunidad de la estancia en el contexto del trabajo de tesis, 2. experiencia del grupo&nbsp;receptor en el tema y\/o t\u00e9cnica a desarrollar, 3. Exposici\u00f3n de las cuestiones concretas que se quieren resolver. 4. plan de trabajo, 5. Fuente de financiaci\u00f3n&nbsp;para la realizaci\u00f3n de la estancia.&nbsp;Una vez realizada la estancia: 1. Informe del responsable del grupo receptor en que se ha realizado la estancia sobre el aprovechamiento, 2. Informe&nbsp;personal razonado de los objetivos alcanzados y no alcanzados con respecto al plan propuesto. 3. Presentaci\u00f3n de los progresos que la estancia ha&nbsp;supuesto para la tesis en un seminario del grupo de investigaci\u00f3n. La memoria debe ser incluida en el registro personalizado de actividades.<\/li>\n<\/ul>\n<\/div><\/div><\/div>\n\n\n\n<div class=\"wp-block-stackable-column stk-block-column stk-column stk-block stk-53ec762\" data-v=\"4\" data-block-id=\"53ec762\"><style>.stk-53ec762-inner-blocks{row-gap:0px !important;}.stk-53ec762 {padding-top:0px !important;padding-right:0px !important;padding-bottom:0px !important;padding-left:0px !important;}@media screen and (min-width: 768px){.stk-53ec762 {flex:var(--stk-flex-grow, 1) 1 33.3% !important;}}<\/style><div class=\"stk-column-wrapper stk-block-column__content stk-container stk-53ec762-container stk--no-background stk--no-padding\"><div class=\"stk-block-content stk-inner-blocks stk-53ec762-inner-blocks\">\n\n<ul class=\"widget-box\">\n<li class='contacto-header'>Informaci\u00f3n de contacto<\/li><li><i class=\"fa fa-map-marker\"><\/i> Avda. Astrof\u00edsico Francisco S\u00e1nchez, SN. Edificio Calabaza \u2013 AN.2D Apdo. 456 38200 San Crist\u00f3bal de La Laguna<\/li><li><i class=\"fa fa-envelope\"><\/i>  <a href=mailto:doctorado.cienciasalud@ull.es>doctorado.cienciasalud@ull.es<\/a><\/li><li><i class=\"fa fa-calendar\"><\/i><a href=\"http:\/\/citaprevia.ull.es\/index.php?s=edpo\"> Cita previa<\/a><\/li>\n<\/ul>\n\n\n<\/div><\/div><\/div>\n<\/div><\/div>\n","protected":false},"excerpt":{"rendered":"<p>Movilidad Estancias en otros centros de investigaci\u00f3n (movilidad)<\/p>\n","protected":false},"author":1,"featured_media":0,"parent":17,"menu_order":0,"comment_status":"closed","ping_status":"closed","template":"templates\/template-frontpage.php","meta":{"_acf_changed":false,"footnotes":""},"class_list":["post-82","page","type-page","status-publish","hentry"],"acf":[],"publishpress_future_action":{"enabled":false,"date":"2026-04-17 09:41:54","action":"change-status","newStatus":"draft","terms":[],"taxonomy":"","extraData":[]},"publishpress_future_workflow_manual_trigger":{"enabledWorkflows":[]},"_links":{"self":[{"href":"https:\/\/www.ull.es\/doctorados\/ciencias-salud\/wp-json\/wp\/v2\/pages\/82","targetHints":{"allow":["GET"]}}],"collection":[{"href":"https:\/\/www.ull.es\/doctorados\/ciencias-salud\/wp-json\/wp\/v2\/pages"}],"about":[{"href":"https:\/\/www.ull.es\/doctorados\/ciencias-salud\/wp-json\/wp\/v2\/types\/page"}],"author":[{"embeddable":true,"href":"https:\/\/www.ull.es\/doctorados\/ciencias-salud\/wp-json\/wp\/v2\/users\/1"}],"replies":[{"embeddable":true,"href":"https:\/\/www.ull.es\/doctorados\/ciencias-salud\/wp-json\/wp\/v2\/comments?post=82"}],"version-history":[{"count":6,"href":"https:\/\/www.ull.es\/doctorados\/ciencias-salud\/wp-json\/wp\/v2\/pages\/82\/revisions"}],"predecessor-version":[{"id":567,"href":"https:\/\/www.ull.es\/doctorados\/ciencias-salud\/wp-json\/wp\/v2\/pages\/82\/revisions\/567"}],"up":[{"embeddable":true,"href":"https:\/\/www.ull.es\/doctorados\/ciencias-salud\/wp-json\/wp\/v2\/pages\/17"}],"wp:attachment":[{"href":"https:\/\/www.ull.es\/doctorados\/ciencias-salud\/wp-json\/wp\/v2\/media?parent=82"}],"curies":[{"name":"wp","href":"https:\/\/api.w.org\/{rel}","templated":true}]}}