{"id":21,"date":"2018-02-22T11:07:35","date_gmt":"2018-02-22T11:07:35","guid":{"rendered":"http:\/\/localhost\/ull\/doctorados\/?page_id=21"},"modified":"2020-10-01T08:44:53","modified_gmt":"2020-10-01T08:44:53","slug":"entidades-participantes","status":"publish","type":"page","link":"https:\/\/www.ull.es\/doctorados\/derecho-sociedad-turismo\/fr\/entidades-participantes\/","title":{"rendered":"Entit\u00e9s participantes"},"content":{"rendered":"<p>[vc_row][vc_column][vc_column_text]<\/p>\n<h1>Entidades participantes<\/h1>\n<p>Por su importancia, en cuanto justifica la existencia de este programa de doctorado, se se\u00f1ala la REDINTUR, que ha sido la plataforma para integrar a varias universidades, con investigadores de acreditada trayectoria y relevancia nacional e internacional en este doctorado.<br \/>\nEsta red agrupa 28 universidades con fines comunes en docencia e investigaci\u00f3n, y se ha convertido en un punto fuerte como demuestra el hecho de ser considerada generadora de talento y emprendedur\u00eda dentro del Plan Nacional e Integral del Turismo 2012-2015 del Ministerio de Industria, Energ\u00eda y Turismo (p. 29).<\/p>\n<h3>Otras colaboraciones<\/h3>\n<p>Adem\u00e1s de la colaboraci\u00f3n con la REDINTUR existen otros convenios en materia de formaci\u00f3n especializada en turismo e investigaci\u00f3n, que se basan en relaciones establecidas por profesores e investigadores con instituciones de reconocido prestigio en turismo. Estos convenios sustentan tres aspectos clave del programa:<br \/>\n\u2013 Son el medio para garantizar la realizaci\u00f3n de estancias de investigaci\u00f3n que servir\u00e1n al alumnado del programa de doctorado<br \/>\n\u2013 Garantizan la presencia de expertos extranjeros para la realizaci\u00f3n de informes de tesis y su participaci\u00f3n en tribunales de tesis.<br \/>\n\u2013 Permiten contar con expertos para la impartici\u00f3n de seminarios especializados en la materia.<br \/>\nA continuaci\u00f3n se enumeran los acuerdos celebrados en consonancia con las l\u00edneas de investigaci\u00f3n del programa de doctorado:<\/p>\n<ul>\n<li>International School of Management (Alemania)<\/li>\n<\/ul>\n<p>Intercambio de estudiantes entre las universidades.<\/p>\n<ul>\n<li>Universit\u00e9 de Provence, Aix-Marseille (Francia)<\/li>\n<\/ul>\n<p>Intercambio de estudiantes entre las universidades.<\/p>\n<ul>\n<li>Universidad de Boyac\u00e1 (Colombia)<\/li>\n<\/ul>\n<p>Establecer las bases para llevar a cabo entre ambas universidades el intercambio de estudiantes de nivel de grado, m\u00e1ster oficial y doctorado.<\/p>\n<ul>\n<li>Universidad federal de Roraima (Brasil)<\/li>\n<\/ul>\n<p>Alentar el intercambio de investigadores y docentes, especialmente en aquellas \u00e1reas acad\u00e9micas de inter\u00e9s mutuo.<\/p>\n<ul>\n<li>Universidad Central de Ecuador<\/li>\n<\/ul>\n<p>Establecer las condiciones de colaboraci\u00f3n entre las partes para la organizaci\u00f3n de la participaci\u00f3n, matriculaci\u00f3n y estudio doctoral de docentes titulares de la Universidad Central del Ecuador en el Programa de Doctorado Interuniversitario en Turismo.<\/p>\n<ul>\n<li>Red EDEN<\/li>\n<\/ul>\n<p>Promover el desarrollo y la colaboraci\u00f3n en el aprendizaje virtual mediante el apoyo a instituciones, otras redes e individuos, publicaciones, servicios de informaci\u00f3n y los proyectos europeos<\/p>\n<ul>\n<li>Red EADTU<\/li>\n<\/ul>\n<p>Trabajar en grupo sobre temas como las pol\u00edticas de ense\u00f1anza superior, lobbismo, el aprendizaje virtual, la Membres\u00eda. Movilidad virtual y los recursos educativos abiertos (OER, Open Educational Resources).<\/p>\n<ul>\n<li>Fundaci\u00f3n Santa Mar\u00eda La Real del Patrimonio Hist\u00f3rico<\/li>\n<\/ul>\n<p>Establecimiento de un espacio de colaboraci\u00f3n entre ambas entidades en diferentes \u00e1reas y modalidades.<\/p>\n<ul>\n<li>University of Central Florida<\/li>\n<\/ul>\n<p>Establecer los criterios bajo los cuales ambas universidades relizar\u00e1n actividades de inter\u00e9s mutuo para el intercambio de estudiantes de posgrado y la colaboraci\u00f3n en actividades de investigaci\u00f3n.<\/p>\n<ul>\n<li>Agencia Estatal Consejo Superior de Investigaciones Cient\u00edficas<\/li>\n<\/ul>\n<p>Establecimiento de un marco de actuaci\u00f3n en el desarrollo de programas de doctorado en Institutos del CSIC, a fin de reforzar la formaci\u00f3n de los doctorandos.<\/p>\n<ul>\n<li>Universit\u00e9 Par\u00eds. Panth\u00e9on-Sorbone<\/li>\n<\/ul>\n<p>Acuerdo para establecer el procedimiento de cotutela de tesis P\u00fablico<\/p>\n<ul>\n<li>Universit\u00e9 Paris<\/li>\n<\/ul>\n<p>Doble t\u00edtulo de m\u00e1ster en Turismo. Para los alumnos que elijan la v\u00eda investigadora, se podr\u00e1n firmar acuerdos de cotutela para el desarrollo de tesis doctorales.<\/p>\n<ul>\n<li>Mesa de Turismo<\/li>\n<\/ul>\n<p>An\u00e1lisis de la coyuntura, sistema de cuentas nacionales e informes monogr\u00e1ficos sobre cuestiones actuales.<\/p>\n<ul>\n<li>SEGITTUR<\/li>\n<\/ul>\n<p>Actualizaci\u00f3n del PAK o juego de herramientas de digitalizaci\u00f3n para la gesti\u00f3n de peque\u00f1as y medianas empresas del sector.<\/p>\n<ul>\n<li>Universidad do Vale do Itaja\u00ed. Brasil<\/li>\n<\/ul>\n<p>Facilitar la movilidad de profesores y alumnos y el intercambio de conocimiento entre ambas universidades.<\/p>\n<ul>\n<li>Instituto Polit\u00e9cnico de Leira (Portugal)<\/li>\n<\/ul>\n<p>Desarrollo de programas anuales de intercambio cient\u00edfico y cultural que comprenden programas de postgrado.[\/vc_column_text][\/vc_column][\/vc_row]<\/p>\n","protected":false},"excerpt":{"rendered":"<p>[vc_row][vc_column][vc_column_text] Entidades participantes Por su importancia, en cuanto justifica la existencia de este programa de doctorado, se se\u00f1ala la REDINTUR, que ha sido la plataforma para integrar a varias universidades, con investigadores de acreditada trayectoria y relevancia nacional e internacional en este doctorado. Esta red agrupa 28 universidades con fines comunes en docencia e investigaci\u00f3n,&#8230;<\/p>\n","protected":false},"author":1,"featured_media":0,"parent":0,"menu_order":0,"comment_status":"closed","ping_status":"closed","template":"","meta":{"_acf_changed":false,"footnotes":""},"class_list":["post-21","page","type-page","status-publish","hentry"],"acf":[],"publishpress_future_action":{"enabled":false,"date":"2026-04-17 04:31:33","action":"change-status","newStatus":"draft","terms":[],"taxonomy":"","extraData":[]},"publishpress_future_workflow_manual_trigger":{"enabledWorkflows":[]},"_links":{"self":[{"href":"https:\/\/www.ull.es\/doctorados\/derecho-sociedad-turismo\/fr\/wp-json\/wp\/v2\/pages\/21","targetHints":{"allow":["GET"]}}],"collection":[{"href":"https:\/\/www.ull.es\/doctorados\/derecho-sociedad-turismo\/fr\/wp-json\/wp\/v2\/pages"}],"about":[{"href":"https:\/\/www.ull.es\/doctorados\/derecho-sociedad-turismo\/fr\/wp-json\/wp\/v2\/types\/page"}],"author":[{"embeddable":true,"href":"https:\/\/www.ull.es\/doctorados\/derecho-sociedad-turismo\/fr\/wp-json\/wp\/v2\/users\/1"}],"replies":[{"embeddable":true,"href":"https:\/\/www.ull.es\/doctorados\/derecho-sociedad-turismo\/fr\/wp-json\/wp\/v2\/comments?post=21"}],"version-history":[{"count":4,"href":"https:\/\/www.ull.es\/doctorados\/derecho-sociedad-turismo\/fr\/wp-json\/wp\/v2\/pages\/21\/revisions"}],"predecessor-version":[{"id":243,"href":"https:\/\/www.ull.es\/doctorados\/derecho-sociedad-turismo\/fr\/wp-json\/wp\/v2\/pages\/21\/revisions\/243"}],"wp:attachment":[{"href":"https:\/\/www.ull.es\/doctorados\/derecho-sociedad-turismo\/fr\/wp-json\/wp\/v2\/media?parent=21"}],"curies":[{"name":"wp","href":"https:\/\/api.w.org\/{rel}","templated":true}]}}