{"id":23,"date":"2018-02-22T11:09:29","date_gmt":"2018-02-22T11:09:29","guid":{"rendered":"http:\/\/localhost\/ull\/doctorados\/?page_id=23"},"modified":"2020-10-01T08:29:47","modified_gmt":"2020-10-01T08:29:47","slug":"justificacion-del-titulo","status":"publish","type":"page","link":"https:\/\/www.ull.es\/doctorados\/derecho-sociedad-turismo\/fr\/justificacion-del-titulo\/","title":{"rendered":"Justification du titre"},"content":{"rendered":"<p>[vc_row][vc_column][vc_column_text]<\/p>\n<h1>Justificaci\u00f3n del t\u00edtulo<\/h1>\n<p>El turismo en Espa\u00f1a se ha consolidado como uno de los sectores m\u00e1s relevantes desde el punto de vista econ\u00f3mico y social. Es posible afirmar que, en el contexto de las ciencias sociales, se trata de un objeto de conocimiento interdisciplinar que ata\u00f1e a un conjunto de actividades, llevadas a cabo tanto por empresas privadas como por instituciones p\u00fablicas. Como \u00e1mbito de investigaci\u00f3n, es relevante su dimensi\u00f3n en el desarrollo socioecon\u00f3mico y en las afecciones sobre el territorio, a trav\u00e9s de su capacidad de valorizar distintos recursos existentes (naturales, culturales, sociales) y mediante distintas acciones y proyectos pueden convertir o transformar un recurso en producto tur\u00edstico.<br \/>\nAdem\u00e1s, como actividad econ\u00f3mica, demanda y consume recursos de car\u00e1cter p\u00fablico y privado.<br \/>\nLa interdisciplinariedad ha determinado que el estudio del turismo se haya abordado desde distintas perspectivas cient\u00edficas que abarcan desde la medici\u00f3n de sus efectos en sistemas econ\u00f3micos, pasando por la planificaci\u00f3n y gesti\u00f3n del territorio hasta el an\u00e1lisis de mercados y comportamiento de la demanda, y con especial \u00e9nfasis en la gesti\u00f3n empresarial, el marketing de servicios, los componentes culturales y psicosociales del fen\u00f3meno, las normas y el marco jur\u00eddico que regulan la actividad, la aplicaci\u00f3n de las TICs y el an\u00e1lisis de datos, entre otras dimensiones plurales que configuran el objeto de conocimiento cient\u00edfico.<\/p>\n<p>La justificaci\u00f3n de este Programa del Doctorado se basa en dos aspectos fundamentales: el primero, la necesidad de formar investigadores en diversas \u00e1reas de turismo y, el segundo, hace referencia a que el Programa est\u00e1 formado por equipos de investigaci\u00f3n con una larga tradici\u00f3n de trabajo en red con otros grupos de investigaci\u00f3n nacionales e internacionales, y cuenta con el apoyo de instituciones\/entidades b\u00e1sicas para la investigaci\u00f3n en Turismo.<\/p>\n<p>Igualmente, las infraestructuras con las que cuentan las universidades (como as\u00ed lo demuestran los grupos consolidados que las utilizan) y la financiaci\u00f3n p\u00fablica y privada que se ha obtenido y obtiene justifica la creaci\u00f3n del programa.<br \/>\nLas l\u00edneas de investigaci\u00f3n del programa est\u00e1n sustentadas por equipos de trabajo, cuentan con un amplio historial de investigaci\u00f3n en sus respectivos campos de estudio, siendo grupos de investigaci\u00f3n estables, que realizan su actividad investigadora en las Universidades proponentes y en otras, adem\u00e1s de en entidades nacionales y extranjeras.<br \/>\nLas l\u00edneas de investigaci\u00f3n que se desarrollan han obtenido resultados notables en cuanto a producci\u00f3n cient\u00edfica, aplicabilidad y relevancia en el \u00e1rea del turismo. Estos grupos de investigaci\u00f3n cuentan con una amplia experiencia en la direcci\u00f3n de tesis doctorales publicadas en revistas JCR (ver cap\u00edtulo seis).<\/p>\n<p>La capacidad de investigaci\u00f3n la avala el capital humano, su excelencia en investigaci\u00f3n, la financiaci\u00f3n p\u00fablica o privada obtenida y vigente en convocatorias del Plan nacional I+D+i, Proyectos de Excelencia de la Junta de Andaluc\u00eda, y otros p\u00fablicos y privados. Esto ha dado como resultado numerosas publicaciones en el JCR en los primeros puestos de cada \u00e1rea.<br \/>\nLa ULL recoge los siguientes grupos de investigaci\u00f3n:<\/p>\n<ul>\n<li>ReinvenTUR: Observatorio de la Renovaci\u00f3n Tur\u00edstica, creado en 2009. Se trata de un grupo de investigaci\u00f3n interdisciplinar (Geograf\u00eda, Arquitectura, Sociolog\u00eda, Econom\u00eda, Empresa, Antropolog\u00eda). Se dedica fundamentalmente al an\u00e1lisis del impacto de las pol\u00edticas, programas, planes y proyectos de renovaci\u00f3n (f\u00edsica, funcional, de modelo de negocio, de modelo organizativo, formas de segmentaci\u00f3n, canales de comercializaci\u00f3n, etc.) de los espacios p\u00fablicos y privados de las \u00e1reas tur\u00edsticas. Gestiona el Observatorio de la Renovaci\u00f3n Tur\u00edstica.<\/li>\n<li>Sistema de informaci\u00f3n para la medici\u00f3n de los impactos del turismo a escala local. Este grupo de investigaci\u00f3n centra sus esfuerzos en la medici\u00f3n de los impactos que el turismo genera a escala local.<\/li>\n<li>Inteligencia de Datos y Sostenibilidad en Islas. El grupo se centra en el an\u00e1lisis la generaci\u00f3n y gesti\u00f3n de residuos en territorios insulares, incluyendo los impactos ambientales en el territorio para evaluar el impacto de la actividad tur\u00edstica en la generaci\u00f3n de residuos y en el ciclo integral del agua en los territorios insulares; contribuir a una toma de decisiones inteligente en la gesti\u00f3n de los residuos y del ciclo integral del agua; y desarrollar experimentos controlados que mejoren la evaluaci\u00f3n y el dise\u00f1o de las pol\u00edticas ambientales en contextos de informaci\u00f3n incompleta y asim\u00e9trica en la gesti\u00f3n de residuos y del agua.<\/li>\n<li>Empleo, formaci\u00f3n y recursos humanos en la actividad tur\u00edstica. En los \u00faltimos a\u00f1os, este grupo de investigaci\u00f3n ha centrado su atenci\u00f3n en el an\u00e1lisis de las ofertas de empleo en el sector tur\u00edstico, todo ello como mecanismo de aproximaci\u00f3n a los perfiles ocupacionales, de competencias y niveles educativos demandados por el empresariado tur\u00edstico. Por otro lado, resulta de inter\u00e9s metodol\u00f3gico el estudio de las ventajas y dificultades que entra\u00f1a el acceso a grandes cantidades de datos e informaci\u00f3n que proporciona actualmente Internet.<\/li>\n<\/ul>\n<p>Destacamos la relevancia del Instituto Universitario de Investigaci\u00f3n Social y Turismo de la ULL y de la C\u00e1tedra de Turismo CajaCanarias-Ashotel. Ambas entidades desempe\u00f1an un papel de promotor e impulsor fundamental de proyectos la realizaci\u00f3n de proyectos de investigaci\u00f3n, contratos de I+D+i (transferencia de investigaci\u00f3n social b\u00e1sica y aplicada) y docencia de postgrado y especializaci\u00f3n.<\/p>\n<p>Asimismo, este programa de doctorado se integra dentro de la estrategia I+D+i de la ULL en la que figura el desarrollo del Campus Atl\u00e1ntico Tricontinental (CEI-CANARIAS) (International Campus of Excellence), un espacio de excelencia que debe ser, a partir de 2015, referencia atl\u00e1ntica en Europa como eje receptor y catalizador de talento.[\/vc_column_text][\/vc_column][\/vc_row]<\/p>\n","protected":false},"excerpt":{"rendered":"<p>[vc_row][vc_column][vc_column_text] Justificaci\u00f3n del t\u00edtulo El turismo en Espa\u00f1a se ha consolidado como uno de los sectores m\u00e1s relevantes desde el punto de vista econ\u00f3mico y social. Es posible afirmar que, en el contexto de las ciencias sociales, se trata de un objeto de conocimiento interdisciplinar que ata\u00f1e a un conjunto de actividades, llevadas a cabo&#8230;<\/p>\n","protected":false},"author":1,"featured_media":0,"parent":0,"menu_order":0,"comment_status":"closed","ping_status":"closed","template":"","meta":{"_acf_changed":false,"footnotes":""},"class_list":["post-23","page","type-page","status-publish","hentry"],"acf":[],"publishpress_future_action":{"enabled":false,"date":"2026-04-17 09:41:33","action":"change-status","newStatus":"draft","terms":[],"taxonomy":"","extraData":[]},"publishpress_future_workflow_manual_trigger":{"enabledWorkflows":[]},"_links":{"self":[{"href":"https:\/\/www.ull.es\/doctorados\/derecho-sociedad-turismo\/fr\/wp-json\/wp\/v2\/pages\/23","targetHints":{"allow":["GET"]}}],"collection":[{"href":"https:\/\/www.ull.es\/doctorados\/derecho-sociedad-turismo\/fr\/wp-json\/wp\/v2\/pages"}],"about":[{"href":"https:\/\/www.ull.es\/doctorados\/derecho-sociedad-turismo\/fr\/wp-json\/wp\/v2\/types\/page"}],"author":[{"embeddable":true,"href":"https:\/\/www.ull.es\/doctorados\/derecho-sociedad-turismo\/fr\/wp-json\/wp\/v2\/users\/1"}],"replies":[{"embeddable":true,"href":"https:\/\/www.ull.es\/doctorados\/derecho-sociedad-turismo\/fr\/wp-json\/wp\/v2\/comments?post=23"}],"version-history":[{"count":8,"href":"https:\/\/www.ull.es\/doctorados\/derecho-sociedad-turismo\/fr\/wp-json\/wp\/v2\/pages\/23\/revisions"}],"predecessor-version":[{"id":241,"href":"https:\/\/www.ull.es\/doctorados\/derecho-sociedad-turismo\/fr\/wp-json\/wp\/v2\/pages\/23\/revisions\/241"}],"wp:attachment":[{"href":"https:\/\/www.ull.es\/doctorados\/derecho-sociedad-turismo\/fr\/wp-json\/wp\/v2\/media?parent=23"}],"curies":[{"name":"wp","href":"https:\/\/api.w.org\/{rel}","templated":true}]}}