{"id":70,"date":"2018-02-22T13:26:52","date_gmt":"2018-02-22T13:26:52","guid":{"rendered":"http:\/\/www.ull.es\/doctorados\/derecho-sociedad-turismo\/?page_id=70"},"modified":"2025-08-20T08:57:29","modified_gmt":"2025-08-20T08:57:29","slug":"supervision-tesis","status":"publish","type":"page","link":"https:\/\/www.ull.es\/doctorados\/derecho-sociedad-turismo\/fr\/organizacion-del-programa\/supervision-tesis\/","title":{"rendered":"Encadrement de th\u00e8se"},"content":{"rendered":"\n<div class=\"wp-block-stackable-columns alignfull stk-block-columns stk-block stk-2314a6b\" data-block-id=\"2314a6b\"><style>.stk-2314a6b {padding-bottom:0px !important;margin-top:-100px !important;margin-bottom:0px !important;}<\/style><div class=\"stk-row stk-inner-blocks stk-block-content stk-content-align stk-2314a6b-column alignfull\">\n<div class=\"wp-block-stackable-column stk-block-column stk-column stk-block stk-1d1764d\" data-v=\"4\" data-block-id=\"1d1764d\"><div class=\"stk-column-wrapper stk-block-column__content stk-container stk-1d1764d-container stk--no-background stk--no-padding\"><div class=\"stk-block-content stk-inner-blocks stk-1d1764d-inner-blocks\"><style id=\"depicter-1-inline-pre-css\">\n\n.depicter-1:not(.depicter-ready){\n\theight:450px;\n}\n\n\/***** Tablet *****\/\n@media screen and (max-width: 1024px){\n\n.depicter-1:not(.depicter-ready){\n\theight:700px;\n}\n\n}\n\/***** Mobile *****\/\n@media screen and (max-width: 767px){\n\n.depicter-1:not(.depicter-ready){\n\theight:360px;\n}\n\n}\n<\/style>\n<div id=\"depicter-1\" class=\"depicter depicter-document depicter-revert depicter-1 depicter-layout-fullwidth\">\n\n<div class=\"depicter-loading-container depicter-loading dotFlashing-dark\"><div class=\"depicter-loading-dark depicter-dot-flashing\">\n   <span><\/span>\n   <span><\/span>\n   <span><\/span>\n<\/div>\n<\/div>\n<div id=\"depicter-1-section-1\" class=\"depicter-section depicter-1-section-1\" data-name=\"Section 1\" data-type=\"section\" data-local-id=\"section-1\">\n<picture class=\"depicter-bg\">\n<source data-depicter-srcset=\"https:\/\/www.ull.es\/doctorados\/derecho-sociedad-turismo\/wp-content\/uploads\/sites\/5\/2025\/05\/Headers-Doctorados_Doctorado-Derecho-Sociedad-y-Turismo-extincion-768x248.jpg, https:\/\/www.ull.es\/doctorados\/derecho-sociedad-turismo\/wp-content\/uploads\/sites\/5\/2025\/05\/Headers-Doctorados_Doctorado-Derecho-Sociedad-y-Turismo-extincion.jpg 2x\" srcset=\"data:image\/gif;base64,R0lGODlhAQABAIAAAAAAAP\/\/\/yH5BAEAAAAALAAAAAABAAEAAAIBRAA7\" media=\"(max-width: 1024px)\" \/>\n\n<source data-depicter-srcset=\"https:\/\/www.ull.es\/doctorados\/derecho-sociedad-turismo\/wp-content\/uploads\/sites\/5\/2025\/05\/Headers-Doctorados_Doctorado-Derecho-Sociedad-y-Turismo-extincion.jpg, https:\/\/www.ull.es\/doctorados\/derecho-sociedad-turismo\/wp-content\/uploads\/sites\/5\/2025\/05\/Headers-Doctorados_Doctorado-Derecho-Sociedad-y-Turismo-extincion-2000x645.jpg 2x\" srcset=\"data:image\/gif;base64,R0lGODlhAQABAIAAAAAAAP\/\/\/yH5BAEAAAAALAAAAAABAAEAAAIBRAA7\" media=\"(min-width: 1025px)\" \/>\n<img decoding=\"async\" src=\"data:image\/gif;base64,R0lGODlhAQABAIAAAAAAAP\/\/\/yH5BAEAAAAALAAAAAABAAEAAAIBRAA7\" data-ken-burns=\"false\" data-tablet-ken-burns=\"false\" data-mobile-ken-burns=\"false\" alt=\"\" data-depicter-src=\"https:\/\/www.ull.es\/doctorados\/derecho-sociedad-turismo\/wp-content\/uploads\/sites\/5\/2025\/05\/Headers-Doctorados_Doctorado-Derecho-Sociedad-y-Turismo-extincion.jpg\" data-object-fit=\"custom,custom,\" data-object-position=\"center top,,\" data-crop=\"{'focalPoint':{'x':0.5,'y':0.5},'mediaSize':{'width':1395.3488372093024736386723816394805908203125,'height':450}}\" data-tablet-crop=\"{'focalPoint':{'x':0.5,'y':0.5},'mediaSize':{'width':2170.54263565891460530110634863376617431640625,'height':700}}\" data-mobile-crop=\"{'focalPoint':{'x':0.5,'y':0.5},'mediaSize':{'width':2294.57364341085258274688385426998138427734375,'height':740}}\" \/>\n<\/picture>\n\n\n<h1 id=\"depicter-1-element-5\" class=\"depicter-element depicter-layer depicter-1-element-5\" data-type=\"text\" data-wrap=\"true\" data-name=\"Text 2\" data-local-id=\"element-5\" data-offset=\"x:0px;y:140px;origin:tl\" data-tablet-offset=\"x:195px;y:201px;origin:tl\" data-mobile-offset=\"x:15px;y:72px;origin:tl\" data-width=\"1200px,699px,348px\" data-height=\"auto,auto,auto\" data-responsive-scale=\"true,,\">Programa de Doctorado en Derecho, Sociedad y Turismo<\/h1>\n\n<div id=\"depicter-1-element-10\" class=\"depicter-element depicter-layer depicter-1-element-10\" data-type=\"shape\" data-wrap=\"true\" data-name=\"Shape 1\" data-local-id=\"element-10\" data-offset=\"x:0px;y:322px;origin:tl\" data-tablet-offset=\"x:202px;y:432px;origin:tl\" data-mobile-offset=\"x:15px;y:330px;origin:tl\" data-width=\"1030px,647px,297px\" data-height=\"8px,8px,8px\" data-responsive-scale=\"true,,\"><\/div>\n<\/div>\n<\/div>\n<script>\n(window.depicterSetups = window.depicterSetups || []).push(function(){\n\tDepicter.basePath = 'https:\/\/www.ull.es\/doctorados\/derecho-sociedad-turismo\/wp-content\/plugins\/depicter\/resources\/scripts\/player\/';\n\tconst dpPlayer = Depicter.setup('.depicter-1',\n\t\t{\"width\":[\"1200\",\"1024\",\"360\"],\"height\":[\"450\",\"700\",\"360\"],\"view\":\"basic\",\"keepAspectRatio\":true,\"preload\":0,\"layout\":\"fullwidth\",\"rtl\":false,\"initAfterAppear\":false,\"ajaxApiUrl\":\"https:\\\/\\\/www.ull.es\\\/doctorados\\\/derecho-sociedad-turismo\\\/wp-admin\\\/admin-ajax.php\",\"mouseSwipe\":true,\"touchSwipe\":true,\"useWatermark\":false}\n\t);\n});\n<\/script><\/div><\/div><\/div>\n<\/div><\/div>\n\n\n\n<div class=\"wp-block-stackable-columns alignfull stk-block-columns stk--hide-mobile stk-block stk-6394276 stk-block-background\" data-block-id=\"6394276\"><style>.stk-6394276 {background-color:#f33f4e !important;padding-top:10px !important;margin-bottom:0px !important;}.stk-6394276:before{background-color:#f33f4e !important;}<\/style><div class=\"stk-row stk-inner-blocks stk-block-content stk-content-align stk-6394276-column alignfull\">\n<div class=\"wp-block-stackable-column stk-block-column stk-column stk-block stk-8a66885\" data-v=\"4\" data-block-id=\"8a66885\"><div class=\"stk-column-wrapper stk-block-column__content stk-container stk-8a66885-container stk--no-background stk--no-padding\"><div class=\"stk-block-content stk-inner-blocks stk-8a66885-inner-blocks\">\n<div class=\"wp-block-stackable-spacer stk-block-spacer stk--no-padding stk-block stk-bc89b3e\" data-block-id=\"bc89b3e\"><style>.stk-bc89b3e {height:0px !important;}<\/style><\/div>\n<\/div><\/div><\/div>\n<\/div><\/div>\n\n\n\n<div class=\"wp-block-stackable-columns stk-block-columns stk-block stk-8b59b96\" data-block-id=\"8b59b96\"><style>.stk-8b59b96 .stk--block-align-8b59b96{align-items:flex-start !important;}.stk-8b59b96 {margin-top:50px !important;}.stk-8b59b96-column{--stk-columns-spacing:0px !important;--stk-column-gap:50px !important;}<\/style><div class=\"stk-row stk-inner-blocks stk--block-align-8b59b96 stk-block-content stk-content-align stk-8b59b96-column\">\n<div class=\"wp-block-stackable-column stk-block-column stk-column stk-block stk-dbb7e15\" data-v=\"4\" data-block-id=\"dbb7e15\"><style>@media screen and (min-width: 768px){.stk-dbb7e15 {flex:var(--stk-flex-grow, 1) 1 66.7% !important;}}<\/style><div class=\"stk-column-wrapper stk-block-column__content stk-container stk-dbb7e15-container stk--no-background stk--no-padding\"><div class=\"stk-block-content stk-inner-blocks stk-dbb7e15-inner-blocks\">\n<div class=\"wp-block-stackable-heading stk-block-heading stk-block-heading--v2 stk-block stk-cc0239e\" id=\"complementos-de-formacion\" data-block-id=\"cc0239e\"><style>.stk-cc0239e .stk-block-heading__text{color:#000000 !important;font-weight:500 !important;}<\/style><h1 class=\"stk-block-heading__text has-text-color\">Supervisi\u00f3n de tesis<\/h1><\/div>\n\n\n\n<div class=\"wp-block-stackable-text stk-block-text stk-block stk-022d17b\" data-block-id=\"022d17b\"><p class=\"stk-block-text__text\">El programa de doctorado en Derecho, Sociedad y Turismo se ha dise\u00f1ado con el objetivo de que los doctorandos adquieran las competencias descritas. De esta forma, se establecen procedimientos para la supervisi\u00f3n de la tesis doctoral y para el seguimiento del doctorando que emanan de las disposiciones contenidas en el Real Decreto 99\/2011, de 28 de enero, por el que se regulan las ense\u00f1anzas oficiales de doctorado y de la Resoluci\u00f3n de 17 de enero de 2013 por la que se dispone la&nbsp;<a href=\"http:\/\/sede.gobcan.es\/boc\/boc-a-2013-017-299.pdf\" target=\"_blank\" rel=\"noreferrer noopener\" target=\"_blank\" rel=\"noopener\">publicaci\u00f3n del Reglamento de Ense\u00f1anzas Oficiales de Doctorado de la Universidad de La Laguna<\/a>&nbsp;.<\/p><\/div>\n\n\n\n<p>El Reglamento de Ense\u00f1anzas Oficiales de Doctorado de la Universidad de La Laguna garantiza el uso de buenas pr\u00e1cticas en la direcci\u00f3n de la tesis.<\/p>\n\n\n\n<p>En este sentido, el art\u00edculo 21 en su punto 1 del Reglamento de Ense\u00f1anzas Oficiales de Doctorado exige que las funciones de supervisi\u00f3n de los doctorandos se garanticen a trav\u00e9s de un compromiso documental, firmado por el vicerrector competente en materia de posgrado, el doctorando, su tutor y su director o codirectores. Este compromiso, para el que esta universidad ya cuenta con un modelo, significa la aceptaci\u00f3n del r\u00e9gimen de derechos y deberes respectivos previstos en el art\u00edculo 20 de este reglamento. En particular, en el documento de compromiso se especifican las funciones, derechos y obligaciones del tutor y del director, as\u00ed como las obligaciones y dedicaci\u00f3n del doctorando. Por \u00faltimo. establece los procedimientos de los posibles conflictos. Todo ello se puede consultar en acceso abierto en el siguiente&nbsp;<a href=\"https:\/\/drive.google.com\/open?id=1PvsXisBGBzN6Qle0Omjv7XYcnX3MgWPi\" target=\"_blank\" rel=\"noreferrer noopener\" target=\"_blank\" rel=\"noopener\">documento<\/a>.<\/p>\n\n\n\n<p>El Real Decreto 99\/2011 en su art\u00edculo 12 regula la direcci\u00f3n y la codirecci\u00f3n de la tesis doctoral. En este sentido indica que el director ser\u00e1 el m\u00e1ximo responsable de la coherencia e idoneidad de las actividades de formaci\u00f3n, del impacto y novedad en su campo de la tem\u00e1tica de la tesis doctoral y de la gu\u00eda en la planificaci\u00f3n y su adecuaci\u00f3n, en su caso, a la de otros proyectos y actividades donde se inscriba el doctorando. Se potencia as\u00ed el papel de seguimiento de tutores y directores de tesis, que han de emitir, con el doctorando, un informe anual de las actividades desarrolladas por este, que ser\u00e1 objeto de evaluaci\u00f3n.<\/p>\n\n\n\n<p>El Reglamento de Ense\u00f1anzas Oficiales de Doctorado de la Universidad de La Laguna describe en su art\u00edculo 10 las actividades previstas para fomentar la direcci\u00f3n o codirecci\u00f3n, en aquellos casos justificados acad\u00e9micamente, para el desarrollo del programa.<\/p>\n\n\n\n<p>Si lo autoriza la comisi\u00f3n acad\u00e9mica, la tesis podr\u00e1 contar con otro director cuando concurran razones de \u00edndole acad\u00e9mica, como puede ser el caso de la interdisciplinariedad tem\u00e1tica o los programas desarrollados en colaboraci\u00f3n nacional o internacional.<\/p>\n\n\n\n<p>Adem\u00e1s, se prev\u00e9 que podr\u00e1 asumir las funciones de codirector un investigador novel o un profesor o investigador con un m\u00ednimo de experiencia investigadora que no re\u00fana los requisitos establecidos para ser director de tesis. En todo caso, deber\u00e1 tener relaci\u00f3n funcionarial o contractual con la universidad u organismo que colabore en el desarrollo del programa.<\/p>\n\n\n\n<p>Asimismo, el art\u00edculo 30 del Reglamento de Ense\u00f1anzas Oficiales de Doctorado de la Universidad de La Laguna contempla la posibilidad de cotutelas de las tesis doctorales entre la Universidad de La Laguna y una universidad de otro pa\u00eds, con el objetivo de crear y desarrollar la cooperaci\u00f3n cient\u00edfica entre equipos de investigaci\u00f3n de ambas instituciones y facilitar la movilidad de los doctorandos.<\/p>\n\n\n\n<p>En este preciso terreno de cotutelas internacionales se enmarcan iniciativas que se encuentran actualmente en evaluaci\u00f3n, como dos European Training Networks (ETNs) Marie Sklodowska-Curie. La primera integra a las Universidades de Amsterdam, Wageningen (NL), Aalborg (DK), Tromso (NO, U Coordinadora) y La Laguna, sobre la tem\u00e1tica de la gobernanza marina en el contexto de la estrategia europea de&nbsp;Blue Growth. La segunda ETN est\u00e1 organizada en torno a los retos que presenta la investigaci\u00f3n sobre la pesca artesanal en Europa, que recibe una especial atenci\u00f3n en la reforma de la Politica Pesquera Com\u00fan y en el Fondo Europeo Mar\u00edtimo y de la Pesca, que han sido ambos recientemente aprobados en las instancias europeas. Esta ETN est\u00e1 organizada desde la Universidad de Aberdeen y cuenta con la participaci\u00f3n de la Universidad de Santiago de Compostela, la Scottish Association for Marine Science, el Instituto Espa\u00f1ol de Oceanograf\u00eda, el Centro Tecnol\u00f3gico del Mar (Galicia). la Universidad de Aveiro (Portugal) y el Hellenic Centre for Marine Research (Grecia). Las posibilidades de intercambios de estudiantes de doctorado entre las Universidades y Centros de Investigaci\u00f3n vinculados como promotores de estas ETNs, as\u00ed como respecto a las restantes instituciones que figuran como partners de nivel 2 ofrecen unas facilidades muy interesantes para la el intercambio de experiencias y la formaci\u00f3n de los doctorandos. La mayor parte de las tesis previstas en estas ETNs implican la cotutela internacional.<\/p>\n\n\n\n<p>Por otra parte, la tres l\u00edneas de investigaci\u00f3n del presente programa de Doctorado presentan asimismo unas posibilidades muy interesantes para desarrollar codirecciones con miras en tesis doctorales interdisciplinares, contando con una diversidad de opciones de colaboraci\u00f3n poco frecuentes en programas m\u00e1s restrictivos ce\u00f1idos a disciplinas concretas. Se fomentar\u00e1 cuando sea factible esta posibilidad de codirecciones entre personas de diferentes l\u00edneas de investigaci\u00f3n.<\/p>\n\n\n\n<p>La propuesta del tribunal de la Tesis Doctoral se regir\u00e1 por el art\u00edculo 25 del Reglamento de Ense\u00f1anzas Oficiales de Doctorado de la Universidad de La Laguna, debiendo estar formado por tres miembros titulares: un presidente, un secretario y un vocal, as\u00ed como dos suplentes. De los miembros titulares uno deber\u00e1 pertenecer a la Universidad de La Laguna y los otros dos deben ser externos a la misma y, en todo caso, con relaci\u00f3n funcionarial o contractual con otras universidades u organismos de investigaci\u00f3n. La tramitaci\u00f3n de la Tesis Doctoral se recoge en el art\u00edculo 26 de la citada norma, indicando los pormenores del papel de Tutor (en su caso), Director, Comisi\u00f3n Acad\u00e9mica y Escuela de Doctorado en el proceso de tramitaci\u00f3n de la Tesis Doctoral. La defensa de la Tesis Doctoral se recoge en el art\u00edculo 27, que describe el acto de defensa, y hay que tener en cuenta el RD 534\/2013, de 12 de julio, por el que se modifica el RD 99\/2011. Seg\u00fan esta norma, el tribunal emitir\u00e1 un informe y la calificaci\u00f3n global concedida a la tesis de acuerdo con la siguiente escala: No apto, aprobado, notable y sobresaliente. El tribunal podr\u00e1 otorgar la menci\u00f3n de cum laude si la calificaci\u00f3n global es de sobresaliente y se emite en tal sentido el voto secreto positivo por unanimidad. La Universidad habilitar\u00e1 los mecanismos precisos para la materializaci\u00f3n de la concesi\u00f3n final de dicha menci\u00f3n garantizando que el escrutinio de los votos para dicha concesi\u00f3n se realice en sesi\u00f3n diferente de la correspondiente a la de defensa de la tesis doctoral. Todo lo anterior est\u00e1 recogido en la&nbsp;<a href=\"http:\/\/sede.gobcan.es\/boc\/boc-a-2014-044-915.pdf\" target=\"_blank\" rel=\"noreferrer noopener\" target=\"_blank\" rel=\"noopener\">Resoluci\u00f3n de 25 de febrero de 2014<\/a>, por la que se dispone la publicaci\u00f3n de la modificaci\u00f3n del Reglamento de Ense\u00f1anzas Oficiales de Doctorado de la Universidad de La Laguna para su adaptaci\u00f3n al Real Decreto 534\/2013, de 13 de julio.<\/p>\n\n\n\n<p>En lo que se refiere a la Menci\u00f3n Internacional, el art\u00edculo 28 del mencionado reglamento promueve y establece las condiciones para que el t\u00edtulo de Doctor pueda incluir el reconocimiento de \u00abDoctor Internacional\u00bb. Se prev\u00e9 la estancia fuera de Espa\u00f1a y el papel de expertos internacionales tanto para la informaci\u00f3n previa de la tesis como para su presencia en el tribunal evaluador de la misma. Tambi\u00e9n en este caso la universidad ha desarrollado el procedimiento de&nbsp;<a href=\"https:\/\/drive.google.com\/open?id=1vKu09p_OTGI0EAcE7GTphBlpwIzfKfzv\" target=\"_blank\" rel=\"noreferrer noopener\" target=\"_blank\" rel=\"noopener\">solicitud de la Menci\u00f3n Internacional<\/a>.<\/p>\n<\/div><\/div><\/div>\n\n\n\n<div class=\"wp-block-stackable-column stk-block-column stk-column stk-block stk-53ec762\" data-v=\"4\" data-block-id=\"53ec762\"><style>.stk-53ec762-inner-blocks{row-gap:0px !important;}.stk-53ec762 {padding-top:0px !important;padding-right:0px !important;padding-bottom:0px !important;padding-left:0px !important;}@media screen and (min-width: 768px){.stk-53ec762 {flex:var(--stk-flex-grow, 1) 1 33.3% !important;}}<\/style><div class=\"stk-column-wrapper stk-block-column__content stk-container stk-53ec762-container stk--no-background stk--no-padding\"><div class=\"stk-block-content stk-inner-blocks stk-53ec762-inner-blocks\">\n\n<ul class=\"widget-box\">\n<li class='contacto-header'>Informaci\u00f3n de contacto<\/li><li><i class=\"fa fa-map-marker\"><\/i> Avda. Astrof\u00edsico Francisco S\u00e1nchez, SN. Edificio Calabaza \u2013 AN.2D Apdo. 456 38200 San Crist\u00f3bal de La Laguna<\/li><li><i class=\"fa fa-envelope\"><\/i>  <a href=mailto:doctorado.derecho@ull.es>doctorado.derecho@ull.es<\/a><\/li><li><i class=\"fa fa-calendar\"><\/i><a href=\"http:\/\/citaprevia.ull.es\/index.php?s=edpo\"> Cita previa<\/a><\/li>\n<\/ul>\n\n\n<\/div><\/div><\/div>\n<\/div><\/div>\n","protected":false},"excerpt":{"rendered":"<p>Encadrement de th\u00e8se. Le programme doctoral en Droit, Soci\u00e9t\u00e9 et Tourisme a \u00e9t\u00e9 con\u00e7u pour garantir l&#039;acquisition des comp\u00e9tences d\u00e9crites ci-dessus par les doctorants. Les proc\u00e9dures d&#039;encadrement et de suivi des th\u00e8ses sont \u00e9tablies conform\u00e9ment aux dispositions du D\u00e9cret royal\u2026<\/p>","protected":false},"author":1,"featured_media":0,"parent":27,"menu_order":0,"comment_status":"closed","ping_status":"closed","template":"templates\/template-frontpage.php","meta":{"_acf_changed":false,"footnotes":""},"class_list":["post-70","page","type-page","status-publish","hentry"],"acf":[],"publishpress_future_action":{"enabled":false,"date":"2026-04-17 04:31:29","action":"change-status","newStatus":"draft","terms":[],"taxonomy":"","extraData":[]},"publishpress_future_workflow_manual_trigger":{"enabledWorkflows":[]},"_links":{"self":[{"href":"https:\/\/www.ull.es\/doctorados\/derecho-sociedad-turismo\/fr\/wp-json\/wp\/v2\/pages\/70","targetHints":{"allow":["GET"]}}],"collection":[{"href":"https:\/\/www.ull.es\/doctorados\/derecho-sociedad-turismo\/fr\/wp-json\/wp\/v2\/pages"}],"about":[{"href":"https:\/\/www.ull.es\/doctorados\/derecho-sociedad-turismo\/fr\/wp-json\/wp\/v2\/types\/page"}],"author":[{"embeddable":true,"href":"https:\/\/www.ull.es\/doctorados\/derecho-sociedad-turismo\/fr\/wp-json\/wp\/v2\/users\/1"}],"replies":[{"embeddable":true,"href":"https:\/\/www.ull.es\/doctorados\/derecho-sociedad-turismo\/fr\/wp-json\/wp\/v2\/comments?post=70"}],"version-history":[{"count":8,"href":"https:\/\/www.ull.es\/doctorados\/derecho-sociedad-turismo\/fr\/wp-json\/wp\/v2\/pages\/70\/revisions"}],"predecessor-version":[{"id":363,"href":"https:\/\/www.ull.es\/doctorados\/derecho-sociedad-turismo\/fr\/wp-json\/wp\/v2\/pages\/70\/revisions\/363"}],"up":[{"embeddable":true,"href":"https:\/\/www.ull.es\/doctorados\/derecho-sociedad-turismo\/fr\/wp-json\/wp\/v2\/pages\/27"}],"wp:attachment":[{"href":"https:\/\/www.ull.es\/doctorados\/derecho-sociedad-turismo\/fr\/wp-json\/wp\/v2\/media?parent=70"}],"curies":[{"name":"wp","href":"https:\/\/api.w.org\/{rel}","templated":true}]}}