{"id":74,"date":"2018-02-22T13:34:00","date_gmt":"2018-02-22T13:34:00","guid":{"rendered":"http:\/\/www.ull.es\/doctorados\/derecho-sociedad-turismo\/?page_id=74"},"modified":"2025-08-20T08:56:12","modified_gmt":"2025-08-20T08:56:12","slug":"normativa-presentacion-lectura-tesis","status":"publish","type":"page","link":"https:\/\/www.ull.es\/doctorados\/derecho-sociedad-turismo\/organizacion-del-programa\/normativa-presentacion-lectura-tesis\/","title":{"rendered":"Normativa de presentaci\u00f3n y lectura de tesis"},"content":{"rendered":"\n<div class=\"wp-block-stackable-columns alignfull stk-block-columns stk-block stk-2314a6b\" data-block-id=\"2314a6b\"><style>.stk-2314a6b {padding-bottom:0px !important;margin-top:-100px !important;margin-bottom:0px !important;}<\/style><div class=\"stk-row stk-inner-blocks stk-block-content stk-content-align stk-2314a6b-column alignfull\">\n<div class=\"wp-block-stackable-column stk-block-column stk-column stk-block stk-1d1764d\" data-v=\"4\" data-block-id=\"1d1764d\"><div class=\"stk-column-wrapper stk-block-column__content stk-container stk-1d1764d-container stk--no-background stk--no-padding\"><div class=\"stk-block-content stk-inner-blocks stk-1d1764d-inner-blocks\"><style id=\"depicter-1-inline-pre-css\">\n\n.depicter-1:not(.depicter-ready){\n\theight:450px;\n}\n\n\/***** Tablet *****\/\n@media screen and (max-width: 1024px){\n\n.depicter-1:not(.depicter-ready){\n\theight:700px;\n}\n\n}\n\/***** Mobile *****\/\n@media screen and (max-width: 767px){\n\n.depicter-1:not(.depicter-ready){\n\theight:360px;\n}\n\n}\n<\/style>\n<div id=\"depicter-1\" class=\"depicter depicter-document depicter-revert depicter-1 depicter-layout-fullwidth\">\n\n<div class=\"depicter-loading-container depicter-loading dotFlashing-dark\"><div class=\"depicter-loading-dark depicter-dot-flashing\">\n   <span><\/span>\n   <span><\/span>\n   <span><\/span>\n<\/div>\n<\/div>\n<div id=\"depicter-1-section-1\" class=\"depicter-section depicter-1-section-1\" data-name=\"Section 1\" data-type=\"section\" data-local-id=\"section-1\">\n<picture class=\"depicter-bg\">\n<source data-depicter-srcset=\"https:\/\/www.ull.es\/doctorados\/derecho-sociedad-turismo\/wp-content\/uploads\/sites\/5\/2025\/05\/Headers-Doctorados_Doctorado-Derecho-Sociedad-y-Turismo-extincion-768x248.jpg, https:\/\/www.ull.es\/doctorados\/derecho-sociedad-turismo\/wp-content\/uploads\/sites\/5\/2025\/05\/Headers-Doctorados_Doctorado-Derecho-Sociedad-y-Turismo-extincion.jpg 2x\" srcset=\"data:image\/gif;base64,R0lGODlhAQABAIAAAAAAAP\/\/\/yH5BAEAAAAALAAAAAABAAEAAAIBRAA7\" media=\"(max-width: 1024px)\" \/>\n\n<source data-depicter-srcset=\"https:\/\/www.ull.es\/doctorados\/derecho-sociedad-turismo\/wp-content\/uploads\/sites\/5\/2025\/05\/Headers-Doctorados_Doctorado-Derecho-Sociedad-y-Turismo-extincion.jpg, https:\/\/www.ull.es\/doctorados\/derecho-sociedad-turismo\/wp-content\/uploads\/sites\/5\/2025\/05\/Headers-Doctorados_Doctorado-Derecho-Sociedad-y-Turismo-extincion-2000x645.jpg 2x\" srcset=\"data:image\/gif;base64,R0lGODlhAQABAIAAAAAAAP\/\/\/yH5BAEAAAAALAAAAAABAAEAAAIBRAA7\" media=\"(min-width: 1025px)\" \/>\n<img decoding=\"async\" src=\"data:image\/gif;base64,R0lGODlhAQABAIAAAAAAAP\/\/\/yH5BAEAAAAALAAAAAABAAEAAAIBRAA7\" data-ken-burns=\"false\" data-tablet-ken-burns=\"false\" data-mobile-ken-burns=\"false\" alt=\"\" data-depicter-src=\"https:\/\/www.ull.es\/doctorados\/derecho-sociedad-turismo\/wp-content\/uploads\/sites\/5\/2025\/05\/Headers-Doctorados_Doctorado-Derecho-Sociedad-y-Turismo-extincion.jpg\" data-object-fit=\"custom,custom,\" data-object-position=\"center top,,\" data-crop=\"{'focalPoint':{'x':0.5,'y':0.5},'mediaSize':{'width':1395.3488372093024736386723816394805908203125,'height':450}}\" data-tablet-crop=\"{'focalPoint':{'x':0.5,'y':0.5},'mediaSize':{'width':2170.54263565891460530110634863376617431640625,'height':700}}\" data-mobile-crop=\"{'focalPoint':{'x':0.5,'y':0.5},'mediaSize':{'width':2294.57364341085258274688385426998138427734375,'height':740}}\" \/>\n<\/picture>\n\n\n<h1 id=\"depicter-1-element-5\" class=\"depicter-element depicter-layer depicter-1-element-5\" data-type=\"text\" data-wrap=\"true\" data-name=\"Text 2\" data-local-id=\"element-5\" data-offset=\"x:0px;y:140px;origin:tl\" data-tablet-offset=\"x:195px;y:201px;origin:tl\" data-mobile-offset=\"x:15px;y:72px;origin:tl\" data-width=\"1200px,699px,348px\" data-height=\"auto,auto,auto\" data-responsive-scale=\"true,,\">Programa de Doctorado en Derecho, Sociedad y Turismo<\/h1>\n\n<div id=\"depicter-1-element-10\" class=\"depicter-element depicter-layer depicter-1-element-10\" data-type=\"shape\" data-wrap=\"true\" data-name=\"Shape 1\" data-local-id=\"element-10\" data-offset=\"x:0px;y:322px;origin:tl\" data-tablet-offset=\"x:202px;y:432px;origin:tl\" data-mobile-offset=\"x:15px;y:330px;origin:tl\" data-width=\"1030px,647px,297px\" data-height=\"8px,8px,8px\" data-responsive-scale=\"true,,\"><\/div>\n<\/div>\n<\/div>\n<script>\n(window.depicterSetups = window.depicterSetups || []).push(function(){\n\tDepicter.basePath = 'https:\/\/www.ull.es\/doctorados\/derecho-sociedad-turismo\/wp-content\/plugins\/depicter\/resources\/scripts\/player\/';\n\tconst dpPlayer = Depicter.setup('.depicter-1',\n\t\t{\"width\":[\"1200\",\"1024\",\"360\"],\"height\":[\"450\",\"700\",\"360\"],\"view\":\"basic\",\"keepAspectRatio\":true,\"preload\":0,\"layout\":\"fullwidth\",\"rtl\":false,\"initAfterAppear\":false,\"ajaxApiUrl\":\"https:\\\/\\\/www.ull.es\\\/doctorados\\\/derecho-sociedad-turismo\\\/wp-admin\\\/admin-ajax.php\",\"mouseSwipe\":true,\"touchSwipe\":true,\"useWatermark\":false}\n\t);\n});\n<\/script><\/div><\/div><\/div>\n<\/div><\/div>\n\n\n\n<div class=\"wp-block-stackable-columns alignfull stk-block-columns stk--hide-mobile stk-block stk-6394276 stk-block-background\" data-block-id=\"6394276\"><style>.stk-6394276 {background-color:#f33f4e !important;padding-top:10px !important;margin-bottom:0px !important;}.stk-6394276:before{background-color:#f33f4e !important;}<\/style><div class=\"stk-row stk-inner-blocks stk-block-content stk-content-align stk-6394276-column alignfull\">\n<div class=\"wp-block-stackable-column stk-block-column stk-column stk-block stk-8a66885\" data-v=\"4\" data-block-id=\"8a66885\"><div class=\"stk-column-wrapper stk-block-column__content stk-container stk-8a66885-container stk--no-background stk--no-padding\"><div class=\"stk-block-content stk-inner-blocks stk-8a66885-inner-blocks\">\n<div class=\"wp-block-stackable-spacer stk-block-spacer stk--no-padding stk-block stk-bc89b3e\" data-block-id=\"bc89b3e\"><style>.stk-bc89b3e {height:0px !important;}<\/style><\/div>\n<\/div><\/div><\/div>\n<\/div><\/div>\n\n\n\n<div class=\"wp-block-stackable-columns stk-block-columns stk-block stk-8b59b96\" data-block-id=\"8b59b96\"><style>.stk-8b59b96 .stk--block-align-8b59b96{align-items:flex-start !important;}.stk-8b59b96 {margin-top:50px !important;}.stk-8b59b96-column{--stk-columns-spacing:0px !important;--stk-column-gap:50px !important;}<\/style><div class=\"stk-row stk-inner-blocks stk--block-align-8b59b96 stk-block-content stk-content-align stk-8b59b96-column\">\n<div class=\"wp-block-stackable-column stk-block-column stk-column stk-block stk-dbb7e15\" data-v=\"4\" data-block-id=\"dbb7e15\"><style>@media screen and (min-width: 768px){.stk-dbb7e15 {flex:var(--stk-flex-grow, 1) 1 66.7% !important;}}<\/style><div class=\"stk-column-wrapper stk-block-column__content stk-container stk-dbb7e15-container stk--no-background stk--no-padding\"><div class=\"stk-block-content stk-inner-blocks stk-dbb7e15-inner-blocks\">\n<div class=\"wp-block-stackable-heading stk-block-heading stk-block-heading--v2 stk-block stk-cc0239e\" id=\"complementos-de-formacion\" data-block-id=\"cc0239e\"><style>.stk-cc0239e .stk-block-heading__text{color:#000000 !important;font-weight:500 !important;}<\/style><h1 class=\"stk-block-heading__text has-text-color\">Normativa de presentaci\u00f3n y lectura de tesis<\/h1><\/div>\n\n\n\n<p><strong>Normativa para la presentaci\u00f3n y lectura de la Tesis Doctoral<\/strong><\/p>\n\n\n\n<p>La normativa para la elaboraci\u00f3n, presentaci\u00f3n y tramitaci\u00f3n de defensa de la tesis, incluyendo lo referente a la propuesta y nombramiento de tribunal, y a las modalidades de Menci\u00f3n Internacional, compendio de publicaciones y en r\u00e9gimen de cotutela de este programa est\u00e1n incluidas en el REODULL (Cap\u00edtulo III, art 24-30), y conforme a la Normativa de Doctorado de la Universidad de La Laguna (BOC de 25 de enero de 2013):<\/p>\n\n\n\n<p>En cuanto a la calificaci\u00f3n de la Tesis Doctoral, ser\u00e1 de aplicaci\u00f3n la Resoluci\u00f3n de 25 de febrero de 2014, por la que se dispone la publicaci\u00f3n de la modificaci\u00f3n del Reglamento de Ense\u00f1anzas Oficiales de Doctorado de la Universidad de La Laguna para su adaptaci\u00f3n al Real Decreto 534\/2013, de 13 de julio (BOC de 5 de marzo de 2014):<\/p>\n\n\n\n<p><strong>La Tesis Doctoral<\/strong><\/p>\n\n\n\n<p>De acuerdo a este reglamento, la tesis consistir\u00e1 en un trabajo de investigaci\u00f3n original que capacita al autor para trabajar de forma aut\u00f3noma en el \u00e1mbito de la I+D+i. Podr\u00e1 ser desarrollado y defendido en los idiomas habituales de la comunicaci\u00f3n cient\u00edfica.<\/p>\n\n\n\n<p><strong>Presentaci\u00f3n de la Tesis Doctoral<\/strong><\/p>\n\n\n\n<p>Tras su finalizaci\u00f3n, el doctorando presentar\u00e1 la tesis a la Comisi\u00f3n Acad\u00e9mica del programa en el formato que se establezca.<\/p>\n\n\n\n<p>\u00c9sta la remitir\u00e1 a la Escuela de Doctorado acompa\u00f1ada de:<\/p>\n\n\n\n<ol style=\"list-style-type:lower-alpha\" class=\"wp-block-list\">\n<li>autorizaci\u00f3n del director para su presentaci\u00f3n y defensa,<\/li>\n\n\n\n<li>informe favorable del tutor,<\/li>\n\n\n\n<li>conformidad de la Comisi\u00f3n Acad\u00e9mica haciendo constar que cumple los requisitos establecidos por el programa, y<\/li>\n\n\n\n<li>solicitud de menci\u00f3n \u00abDoctorado Internacional\u00bb, si es el caso.<\/li>\n<\/ol>\n\n\n\n<p>La Escuela de Doctorado certificar\u00e1 mediante registro y sello que la tesis cumple con los requisitos establecidos en el REODULL para su dep\u00f3sito. La tesis permanecer\u00e1 en exposici\u00f3n p\u00fablica durante 15 d\u00edas lectivos. Durante este periodo cualquier doctor podr\u00e1 presentar las alegaciones, sugerencias o propuestas de mejora que estime oportunas ante la Escuela de Doctorado, haciendo constar su conformidad o disconformidad a la defensa p\u00fablica.<\/p>\n\n\n\n<p>La Escuela de Doctorado garantizar\u00e1 la publicidad de este periodo de informaci\u00f3n p\u00fablica. En circunstancias excepcionales, determinadas por la Comisi\u00f3n Acad\u00e9mica del programa, como pueden ser la participaci\u00f3n de empresas en el programa, la existencia de convenios de confidencialidad con otras entidades o la posibilidad de generaci\u00f3n de patentes derivadas de los datos de la tesis, la universidad habilitar\u00e1 el procedimiento para proteger estos datos de la publicidad.<\/p>\n\n\n\n<p><strong>Defensa de la Tesis Doctoral<\/strong><\/p>\n\n\n\n<p>Pasado el periodo de exposici\u00f3n, la Escuela de Doctorado autorizar\u00e1, si procede, la defensa de la tesis. En caso de que durante el periodo de exposici\u00f3n p\u00fablica se presentase alguna alegaci\u00f3n, la Escuela de Doctorado la trasladar\u00e1 al doctorando, al director de la tesis y a la Comisi\u00f3n Acad\u00e9mica del programa, quienes deber\u00e1n responder en un plazo de 10 d\u00edas lectivos. A la vista de las alegaciones y las respuestas, la Escuela de Doctorado resolver\u00e1 si procede o no la defensa. Si lo estima oportuno, la Escuela de Doctorado puede recurrir a informes de especialistas. En caso de denegaci\u00f3n de la defensa, la Escuela de Doctorado emitir\u00e1 un informa razonado.<\/p>\n\n\n\n<p><strong>Tribunal de Tesis Doctoral<\/strong><\/p>\n\n\n\n<p>La tesis ser\u00e1 evaluada por un tribunal propuesto por la Comisi\u00f3n Acad\u00e9mica del programa a la Escuela de Doctorado, constituido por cinco doctores expertos en la materia a que se refiera la tesis. La capacitaci\u00f3n de los miembros del tribunal evaluador estar\u00e1 avalada por sus curriculum vitae, en los que se har\u00e1n constar los m\u00e9ritos espec\u00edficos en el \u00e1rea o en \u00e1reas afines.<\/p>\n\n\n\n<p>El tribunal estar\u00e1 formado por tres miembros titulares (presidente, secretario y vocal) y dos suplentes. Dos de los miembros titulares deben ser externos a la ULL con relaci\u00f3n funcionarial o contractual con otras universidades u organismos de investigaci\u00f3n. Los directores y el tutor del doctorando no podr\u00e1n formar parte del tribunal.<\/p>\n\n\n\n<p>El acto de defensa se realizar\u00e1 en un plazo no superior a 3 meses desde su autorizaci\u00f3n. Si no es defendida en este plazo, el proceso deber\u00e1 iniciarse de nuevo. La Escuela de Doctorado dar\u00e1 al acto de defensa la publicidad adecuada. El acto de defensa ser\u00e1 p\u00fablico y tendr\u00e1 lugar durante el periodo lectivo del calendario acad\u00e9mico.<\/p>\n\n\n\n<p>La defensa consistir\u00e1 en la exposici\u00f3n por el doctorando de la justificaci\u00f3n del trabajo, la metodolog\u00eda empleada, el contenido y las conclusiones, haciendo menci\u00f3n especial a las aportaciones originales. La defensa podr\u00e1 realizarse en espa\u00f1ol o en cualquiera de los idiomas oficiales de la Uni\u00f3n Europea, garantiz\u00e1ndose en este caso que el tribunal puede evaluarlo de forma adecuada.<\/p>\n\n\n\n<p>Los miembros del tribunal podr\u00e1n expresar su opini\u00f3n y formular cuantas cuestiones consideren oportunas, a las que el doctorando debe responder.<\/p>\n\n\n\n<p>Los doctores presentes en el acto tambi\u00e9n podr\u00e1n formular cuestiones al doctorando en el momento y la forma que el presidente del tribunal establezca.<\/p>\n\n\n\n<p>El tribunal dispondr\u00e1 del documento de actividades del doctorando. Este documento no dar\u00e1 lugar a una puntuaci\u00f3n cuantitativa, pero constituir\u00e1 un instrumento de evaluaci\u00f3n cualitativa complementaria a la propia tesis.<\/p>\n\n\n\n<p>El tribunal emitir\u00e1 un informe y la calificaci\u00f3n global concedida a la tesis de acuerdo con la siguiente escala: No apto, aprobado, notable y sobresaliente, tal y como establece el Real Decreto 534\/2013, que modifica el sistema de calificaciones establecido por el Real Decreto 99\/2011. La publicaci\u00f3n del Real Decreto 534\/2013, de 13 de julio, modifica lo dispuesto por el Real Decreto 99\/2011 en cuanto al sistema de calificaciones y los mecanismos de concesi\u00f3n de la menci\u00f3n de Cum Laude para las tesis doctorales. S\u00f3lo tres apartados 6, 7 y 8 del art\u00edculo 27 del vigente Reglamento de Ense\u00f1anzas Oficiales de Doctorado de la Universidad de La Laguna no se ajustan a lo dispuesto por el Real Decreto 534\/2013. Dado el superior rango jer\u00e1rquico en materia normativa del mencionado Real Decreto, el sistema de calificaciones que se aplica en la Universidad de La Laguna para las tesis doctorales es el que se se\u00f1ala en el Real Decreto 534\/2013 desde su entrada en vigor, y ya indicado con anterioridad.<\/p>\n\n\n\n<p>En lo que hace referencia al mecanismo de concesi\u00f3n de la menci\u00f3n de Cum Laude, se ha fijado por Resoluci\u00f3n Rectoral de 19 de diciembre, mientras se produce la modificaci\u00f3n de los apartados se\u00f1alados del Reglamento de Ense\u00f1anzas Oficiales de Doctorado por parte del Consejo de Gobierno, en su sesi\u00f3n de enero de 2014. La citada Resoluci\u00f3n Rectoral puede consultarse a trav\u00e9s del siguiente&nbsp;<a href=\"http:\/\/www.ull.es\/Private\/folder\/masters\/%20%20Doctorado\/ResolucionRectoralMencionCumLaude.pdf\" target=\"_blank\" rel=\"noreferrer noopener\" target=\"_blank\" rel=\"noopener\">enlace<\/a><\/p>\n\n\n\n<p><strong>Doctorado Internacional<\/strong><\/p>\n\n\n\n<p>El t\u00edtulo de doctor podr\u00e1 incluir en su anverso la menci\u00f3n \u00abDoctorado Internacional\u00bb cuando concurran las siguientes circunstancias:<\/p>\n\n\n\n<ol style=\"list-style-type:lower-alpha\" class=\"wp-block-list\">\n<li>que durante el periodo de formaci\u00f3n doctoral, el doctorando haya realizado una estancia de al menos tres meses en un centro de investigaci\u00f3n o instituci\u00f3n de ense\u00f1anza superior de prestigio no espa\u00f1ola, cursando estudios o realizando trabajos de investigaci\u00f3n avalados por el director de la tesis y autorizados por la Comisi\u00f3n Acad\u00e9mica del programa,<\/li>\n\n\n\n<li>que parte de la tesis doctoral, al menos el resumen y las conclusiones, se haya redactado y presentado en una de las lenguas habituales de comunicaci\u00f3n cient\u00edfica, distinta de cualquiera de las lenguas oficiales de Espa\u00f1a. Esta condici\u00f3n no ser\u00e1 de aplicaci\u00f3n cuando las estancias, informes y expertos procedan de un pa\u00eds de habla hispana,<\/li>\n\n\n\n<li>que la tesis haya sido informada por un m\u00ednimo de dos expertos doctores pertenecientes a una instituci\u00f3n de educaci\u00f3n superior o centro de investigaci\u00f3n no espa\u00f1ol, y<\/li>\n\n\n\n<li>que al menos un experto perteneciente a una instituci\u00f3n de educaci\u00f3n superior o centro de investigaci\u00f3n no espa\u00f1ol, con t\u00edtulo de doctor, y distinto del responsable de la estancia mencionada en la circunstancia a), haya formado parte del tribunal evaluador de la tesis.<\/li>\n<\/ol>\n\n\n\n<p><strong>Tesis por compendio de publicaciones<\/strong><\/p>\n\n\n\n<p>Podr\u00e1n optar por la presentaci\u00f3n de la tesis en modalidad de compendio de publicaciones los doctorandos que, previamente a la presentaci\u00f3n de su tesis y con la autorizaci\u00f3n de su director, tengan publicados o aceptados para su publicaci\u00f3n, con fecha posterior a la de su matriculaci\u00f3n en el programa de doctorado, al menos tres art\u00edculos con tem\u00e1tica acorde a su l\u00ednea y plan de investigaci\u00f3n en revistas cient\u00edficas que figuren en el Journal Citations Report. La presentaci\u00f3n de una tesis bajo esta modalidad deber\u00e1 incluir una copia de los trabajos donde consten necesariamente los datos personales de todos los autores, la referencia completa de la revista en la que han sido publicados los trabajos o, en su caso, la carta de aceptaci\u00f3n.<\/p>\n\n\n\n<p>La presentaci\u00f3n de la tesis en la Escuela de Doctorado incluir\u00e1:<\/p>\n\n\n\n<ol class=\"wp-block-list\">\n<li> Autorizaci\u00f3n del director de la tesis para su presentaci\u00f3n en esta modalidad.<\/li>\n\n\n\n<li>Documento acreditativo del \u00edndice de impacto de las publicaciones de que consta la tesis.<\/li>\n\n\n\n<li>Si alguno de los trabajos presentados se ha realizado en colaboraci\u00f3n con otros investigadores que no sean los directores de la tesis, deber\u00e1 presentarse un documento en el que el director declare que la parte fundamental del trabajo recogido en los art\u00edculos ha sido realizado por el autor de la tesis, y otro en el que los otros autores manifiesten su conformidad a que se empleen los art\u00edculos correspondientes para la presentaci\u00f3n de la tesis bajo esta modalidad. Los art\u00edculos que integren una tesis de esta modalidad no podr\u00e1n ser incluidos como parte de otra. Los coautores de los trabajos presentados no podr\u00e1n ser propuestos como miembros del tribunal que ha de juzgar la tesis.<\/li>\n<\/ol>\n\n\n\n<p><strong>Acciones de cotutela<\/strong><\/p>\n\n\n\n<p>Para facilitar la cooperaci\u00f3n cient\u00edfica con equipos de investigaci\u00f3n de otras instituciones y facilitar la movilidad de los doctorandos, en el marco de los estudios de doctorado pueden desarrollarse acciones de cotutela con una universidad de otro pa\u00eds.<\/p>\n\n\n\n<p>El procedimiento de cotutela deber\u00e1 cumplir los siguientes requisitos:<\/p>\n\n\n\n<ol class=\"wp-block-list\">\n<li>La admisi\u00f3n al doctorado, y el dep\u00f3sito y la defensa de la tesis doctoral seguir\u00e1n la normativa que rija los estudios de doctorado de la universidad correspondiente.<\/li>\n\n\n\n<li>Los candidatos efectuar\u00e1n su trabajo bajo la responsabilidad de un director en cada una de las universidades interesadas.<\/li>\n\n\n\n<li>La cotutela se desarrollar\u00e1 en el marco de un convenio espec\u00edfico entre las dos universidades interesadas, el cual establecer\u00e1 cu\u00e1l de ellas proceder\u00e1 a expedir el t\u00edtulo de doctor, reconociendo dicho t\u00edtulo la otra.<\/li>\n\n\n\n<li>El tiempo de preparaci\u00f3n de la tesis se repartir\u00e1 entre las dos universidades. La estancia en ninguna de ellas nunca ser\u00e1 inferior a nueve meses y podr\u00e1 realizarse de una sola vez o en varios periodos.<\/li>\n\n\n\n<li>La publicaci\u00f3n, explotaci\u00f3n y protecci\u00f3n de los resultados de la investigaci\u00f3n realizada ser\u00e1n aseguradas por las dos instituciones conforme a los procedimientos espec\u00edficos de cada pa\u00eds.<\/li>\n\n\n\n<li>La tesis ser\u00e1 objeto de una defensa \u00fanica en cualquiera de las dos universidades.<\/li>\n\n\n\n<li>El tribunal ante el que debe defenderse la tesis ser\u00e1 designado de com\u00fan acuerdo entre ambas instituciones de acuerdo a la normativa de la universidad en la que se defienda.<\/li>\n\n\n\n<li>La tesis ser\u00e1 redactada en la lengua oficial de una de las dos universidades, o en su defecto en ingl\u00e9s, complementada por un resumen, que incluir\u00e1 las conclusiones, escrito en la otra.<\/li>\n<\/ol>\n<\/div><\/div><\/div>\n\n\n\n<div class=\"wp-block-stackable-column stk-block-column stk-column stk-block stk-53ec762\" data-v=\"4\" data-block-id=\"53ec762\"><style>.stk-53ec762-inner-blocks{row-gap:0px !important;}.stk-53ec762 {padding-top:0px !important;padding-right:0px !important;padding-bottom:0px !important;padding-left:0px !important;}@media screen and (min-width: 768px){.stk-53ec762 {flex:var(--stk-flex-grow, 1) 1 33.3% !important;}}<\/style><div class=\"stk-column-wrapper stk-block-column__content stk-container stk-53ec762-container stk--no-background stk--no-padding\"><div class=\"stk-block-content stk-inner-blocks stk-53ec762-inner-blocks\">\n\n<ul class=\"widget-box\">\n<li class='contacto-header'>Informaci\u00f3n de contacto<\/li><li><i class=\"fa fa-map-marker\"><\/i> Avda. Astrof\u00edsico Francisco S\u00e1nchez, SN. Edificio Calabaza \u2013 AN.2D Apdo. 456 38200 San Crist\u00f3bal de La Laguna<\/li><li><i class=\"fa fa-envelope\"><\/i>  <a href=mailto:doctorado.derecho@ull.es>doctorado.derecho@ull.es<\/a><\/li><li><i class=\"fa fa-calendar\"><\/i><a href=\"http:\/\/citaprevia.ull.es\/index.php?s=edpo\"> Cita previa<\/a><\/li>\n<\/ul>\n\n\n<\/div><\/div><\/div>\n<\/div><\/div>\n","protected":false},"excerpt":{"rendered":"<p>Normativa de presentaci\u00f3n y lectura de tesis Normativa para la presentaci\u00f3n y lectura de la Tesis Doctoral La normativa para la elaboraci\u00f3n, presentaci\u00f3n y tramitaci\u00f3n de defensa de la tesis, incluyendo lo referente a la propuesta y nombramiento de tribunal, y a las modalidades de Menci\u00f3n Internacional, compendio de publicaciones y en r\u00e9gimen de cotutela&#8230;<\/p>\n","protected":false},"author":1,"featured_media":0,"parent":27,"menu_order":0,"comment_status":"closed","ping_status":"closed","template":"templates\/template-frontpage.php","meta":{"_acf_changed":false,"footnotes":""},"class_list":["post-74","page","type-page","status-publish","hentry"],"acf":[],"publishpress_future_action":{"enabled":false,"date":"2026-04-17 02:56:13","action":"change-status","newStatus":"draft","terms":[],"taxonomy":"","extraData":[]},"publishpress_future_workflow_manual_trigger":{"enabledWorkflows":[]},"_links":{"self":[{"href":"https:\/\/www.ull.es\/doctorados\/derecho-sociedad-turismo\/wp-json\/wp\/v2\/pages\/74","targetHints":{"allow":["GET"]}}],"collection":[{"href":"https:\/\/www.ull.es\/doctorados\/derecho-sociedad-turismo\/wp-json\/wp\/v2\/pages"}],"about":[{"href":"https:\/\/www.ull.es\/doctorados\/derecho-sociedad-turismo\/wp-json\/wp\/v2\/types\/page"}],"author":[{"embeddable":true,"href":"https:\/\/www.ull.es\/doctorados\/derecho-sociedad-turismo\/wp-json\/wp\/v2\/users\/1"}],"replies":[{"embeddable":true,"href":"https:\/\/www.ull.es\/doctorados\/derecho-sociedad-turismo\/wp-json\/wp\/v2\/comments?post=74"}],"version-history":[{"count":7,"href":"https:\/\/www.ull.es\/doctorados\/derecho-sociedad-turismo\/wp-json\/wp\/v2\/pages\/74\/revisions"}],"predecessor-version":[{"id":361,"href":"https:\/\/www.ull.es\/doctorados\/derecho-sociedad-turismo\/wp-json\/wp\/v2\/pages\/74\/revisions\/361"}],"up":[{"embeddable":true,"href":"https:\/\/www.ull.es\/doctorados\/derecho-sociedad-turismo\/wp-json\/wp\/v2\/pages\/27"}],"wp:attachment":[{"href":"https:\/\/www.ull.es\/doctorados\/derecho-sociedad-turismo\/wp-json\/wp\/v2\/media?parent=74"}],"curies":[{"name":"wp","href":"https:\/\/api.w.org\/{rel}","templated":true}]}}