{"id":72,"date":"2018-02-22T13:28:20","date_gmt":"2018-02-22T13:28:20","guid":{"rendered":"http:\/\/www.ull.es\/doctorados\/derecho-sociedad-turismo\/?page_id=72"},"modified":"2025-08-20T12:34:29","modified_gmt":"2025-08-20T12:34:29","slug":"seguimiento-doctorando","status":"publish","type":"page","link":"https:\/\/www.ull.es\/doctorados\/derecho\/en\/organizacion-del-programa\/seguimiento-doctorando\/","title":{"rendered":"Monitoring of the PhD student"},"content":{"rendered":"\n<div class=\"wp-block-stackable-columns alignfull stk-block-columns stk-block stk-2314a6b\" data-block-id=\"2314a6b\"><style>.stk-2314a6b {padding-bottom:0px !important;margin-top:-100px !important;margin-bottom:0px !important;}<\/style><div class=\"stk-row stk-inner-blocks stk-block-content stk-content-align stk-2314a6b-column alignfull\">\n<div class=\"wp-block-stackable-column stk-block-column stk-column stk-block stk-1d1764d\" data-v=\"4\" data-block-id=\"1d1764d\"><div class=\"stk-column-wrapper stk-block-column__content stk-container stk-1d1764d-container stk--no-background stk--no-padding\"><div class=\"stk-block-content stk-inner-blocks stk-1d1764d-inner-blocks\"><style id=\"depicter-1-inline-pre-css\">\n\n.depicter-1:not(.depicter-ready){\n\theight:450px;\n}\n\n\/***** Tablet *****\/\n@media screen and (max-width: 1024px){\n\n.depicter-1:not(.depicter-ready){\n\theight:700px;\n}\n\n}\n\/***** Mobile *****\/\n@media screen and (max-width: 767px){\n\n.depicter-1:not(.depicter-ready){\n\theight:360px;\n}\n\n}\n<\/style>\n<div id=\"depicter-1\" class=\"depicter depicter-document depicter-revert depicter-1 depicter-layout-fullwidth\">\n\n<div class=\"depicter-loading-container depicter-loading dotFlashing-dark\"><div class=\"depicter-loading-dark depicter-dot-flashing\">\n   <span><\/span>\n   <span><\/span>\n   <span><\/span>\n<\/div>\n<\/div>\n<div id=\"depicter-1-section-1\" class=\"depicter-section depicter-1-section-1\" data-name=\"Section 1\" data-type=\"section\" data-local-id=\"section-1\">\n<picture class=\"depicter-bg\">\n<source data-depicter-srcset=\"https:\/\/www.ull.es\/doctorados\/derecho\/wp-content\/uploads\/sites\/23\/2025\/05\/Headers-Doctorados_Doctorado-Derecho-768x248.jpg, https:\/\/www.ull.es\/doctorados\/derecho\/wp-content\/uploads\/sites\/23\/2025\/05\/Headers-Doctorados_Doctorado-Derecho.jpg 2x\" srcset=\"data:image\/gif;base64,R0lGODlhAQABAIAAAAAAAP\/\/\/yH5BAEAAAAALAAAAAABAAEAAAIBRAA7\" media=\"(max-width: 1024px)\" \/>\n\n<source data-depicter-srcset=\"https:\/\/www.ull.es\/doctorados\/derecho\/wp-content\/uploads\/sites\/23\/2025\/05\/Headers-Doctorados_Doctorado-Derecho.jpg, https:\/\/www.ull.es\/doctorados\/derecho\/wp-content\/uploads\/sites\/23\/2025\/05\/Headers-Doctorados_Doctorado-Derecho-2000x645.jpg 2x\" srcset=\"data:image\/gif;base64,R0lGODlhAQABAIAAAAAAAP\/\/\/yH5BAEAAAAALAAAAAABAAEAAAIBRAA7\" media=\"(min-width: 1025px)\" \/>\n<img decoding=\"async\" src=\"data:image\/gif;base64,R0lGODlhAQABAIAAAAAAAP\/\/\/yH5BAEAAAAALAAAAAABAAEAAAIBRAA7\" data-ken-burns=\"false\" data-tablet-ken-burns=\"false\" data-mobile-ken-burns=\"false\" alt=\"\" data-depicter-src=\"https:\/\/www.ull.es\/doctorados\/derecho\/wp-content\/uploads\/sites\/23\/2025\/05\/Headers-Doctorados_Doctorado-Derecho.jpg\" data-object-fit=\"custom,custom,\" data-object-position=\"center top,,\" data-crop=\"{'focalPoint':{'x':0.5,'y':0.5},'mediaSize':{'width':1395.3488372093024736386723816394805908203125,'height':450}}\" data-tablet-crop=\"{'focalPoint':{'x':0.5,'y':0.5},'mediaSize':{'width':2170.54263565891460530110634863376617431640625,'height':700}}\" data-mobile-crop=\"{'focalPoint':{'x':0.5,'y':0.5},'mediaSize':{'width':2294.57364341085258274688385426998138427734375,'height':740}}\" \/>\n<\/picture>\n\n\n<h1 id=\"depicter-1-element-5\" class=\"depicter-element depicter-layer depicter-1-element-5\" data-type=\"text\" data-wrap=\"true\" data-name=\"Text 2\" data-local-id=\"element-5\" data-offset=\"x:0px;y:137px;origin:tl\" data-tablet-offset=\"x:269px;y:192px;origin:tl\" data-mobile-offset=\"x:12px;y:155px;origin:tl\" data-width=\"517px,627px,348px\" data-height=\"auto,auto,auto\" data-responsive-scale=\"true,,\">Doctorado en <br>Derecho<\/h1>\n\n<div id=\"depicter-1-element-10\" class=\"depicter-element depicter-layer depicter-1-element-10\" data-type=\"shape\" data-wrap=\"true\" data-name=\"Shape 1\" data-local-id=\"element-10\" data-offset=\"x:0px;y:305px;origin:tl\" data-tablet-offset=\"x:278px;y:361px;origin:tl\" data-mobile-offset=\"x:12px;y:260px;origin:tl\" data-width=\"419px,402px,282px\" data-height=\"8px,8px,8px\" data-responsive-scale=\"true,,\"><\/div>\n<\/div>\n<\/div>\n<script>\n(window.depicterSetups = window.depicterSetups || []).push(function(){\n\tDepicter.basePath = 'https:\/\/www.ull.es\/doctorados\/derecho\/wp-content\/plugins\/depicter\/resources\/scripts\/player\/';\n\tconst dpPlayer = Depicter.setup('.depicter-1',\n\t\t{\"width\":[\"1200\",\"1024\",\"360\"],\"height\":[\"450\",\"700\",\"360\"],\"view\":\"basic\",\"keepAspectRatio\":true,\"preload\":0,\"layout\":\"fullwidth\",\"rtl\":false,\"initAfterAppear\":false,\"ajaxApiUrl\":\"https:\\\/\\\/www.ull.es\\\/doctorados\\\/derecho\\\/wp-admin\\\/admin-ajax.php\",\"mouseSwipe\":true,\"touchSwipe\":true,\"useWatermark\":false}\n\t);\n});\n<\/script><\/div><\/div><\/div>\n<\/div><\/div>\n\n\n\n<div class=\"wp-block-stackable-columns alignfull stk-block-columns stk--hide-mobile stk-block stk-6394276 stk-block-background\" data-block-id=\"6394276\"><style>.stk-6394276 {background-color:#f33f4e !important;padding-top:10px !important;margin-bottom:0px !important;}.stk-6394276:before{background-color:#f33f4e !important;}<\/style><div class=\"stk-row stk-inner-blocks stk-block-content stk-content-align stk-6394276-column alignfull\">\n<div class=\"wp-block-stackable-column stk-block-column stk-column stk-block stk-8a66885\" data-v=\"4\" data-block-id=\"8a66885\"><div class=\"stk-column-wrapper stk-block-column__content stk-container stk-8a66885-container stk--no-background stk--no-padding\"><div class=\"stk-block-content stk-inner-blocks stk-8a66885-inner-blocks\">\n<div class=\"wp-block-stackable-spacer stk-block-spacer stk--no-padding stk-block stk-bc89b3e\" data-block-id=\"bc89b3e\"><style>.stk-bc89b3e {height:0px !important;}<\/style><\/div>\n<\/div><\/div><\/div>\n<\/div><\/div>\n\n\n\n<div class=\"wp-block-stackable-columns stk-block-columns stk-block stk-8b59b96\" data-block-id=\"8b59b96\"><style>.stk-8b59b96 .stk--block-align-8b59b96{align-items:flex-start !important;}.stk-8b59b96 {margin-top:50px !important;}.stk-8b59b96-column{--stk-columns-spacing:0px !important;--stk-column-gap:50px !important;}<\/style><div class=\"stk-row stk-inner-blocks stk--block-align-8b59b96 stk-block-content stk-content-align stk-8b59b96-column\">\n<div class=\"wp-block-stackable-column stk-block-column stk-column stk-block stk-dbb7e15\" data-v=\"4\" data-block-id=\"dbb7e15\"><style>@media screen and (min-width: 768px){.stk-dbb7e15 {flex:var(--stk-flex-grow, 1) 1 66.7% !important;}}<\/style><div class=\"stk-column-wrapper stk-block-column__content stk-container stk-dbb7e15-container stk--no-background stk--no-padding\"><div class=\"stk-block-content stk-inner-blocks stk-dbb7e15-inner-blocks\">\n<div class=\"wp-block-stackable-heading stk-block-heading stk-block-heading--v2 stk-block stk-cc0239e\" id=\"complementos-de-formacion\" data-block-id=\"cc0239e\"><style>.stk-cc0239e .stk-block-heading__text{color:#000000 !important;font-weight:500 !important;}<\/style><h1 class=\"stk-block-heading__text has-text-color\">Seguimiento del doctorando<\/h1><\/div>\n\n\n\n<p>El programa de doctorado tiene diversos mecanismos para la realizaci\u00f3n y supervisi\u00f3n de la labor a realizar por los doctorandos y doctorandas.<\/p>\n\n\n\n<p>En primer lugar, el programa cuenta con una Comisi\u00f3n Acad\u00e9mica cuyos miembros tienen dilatada experiencia en materia investigadora. De acuerdo con lo dispuesto en el art\u00edculo 14 del Reglamento de Ense\u00f1anzas Oficiales de Doctorado de la Universidad de La Laguna (aprobado por acuerdo del Consejo de Gobierno de 30 de abril de 2019 (http:\/\/t.ull.es\/17ra), debe tener un m\u00e1ximo de 9 miembros, entre ellos la persona que desarrolla las funciones de coordinaci\u00f3n acad\u00e9mica. Los requisitos para ser miembros de la citada comisi\u00f3n se describen en el primer punto del art\u00edculo 14 y sus funciones se especifican en el art\u00edculo 15 del citado Reglamento. En la Comisi\u00f3n Acad\u00e9mica del programa de doctorado deber\u00e1 integrarse, al menos, un miembro por cada una de las dos l\u00edneas de investigaci\u00f3n que conforman el programa de doctorado que cumpla con los requisitos para dirigir tesis doctorales.<\/p>\n\n\n\n<p>La Comisi\u00f3n estar\u00e1 integrada por ocho miembros que cumplan con esos requisitos, ostentando la presidencia de la Comisi\u00f3n la persona que act\u00fae como coordinadora del programa de doctorado. La presidencia designar\u00e1 una persona que ejerza las funciones de secretar\u00eda de la Comisi\u00f3n entre sus miembros.<\/p>\n\n\n\n<p>La condici\u00f3n de miembro de la Comisi\u00f3n Acad\u00e9mica tendr\u00e1 una duraci\u00f3n de cuatro cursos acad\u00e9micos desde su nombramiento, siempre que se mantengan las condiciones para ser miembro de la misma. En caso contrario, se producir\u00e1 su cese y sustituci\u00f3n en el curso en el que se haya constatado que no re\u00fane dichos requisitos, todo ello seg\u00fan los t\u00e9rminos del art\u00edculo 16 del Reglamento. La condici\u00f3n de miembro de la Comisi\u00f3n Acad\u00e9mica puede ser prorrogada por una vez.<\/p>\n\n\n\n<p>La importancia del papel que cumple la Comisi\u00f3n Acad\u00e9mica dentro del desarrollo del programa de doctorado, queda patente en sus funciones (art. 15):<\/p>\n\n\n\n<p>Art\u00edculo 15.- Funciones de la comisi\u00f3n acad\u00e9mica.<\/p>\n\n\n\n<p>Ser\u00e1n funciones de la comisi\u00f3n acad\u00e9mica las siguientes:<\/p>\n\n\n\n<p>a) Proponer la admisi\u00f3n del alumnado.<\/p>\n\n\n\n<p>b) Establecer los complementos formativos que deba cursar, en su caso, el alumnado admitido en funci\u00f3n de su perfil de acceso, de acuerdo a lo establecido en la memoria de verificaci\u00f3n del programa de doctorado.<\/p>\n\n\n\n<p>c) Asignar tutor\/a y Director\/a a cada estudiante de nuevo acceso del programa de doctorado.<\/p>\n\n\n\n<p>d) Colaborar con el coordinador\/a acad\u00e9mico en el desarrollo de sus funciones.<\/p>\n\n\n\n<p>e) Evaluar el plan de investigaci\u00f3n y el documento de actividades de cada estudiante del programa en los plazos establecidos para ello.<\/p>\n\n\n\n<p>f) Elegir los doctores o doctoras que deben de emitir los informes en aquellas tesis doctorales que aspiren al t\u00edtulo de doctor o doctora con Menci\u00f3n internacional.<\/p>\n\n\n\n<p>g) Analizar las tesis doctorales que se presenten para iniciar su tr\u00e1mite de defensa, de cara a la emisi\u00f3n del informe correspondiente, de conformidad a lo dispuesto en el presente reglamento.<\/p>\n\n\n\n<p>h) Formular la propuesta para el nombramiento de los doctores o doctoras que habr\u00e1n de formar parte del tribunal de tesis.<\/p>\n\n\n\n<p>i) Proponer al rector o rectora el nombramiento de la nueva coordinadora o coordinador acad\u00e9mico una vez se produzca el cese por cumplimiento del periodo establecido en el presente reglamento, o por cualquiera de las circunstancias contempladas en la legislaci\u00f3n vigente para cargos acad\u00e9micos.<\/p>\n\n\n\n<p>j) Implementar los procedimientos asignados dentro del Sistema Interno de Garant\u00eda de Calidad del programa de doctorado.<\/p>\n\n\n\n<p>k) Cualesquiera otras que le asignen los \u00f3rganos competentes.<\/p>\n\n\n\n<p>De acuerdo con el art\u00edculo 9 del Reglamento, a cada doctorando o doctoranda matriculado en el programa le ser\u00e1 asignado un tutor o tutora por parte de la Comisi\u00f3n Acad\u00e9mica, que podr\u00e1 ser el director o directora de la tesis u otro profesor o profesora adscrito al programa de doctorado. La Comisi\u00f3n Acad\u00e9mica podr\u00e1 modificar el nombramiento del tutor o tutora en cualquier momento del periodo de realizaci\u00f3n de la tesis doctoral, previa audiencia del doctorando o doctoranda y siempre que concurran razones justificadas. Si lo estima procedente, la Comisi\u00f3n Acad\u00e9mica podr\u00e1 solicitar informes de quienes tutoricen y dirijan la tesis.<\/p>\n\n\n\n<p>El procedimiento para la designaci\u00f3n de directores y directoras, en l\u00ednea con lo previsto en RD 99\/2011, se encuentra regulado en el art\u00edculo 10 del Reglamento de Ense\u00f1anzas Oficiales de Doctorado de la ULL. De conformidad con dicho precepto, deben cumplir, como m\u00ednimo, los requisitos siguientes:<\/p>\n\n\n\n<p>a) Profesorado de los cuerpos docentes universitarios: estar en posesi\u00f3n, al menos, de un tramo de m\u00e9ritos de investigaci\u00f3n, de acuerdo a lo establecido en el RD 1086\/1989, de 28 de agosto, sobre retribuciones del profesorado universitario (BOE de 9 de septiembre), modificado por los RRDD 1949\/1995, de 1 de diciembre (BOE de 18 de enero de 1996); 74\/2000, de 21 de enero (BOE de 22 de enero), y 1325\/2002, de 13 de diciembre (BOE de 21 de diciembre).<\/p>\n\n\n\n<p>b) Resto de doctores\/as: m\u00e9ritos equivalentes a los del apartado a). En particular, se considerar\u00e1 que cumplen con estos m\u00e9ritos, sin necesidad de verificaci\u00f3n adicional, quienes tengan o hayan tenido un contrato posdoctoral Marie Curie, Ram\u00f3n y Cajal, Juan de la Cierva o Viera y Clavijo.<\/p>\n\n\n\n<p>c) En cualquier caso, ser\u00e1 tambi\u00e9n suficiente estar en posesi\u00f3n de tres tramos de m\u00e9ritos investigadores, de acuerdo a la establecido en el Decreto 140\/2002, de 7 de octubre (BOC de 18 de octubre), siempre y cuando se acredite, al menos, haber dirigido una tesis doctoral o codirigido dos.<\/p>\n\n\n\n<p>En cuanto al procedimiento para la asignaci\u00f3n de director o directora de tesis, la Comisi\u00f3n Acad\u00e9mica debe asignar uno a cada doctorando o doctoranda en un plazo no superior a tres meses desde la formalizaci\u00f3n de la matr\u00edcula. Ese nombramiento podr\u00e1 ser modificado por la misma, con audiencia al doctorando\/a y, en su caso al tutor o tutora, cuando concurran causas justificadas. El director o directora deber\u00e1 emitir un informe al respecto.<\/p>\n\n\n\n<p>El Reglamento de Ense\u00f1anzas Oficiales de Doctorado de la Universidad de La Laguna garantiza el uso de buenas pr\u00e1cticas en la direcci\u00f3n de la tesis. En este sentido, el art\u00edculo 20 en su punto 1 establece que las funciones de supervisi\u00f3n de los doctorandos y doctorandas se garanticen a trav\u00e9s de un compromiso documental, firmado por quien ejerza la direcci\u00f3n de la Escuela de Doctorado y Estudios de Posgrado (EDEPULL), el doctorando o doctoranda, la persona que ejerza las funciones de tutorizaci\u00f3n y la persona que dirija la tesis. Este compromiso, para el que esta universidad ya cuenta con un modelo, significa la aceptaci\u00f3n por parte del doctorando o doctoranda del r\u00e9gimen de derechos y deberes previstos en el art\u00edculo 19 del Reglamento. En particular, en el documento de compromiso se especifican las funciones, derechos y obligaciones de las personas que ejercen las funciones de tutorizaci\u00f3n o direcci\u00f3n, as\u00ed como las obligaciones y dedicaci\u00f3n del doctorando\/a. El documento de compromiso deber\u00e1 ser firmado por las partes en un plazo m\u00e1ximo de tres meses desde la asignaci\u00f3n de tutor\/a y director\/a. Ha de contemplar aspectos relativos a los derechos de propiedad intelectual o industrial que pudieran generarse, as\u00ed como el procedimiento de resoluci\u00f3n de los conflictos que puedan generarse (art. 21).<\/p>\n\n\n\n<p>El RD 99\/2011 en su art\u00edculo 12 regula la direcci\u00f3n y la codirecci\u00f3n de la tesis doctoral y en correspondencia con ello, as\u00ed se refleja en el art\u00edculo 10 del Reglamento de Ense\u00f1anzas Oficiales de Doctorado de la ULL. En este sentido indica que el director o directora ser\u00e1 el m\u00e1ximo responsable de la coherencia e idoneidad de las actividades de formaci\u00f3n, del impacto y novedad en su campo de la tem\u00e1tica de la tesis doctoral y de la gu\u00eda en la planificaci\u00f3n y su adecuaci\u00f3n, en su caso, a la de otros proyectos y actividades donde se inscriba el doctorando o doctoranda.<\/p>\n\n\n\n<p>La tesis podr\u00e1 ser codirigida por otros doctores o doctoras cuando concurran razones de \u00edndole acad\u00e9mico o de interdisciplinariedad tem\u00e1tica o cuando se trate de programas desarrollados en colaboraci\u00f3n nacional o internacional. Para la codirecci\u00f3n de la tesis ser\u00e1 necesaria la autorizaci\u00f3n previa de la Comisi\u00f3n Acad\u00e9mica, autorizaci\u00f3n que podr\u00e1 ser revocada con posterioridad si, a juicio de la Comisi\u00f3n Acad\u00e9mica, la codirecci\u00f3n no beneficia el desarrollo de la tesis<\/p>\n\n\n\n<p>La supervisi\u00f3n y seguimiento de los doctorandos y doctorandas se describe en el art\u00edculo 22 del Reglamento. El tutor o tutora, junto con el director o directora, establecer\u00e1n un documento a efectos del registro personalizado de control de actividades realizadas por el doctorando o doctoranda. Ser\u00e1 regularmente revisado por quienes tutoricen y dirijan la tesis y evaluado por la Comisi\u00f3n Acad\u00e9mica del programa de doctorado. Se potencia as\u00ed el papel de seguimiento de tutores\/as y directores\/as de tesis, que han de emitir, con el doctorando\/a, un informe anual de las actividades desarrolladas por este, que ser\u00e1 objeto de evaluaci\u00f3n por la Comisi\u00f3n Acad\u00e9mica.<\/p>\n\n\n\n<p>Antes de la finalizaci\u00f3n del primer a\u00f1o, el doctorando o doctoranda elaborar\u00e1 un Plan de investigaci\u00f3n que incluir\u00e1, al menos, la metodolog\u00eda a utilizar y los objetivos a alcanzar, as\u00ed como los medios y la planificaci\u00f3n temporal para lograrlos. Dicho Plan se podr\u00e1 mejorar y detallar a lo largo de su estancia en el programa y debe estar avalado por quienes tutoricen y dirijan la tesis.<\/p>\n\n\n\n<p>El plan de investigaci\u00f3n y el documento de actividades desarrolladas ser\u00e1n evaluados anualmente por la Comisi\u00f3n Acad\u00e9mica, siendo la evaluaci\u00f3n positiva requisito necesario para continuar en el programa. No obstante, en el caso de evaluaci\u00f3n negativa se prev\u00e9 un procedimiento de revisi\u00f3n (art. 22.4 del Reglamento).<\/p>\n\n\n\n<p>De lo expuesto permite asegurar que existe una trazabilidad completa de la actividad desarrollada por el doctorando o doctoranda, supervisada por el director o directora de tesis y la Comisi\u00f3n Acad\u00e9mica, adem\u00e1s de por la EDEPULL, quedando todo ello registrado en la aplicaci\u00f3n inform\u00e1tica creada a tal fin por la ULL, bajo la denominaci\u00f3n Registro de Actividades y Plan de Investigaci\u00f3n (RAPI).<\/p>\n\n\n\n<p>Durante la realizaci\u00f3n de la tesis doctoral el doctorando o doctoranda puede realizar estancias en otras universidades o centros de Investigaci\u00f3n. En el art\u00edculo 27 del Reglamento de Ense\u00f1anzas Oficiales de Doctorado se establecen los requisitos para poder optar a la menci\u00f3n internacional del t\u00edtulo de doctor\/a.<\/p>\n\n\n\n<p>Art\u00edculo 27.- Menci\u00f3n Internacional en el t\u00edtulo de Doctor\/a<\/p>\n\n\n\n<p>El t\u00edtulo de Doctor\/a podr\u00e1 incluir en su anverso la menci\u00f3n Doctorado internacional, siempre que concurran las siguientes circunstancias:<\/p>\n\n\n\n<p>a) Que, durante el periodo de formaci\u00f3n necesario para la obtenci\u00f3n del t\u00edtulo de Doctor\/a, el doctorando\/a haya realizado una estancia m\u00ednima de tres meses fuera de Espa\u00f1a en una instituci\u00f3n de ense\u00f1anza superior o centro de investigaci\u00f3n de prestigio, cursando estudios o realizando trabajos de investigaci\u00f3n. La estancia y las actividades han de ser avaladas por la direcci\u00f3n de la tesis y autorizadas por la Comisi\u00f3n acad\u00e9mica, y se incorporar\u00e1n al documento de actividades del doctorando\/a.<\/p>\n\n\n\n<p>b) Que parte de la tesis doctoral, al menos el resumen y las conclusiones, se haya redactado y presentado en una de las lenguas habituales para la comunicaci\u00f3n cient\u00edfica en su campo de conocimiento, distinta a cualquiera de las lenguas oficial o cooficiales de Espa\u00f1a. Esta norma no ser\u00e1 de aplicaci\u00f3n cuando las estancias, informes y expertos procedan de un pa\u00eds de habla hispana.<\/p>\n\n\n\n<p>c) Que la tesis haya sido informada por un m\u00ednimo de dos personas expertas Doctoras pertenecientes a alguna instituci\u00f3n de Educaci\u00f3n Superior o instituto de investigaci\u00f3n no espa\u00f1ola.<\/p>\n\n\n\n<p>d) Que al menos una de las personas expertas perteneciente a alguna instituci\u00f3n de Educaci\u00f3n Superior o centro de investigaci\u00f3n no espa\u00f1ola, con el t\u00edtulo de Doctor o Doctora, y distinto del responsable de la estancia mencionada en el p\u00e1rrafo a), haya formado parte del tribunal evaluador de la tesis.<\/p>\n\n\n\n<p>Estos procesos se ven favorecidos por la amplia experiencia acumulada por la ULL en la gesti\u00f3n de los programas Erasmus, con convenios con numerosas universidades extranjeras. En particular, la Facultad de Derecho tiene convenio de doctorado con las siguientes Universidades: Dusseldorf, Heidelberg, Rostock, Paris Descartes, Poitiers, Atenas, Szeged, Bolonia, Cagliari, University Kore of Enna, Foggia, Messina, Modena e Reggio Emilia, Palermo, Salerno, Verona, Minho, Kazimierz Wielki University, Varsovia y Wroclaw. Adem\u00e1s, el alumnado de doctorado tiene la posibilidad de solicitar alguna de las ayudas previstas en el programa espec\u00edfico de formaci\u00f3n del personal investigador descrito en el apartado 7.3, en el que se contempla expresamente la concesi\u00f3n de ayudas para estancias en otros centros asociadas al desarrollo de tesis doctorales.<\/p>\n\n\n\n<p>En tal sentido, con car\u00e1cter previo ya existen varios ejemplos de tesis que han recibido la referida menci\u00f3n internacional (Irene Aznar S\u00e1nchez-Parodi y Alicia Espejo Campo, citadas en el apartado 6.1).<\/p>\n\n\n\n<p>Asimismo, est\u00e1 prevista la posibilidad de realizar co-tutela internacional de las tesis doctorales, tal y como viene reflejado en el art\u00edculo 30 del Reglamento de Ense\u00f1anzas Oficiales de Doctorado.<\/p>\n<\/div><\/div><\/div>\n\n\n\n<div class=\"wp-block-stackable-column stk-block-column stk-column stk-block stk-53ec762\" data-v=\"4\" data-block-id=\"53ec762\"><style>.stk-53ec762-inner-blocks{row-gap:0px !important;}.stk-53ec762 {padding-top:0px !important;padding-right:0px !important;padding-bottom:0px !important;padding-left:0px !important;}@media screen and (min-width: 768px){.stk-53ec762 {flex:var(--stk-flex-grow, 1) 1 33.3% !important;}}<\/style><div class=\"stk-column-wrapper stk-block-column__content stk-container stk-53ec762-container stk--no-background stk--no-padding\"><div class=\"stk-block-content stk-inner-blocks stk-53ec762-inner-blocks\">\n\n<ul class=\"widget-box\">\n<li class='contacto-header'>Informaci\u00f3n de contacto<\/li><li><i class=\"fa fa-map-marker\"><\/i> Avda. Astrof\u00edsico Francisco S\u00e1nchez, SN. Edificio Calabaza \u2013 AN.2D Apdo. 456 38200 San Crist\u00f3bal de La Laguna<\/li><li><i class=\"fa fa-envelope\"><\/i>  <a href=mailto:doct121@ull.edu.es>doct121@ull.edu.es<\/a><\/li>\n<\/ul>\n\n\n<\/div><\/div><\/div>\n<\/div><\/div>\n","protected":false},"excerpt":{"rendered":"<p>Doctoral Student Monitoring The doctoral program has various mechanisms for conducting and supervising the work of doctoral students. First, the program has an Academic Committee whose members have extensive research experience. In accordance with Article 14 of the Regulations of\u2026<\/p>","protected":false},"author":1,"featured_media":0,"parent":27,"menu_order":0,"comment_status":"closed","ping_status":"closed","template":"templates\/template-frontpage.php","meta":{"_acf_changed":false,"footnotes":""},"class_list":["post-72","page","type-page","status-publish","hentry"],"acf":[],"publishpress_future_action":{"enabled":false,"date":"2026-04-20 21:07:04","action":"change-status","newStatus":"draft","terms":[],"taxonomy":"","extraData":[]},"publishpress_future_workflow_manual_trigger":{"enabledWorkflows":[]},"_links":{"self":[{"href":"https:\/\/www.ull.es\/doctorados\/derecho\/en\/wp-json\/wp\/v2\/pages\/72","targetHints":{"allow":["GET"]}}],"collection":[{"href":"https:\/\/www.ull.es\/doctorados\/derecho\/en\/wp-json\/wp\/v2\/pages"}],"about":[{"href":"https:\/\/www.ull.es\/doctorados\/derecho\/en\/wp-json\/wp\/v2\/types\/page"}],"author":[{"embeddable":true,"href":"https:\/\/www.ull.es\/doctorados\/derecho\/en\/wp-json\/wp\/v2\/users\/1"}],"replies":[{"embeddable":true,"href":"https:\/\/www.ull.es\/doctorados\/derecho\/en\/wp-json\/wp\/v2\/comments?post=72"}],"version-history":[{"count":10,"href":"https:\/\/www.ull.es\/doctorados\/derecho\/en\/wp-json\/wp\/v2\/pages\/72\/revisions"}],"predecessor-version":[{"id":442,"href":"https:\/\/www.ull.es\/doctorados\/derecho\/en\/wp-json\/wp\/v2\/pages\/72\/revisions\/442"}],"up":[{"embeddable":true,"href":"https:\/\/www.ull.es\/doctorados\/derecho\/en\/wp-json\/wp\/v2\/pages\/27"}],"wp:attachment":[{"href":"https:\/\/www.ull.es\/doctorados\/derecho\/en\/wp-json\/wp\/v2\/media?parent=72"}],"curies":[{"name":"wp","href":"https:\/\/api.w.org\/{rel}","templated":true}]}}