{"id":90,"date":"2018-02-22T14:23:10","date_gmt":"2018-02-22T14:23:10","guid":{"rendered":"http:\/\/www.ull.es\/doctorados\/derecho-sociedad-turismo\/?page_id=90"},"modified":"2025-08-20T12:31:26","modified_gmt":"2025-08-20T12:31:26","slug":"comision-coordinacion-academica","status":"publish","type":"page","link":"https:\/\/www.ull.es\/doctorados\/derecho\/en\/informacion-academica\/comision-coordinacion-academica\/","title":{"rendered":"Academic Commission and Coordination"},"content":{"rendered":"\n<div class=\"wp-block-stackable-columns alignfull stk-block-columns stk-block stk-2314a6b\" data-block-id=\"2314a6b\"><style>.stk-2314a6b {padding-bottom:0px !important;margin-top:-100px !important;margin-bottom:0px !important;}<\/style><div class=\"stk-row stk-inner-blocks stk-block-content stk-content-align stk-2314a6b-column alignfull\">\n<div class=\"wp-block-stackable-column stk-block-column stk-column stk-block stk-1d1764d\" data-v=\"4\" data-block-id=\"1d1764d\"><div class=\"stk-column-wrapper stk-block-column__content stk-container stk-1d1764d-container stk--no-background stk--no-padding\"><div class=\"stk-block-content stk-inner-blocks stk-1d1764d-inner-blocks\"><style id=\"depicter-1-inline-pre-css\">\n\n.depicter-1:not(.depicter-ready){\n\theight:450px;\n}\n\n\/***** Tablet *****\/\n@media screen and (max-width: 1024px){\n\n.depicter-1:not(.depicter-ready){\n\theight:700px;\n}\n\n}\n\/***** Mobile *****\/\n@media screen and (max-width: 767px){\n\n.depicter-1:not(.depicter-ready){\n\theight:360px;\n}\n\n}\n<\/style>\n<div id=\"depicter-1\" class=\"depicter depicter-document depicter-revert depicter-1 depicter-layout-fullwidth\">\n\n<div class=\"depicter-loading-container depicter-loading dotFlashing-dark\"><div class=\"depicter-loading-dark depicter-dot-flashing\">\n   <span><\/span>\n   <span><\/span>\n   <span><\/span>\n<\/div>\n<\/div>\n<div id=\"depicter-1-section-1\" class=\"depicter-section depicter-1-section-1\" data-name=\"Section 1\" data-type=\"section\" data-local-id=\"section-1\">\n<picture class=\"depicter-bg\">\n<source data-depicter-srcset=\"https:\/\/www.ull.es\/doctorados\/derecho\/wp-content\/uploads\/sites\/23\/2025\/05\/Headers-Doctorados_Doctorado-Derecho-768x248.jpg, https:\/\/www.ull.es\/doctorados\/derecho\/wp-content\/uploads\/sites\/23\/2025\/05\/Headers-Doctorados_Doctorado-Derecho.jpg 2x\" srcset=\"data:image\/gif;base64,R0lGODlhAQABAIAAAAAAAP\/\/\/yH5BAEAAAAALAAAAAABAAEAAAIBRAA7\" media=\"(max-width: 1024px)\" \/>\n\n<source data-depicter-srcset=\"https:\/\/www.ull.es\/doctorados\/derecho\/wp-content\/uploads\/sites\/23\/2025\/05\/Headers-Doctorados_Doctorado-Derecho.jpg, https:\/\/www.ull.es\/doctorados\/derecho\/wp-content\/uploads\/sites\/23\/2025\/05\/Headers-Doctorados_Doctorado-Derecho-2000x645.jpg 2x\" srcset=\"data:image\/gif;base64,R0lGODlhAQABAIAAAAAAAP\/\/\/yH5BAEAAAAALAAAAAABAAEAAAIBRAA7\" media=\"(min-width: 1025px)\" \/>\n<img decoding=\"async\" src=\"data:image\/gif;base64,R0lGODlhAQABAIAAAAAAAP\/\/\/yH5BAEAAAAALAAAAAABAAEAAAIBRAA7\" data-ken-burns=\"false\" data-tablet-ken-burns=\"false\" data-mobile-ken-burns=\"false\" alt=\"\" data-depicter-src=\"https:\/\/www.ull.es\/doctorados\/derecho\/wp-content\/uploads\/sites\/23\/2025\/05\/Headers-Doctorados_Doctorado-Derecho.jpg\" data-object-fit=\"custom,custom,\" data-object-position=\"center top,,\" data-crop=\"{'focalPoint':{'x':0.5,'y':0.5},'mediaSize':{'width':1395.3488372093024736386723816394805908203125,'height':450}}\" data-tablet-crop=\"{'focalPoint':{'x':0.5,'y':0.5},'mediaSize':{'width':2170.54263565891460530110634863376617431640625,'height':700}}\" data-mobile-crop=\"{'focalPoint':{'x':0.5,'y':0.5},'mediaSize':{'width':2294.57364341085258274688385426998138427734375,'height':740}}\" \/>\n<\/picture>\n\n\n<h1 id=\"depicter-1-element-5\" class=\"depicter-element depicter-layer depicter-1-element-5\" data-type=\"text\" data-wrap=\"true\" data-name=\"Text 2\" data-local-id=\"element-5\" data-offset=\"x:0px;y:137px;origin:tl\" data-tablet-offset=\"x:269px;y:192px;origin:tl\" data-mobile-offset=\"x:12px;y:155px;origin:tl\" data-width=\"517px,627px,348px\" data-height=\"auto,auto,auto\" data-responsive-scale=\"true,,\">Doctorado en <br>Derecho<\/h1>\n\n<div id=\"depicter-1-element-10\" class=\"depicter-element depicter-layer depicter-1-element-10\" data-type=\"shape\" data-wrap=\"true\" data-name=\"Shape 1\" data-local-id=\"element-10\" data-offset=\"x:0px;y:305px;origin:tl\" data-tablet-offset=\"x:278px;y:361px;origin:tl\" data-mobile-offset=\"x:12px;y:260px;origin:tl\" data-width=\"419px,402px,282px\" data-height=\"8px,8px,8px\" data-responsive-scale=\"true,,\"><\/div>\n<\/div>\n<\/div>\n<script>\n(window.depicterSetups = window.depicterSetups || []).push(function(){\n\tDepicter.basePath = 'https:\/\/www.ull.es\/doctorados\/derecho\/wp-content\/plugins\/depicter\/resources\/scripts\/player\/';\n\tconst dpPlayer = Depicter.setup('.depicter-1',\n\t\t{\"width\":[\"1200\",\"1024\",\"360\"],\"height\":[\"450\",\"700\",\"360\"],\"view\":\"basic\",\"keepAspectRatio\":true,\"preload\":0,\"layout\":\"fullwidth\",\"rtl\":false,\"initAfterAppear\":false,\"ajaxApiUrl\":\"https:\\\/\\\/www.ull.es\\\/doctorados\\\/derecho\\\/wp-admin\\\/admin-ajax.php\",\"mouseSwipe\":true,\"touchSwipe\":true,\"useWatermark\":false}\n\t);\n});\n<\/script><\/div><\/div><\/div>\n<\/div><\/div>\n\n\n\n<div class=\"wp-block-stackable-columns alignfull stk-block-columns stk--hide-mobile stk-block stk-6394276 stk-block-background\" data-block-id=\"6394276\"><style>.stk-6394276 {background-color:#f33f4e !important;padding-top:10px !important;margin-bottom:0px !important;}.stk-6394276:before{background-color:#f33f4e !important;}<\/style><div class=\"stk-row stk-inner-blocks stk-block-content stk-content-align stk-6394276-column alignfull\">\n<div class=\"wp-block-stackable-column stk-block-column stk-column stk-block stk-8a66885\" data-v=\"4\" data-block-id=\"8a66885\"><div class=\"stk-column-wrapper stk-block-column__content stk-container stk-8a66885-container stk--no-background stk--no-padding\"><div class=\"stk-block-content stk-inner-blocks stk-8a66885-inner-blocks\">\n<div class=\"wp-block-stackable-spacer stk-block-spacer stk--no-padding stk-block stk-bc89b3e\" data-block-id=\"bc89b3e\"><style>.stk-bc89b3e {height:0px !important;}<\/style><\/div>\n<\/div><\/div><\/div>\n<\/div><\/div>\n\n\n\n<div class=\"wp-block-stackable-columns stk-block-columns stk-block stk-8b59b96\" data-block-id=\"8b59b96\"><style>.stk-8b59b96 .stk--block-align-8b59b96{align-items:flex-start !important;}.stk-8b59b96 {margin-top:50px !important;}.stk-8b59b96-column{--stk-columns-spacing:0px !important;--stk-column-gap:50px !important;}<\/style><div class=\"stk-row stk-inner-blocks stk--block-align-8b59b96 stk-block-content stk-content-align stk-8b59b96-column\">\n<div class=\"wp-block-stackable-column stk-block-column stk-column stk-block stk-dbb7e15\" data-v=\"4\" data-block-id=\"dbb7e15\"><style>@media screen and (min-width: 768px){.stk-dbb7e15 {flex:var(--stk-flex-grow, 1) 1 66.7% !important;}}<\/style><div class=\"stk-column-wrapper stk-block-column__content stk-container stk-dbb7e15-container stk--no-background stk--no-padding\"><div class=\"stk-block-content stk-inner-blocks stk-dbb7e15-inner-blocks\">\n<div class=\"wp-block-stackable-heading stk-block-heading stk-block-heading--v2 stk-block stk-cc0239e\" id=\"complementos-de-formacion\" data-block-id=\"cc0239e\"><style>.stk-cc0239e .stk-block-heading__text{color:#000000 !important;font-weight:500 !important;}<\/style><h1 class=\"stk-block-heading__text has-text-color\">Comisi\u00f3n y Coordinaci\u00f3n Acad\u00e9mica<\/h1><\/div>\n\n\n\n<style>\n    .shortcode-equipo h2 {\n        margin-bottom: 10px !important;\n    }\n<\/style>\n\n<div class=\"shortcode-equipo\">\n    <h2>Equipo de direcci\u00f3n<\/h2><dl><dt><strong>Coordinadora del programa<\/strong><\/dt><dd> <a href='https:\/\/www.ull.es\/directorio\/search\/?busqueda=Elena S\u00e1nchez Jord\u00e1n' target='_blank'>Elena S\u00e1nchez Jord\u00e1n<\/a><\/dd><\/dl><h2>Comisi\u00f3n acad\u00e9mica<\/h2><dl><dt><strong>Comisi\u00f3n acad\u00e9mica<\/strong><\/dt><dd> <a href='https:\/\/www.ull.es\/directorio\/search\/?busqueda=Dulce Cair\u00f3s Barreto' target='_blank'>Dulce Cair\u00f3s Barreto<\/a><\/dd><dd> <a href='https:\/\/www.ull.es\/directorio\/search\/?busqueda=Alicia Gonz\u00e1lez Navarro' target='_blank'>Alicia Gonz\u00e1lez Navarro<\/a><\/dd><dd> <a href='https:\/\/www.ull.es\/directorio\/search\/?busqueda=Andr\u00e9s Gonz\u00e1lez Sanfiel' target='_blank'>Andr\u00e9s Gonz\u00e1lez Sanfiel<\/a><\/dd><dd> <a href='https:\/\/www.ull.es\/directorio\/search\/?busqueda=Ulises Hern\u00e1ndez Plasencia' target='_blank'>Ulises Hern\u00e1ndez Plasencia<\/a><\/dd><dd> <a href='https:\/\/www.ull.es\/directorio\/search\/?busqueda=Adriana Fabiola Mart\u00edn C\u00e1ceres' target='_blank'>Adriana Fabiola Mart\u00edn C\u00e1ceres<\/a><\/dd><dd> <a href='https:\/\/www.ull.es\/directorio\/search\/?busqueda=Vicente Navarro Marchante' target='_blank'>Vicente Navarro Marchante<\/a><\/dd><dd> <a href='https:\/\/www.ull.es\/directorio\/search\/?busqueda=Francisco Villar Rojas' target='_blank'>Francisco Villar Rojas<\/a><\/dd><\/dl>\n<\/div>\n\n\n\n\n<div class=\"wp-block-stackable-text stk-block-text stk-block stk-560edf1\" data-block-id=\"560edf1\"><p class=\"stk-block-text__text\"><strong>Otras Comisiones<\/strong><\/p><\/div>\n\n\n\n<p><a href=\"https:\/\/www.ull.es\/centros\/escuela-doctorado-estudios-posgrado\/informacion-general\/consejo-de-direccion\/#comisiones\" target=\"_blank\" rel=\"noopener\">Puede consultar las comisiones vinculadas a la titulaci\u00f3n, accediendo al apartado correspondiente de la web de la Escuela de Doctorado y Estudios de Posgrado<\/a><\/p>\n<\/div><\/div><\/div>\n\n\n\n<div class=\"wp-block-stackable-column stk-block-column stk-column stk-block stk-53ec762\" data-v=\"4\" data-block-id=\"53ec762\"><style>.stk-53ec762-inner-blocks{row-gap:0px !important;}.stk-53ec762 {padding-top:0px !important;padding-right:0px !important;padding-bottom:0px !important;padding-left:0px !important;}@media screen and (min-width: 768px){.stk-53ec762 {flex:var(--stk-flex-grow, 1) 1 33.3% !important;}}<\/style><div class=\"stk-column-wrapper stk-block-column__content stk-container stk-53ec762-container stk--no-background stk--no-padding\"><div class=\"stk-block-content stk-inner-blocks stk-53ec762-inner-blocks\">\n\n<ul class=\"widget-box\">\n<li class='contacto-header'>Informaci\u00f3n de contacto<\/li><li><i class=\"fa fa-map-marker\"><\/i> Avda. Astrof\u00edsico Francisco S\u00e1nchez, SN. Edificio Calabaza \u2013 AN.2D Apdo. 456 38200 San Crist\u00f3bal de La Laguna<\/li><li><i class=\"fa fa-envelope\"><\/i>  <a href=mailto:doct121@ull.edu.es>doct121@ull.edu.es<\/a><\/li>\n<\/ul>\n\n\n<\/div><\/div><\/div>\n<\/div><\/div>\n","protected":false},"excerpt":{"rendered":"<p>Academic Committee and Coordination Other Committees You can consult the committees linked to the degree by accessing the corresponding section of the website of the School of Doctoral and Postgraduate Studies<\/p>","protected":false},"author":1,"featured_media":0,"parent":17,"menu_order":0,"comment_status":"closed","ping_status":"closed","template":"templates\/template-frontpage.php","meta":{"_acf_changed":false,"footnotes":""},"class_list":["post-90","page","type-page","status-publish","hentry"],"acf":[],"publishpress_future_action":{"enabled":false,"date":"2026-05-22 11:43:57","action":"change-status","newStatus":"draft","terms":[],"taxonomy":"","extraData":[]},"publishpress_future_workflow_manual_trigger":{"enabledWorkflows":[]},"_links":{"self":[{"href":"https:\/\/www.ull.es\/doctorados\/derecho\/en\/wp-json\/wp\/v2\/pages\/90","targetHints":{"allow":["GET"]}}],"collection":[{"href":"https:\/\/www.ull.es\/doctorados\/derecho\/en\/wp-json\/wp\/v2\/pages"}],"about":[{"href":"https:\/\/www.ull.es\/doctorados\/derecho\/en\/wp-json\/wp\/v2\/types\/page"}],"author":[{"embeddable":true,"href":"https:\/\/www.ull.es\/doctorados\/derecho\/en\/wp-json\/wp\/v2\/users\/1"}],"replies":[{"embeddable":true,"href":"https:\/\/www.ull.es\/doctorados\/derecho\/en\/wp-json\/wp\/v2\/comments?post=90"}],"version-history":[{"count":8,"href":"https:\/\/www.ull.es\/doctorados\/derecho\/en\/wp-json\/wp\/v2\/pages\/90\/revisions"}],"predecessor-version":[{"id":435,"href":"https:\/\/www.ull.es\/doctorados\/derecho\/en\/wp-json\/wp\/v2\/pages\/90\/revisions\/435"}],"up":[{"embeddable":true,"href":"https:\/\/www.ull.es\/doctorados\/derecho\/en\/wp-json\/wp\/v2\/pages\/17"}],"wp:attachment":[{"href":"https:\/\/www.ull.es\/doctorados\/derecho\/en\/wp-json\/wp\/v2\/media?parent=90"}],"curies":[{"name":"wp","href":"https:\/\/api.w.org\/{rel}","templated":true}]}}