{"id":21,"date":"2018-02-22T11:07:35","date_gmt":"2018-02-22T11:07:35","guid":{"rendered":"http:\/\/localhost\/ull\/doctorados\/?page_id=21"},"modified":"2023-09-29T12:17:18","modified_gmt":"2023-09-29T12:17:18","slug":"entidades-participantes","status":"publish","type":"page","link":"https:\/\/www.ull.es\/doctorados\/derecho\/entidades-participantes\/","title":{"rendered":"Entidades participantes"},"content":{"rendered":"<p>[vc_row][vc_column][vc_column_text]<\/p>\n<h1>Entidades participantes<\/h1>\n<p>Por lo que se refiere a las colaboraciones con las que cuenta el programa de doctorado con otras universidades o con organismos e instituciones nacionales e internacionales, ha de distinguirse entre aquellas colaboraciones articuladas a trav\u00e9s de convenios espec\u00edficos de aquellas otras de car\u00e1cter informal.<\/p>\n<p>En cuanto a las primeras, han de mencionarse las siguientes:<\/p>\n<p>La Universidad de La Laguna ha celebrado convenios de colaboraci\u00f3n espec\u00edficos con relevancia en materia de investigaci\u00f3n y de formaci\u00f3n predoctoral en el \u00e1mbito del Derecho, con la Comisi\u00f3n Europea, con la Universidad de Bolonia, el Colegio de Registradores de la Propiedad y Mercantiles de Espa\u00f1a y la Consejer\u00eda de Igualdad del Gobierno de Canarias. A trav\u00e9s de dichos convenios se ponen recursos (materiales o personales) a disposici\u00f3n de la ULL en materia de investigaci\u00f3n. Sobre tales convenios se volver\u00e1 con detenimiento en el apartado 7. Recursos materiales.<\/p>\n<p>Adem\u00e1s, la Facultad de Derecho tiene convenios Erasmus de intercambio activos (a nivel de alumnado de doctorado) con las siguientes Universidades:<\/p>\n<p>HEINRICH HEINE UNIVERSITY DUSSELDORF (Dusseldorf, Alemania)<\/p>\n<p>UNIVERSIT\u00c4T ROSTOCK (Rostock, Alemania)<\/p>\n<p>UNIVERSIT\u00c9 DE PARIS CIT\u00c9 (Par\u00eds, Francia)<\/p>\n<p>UNIVERSITE DE POITIERS (Poitiers, Francia)<\/p>\n<p>NATIONAL AND KAPODISTRIAN UNIVERSITY OF ATHENS (Athens, Grecia)<\/p>\n<p>SZEGEDI TUDOMANYEGYETEM-UNIVERSITY OF SZEGED (Szeged, Hungr\u00eda)<\/p>\n<p>ALMA MATER STUDIORUM-UNIVERSIT\u00c1 DI BOLOGNA (Bologna, Italia)<\/p>\n<p>UNIVERSITA DEGLI STUDI DI CAGLIARI (Cagliari, Italia)<\/p>\n<p>UNIVERSIT\u00c1 DEGLI STUDI DI CATANIA (Catania, Italia)<\/p>\n<p>UNIVERSIT\u00c0 KORE DI ENNA (Enna, Italia)<\/p>\n<p>UNIVERSITA DEGLI STUDI DI FOGGIA (Foggia, Italia)<\/p>\n<p>UNIVERSIT\u00c0 DEGLI STUDI DI MODENA E REGGIO EMILIA (Modena, Italia)<\/p>\n<p>UNIVERSIT\u00c0 DEGLI STUDI DI PALERMO (Palermo, Italia)<\/p>\n<p>UNIVERSITA DEGLI STUDI DI SALERNO (Fisciano, Italia)<\/p>\n<p>UNIVERSITA DEGLI STUDI DI VERONA (Verona, Italia)<\/p>\n<p>UNIVERSIDADE DO MINHO (Braga, Portugal)<\/p>\n<p>KAZIMIERZ WIELKI UNIVERSITY (Bydgoszcz, Polonia)<\/p>\n<p>UNIVERSITY OF GDANSKA (Gdansk, Polonia)<\/p>\n<p>UNIVERSITY OF WARSAW (Warsaw, Polonia)<\/p>\n<p>UNIVESYTET WROCLAWSKY (Wroclaw, Polonia)<\/p>\n<p>A las anteriores han de a\u00f1adirse convenios que, aunque no contemplan al estudiantado de doctorado, s\u00ed que prev\u00e9n el intercambio de profesorado con las siguientes universidades: Hassel; Bielefeld; Heinrich Heine; Maribor; Sibiu; Spoleczna Akademia Nauk; Salento; Verona; Suor Orsola Benincasa.<\/p>\n<p>Tambi\u00e9n se debe rese\u00f1ar que la ULL ha suscrito numerosos convenios extracomunitarios, que se encuentran disponibles en el siguiente enlace <a href=\"https:\/\/www.ull.es\/internacional\/convenios\/\" target=\"_blank\" rel=\"noopener\">https:\/\/www.ull.es\/internacional\/convenios\/<\/a>; algunos de ellos, como la Universidad Aut\u00f3noma del Estado de M\u00e9xico y el Colegio de la Frontera Norte, contemplan el intercambio en posgrado y doctorado.<\/p>\n<p>Toda la informaci\u00f3n sobre movilidad internacional est\u00e1 disponible en el portal Erasmus de la web institucional de la ULL: <a href=\"https:\/\/www.ull.es\/portal\/erasmus\/movilidad\/\" target=\"_blank\" rel=\"noopener\">https:\/\/www.ull.es\/portal\/erasmus\/movilidad\/<\/a> En cuanto a las colaboraciones informales, ha de subrayarse que el profesorado que integra el programa mantiene intensos contactos con profesorado de distintas universidades; en algunos casos, a trav\u00e9s de su pertenencia a redes tem\u00e1ticas; en otras ocasiones, mediante su participaci\u00f3n en proyectos de investigaci\u00f3n liderados por profesorado de otras instituciones y, por \u00faltimo, mediante la participaci\u00f3n frecuente en cursos y seminarios organizados y celebrados por las distintas universidades.<\/p>\n<p>Cabe mencionar, igualmente, que profesorado del programa de doctorado ha participado (o contin\u00faa haci\u00e9ndolo) en proyectos de distintas universidades espa\u00f1olas: Universidad Aut\u00f3noma de Madrid, Universidad de Castilla-La Mancha, Universidad Complutense de Madrid, Universidad de Deusto (c\u00e1tedra de Derecho y Genoma Humano), UNED, Universidad de Granada, Universidad de La Coru\u00f1a, Universidad de Las Palmas de Gran Canaria, Universidad del Pa\u00eds Vasco, Universidad Rovira i Virgili, Universidad de Salamanca, Universidad de Santiago de Compostela y Universidad de Valladolid, lo que pone de relieve la existencia de numerosas colaboraciones con otras Universidades espa\u00f1olas.<\/p>\n<p>Asimismo, profesorado del programa ha participado en cursos de doctorado o seminarios de investigaci\u00f3n organizados por Universidades nacionales (en particular, Universidades de La Coru\u00f1a, M\u00e1laga, Salamanca, Santiago de Compostela, Sevilla), y extranjeras (Benevento, B\u00e9rgamo, Bolonia, Kiel, Trieste). Cabe mencionar, igualmente, las estrechas relaciones de docentes del programa con el profesorado de la Facultad de Derecho de la Universidad de Pisa, cuyo decano ha participado en cursos y seminarios en la Facultad de Derecho de la ULL en dos ocasiones; tambi\u00e9n, con el profesorado de la Facultad de Derecho de la Universidad Federico II de N\u00e1poles, as\u00ed como con insignes figuras del Derecho comparado italiano (Lucio Pegoraro de la Universidad de Bolonia y Mauro Bussani, de la Universidad de Trieste).<\/p>\n<p>Destacar, adem\u00e1s, la celebraci\u00f3n anual de dos eventos de car\u00e1cter cient\u00edfico: el \u00bfSeminario Juan Miquel de Derecho comparado&#8217;, que en 2022 ha alcanzado 24 ediciones, y la \u00bfJornadas Internacionales Empresa y Derecho&#8217;, ya han llegado a la 5a edici\u00f3n en 2022. En ambos eventos se dan cita investigadoras e investigadores punteros de \u00e1mbito nacional e internacional y que se hallan dirigidos, fundamentalmente, a la formaci\u00f3n del alumnado de doctorado. En este sentido, ha de destacarse la riqueza de los intercambios cient\u00edficos directamente vinculados a los seminarios reci\u00e9n mencionados, que en numerosas ocasiones han fructificado en forma de invitaciones a otras universidades, a la firma de convenios Erasmus o al intercambio de doctorandos\/as entre instituciones.<\/p>\n<p>Se\u00f1alar, por \u00faltimo, que a trav\u00e9s de la C\u00e1tedra Cultural Tom\u00e1s y Valiente, la Facultad de Derecho viene acogiendo en los \u00faltimos a\u00f1os a estudiantes de doctorado que, al amparo de su convenio Erasmus+ Pr\u00e1cticas, llevan a cabo un per\u00edodo de investigaci\u00f3n doctoral con un apartado de Derecho comparado y asumen el compromiso de redactar un art\u00edculo para su publicaci\u00f3n en los Anales de la Facultad de Derecho (revista con periodicidad anual, disponible en acceso abierto https:\/\/www.ull.es\/revistas\/index.php\/derecho) y un seminario para el PDI.[\/vc_column_text][\/vc_column][\/vc_row]<\/p>\n","protected":false},"excerpt":{"rendered":"<p>[vc_row][vc_column][vc_column_text] Entidades participantes Por lo que se refiere a las colaboraciones con las que cuenta el programa de doctorado con otras universidades o con organismos e instituciones nacionales e internacionales, ha de distinguirse entre aquellas colaboraciones articuladas a trav\u00e9s de convenios espec\u00edficos de aquellas otras de car\u00e1cter informal. En cuanto a las primeras, han de&#8230;<\/p>\n","protected":false},"author":1,"featured_media":0,"parent":0,"menu_order":0,"comment_status":"closed","ping_status":"closed","template":"","meta":{"_acf_changed":false,"footnotes":""},"class_list":["post-21","page","type-page","status-publish","hentry"],"acf":[],"publishpress_future_action":{"enabled":false,"date":"2026-04-24 12:05:29","action":"change-status","newStatus":"draft","terms":[],"taxonomy":"","extraData":[]},"publishpress_future_workflow_manual_trigger":{"enabledWorkflows":[]},"_links":{"self":[{"href":"https:\/\/www.ull.es\/doctorados\/derecho\/wp-json\/wp\/v2\/pages\/21","targetHints":{"allow":["GET"]}}],"collection":[{"href":"https:\/\/www.ull.es\/doctorados\/derecho\/wp-json\/wp\/v2\/pages"}],"about":[{"href":"https:\/\/www.ull.es\/doctorados\/derecho\/wp-json\/wp\/v2\/types\/page"}],"author":[{"embeddable":true,"href":"https:\/\/www.ull.es\/doctorados\/derecho\/wp-json\/wp\/v2\/users\/1"}],"replies":[{"embeddable":true,"href":"https:\/\/www.ull.es\/doctorados\/derecho\/wp-json\/wp\/v2\/comments?post=21"}],"version-history":[{"count":8,"href":"https:\/\/www.ull.es\/doctorados\/derecho\/wp-json\/wp\/v2\/pages\/21\/revisions"}],"predecessor-version":[{"id":330,"href":"https:\/\/www.ull.es\/doctorados\/derecho\/wp-json\/wp\/v2\/pages\/21\/revisions\/330"}],"wp:attachment":[{"href":"https:\/\/www.ull.es\/doctorados\/derecho\/wp-json\/wp\/v2\/media?parent=21"}],"curies":[{"name":"wp","href":"https:\/\/api.w.org\/{rel}","templated":true}]}}