{"id":70,"date":"2018-02-22T13:26:52","date_gmt":"2018-02-22T13:26:52","guid":{"rendered":"http:\/\/www.ull.es\/doctorados\/derecho-sociedad-turismo\/?page_id=70"},"modified":"2025-08-20T12:34:55","modified_gmt":"2025-08-20T12:34:55","slug":"supervision-tesis","status":"publish","type":"page","link":"https:\/\/www.ull.es\/doctorados\/derecho\/organizacion-del-programa\/supervision-tesis\/","title":{"rendered":"Supervisi\u00f3n de tesis"},"content":{"rendered":"\n<div class=\"wp-block-stackable-columns alignfull stk-block-columns stk-block stk-2314a6b\" data-block-id=\"2314a6b\"><style>.stk-2314a6b {padding-bottom:0px !important;margin-top:-100px !important;margin-bottom:0px !important;}<\/style><div class=\"stk-row stk-inner-blocks stk-block-content stk-content-align stk-2314a6b-column alignfull\">\n<div class=\"wp-block-stackable-column stk-block-column stk-column stk-block stk-1d1764d\" data-v=\"4\" data-block-id=\"1d1764d\"><div class=\"stk-column-wrapper stk-block-column__content stk-container stk-1d1764d-container stk--no-background stk--no-padding\"><div class=\"stk-block-content stk-inner-blocks stk-1d1764d-inner-blocks\"><style id=\"depicter-1-inline-pre-css\">\n\n.depicter-1:not(.depicter-ready){\n\theight:450px;\n}\n\n\/***** Tablet *****\/\n@media screen and (max-width: 1024px){\n\n.depicter-1:not(.depicter-ready){\n\theight:700px;\n}\n\n}\n\/***** Mobile *****\/\n@media screen and (max-width: 767px){\n\n.depicter-1:not(.depicter-ready){\n\theight:360px;\n}\n\n}\n<\/style>\n<div id=\"depicter-1\" class=\"depicter depicter-document depicter-revert depicter-1 depicter-layout-fullwidth\">\n\n<div class=\"depicter-loading-container depicter-loading dotFlashing-dark\"><div class=\"depicter-loading-dark depicter-dot-flashing\">\n   <span><\/span>\n   <span><\/span>\n   <span><\/span>\n<\/div>\n<\/div>\n<div id=\"depicter-1-section-1\" class=\"depicter-section depicter-1-section-1\" data-name=\"Section 1\" data-type=\"section\" data-local-id=\"section-1\">\n<picture class=\"depicter-bg\">\n<source data-depicter-srcset=\"https:\/\/www.ull.es\/doctorados\/derecho\/wp-content\/uploads\/sites\/23\/2025\/05\/Headers-Doctorados_Doctorado-Derecho-768x248.jpg, https:\/\/www.ull.es\/doctorados\/derecho\/wp-content\/uploads\/sites\/23\/2025\/05\/Headers-Doctorados_Doctorado-Derecho.jpg 2x\" srcset=\"data:image\/gif;base64,R0lGODlhAQABAIAAAAAAAP\/\/\/yH5BAEAAAAALAAAAAABAAEAAAIBRAA7\" media=\"(max-width: 1024px)\" \/>\n\n<source data-depicter-srcset=\"https:\/\/www.ull.es\/doctorados\/derecho\/wp-content\/uploads\/sites\/23\/2025\/05\/Headers-Doctorados_Doctorado-Derecho.jpg, https:\/\/www.ull.es\/doctorados\/derecho\/wp-content\/uploads\/sites\/23\/2025\/05\/Headers-Doctorados_Doctorado-Derecho-2000x645.jpg 2x\" srcset=\"data:image\/gif;base64,R0lGODlhAQABAIAAAAAAAP\/\/\/yH5BAEAAAAALAAAAAABAAEAAAIBRAA7\" media=\"(min-width: 1025px)\" \/>\n<img decoding=\"async\" src=\"data:image\/gif;base64,R0lGODlhAQABAIAAAAAAAP\/\/\/yH5BAEAAAAALAAAAAABAAEAAAIBRAA7\" data-ken-burns=\"false\" data-tablet-ken-burns=\"false\" data-mobile-ken-burns=\"false\" alt=\"\" data-depicter-src=\"https:\/\/www.ull.es\/doctorados\/derecho\/wp-content\/uploads\/sites\/23\/2025\/05\/Headers-Doctorados_Doctorado-Derecho.jpg\" data-object-fit=\"custom,custom,\" data-object-position=\"center top,,\" data-crop=\"{'focalPoint':{'x':0.5,'y':0.5},'mediaSize':{'width':1395.3488372093024736386723816394805908203125,'height':450}}\" data-tablet-crop=\"{'focalPoint':{'x':0.5,'y':0.5},'mediaSize':{'width':2170.54263565891460530110634863376617431640625,'height':700}}\" data-mobile-crop=\"{'focalPoint':{'x':0.5,'y':0.5},'mediaSize':{'width':2294.57364341085258274688385426998138427734375,'height':740}}\" \/>\n<\/picture>\n\n\n<h1 id=\"depicter-1-element-5\" class=\"depicter-element depicter-layer depicter-1-element-5\" data-type=\"text\" data-wrap=\"true\" data-name=\"Text 2\" data-local-id=\"element-5\" data-offset=\"x:0px;y:137px;origin:tl\" data-tablet-offset=\"x:269px;y:192px;origin:tl\" data-mobile-offset=\"x:12px;y:155px;origin:tl\" data-width=\"517px,627px,348px\" data-height=\"auto,auto,auto\" data-responsive-scale=\"true,,\">Doctorado en <br>Derecho<\/h1>\n\n<div id=\"depicter-1-element-10\" class=\"depicter-element depicter-layer depicter-1-element-10\" data-type=\"shape\" data-wrap=\"true\" data-name=\"Shape 1\" data-local-id=\"element-10\" data-offset=\"x:0px;y:305px;origin:tl\" data-tablet-offset=\"x:278px;y:361px;origin:tl\" data-mobile-offset=\"x:12px;y:260px;origin:tl\" data-width=\"419px,402px,282px\" data-height=\"8px,8px,8px\" data-responsive-scale=\"true,,\"><\/div>\n<\/div>\n<\/div>\n<script>\n(window.depicterSetups = window.depicterSetups || []).push(function(){\n\tDepicter.basePath = 'https:\/\/www.ull.es\/doctorados\/derecho\/wp-content\/plugins\/depicter\/resources\/scripts\/player\/';\n\tconst dpPlayer = Depicter.setup('.depicter-1',\n\t\t{\"width\":[\"1200\",\"1024\",\"360\"],\"height\":[\"450\",\"700\",\"360\"],\"view\":\"basic\",\"keepAspectRatio\":true,\"preload\":0,\"layout\":\"fullwidth\",\"rtl\":false,\"initAfterAppear\":false,\"ajaxApiUrl\":\"https:\\\/\\\/www.ull.es\\\/doctorados\\\/derecho\\\/wp-admin\\\/admin-ajax.php\",\"mouseSwipe\":true,\"touchSwipe\":true,\"useWatermark\":false}\n\t);\n});\n<\/script><\/div><\/div><\/div>\n<\/div><\/div>\n\n\n\n<div class=\"wp-block-stackable-columns alignfull stk-block-columns stk--hide-mobile stk-block stk-6394276 stk-block-background\" data-block-id=\"6394276\"><style>.stk-6394276 {background-color:#f33f4e !important;padding-top:10px !important;margin-bottom:0px !important;}.stk-6394276:before{background-color:#f33f4e !important;}<\/style><div class=\"stk-row stk-inner-blocks stk-block-content stk-content-align stk-6394276-column alignfull\">\n<div class=\"wp-block-stackable-column stk-block-column stk-column stk-block stk-8a66885\" data-v=\"4\" data-block-id=\"8a66885\"><div class=\"stk-column-wrapper stk-block-column__content stk-container stk-8a66885-container stk--no-background stk--no-padding\"><div class=\"stk-block-content stk-inner-blocks stk-8a66885-inner-blocks\">\n<div class=\"wp-block-stackable-spacer stk-block-spacer stk--no-padding stk-block stk-bc89b3e\" data-block-id=\"bc89b3e\"><style>.stk-bc89b3e {height:0px !important;}<\/style><\/div>\n<\/div><\/div><\/div>\n<\/div><\/div>\n\n\n\n<div class=\"wp-block-stackable-columns stk-block-columns stk-block stk-8b59b96\" data-block-id=\"8b59b96\"><style>.stk-8b59b96 .stk--block-align-8b59b96{align-items:flex-start !important;}.stk-8b59b96 {margin-top:50px !important;}.stk-8b59b96-column{--stk-columns-spacing:0px !important;--stk-column-gap:50px !important;}<\/style><div class=\"stk-row stk-inner-blocks stk--block-align-8b59b96 stk-block-content stk-content-align stk-8b59b96-column\">\n<div class=\"wp-block-stackable-column stk-block-column stk-column stk-block stk-dbb7e15\" data-v=\"4\" data-block-id=\"dbb7e15\"><style>@media screen and (min-width: 768px){.stk-dbb7e15 {flex:var(--stk-flex-grow, 1) 1 66.7% !important;}}<\/style><div class=\"stk-column-wrapper stk-block-column__content stk-container stk-dbb7e15-container stk--no-background stk--no-padding\"><div class=\"stk-block-content stk-inner-blocks stk-dbb7e15-inner-blocks\">\n<div class=\"wp-block-stackable-heading stk-block-heading stk-block-heading--v2 stk-block stk-cc0239e\" id=\"complementos-de-formacion\" data-block-id=\"cc0239e\"><style>.stk-cc0239e .stk-block-heading__text{color:#000000 !important;font-weight:500 !important;}<\/style><h1 class=\"stk-block-heading__text has-text-color\">Supervisi\u00f3n de tesis<\/h1><\/div>\n\n\n\n<div class=\"wp-block-stackable-text stk-block-text stk-block stk-022d17b\" data-block-id=\"022d17b\"><p class=\"stk-block-text__text\">El proceso de supervisi\u00f3n de las tesis doctorales es bastante intenso. Se lleva a cabo a trav\u00e9s de la labor realizada por los tutores o tutoras y directores o directoras de tesis a lo largo de su desarrollo, todo ello bajo la supervisi\u00f3n de la Comisi\u00f3n Acad\u00e9mica del programa de doctorado y de la Escuela de Doctorado de la Universidad. Ello se ve reforzado por los derechos que asisten al doctorando en esta materia.<\/p><\/div>\n\n\n\n<p>Con el fin de reforzar la implicaci\u00f3n del profesorado doctor en las labores de direcci\u00f3n, en los \u00faltimos a\u00f1os la Universidad de La Laguna ha fomentado la direcci\u00f3n de tesis doctorales. Lo hace, por ejemplo, reconociendo en el plan de organizaci\u00f3n docente (POD) una reducci\u00f3n de la carga lectiva por la direcci\u00f3n de las tesis doctorales. Tal como se describe en el apartado 6.2 de esta memoria, el Reglamento de Organizaci\u00f3n Docente de la ULL establece que podr\u00e1n computarse un m\u00e1ximo de 4 cr\u00e9ditos por cada tesis doctoral dirigida, con una reducci\u00f3n m\u00e1xima aplicable cada curso acad\u00e9mico de 5 cr\u00e9ditos por profesor o profesora, as\u00ed como su valoraci\u00f3n dentro del programa Docentia como m\u00e9rito a alegar por el director\/a.<\/p>\n\n\n\n<p>Adem\u00e1s, este Programa de Doctorado fomentar\u00e1 la direcci\u00f3n de tesis mediante estas otras actuaciones:<\/p>\n\n\n\n<ul class=\"wp-block-list\">\n<li>Favoreciendo la participaci\u00f3n de los profesores del programa e investigadores asociados en actividades de formaci\u00f3n continuada en relaci\u00f3n a la direcci\u00f3n de tesis doctorales.<\/li>\n\n\n\n<li>Impulsando el desarrollo de actividades de investigaci\u00f3n de relevancia cient\u00edfica y potencial proyecci\u00f3n bibliom\u00e9trica.<\/li>\n\n\n\n<li>Favoreciendo y recomendando la integraci\u00f3n de directores noveles y directores senior en la supervisi\u00f3n conjunta de tesis doctorales.<\/li>\n\n\n\n<li>Persiguiendo la excelencia en toda la actividad del programa, de forma que la participaci\u00f3n en el mismo facilite a los doctorandos obtener financiaci\u00f3n<br>en las convocatorias de becas o contratos de investigaci\u00f3n, tanto p\u00fablicos como privados.<\/li>\n\n\n\n<li>Tratando de captar a los mejores estudiantes de las diferentes Universidades, mediante la oferta de inserci\u00f3n en los diferentes proyectos de investigaci\u00f3n en los que participa el profesorado del programa de doctorado o su integraci\u00f3n en los grupos de investigaci\u00f3n con vista a la obtenci\u00f3n de becas de formaci\u00f3n del profesorado (por ejemplo, becas FPI).<\/li>\n\n\n\n<li>Fomentando la colaboraci\u00f3n con otros grupos nacionales e internacionales de alto nivel que garantice la movilidad del profesorado y estudiantes de doctorado y el \u00e9xito del programa. En este sentido, debe destacarse la oferta para el alumnado y el profesorado del programa del plan propio de internacionalizaci\u00f3n (SOCRATES-ERASMUS).<\/li>\n\n\n\n<li>Informando sobre las diferentes fuentes de financiaci\u00f3n para participar en congresos o sobre becas que fomenten la realizaci\u00f3n de investigaciones en el marco de los objetivos del programa de doctorado.<\/li>\n<\/ul>\n\n\n\n<p>Por lo que respecta al comportamiento \u00e9tico de las personas implicadas en el desarrollo del programa de doctorado, la Escuela de Doctorado y Estudios de Posgrado de la Universidad de La Laguna (EDEPULL) cuenta con un&nbsp;<a href=\"https:\/\/riull.ull.es\/xmlui\/bitstream\/handle\/915\/13574\/CODIGO%20DE%20BUENAS%20PR%C3%81CTICAS%20DE%20DOCTORADO.pdf?sequence=1&amp;isAllowed=y\" target=\"_blank\" rel=\"noreferrer noopener\" target=\"_blank\" rel=\"noopener\">C\u00f3digo de Buenas Pr\u00e1cticas<\/a>, en l\u00ednea con lo previsto en el art\u00edculo 9.8 del RD 99\/2011.<\/p>\n\n\n\n<p>Este documento, seg\u00fan expresa su pre\u00e1mbulo, pretende ser el instrumento que garantice las adecuadas relaciones entre el doctorando o doctoranda, las y los investigadores responsables de su formaci\u00f3n y la propia instituci\u00f3n universitaria. Ello, con el objetivo de alcanzar una investigaci\u00f3n de calidad y \u00e9ticamente correcta por lo que concierne a las actuaciones de preparaci\u00f3n, desarrollo y comunicaci\u00f3n de la actividad investigadora.<\/p>\n\n\n\n<p>Su finalidad es establecer un conjunto de declaraciones y compromisos que van m\u00e1s all\u00e1 de lo que establece el ordenamiento jur\u00eddico.<\/p>\n\n\n\n<p>Dentro de su contenido, de car\u00e1cter abierto, se destacan los principios que deben regir la actividad investigadora, tales como:<\/p>\n\n\n\n<ul class=\"wp-block-list\">\n<li>Libertad de investigaci\u00f3n<\/li>\n\n\n\n<li>Respeto a las pr\u00e1cticas \u00e9ticas y principios fundamentales de cada disciplina<\/li>\n\n\n\n<li>Responsabilidad profesional<\/li>\n\n\n\n<li>Transparencia, el respeto a la normativa sobre condiciones contractuales y jur\u00eddicas (propiedad intelectual, requisitos exigidos por entidades patrocinadoras, entrega de resultados requeridos, etc.)<\/li>\n\n\n\n<li>Desempe\u00f1ar pr\u00e1cticas laborales seguras<\/li>\n\n\n\n<li>Obligaci\u00f3n de la difusi\u00f3n y explotaci\u00f3n de los resultados de la investigaci\u00f3n a trav\u00e9s de los diversos canales existentes.<\/li>\n<\/ul>\n\n\n\n<p>Asimismo, es necesario destacar las funciones y los derechos y obligaciones que todas las partes asumen (doctorandos\/as, tutores\/as, directores\/as).<\/p>\n\n\n\n<p>Destacan las obligaciones del director o directora a lo largo de la investigaci\u00f3n, tanto generales como espec\u00edficas sobre seguimiento del progreso del doctorando o doctoranda y sobre la calidad del trabajo de investigaci\u00f3n.<\/p>\n\n\n\n<p>Igualmente, el C\u00f3digo de Buenas Pr\u00e1cticas hace referencia a los requisitos que deben contener los programas de doctorado, de apoyo y de seguimiento en su m\u00e1s amplia acepci\u00f3n, destacando el papel a desarrollar por la Comisi\u00f3n Acad\u00e9mica del programa.<br>Con el fin de conseguir una mayor internacionalizaci\u00f3n, el intercambio de ideas y la mejora de la calidad, el programa de doctorado prev\u00e9 la participaci\u00f3n de expertos y expertas internacionales en los tribunales de tesis doctorales, fomentando igualmente el reconocimiento de la menci\u00f3n internacional de las mismas. En este sentido, existen precedentes de estas pr\u00e1cticas en algunas de las tesis doctorales dirigidas por las \u00e1reas de conocimiento implicadas en el programa, as\u00ed como la conexi\u00f3n con otros investigadores e investigadoras de universidades extranjeras, tal y como se demuestra en los proyectos de investigaci\u00f3n que avalan el presente programa de doctorado.<\/p>\n<\/div><\/div><\/div>\n\n\n\n<div class=\"wp-block-stackable-column stk-block-column stk-column stk-block stk-53ec762\" data-v=\"4\" data-block-id=\"53ec762\"><style>.stk-53ec762-inner-blocks{row-gap:0px !important;}.stk-53ec762 {padding-top:0px !important;padding-right:0px !important;padding-bottom:0px !important;padding-left:0px !important;}@media screen and (min-width: 768px){.stk-53ec762 {flex:var(--stk-flex-grow, 1) 1 33.3% !important;}}<\/style><div class=\"stk-column-wrapper stk-block-column__content stk-container stk-53ec762-container stk--no-background stk--no-padding\"><div class=\"stk-block-content stk-inner-blocks stk-53ec762-inner-blocks\">\n\n<ul class=\"widget-box\">\n<li class='contacto-header'>Informaci\u00f3n de contacto<\/li><li><i class=\"fa fa-map-marker\"><\/i> Avda. Astrof\u00edsico Francisco S\u00e1nchez, SN. Edificio Calabaza \u2013 AN.2D Apdo. 456 38200 San Crist\u00f3bal de La Laguna<\/li><li><i class=\"fa fa-envelope\"><\/i>  <a href=mailto:doct121@ull.edu.es>doct121@ull.edu.es<\/a><\/li>\n<\/ul>\n\n\n<\/div><\/div><\/div>\n<\/div><\/div>\n","protected":false},"excerpt":{"rendered":"<p>Supervisi\u00f3n de tesis El proceso de supervisi\u00f3n de las tesis doctorales es bastante intenso. Se lleva a cabo a trav\u00e9s de la labor realizada por los tutores o tutoras y directores o directoras de tesis a lo largo de su desarrollo, todo ello bajo la supervisi\u00f3n de la Comisi\u00f3n Acad\u00e9mica del programa de doctorado y&#8230;<\/p>\n","protected":false},"author":1,"featured_media":0,"parent":27,"menu_order":0,"comment_status":"closed","ping_status":"closed","template":"templates\/template-frontpage.php","meta":{"_acf_changed":false,"footnotes":""},"class_list":["post-70","page","type-page","status-publish","hentry"],"acf":[],"publishpress_future_action":{"enabled":false,"date":"2026-04-22 15:11:09","action":"change-status","newStatus":"draft","terms":[],"taxonomy":"","extraData":[]},"publishpress_future_workflow_manual_trigger":{"enabledWorkflows":[]},"_links":{"self":[{"href":"https:\/\/www.ull.es\/doctorados\/derecho\/wp-json\/wp\/v2\/pages\/70","targetHints":{"allow":["GET"]}}],"collection":[{"href":"https:\/\/www.ull.es\/doctorados\/derecho\/wp-json\/wp\/v2\/pages"}],"about":[{"href":"https:\/\/www.ull.es\/doctorados\/derecho\/wp-json\/wp\/v2\/types\/page"}],"author":[{"embeddable":true,"href":"https:\/\/www.ull.es\/doctorados\/derecho\/wp-json\/wp\/v2\/users\/1"}],"replies":[{"embeddable":true,"href":"https:\/\/www.ull.es\/doctorados\/derecho\/wp-json\/wp\/v2\/comments?post=70"}],"version-history":[{"count":12,"href":"https:\/\/www.ull.es\/doctorados\/derecho\/wp-json\/wp\/v2\/pages\/70\/revisions"}],"predecessor-version":[{"id":443,"href":"https:\/\/www.ull.es\/doctorados\/derecho\/wp-json\/wp\/v2\/pages\/70\/revisions\/443"}],"up":[{"embeddable":true,"href":"https:\/\/www.ull.es\/doctorados\/derecho\/wp-json\/wp\/v2\/pages\/27"}],"wp:attachment":[{"href":"https:\/\/www.ull.es\/doctorados\/derecho\/wp-json\/wp\/v2\/media?parent=70"}],"curies":[{"name":"wp","href":"https:\/\/api.w.org\/{rel}","templated":true}]}}