{"id":72,"date":"2018-02-22T13:28:20","date_gmt":"2018-02-22T13:28:20","guid":{"rendered":"http:\/\/www.ull.es\/doctorados\/desarrollo-regional\/?page_id=72"},"modified":"2025-05-26T17:15:17","modified_gmt":"2025-05-26T17:15:17","slug":"seguimiento-doctorando","status":"publish","type":"page","link":"https:\/\/www.ull.es\/doctorados\/desarrollo-regional\/en\/organizacion-del-programa\/seguimiento-doctorando\/","title":{"rendered":"Monitoring of the PhD student"},"content":{"rendered":"\n<div class=\"wp-block-stackable-columns alignfull stk-block-columns stk-block stk-2314a6b\" data-block-id=\"2314a6b\"><style>.stk-2314a6b {padding-bottom:0px !important;margin-top:-100px !important;margin-bottom:0px !important;}<\/style><div class=\"stk-row stk-inner-blocks stk-block-content stk-content-align stk-2314a6b-column alignfull\">\n<div class=\"wp-block-stackable-column stk-block-column stk-column stk-block stk-1d1764d\" data-v=\"4\" data-block-id=\"1d1764d\"><div class=\"stk-column-wrapper stk-block-column__content stk-container stk-1d1764d-container stk--no-background stk--no-padding\"><div class=\"stk-block-content stk-inner-blocks stk-1d1764d-inner-blocks\"><style id=\"depicter-1-inline-pre-css\">\n\n.depicter-1:not(.depicter-ready){\n\theight:450px;\n}\n\n\/***** Tablet *****\/\n@media screen and (max-width: 1024px){\n\n.depicter-1:not(.depicter-ready){\n\theight:700px;\n}\n\n}\n\/***** Mobile *****\/\n@media screen and (max-width: 767px){\n\n.depicter-1:not(.depicter-ready){\n\theight:360px;\n}\n\n}\n<\/style>\n<div id=\"depicter-1\" class=\"depicter depicter-document depicter-revert depicter-1 depicter-layout-fullwidth\">\n\n<div class=\"depicter-loading-container depicter-loading dotFlashing-dark\"><div class=\"depicter-loading-dark depicter-dot-flashing\">\n   <span><\/span>\n   <span><\/span>\n   <span><\/span>\n<\/div>\n<\/div>\n<div id=\"depicter-1-section-1\" class=\"depicter-section depicter-1-section-1\" data-name=\"Section 1\" data-type=\"section\" data-local-id=\"section-1\">\n<picture class=\"depicter-bg\">\n<source data-depicter-srcset=\"https:\/\/www.ull.es\/doctorados\/desarrollo-regional\/wp-content\/uploads\/sites\/6\/2025\/05\/Headers-Doctorados_Doctorado-en-Desarrollo-Regional-768x248.jpg, https:\/\/www.ull.es\/doctorados\/desarrollo-regional\/wp-content\/uploads\/sites\/6\/2025\/05\/Headers-Doctorados_Doctorado-en-Desarrollo-Regional.jpg 2x\" srcset=\"data:image\/gif;base64,R0lGODlhAQABAIAAAAAAAP\/\/\/yH5BAEAAAAALAAAAAABAAEAAAIBRAA7\" media=\"(max-width: 1024px)\" \/>\n\n<source data-depicter-srcset=\"https:\/\/www.ull.es\/doctorados\/desarrollo-regional\/wp-content\/uploads\/sites\/6\/2025\/05\/Headers-Doctorados_Doctorado-en-Desarrollo-Regional.jpg, https:\/\/www.ull.es\/doctorados\/desarrollo-regional\/wp-content\/uploads\/sites\/6\/2025\/05\/Headers-Doctorados_Doctorado-en-Desarrollo-Regional-2000x645.jpg 2x\" srcset=\"data:image\/gif;base64,R0lGODlhAQABAIAAAAAAAP\/\/\/yH5BAEAAAAALAAAAAABAAEAAAIBRAA7\" media=\"(min-width: 1025px)\" \/>\n<img decoding=\"async\" src=\"data:image\/gif;base64,R0lGODlhAQABAIAAAAAAAP\/\/\/yH5BAEAAAAALAAAAAABAAEAAAIBRAA7\" data-ken-burns=\"false\" data-tablet-ken-burns=\"false\" data-mobile-ken-burns=\"false\" alt=\"\" data-depicter-src=\"https:\/\/www.ull.es\/doctorados\/desarrollo-regional\/wp-content\/uploads\/sites\/6\/2025\/05\/Headers-Doctorados_Doctorado-en-Desarrollo-Regional.jpg\" data-object-fit=\"custom,custom,\" data-object-position=\"center top,,\" data-crop=\"{'focalPoint':{'x':0.5,'y':0.5},'mediaSize':{'width':1395.3488372093024736386723816394805908203125,'height':450}}\" data-tablet-crop=\"{'focalPoint':{'x':0.5,'y':0.5},'mediaSize':{'width':2170.54263565891460530110634863376617431640625,'height':700}}\" data-mobile-crop=\"{'focalPoint':{'x':0.5,'y':0.5},'mediaSize':{'width':2294.57364341085258274688385426998138427734375,'height':740}}\" \/>\n<\/picture>\n\n\n<h1 id=\"depicter-1-element-5\" class=\"depicter-element depicter-layer depicter-1-element-5\" data-type=\"text\" data-wrap=\"true\" data-name=\"Text 2\" data-local-id=\"element-5\" data-offset=\"x:0px;y:140px;origin:tl\" data-tablet-offset=\"x:215px;y:194px;origin:tl\" data-mobile-offset=\"x:12px;y:96px;origin:tl\" data-width=\"1200px,auto,348px\" data-height=\"auto,auto,auto\" data-responsive-scale=\"true,,\">Programa de Doctorado <br>en Desarrollo Regional<\/h1>\n\n<div id=\"depicter-1-element-10\" class=\"depicter-element depicter-layer depicter-1-element-10\" data-type=\"shape\" data-wrap=\"true\" data-name=\"Shape 1\" data-local-id=\"element-10\" data-offset=\"x:0px;y:318px;origin:tl\" data-tablet-offset=\"x:215px;y:361px;origin:tl\" data-mobile-offset=\"x:18px;y:297px;origin:tl\" data-width=\"861px,647px,282px\" data-height=\"8px,8px,8px\" data-responsive-scale=\"true,,\"><\/div>\n<\/div>\n<\/div>\n<script>\n(window.depicterSetups = window.depicterSetups || []).push(function(){\n\tDepicter.basePath = 'https:\/\/www.ull.es\/doctorados\/desarrollo-regional\/wp-content\/plugins\/depicter\/resources\/scripts\/player\/';\n\tconst dpPlayer = Depicter.setup('.depicter-1',\n\t\t{\"width\":[\"1200\",\"1024\",\"360\"],\"height\":[\"450\",\"700\",\"360\"],\"view\":\"basic\",\"keepAspectRatio\":true,\"preload\":0,\"layout\":\"fullwidth\",\"rtl\":false,\"initAfterAppear\":false,\"ajaxApiUrl\":\"https:\\\/\\\/www.ull.es\\\/doctorados\\\/desarrollo-regional\\\/wp-admin\\\/admin-ajax.php\",\"mouseSwipe\":true,\"touchSwipe\":true,\"useWatermark\":false}\n\t);\n});\n<\/script><\/div><\/div><\/div>\n<\/div><\/div>\n\n\n\n<div class=\"wp-block-stackable-columns alignfull stk-block-columns stk-block stk-6394276 stk-block-background\" data-block-id=\"6394276\"><style>.stk-6394276 {background-color:#f33f4e !important;padding-top:10px !important;margin-bottom:0px !important;}.stk-6394276:before{background-color:#f33f4e !important;}<\/style><div class=\"stk-row stk-inner-blocks stk-block-content stk-content-align stk-6394276-column alignfull\">\n<div class=\"wp-block-stackable-column stk-block-column stk-column stk-block stk-8a66885\" data-v=\"4\" data-block-id=\"8a66885\"><div class=\"stk-column-wrapper stk-block-column__content stk-container stk-8a66885-container stk--no-background stk--no-padding\"><div class=\"stk-block-content stk-inner-blocks stk-8a66885-inner-blocks\">\n<div class=\"wp-block-stackable-spacer stk-block-spacer stk--no-padding stk-block stk-bc89b3e\" data-block-id=\"bc89b3e\"><style>.stk-bc89b3e {height:0px !important;}<\/style><\/div>\n<\/div><\/div><\/div>\n<\/div><\/div>\n\n\n\n<div class=\"wp-block-stackable-columns stk-block-columns stk-block stk-8b59b96\" data-block-id=\"8b59b96\"><style>.stk-8b59b96 .stk--block-align-8b59b96{align-items:flex-start !important;}.stk-8b59b96 {margin-top:50px !important;}.stk-8b59b96-column{--stk-columns-spacing:0px !important;--stk-column-gap:50px !important;}<\/style><div class=\"stk-row stk-inner-blocks stk--block-align-8b59b96 stk-block-content stk-content-align stk-8b59b96-column\">\n<div class=\"wp-block-stackable-column stk-block-column stk-column stk-block stk-dbb7e15\" data-v=\"4\" data-block-id=\"dbb7e15\"><style>@media screen and (min-width: 768px){.stk-dbb7e15 {flex:var(--stk-flex-grow, 1) 1 66.7% !important;}}<\/style><div class=\"stk-column-wrapper stk-block-column__content stk-container stk-dbb7e15-container stk--no-background stk--no-padding\"><div class=\"stk-block-content stk-inner-blocks stk-dbb7e15-inner-blocks\">\n<div class=\"wp-block-stackable-heading stk-block-heading stk-block-heading--v2 stk-block stk-cc0239e\" id=\"complementos-de-formacion\" data-block-id=\"cc0239e\"><style>.stk-cc0239e .stk-block-heading__text{color:#000000 !important;font-weight:500 !important;}<\/style><h1 class=\"stk-block-heading__text has-text-color\">Seguimiento del doctorando<\/h1><\/div>\n\n\n\n<p>Siguiendo las directrices marcadas por el art\u00edculo 11 del Real Decreto de Doctorado RD99\/2011, y por lo expuesto en el art\u00edculo 23 del Reglamento&nbsp;de Ense\u00f1anzas Oficiales de Doctorado de la Universidad de La Laguna, la supervisi\u00f3n de tesis y el seguimiento de cada doctorando se implementar\u00e1&nbsp;atendiendo a las siguientes consideraciones.<\/p>\n\n\n\n<p><strong>Supervisi\u00f3n del doctorando<\/strong><\/p>\n\n\n\n<ul class=\"wp-block-list\">\n<li>Cada doctorando admitido en el programa se matricular\u00e1 anualmente en concepto de tutor\u00eda acad\u00e9mica.<\/li>\n\n\n\n<li>A cada doctorando se le asignar\u00e1 un tutor por parte de la Comisi\u00f3n Acad\u00e9mica del programa. El tutor velar\u00e1 por la interacci\u00f3n del doctorando con la Comisi\u00f3n\u00a0Acad\u00e9mica del programa. Su asignaci\u00f3n podr\u00e1 ser modificada por la Comisi\u00f3n en cualquier momento de la realizaci\u00f3n del doctorado, una vez o\u00eddo el doctorando,\u00a0si concurren causas justificadas.<\/li>\n\n\n\n<li>Una vez matriculado el doctorando, el tutor junto con el director establecer\u00e1n su documento de actividades personalizado a efectos del registro individualizado\u00a0de control a que se refiere el art\u00edculo 2.5 del Reglamento de Ense\u00f1anzas Oficiales de Doctorado de la Universidad de La Laguna. En el se inscribir\u00e1n todas las actividades\u00a0de inter\u00e9s para el desarrollo del doctorando, seg\u00fan regule la universidad, la Escuela de Doctorado, el \u00f3rgano responsable del programa de doctorado o\u00a0la propia Comisi\u00f3n Acad\u00e9mica y ser\u00e1 regularmente revisado por el tutor y el director de tesis y evaluado por la comisi\u00f3n acad\u00e9mica responsable del programa de\u00a0doctorado a que se refiere el art\u00edculo 14 de dicho Reglamento.<\/li>\n\n\n\n<li>Antes de la finalizaci\u00f3n del primer a\u00f1o el doctorando elaborar\u00e1 un Plan de investigaci\u00f3n que incluir\u00e1, al menos, la metodolog\u00eda a utilizar y los objetivos a alcanzar,\u00a0as\u00ed como los medios y la planificaci\u00f3n temporal para lograrlos. Dicho Plan se podr\u00e1 mejorar y detallar a lo largo de su estancia en el programa y debe estar\u00a0avalado por el tutor y el director.<\/li>\n\n\n\n<li>Anualmente la Comisi\u00f3n Acad\u00e9mica del programa evaluar\u00e1 (*) el desarrollo del Plan de Investigaci\u00f3n y el Documento de Actividades desarrolladas por el doctorando\u00a0junto con los informes que, a tal efecto, deber\u00e1n emitir el tutor y el director.<\/li>\n\n\n\n<li>La evaluaci\u00f3n positiva (*) ser\u00e1 requisito indispensable para continuar en el programa. En caso de evaluaci\u00f3n negativa, la Comisi\u00f3n Acad\u00e9mica emitir\u00e1 un informe\u00a0motivando la misma, en el que se propondr\u00e1n las medidas correctoras oportunas de cara a la siguiente evaluaci\u00f3n. En el caso de evaluaci\u00f3n negativa, el doctorando\u00a0deber\u00e1 ser de nuevo evaluado en el plazo de seis meses, a cuyo efecto elaborar\u00e1 un nuevo Plan de Investigaci\u00f3n. En el supuesto de producirse una nueva\u00a0evaluaci\u00f3n negativa, el doctorando causar\u00e1 baja definitiva en el programa.<\/li>\n<\/ul>\n\n\n\n<p>(*) En el programa se contempla la participaci\u00f3n de expertos internacionales en las comisiones de seguimiento que, con periodicidad anual, deber\u00e1n&nbsp;emitir los correspondientes informes a petici\u00f3n de la Comisi\u00f3n Acad\u00e9mica del programa para evaluar el progreso en el Plan de Investigaci\u00f3n y las actividades&nbsp;desarrolladas por los doctorandos del programa, estando condicionada su participaci\u00f3n presencial en tales sesiones a las disponibilidades y&nbsp;directrices presupuestarias de la Universidad de La Laguna. Con respecto a la participaci\u00f3n de expertos internacionales en los tribunales de tesis, cabe&nbsp;se\u00f1alar que el art. 25 del Reglamento de Ense\u00f1anzas Oficiales de Doctorado de la ULL establece que, de los tres miembros expertos titulares que&nbsp;componen el tribunal que evaluar\u00e1 la tesis doctoral, dos ser\u00e1n externos a la Universidad de La Laguna. Por lo tanto, en la medida en que las directrices&nbsp;presupuestarias de la Universidad de La Laguna lo posibiliten, la Coordinaci\u00f3n del programa de doctorado promover\u00e1 tambi\u00e9n la participaci\u00f3n de&nbsp;expertos internacionales en los tribunales de tesis (sobre todo, cuando no se pueda contar con expertos en el \u00e1mbito nacional) para impulsar las Menciones&nbsp;Internacionales en el t\u00edtulo de doctor contempladas en el art. 28 del Reglamento de Ense\u00f1anzas Oficiales de Doctorado de la Universidad de La&nbsp;Laguna.<\/p>\n\n\n\n<p><strong>Documento de compromiso<\/strong><\/p>\n\n\n\n<ul class=\"wp-block-list\">\n<li>Las funciones de supervisi\u00f3n de los doctorandos se establecer\u00e1n mediante un compromiso documental, firmado por el vicerrector competente en materia de posgrado,\u00a0el doctorando, su tutor y su director o codirectores. El compromiso debe ser firmado a la mayor brevedad posible despu\u00e9s de la admisi\u00f3n y matr\u00edcula y, en\u00a0todo caso, en el plazo m\u00e1ximo de tres meses desde la asignaci\u00f3n de tutor y director.<\/li>\n\n\n\n<li>El documento de compromiso ha de incluir la aceptaci\u00f3n no condicionada del doctorando y del director acerca del r\u00e9gimen de derechos y deberes respectivos previstos\u00a0en este reglamento. Incluir\u00e1, asimismo, un procedimiento de resoluci\u00f3n de conflictos, acorde con las previsiones del art\u00edculo siguiente, y contemplar\u00e1 los\u00a0aspectos relativos a los derechos de propiedad intelectual o industrial que puedan generarse en el \u00e1mbito del programa de doctorado.<\/li>\n\n\n\n<li>El documento de compromiso, una vez suscrito por los intervinientes, ser\u00e1 archivado en el expediente del estudiante.<\/li>\n\n\n\n<li>El documento de compromiso se habr\u00e1 de ajustar al modelo establecido para tal fin por la ULL, que estar\u00e1 disponible en el sitio en donde se recogen los impresos\u00a0correspondientes al doctorado.<\/li>\n<\/ul>\n\n\n\n<p><strong>Procedimiento de resoluci\u00f3n de conflictos<\/strong><\/p>\n\n\n\n<ul class=\"wp-block-list\">\n<li>En caso de eventual incumplimiento de alguno de los extremos incluidos en el documento de compromiso o de la concurrencia de otro desacuerdo relacionado\u00a0con el desarrollo del programa de doctorado respecto de cada doctorando, cualquiera de las partes podr\u00e1 ponerlo en conocimiento del coordinador del programa\u00a0de doctorado, que actuar\u00e1 como mediador con vistas a la consecuci\u00f3n de un acuerdo un\u00e1nime que ponga t\u00e9rmino a la controversia.<\/li>\n\n\n\n<li>Si la mediaci\u00f3n no ha permitido resolver el conflicto una vez transcurridos dos meses desde la puesta en conocimiento del coordinador del programa de doctorado,\u00a0se dar\u00e1 traslado a la Comisi\u00f3n de Estudios de Posgrado, que habr\u00e1 de dictar resoluci\u00f3n en el plazo de tres meses, previa audiencia de las partes y del coordinador\u00a0del programa de doctorado.<\/li>\n\n\n\n<li>Contra el acuerdo de la Comisi\u00f3n de Estudios de Posgrado se puede interponer recurso de alzada ante el rector o la rectora, en los t\u00e9rminos previstos en la Ley 30\/1992, de 26 de noviembre, de R\u00e9gimen Jur\u00eddico de las Administraciones P\u00fablicas y del Procedimiento Administrativo Com\u00fan.<\/li>\n<\/ul>\n\n\n\n<p><strong>Mecanismos para el fomento de la direcci\u00f3n o codirecci\u00f3n de tesis distintos al reconocimiento de la labor de direcci\u00f3n de tesis doctoral<\/strong><\/p>\n\n\n\n<p>Al margen de los mecanismos de reconocimiento de las labores de direcci\u00f3n de tesis, la Universidad de La Laguna ha contemplado sistemas para fomentar&nbsp;la incorporaci\u00f3n de investigadores noveles o profesorado con resultados de investigaci\u00f3n que no les permiten actuar como directores de tesis,&nbsp;ya que no han sido validados por reconocimientos de evaluaciones de m\u00e9ritos investigadores. En este sentido, el propio Reglamento de Ense\u00f1anzas&nbsp;Oficiales de Doctorado, en su art\u00edculo 10, apartado 4, establece que: \u00abSin perjuicio de lo se\u00f1alado en el apartado anterior, podr\u00e1 asumir las funciones&nbsp;de codirector un investigador novel o un profesor o investigador con un m\u00ednimo de experiencia investigadora que no re\u00fana los requisitos establecidos&nbsp;para ser director de tesis. En todo caso, deber\u00e1 tener relaci\u00f3n funcionarial o contractual con la universidad u organismo que colabore en el desarrollo&nbsp;del programa. No podr\u00e1 existir m\u00e1s de un codirector de este perfil\u00bb.<\/p>\n\n\n\n<p>Se pretende que estos investigadores\/profesores adquieran el nivel adecuado para poderse incorporar al programa como directores cuando re\u00fanan las&nbsp;condiciones que establece la ULL en su Reglamento para poderlo ser.<\/p>\n\n\n\n<p>Asimismo, en la \u00faltima modificaci\u00f3n del&nbsp;<a href=\"http:\/\/www.gobiernodecanarias.org\/boc\/2012\/098\/012.html\" target=\"_blank\" rel=\"noreferrer noopener\" target=\"_blank\" rel=\"noopener\">Reglamento<\/a>&nbsp;de Contrataci\u00f3n de Profesores Ayudantes Doctores, Profesores Colaboradores, Profesores Contratados&nbsp;Doctores, Profesores Asociados y Ayudantes de la Universidad de La Laguna,&nbsp;se recoge en los baremos correspondientes, dentro del bloque de actividad investigadora, como criterio de valoraci\u00f3n, el haber dirigido tesis doctorales.<\/p>\n<\/div><\/div><\/div>\n\n\n\n<div class=\"wp-block-stackable-column stk-block-column stk-column stk-block stk-53ec762\" data-v=\"4\" data-block-id=\"53ec762\"><style>.stk-53ec762-inner-blocks{row-gap:0px !important;}.stk-53ec762 {padding-top:0px !important;padding-right:0px !important;padding-bottom:0px !important;padding-left:0px !important;}@media screen and (min-width: 768px){.stk-53ec762 {flex:var(--stk-flex-grow, 1) 1 33.3% !important;}}<\/style><div class=\"stk-column-wrapper stk-block-column__content stk-container stk-53ec762-container stk--no-background stk--no-padding\"><div class=\"stk-block-content stk-inner-blocks stk-53ec762-inner-blocks\">\n\n<ul class=\"widget-box\">\n<li class='contacto-header'>Informaci\u00f3n de contacto<\/li><li><i class=\"fa fa-map-marker\"><\/i> Avda. Astrof\u00edsico Francisco S\u00e1nchez, SN. Edificio Calabaza \u2013 AN.2D Apdo. 456 38200 San Crist\u00f3bal de La Laguna<\/li><li><i class=\"fa fa-envelope\"><\/i>  <a href=mailto:doctorado.dregional@ull.es>doctorado.dregional@ull.es<\/a><\/li><li><i class=\"fa fa-calendar\"><\/i><a href=\"http:\/\/citaprevia.ull.es\/index.php?s=edpo\"> Cita previa<\/a><\/li>\n<\/ul>\n\n\n<\/div><\/div><\/div>\n<\/div><\/div>\n","protected":false},"excerpt":{"rendered":"<p>Doctoral Student Monitoring Following the guidelines set out in Article 11 of Royal Decree RD99\/2011 on Doctoral Studies and Article 23 of the Regulations for Official Doctoral Studies at the University of La Laguna, thesis supervision and monitoring of each doctoral student will be implemented taking into account the following considerations. Thesis supervision\u2026<\/p>","protected":false},"author":1,"featured_media":0,"parent":27,"menu_order":0,"comment_status":"closed","ping_status":"closed","template":"templates\/template-frontpage.php","meta":{"_acf_changed":false,"footnotes":""},"class_list":["post-72","page","type-page","status-publish","hentry"],"acf":[],"publishpress_future_action":{"enabled":false,"date":"2026-04-19 07:29:50","action":"change-status","newStatus":"draft","terms":[],"taxonomy":"","extraData":[]},"publishpress_future_workflow_manual_trigger":{"enabledWorkflows":[]},"_links":{"self":[{"href":"https:\/\/www.ull.es\/doctorados\/desarrollo-regional\/en\/wp-json\/wp\/v2\/pages\/72","targetHints":{"allow":["GET"]}}],"collection":[{"href":"https:\/\/www.ull.es\/doctorados\/desarrollo-regional\/en\/wp-json\/wp\/v2\/pages"}],"about":[{"href":"https:\/\/www.ull.es\/doctorados\/desarrollo-regional\/en\/wp-json\/wp\/v2\/types\/page"}],"author":[{"embeddable":true,"href":"https:\/\/www.ull.es\/doctorados\/desarrollo-regional\/en\/wp-json\/wp\/v2\/users\/1"}],"replies":[{"embeddable":true,"href":"https:\/\/www.ull.es\/doctorados\/desarrollo-regional\/en\/wp-json\/wp\/v2\/comments?post=72"}],"version-history":[{"count":6,"href":"https:\/\/www.ull.es\/doctorados\/desarrollo-regional\/en\/wp-json\/wp\/v2\/pages\/72\/revisions"}],"predecessor-version":[{"id":335,"href":"https:\/\/www.ull.es\/doctorados\/desarrollo-regional\/en\/wp-json\/wp\/v2\/pages\/72\/revisions\/335"}],"up":[{"embeddable":true,"href":"https:\/\/www.ull.es\/doctorados\/desarrollo-regional\/en\/wp-json\/wp\/v2\/pages\/27"}],"wp:attachment":[{"href":"https:\/\/www.ull.es\/doctorados\/desarrollo-regional\/en\/wp-json\/wp\/v2\/media?parent=72"}],"curies":[{"name":"wp","href":"https:\/\/api.w.org\/{rel}","templated":true}]}}