{"id":82,"date":"2018-02-22T14:14:43","date_gmt":"2018-02-22T14:14:43","guid":{"rendered":"http:\/\/www.ull.es\/doctorados\/desarrollo-regional\/?page_id=82"},"modified":"2025-08-20T09:04:48","modified_gmt":"2025-08-20T09:04:48","slug":"movilidad","status":"publish","type":"page","link":"https:\/\/www.ull.es\/doctorados\/desarrollo-regional\/en\/informacion-academica\/movilidad\/","title":{"rendered":"Mobility"},"content":{"rendered":"\n<div class=\"wp-block-stackable-columns alignfull stk-block-columns stk-block stk-2314a6b\" data-block-id=\"2314a6b\"><style>.stk-2314a6b {padding-bottom:0px !important;margin-top:-100px !important;margin-bottom:0px !important;}<\/style><div class=\"stk-row stk-inner-blocks stk-block-content stk-content-align stk-2314a6b-column alignfull\">\n<div class=\"wp-block-stackable-column stk-block-column stk-column stk-block stk-1d1764d\" data-v=\"4\" data-block-id=\"1d1764d\"><div class=\"stk-column-wrapper stk-block-column__content stk-container stk-1d1764d-container stk--no-background stk--no-padding\"><div class=\"stk-block-content stk-inner-blocks stk-1d1764d-inner-blocks\"><style id=\"depicter-1-inline-pre-css\">\n\n.depicter-1:not(.depicter-ready){\n\theight:450px;\n}\n\n\/***** Tablet *****\/\n@media screen and (max-width: 1024px){\n\n.depicter-1:not(.depicter-ready){\n\theight:700px;\n}\n\n}\n\/***** Mobile *****\/\n@media screen and (max-width: 767px){\n\n.depicter-1:not(.depicter-ready){\n\theight:360px;\n}\n\n}\n<\/style>\n<div id=\"depicter-1\" class=\"depicter depicter-document depicter-revert depicter-1 depicter-layout-fullwidth\">\n\n<div class=\"depicter-loading-container depicter-loading dotFlashing-dark\"><div class=\"depicter-loading-dark depicter-dot-flashing\">\n   <span><\/span>\n   <span><\/span>\n   <span><\/span>\n<\/div>\n<\/div>\n<div id=\"depicter-1-section-1\" class=\"depicter-section depicter-1-section-1\" data-name=\"Section 1\" data-type=\"section\" data-local-id=\"section-1\">\n<picture class=\"depicter-bg\">\n<source data-depicter-srcset=\"https:\/\/www.ull.es\/doctorados\/desarrollo-regional\/wp-content\/uploads\/sites\/6\/2025\/05\/Headers-Doctorados_Doctorado-en-Desarrollo-Regional-768x248.jpg, https:\/\/www.ull.es\/doctorados\/desarrollo-regional\/wp-content\/uploads\/sites\/6\/2025\/05\/Headers-Doctorados_Doctorado-en-Desarrollo-Regional.jpg 2x\" srcset=\"data:image\/gif;base64,R0lGODlhAQABAIAAAAAAAP\/\/\/yH5BAEAAAAALAAAAAABAAEAAAIBRAA7\" media=\"(max-width: 1024px)\" \/>\n\n<source data-depicter-srcset=\"https:\/\/www.ull.es\/doctorados\/desarrollo-regional\/wp-content\/uploads\/sites\/6\/2025\/05\/Headers-Doctorados_Doctorado-en-Desarrollo-Regional.jpg, https:\/\/www.ull.es\/doctorados\/desarrollo-regional\/wp-content\/uploads\/sites\/6\/2025\/05\/Headers-Doctorados_Doctorado-en-Desarrollo-Regional-2000x645.jpg 2x\" srcset=\"data:image\/gif;base64,R0lGODlhAQABAIAAAAAAAP\/\/\/yH5BAEAAAAALAAAAAABAAEAAAIBRAA7\" media=\"(min-width: 1025px)\" \/>\n<img decoding=\"async\" src=\"data:image\/gif;base64,R0lGODlhAQABAIAAAAAAAP\/\/\/yH5BAEAAAAALAAAAAABAAEAAAIBRAA7\" data-ken-burns=\"false\" data-tablet-ken-burns=\"false\" data-mobile-ken-burns=\"false\" alt=\"\" data-depicter-src=\"https:\/\/www.ull.es\/doctorados\/desarrollo-regional\/wp-content\/uploads\/sites\/6\/2025\/05\/Headers-Doctorados_Doctorado-en-Desarrollo-Regional.jpg\" data-object-fit=\"custom,custom,\" data-object-position=\"center top,,\" data-crop=\"{'focalPoint':{'x':0.5,'y':0.5},'mediaSize':{'width':1395.3488372093024736386723816394805908203125,'height':450}}\" data-tablet-crop=\"{'focalPoint':{'x':0.5,'y':0.5},'mediaSize':{'width':2170.54263565891460530110634863376617431640625,'height':700}}\" data-mobile-crop=\"{'focalPoint':{'x':0.5,'y':0.5},'mediaSize':{'width':2294.57364341085258274688385426998138427734375,'height':740}}\" \/>\n<\/picture>\n\n\n<h1 id=\"depicter-1-element-5\" class=\"depicter-element depicter-layer depicter-1-element-5\" data-type=\"text\" data-wrap=\"true\" data-name=\"Text 2\" data-local-id=\"element-5\" data-offset=\"x:0px;y:140px;origin:tl\" data-tablet-offset=\"x:215px;y:194px;origin:tl\" data-mobile-offset=\"x:12px;y:96px;origin:tl\" data-width=\"1200px,auto,348px\" data-height=\"auto,auto,auto\" data-responsive-scale=\"true,,\">Programa de Doctorado <br>en Desarrollo Regional<\/h1>\n\n<div id=\"depicter-1-element-10\" class=\"depicter-element depicter-layer depicter-1-element-10\" data-type=\"shape\" data-wrap=\"true\" data-name=\"Shape 1\" data-local-id=\"element-10\" data-offset=\"x:0px;y:318px;origin:tl\" data-tablet-offset=\"x:215px;y:361px;origin:tl\" data-mobile-offset=\"x:18px;y:297px;origin:tl\" data-width=\"861px,647px,282px\" data-height=\"8px,8px,8px\" data-responsive-scale=\"true,,\"><\/div>\n<\/div>\n<\/div>\n<script>\n(window.depicterSetups = window.depicterSetups || []).push(function(){\n\tDepicter.basePath = 'https:\/\/www.ull.es\/doctorados\/desarrollo-regional\/wp-content\/plugins\/depicter\/resources\/scripts\/player\/';\n\tconst dpPlayer = Depicter.setup('.depicter-1',\n\t\t{\"width\":[\"1200\",\"1024\",\"360\"],\"height\":[\"450\",\"700\",\"360\"],\"view\":\"basic\",\"keepAspectRatio\":true,\"preload\":0,\"layout\":\"fullwidth\",\"rtl\":false,\"initAfterAppear\":false,\"ajaxApiUrl\":\"https:\\\/\\\/www.ull.es\\\/doctorados\\\/desarrollo-regional\\\/wp-admin\\\/admin-ajax.php\",\"mouseSwipe\":true,\"touchSwipe\":true,\"useWatermark\":false}\n\t);\n});\n<\/script><\/div><\/div><\/div>\n<\/div><\/div>\n\n\n\n<div class=\"wp-block-stackable-columns alignfull stk-block-columns stk--hide-mobile stk-block stk-6394276 stk-block-background\" data-block-id=\"6394276\"><style>.stk-6394276 {background-color:#f33f4e !important;padding-top:10px !important;margin-bottom:0px !important;}.stk-6394276:before{background-color:#f33f4e !important;}<\/style><div class=\"stk-row stk-inner-blocks stk-block-content stk-content-align stk-6394276-column alignfull\">\n<div class=\"wp-block-stackable-column stk-block-column stk-column stk-block stk-8a66885\" data-v=\"4\" data-block-id=\"8a66885\"><div class=\"stk-column-wrapper stk-block-column__content stk-container stk-8a66885-container stk--no-background stk--no-padding\"><div class=\"stk-block-content stk-inner-blocks stk-8a66885-inner-blocks\">\n<div class=\"wp-block-stackable-spacer stk-block-spacer stk--no-padding stk-block stk-bc89b3e\" data-block-id=\"bc89b3e\"><style>.stk-bc89b3e {height:0px !important;}<\/style><\/div>\n<\/div><\/div><\/div>\n<\/div><\/div>\n\n\n\n<div class=\"wp-block-stackable-columns stk-block-columns stk-block stk-8b59b96\" data-block-id=\"8b59b96\"><style>.stk-8b59b96 .stk--block-align-8b59b96{align-items:flex-start !important;}.stk-8b59b96 {margin-top:50px !important;}.stk-8b59b96-column{--stk-columns-spacing:0px !important;--stk-column-gap:50px !important;}<\/style><div class=\"stk-row stk-inner-blocks stk--block-align-8b59b96 stk-block-content stk-content-align stk-8b59b96-column\">\n<div class=\"wp-block-stackable-column stk-block-column stk-column stk-block stk-dbb7e15\" data-v=\"4\" data-block-id=\"dbb7e15\"><style>@media screen and (min-width: 768px){.stk-dbb7e15 {flex:var(--stk-flex-grow, 1) 1 66.7% !important;}}<\/style><div class=\"stk-column-wrapper stk-block-column__content stk-container stk-dbb7e15-container stk--no-background stk--no-padding\"><div class=\"stk-block-content stk-inner-blocks stk-dbb7e15-inner-blocks\">\n<div class=\"wp-block-stackable-heading stk-block-heading stk-block-heading--v2 stk-block stk-cc0239e\" id=\"complementos-de-formacion\" data-block-id=\"cc0239e\"><style>.stk-cc0239e .stk-block-heading__text{color:#000000 !important;font-weight:500 !important;}<\/style><h1 class=\"stk-block-heading__text has-text-color\">Movilidad<\/h1><\/div>\n\n\n\n<div class=\"wp-block-stackable-text stk-block-text stk-block stk-01c02f0\" data-block-id=\"01c02f0\"><p class=\"stk-block-text__text\"><strong>Estancias en Centros de I+D (+i)<\/strong><\/p><\/div>\n\n\n\n<p>El grupo de investigaci\u00f3n donde se integre el doctorando<\/p>\n\n\n\n<p>N\u00famero de horas: 480<\/p>\n\n\n\n<p>Descripci\u00f3n:<\/p>\n\n\n\n<p>Se incentivar\u00e1n estancias de un m\u00ednimo de 480 horas (12 semanas).&nbsp;Se buscar\u00e1 que el doctorando realice estancias de investigaci\u00f3n; siempre que sea posible durante el tiempo requerido para la obtenci\u00f3n de la menci\u00f3n&nbsp;europeaEl doctorando, bajo el asesoramiento y coordinaci\u00f3n con su tutor o director podr\u00e1 concertar con un centro acad\u00e9mico externo, nacional o internacional,&nbsp;una estancia de investigaci\u00f3n tutelada por un profesor o investigador de dicho centro, al efecto de desarrollar aspectos instrumentales o espec\u00edficos de&nbsp;su tesis, desde aprendizaje de t\u00e9cnicas espec\u00edficas, dise\u00f1o de instrumentos de medici\u00f3n o an\u00e1lisis, revisi\u00f3n cr\u00edtica y dise\u00f1o de apartados concretos de&nbsp;su investigaci\u00f3n, etc.&nbsp;Los centros de recepci\u00f3n ser\u00e1n determinados en funci\u00f3n de los convenios existentes, o a partir de contactos espec\u00edficos del propio tutor o director de la&nbsp;tesis. En caso de que el doctorando cuente con co-directores externos, la estancia podr\u00e1 realizarse en el centro y bajo la tutela de ese co-director.&nbsp;En los casos que el director de la tesis lo considere oportuno, se promover\u00e1n diferentes estancias cortas, de cuatro semanas cada una de ellas, para&nbsp;el aprendizaje de m\u00e9todos y t\u00e9cnicas \u00fatiles para el desarrollo de la investigaci\u00f3n que este llevando a cabo el doctorando, as\u00ed como la colaboraci\u00f3n en&nbsp;actividades investigadoras de grupos de investigaci\u00f3n de inter\u00e9s para el mismo.<\/p>\n\n\n\n<p>Resultados de Aprendizaje (Competencias que se promueven):<br>La actividad ayudar\u00e1 al doctorando a consolidar las competencias CB11, CB12, CB13, CB14, CB15, CA01 a CA06.&nbsp;Particularmente tener un conocimiento m\u00e1s profundo sobre las metodolog\u00eda de la investigaci\u00f3n cient\u00edfica en ciencias sociales y las cuestiones de actualidad&nbsp;en el campo del Desarrollo Regional, orient\u00e1ndoles hacia la aplicaci\u00f3n espec\u00edfica en las diversas l\u00edneas de investigaci\u00f3n que articulan el programa.&nbsp;De igual modo, servir\u00e1 para establecer contactos con determinados especialistas internacionales, primeras relaciones con investigadores de otras redes<br>que ofrezcan especial inter\u00e9s, consolidar \u00e9stas si ya se han iniciado, etc.<br>Se recomienda la realizaci\u00f3n de esta actividad a partir del segundo a\u00f1o para los doctorandos a tiempo completo y a partir del tercero para los matriculados&nbsp;a tiempo parcial. En cualquier caso, la estancia se aconseja despu\u00e9s del primer a\u00f1o, tanto para alumnos a tiempo completo como para los de&nbsp;tiempo parcial.<\/p>\n\n\n\n<p>Idiomas de Impartici\u00f3n: Castellano e Ingl\u00e9s.<\/p>\n\n\n\n<p>Procedimiento de control:&nbsp;Cada estancia generar\u00e1 un control de asistencia y una evaluaci\u00f3n (positiva o negativa) por parte del doctor que supervise al doctorando en el centro de&nbsp;acogida en el caso de que la evaluaci\u00f3n sea positiva. El certificado de estancia correspondiente ser\u00e1 incluido por el doctorando en su respectivo \u00abDocumento&nbsp;de Actividades\u00bb.&nbsp;Dichas actividades registradas ser\u00e1n valoradas favorable o desfavorablemente por el tutor y\/o Director antes de la evaluaci\u00f3n por la Comisi\u00f3n Acad\u00e9mica&nbsp;responsable del Programa. En el conjunto de las actividades formativas descritas podr\u00e1n participar tanto los estudiantes matriculados a tiempo total&nbsp;como parcial.&nbsp;Todos estos controles formar\u00e1n parte del documento de actividades del doctorando (DAD) el cual ser\u00e1 revisado regularmente por el Tutor y el Director&nbsp;de tesis y evaluado por la Comisi\u00f3n Acad\u00e9mica responsable del programa.<\/p>\n\n\n\n<p>Actuaciones de movilidad:&nbsp;La programaci\u00f3n de la actividad de movilidad para los estudiantes a tiempo parcial se desarrolla del mismo modo para este tipo de estudiantes con&nbsp;la \u00fanica particularidad de que los inscritos en esta segunda categor\u00eda disponen de dos a\u00f1os adicionales para poder desarrollarla.&nbsp;Para la financiaci\u00f3n para este tipo de actividad se acudir\u00e1 a ayudas p\u00fablicas y \/o privadas:<\/p>\n\n\n\n<p>Programas FPU\/FPI<\/p>\n\n\n\n<p>Programa Erasmus<\/p>\n\n\n\n<p>Ayudas del Ministerio a la movilidad de estudiantes en programas con Menci\u00f3n hacia la Excelencia<\/p>\n\n\n\n<p>Convocatorias europeas, nacionales, auton\u00f3micas y de la ULL para estancias cortas de investigaci\u00f3n<\/p>\n<\/div><\/div><\/div>\n\n\n\n<div class=\"wp-block-stackable-column stk-block-column stk-column stk-block stk-53ec762\" data-v=\"4\" data-block-id=\"53ec762\"><style>.stk-53ec762-inner-blocks{row-gap:0px !important;}.stk-53ec762 {padding-top:0px !important;padding-right:0px !important;padding-bottom:0px !important;padding-left:0px !important;}@media screen and (min-width: 768px){.stk-53ec762 {flex:var(--stk-flex-grow, 1) 1 33.3% !important;}}<\/style><div class=\"stk-column-wrapper stk-block-column__content stk-container stk-53ec762-container stk--no-background stk--no-padding\"><div class=\"stk-block-content stk-inner-blocks stk-53ec762-inner-blocks\">\n\n<ul class=\"widget-box\">\n<li class='contacto-header'>Informaci\u00f3n de contacto<\/li><li><i class=\"fa fa-map-marker\"><\/i> Avda. Astrof\u00edsico Francisco S\u00e1nchez, SN. Edificio Calabaza \u2013 AN.2D Apdo. 456 38200 San Crist\u00f3bal de La Laguna<\/li><li><i class=\"fa fa-envelope\"><\/i>  <a href=mailto:doctorado.dregional@ull.es>doctorado.dregional@ull.es<\/a><\/li><li><i class=\"fa fa-calendar\"><\/i><a href=\"http:\/\/citaprevia.ull.es\/index.php?s=edpo\"> Cita previa<\/a><\/li>\n<\/ul>\n\n\n<\/div><\/div><\/div>\n<\/div><\/div>\n","protected":false},"excerpt":{"rendered":"<p>Mobility: Stays at R&amp;D (+i) Centers: The research group where the doctoral student is integrated. Number of hours: 480. Description: Stays of a minimum of 480 hours (12 weeks) will be encouraged. Research stays will be encouraged; whenever possible, during the time required to obtain the European mention. The doctoral student\u2026<\/p>","protected":false},"author":1,"featured_media":0,"parent":17,"menu_order":0,"comment_status":"closed","ping_status":"closed","template":"templates\/template-frontpage.php","meta":{"_acf_changed":false,"footnotes":""},"class_list":["post-82","page","type-page","status-publish","hentry"],"acf":[],"publishpress_future_action":{"enabled":false,"date":"2026-04-19 06:29:03","action":"change-status","newStatus":"draft","terms":[],"taxonomy":"","extraData":[]},"publishpress_future_workflow_manual_trigger":{"enabledWorkflows":[]},"_links":{"self":[{"href":"https:\/\/www.ull.es\/doctorados\/desarrollo-regional\/en\/wp-json\/wp\/v2\/pages\/82","targetHints":{"allow":["GET"]}}],"collection":[{"href":"https:\/\/www.ull.es\/doctorados\/desarrollo-regional\/en\/wp-json\/wp\/v2\/pages"}],"about":[{"href":"https:\/\/www.ull.es\/doctorados\/desarrollo-regional\/en\/wp-json\/wp\/v2\/types\/page"}],"author":[{"embeddable":true,"href":"https:\/\/www.ull.es\/doctorados\/desarrollo-regional\/en\/wp-json\/wp\/v2\/users\/1"}],"replies":[{"embeddable":true,"href":"https:\/\/www.ull.es\/doctorados\/desarrollo-regional\/en\/wp-json\/wp\/v2\/comments?post=82"}],"version-history":[{"count":8,"href":"https:\/\/www.ull.es\/doctorados\/desarrollo-regional\/en\/wp-json\/wp\/v2\/pages\/82\/revisions"}],"predecessor-version":[{"id":356,"href":"https:\/\/www.ull.es\/doctorados\/desarrollo-regional\/en\/wp-json\/wp\/v2\/pages\/82\/revisions\/356"}],"up":[{"embeddable":true,"href":"https:\/\/www.ull.es\/doctorados\/desarrollo-regional\/en\/wp-json\/wp\/v2\/pages\/17"}],"wp:attachment":[{"href":"https:\/\/www.ull.es\/doctorados\/desarrollo-regional\/en\/wp-json\/wp\/v2\/media?parent=82"}],"curies":[{"name":"wp","href":"https:\/\/api.w.org\/{rel}","templated":true}]}}