{"id":21,"date":"2018-02-22T11:07:35","date_gmt":"2018-02-22T11:07:35","guid":{"rendered":"http:\/\/localhost\/ull\/doctorados\/?page_id=21"},"modified":"2018-03-02T10:00:53","modified_gmt":"2018-03-02T10:00:53","slug":"entidades-participantes","status":"publish","type":"page","link":"https:\/\/www.ull.es\/doctorados\/desarrollo-regional\/entidades-participantes\/","title":{"rendered":"Entidades participantes"},"content":{"rendered":"<p>[vc_row][vc_column][vc_column_text]<\/p>\n<h1>Entidades participantes<\/h1>\n<p><strong>Colaboraciones con convenio<\/strong><\/p>\n<ul>\n<li>Marco de Cooperaci\u00f3n para movilidad de alumnado y\u00a0profesorado con la Universidad de A\u00e7ores<\/li>\n<li>Convenio con el Colegio de la Frontera Norte A.C. de Mexico<\/li>\n<li>Convenio Marco de Cooperaci\u00f3n con la Universidade Federal de Minas Gerais (Brasil)<\/li>\n<li>Convenio de Cooperacion con la Universidad de Katyavala Bwila (UKBAngola)<\/li>\n<li>Convenio Espec\u00edfico de Doctorado con la Universidad de los Andes, Merida-Venezuela<\/li>\n<\/ul>\n<p><strong>Otras colaboraciones<\/strong><\/p>\n<ul>\n<li>Colaboraciones sin convenio. Al no contar a\u00fan formalmente (en el momento de realizar la petici\u00f3n de verificaci\u00f3n de este programa de doctorado) con convenios de colaboraci\u00f3n suscritos con algunas de las universidades a las que se encuentran adscritos algunos de los investigadores que se relacionan seguidamente, hemos de indicar que su inclusi\u00f3n entre el equipo de colaboradores responde a que los investigadores indicados colaboran activamente en materia de proyectos e investigaci\u00f3n, con algunos de los investigadores del programa de doctorado que se propone, lo cual se puede acreditar con la relaci\u00f3n de publicaciones y direcciones de tesis doctorales que se indican en el programa. Entendemos, adem\u00e1s, que estas colaboraciones sin convenio se reconocen en el documento de Aneca (Gu\u00eda de Apoyo: Evaluaci\u00f3n para la verificaci\u00f3n de ense\u00f1anzas oficiales de doctorado, versi\u00f3n 0.4_25\/03\/2013)\u00bb, donde no s\u00f3lo se se\u00f1ala que \u00abse deben detallar las colaboraciones que el programa de doctorado mantiene con otras universidades, organismos o instituciones\u00bb, sino que se \u00abse detallar\u00e1n tanto las colaboraciones reguladas mediante convenio como aquellas otras que el programa de doctorado realice de manera informal. Asimismo, y aunque no se trate de convenios, para la profesora Dow se ha aportado un documento de compromiso suscrito por ella, as\u00ed como un escrito del Director de su departamento, en el que autoriza la colaboraci\u00f3n.<\/li>\n<\/ul>\n<p>\u00b7 Universidad de Stirling (Prof. Sheila Dow)<br \/>\n\u00b7 University of California, Riverside (Prof. Gary Dymski)<br \/>\n\u00b7 Universidad Paris Sud &#8211; Faculte Jean Monnet (Prof. Jose de Sousa)<\/p>\n<ul>\n<li>Colaboraciones con convenio.\u00a0Entre la lista de colaboraciones de la memoria del Programa se han incluido seis universidades p\u00fablicas con las que\u00a0se dispone, formalmente, de convenios de colaboraci\u00f3n. Estas seis universidades son las que siguen:<\/li>\n<\/ul>\n<p>\u00b7 Universidad de A\u00e7ores (Portugal)<br \/>\n\u00b7 Universidad de Madeira (Portugal)<br \/>\n\u00b7 Colegio Frontera Norte A.C de M\u00e9jico (M\u00e9jico)<br \/>\n\u00b7 Universidade Federal de Minas Gerais (Brasil)<br \/>\n\u00b7 Universidad de Katyavala Bwila (Angola)<br \/>\n\u00b7 Universidad de los Andes, M\u00e9rida (Venezuela)<\/p>\n<p>El \u00faltimo convenio que se ha firmado es el de la Universidad Federal de Minas Gerais, que fue promovido por el Director\u00a0Acad\u00e9mico para oficializar las colaboraciones en materia de investigaci\u00f3n y direcciones de tesis doctorales ya\u00a0existentes entre esa universidad y la de La Laguna. La raz\u00f3n por la que los acuerdos de colaboraci\u00f3n suscritos hasta\u00a0la fecha tienen un car\u00e1cter general obedece a que desde el Vicerrectorado de Internacionalizaci\u00f3n de nuestra universidad\u00a0siempre se nos sugiri\u00f3 la ventaja de suscribir convenios marcos, independientemente de que hubieran sido\u00a0impulsados para las actividades del propio Master de Desarrollo Regional y del Programa de Doctorado en Desarrollo\u00a0Regional, Formaci\u00f3n y Empleo (que ya hemos dicho constituyen la base del Programa de Doctorado de Desarrollo\u00a0regional que ahora se propone), para luego ir ampli\u00e1ndolos, con sucesivos Anexos, a otras actividades relacionadas\u00a0con la programaci\u00f3n del master y\/o doctorado sin necesidad de tener que repetir, formalmente, los pasos para proceder\u00a0a la firma de nuevos convenios. El motivo por el que a fecha de hoy no se han actualizado estos convenios marco\u00a0es porque la Universidad de La Laguna se encuentra inmersa (desde hace casi ya un a\u00f1o) en un proceso de reestructuraci\u00f3n\u00a0(v\u00e9ase el siguiente\u00a0<a href=\"http:\/\/www.ull.es\/view\/institucional\/ull\/La_Institucion\/es\" target=\"_blank\" rel=\"noopener\">enlace<\/a>) que ha afectado a todos sus centros\u00a0(Facultades y Escuelas), \u00f3rganos de direcci\u00f3n (Equipo de Gobierno) y departamentos universitarios, y que no est\u00e1\u00a0concluido (en estos momentos se encuentra en el per\u00edodo de elaboraci\u00f3n de los respectivos RRI de cada uno de los\u00a0centros y departamentos resultantes), por lo que hemos considerado poco conveniente iniciar esta actualizaci\u00f3n sin\u00a0conocer antes la denominaciones concretas que tendr\u00e1n los centros y departamentos resultantes de este proceso de\u00a0reestructuraci\u00f3n).<\/p>\n<p>Por este mismo motivo nos hemos visto obligados a retrasar el inicio de los procedimientos formales que requieren la\u00a0firma de convenios marco con las instituciones a las que pertenecen algunos de los investigadores incorporados a la\u00a0nueva propuesta de Programa de Doctorado de Desarrollo Regional, y que no estaban presentes en el programa de\u00a0doctorado anterior, como por ejemplo la Dra. Sheila Dow, de la Universidad de Stirling (Escocia) y el Dr. Gary Dymski,\u00a0(University of California, Riverside).[\/vc_column_text][\/vc_column][\/vc_row]<\/p>\n","protected":false},"excerpt":{"rendered":"<p>[vc_row][vc_column][vc_column_text] Entidades participantes Colaboraciones con convenio Marco de Cooperaci\u00f3n para movilidad de alumnado y\u00a0profesorado con la Universidad de A\u00e7ores Convenio con el Colegio de la Frontera Norte A.C. de Mexico Convenio Marco de Cooperaci\u00f3n con la Universidade Federal de Minas Gerais (Brasil) Convenio de Cooperacion con la Universidad de Katyavala Bwila (UKBAngola) Convenio Espec\u00edfico de&#8230;<\/p>\n","protected":false},"author":1,"featured_media":0,"parent":0,"menu_order":0,"comment_status":"closed","ping_status":"closed","template":"","meta":{"_acf_changed":false,"footnotes":""},"class_list":["post-21","page","type-page","status-publish","hentry"],"acf":[],"publishpress_future_action":{"enabled":false,"date":"2026-04-19 16:25:22","action":"change-status","newStatus":"draft","terms":[],"taxonomy":"","extraData":[]},"publishpress_future_workflow_manual_trigger":{"enabledWorkflows":[]},"_links":{"self":[{"href":"https:\/\/www.ull.es\/doctorados\/desarrollo-regional\/wp-json\/wp\/v2\/pages\/21","targetHints":{"allow":["GET"]}}],"collection":[{"href":"https:\/\/www.ull.es\/doctorados\/desarrollo-regional\/wp-json\/wp\/v2\/pages"}],"about":[{"href":"https:\/\/www.ull.es\/doctorados\/desarrollo-regional\/wp-json\/wp\/v2\/types\/page"}],"author":[{"embeddable":true,"href":"https:\/\/www.ull.es\/doctorados\/desarrollo-regional\/wp-json\/wp\/v2\/users\/1"}],"replies":[{"embeddable":true,"href":"https:\/\/www.ull.es\/doctorados\/desarrollo-regional\/wp-json\/wp\/v2\/comments?post=21"}],"version-history":[{"count":2,"href":"https:\/\/www.ull.es\/doctorados\/desarrollo-regional\/wp-json\/wp\/v2\/pages\/21\/revisions"}],"predecessor-version":[{"id":153,"href":"https:\/\/www.ull.es\/doctorados\/desarrollo-regional\/wp-json\/wp\/v2\/pages\/21\/revisions\/153"}],"wp:attachment":[{"href":"https:\/\/www.ull.es\/doctorados\/desarrollo-regional\/wp-json\/wp\/v2\/media?parent=21"}],"curies":[{"name":"wp","href":"https:\/\/api.w.org\/{rel}","templated":true}]}}