{"id":21,"date":"2018-02-22T11:07:35","date_gmt":"2018-02-22T11:07:35","guid":{"rendered":"http:\/\/localhost\/ull\/doctorados\/?page_id=21"},"modified":"2018-02-28T11:37:37","modified_gmt":"2018-02-28T11:37:37","slug":"entidades-participantes","status":"publish","type":"page","link":"https:\/\/www.ull.es\/doctorados\/educacion-extincion\/fr\/entidades-participantes\/","title":{"rendered":"Entit\u00e9s participantes"},"content":{"rendered":"<p>[vc_row][vc_column][vc_column_text]<\/p>\n<h1>Entidades participantes<\/h1>\n<p><strong>Colaboraciones con convenios:<\/strong><\/p>\n<ul>\n<li>Universidad de Tuiuti y Ciar Curitiba (Brasil)<\/li>\n<li>Universidad Nacional de San Luis (Argentina)<\/li>\n<li>Universidad del Norte (Colombia)<\/li>\n<li>Universidad de Oriente (Venezuela)<\/li>\n<li>Universidad Aut\u00f3noma de San Luis Potos\u00ed (M\u00e9xico)<\/li>\n<li>Instituto de Educaci\u00f3n de la Universidad de Londres<\/li>\n<li>Centro de Investigaci\u00f3n y de Estudios Avanzados del Instituto Polit\u00e9cnico Nacional (M\u00e9xico)<\/li>\n<li>Escuela Latinoamericana de Medicina (Venezuela)<\/li>\n<li>Universidad Nacional Experimental Sim\u00f3n Rodr\u00edguez (Venezuela)<\/li>\n<\/ul>\n<p><strong>Otras Colaboraciones:<\/strong><\/p>\n<p>Habida cuenta el volumen de convenios de colaboraci\u00f3n con los que opera en la actualidad la Facultad de\u00a0Educaci\u00f3n de la ULL, se ha estimado oportuno incluir en el documento en pdf los m\u00e1s destacados (el tama\u00f1o\u00a0del archivo exceder\u00eda el total permitido por la aplicaci\u00f3n), y a continuaci\u00f3n se hace una relaci\u00f3n pormenorizado\u00a0del total de los convenios activos, incluyendo los de movilidad Erasmus espec\u00edficos para estudiosd e Doctorado\u00a0con universidades europeas. Se incluyen enlaces para su consulta pormeniorizada.<\/p>\n<p><strong><u>A nivel internacional:<br \/>\n<\/u><\/strong><\/p>\n<p>(Relaci\u00f3n de convenios de cooperaci\u00f3n con participaci\u00f3n de la Facultad de Educaci\u00f3n en sus anexos espec\u00edficos de\u00a0colaboraci\u00f3n investigadora, intercambios y movilidad)<\/p>\n<ul>\n<li>Universidad Naciona de San Luis<\/li>\n<li>Universidade Federal do Panam\u00e1<\/li>\n<li>Universidad de Cabo Verde<\/li>\n<li>Universidad del Norte<\/li>\n<li>Universidad externado de Colombia<\/li>\n<li>Universidad Andina de Sim\u00f3n Bolivar<\/li>\n<li>Universidad de Texas en San Antonio<\/li>\n<li>Universidad de Colima<\/li>\n<li>Universidad Aut\u00f3noma de San Luis Potos\u00ed<\/li>\n<li>Universidad Veracruzana<\/li>\n<li>Universidad de Artes y Ciencias de Chiapa<\/li>\n<li>CINVESTAV<\/li>\n<li>Universidad Nacional Aut\u00f3noma de M\u00e9xico<\/li>\n<li>Instituto de Educaci\u00f3n de la Universidad de Londres<\/li>\n<li>Universidad de Oriente<\/li>\n<li>Fundaci\u00f3n \u00abDr. Alejandro Pr\u00f3spero Reverend\u00bb<\/li>\n<li>Universidad Nacional Experimental \u00abSimon Rodr\u00edguez\u00bb<\/li>\n<li>Universidad Nacional de Cuyo (UNCUYO)<\/li>\n<li>Universidad Estadual do Minas Gerais (UEMG)<\/li>\n<li>Universidad Pedag\u00f3gica Nacional (UPN)<\/li>\n<\/ul>\n<p><u><strong>Convenios ERASMUS de la Facultad de Educaci\u00f3n con vinculaci\u00f3n al Doctorado<\/strong><\/u><\/p>\n<ul>\n<li>AKADEMIA PEDAGOGICZNA w KRAKOWIE (KRAKOW)<\/li>\n<li>UNIVERSITATEA ALEXANDRU IOAN CUZA-IASI<\/li>\n<li>\u00c7UKUROVA UNIVERSITY<\/li>\n<\/ul>\n<p>[\/vc_column_text][\/vc_column][\/vc_row]<\/p>\n","protected":false},"excerpt":{"rendered":"<p>[vc_row][vc_column][vc_column_text] Entidades participantes Colaboraciones con convenios: Universidad de Tuiuti y Ciar Curitiba (Brasil) Universidad Nacional de San Luis (Argentina) Universidad del Norte (Colombia) Universidad de Oriente (Venezuela) Universidad Aut\u00f3noma de San Luis Potos\u00ed (M\u00e9xico) Instituto de Educaci\u00f3n de la Universidad de Londres Centro de Investigaci\u00f3n y de Estudios Avanzados del Instituto Polit\u00e9cnico Nacional (M\u00e9xico) Escuela&#8230;<\/p>\n","protected":false},"author":1,"featured_media":0,"parent":0,"menu_order":0,"comment_status":"closed","ping_status":"closed","template":"","meta":{"_acf_changed":false,"footnotes":""},"class_list":["post-21","page","type-page","status-publish","hentry"],"acf":[],"publishpress_future_action":{"enabled":false,"date":"2026-04-19 21:07:08","action":"change-status","newStatus":"draft","terms":[],"taxonomy":"","extraData":[]},"publishpress_future_workflow_manual_trigger":{"enabledWorkflows":[]},"_links":{"self":[{"href":"https:\/\/www.ull.es\/doctorados\/educacion-extincion\/fr\/wp-json\/wp\/v2\/pages\/21","targetHints":{"allow":["GET"]}}],"collection":[{"href":"https:\/\/www.ull.es\/doctorados\/educacion-extincion\/fr\/wp-json\/wp\/v2\/pages"}],"about":[{"href":"https:\/\/www.ull.es\/doctorados\/educacion-extincion\/fr\/wp-json\/wp\/v2\/types\/page"}],"author":[{"embeddable":true,"href":"https:\/\/www.ull.es\/doctorados\/educacion-extincion\/fr\/wp-json\/wp\/v2\/users\/1"}],"replies":[{"embeddable":true,"href":"https:\/\/www.ull.es\/doctorados\/educacion-extincion\/fr\/wp-json\/wp\/v2\/comments?post=21"}],"version-history":[{"count":1,"href":"https:\/\/www.ull.es\/doctorados\/educacion-extincion\/fr\/wp-json\/wp\/v2\/pages\/21\/revisions"}],"predecessor-version":[{"id":135,"href":"https:\/\/www.ull.es\/doctorados\/educacion-extincion\/fr\/wp-json\/wp\/v2\/pages\/21\/revisions\/135"}],"wp:attachment":[{"href":"https:\/\/www.ull.es\/doctorados\/educacion-extincion\/fr\/wp-json\/wp\/v2\/media?parent=21"}],"curies":[{"name":"wp","href":"https:\/\/api.w.org\/{rel}","templated":true}]}}