{"id":26,"date":"2018-02-22T11:12:14","date_gmt":"2018-02-22T11:12:14","guid":{"rendered":"http:\/\/localhost\/ull\/doctorados\/?page_id=26"},"modified":"2025-05-20T12:10:04","modified_gmt":"2025-05-20T12:10:04","slug":"competencias","status":"publish","type":"page","link":"https:\/\/www.ull.es\/doctorados\/educacion-extincion\/fr\/organizacion-del-programa\/competencias\/","title":{"rendered":"Comp\u00e9tences"},"content":{"rendered":"<div class=\"wp-block-stackable-columns stk-block-columns stk-block stk-8b59b96\" data-block-id=\"8b59b96\"><style>.stk-8b59b96 .stk--block-align-8b59b96{align-items:flex-start !important;}.stk-8b59b96-column{--stk-columns-spacing:0px !important;--stk-column-gap:50px !important;}<\/style><div class=\"stk-row stk-inner-blocks stk--block-align-8b59b96 stk-block-content stk-content-align stk-8b59b96-column\">\n<div class=\"wp-block-stackable-column stk-block-column stk-column stk-block stk-dbb7e15\" data-v=\"4\" data-block-id=\"dbb7e15\"><style>@media screen and (min-width: 768px){.stk-dbb7e15 {flex:var(--stk-flex-grow, 1) 1 66.7% !important;}}<\/style><div class=\"stk-column-wrapper stk-block-column__content stk-container stk-dbb7e15-container stk--no-background stk--no-padding\"><div class=\"stk-block-content stk-inner-blocks stk-dbb7e15-inner-blocks\">\n<div class=\"wp-block-stackable-heading stk-block-heading stk-block-heading--v2 stk-block stk-cc0239e\" id=\"complementos-de-formacion\" data-block-id=\"cc0239e\"><style>.stk-cc0239e .stk-block-heading__text{font-weight:500 !important;}<\/style><h1 class=\"stk-block-heading__text\">Comp\u00e9tences<\/h1><\/div>\n\n\n\n<details class=\"wp-block-stackable-accordion stk-block-accordion stk-inner-blocks stk-block-content stk-block stk-7c390cd is-style-default\" id=\"complementos-de-formacion\" data-block-id=\"7c390cd\"><style>.stk-7c390cd {margin-bottom:11px !important;}<\/style>\n<summary class=\"wp-block-stackable-column stk-block-column stk-column stk-block stk-c927805 stk-block-background stk--container-small stk-block-accordion__heading\" data-v=\"4\" data-block-id=\"c927805\"><style>.stk-c927805 {padding-top:2px !important;padding-right:2px !important;padding-bottom:2px !important;padding-left:2px !important;}<\/style><div class=\"stk-column-wrapper stk-block-column__content stk-container stk-c927805-container stk--no-background stk--no-padding\"><div class=\"stk-block-content stk-inner-blocks stk-c927805-inner-blocks\">\n<div class=\"wp-block-stackable-icon-label stk-block-icon-label stk-block stk-7935446\" data-block-id=\"7935446\"><div class=\"stk-row stk-inner-blocks stk-block-content\">\n<div class=\"wp-block-stackable-heading stk-block-heading stk-block-heading--v2 stk-block stk-31863c1\" id=\"competencias-basicas\" data-block-id=\"31863c1\"><style>.stk-31863c1 .stk-block-heading__text{color:#666666 !important;font-weight:700 !important;font-family:\"ArgentumSans\", Sans-serif !important;}<\/style><h4 class=\"stk-block-heading__text has-text-color\">Comp\u00e9tences de base<\/h4><\/div>\n\n\n\n<div class=\"wp-block-stackable-icon stk-block-icon stk-block stk-9a468d5\" data-block-id=\"9a468d5\"><span class=\"stk--svg-wrapper\"><div class=\"stk--inner-svg\"><svg style=\"height:0;width:0\"><defs><lineargradient id=\"linear-gradient-9a468d5\" x1=\"0\" x2=\"100%\" y1=\"0\" y2=\"0\"><stop offset=\"0%\" style=\"stop-opacity:1;stop-color:var(--linear-gradient-9-a-468-d-5-color-1)\"><\/stop><stop offset=\"100%\" style=\"stop-opacity:1;stop-color:var(--linear-gradient-9-a-468-d-5-color-2)\"><\/stop><\/lineargradient><\/defs><\/svg><svg data-prefix=\"fas\" data-icon=\"chevron-down\" class=\"svg-inline--fa fa-chevron-down fa-w-14\" xmlns=\"http:\/\/www.w3.org\/2000\/svg\" viewbox=\"0 0 448 512\" aria-hidden=\"true\" width=\"32\" height=\"32\"><path fill=\"currentColor\" d=\"M207.029 381.476L12.686 187.132c-9.373-9.373-9.373-24.569 0-33.941l22.667-22.667c9.357-9.357 24.522-9.375 33.901-.04L224 284.505l154.745-154.021c9.379-9.335 24.544-9.317 33.901.04l22.667 22.667c9.373 9.373 9.373 24.569 0 33.941L240.971 381.476c-9.373 9.372-24.569 9.372-33.942 0z\"><\/path><\/svg><\/div><\/span><\/div>\n<\/div><\/div>\n<\/div><\/div><\/summary>\n\n\n\n<div class=\"wp-block-stackable-column stk-block-column stk-column stk-block stk-5222666 stk-block-accordion__content\" data-v=\"4\" data-block-id=\"5222666\"><div class=\"stk-column-wrapper stk-block-column__content stk-container stk-5222666-container stk--no-background stk--no-padding\"><div class=\"stk-block-content stk-inner-blocks stk-5222666-inner-blocks\">\n<ul class=\"wp-block-list\">\n<li>CB11 \u2013 Compr\u00e9hension syst\u00e9matique d\u2019un domaine d\u2019\u00e9tudes et ma\u00eetrise des comp\u00e9tences et des m\u00e9thodes de recherche li\u00e9es \u00e0 ce domaine.<\/li>\n\n\n\n<li>CB12 \u2013 Capacit\u00e9 \u00e0 concevoir, concevoir ou cr\u00e9er, mettre en \u0153uvre et adopter un processus de recherche ou de cr\u00e9ation substantiel.<\/li>\n\n\n\n<li>CB13 \u2013 Capacit\u00e9 \u00e0 contribuer \u00e0 \u00e9largir les fronti\u00e8res de la connaissance gr\u00e2ce \u00e0 des recherches originales.<\/li>\n\n\n\n<li>CB14 \u2013 Capacit\u00e9 \u00e0 effectuer une analyse critique, une \u00e9valuation et une synth\u00e8se d\u2019id\u00e9es nouvelles et complexes.<\/li>\n\n\n\n<li>CB15 \u2013 Capacit\u00e9 \u00e0 communiquer avec la communaut\u00e9 universitaire et scientifique et avec la soci\u00e9t\u00e9 en g\u00e9n\u00e9ral sur leurs domaines de connaissances dans les m\u00e9thodes et les langages couramment utilis\u00e9s dans leur communaut\u00e9 scientifique internationale.<\/li>\n\n\n\n<li>CB16 \u2013 Capacit\u00e9 \u00e0 promouvoir, dans des contextes acad\u00e9miques et professionnels, le progr\u00e8s scientifique, technologique, social, artistique ou culturel au sein d\u2019une soci\u00e9t\u00e9 fond\u00e9e sur le savoir.<\/li>\n<\/ul>\n<\/div><\/div><\/div>\n<\/details>\n\n\n\n<details class=\"wp-block-stackable-accordion stk-block-accordion stk-inner-blocks stk-block-content stk-block stk-269744c is-style-default\" id=\"complementos-de-formacion\" data-block-id=\"269744c\"><style>.stk-269744c {margin-bottom:11px !important;}<\/style>\n<summary class=\"wp-block-stackable-column stk-block-column stk-column stk-block stk-f352a66 stk-block-background stk--container-small stk-block-accordion__heading\" data-v=\"4\" data-block-id=\"f352a66\"><style>.stk-f352a66 {padding-top:2px !important;padding-right:2px !important;padding-bottom:2px !important;padding-left:2px !important;}<\/style><div class=\"stk-column-wrapper stk-block-column__content stk-container stk-f352a66-container stk--no-background stk--no-padding\"><div class=\"stk-block-content stk-inner-blocks stk-f352a66-inner-blocks\">\n<div class=\"wp-block-stackable-icon-label stk-block-icon-label stk-block stk-cef9962\" data-block-id=\"cef9962\"><div class=\"stk-row stk-inner-blocks stk-block-content\">\n<div class=\"wp-block-stackable-heading stk-block-heading stk-block-heading--v2 stk-block stk-2822238\" id=\"capacidades-y-destrezas-personales\" data-block-id=\"2822238\"><style>.stk-2822238 .stk-block-heading__text{color:#666666 !important;font-weight:700 !important;font-family:\"ArgentumSans\", Sans-serif !important;}<\/style><h4 class=\"stk-block-heading__text has-text-color\">Aptitudes et comp\u00e9tences personnelles<\/h4><\/div>\n\n\n\n<div class=\"wp-block-stackable-icon stk-block-icon stk-block stk-ebb4252\" data-block-id=\"ebb4252\"><span class=\"stk--svg-wrapper\"><div class=\"stk--inner-svg\"><svg style=\"height:0;width:0\"><defs><lineargradient id=\"linear-gradient-ebb4252\" x1=\"0\" x2=\"100%\" y1=\"0\" y2=\"0\"><stop offset=\"0%\" style=\"stop-opacity:1;stop-color:var(--linear-gradient-ebb-4252-color-1)\"><\/stop><stop offset=\"100%\" style=\"stop-opacity:1;stop-color:var(--linear-gradient-ebb-4252-color-2)\"><\/stop><\/lineargradient><\/defs><\/svg><svg data-prefix=\"fas\" data-icon=\"chevron-down\" class=\"svg-inline--fa fa-chevron-down fa-w-14\" xmlns=\"http:\/\/www.w3.org\/2000\/svg\" viewbox=\"0 0 448 512\" aria-hidden=\"true\" width=\"32\" height=\"32\"><path fill=\"currentColor\" d=\"M207.029 381.476L12.686 187.132c-9.373-9.373-9.373-24.569 0-33.941l22.667-22.667c9.357-9.357 24.522-9.375 33.901-.04L224 284.505l154.745-154.021c9.379-9.335 24.544-9.317 33.901.04l22.667 22.667c9.373 9.373 9.373 24.569 0 33.941L240.971 381.476c-9.373 9.372-24.569 9.372-33.942 0z\"><\/path><\/svg><\/div><\/span><\/div>\n<\/div><\/div>\n<\/div><\/div><\/summary>\n\n\n\n<div class=\"wp-block-stackable-column stk-block-column stk-column stk-block stk-8d57570 stk-block-accordion__content\" data-v=\"4\" data-block-id=\"8d57570\"><div class=\"stk-column-wrapper stk-block-column__content stk-container stk-8d57570-container stk--no-background stk--no-padding\"><div class=\"stk-block-content stk-inner-blocks stk-8d57570-inner-blocks\">\n<ul class=\"wp-block-list\">\n<li>CA01 \u2013 Op\u00e9rer dans des contextes o\u00f9 il y a peu d\u2019informations sp\u00e9cifiques.<\/li>\n\n\n\n<li>CA02 \u2013 Trouver les questions cl\u00e9s auxquelles il faut r\u00e9pondre pour r\u00e9soudre un probl\u00e8me complexe.<\/li>\n\n\n\n<li>CA03 \u2013 Concevoir, cr\u00e9er, d\u00e9velopper et entreprendre des projets novateurs et novateurs dans leur domaine de connaissances.<\/li>\n\n\n\n<li>CA04 \u2013 Travailler en \u00e9quipe et de mani\u00e8re autonome dans un contexte international ou multidisciplinaire.<\/li>\n\n\n\n<li>CA05 \u2013 Int\u00e9grer les connaissances, faire face \u00e0 la complexit\u00e9 et porter des jugements avec des informations limit\u00e9es.<\/li>\n\n\n\n<li>CA06 \u2013 Critique et d\u00e9fense intellectuelle des solutions<\/li>\n<\/ul>\n<\/div><\/div><\/div>\n<\/details>\n\n\n\n<details class=\"wp-block-stackable-accordion stk-block-accordion stk-inner-blocks stk-block-content stk-block stk-1893d1d is-style-default\" id=\"complementos-de-formacion\" data-block-id=\"1893d1d\"><style>.stk-1893d1d {margin-bottom:11px !important;}<\/style>\n<summary class=\"wp-block-stackable-column stk-block-column stk-column stk-block stk-572ba50 stk-block-background stk--container-small stk-block-accordion__heading\" data-v=\"4\" data-block-id=\"572ba50\"><style>.stk-572ba50 {padding-top:2px !important;padding-right:2px !important;padding-bottom:2px !important;padding-left:2px !important;}<\/style><div class=\"stk-column-wrapper stk-block-column__content stk-container stk-572ba50-container stk--no-background stk--no-padding\"><div class=\"stk-block-content stk-inner-blocks stk-572ba50-inner-blocks\">\n<div class=\"wp-block-stackable-icon-label stk-block-icon-label stk-block stk-fcb2298\" data-block-id=\"fcb2298\"><div class=\"stk-row stk-inner-blocks stk-block-content\">\n<div class=\"wp-block-stackable-heading stk-block-heading stk-block-heading--v2 stk-block stk-ecc88dd\" id=\"otras-competencias\" data-block-id=\"ecc88dd\"><style>.stk-ecc88dd .stk-block-heading__text{color:#666666 !important;font-weight:700 !important;font-family:\"ArgentumSans\", Sans-serif !important;}<\/style><h4 class=\"stk-block-heading__text has-text-color\">Autres comp\u00e9tences<\/h4><\/div>\n\n\n\n<div class=\"wp-block-stackable-icon stk-block-icon stk-block stk-a546e8c\" data-block-id=\"a546e8c\"><span class=\"stk--svg-wrapper\"><div class=\"stk--inner-svg\"><svg style=\"height:0;width:0\"><defs><lineargradient id=\"linear-gradient-a546e8c\" x1=\"0\" x2=\"100%\" y1=\"0\" y2=\"0\"><stop offset=\"0%\" style=\"stop-opacity:1;stop-color:var(--linear-gradient-a-546-e-8-c-color-1)\"><\/stop><stop offset=\"100%\" style=\"stop-opacity:1;stop-color:var(--linear-gradient-a-546-e-8-c-color-2)\"><\/stop><\/lineargradient><\/defs><\/svg><svg data-prefix=\"fas\" data-icon=\"chevron-down\" class=\"svg-inline--fa fa-chevron-down fa-w-14\" xmlns=\"http:\/\/www.w3.org\/2000\/svg\" viewbox=\"0 0 448 512\" aria-hidden=\"true\" width=\"32\" height=\"32\"><path fill=\"currentColor\" d=\"M207.029 381.476L12.686 187.132c-9.373-9.373-9.373-24.569 0-33.941l22.667-22.667c9.357-9.357 24.522-9.375 33.901-.04L224 284.505l154.745-154.021c9.379-9.335 24.544-9.317 33.901.04l22.667 22.667c9.373 9.373 9.373 24.569 0 33.941L240.971 381.476c-9.373 9.372-24.569 9.372-33.942 0z\"><\/path><\/svg><\/div><\/span><\/div>\n<\/div><\/div>\n<\/div><\/div><\/summary>\n\n\n\n<div class=\"wp-block-stackable-column stk-block-column stk-column stk-block stk-221465e stk-block-accordion__content\" data-v=\"4\" data-block-id=\"221465e\"><div class=\"stk-column-wrapper stk-block-column__content stk-container stk-221465e-container stk--no-background stk--no-padding\"><div class=\"stk-block-content stk-inner-blocks stk-221465e-inner-blocks\">\n<ul class=\"wp-block-list\">\n<li>CG0 \u2013 L\u2019acquisition de comp\u00e9tences suppl\u00e9mentaires n\u2019est pas envisag\u00e9e<\/li>\n<\/ul>\n<\/div><\/div><\/div>\n<\/details>\n<\/div><\/div><\/div>\n\n\n\n<div class=\"wp-block-stackable-column stk-block-column stk-column stk-block stk-53ec762 stk-block-background\" data-v=\"4\" data-block-id=\"53ec762\"><style>.stk-53ec762-inner-blocks{row-gap:0px !important;}.stk-53ec762 {background-color:var(--stk-global-color-60833, #5c068c) !important;padding-top:0px !important;padding-right:0px !important;padding-bottom:0px !important;padding-left:0px !important;}.stk-53ec762:before{background-color:var(--stk-global-color-60833, #5c068c) !important;}@media screen and (min-width: 768px){.stk-53ec762 {flex:var(--stk-flex-grow, 1) 1 33.3% !important;}}<\/style><div class=\"stk-column-wrapper stk-block-column__content stk-container stk-53ec762-container stk--no-background stk--no-padding\"><div class=\"stk-block-content stk-inner-blocks stk-53ec762-inner-blocks\">\n<div class=\"wp-block-stackable-heading stk-block-heading stk-block-heading--v2 stk-block stk-23581e5\" id=\"organizacion-del-programa\" data-block-id=\"23581e5\"><style>.stk-23581e5 {padding-top:10px !important;padding-right:10px !important;padding-bottom:10px !important;padding-left:10px !important;margin-bottom:0px !important;}.stk-23581e5 .stk-block-heading__text{font-size:16px !important;color:#ffffff !important;font-weight:800 !important;}@media screen and (max-width: 1023px){.stk-23581e5 .stk-block-heading__text{font-size:16px !important;}}<\/style><h2 class=\"stk-block-heading__text has-text-color\">Organisation du programme<\/h2><\/div>\n\n\n\n<div class=\"wp-block-stackable-button-group stk-block-button-group stk-block stk-6109c77\" data-block-id=\"6109c77\"><style>.stk-6109c77 .stk-button-group{flex-wrap:wrap !important;flex-direction:column !important;align-items:stretch !important;--stk-button-group-flex-wrap:auto !important;}.stk-6109c77 .stk-block{flex-basis:auto !important;}.stk-6109c77 .stk-block-button, .stk-6109c77 .stk-block-icon-button{flex:1 0 auto !important;}.stk-6109c77 .stk-button-group .stk-block-button{width:unset !important;}.stk-6109c77 {padding-left:0px !important;margin-bottom:0px !important;}.stk-6109c77 .stk-inner-blocks{column-gap:11px !important;row-gap:0px !important;}<\/style><div class=\"stk-row stk-inner-blocks has-text-align-left stk-block-content stk-button-group\">\n<div class=\"wp-block-stackable-button stk-block-button has-text-align-left stk-block stk-112bc87\" data-block-id=\"112bc87\"><style>.stk-112bc87 , .stk-112bc87 .stk-button{width:100% !important;}.stk-112bc87 {flex:1 0 var(--stk-button-group-flex-wrap, 0) !important;}.stk-112bc87 .stk-button{background:var(--stk-global-color-92696, #eeeeee) !important;}.stk-112bc87 .stk-button:before{border-style:solid !important;border-color:#ffffff !important;border-top-width:1px !important;border-right-width:0px !important;border-bottom-width:0px !important;border-left-width:0px !important;}.stk-112bc87 .stk-button .stk--inner-svg svg:last-child{margin-inline-start:100px !important;}.stk-112bc87 .stk-button__inner-text{font-size:16px !important;color:#5a5a5a !important;line-height:28px !important;font-weight:400 !important;font-family:\"Montserrat\", Sans-serif !important;}@media screen and (max-width: 1023px){.stk-112bc87 .stk-button__inner-text{font-size:16px !important;}}<\/style><a class=\"stk-link stk-button stk--hover-effect-darken\" href=\"https:\/\/www.ull.es\/doctorados\/educacion-extincion\/fr\/organizacion-del-programa\/actividades-formativas\/\" target=\"_blank\" rel=\"noopener\"><span class=\"has-text-color stk-button__inner-text\">Activit\u00e9s de formation<\/span><\/a><\/div>\n\n\n\n<div class=\"wp-block-stackable-button stk-block-button has-text-align-left stk-block stk-602a897\" data-block-id=\"602a897\"><style>.stk-602a897 {padding-left:5px !important;flex:1 0 var(--stk-button-group-flex-wrap, 0) !important;}.stk-602a897 , .stk-602a897 .stk-button{width:100% !important;}.stk-602a897 .stk-button{background:#dddddd !important;}.stk-602a897 .stk-button .stk--inner-svg svg:last-child{margin-inline-end:100px !important;}.stk-602a897 .stk-button__inner-text{font-size:16px !important;color:#5a5a5a !important;line-height:28px !important;font-weight:700 !important;font-family:\"Montserrat\", Sans-serif !important;}@media screen and (max-width: 1023px){.stk-602a897 .stk-button__inner-text{font-size:16px !important;}}<\/style><a class=\"stk-link stk-button stk--hover-effect-darken\" href=\"\" target=\"_blank\" rel=\"noopener\"><span class=\"has-text-color stk-button__inner-text\">Comp\u00e9tences<\/span><\/a><\/div>\n\n\n\n<div class=\"wp-block-stackable-button stk-block-button has-text-align-left stk-block stk-c2a1bc4\" data-block-id=\"c2a1bc4\"><style>.stk-c2a1bc4 , .stk-c2a1bc4 .stk-button{width:100% !important;}.stk-c2a1bc4 {flex:1 0 var(--stk-button-group-flex-wrap, 0) !important;}.stk-c2a1bc4 .stk-button{background:var(--stk-global-color-92696, #eeeeee) !important;}.stk-c2a1bc4 .stk-button:before{border-style:solid !important;border-color:#ffffff !important;border-top-width:1px !important;border-right-width:0px !important;border-bottom-width:0px !important;border-left-width:0px !important;}.stk-c2a1bc4 .stk-button .stk--inner-svg svg:last-child{margin-inline-start:100px !important;}.stk-c2a1bc4 .stk-button__inner-text{font-size:16px !important;color:#5a5a5a !important;line-height:28px !important;font-weight:400 !important;font-family:\"Montserrat\", Sans-serif !important;}@media screen and (max-width: 1023px){.stk-c2a1bc4 .stk-button__inner-text{font-size:16px !important;}}<\/style><a class=\"stk-link stk-button stk--hover-effect-darken\" href=\"https:\/\/www.ull.es\/doctorados\/educacion-extincion\/fr\/organizacion-del-programa\/lineas-de-investigacion\/\" target=\"_blank\" rel=\"noopener\"><span class=\"has-text-color stk-button__inner-text\">Lignes de recherche<\/span><\/a><\/div>\n\n\n\n<div class=\"wp-block-stackable-button stk-block-button has-text-align-left stk-block stk-c510372\" data-block-id=\"c510372\"><style>.stk-c510372 , .stk-c510372 .stk-button{width:100% !important;}.stk-c510372 {flex:1 0 var(--stk-button-group-flex-wrap, 0) !important;}.stk-c510372 .stk-button{background:var(--stk-global-color-92696, #eeeeee) !important;}.stk-c510372 .stk-button:before{border-style:solid !important;border-color:#ffffff !important;border-top-width:1px !important;border-right-width:0px !important;border-bottom-width:0px !important;border-left-width:0px !important;}.stk-c510372 .stk-button .stk--inner-svg svg:last-child{margin-inline-start:100px !important;}.stk-c510372 .stk-button__inner-text{font-size:16px !important;color:#5a5a5a !important;line-height:28px !important;font-weight:400 !important;font-family:\"Montserrat\", Sans-serif !important;}@media screen and (max-width: 1023px){.stk-c510372 .stk-button__inner-text{font-size:16px !important;}}<\/style><a class=\"stk-link stk-button stk--hover-effect-darken\" href=\"https:\/\/www.ull.es\/doctorados\/educacion-extincion\/fr\/organizacion-del-programa\/normativa-presentacion-lectura-tesis\/\" target=\"_blank\" rel=\"noopener\"><span class=\"has-text-color stk-button__inner-text\">R\u00e8glement de pr\u00e9sentation et de lecture de la th\u00e8se<\/span><\/a><\/div>\n\n\n\n<div class=\"wp-block-stackable-button stk-block-button has-text-align-left stk-block stk-232d8ea\" data-block-id=\"232d8ea\"><style>.stk-232d8ea , .stk-232d8ea .stk-button{width:100% !important;}.stk-232d8ea {flex:1 0 var(--stk-button-group-flex-wrap, 0) !important;}.stk-232d8ea .stk-button{background:var(--stk-global-color-92696, #eeeeee) !important;}.stk-232d8ea .stk-button:before{border-style:solid !important;border-color:#ffffff !important;border-top-width:1px !important;border-right-width:0px !important;border-bottom-width:0px !important;border-left-width:0px !important;}.stk-232d8ea .stk-button .stk--inner-svg svg:last-child{margin-inline-start:100px !important;}.stk-232d8ea .stk-button__inner-text{font-size:16px !important;color:#5a5a5a !important;line-height:28px !important;font-weight:400 !important;font-family:\"Montserrat\", Sans-serif !important;}@media screen and (max-width: 1023px){.stk-232d8ea .stk-button__inner-text{font-size:16px !important;}}<\/style><a class=\"stk-link stk-button stk--hover-effect-darken\" href=\"https:\/\/www.ull.es\/doctorados\/educacion-extincion\/fr\/organizacion-del-programa\/seguimiento-doctorando\/\" target=\"_blank\" rel=\"noopener\"><span class=\"has-text-color stk-button__inner-text\">Suivi du doctorant<\/span><\/a><\/div>\n\n\n\n<div class=\"wp-block-stackable-button stk-block-button has-text-align-left stk-block stk-1ae85c8\" data-block-id=\"1ae85c8\"><style>.stk-1ae85c8 , .stk-1ae85c8 .stk-button{width:100% !important;}.stk-1ae85c8 {flex:1 0 var(--stk-button-group-flex-wrap, 0) !important;}.stk-1ae85c8 .stk-button{background:var(--stk-global-color-92696, #eeeeee) !important;}.stk-1ae85c8 .stk-button:before{border-style:solid !important;border-color:#ffffff !important;border-top-width:1px !important;border-right-width:0px !important;border-bottom-width:0px !important;border-left-width:0px !important;}.stk-1ae85c8 .stk-button .stk--inner-svg svg:last-child{margin-inline-start:100px !important;}.stk-1ae85c8 .stk-button__inner-text{font-size:16px !important;color:#5a5a5a !important;line-height:28px !important;font-weight:400 !important;font-family:\"Montserrat\", Sans-serif !important;}@media screen and (max-width: 1023px){.stk-1ae85c8 .stk-button__inner-text{font-size:16px !important;}}<\/style><a class=\"stk-link stk-button stk--hover-effect-darken\" href=\"https:\/\/www.ull.es\/doctorados\/educacion-extincion\/fr\/organizacion-del-programa\/supervision-tesis\/\" target=\"_blank\" rel=\"noopener\"><span class=\"has-text-color stk-button__inner-text\">Encadrement de th\u00e8se<\/span><\/a><\/div>\n<\/div><\/div>\n<\/div><\/div><\/div>\n<\/div><\/div>","protected":false},"excerpt":{"rendered":"<p>Competencias Competencias B\u00e1sicas Capacidades y destrezas personales Otras competencias Organizaci\u00f3n del programa Actividades formativas Competencias L\u00edneas de investigaci\u00f3n Normativa de presentaci\u00f3n y lectura de tesis Seguimiento del doctorando Supervisi\u00f3n de tesis<\/p>","protected":false},"author":1,"featured_media":0,"parent":27,"menu_order":0,"comment_status":"closed","ping_status":"closed","template":"templates\/template-100-width.php","meta":{"_acf_changed":false,"footnotes":""},"class_list":["post-26","page","type-page","status-publish","hentry"],"acf":[],"publishpress_future_action":{"enabled":false,"date":"2026-04-22 01:13:18","action":"change-status","newStatus":"draft","terms":[],"taxonomy":"","extraData":[]},"publishpress_future_workflow_manual_trigger":{"enabledWorkflows":[]},"_links":{"self":[{"href":"https:\/\/www.ull.es\/doctorados\/educacion-extincion\/fr\/wp-json\/wp\/v2\/pages\/26","targetHints":{"allow":["GET"]}}],"collection":[{"href":"https:\/\/www.ull.es\/doctorados\/educacion-extincion\/fr\/wp-json\/wp\/v2\/pages"}],"about":[{"href":"https:\/\/www.ull.es\/doctorados\/educacion-extincion\/fr\/wp-json\/wp\/v2\/types\/page"}],"author":[{"embeddable":true,"href":"https:\/\/www.ull.es\/doctorados\/educacion-extincion\/fr\/wp-json\/wp\/v2\/users\/1"}],"replies":[{"embeddable":true,"href":"https:\/\/www.ull.es\/doctorados\/educacion-extincion\/fr\/wp-json\/wp\/v2\/comments?post=26"}],"version-history":[{"count":6,"href":"https:\/\/www.ull.es\/doctorados\/educacion-extincion\/fr\/wp-json\/wp\/v2\/pages\/26\/revisions"}],"predecessor-version":[{"id":286,"href":"https:\/\/www.ull.es\/doctorados\/educacion-extincion\/fr\/wp-json\/wp\/v2\/pages\/26\/revisions\/286"}],"up":[{"embeddable":true,"href":"https:\/\/www.ull.es\/doctorados\/educacion-extincion\/fr\/wp-json\/wp\/v2\/pages\/27"}],"wp:attachment":[{"href":"https:\/\/www.ull.es\/doctorados\/educacion-extincion\/fr\/wp-json\/wp\/v2\/media?parent=26"}],"curies":[{"name":"wp","href":"https:\/\/api.w.org\/{rel}","templated":true}]}}