{"id":82,"date":"2018-02-22T14:14:43","date_gmt":"2018-02-22T14:14:43","guid":{"rendered":"http:\/\/www.ull.es\/doctorados\/educacion-extincion\/?page_id=82"},"modified":"2025-05-20T11:55:16","modified_gmt":"2025-05-20T11:55:16","slug":"movilidad","status":"publish","type":"page","link":"https:\/\/www.ull.es\/doctorados\/educacion-extincion\/fr\/informacion-academica\/movilidad\/","title":{"rendered":"Mobilit\u00e9"},"content":{"rendered":"<div class=\"wp-block-stackable-columns stk-block-columns stk-block stk-8b59b96\" data-block-id=\"8b59b96\"><style>.stk-8b59b96 .stk--block-align-8b59b96{align-items:flex-start !important;}.stk-8b59b96-column{--stk-columns-spacing:0px !important;--stk-column-gap:50px !important;}<\/style><div class=\"stk-row stk-inner-blocks stk--block-align-8b59b96 stk-block-content stk-content-align stk-8b59b96-column\">\n<div class=\"wp-block-stackable-column stk-block-column stk-column stk-block stk-dbb7e15\" data-v=\"4\" data-block-id=\"dbb7e15\"><style>@media screen and (min-width: 768px){.stk-dbb7e15 {flex:var(--stk-flex-grow, 1) 1 66.7% !important;}}<\/style><div class=\"stk-column-wrapper stk-block-column__content stk-container stk-dbb7e15-container stk--no-background stk--no-padding\"><div class=\"stk-block-content stk-inner-blocks stk-dbb7e15-inner-blocks\">\n<div class=\"wp-block-stackable-heading stk-block-heading stk-block-heading--v2 stk-block stk-cc0239e\" id=\"complementos-de-formacion\" data-block-id=\"cc0239e\"><style>.stk-cc0239e .stk-block-heading__text{font-weight:500 !important;}<\/style><h1 class=\"stk-block-heading__text\">Mobilit\u00e9<\/h1><\/div>\n\n\n\n<div class=\"wp-block-stackable-text stk-block-text stk-block stk-4f43cd6\" data-block-id=\"4f43cd6\"><p class=\"stk-block-text__text\">Compte tenu du volume d&#039;accords de collaboration actuellement en vigueur \u00e0 la Facult\u00e9 des sciences de l&#039;\u00e9ducation de l&#039;ULL, il a \u00e9t\u00e9 jug\u00e9 pertinent d&#039;inclure les plus importants dans le document PDF (la taille du fichier d\u00e9passerait le total autoris\u00e9 par la candidature). Vous trouverez ci-dessous une liste d\u00e9taill\u00e9e de tous les accords en vigueur, y compris les accords de mobilit\u00e9 Erasmus sp\u00e9cifiques aux \u00e9tudes doctorales avec des universit\u00e9s europ\u00e9ennes. Des liens sont inclus pour une consultation d\u00e9taill\u00e9e.<\/p><\/div>\n\n\n\n<p><strong><u>Au niveau international :<\/u><\/strong><\/p>\n\n\n\n<p><a href=\"https:\/\/docs.google.com\/document\/d\/e\/2PACX-1vSmR2n7hSnEbUrP1CAuaQmGAeLLQeQ_C7StTssKbkRrmuG356xZd7ufxRlDhYtL4VTVJ_iabN4tFyHK\/pub\" target=\"_blank\" rel=\"noreferrer noopener\">Liste des accords de coop\u00e9ration avec la participation de la Facult\u00e9 d&#039;\u00e9ducation dans leurs annexes sp\u00e9cifiques sur la collaboration en recherche, les \u00e9changes et la mobilit\u00e9.<\/a><\/p>\n\n\n\n<p><strong>Accords ERASMUS de la Facult\u00e9 d&#039;\u00c9ducation avec liens vers le Doctorat<\/strong><\/p>\n\n\n\n<ul class=\"wp-block-list\">\n<li>ACAD\u00c9MIE P\u00c9DAGOGIQUE DE CRACOVIE (KRAKOWIE)<\/li>\n\n\n\n<li>UNIVERSIT\u00c9 ALEXANDRU IOAN CUZA-IASI<\/li>\n\n\n\n<li>UNIVERSIT\u00c9 \u00c7UKUROVA<\/li>\n<\/ul>\n\n\n\n<p><strong>Mobilit\u00e9<\/strong><\/p>\n\n\n\n<p>-Nombre d&#039;heures : 250<\/p>\n\n\n\n<p>-Description : Cette activit\u00e9 de formation consiste en un s\u00e9jour d&#039;une dur\u00e9e minimale de 3 mois, dans un autre centre de recherche national ou universit\u00e9 \u00e9trang\u00e8re. Cette derni\u00e8re exigence est prescriptive pour obtenir la mention de Docteur International.<\/p>\n\n\n\n<ul class=\"wp-block-list\">\n<li><strong>Titre de l&#039;activit\u00e9 :\u00a0<\/strong>Mobilit\u00e9<\/li>\n\n\n\n<li><strong>Langue(s) dans laquelle(s) il sera r\u00e9dig\u00e9 :<\/strong>\u00a0Espagnol\/Anglais\/<\/li>\n\n\n\n<li><strong>Dur\u00e9e de l&#039;activit\u00e9\u00a0<\/strong>(en nombre d&#039;heures) : 250 heures sur trois ou cinq ans, selon que l&#039;\u00e9tudiant \u00e9tudie \u00e0 temps plein ou \u00e0 temps partiel.<\/li>\n\n\n\n<li><strong>Justification de l&#039;activit\u00e9<\/strong>\u00a0(comp\u00e9tences \u00e0 acqu\u00e9rir par les \u00e9tudiants) :<\/li>\n<\/ul>\n\n\n\n<p>Cette activit\u00e9 de mobilit\u00e9 permettra aux \u00e9tudiants de d\u00e9velopper des comp\u00e9tences et des aptitudes pour faire face \u00e0 de nouvelles situations, tant acad\u00e9miques que personnelles, pour rencontrer d&#039;autres chercheurs et diff\u00e9rentes \u00e9quipes, et, par cons\u00e9quent, pour d\u00e9velopper leur capacit\u00e9 \u00e0 travailler de mani\u00e8re multidisciplinaire et dans d&#039;autres contextes universitaires. Cette activit\u00e9 de formation int\u00e8gre notamment un ensemble de comp\u00e9tences cl\u00e9s, mais favorisera plus particuli\u00e8rement le d\u00e9veloppement des comp\u00e9tences suivantes\u00a0:<\/p>\n\n\n\n<p>CB11 Compr\u00e9hension syst\u00e9matique d\u2019un domaine d\u2019\u00e9tudes et ma\u00eetrise des comp\u00e9tences et des m\u00e9thodes de recherche li\u00e9es \u00e0 ce domaine.<\/p>\n\n\n\n<p>CB15 Capacit\u00e9 \u00e0 communiquer avec la communaut\u00e9 acad\u00e9mique et scientifique et avec la soci\u00e9t\u00e9 en g\u00e9n\u00e9ral sur leurs domaines de connaissances dans les modes et langages couramment utilis\u00e9s dans leur communaut\u00e9 scientifique internationale.<\/p>\n\n\n\n<p>CB16 Capacit\u00e9 \u00e0 promouvoir, dans des contextes acad\u00e9miques et professionnels, le progr\u00e8s scientifique, technologique, social, artistique ou culturel au sein d&#039;une soci\u00e9t\u00e9 fond\u00e9e sur le savoir.<\/p>\n\n\n\n<p>CA03Concevoir, cr\u00e9er, d\u00e9velopper et entreprendre des projets nouveaux et innovants dans son domaine de connaissances.<\/p>\n\n\n\n<p>CA04 Travailler en \u00e9quipe et de mani\u00e8re autonome dans un contexte international ou multidisciplinaire.<\/p>\n\n\n\n<ul class=\"wp-block-list\">\n<li><strong>R\u00e9sultats d&#039;apprentissage :<\/strong><\/li>\n<\/ul>\n\n\n\n<p>D\u00e9montrer la capacit\u00e9 d\u2019int\u00e9grer et de travailler avec d\u2019autres groupes.<\/p>\n\n\n\n<p>\u00c9changer des connaissances et des r\u00e9sultats de recherche dans d\u2019autres contextes acad\u00e9miques.<\/p>\n\n\n\n<p>Exprimer des id\u00e9es et communiquer des processus et des r\u00e9sultats de recherche dans une autre langue.<\/p>\n\n\n\n<ul class=\"wp-block-list\">\n<li><strong>Contenu:<\/strong><\/li>\n<\/ul>\n\n\n\n<p>Les activit\u00e9s de mobilit\u00e9 visent \u00e0 promouvoir les \u00e9changes et la mobilit\u00e9 des \u00e9tudiants au sein du programme doctoral en \u00e9ducation, par le biais de programmes de mobilit\u00e9 et de bourses qui pourraient \u00eatre mis en place ou auxquels les \u00e9tudiants pourraient postuler. Plus pr\u00e9cis\u00e9ment, les objectifs suivants sont vis\u00e9s\u00a0:<\/p>\n\n\n\n<p>Faciliter des s\u00e9jours de plus d&#039;un mois et pas plus de six (sauf dans les cas o\u00f9 il existe un accord pr\u00e9alable pour r\u00e9aliser une partie de la th\u00e8se dans le centre de recherche d&#039;accueil) dans des centres de recherche \u00e9trangers de prestige reconnu, en r\u00e9alisant des travaux de recherche pertinents pour leur formation doctorale et le d\u00e9veloppement de la th\u00e8se de doctorat et qui permettent d&#039;enrichir les lignes de recherche des diff\u00e9rents groupes de recherche int\u00e9gr\u00e9s au programme.<\/p>\n<\/div><\/div><\/div>\n\n\n\n<div class=\"wp-block-stackable-column stk-block-column stk-column stk-block stk-53ec762 stk-block-background\" data-v=\"4\" data-block-id=\"53ec762\"><style>.stk-53ec762-inner-blocks{row-gap:0px !important;}.stk-53ec762 {background-color:var(--stk-global-color-60833, #5c068c) !important;padding-top:0px !important;padding-right:0px !important;padding-bottom:0px !important;padding-left:0px !important;}.stk-53ec762:before{background-color:var(--stk-global-color-60833, #5c068c) !important;}@media screen and (min-width: 768px){.stk-53ec762 {flex:var(--stk-flex-grow, 1) 1 33.3% !important;}}<\/style><div class=\"stk-column-wrapper stk-block-column__content stk-container stk-53ec762-container stk--no-background stk--no-padding\"><div class=\"stk-block-content stk-inner-blocks stk-53ec762-inner-blocks\">\n<div class=\"wp-block-stackable-heading stk-block-heading stk-block-heading--v2 stk-block stk-23581e5\" id=\"informacion-academica\" data-block-id=\"23581e5\"><style>.stk-23581e5 {padding-top:10px !important;padding-right:10px !important;padding-bottom:10px !important;padding-left:10px !important;margin-bottom:0px !important;}.stk-23581e5 .stk-block-heading__text{font-size:16px !important;color:#ffffff !important;font-weight:800 !important;}@media screen and (max-width: 1023px){.stk-23581e5 .stk-block-heading__text{font-size:16px !important;}}<\/style><h2 class=\"stk-block-heading__text has-text-color\">Informations acad\u00e9miques<\/h2><\/div>\n\n\n\n<div class=\"wp-block-stackable-button-group stk-block-button-group stk-block stk-6109c77\" data-block-id=\"6109c77\"><style>.stk-6109c77 .stk-button-group{flex-wrap:wrap !important;flex-direction:column !important;align-items:stretch !important;--stk-button-group-flex-wrap:auto !important;}.stk-6109c77 .stk-block{flex-basis:auto !important;}.stk-6109c77 .stk-block-button, .stk-6109c77 .stk-block-icon-button{flex:1 0 auto !important;}.stk-6109c77 .stk-button-group .stk-block-button{width:unset !important;}.stk-6109c77 {padding-left:0px !important;margin-bottom:0px !important;}.stk-6109c77 .stk-inner-blocks{column-gap:11px !important;row-gap:0px !important;}<\/style><div class=\"stk-row stk-inner-blocks has-text-align-left stk-block-content stk-button-group\">\n<div class=\"wp-block-stackable-button stk-block-button has-text-align-left stk-block stk-112bc87\" data-block-id=\"112bc87\"><style>.stk-112bc87 , .stk-112bc87 .stk-button{width:100% !important;}.stk-112bc87 {flex:1 0 var(--stk-button-group-flex-wrap, 0) !important;}.stk-112bc87 .stk-button{background:var(--stk-global-color-92696, #eeeeee) !important;}.stk-112bc87 .stk-button:before{border-style:solid !important;border-color:#ffffff !important;border-top-width:1px !important;border-right-width:0px !important;border-bottom-width:0px !important;border-left-width:0px !important;}.stk-112bc87 .stk-button .stk--inner-svg svg:last-child{margin-inline-start:100px !important;}.stk-112bc87 .stk-button__inner-text{font-size:16px !important;color:#5a5a5a !important;line-height:28px !important;font-weight:400 !important;font-family:\"Montserrat\", Sans-serif !important;}@media screen and (max-width: 1023px){.stk-112bc87 .stk-button__inner-text{font-size:16px !important;}}<\/style><a class=\"stk-link stk-button stk--hover-effect-darken\" href=\"https:\/\/www.ull.es\/doctorados\/educacion-extincion\/fr\/informacion-academica\/acceso-admision\/\" target=\"_blank\" rel=\"noopener\"><span class=\"has-text-color stk-button__inner-text\">Acc\u00e8s et admission<\/span><\/a><\/div>\n\n\n\n<div class=\"wp-block-stackable-button stk-block-button has-text-align-left stk-block stk-c510372\" data-block-id=\"c510372\"><style>.stk-c510372 , .stk-c510372 .stk-button{width:100% !important;}.stk-c510372 {flex:1 0 var(--stk-button-group-flex-wrap, 0) !important;}.stk-c510372 .stk-button{background:var(--stk-global-color-92696, #eeeeee) !important;}.stk-c510372 .stk-button:before{border-style:solid !important;border-color:#ffffff !important;border-top-width:1px !important;border-right-width:0px !important;border-bottom-width:0px !important;border-left-width:0px !important;}.stk-c510372 .stk-button .stk--inner-svg svg:last-child{margin-inline-start:100px !important;}.stk-c510372 .stk-button__inner-text{font-size:16px !important;color:#5a5a5a !important;line-height:28px !important;font-weight:400 !important;font-family:\"Montserrat\", Sans-serif !important;}@media screen and (max-width: 1023px){.stk-c510372 .stk-button__inner-text{font-size:16px !important;}}<\/style><a class=\"stk-link stk-button stk--hover-effect-darken\" href=\"https:\/\/www.ull.es\/doctorados\/educacion-extincion\/fr\/informacion-academica\/comision-coordinacion-academica\/\" target=\"_blank\" rel=\"noopener\"><span class=\"has-text-color stk-button__inner-text\">Commission et coordination acad\u00e9mique<\/span><\/a><\/div>\n\n\n\n<div class=\"wp-block-stackable-button stk-block-button has-text-align-left stk-block stk-c2a1bc4\" data-block-id=\"c2a1bc4\"><style>.stk-c2a1bc4 , .stk-c2a1bc4 .stk-button{width:100% !important;}.stk-c2a1bc4 {flex:1 0 var(--stk-button-group-flex-wrap, 0) !important;}.stk-c2a1bc4 .stk-button{background:var(--stk-global-color-92696, #eeeeee) !important;}.stk-c2a1bc4 .stk-button:before{border-style:solid !important;border-color:#ffffff !important;border-top-width:1px !important;border-right-width:0px !important;border-bottom-width:0px !important;border-left-width:0px !important;}.stk-c2a1bc4 .stk-button .stk--inner-svg svg:last-child{margin-inline-start:100px !important;}.stk-c2a1bc4 .stk-button__inner-text{font-size:16px !important;color:#5a5a5a !important;line-height:28px !important;font-weight:400 !important;font-family:\"Montserrat\", Sans-serif !important;}@media screen and (max-width: 1023px){.stk-c2a1bc4 .stk-button__inner-text{font-size:16px !important;}}<\/style><a class=\"stk-link stk-button stk--hover-effect-darken\" href=\"https:\/\/www.ull.es\/doctorados\/educacion-extincion\/fr\/informacion-academica\/descripcion-del-titulo\/\" target=\"_blank\" rel=\"noopener\"><span class=\"has-text-color stk-button__inner-text\">Description du titre<\/span><\/a><\/div>\n\n\n\n<div class=\"wp-block-stackable-button stk-block-button has-text-align-left stk-block stk-602a897\" data-block-id=\"602a897\"><style>.stk-602a897 {padding-left:5px !important;flex:1 0 var(--stk-button-group-flex-wrap, 0) !important;}.stk-602a897 , .stk-602a897 .stk-button{width:100% !important;}.stk-602a897 .stk-button{background:#dddddd !important;}.stk-602a897 .stk-button .stk--inner-svg svg:last-child{margin-inline-end:100px !important;}.stk-602a897 .stk-button__inner-text{font-size:16px !important;color:#5a5a5a !important;line-height:28px !important;font-weight:700 !important;font-family:\"Montserrat\", Sans-serif !important;}@media screen and (max-width: 1023px){.stk-602a897 .stk-button__inner-text{font-size:16px !important;}}<\/style><a class=\"stk-link stk-button stk--hover-effect-darken\" href=\"\" target=\"_blank\" rel=\"noopener\"><span class=\"has-text-color stk-button__inner-text\">Mobilit\u00e9<\/span><\/a><\/div>\n<\/div><\/div>\n<\/div><\/div><\/div>\n<\/div><\/div>","protected":false},"excerpt":{"rendered":"<p>Mobilit\u00e9 Compte tenu du nombre d&#039;accords de collaboration actuellement en vigueur \u00e0 la Facult\u00e9 d&#039;\u00e9ducation de l&#039;ULL, il a \u00e9t\u00e9 jug\u00e9 opportun d&#039;inclure les plus importants dans le document PDF (la taille du fichier d\u00e9passerait la limite autoris\u00e9e par l&#039;application), et une liste d\u00e9taill\u00e9e de l&#039;ensemble suit\u2026<\/p>","protected":false},"author":1,"featured_media":0,"parent":17,"menu_order":0,"comment_status":"closed","ping_status":"closed","template":"templates\/template-100-width.php","meta":{"_acf_changed":false,"footnotes":""},"class_list":["post-82","page","type-page","status-publish","hentry"],"acf":[],"publishpress_future_action":{"enabled":false,"date":"2026-04-19 07:08:25","action":"change-status","newStatus":"draft","terms":[],"taxonomy":"","extraData":[]},"publishpress_future_workflow_manual_trigger":{"enabledWorkflows":[]},"_links":{"self":[{"href":"https:\/\/www.ull.es\/doctorados\/educacion-extincion\/fr\/wp-json\/wp\/v2\/pages\/82","targetHints":{"allow":["GET"]}}],"collection":[{"href":"https:\/\/www.ull.es\/doctorados\/educacion-extincion\/fr\/wp-json\/wp\/v2\/pages"}],"about":[{"href":"https:\/\/www.ull.es\/doctorados\/educacion-extincion\/fr\/wp-json\/wp\/v2\/types\/page"}],"author":[{"embeddable":true,"href":"https:\/\/www.ull.es\/doctorados\/educacion-extincion\/fr\/wp-json\/wp\/v2\/users\/1"}],"replies":[{"embeddable":true,"href":"https:\/\/www.ull.es\/doctorados\/educacion-extincion\/fr\/wp-json\/wp\/v2\/comments?post=82"}],"version-history":[{"count":5,"href":"https:\/\/www.ull.es\/doctorados\/educacion-extincion\/fr\/wp-json\/wp\/v2\/pages\/82\/revisions"}],"predecessor-version":[{"id":282,"href":"https:\/\/www.ull.es\/doctorados\/educacion-extincion\/fr\/wp-json\/wp\/v2\/pages\/82\/revisions\/282"}],"up":[{"embeddable":true,"href":"https:\/\/www.ull.es\/doctorados\/educacion-extincion\/fr\/wp-json\/wp\/v2\/pages\/17"}],"wp:attachment":[{"href":"https:\/\/www.ull.es\/doctorados\/educacion-extincion\/fr\/wp-json\/wp\/v2\/media?parent=82"}],"curies":[{"name":"wp","href":"https:\/\/api.w.org\/{rel}","templated":true}]}}