{"id":86,"date":"2018-02-22T14:18:34","date_gmt":"2018-02-22T14:18:34","guid":{"rendered":"http:\/\/www.ull.es\/doctorados\/educacion-extincion\/?page_id=86"},"modified":"2025-05-20T12:32:22","modified_gmt":"2025-05-20T12:32:22","slug":"sistema-de-garantia-interna-de-calidad","status":"publish","type":"page","link":"https:\/\/www.ull.es\/doctorados\/educacion-extincion\/fr\/calidad\/sistema-de-garantia-interna-de-calidad\/","title":{"rendered":"Syst\u00e8me d&#039;assurance qualit\u00e9 interne"},"content":{"rendered":"<div class=\"wp-block-stackable-columns stk-block-columns stk-block stk-8b59b96\" data-block-id=\"8b59b96\"><style>.stk-8b59b96 .stk--block-align-8b59b96{align-items:flex-start !important;}.stk-8b59b96-column{--stk-columns-spacing:0px !important;--stk-column-gap:50px !important;}<\/style><div class=\"stk-row stk-inner-blocks stk--block-align-8b59b96 stk-block-content stk-content-align stk-8b59b96-column\">\n<div class=\"wp-block-stackable-column stk-block-column stk-column stk-block stk-dbb7e15\" data-v=\"4\" data-block-id=\"dbb7e15\"><style>@media screen and (min-width: 768px){.stk-dbb7e15 {flex:var(--stk-flex-grow, 1) 1 66.7% !important;}}<\/style><div class=\"stk-column-wrapper stk-block-column__content stk-container stk-dbb7e15-container stk--no-background stk--no-padding\"><div class=\"stk-block-content stk-inner-blocks stk-dbb7e15-inner-blocks\">\n<div class=\"wp-block-stackable-heading stk-block-heading stk-block-heading--v2 stk-block stk-cc0239e\" id=\"complementos-de-formacion\" data-block-id=\"cc0239e\"><style>.stk-cc0239e .stk-block-heading__text{font-weight:500 !important;}<\/style><h1 class=\"stk-block-heading__text\">Syst\u00e8me d&#039;assurance qualit\u00e9 interne<\/h1><\/div>\n\n\n\n<div class=\"wp-block-stackable-text stk-block-text stk-block stk-c5ba493\" data-block-id=\"c5ba493\"><p class=\"stk-block-text__text\"><strong>Syst\u00e8me d&#039;assurance qualit\u00e9 interne<\/strong><\/p><\/div>\n\n\n\n<p>Le Syst\u00e8me d&#039;Assurance Qualit\u00e9 Interne du Dipl\u00f4me (SAIC) (anciennement Syst\u00e8me d&#039;Assurance Qualit\u00e9 Interne -SGIC-) constitue l&#039;engagement de l&#039;universit\u00e9 dans l&#039;\u00e9tablissement et le d\u00e9ploiement de la culture de la qualit\u00e9 dans les programmes de formation, l&#039;am\u00e9lioration continue et la responsabilisation.<\/p>\n\n\n\n<p>Il comprend des proc\u00e9dures con\u00e7ues sur la base des crit\u00e8res et des lignes directrices en mati\u00e8re d\u2019assurance qualit\u00e9 \u00e9tablis dans l\u2019EEES (<a href=\"https:\/\/www.enqa.eu\/esg-standards-and-guidelines-for-quality-assurance-in-the-european-higher-education-area\/\" target=\"_blank\" rel=\"noreferrer noopener\">ESG, 2015<\/a>), dans les r\u00e9glementations nationales et d\u00e9velopp\u00e9es dans les programmes d\u2019\u00e9valuation des agences qualit\u00e9. Elles se concentrent sur les activit\u00e9s li\u00e9es \u00e0 la gestion, \u00e0 l\u2019analyse, \u00e0 la r\u00e9vision et \u00e0 l\u2019am\u00e9lioration des titres,&nbsp;<strong>Suivi et \u00e9valuation<\/strong>&nbsp;du corps \u00e9tudiant, le&nbsp;<strong>satisfaction et avis<\/strong>&nbsp;des groupes d\u2019int\u00e9r\u00eat, le&nbsp;<strong>insertion&nbsp;<\/strong><strong>travail<\/strong>&nbsp;des dipl\u00f4m\u00e9s, le&nbsp;<strong>coordination<\/strong>&nbsp;entre les universit\u00e9s, le cas \u00e9ch\u00e9ant, et les&nbsp;<strong>information<\/strong>&nbsp;<strong>publique<\/strong>, etc.<\/p>\n\n\n\n<p>Gr\u00e2ce aux m\u00e9canismes et proc\u00e9dures \u00e9tablis dans le SAIC et bas\u00e9s sur le R\u00e8glement des \u00e9tudes doctorales officielles \u00e0 l&#039;ULL, la collecte et l&#039;analyse continue des informations et des r\u00e9sultats pertinents \u00e0 la gestion efficace du dipl\u00f4me sont garanties, ainsi que la participation des&nbsp;<a href=\"https:\/\/drive.google.com\/file\/d\/1_n3Iax-W7ps4WAmP2yLyd3fHS-rktzu0\/view?usp=share_link\" target=\"_blank\" rel=\"noreferrer noopener\">groupes d&#039;int\u00e9r\u00eat<\/a>.<\/p>\n\n\n\n<p>Des informations sur chacune des proc\u00e9dures SAIC peuvent \u00eatre trouv\u00e9es dans les sections suivantes.<\/p>\n\n\n\n<details class=\"wp-block-stackable-accordion stk-block-accordion stk-inner-blocks stk-block-content stk-block stk-7c390cd is-style-default\" id=\"complementos-de-formacion\" data-block-id=\"7c390cd\"><style>.stk-7c390cd {margin-bottom:11px !important;}<\/style>\n<summary class=\"wp-block-stackable-column stk-block-column stk-column stk-block stk-c927805 stk-block-background stk--container-small stk-block-accordion__heading\" data-v=\"4\" data-block-id=\"c927805\"><style>.stk-c927805 {padding-top:2px !important;padding-right:2px !important;padding-bottom:2px !important;padding-left:2px !important;}<\/style><div class=\"stk-column-wrapper stk-block-column__content stk-container stk-c927805-container stk--no-background stk--no-padding\"><div class=\"stk-block-content stk-inner-blocks stk-c927805-inner-blocks\">\n<div class=\"wp-block-stackable-icon-label stk-block-icon-label stk-block stk-7935446\" data-block-id=\"7935446\"><div class=\"stk-row stk-inner-blocks stk-block-content\">\n<div class=\"wp-block-stackable-heading stk-block-heading stk-block-heading--v2 stk-block stk-31863c1\" id=\"procedimientos\" data-block-id=\"31863c1\"><style>.stk-31863c1 .stk-block-heading__text{color:#666666 !important;font-weight:700 !important;font-family:\"ArgentumSans\", Sans-serif !important;}<\/style><h4 class=\"stk-block-heading__text has-text-color\">Proc\u00e9dures<\/h4><\/div>\n\n\n\n<div class=\"wp-block-stackable-icon stk-block-icon stk-block stk-9a468d5\" data-block-id=\"9a468d5\"><span class=\"stk--svg-wrapper\"><div class=\"stk--inner-svg\"><svg style=\"height:0;width:0\"><defs><lineargradient id=\"linear-gradient-9a468d5\" x1=\"0\" x2=\"100%\" y1=\"0\" y2=\"0\"><stop offset=\"0%\" style=\"stop-opacity:1;stop-color:var(--linear-gradient-9-a-468-d-5-color-1)\"><\/stop><stop offset=\"100%\" style=\"stop-opacity:1;stop-color:var(--linear-gradient-9-a-468-d-5-color-2)\"><\/stop><\/lineargradient><\/defs><\/svg><svg data-prefix=\"fas\" data-icon=\"chevron-down\" class=\"svg-inline--fa fa-chevron-down fa-w-14\" xmlns=\"http:\/\/www.w3.org\/2000\/svg\" viewbox=\"0 0 448 512\" aria-hidden=\"true\" width=\"32\" height=\"32\"><path fill=\"currentColor\" d=\"M207.029 381.476L12.686 187.132c-9.373-9.373-9.373-24.569 0-33.941l22.667-22.667c9.357-9.357 24.522-9.375 33.901-.04L224 284.505l154.745-154.021c9.379-9.335 24.544-9.317 33.901.04l22.667 22.667c9.373 9.373 9.373 24.569 0 33.941L240.971 381.476c-9.373 9.372-24.569 9.372-33.942 0z\"><\/path><\/svg><\/div><\/span><\/div>\n<\/div><\/div>\n<\/div><\/div><\/summary>\n\n\n\n<div class=\"wp-block-stackable-column stk-block-column stk-column stk-block stk-5222666 stk-block-accordion__content\" data-v=\"4\" data-block-id=\"5222666\"><div class=\"stk-column-wrapper stk-block-column__content stk-container stk-5222666-container stk--no-background stk--no-padding\"><div class=\"stk-block-content stk-inner-blocks stk-5222666-inner-blocks\">\n<div class=\"wp-block-stackable-text stk-block-text stk-block stk-8866a8d\" data-block-id=\"8866a8d\"><p class=\"stk-block-text__text\">Les proc\u00e9dures \u00e9tablies dans le SAIC du titre, li\u00e9es \u00e0 diff\u00e9rents aspects de la gestion, de l&#039;\u00e9valuation et de l&#039;am\u00e9lioration des programmes de formation, sont d\u00e9taill\u00e9es ci-dessous :<\/p><\/div>\n\n\n\n<ul class=\"wp-block-list\">\n<li>\u00c9valuation et qualit\u00e9 des qualifications officielles (cadre VSMA) :\n<ul class=\"wp-block-list\">\n<li><a href=\"https:\/\/drive.google.com\/file\/d\/1IAFJgLcIb2-mrBQQWaqqsqDSKkvL_he2\/view?usp=sharing\" target=\"_blank\" rel=\"noreferrer noopener\">SUB_PR-1 Conception et v\u00e9rification des titres officiels<\/a><\/li>\n\n\n\n<li><a href=\"https:\/\/drive.google.com\/file\/d\/12SRqcmtQxEqSCUDHRtsCErS6KVDNBFsZ\/view?usp=sharing\" target=\"_blank\" rel=\"noreferrer noopener\">SUB_PR-2 Suivi, modification et accr\u00e9ditation des dipl\u00f4mes officiels<\/a><\/li>\n\n\n\n<li><a href=\"https:\/\/drive.google.com\/file\/d\/1bz6HSBSldJG-khhL-5-L1I5JregSxXFw\/view?usp=sharing\" target=\"_blank\" rel=\"noreferrer noopener\">SUB_PR-3 Extinction des titres officiels<\/a><\/li>\n\n\n\n<li><a href=\"https:\/\/drive.google.com\/file\/d\/1vb_mWaQ6xEg9qQ-K0-CYPMmY7IcX_L7l\/view?usp=sharing\" target=\"_blank\" rel=\"noreferrer noopener\">RP-Coordination interuniversitaire<\/a><\/li>\n<\/ul>\n<\/li>\n\n\n\n<li>D\u00e9veloppement et \u00e9valuation\n<ul class=\"wp-block-list\">\n<li><a href=\"https:\/\/drive.google.com\/file\/d\/16pGyMRGRTYD6eTOTTiq6jT9fyJIuinOc\/view?usp=sharing\" target=\"_blank\" rel=\"noreferrer noopener\">RP-D\u00e9veloppement, Suivi et Evaluation des Doctorants<\/a><\/li>\n\n\n\n<li><a href=\"https:\/\/drive.google.com\/file\/d\/1snX4mcYRZkzzOQ2dG_YsUANFPpxd6yLC\/view?usp=sharing\" target=\"_blank\" rel=\"noreferrer noopener\">RP-Gestion des programmes de mobilit\u00e9 \u00e9tudiante<\/a><\/li>\n<\/ul>\n<\/li>\n\n\n\n<li>Gestion de l&#039;information et des r\u00e9sultats :\n<ul class=\"wp-block-list\">\n<li><a href=\"https:\/\/drive.google.com\/file\/d\/1dSejYAievKMcNHGCuf-RE-O6ACsV2NX_\/view?usp=sharing\" target=\"_blank\" rel=\"noreferrer noopener\">PR-Placement professionnel des dipl\u00f4m\u00e9s<\/a><\/li>\n\n\n\n<li><a href=\"https:\/\/drive.google.com\/file\/d\/1oMZCSw_v9mHY2PTwttCWDaYiU-1F9LXI\/view?usp=sharing\" target=\"_blank\" rel=\"noreferrer noopener\">Relations publiques \u2013 Satisfaction des parties prenantes<\/a><\/li>\n\n\n\n<li><a href=\"https:\/\/drive.google.com\/file\/d\/1cbp6P5hIZPOwsZiM7zg4rzkJ4qfzWHmL\/view?usp=sharing\" target=\"_blank\" rel=\"noreferrer noopener\">PR-Attention aux r\u00e9clamations, plaintes et suggestions<\/a><\/li>\n\n\n\n<li><a href=\"https:\/\/drive.google.com\/file\/d\/14VNWuDax6hlK3f111FcjhOULFMTqi1Ay\/view?usp=sharing\" target=\"_blank\" rel=\"noreferrer noopener\">RP-Information publique\u00a0<\/a><\/li>\n<\/ul>\n<\/li>\n<\/ul>\n<\/div><\/div><\/div>\n<\/details>\n<\/div><\/div><\/div>\n\n\n\n<div class=\"wp-block-stackable-column stk-block-column stk-column stk-block stk-53ec762 stk-block-background\" data-v=\"4\" data-block-id=\"53ec762\"><style>.stk-53ec762-inner-blocks{row-gap:0px !important;}.stk-53ec762 {background-color:var(--stk-global-color-60833, #5c068c) !important;padding-top:0px !important;padding-right:0px !important;padding-bottom:0px !important;padding-left:0px !important;}.stk-53ec762:before{background-color:var(--stk-global-color-60833, #5c068c) !important;}@media screen and (min-width: 768px){.stk-53ec762 {flex:var(--stk-flex-grow, 1) 1 33.3% !important;}}<\/style><div class=\"stk-column-wrapper stk-block-column__content stk-container stk-53ec762-container stk--no-background stk--no-padding\"><div class=\"stk-block-content stk-inner-blocks stk-53ec762-inner-blocks\">\n<div class=\"wp-block-stackable-heading stk-block-heading stk-block-heading--v2 stk-block stk-23581e5\" id=\"informacion-academica\" data-block-id=\"23581e5\"><style>.stk-23581e5 {padding-top:10px !important;padding-right:10px !important;padding-bottom:10px !important;padding-left:10px !important;margin-bottom:0px !important;}.stk-23581e5 .stk-block-heading__text{font-size:16px !important;color:#ffffff !important;font-weight:800 !important;}@media screen and (max-width: 1023px){.stk-23581e5 .stk-block-heading__text{font-size:16px !important;}}<\/style><h2 class=\"stk-block-heading__text has-text-color\">Informations acad\u00e9miques<\/h2><\/div>\n\n\n\n<div class=\"wp-block-stackable-button-group stk-block-button-group stk-block stk-6109c77\" data-block-id=\"6109c77\"><style>.stk-6109c77 .stk-button-group{flex-wrap:wrap !important;flex-direction:column !important;align-items:stretch !important;--stk-button-group-flex-wrap:auto !important;}.stk-6109c77 .stk-block{flex-basis:auto !important;}.stk-6109c77 .stk-block-button, .stk-6109c77 .stk-block-icon-button{flex:1 0 auto !important;}.stk-6109c77 .stk-button-group .stk-block-button{width:unset !important;}.stk-6109c77 {padding-left:0px !important;margin-bottom:0px !important;}.stk-6109c77 .stk-inner-blocks{column-gap:11px !important;row-gap:0px !important;}<\/style><div class=\"stk-row stk-inner-blocks has-text-align-left stk-block-content stk-button-group\">\n<div class=\"wp-block-stackable-button stk-block-button has-text-align-left stk-block stk-112bc87\" data-block-id=\"112bc87\"><style>.stk-112bc87 , .stk-112bc87 .stk-button{width:100% !important;}.stk-112bc87 {flex:1 0 var(--stk-button-group-flex-wrap, 0) !important;}.stk-112bc87 .stk-button{background:var(--stk-global-color-92696, #eeeeee) !important;}.stk-112bc87 .stk-button:before{border-style:solid !important;border-color:#ffffff !important;border-top-width:1px !important;border-right-width:0px !important;border-bottom-width:0px !important;border-left-width:0px !important;}.stk-112bc87 .stk-button .stk--inner-svg svg:last-child{margin-inline-start:100px !important;}.stk-112bc87 .stk-button__inner-text{font-size:16px !important;color:#5a5a5a !important;line-height:28px !important;font-weight:400 !important;font-family:\"Montserrat\", Sans-serif !important;}@media screen and (max-width: 1023px){.stk-112bc87 .stk-button__inner-text{font-size:16px !important;}}<\/style><a class=\"stk-link stk-button stk--hover-effect-darken\" href=\"https:\/\/www.ull.es\/doctorados\/educacion-extincion\/fr\/doctorados\/arte-humanidades\/calidad\/sistema-de-garantia-interna-de-calidad\/\" target=\"_blank\" rel=\"noopener\"><span class=\"has-text-color stk-button__inner-text\">Documentation d&#039;\u00e9valuation du titre<\/span><\/a><\/div>\n\n\n\n<div class=\"wp-block-stackable-button stk-block-button has-text-align-left stk-block stk-c510372\" data-block-id=\"c510372\"><style>.stk-c510372 , .stk-c510372 .stk-button{width:100% !important;}.stk-c510372 {flex:1 0 var(--stk-button-group-flex-wrap, 0) !important;}.stk-c510372 .stk-button{background:var(--stk-global-color-92696, #eeeeee) !important;}.stk-c510372 .stk-button:before{border-style:solid !important;border-color:#ffffff !important;border-top-width:1px !important;border-right-width:0px !important;border-bottom-width:0px !important;border-left-width:0px !important;}.stk-c510372 .stk-button .stk--inner-svg svg:last-child{margin-inline-start:100px !important;}.stk-c510372 .stk-button__inner-text{font-size:16px !important;color:#5a5a5a !important;line-height:28px !important;font-weight:400 !important;font-family:\"Montserrat\", Sans-serif !important;}@media screen and (max-width: 1023px){.stk-c510372 .stk-button__inner-text{font-size:16px !important;}}<\/style><a class=\"stk-link stk-button stk--hover-effect-darken\" href=\"https:\/\/www.ull.es\/doctorados\/educacion-extincion\/fr\/doctorados\/arte-humanidades\/calidad\/indicadores-y-resultados-del-titulo\/\" target=\"_blank\" rel=\"noopener\"><span class=\"has-text-color stk-button__inner-text\">Indicateurs et r\u00e9sultats du titre<\/span><\/a><\/div>\n\n\n\n<div class=\"wp-block-stackable-button stk-block-button has-text-align-left stk-block stk-c2a1bc4\" data-block-id=\"c2a1bc4\"><style>.stk-c2a1bc4 , .stk-c2a1bc4 .stk-button{width:100% !important;}.stk-c2a1bc4 {flex:1 0 var(--stk-button-group-flex-wrap, 0) !important;}.stk-c2a1bc4 .stk-button{background:var(--stk-global-color-92696, #eeeeee) !important;}.stk-c2a1bc4 .stk-button:before{border-style:solid !important;border-color:#ffffff !important;border-top-width:1px !important;border-right-width:0px !important;border-bottom-width:0px !important;border-left-width:0px !important;}.stk-c2a1bc4 .stk-button .stk--inner-svg svg:last-child{margin-inline-start:100px !important;}.stk-c2a1bc4 .stk-button__inner-text{font-size:16px !important;color:#5a5a5a !important;line-height:28px !important;font-weight:400 !important;font-family:\"Montserrat\", Sans-serif !important;}@media screen and (max-width: 1023px){.stk-c2a1bc4 .stk-button__inner-text{font-size:16px !important;}}<\/style><a class=\"stk-link stk-button stk--hover-effect-darken\" href=\"https:\/\/www.ull.es\/doctorados\/educacion-extincion\/fr\/doctorados\/arte-humanidades\/calidad\/reclamaciones-quejas-y-sugerencias\/\" target=\"_blank\" rel=\"noopener\"><span class=\"has-text-color stk-button__inner-text\">R\u00e9clamations, plaintes et suggestions<\/span><\/a><\/div>\n\n\n\n<div class=\"wp-block-stackable-button stk-block-button has-text-align-left stk-block stk-602a897\" data-block-id=\"602a897\"><style>.stk-602a897 {padding-left:5px !important;flex:1 0 var(--stk-button-group-flex-wrap, 0) !important;}.stk-602a897 , .stk-602a897 .stk-button{width:100% !important;}.stk-602a897 .stk-button{background:#dddddd !important;}.stk-602a897 .stk-button .stk--inner-svg svg:last-child{margin-inline-end:100px !important;}.stk-602a897 .stk-button__inner-text{font-size:16px !important;color:#5a5a5a !important;line-height:28px !important;font-weight:700 !important;font-family:\"Montserrat\", Sans-serif !important;}@media screen and (max-width: 1023px){.stk-602a897 .stk-button__inner-text{font-size:16px !important;}}<\/style><a class=\"stk-link stk-button stk--hover-effect-darken\" href=\"https:\/\/www.ull.es\/doctorados\/educacion-extincion\/fr\/admision-becas\/ebau\/\" target=\"_blank\" rel=\"noopener\"><span class=\"has-text-color stk-button__inner-text\">Syst\u00e8me d&#039;assurance qualit\u00e9 interne<\/span><\/a><\/div>\n<\/div><\/div>\n<\/div><\/div><\/div>\n<\/div><\/div>","protected":false},"excerpt":{"rendered":"<p>Syst\u00e8me interne d\u2019assurance qualit\u00e9 Le Syst\u00e8me interne d\u2019assurance qualit\u00e9 pour le dipl\u00f4me (SAIC) (anciennement Syst\u00e8me interne d\u2019assurance qualit\u00e9 \u2013 SGIC \u2013) constitue l\u2019engagement de l\u2019universit\u00e9 \u00e0 \u00e9tablir et \u00e0 d\u00e9ployer une culture de qualit\u00e9 dans les programmes \u00e9ducatifs, l\u2019am\u00e9lioration continue et\u2026<\/p>","protected":false},"author":1,"featured_media":0,"parent":84,"menu_order":0,"comment_status":"closed","ping_status":"closed","template":"templates\/template-100-width.php","meta":{"_acf_changed":false,"footnotes":""},"class_list":["post-86","page","type-page","status-publish","hentry"],"acf":[],"publishpress_future_action":{"enabled":false,"date":"2026-04-19 21:07:42","action":"change-status","newStatus":"draft","terms":[],"taxonomy":"","extraData":[]},"publishpress_future_workflow_manual_trigger":{"enabledWorkflows":[]},"_links":{"self":[{"href":"https:\/\/www.ull.es\/doctorados\/educacion-extincion\/fr\/wp-json\/wp\/v2\/pages\/86","targetHints":{"allow":["GET"]}}],"collection":[{"href":"https:\/\/www.ull.es\/doctorados\/educacion-extincion\/fr\/wp-json\/wp\/v2\/pages"}],"about":[{"href":"https:\/\/www.ull.es\/doctorados\/educacion-extincion\/fr\/wp-json\/wp\/v2\/types\/page"}],"author":[{"embeddable":true,"href":"https:\/\/www.ull.es\/doctorados\/educacion-extincion\/fr\/wp-json\/wp\/v2\/users\/1"}],"replies":[{"embeddable":true,"href":"https:\/\/www.ull.es\/doctorados\/educacion-extincion\/fr\/wp-json\/wp\/v2\/comments?post=86"}],"version-history":[{"count":6,"href":"https:\/\/www.ull.es\/doctorados\/educacion-extincion\/fr\/wp-json\/wp\/v2\/pages\/86\/revisions"}],"predecessor-version":[{"id":298,"href":"https:\/\/www.ull.es\/doctorados\/educacion-extincion\/fr\/wp-json\/wp\/v2\/pages\/86\/revisions\/298"}],"up":[{"embeddable":true,"href":"https:\/\/www.ull.es\/doctorados\/educacion-extincion\/fr\/wp-json\/wp\/v2\/pages\/84"}],"wp:attachment":[{"href":"https:\/\/www.ull.es\/doctorados\/educacion-extincion\/fr\/wp-json\/wp\/v2\/media?parent=86"}],"curies":[{"name":"wp","href":"https:\/\/api.w.org\/{rel}","templated":true}]}}