{"id":88,"date":"2018-02-22T14:20:39","date_gmt":"2018-02-22T14:20:39","guid":{"rendered":"http:\/\/www.ull.es\/doctorados\/educacion-extincion\/?page_id=88"},"modified":"2025-05-20T12:27:10","modified_gmt":"2025-05-20T12:27:10","slug":"documentacion-evaluacion-titulo","status":"publish","type":"page","link":"https:\/\/www.ull.es\/doctorados\/educacion-extincion\/fr\/calidad\/documentacion-evaluacion-titulo\/","title":{"rendered":"Documentation d&#039;\u00e9valuation du titre"},"content":{"rendered":"<div class=\"wp-block-stackable-columns stk-block-columns stk-block stk-8b59b96\" data-block-id=\"8b59b96\"><style>.stk-8b59b96 .stk--block-align-8b59b96{align-items:flex-start !important;}.stk-8b59b96-column{--stk-columns-spacing:0px !important;--stk-column-gap:50px !important;}<\/style><div class=\"stk-row stk-inner-blocks stk--block-align-8b59b96 stk-block-content stk-content-align stk-8b59b96-column\">\n<div class=\"wp-block-stackable-column stk-block-column stk-column stk-block stk-dbb7e15\" data-v=\"4\" data-block-id=\"dbb7e15\"><style>@media screen and (min-width: 768px){.stk-dbb7e15 {flex:var(--stk-flex-grow, 1) 1 66.7% !important;}}<\/style><div class=\"stk-column-wrapper stk-block-column__content stk-container stk-dbb7e15-container stk--no-background stk--no-padding\"><div class=\"stk-block-content stk-inner-blocks stk-dbb7e15-inner-blocks\">\n<div class=\"wp-block-stackable-heading stk-block-heading stk-block-heading--v2 stk-block stk-cc0239e\" id=\"complementos-de-formacion\" data-block-id=\"cc0239e\"><style>.stk-cc0239e .stk-block-heading__text{font-weight:500 !important;}<\/style><h1 class=\"stk-block-heading__text\">Documentation d&#039;\u00e9valuation du titre<\/h1><\/div>\n\n\n\n<div class=\"wp-block-stackable-text stk-block-text stk-block stk-c5ba493\" data-block-id=\"c5ba493\"><p class=\"stk-block-text__text\">Les dipl\u00f4mes officiels de Licence, Master et Doctorat sont soumis \u00e0 un mod\u00e8le d&#039;\u00e9valuation divis\u00e9 en trois phases qui composent leur cycle de vie (cycle VSMA) : ex ante (V\u00e9rification), pendant (Contr\u00f4le et Modification) et ex post (renouvellement de l&#039;Accr\u00e9ditation). Ce processus d\u2019\u00e9valuation, de r\u00e9vision et d\u2019am\u00e9lioration est r\u00e9alis\u00e9 dans le but de garantir la qualit\u00e9 des qualifications et de garantir qu\u2019elles r\u00e9pondent aux exigences et aux crit\u00e8res \u00e9tablis dans le cadre de l\u2019Espace europ\u00e9en de l\u2019enseignement sup\u00e9rieur (EEES).<\/p><\/div>\n\n\n\n<p>Le mod\u00e8le est inclus dans le&nbsp;<a href=\"https:\/\/www.boe.es\/buscar\/act.php?id=BOE-A-2023-7500\" target=\"_blank\" rel=\"noreferrer noopener\">Loi organique 2\/2023<\/a>, du Syst\u00e8me Universitaire (LOSU) et dans les D\u00e9crets Royaux de r\u00e9glementation de l&#039;enseignement universitaire : fondamentalement, la&nbsp;<a href=\"https:\/\/www.boe.es\/buscar\/act.php?id=BOE-A-2021-15781\" target=\"_blank\" rel=\"noreferrer noopener\">D\u00e9cret royal 822\/2021<\/a>, qui \u00e9tablit l\u2019organisation de l\u2019enseignement universitaire et la proc\u00e9dure visant \u00e0 assurer sa qualit\u00e9 ; il&nbsp;<a href=\"https:\/\/www.boe.es\/buscar\/act.php?id=BOE-A-2011-2541\" target=\"_blank\" rel=\"noreferrer noopener\">D\u00e9cret royal 99\/2011<\/a>, qui r\u00e9glemente les \u00e9tudes doctorales officielles et la&nbsp;<a href=\"https:\/\/www.boe.es\/buscar\/act.php?id=BOE-A-2021-12613\" target=\"_blank\" rel=\"noreferrer noopener\">D\u00e9cret royal 640\/2021<\/a>, pour la cr\u00e9ation, la reconnaissance et l&#039;autorisation des universit\u00e9s et des centres universitaires, et l&#039;accr\u00e9ditation institutionnelle des centres universitaires.<\/p>\n\n\n\n<p>La documentation officielle des processus d&#039;\u00e9valuation des dipl\u00f4mes qui certifient le respect des normes de qualit\u00e9 peut \u00eatre consult\u00e9e dans les sections suivantes.<\/p>\n\n\n\n<details class=\"wp-block-stackable-accordion stk-block-accordion stk-inner-blocks stk-block-content stk-block stk-7c390cd is-style-default\" id=\"complementos-de-formacion\" data-block-id=\"7c390cd\"><style>.stk-7c390cd {margin-bottom:11px !important;}<\/style>\n<summary class=\"wp-block-stackable-column stk-block-column stk-column stk-block stk-c927805 stk-block-background stk--container-small stk-block-accordion__heading\" data-v=\"4\" data-block-id=\"c927805\"><style>.stk-c927805 {padding-top:2px !important;padding-right:2px !important;padding-bottom:2px !important;padding-left:2px !important;}<\/style><div class=\"stk-column-wrapper stk-block-column__content stk-container stk-c927805-container stk--no-background stk--no-padding\"><div class=\"stk-block-content stk-inner-blocks stk-c927805-inner-blocks\">\n<div class=\"wp-block-stackable-icon-label stk-block-icon-label stk-block stk-7935446\" data-block-id=\"7935446\"><div class=\"stk-row stk-inner-blocks stk-block-content\">\n<div class=\"wp-block-stackable-heading stk-block-heading stk-block-heading--v2 stk-block stk-31863c1\" id=\"verificacion-modificacion\" data-block-id=\"31863c1\"><style>.stk-31863c1 .stk-block-heading__text{color:#666666 !important;font-weight:700 !important;font-family:\"ArgentumSans\", Sans-serif !important;}<\/style><h4 class=\"stk-block-heading__text has-text-color\">V\u00e9rification\/Modification<\/h4><\/div>\n\n\n\n<div class=\"wp-block-stackable-icon stk-block-icon stk-block stk-9a468d5\" data-block-id=\"9a468d5\"><span class=\"stk--svg-wrapper\"><div class=\"stk--inner-svg\"><svg style=\"height:0;width:0\"><defs><lineargradient id=\"linear-gradient-9a468d5\" x1=\"0\" x2=\"100%\" y1=\"0\" y2=\"0\"><stop offset=\"0%\" style=\"stop-opacity:1;stop-color:var(--linear-gradient-9-a-468-d-5-color-1)\"><\/stop><stop offset=\"100%\" style=\"stop-opacity:1;stop-color:var(--linear-gradient-9-a-468-d-5-color-2)\"><\/stop><\/lineargradient><\/defs><\/svg><svg data-prefix=\"fas\" data-icon=\"chevron-down\" class=\"svg-inline--fa fa-chevron-down fa-w-14\" xmlns=\"http:\/\/www.w3.org\/2000\/svg\" viewbox=\"0 0 448 512\" aria-hidden=\"true\" width=\"32\" height=\"32\"><path fill=\"currentColor\" d=\"M207.029 381.476L12.686 187.132c-9.373-9.373-9.373-24.569 0-33.941l22.667-22.667c9.357-9.357 24.522-9.375 33.901-.04L224 284.505l154.745-154.021c9.379-9.335 24.544-9.317 33.901.04l22.667 22.667c9.373 9.373 9.373 24.569 0 33.941L240.971 381.476c-9.373 9.372-24.569 9.372-33.942 0z\"><\/path><\/svg><\/div><\/span><\/div>\n<\/div><\/div>\n<\/div><\/div><\/summary>\n\n\n\n<div class=\"wp-block-stackable-column stk-block-column stk-column stk-block stk-5222666 stk-block-accordion__content\" data-v=\"4\" data-block-id=\"5222666\"><div class=\"stk-column-wrapper stk-block-column__content stk-container stk-5222666-container stk--no-background stk--no-padding\"><div class=\"stk-block-content stk-inner-blocks stk-5222666-inner-blocks\">\n<div class=\"wp-block-stackable-text stk-block-text stk-block stk-8866a8d\" data-block-id=\"8866a8d\"><p class=\"stk-block-text__text\"><strong>Rapport de v\u00e9rification\/modification<\/strong><\/p><\/div>\n\n\n\n<ul class=\"wp-block-list\">\n<li><a href=\"https:\/\/drive.google.com\/open?id=0Bxi8Rp1_THQzdDRjSDRaTnFCNDg\" target=\"_blank\" rel=\"noreferrer noopener\">Th\u00e8se de doctorat en \u00e9ducation<\/a><\/li>\n\n\n\n<li><a href=\"https:\/\/www.educacion.gob.es\/ruct\/estudiouniversidad.action?codigoCiclo=SC&amp;codigoEstudio=5601047&amp;actual=universidad\" target=\"_blank\" rel=\"noreferrer noopener\">Lien vers le Registre des Universit\u00e9s, Centres et Dipl\u00f4mes (RUCT)<\/a><\/li>\n<\/ul>\n\n\n\n<p><strong>Traitement des dossiers : ANECA-Conseil universitaire (Minist\u00e8re de l&#039;\u00c9ducation)<\/strong><\/p>\n\n\n\n<ul class=\"wp-block-list\">\n<li><a href=\"https:\/\/drive.google.com\/open?id=1gG04rLvuA6AFU9r6zfeYnVrpFh6dXCK5\" target=\"_blank\" rel=\"noreferrer noopener\">Rapport final de v\u00e9rification favorable (2014)<\/a><\/li>\n\n\n\n<li>R\u00e9solution de v\u00e9rification du Conseil des Universit\u00e9s<\/li>\n<\/ul>\n\n\n\n<p><strong>Traitement des documents :&nbsp;<\/strong><strong>ACCUEE-<\/strong><strong>ACECAU (Communaut\u00e9s Autonomes des \u00celes Canaries)<\/strong><\/p>\n\n\n\n<ul class=\"wp-block-list\">\n<li><a href=\"https:\/\/drive.google.com\/open?id=1Cd66t3NpiPrmTXABZzCWuFGEKcLoz-m5\" target=\"_blank\" rel=\"noreferrer noopener\">Rapport final favorable \u00e0 l&#039;autorisation de mise en \u0153uvre<\/a><\/li>\n<\/ul>\n\n\n\n<p><strong>Publication du programme d&#039;\u00e9tudes (BOC-BOE)<\/strong><\/p>\n\n\n\n<p><a href=\"https:\/\/www.boe.es\/diario_boe\/txt.php?id=BOE-A-2014-10575\" target=\"_blank\" rel=\"noreferrer noopener\">Journal officiel (R\u00e9solution du 2 octobre 2014)<\/a><\/p>\n\n\n\n<p><a href=\"http:\/\/www.gobiernodecanarias.org\/boc\/2014\/114\/003.html\" target=\"_blank\" rel=\"noreferrer noopener\">Publication au Journal Officiel (D\u00e9cret 62\/2014, du 5 juin : autorisation)<\/a><\/p>\n<\/div><\/div><\/div>\n<\/details>\n\n\n\n<details class=\"wp-block-stackable-accordion stk-block-accordion stk-inner-blocks stk-block-content stk-block stk-88a7c9c is-style-default\" id=\"complementos-de-formacion\" data-block-id=\"88a7c9c\"><style>.stk-88a7c9c {margin-bottom:10px !important;}<\/style>\n<summary class=\"wp-block-stackable-column stk-block-column stk-column stk-block stk-27019df stk-block-background stk--container-small stk-block-accordion__heading\" data-v=\"4\" data-block-id=\"27019df\"><style>.stk-27019df {padding-top:2px !important;padding-right:2px !important;padding-bottom:2px !important;padding-left:2px !important;}<\/style><div class=\"stk-column-wrapper stk-block-column__content stk-container stk-27019df-container stk--no-background stk--no-padding\"><div class=\"stk-block-content stk-inner-blocks stk-27019df-inner-blocks\">\n<div class=\"wp-block-stackable-icon-label stk-block-icon-label stk-block stk-9c9ce7e\" data-block-id=\"9c9ce7e\"><div class=\"stk-row stk-inner-blocks stk-block-content\">\n<div class=\"wp-block-stackable-heading stk-block-heading stk-block-heading--v2 stk-block stk-bcb6d4e\" id=\"seguimiento\" data-block-id=\"bcb6d4e\"><style>.stk-bcb6d4e .stk-block-heading__text{color:#666666 !important;font-weight:700 !important;font-family:\"ArgentumSans\", Sans-serif !important;}<\/style><h4 class=\"stk-block-heading__text has-text-color\">Suivi<\/h4><\/div>\n\n\n\n<div class=\"wp-block-stackable-icon stk-block-icon stk-block stk-61c8ad3\" data-block-id=\"61c8ad3\"><span class=\"stk--svg-wrapper\"><div class=\"stk--inner-svg\"><svg style=\"height:0;width:0\"><defs><lineargradient id=\"linear-gradient-61c8ad3\" x1=\"0\" x2=\"100%\" y1=\"0\" y2=\"0\"><stop offset=\"0%\" style=\"stop-opacity:1;stop-color:var(--linear-gradient-61-c-8-ad-3-color-1)\"><\/stop><stop offset=\"100%\" style=\"stop-opacity:1;stop-color:var(--linear-gradient-61-c-8-ad-3-color-2)\"><\/stop><\/lineargradient><\/defs><\/svg><svg data-prefix=\"fas\" data-icon=\"chevron-down\" class=\"svg-inline--fa fa-chevron-down fa-w-14\" xmlns=\"http:\/\/www.w3.org\/2000\/svg\" viewbox=\"0 0 448 512\" aria-hidden=\"true\" width=\"32\" height=\"32\"><path fill=\"currentColor\" d=\"M207.029 381.476L12.686 187.132c-9.373-9.373-9.373-24.569 0-33.941l22.667-22.667c9.357-9.357 24.522-9.375 33.901-.04L224 284.505l154.745-154.021c9.379-9.335 24.544-9.317 33.901.04l22.667 22.667c9.373 9.373 9.373 24.569 0 33.941L240.971 381.476c-9.373 9.372-24.569 9.372-33.942 0z\"><\/path><\/svg><\/div><\/span><\/div>\n<\/div><\/div>\n<\/div><\/div><\/summary>\n\n\n\n<div class=\"wp-block-stackable-column stk-block-column stk-column stk-block stk-76d605c stk-block-accordion__content\" data-v=\"4\" data-block-id=\"76d605c\"><div class=\"stk-column-wrapper stk-block-column__content stk-container stk-76d605c-container stk--no-background stk--no-padding\"><div class=\"stk-block-content stk-inner-blocks stk-76d605c-inner-blocks\">\n<div class=\"wp-block-stackable-text stk-block-text stk-block stk-287324e\" data-block-id=\"287324e\"><p class=\"stk-block-text__text\">Conform\u00e9ment aux directives \u00e9tablies au niveau national (RD 861\/2010), l&#039;Agence des Canaries pour la qualit\u00e9 universitaire et l&#039;\u00e9valuation de l&#039;\u00e9ducation (ACCUEE) \u00e9tablit le protocole de suivi que doivent suivre les dipl\u00f4mes officiels de la communaut\u00e9 autonome des Canaries, qui se concentre principalement sur dans les informations que les universit\u00e9s doivent publier et mettre \u00e0 jour, ainsi que dans l&#039;importance du Syst\u00e8me Interne d&#039;Assurance Qualit\u00e9 (SGIC) et des m\u00e9canismes destin\u00e9s \u00e0 assurer leur suivi et leur accr\u00e9ditation ult\u00e9rieure.<\/p><\/div>\n<\/div><\/div><\/div>\n<\/details>\n\n\n\n<details class=\"wp-block-stackable-accordion stk-block-accordion stk-inner-blocks stk-block-content stk-block stk-6320006 is-style-default\" id=\"complementos-de-formacion\" data-block-id=\"6320006\"><style>.stk-6320006 {margin-bottom:9px !important;}<\/style>\n<summary class=\"wp-block-stackable-column stk-block-column stk-column stk-block stk-ae2ad76 stk-block-background stk--container-small stk-block-accordion__heading\" data-v=\"4\" data-block-id=\"ae2ad76\"><style>.stk-ae2ad76 {padding-top:2px !important;padding-right:2px !important;padding-bottom:2px !important;padding-left:2px !important;}<\/style><div class=\"stk-column-wrapper stk-block-column__content stk-container stk-ae2ad76-container stk--no-background stk--no-padding\"><div class=\"stk-block-content stk-inner-blocks stk-ae2ad76-inner-blocks\">\n<div class=\"wp-block-stackable-icon-label stk-block-icon-label stk-block stk-16db2af\" data-block-id=\"16db2af\"><div class=\"stk-row stk-inner-blocks stk-block-content\">\n<div class=\"wp-block-stackable-heading stk-block-heading stk-block-heading--v2 stk-block stk-a35761a\" id=\"acreditacion\" data-block-id=\"a35761a\"><style>.stk-a35761a .stk-block-heading__text{color:#666666 !important;font-weight:700 !important;font-family:\"ArgentumSans\", Sans-serif !important;}<\/style><h4 class=\"stk-block-heading__text has-text-color\">Accr\u00e9ditation<\/h4><\/div>\n\n\n\n<div class=\"wp-block-stackable-icon stk-block-icon stk-block stk-38bb3f8\" data-block-id=\"38bb3f8\"><span class=\"stk--svg-wrapper\"><div class=\"stk--inner-svg\"><svg style=\"height:0;width:0\"><defs><lineargradient id=\"linear-gradient-38bb3f8\" x1=\"0\" x2=\"100%\" y1=\"0\" y2=\"0\"><stop offset=\"0%\" style=\"stop-opacity:1;stop-color:var(--linear-gradient-38-bb-3-f-8-color-1)\"><\/stop><stop offset=\"100%\" style=\"stop-opacity:1;stop-color:var(--linear-gradient-38-bb-3-f-8-color-2)\"><\/stop><\/lineargradient><\/defs><\/svg><svg data-prefix=\"fas\" data-icon=\"chevron-down\" class=\"svg-inline--fa fa-chevron-down fa-w-14\" xmlns=\"http:\/\/www.w3.org\/2000\/svg\" viewbox=\"0 0 448 512\" aria-hidden=\"true\" width=\"32\" height=\"32\"><path fill=\"currentColor\" d=\"M207.029 381.476L12.686 187.132c-9.373-9.373-9.373-24.569 0-33.941l22.667-22.667c9.357-9.357 24.522-9.375 33.901-.04L224 284.505l154.745-154.021c9.379-9.335 24.544-9.317 33.901.04l22.667 22.667c9.373 9.373 9.373 24.569 0 33.941L240.971 381.476c-9.373 9.372-24.569 9.372-33.942 0z\"><\/path><\/svg><\/div><\/span><\/div>\n<\/div><\/div>\n<\/div><\/div><\/summary>\n\n\n\n<div class=\"wp-block-stackable-column stk-block-column stk-column stk-block stk-81ecc51 stk-block-accordion__content\" data-v=\"4\" data-block-id=\"81ecc51\"><div class=\"stk-column-wrapper stk-block-column__content stk-container stk-81ecc51-container stk--no-background stk--no-padding\"><div class=\"stk-block-content stk-inner-blocks stk-81ecc51-inner-blocks\">\n<div class=\"wp-block-stackable-text stk-block-text stk-block stk-7508b1a\" data-block-id=\"7508b1a\"><p class=\"stk-block-text__text\">Le programme de doctorat en \u00e9ducation fera l&#039;objet du processus de renouvellement de l&#039;accr\u00e9ditation avant la fin de la sixi\u00e8me ann\u00e9e \u00e0 compter de la\u00a0<a href=\"https:\/\/www.educacion.gob.es\/ruct\/estudiouniversidad.action?codigoCiclo=SC&amp;codigoEstudio=5601047&amp;actual=universidad\" target=\"_blank\" rel=\"noreferrer noopener\">date de v\u00e9rification<\/a>\u00a0du titre ou de la date de sa derni\u00e8re accr\u00e9ditation.<\/p><\/div>\n<\/div><\/div><\/div>\n<\/details>\n<\/div><\/div><\/div>\n\n\n\n<div class=\"wp-block-stackable-column stk-block-column stk-column stk-block stk-53ec762 stk-block-background\" data-v=\"4\" data-block-id=\"53ec762\"><style>.stk-53ec762-inner-blocks{row-gap:0px !important;}.stk-53ec762 {background-color:var(--stk-global-color-60833, #5c068c) !important;padding-top:0px !important;padding-right:0px !important;padding-bottom:0px !important;padding-left:0px !important;}.stk-53ec762:before{background-color:var(--stk-global-color-60833, #5c068c) !important;}@media screen and (min-width: 768px){.stk-53ec762 {flex:var(--stk-flex-grow, 1) 1 33.3% !important;}}<\/style><div class=\"stk-column-wrapper stk-block-column__content stk-container stk-53ec762-container stk--no-background stk--no-padding\"><div class=\"stk-block-content stk-inner-blocks stk-53ec762-inner-blocks\">\n<div class=\"wp-block-stackable-heading stk-block-heading stk-block-heading--v2 stk-block stk-23581e5\" id=\"informacion-academica\" data-block-id=\"23581e5\"><style>.stk-23581e5 {padding-top:10px !important;padding-right:10px !important;padding-bottom:10px !important;padding-left:10px !important;margin-bottom:0px !important;}.stk-23581e5 .stk-block-heading__text{font-size:16px !important;color:#ffffff !important;font-weight:800 !important;}@media screen and (max-width: 1023px){.stk-23581e5 .stk-block-heading__text{font-size:16px !important;}}<\/style><h2 class=\"stk-block-heading__text has-text-color\">Informations acad\u00e9miques<\/h2><\/div>\n\n\n\n<div class=\"wp-block-stackable-button-group stk-block-button-group stk-block stk-6109c77\" data-block-id=\"6109c77\"><style>.stk-6109c77 .stk-button-group{flex-wrap:wrap !important;flex-direction:column !important;align-items:stretch !important;--stk-button-group-flex-wrap:auto !important;}.stk-6109c77 .stk-block{flex-basis:auto !important;}.stk-6109c77 .stk-block-button, .stk-6109c77 .stk-block-icon-button{flex:1 0 auto !important;}.stk-6109c77 .stk-button-group .stk-block-button{width:unset !important;}.stk-6109c77 {padding-left:0px !important;margin-bottom:0px !important;}.stk-6109c77 .stk-inner-blocks{column-gap:11px !important;row-gap:0px !important;}<\/style><div class=\"stk-row stk-inner-blocks has-text-align-left stk-block-content stk-button-group\">\n<div class=\"wp-block-stackable-button stk-block-button has-text-align-left stk-block stk-602a897\" data-block-id=\"602a897\"><style>.stk-602a897 {padding-left:5px !important;flex:1 0 var(--stk-button-group-flex-wrap, 0) !important;}.stk-602a897 , .stk-602a897 .stk-button{width:100% !important;}.stk-602a897 .stk-button{background:#dddddd !important;}.stk-602a897 .stk-button .stk--inner-svg svg:last-child{margin-inline-end:100px !important;}.stk-602a897 .stk-button__inner-text{font-size:16px !important;color:#5a5a5a !important;line-height:28px !important;font-weight:700 !important;font-family:\"Montserrat\", Sans-serif !important;}@media screen and (max-width: 1023px){.stk-602a897 .stk-button__inner-text{font-size:16px !important;}}<\/style><a class=\"stk-link stk-button stk--hover-effect-darken\" href=\"https:\/\/www.ull.es\/doctorados\/educacion-extincion\/fr\/admision-becas\/ebau\/\" target=\"_blank\" rel=\"noopener\"><span class=\"has-text-color stk-button__inner-text\">Documentation d&#039;\u00e9valuation du titre<\/span><\/a><\/div>\n\n\n\n<div class=\"wp-block-stackable-button stk-block-button has-text-align-left stk-block stk-c510372\" data-block-id=\"c510372\"><style>.stk-c510372 , .stk-c510372 .stk-button{width:100% !important;}.stk-c510372 {flex:1 0 var(--stk-button-group-flex-wrap, 0) !important;}.stk-c510372 .stk-button{background:var(--stk-global-color-92696, #eeeeee) !important;}.stk-c510372 .stk-button:before{border-style:solid !important;border-color:#ffffff !important;border-top-width:1px !important;border-right-width:0px !important;border-bottom-width:0px !important;border-left-width:0px !important;}.stk-c510372 .stk-button .stk--inner-svg svg:last-child{margin-inline-start:100px !important;}.stk-c510372 .stk-button__inner-text{font-size:16px !important;color:#5a5a5a !important;line-height:28px !important;font-weight:400 !important;font-family:\"Montserrat\", Sans-serif !important;}@media screen and (max-width: 1023px){.stk-c510372 .stk-button__inner-text{font-size:16px !important;}}<\/style><a class=\"stk-link stk-button stk--hover-effect-darken\" href=\"https:\/\/www.ull.es\/doctorados\/educacion-extincion\/fr\/doctorados\/arte-humanidades\/calidad\/indicadores-y-resultados-del-titulo\/\" target=\"_blank\" rel=\"noopener\"><span class=\"has-text-color stk-button__inner-text\">Indicateurs et r\u00e9sultats du titre<\/span><\/a><\/div>\n\n\n\n<div class=\"wp-block-stackable-button stk-block-button has-text-align-left stk-block stk-c2a1bc4\" data-block-id=\"c2a1bc4\"><style>.stk-c2a1bc4 , .stk-c2a1bc4 .stk-button{width:100% !important;}.stk-c2a1bc4 {flex:1 0 var(--stk-button-group-flex-wrap, 0) !important;}.stk-c2a1bc4 .stk-button{background:var(--stk-global-color-92696, #eeeeee) !important;}.stk-c2a1bc4 .stk-button:before{border-style:solid !important;border-color:#ffffff !important;border-top-width:1px !important;border-right-width:0px !important;border-bottom-width:0px !important;border-left-width:0px !important;}.stk-c2a1bc4 .stk-button .stk--inner-svg svg:last-child{margin-inline-start:100px !important;}.stk-c2a1bc4 .stk-button__inner-text{font-size:16px !important;color:#5a5a5a !important;line-height:28px !important;font-weight:400 !important;font-family:\"Montserrat\", Sans-serif !important;}@media screen and (max-width: 1023px){.stk-c2a1bc4 .stk-button__inner-text{font-size:16px !important;}}<\/style><a class=\"stk-link stk-button stk--hover-effect-darken\" href=\"https:\/\/www.ull.es\/doctorados\/educacion-extincion\/fr\/doctorados\/arte-humanidades\/calidad\/reclamaciones-quejas-y-sugerencias\/\" target=\"_blank\" rel=\"noopener\"><span class=\"has-text-color stk-button__inner-text\">R\u00e9clamations, plaintes et suggestions<\/span><\/a><\/div>\n\n\n\n<div class=\"wp-block-stackable-button stk-block-button has-text-align-left stk-block stk-112bc87\" data-block-id=\"112bc87\"><style>.stk-112bc87 , .stk-112bc87 .stk-button{width:100% !important;}.stk-112bc87 {flex:1 0 var(--stk-button-group-flex-wrap, 0) !important;}.stk-112bc87 .stk-button{background:var(--stk-global-color-92696, #eeeeee) !important;}.stk-112bc87 .stk-button:before{border-style:solid !important;border-color:#ffffff !important;border-top-width:1px !important;border-right-width:0px !important;border-bottom-width:0px !important;border-left-width:0px !important;}.stk-112bc87 .stk-button .stk--inner-svg svg:last-child{margin-inline-start:100px !important;}.stk-112bc87 .stk-button__inner-text{font-size:16px !important;color:#5a5a5a !important;line-height:28px !important;font-weight:400 !important;font-family:\"Montserrat\", Sans-serif !important;}@media screen and (max-width: 1023px){.stk-112bc87 .stk-button__inner-text{font-size:16px !important;}}<\/style><a class=\"stk-link stk-button stk--hover-effect-darken\" href=\"https:\/\/www.ull.es\/doctorados\/educacion-extincion\/fr\/doctorados\/arte-humanidades\/calidad\/sistema-de-garantia-interna-de-calidad\/\" target=\"_blank\" rel=\"noopener\"><span class=\"has-text-color stk-button__inner-text\">Syst\u00e8me d&#039;assurance qualit\u00e9 interne<\/span><\/a><\/div>\n<\/div><\/div>\n<\/div><\/div><\/div>\n<\/div><\/div>\n\n\n\n<p><\/p>","protected":false},"excerpt":{"rendered":"<p>Documentation relative \u00e0 l&#039;\u00e9valuation des dipl\u00f4mes. Les dipl\u00f4mes officiels de licence, de master et de doctorat sont soumis \u00e0 un mod\u00e8le d&#039;\u00e9valuation divis\u00e9 en trois phases qui constituent leur cycle de vie (cycle VSMA)\u00a0: ex ante (v\u00e9rification), pendant (suivi et modification) et ex post (renouvellement de l&#039;accr\u00e9ditation). Ce processus d&#039;\u00e9valuation, de r\u00e9vision et d&#039;am\u00e9lioration est mis en \u0153uvre\u2026<\/p>","protected":false},"author":1,"featured_media":0,"parent":84,"menu_order":0,"comment_status":"closed","ping_status":"closed","template":"templates\/template-100-width.php","meta":{"_acf_changed":false,"footnotes":""},"class_list":["post-88","page","type-page","status-publish","hentry"],"acf":[],"publishpress_future_action":{"enabled":false,"date":"2026-04-19 17:31:27","action":"change-status","newStatus":"draft","terms":[],"taxonomy":"","extraData":[]},"publishpress_future_workflow_manual_trigger":{"enabledWorkflows":[]},"_links":{"self":[{"href":"https:\/\/www.ull.es\/doctorados\/educacion-extincion\/fr\/wp-json\/wp\/v2\/pages\/88","targetHints":{"allow":["GET"]}}],"collection":[{"href":"https:\/\/www.ull.es\/doctorados\/educacion-extincion\/fr\/wp-json\/wp\/v2\/pages"}],"about":[{"href":"https:\/\/www.ull.es\/doctorados\/educacion-extincion\/fr\/wp-json\/wp\/v2\/types\/page"}],"author":[{"embeddable":true,"href":"https:\/\/www.ull.es\/doctorados\/educacion-extincion\/fr\/wp-json\/wp\/v2\/users\/1"}],"replies":[{"embeddable":true,"href":"https:\/\/www.ull.es\/doctorados\/educacion-extincion\/fr\/wp-json\/wp\/v2\/comments?post=88"}],"version-history":[{"count":12,"href":"https:\/\/www.ull.es\/doctorados\/educacion-extincion\/fr\/wp-json\/wp\/v2\/pages\/88\/revisions"}],"predecessor-version":[{"id":296,"href":"https:\/\/www.ull.es\/doctorados\/educacion-extincion\/fr\/wp-json\/wp\/v2\/pages\/88\/revisions\/296"}],"up":[{"embeddable":true,"href":"https:\/\/www.ull.es\/doctorados\/educacion-extincion\/fr\/wp-json\/wp\/v2\/pages\/84"}],"wp:attachment":[{"href":"https:\/\/www.ull.es\/doctorados\/educacion-extincion\/fr\/wp-json\/wp\/v2\/media?parent=88"}],"curies":[{"name":"wp","href":"https:\/\/api.w.org\/{rel}","templated":true}]}}