{"id":90,"date":"2018-02-22T14:23:10","date_gmt":"2018-02-22T14:23:10","guid":{"rendered":"http:\/\/www.ull.es\/doctorados\/educacion-extincion\/?page_id=90"},"modified":"2025-05-20T11:47:51","modified_gmt":"2025-05-20T11:47:51","slug":"comision-coordinacion-academica","status":"publish","type":"page","link":"https:\/\/www.ull.es\/doctorados\/educacion-extincion\/fr\/informacion-academica\/comision-coordinacion-academica\/","title":{"rendered":"Commission et coordination acad\u00e9mique"},"content":{"rendered":"<div class=\"wp-block-stackable-columns stk-block-columns stk-block stk-8b59b96\" data-block-id=\"8b59b96\"><style>.stk-8b59b96 .stk--block-align-8b59b96{align-items:flex-start !important;}.stk-8b59b96-column{--stk-columns-spacing:0px !important;--stk-column-gap:50px !important;}<\/style><div class=\"stk-row stk-inner-blocks stk--block-align-8b59b96 stk-block-content stk-content-align stk-8b59b96-column\">\n<div class=\"wp-block-stackable-column stk-block-column stk-column stk-block stk-dbb7e15\" data-v=\"4\" data-block-id=\"dbb7e15\"><style>@media screen and (min-width: 768px){.stk-dbb7e15 {flex:var(--stk-flex-grow, 1) 1 66.7% !important;}}<\/style><div class=\"stk-column-wrapper stk-block-column__content stk-container stk-dbb7e15-container stk--no-background stk--no-padding\"><div class=\"stk-block-content stk-inner-blocks stk-dbb7e15-inner-blocks\">\n<div class=\"wp-block-stackable-heading stk-block-heading stk-block-heading--v2 stk-block stk-cc0239e\" id=\"complementos-de-formacion\" data-block-id=\"cc0239e\"><style>.stk-cc0239e .stk-block-heading__text{font-weight:500 !important;}<\/style><h1 class=\"stk-block-heading__text\">Commission et coordination acad\u00e9mique<\/h1><\/div>\n\n\n\n<style>\n    .shortcode-equipo h2 {\n        margin-bottom: 10px !important;\n    }\n<\/style>\n\n<div class=\"shortcode-equipo\">\n    <h2>\u00c9quipe de direction<\/h2><dl><dt><strong>Directeur acad\u00e9mique<\/strong><\/dt><dd> <a href='https:\/\/www.ull.es\/doctorados\/educacion-extincion\/fr\/directorio\/search\/?busqueda=Antonio Manuel Eff-Darwich Pe\u00f1a' target='_blank'>Antonio Manuel Eff-Darwich Pe\u00f1a<\/a><\/dd><\/dl><h2>Comit\u00e9 acad\u00e9mique<\/h2><dl><dt><strong>Commission Acad\u00e9mique<\/strong><\/dt><dd> <a href='https:\/\/www.ull.es\/doctorados\/educacion-extincion\/fr\/directorio\/search\/?busqueda=Antonio Manuel Eff-Darwich Pe\u00f1a' target='_blank'>Antonio Manuel Eff-Darwich Pe\u00f1a<\/a><\/dd><dd> <a href='https:\/\/www.ull.es\/doctorados\/educacion-extincion\/fr\/directorio\/search\/?busqueda=David P\u00e9rez Jorge' target='_blank'>David Perez Jorge<\/a><\/dd><dd> <a href='https:\/\/www.ull.es\/doctorados\/educacion-extincion\/fr\/directorio\/search\/?busqueda=Teresa Gonz\u00e1lez P\u00e9rez' target='_blank'>Teresa Gonz\u00e1lez P\u00e9rez<\/a><\/dd><dd> <a href='https:\/\/www.ull.es\/doctorados\/educacion-extincion\/fr\/directorio\/search\/?busqueda=Juan Antonio Rodr\u00edguez Hern\u00e1ndez' target='_blank'>Juan Antonio Rodr\u00edguez Hernandez<\/a><\/dd><dd> <a href='https:\/\/www.ull.es\/doctorados\/educacion-extincion\/fr\/directorio\/search\/?busqueda=Ram\u00f3n Casillas Ruiz' target='_blank'>Ram\u00f3n Casillas Ruiz<\/a><\/dd><dd> <a href='https:\/\/www.ull.es\/doctorados\/educacion-extincion\/fr\/directorio\/search\/?busqueda=Desir\u00e9 Gonz\u00e1lez Mart\u00edn' target='_blank'>D\u00e9sir\u00e9e Gonzalez Martin<\/a><\/dd><dd> <a href='https:\/\/www.ull.es\/doctorados\/educacion-extincion\/fr\/directorio\/search\/?busqueda=Adelto Hern\u00e1ndez \u00c1lvarez' target='_blank'>Adelto Hernandez \u00c1lvarez<\/a><\/dd><dd> <a href='https:\/\/www.ull.es\/doctorados\/educacion-extincion\/fr\/directorio\/search\/?busqueda=Antonio Eff-Darwich Pe\u00f1a' target='_blank'>Antonio Eff-Darwich Pe\u00f1a<\/a><\/dd><dd> <a href='https:\/\/www.ull.es\/doctorados\/educacion-extincion\/fr\/directorio\/search\/?busqueda=Leopoldo Cabrera Rodr\u00edguez' target='_blank'>L\u00e9opold Cabrera Rodr\u00edguez<\/a><\/dd><\/dl>\n<\/div>\n\n\n\n\n<div class=\"wp-block-stackable-text stk-block-text stk-block stk-9fc1d43\" data-block-id=\"9fc1d43\"><p class=\"stk-block-text__text\"><strong>Autres commissions<\/strong><\/p><\/div>\n\n\n\n<p><a href=\"https:\/\/www.ull.es\/doctorados\/educacion-extincion\/fr\/centros\/escuela-doctorado-estudios-posgrado\/informacion-general\/consejo-de-direccion\/#comisiones\" target=\"_blank\" rel=\"noopener\">Vous pouvez consulter les commissions li\u00e9es au dipl\u00f4me en acc\u00e9dant \u00e0 la section correspondante du site Web de l&#039;\u00c9cole de doctorat et d&#039;\u00e9tudes sup\u00e9rieures.<\/a><\/p>\n<\/div><\/div><\/div>\n\n\n\n<div class=\"wp-block-stackable-column stk-block-column stk-column stk-block stk-53ec762 stk-block-background\" data-v=\"4\" data-block-id=\"53ec762\"><style>.stk-53ec762-inner-blocks{row-gap:0px !important;}.stk-53ec762 {background-color:var(--stk-global-color-60833, #5c068c) !important;padding-top:0px !important;padding-right:0px !important;padding-bottom:0px !important;padding-left:0px !important;}.stk-53ec762:before{background-color:var(--stk-global-color-60833, #5c068c) !important;}@media screen and (min-width: 768px){.stk-53ec762 {flex:var(--stk-flex-grow, 1) 1 33.3% !important;}}<\/style><div class=\"stk-column-wrapper stk-block-column__content stk-container stk-53ec762-container stk--no-background stk--no-padding\"><div class=\"stk-block-content stk-inner-blocks stk-53ec762-inner-blocks\">\n<div class=\"wp-block-stackable-heading stk-block-heading stk-block-heading--v2 stk-block stk-23581e5\" id=\"informacion-academica\" data-block-id=\"23581e5\"><style>.stk-23581e5 {padding-top:10px !important;padding-right:10px !important;padding-bottom:10px !important;padding-left:10px !important;margin-bottom:0px !important;}.stk-23581e5 .stk-block-heading__text{font-size:16px !important;color:#ffffff !important;font-weight:800 !important;}@media screen and (max-width: 1023px){.stk-23581e5 .stk-block-heading__text{font-size:16px !important;}}<\/style><h2 class=\"stk-block-heading__text has-text-color\">Informations acad\u00e9miques<\/h2><\/div>\n\n\n\n<div class=\"wp-block-stackable-button-group stk-block-button-group stk-block stk-6109c77\" data-block-id=\"6109c77\"><style>.stk-6109c77 .stk-button-group{flex-wrap:wrap !important;flex-direction:column !important;align-items:stretch !important;--stk-button-group-flex-wrap:auto !important;}.stk-6109c77 .stk-block{flex-basis:auto !important;}.stk-6109c77 .stk-block-button, .stk-6109c77 .stk-block-icon-button{flex:1 0 auto !important;}.stk-6109c77 .stk-button-group .stk-block-button{width:unset !important;}.stk-6109c77 {padding-left:0px !important;margin-bottom:0px !important;}.stk-6109c77 .stk-inner-blocks{column-gap:11px !important;row-gap:0px !important;}<\/style><div class=\"stk-row stk-inner-blocks has-text-align-left stk-block-content stk-button-group\">\n<div class=\"wp-block-stackable-button stk-block-button has-text-align-left stk-block stk-c510372\" data-block-id=\"c510372\"><style>.stk-c510372 , .stk-c510372 .stk-button{width:100% !important;}.stk-c510372 {flex:1 0 var(--stk-button-group-flex-wrap, 0) !important;}.stk-c510372 .stk-button{background:var(--stk-global-color-92696, #eeeeee) !important;}.stk-c510372 .stk-button:before{border-style:solid !important;border-color:#ffffff !important;border-top-width:1px !important;border-right-width:0px !important;border-bottom-width:0px !important;border-left-width:0px !important;}.stk-c510372 .stk-button .stk--inner-svg svg:last-child{margin-inline-start:100px !important;}.stk-c510372 .stk-button__inner-text{font-size:16px !important;color:#5a5a5a !important;line-height:28px !important;font-weight:400 !important;font-family:\"Montserrat\", Sans-serif !important;}@media screen and (max-width: 1023px){.stk-c510372 .stk-button__inner-text{font-size:16px !important;}}<\/style><a class=\"stk-link stk-button stk--hover-effect-darken\" href=\"https:\/\/www.ull.es\/doctorados\/educacion-extincion\/fr\/informacion-academica\/acceso-admision\/\" target=\"_blank\" rel=\"noopener\"><span class=\"has-text-color stk-button__inner-text\">Acc\u00e8s et admission<\/span><\/a><\/div>\n\n\n\n<div class=\"wp-block-stackable-button stk-block-button has-text-align-left stk-block stk-602a897\" data-block-id=\"602a897\"><style>.stk-602a897 {padding-left:5px !important;flex:1 0 var(--stk-button-group-flex-wrap, 0) !important;}.stk-602a897 , .stk-602a897 .stk-button{width:100% !important;}.stk-602a897 .stk-button{background:#dddddd !important;}.stk-602a897 .stk-button .stk--inner-svg svg:last-child{margin-inline-end:100px !important;}.stk-602a897 .stk-button__inner-text{font-size:16px !important;color:#5a5a5a !important;line-height:28px !important;font-weight:700 !important;font-family:\"Montserrat\", Sans-serif !important;}@media screen and (max-width: 1023px){.stk-602a897 .stk-button__inner-text{font-size:16px !important;}}<\/style><a class=\"stk-link stk-button stk--hover-effect-darken\" href=\"\" target=\"_blank\" rel=\"noopener\"><span class=\"has-text-color stk-button__inner-text\">Commission et coordination acad\u00e9mique<\/span><\/a><\/div>\n\n\n\n<div class=\"wp-block-stackable-button stk-block-button has-text-align-left stk-block stk-c2a1bc4\" data-block-id=\"c2a1bc4\"><style>.stk-c2a1bc4 , .stk-c2a1bc4 .stk-button{width:100% !important;}.stk-c2a1bc4 {flex:1 0 var(--stk-button-group-flex-wrap, 0) !important;}.stk-c2a1bc4 .stk-button{background:var(--stk-global-color-92696, #eeeeee) !important;}.stk-c2a1bc4 .stk-button:before{border-style:solid !important;border-color:#ffffff !important;border-top-width:1px !important;border-right-width:0px !important;border-bottom-width:0px !important;border-left-width:0px !important;}.stk-c2a1bc4 .stk-button .stk--inner-svg svg:last-child{margin-inline-start:100px !important;}.stk-c2a1bc4 .stk-button__inner-text{font-size:16px !important;color:#5a5a5a !important;line-height:28px !important;font-weight:400 !important;font-family:\"Montserrat\", Sans-serif !important;}@media screen and (max-width: 1023px){.stk-c2a1bc4 .stk-button__inner-text{font-size:16px !important;}}<\/style><a class=\"stk-link stk-button stk--hover-effect-darken\" href=\"https:\/\/www.ull.es\/doctorados\/educacion-extincion\/fr\/informacion-academica\/descripcion-del-titulo\/\" target=\"_blank\" rel=\"noopener\"><span class=\"has-text-color stk-button__inner-text\">Description du titre<\/span><\/a><\/div>\n\n\n\n<div class=\"wp-block-stackable-button stk-block-button has-text-align-left stk-block stk-112bc87\" data-block-id=\"112bc87\"><style>.stk-112bc87 , .stk-112bc87 .stk-button{width:100% !important;}.stk-112bc87 {flex:1 0 var(--stk-button-group-flex-wrap, 0) !important;}.stk-112bc87 .stk-button{background:var(--stk-global-color-92696, #eeeeee) !important;}.stk-112bc87 .stk-button:before{border-style:solid !important;border-color:#ffffff !important;border-top-width:1px !important;border-right-width:0px !important;border-bottom-width:0px !important;border-left-width:0px !important;}.stk-112bc87 .stk-button .stk--inner-svg svg:last-child{margin-inline-start:100px !important;}.stk-112bc87 .stk-button__inner-text{font-size:16px !important;color:#5a5a5a !important;line-height:28px !important;font-weight:400 !important;font-family:\"Montserrat\", Sans-serif !important;}@media screen and (max-width: 1023px){.stk-112bc87 .stk-button__inner-text{font-size:16px !important;}}<\/style><a class=\"stk-link stk-button stk--hover-effect-darken\" href=\"https:\/\/www.ull.es\/doctorados\/educacion-extincion\/fr\/informacion-academica\/movilidad\/\" target=\"_blank\" rel=\"noopener\"><span class=\"has-text-color stk-button__inner-text\">Mobilit\u00e9<\/span><\/a><\/div>\n<\/div><\/div>\n<\/div><\/div><\/div>\n<\/div><\/div>","protected":false},"excerpt":{"rendered":"<p>Commission acad\u00e9mique et coordination Autres commissions Vous pouvez consulter les commissions li\u00e9es au dipl\u00f4me en acc\u00e9dant \u00e0 la section correspondante du site web de l&#039;\u00c9cole doctorale et des \u00e9tudes sup\u00e9rieures. Informations acad\u00e9miques Acc\u00e8s et admission Commission acad\u00e9mique et coordination Description du dipl\u00f4me Mobilit\u00e9<\/p>","protected":false},"author":1,"featured_media":0,"parent":17,"menu_order":0,"comment_status":"closed","ping_status":"closed","template":"templates\/template-100-width.php","meta":{"_acf_changed":false,"footnotes":""},"class_list":["post-90","page","type-page","status-publish","hentry"],"acf":[],"publishpress_future_action":{"enabled":false,"date":"2026-04-19 10:35:15","action":"change-status","newStatus":"draft","terms":[],"taxonomy":"","extraData":[]},"publishpress_future_workflow_manual_trigger":{"enabledWorkflows":[]},"_links":{"self":[{"href":"https:\/\/www.ull.es\/doctorados\/educacion-extincion\/fr\/wp-json\/wp\/v2\/pages\/90","targetHints":{"allow":["GET"]}}],"collection":[{"href":"https:\/\/www.ull.es\/doctorados\/educacion-extincion\/fr\/wp-json\/wp\/v2\/pages"}],"about":[{"href":"https:\/\/www.ull.es\/doctorados\/educacion-extincion\/fr\/wp-json\/wp\/v2\/types\/page"}],"author":[{"embeddable":true,"href":"https:\/\/www.ull.es\/doctorados\/educacion-extincion\/fr\/wp-json\/wp\/v2\/users\/1"}],"replies":[{"embeddable":true,"href":"https:\/\/www.ull.es\/doctorados\/educacion-extincion\/fr\/wp-json\/wp\/v2\/comments?post=90"}],"version-history":[{"count":7,"href":"https:\/\/www.ull.es\/doctorados\/educacion-extincion\/fr\/wp-json\/wp\/v2\/pages\/90\/revisions"}],"predecessor-version":[{"id":278,"href":"https:\/\/www.ull.es\/doctorados\/educacion-extincion\/fr\/wp-json\/wp\/v2\/pages\/90\/revisions\/278"}],"up":[{"embeddable":true,"href":"https:\/\/www.ull.es\/doctorados\/educacion-extincion\/fr\/wp-json\/wp\/v2\/pages\/17"}],"wp:attachment":[{"href":"https:\/\/www.ull.es\/doctorados\/educacion-extincion\/fr\/wp-json\/wp\/v2\/media?parent=90"}],"curies":[{"name":"wp","href":"https:\/\/api.w.org\/{rel}","templated":true}]}}